{"id":25683,"date":"2025-01-24T20:08:46","date_gmt":"2025-01-24T19:08:46","guid":{"rendered":"https:\/\/bacanaskincare.com\/?post_type=product&#038;p=25683"},"modified":"2026-02-25T18:27:12","modified_gmt":"2026-02-25T17:27:12","slug":"serum-vitamin-c-10","status":"publish","type":"product","link":"https:\/\/bacanaskincare.com\/pt-br\/product\/serum-vitamin-c-10\/","title":{"rendered":"S\u00e9rum de Vitamina C 10%"},"content":{"rendered":"<h3 class=\"p1\"><strong>INGREDIENTES PRINCIPAIS E PORQUE FUNCIONAM:<\/strong><\/h3>\n<p><strong>VITAMINA C TETRA (10%):<\/strong> Um ingrediente altamente est\u00e1vel que penetra profundamente na pele, protegendo contra danos causados pelo sol, estimulando o col\u00e1geno e reduzindo linhas finas e manchas com uma a\u00e7\u00e3o suave e eficaz.<\/p>\n<p><strong>EXTRATOS DE GUARAN\u00c1 E GINSENG BRASILEIRO: <\/strong>Adapt\u00f3genos poderosos que renovam a pele, estimulam a energia celular, combatem o envelhecimento e protegem contra o estresse ambiental, incluindo a prote\u00e7\u00e3o da pele contra danos induzidos pelos raios UV, proporcionando luminosidade e vitalidade<\/p>\n<p><strong>\u00d3LEO DE A\u00c7A\u00cd: <\/strong>O poder antioxidante do \u00f3leo de a\u00e7a\u00ed combate eficazmente os radicais livres, ajudando a prevenir o envelhecimento precoce da pele.<\/p>\n<p><strong>ESQUALANO DE OLIVA<\/strong><strong>: <\/strong>Um lip\u00eddio naturalmente presente na pele humana que oferece hidrata\u00e7\u00e3o profunda, refor\u00e7a a barreira cut\u00e2nea, equilibra a produ\u00e7\u00e3o de \u00f3leo e proporciona benef\u00edcios anti-envelhecimento, imitando os pr\u00f3prios mecanismos de hidrata\u00e7\u00e3o do corpo.<\/p>\n<p><strong>FITOSTEROL DE ABISS\u00cdNIA:<\/strong> Lip\u00eddios de origem vegetal que hidratam, protegem e rejuvenescem a pele, oferecendo uma barreira natural contra o envelhecimento e o estresse ambiental.<\/p>\n","protected":false},"excerpt":{"rendered":"<blockquote><p><strong>10% de Vitamina C, Adapt\u00f3genos (Guaran\u00e1 e Ginseng) e Fitoster\u00f3is. Desenvolvido para nutrir, firmar e iluminar intensamente a pele.<\/strong><\/p><\/blockquote>\n<p>[vc_row][vc_column][vc_toggle title=&#8221;O QUE \u00c9?&#8221; style=&#8221;arrow&#8221; custom_font_container=&#8221;tag:h3|text_align:left&#8221; custom_use_theme_fonts=&#8221;yes&#8221;] S\u00e9rum 100% natural com 10% de Vitamina C, enriquecido com fitoster\u00f3is e adapt\u00f3genos bioativos para uma pele luminosa e homog\u00eanea.[\/vc_toggle][vc_toggle title=&#8221;O QUE ELE FAZ?&#8221; style=&#8221;arrow&#8221; custom_font_container=&#8221;tag:h3|text_align:left&#8221; custom_use_theme_fonts=&#8221;yes&#8221;] Nosso s\u00e9rum de vitamina C, enriquecido com guaran\u00e1 e ginseng adaptog\u00eanicos, transforma sua pele. Ele uniformiza o tom, clareia manchas escuras e proporciona um brilho instant\u00e2neo. Esta f\u00f3rmula inovadora aproveita o poder das propriedades energizantes do guaran\u00e1 e dos efeitos revitalizantes do ginseng para proteger contra a luz azul, estimular o col\u00e1geno e suavizar o derme. Enriquecido com \u00f3leo de a\u00e7a\u00ed, esqualano natural e fitoster\u00f3is, este elixir nutre profundamente, resultando em uma tez radiante e revitalizada.    [\/vc_toggle][vc_toggle title=&#8221;PARA QUEM?&#8221; style=&#8221;arrow&#8221; custom_font_container=&#8221;tag:h3|text_align:left&#8221; custom_use_theme_fonts=&#8221;yes&#8221;] Adequado para todos os tipos de pele que buscam alcan\u00e7ar uma tez mais luminosa e uniforme.[\/vc_toggle][vc_toggle title=&#8221;COMO USAR?&#8221; style=&#8221;arrow&#8221; custom_font_container=&#8221;tag:h3|text_align:left&#8221; custom_use_theme_fonts=&#8221;yes&#8221;] Aplique de 3 a 4 gotas sobre a pele limpa pela manh\u00e3 e\/ou \u00e0 noite, ap\u00f3s o hidratante. A consist\u00eancia leve \u00e9 rapidamente absorvida pela pele. Se estiver usando o S\u00e9rum de Bakuchiol ou de Maracuj\u00e1, aplique a Vitamina C pela manh\u00e3 e o s\u00e9rum de Bakuchiol ou Maracuj\u00e1 \u00e0 noite para uniformizar o tom da pele, reduzir manchas escuras e maximizar os benef\u00edcios anti-envelhecimento.   [\/vc_toggle][vc_toggle title=&#8221;QUAL \u00c9 A SUA TEXTURA E FRAGR\u00c2NCIA?&#8221; style=&#8221;arrow&#8221; custom_font_container=&#8221;tag:h3|text_align:left&#8221; custom_use_theme_fonts=&#8221;yes&#8221;]O S\u00e9rum de Vitamina C \u00e9 um \u00f3leo que \u00e9 rapidamente absorvido pela pele e possui uma fragr\u00e2ncia leve e natural de c\u00edtricos.[\/vc_toggle][vc_toggle title=&#8221;NOTA DA FUNDADORA: SOBRE A FORMULA\u00c7\u00c3O&#8221; style=&#8221;arrow&#8221; custom_font_container=&#8221;tag:h3|text_align:left&#8221; custom_use_theme_fonts=&#8221;yes&#8221;]<\/p>\n<blockquote><p><img loading=\"lazy\" decoding=\"async\" class=\"wp-image-25867 alignleft\" src=\"https:\/\/bacanaskincare.com\/wp-content\/uploads\/2025\/01\/Lab-Fernanda-600x600.jpg\" alt=\"\" width=\"149\" height=\"149\" srcset=\"https:\/\/bacanaskincare.com\/wp-content\/uploads\/2025\/01\/Lab-Fernanda-600x600.jpg 600w, https:\/\/bacanaskincare.com\/wp-content\/uploads\/2025\/01\/Lab-Fernanda-300x300.jpg 300w, https:\/\/bacanaskincare.com\/wp-content\/uploads\/2025\/01\/Lab-Fernanda-768x768.jpg 768w, https:\/\/bacanaskincare.com\/wp-content\/uploads\/2025\/01\/Lab-Fernanda-120x120.jpg 120w, https:\/\/bacanaskincare.com\/wp-content\/uploads\/2025\/01\/Lab-Fernanda-100x100.jpg 100w, https:\/\/bacanaskincare.com\/wp-content\/uploads\/2025\/01\/Lab-Fernanda.jpg 1000w\" sizes=\"auto, (max-width: 149px) 100vw, 149px\" \/>Quando pensei no pr\u00f3ximo produto, a vitamina C foi instantaneamente minha escolha por ser incrivelmente eficaz e super multifuncional. Desenvolvi a f\u00f3rmula com Tetraisopalmitato de Ascorbila, uma das formas mais est\u00e1veis de vitamina C no mercado. Para potencializar seus efeitos, adicionei \u00f3leo de a\u00e7a\u00ed, um poderoso antioxidante que se combina e amplifica os benef\u00edcios da vitamina C. Adapt\u00f3genos e fitoster\u00f3is foram cuidadosamente selecionados para refor\u00e7ar a barreira d\u00e9rmica, aumentar a resili\u00eancia contra fatores de estresse ambiental e promover a restaura\u00e7\u00e3o do equil\u00edbrio natural do rosto. Nosso s\u00e9rum \u00e9 uma verdadeira defesa para sua pele, transformando e protegendo em uma \u00fanica aplica\u00e7\u00e3o. O resultado? Um s\u00e9rum leve com um delicado e natural aroma c\u00edtrico de baunilha que deixa a pele radiante e protegida contra agressores externos e danos ambientais.     <\/p>\n<p>Experimente e sinta a diferen\u00e7a.<\/p>\n<p>Com amor, Fernanda Leitao[\/vc_toggle][\/vc_column][\/vc_row]<\/p><\/blockquote>\n<p>&nbsp;<\/p>\n<p>Tamanho: 30ml<\/p>\n","protected":false},"featured_media":26062,"comment_status":"open","ping_status":"closed","template":"","meta":{"ocean_post_layout":"","ocean_both_sidebars_style":"","ocean_both_sidebars_content_width":0,"ocean_both_sidebars_sidebars_width":0,"ocean_sidebar":"0","ocean_second_sidebar":"0","ocean_disable_margins":"enable","ocean_add_body_class":"","ocean_shortcode_before_top_bar":"","ocean_shortcode_after_top_bar":"","ocean_shortcode_before_header":"","ocean_shortcode_after_header":"","ocean_has_shortcode":"","ocean_shortcode_after_title":"","ocean_shortcode_before_footer_widgets":"","ocean_shortcode_after_footer_widgets":"","ocean_shortcode_before_footer_bottom":"","ocean_shortcode_after_footer_bottom":"","ocean_display_top_bar":"default","ocean_display_header":"default","ocean_header_style":"","ocean_center_header_left_menu":"0","ocean_custom_header_template":"0","ocean_custom_logo":0,"ocean_custom_retina_logo":0,"ocean_custom_logo_max_width":0,"ocean_custom_logo_tablet_max_width":0,"ocean_custom_logo_mobile_max_width":0,"ocean_custom_logo_max_height":0,"ocean_custom_logo_tablet_max_height":0,"ocean_custom_logo_mobile_max_height":0,"ocean_header_custom_menu":"0","ocean_menu_typo_font_family":"0","ocean_menu_typo_font_subset":"","ocean_menu_typo_font_size":0,"ocean_menu_typo_font_size_tablet":0,"ocean_menu_typo_font_size_mobile":0,"ocean_menu_typo_font_size_unit":"px","ocean_menu_typo_font_weight":"","ocean_menu_typo_font_weight_tablet":"","ocean_menu_typo_font_weight_mobile":"","ocean_menu_typo_transform":"","ocean_menu_typo_transform_tablet":"","ocean_menu_typo_transform_mobile":"","ocean_menu_typo_line_height":0,"ocean_menu_typo_line_height_tablet":0,"ocean_menu_typo_line_height_mobile":0,"ocean_menu_typo_line_height_unit":"","ocean_menu_typo_spacing":0,"ocean_menu_typo_spacing_tablet":0,"ocean_menu_typo_spacing_mobile":0,"ocean_menu_typo_spacing_unit":"","ocean_menu_link_color":"","ocean_menu_link_color_hover":"","ocean_menu_link_color_active":"","ocean_menu_link_background":"","ocean_menu_link_hover_background":"","ocean_menu_link_active_background":"","ocean_menu_social_links_bg":"","ocean_menu_social_hover_links_bg":"","ocean_menu_social_links_color":"","ocean_menu_social_hover_links_color":"","ocean_disable_title":"default","ocean_disable_heading":"default","ocean_post_title":"","ocean_post_subheading":"","ocean_post_title_style":"","ocean_post_title_background_color":"","ocean_post_title_background":0,"ocean_post_title_bg_image_position":"","ocean_post_title_bg_image_attachment":"","ocean_post_title_bg_image_repeat":"","ocean_post_title_bg_image_size":"","ocean_post_title_height":0,"ocean_post_title_bg_overlay":0.5,"ocean_post_title_bg_overlay_color":"","ocean_disable_breadcrumbs":"default","ocean_breadcrumbs_color":"","ocean_breadcrumbs_separator_color":"","ocean_breadcrumbs_links_color":"","ocean_breadcrumbs_links_hover_color":"","ocean_display_footer_widgets":"default","ocean_display_footer_bottom":"default","ocean_custom_footer_template":"0","iawp_total_views":237},"product_brand":[],"product_cat":[401],"product_tag":[],"class_list":{"0":"post-25683","1":"product","2":"type-product","3":"status-publish","4":"has-post-thumbnail","6":"product_cat-skin-care-pt-br","8":"entry","9":"has-media","11":"first","12":"instock","13":"shipping-taxable","14":"purchasable","15":"product-type-simple","16":"has-rating","17":"has-product-nav","18":"col","19":"span_1_of_3","20":"owp-content-center","21":"item-entry","22":"owp-thumbs-layout-horizontal","23":"owp-btn-normal","24":"owp-tabs-layout-horizontal","26":"circle-sale"},"yoast_head":"<!-- This site is optimized with the Yoast SEO plugin v27.3 - https:\/\/yoast.com\/product\/yoast-seo-wordpress\/ -->\n<title>S\u00e9rum de Vitamina C 10% | Bacana Skincare | Vitamin C<\/title>\n<meta name=\"description\" content=\"Nosso s\u00e9rum de vitamina C ajuda a uniformizar o tom da pele, reduz manchas escuras e fornece uma poderosa prote\u00e7\u00e3o contra os raios UV e a luz azul.\" \/>\n<meta name=\"robots\" content=\"index, follow, max-snippet:-1, max-image-preview:large, max-video-preview:-1\" \/>\n<link rel=\"canonical\" href=\"https:\/\/bacanaskincare.com\/pt-br\/product\/serum-vitamin-c-10\/\" \/>\n<meta property=\"og:locale\" content=\"pt_BR\" \/>\n<meta property=\"og:type\" content=\"article\" \/>\n<meta property=\"og:title\" content=\"S\u00e9rum de Vitamina C 10% | Bacana Skincare | Vitamin C\" \/>\n<meta property=\"og:description\" content=\"Nosso s\u00e9rum de vitamina C ajuda a uniformizar o tom da pele, reduz manchas escuras e fornece uma poderosa prote\u00e7\u00e3o contra os raios UV e a luz azul.\" \/>\n<meta property=\"og:url\" content=\"https:\/\/bacanaskincare.com\/pt-br\/product\/serum-vitamin-c-10\/\" \/>\n<meta property=\"og:site_name\" content=\"Bacana Skincare\" \/>\n<meta property=\"article:publisher\" content=\"https:\/\/www.facebook.com\/bacanaskincare-106988470647315\/\" \/>\n<meta property=\"article:modified_time\" content=\"2026-02-25T17:27:12+00:00\" \/>\n<meta property=\"og:image\" content=\"https:\/\/bacanaskincare.com\/wp-content\/uploads\/2025\/01\/Vitamine-C-2.jpg\" \/>\n\t<meta property=\"og:image:width\" content=\"1050\" \/>\n\t<meta property=\"og:image:height\" content=\"1050\" \/>\n\t<meta property=\"og:image:type\" content=\"image\/jpeg\" \/>\n<meta name=\"twitter:card\" content=\"summary_large_image\" \/>\n<meta name=\"twitter:label1\" content=\"Est. tempo de leitura\" \/>\n\t<meta name=\"twitter:data1\" content=\"1 minuto\" \/>\n<script type=\"application\/ld+json\" class=\"yoast-schema-graph\">{\"@context\":\"https:\\\/\\\/schema.org\",\"@graph\":[{\"@type\":[\"WebPage\",\"ItemPage\"],\"@id\":\"https:\\\/\\\/bacanaskincare.com\\\/pt-br\\\/product\\\/serum-vitamin-c-10\\\/\",\"url\":\"https:\\\/\\\/bacanaskincare.com\\\/pt-br\\\/product\\\/serum-vitamin-c-10\\\/\",\"name\":\"S\u00e9rum de Vitamina C 10% | Bacana Skincare | Vitamin C\",\"isPartOf\":{\"@id\":\"https:\\\/\\\/bacanaskincare.com\\\/pt-br\\\/#website\"},\"primaryImageOfPage\":{\"@id\":\"https:\\\/\\\/bacanaskincare.com\\\/pt-br\\\/product\\\/serum-vitamin-c-10\\\/#primaryimage\"},\"image\":{\"@id\":\"https:\\\/\\\/bacanaskincare.com\\\/pt-br\\\/product\\\/serum-vitamin-c-10\\\/#primaryimage\"},\"thumbnailUrl\":\"https:\\\/\\\/bacanaskincare.com\\\/wp-content\\\/uploads\\\/2025\\\/01\\\/Vitamine-C-2.jpg\",\"datePublished\":\"2025-01-24T19:08:46+00:00\",\"dateModified\":\"2026-02-25T17:27:12+00:00\",\"description\":\"Nosso s\u00e9rum de vitamina C ajuda a uniformizar o tom da pele, reduz manchas escuras e fornece uma poderosa prote\u00e7\u00e3o contra os raios UV e a luz azul.\",\"breadcrumb\":{\"@id\":\"https:\\\/\\\/bacanaskincare.com\\\/pt-br\\\/product\\\/serum-vitamin-c-10\\\/#breadcrumb\"},\"inLanguage\":\"pt-BR\",\"potentialAction\":[{\"@type\":\"ReadAction\",\"target\":[\"https:\\\/\\\/bacanaskincare.com\\\/pt-br\\\/product\\\/serum-vitamin-c-10\\\/\"]}]},{\"@type\":\"ImageObject\",\"inLanguage\":\"pt-BR\",\"@id\":\"https:\\\/\\\/bacanaskincare.com\\\/pt-br\\\/product\\\/serum-vitamin-c-10\\\/#primaryimage\",\"url\":\"https:\\\/\\\/bacanaskincare.com\\\/wp-content\\\/uploads\\\/2025\\\/01\\\/Vitamine-C-2.jpg\",\"contentUrl\":\"https:\\\/\\\/bacanaskincare.com\\\/wp-content\\\/uploads\\\/2025\\\/01\\\/Vitamine-C-2.jpg\",\"width\":1050,\"height\":1050},{\"@type\":\"BreadcrumbList\",\"@id\":\"https:\\\/\\\/bacanaskincare.com\\\/pt-br\\\/product\\\/serum-vitamin-c-10\\\/#breadcrumb\",\"itemListElement\":[{\"@type\":\"ListItem\",\"position\":1,\"name\":\"Shop\",\"item\":\"https:\\\/\\\/bacanaskincare.com\\\/pt-br\\\/shop\\\/\"},{\"@type\":\"ListItem\",\"position\":2,\"name\":\"Skin care\",\"item\":\"https:\\\/\\\/bacanaskincare.com\\\/pt-br\\\/categoria-produto\\\/skin-care-pt-br\\\/\"},{\"@type\":\"ListItem\",\"position\":3,\"name\":\"S\u00e9rum de Vitamina C 10%\"}]},{\"@type\":\"WebSite\",\"@id\":\"https:\\\/\\\/bacanaskincare.com\\\/pt-br\\\/#website\",\"url\":\"https:\\\/\\\/bacanaskincare.com\\\/pt-br\\\/\",\"name\":\"Bacana Skincare\",\"description\":\"Natural skincare powered by tropical superfruits\",\"publisher\":{\"@id\":\"https:\\\/\\\/bacanaskincare.com\\\/pt-br\\\/#organization\"},\"potentialAction\":[{\"@type\":\"SearchAction\",\"target\":{\"@type\":\"EntryPoint\",\"urlTemplate\":\"https:\\\/\\\/bacanaskincare.com\\\/pt-br\\\/?s={search_term_string}\"},\"query-input\":{\"@type\":\"PropertyValueSpecification\",\"valueRequired\":true,\"valueName\":\"search_term_string\"}}],\"inLanguage\":\"pt-BR\"},{\"@type\":\"Organization\",\"@id\":\"https:\\\/\\\/bacanaskincare.com\\\/pt-br\\\/#organization\",\"name\":\"Bacana Skincare\",\"url\":\"https:\\\/\\\/bacanaskincare.com\\\/pt-br\\\/\",\"logo\":{\"@type\":\"ImageObject\",\"inLanguage\":\"pt-BR\",\"@id\":\"https:\\\/\\\/bacanaskincare.com\\\/pt-br\\\/#\\\/schema\\\/logo\\\/image\\\/\",\"url\":\"https:\\\/\\\/bacanaskincare.com\\\/wp-content\\\/uploads\\\/2019\\\/09\\\/u.png\",\"contentUrl\":\"https:\\\/\\\/bacanaskincare.com\\\/wp-content\\\/uploads\\\/2019\\\/09\\\/u.png\",\"width\":834,\"height\":226,\"caption\":\"Bacana Skincare\"},\"image\":{\"@id\":\"https:\\\/\\\/bacanaskincare.com\\\/pt-br\\\/#\\\/schema\\\/logo\\\/image\\\/\"},\"sameAs\":[\"https:\\\/\\\/www.facebook.com\\\/bacanaskincare-106988470647315\\\/\",\"https:\\\/\\\/www.instagram.com\\\/bacanaskincare\\\/?hl=en\",\"https:\\\/\\\/br.pinterest.com\\\/d0fd9db15f94c64465fab43d03b69a\\\/\"]}]}<\/script>\n<!-- \/ Yoast SEO plugin. -->","yoast_head_json":{"title":"S\u00e9rum de Vitamina C 10% | Bacana Skincare | Vitamin C","description":"Nosso s\u00e9rum de vitamina C ajuda a uniformizar o tom da pele, reduz manchas escuras e fornece uma poderosa prote\u00e7\u00e3o contra os raios UV e a luz azul.","robots":{"index":"index","follow":"follow","max-snippet":"max-snippet:-1","max-image-preview":"max-image-preview:large","max-video-preview":"max-video-preview:-1"},"canonical":"https:\/\/bacanaskincare.com\/pt-br\/product\/serum-vitamin-c-10\/","og_locale":"pt_BR","og_type":"article","og_title":"S\u00e9rum de Vitamina C 10% | Bacana Skincare | Vitamin C","og_description":"Nosso s\u00e9rum de vitamina C ajuda a uniformizar o tom da pele, reduz manchas escuras e fornece uma poderosa prote\u00e7\u00e3o contra os raios UV e a luz azul.","og_url":"https:\/\/bacanaskincare.com\/pt-br\/product\/serum-vitamin-c-10\/","og_site_name":"Bacana Skincare","article_publisher":"https:\/\/www.facebook.com\/bacanaskincare-106988470647315\/","article_modified_time":"2026-02-25T17:27:12+00:00","og_image":[{"width":1050,"height":1050,"url":"https:\/\/bacanaskincare.com\/wp-content\/uploads\/2025\/01\/Vitamine-C-2.jpg","type":"image\/jpeg"}],"twitter_card":"summary_large_image","twitter_misc":{"Est. tempo de leitura":"1 minuto"},"schema":{"@context":"https:\/\/schema.org","@graph":[{"@type":["WebPage","ItemPage"],"@id":"https:\/\/bacanaskincare.com\/pt-br\/product\/serum-vitamin-c-10\/","url":"https:\/\/bacanaskincare.com\/pt-br\/product\/serum-vitamin-c-10\/","name":"S\u00e9rum de Vitamina C 10% | Bacana Skincare | Vitamin C","isPartOf":{"@id":"https:\/\/bacanaskincare.com\/pt-br\/#website"},"primaryImageOfPage":{"@id":"https:\/\/bacanaskincare.com\/pt-br\/product\/serum-vitamin-c-10\/#primaryimage"},"image":{"@id":"https:\/\/bacanaskincare.com\/pt-br\/product\/serum-vitamin-c-10\/#primaryimage"},"thumbnailUrl":"https:\/\/bacanaskincare.com\/wp-content\/uploads\/2025\/01\/Vitamine-C-2.jpg","datePublished":"2025-01-24T19:08:46+00:00","dateModified":"2026-02-25T17:27:12+00:00","description":"Nosso s\u00e9rum de vitamina C ajuda a uniformizar o tom da pele, reduz manchas escuras e fornece uma poderosa prote\u00e7\u00e3o contra os raios UV e a luz azul.","breadcrumb":{"@id":"https:\/\/bacanaskincare.com\/pt-br\/product\/serum-vitamin-c-10\/#breadcrumb"},"inLanguage":"pt-BR","potentialAction":[{"@type":"ReadAction","target":["https:\/\/bacanaskincare.com\/pt-br\/product\/serum-vitamin-c-10\/"]}]},{"@type":"ImageObject","inLanguage":"pt-BR","@id":"https:\/\/bacanaskincare.com\/pt-br\/product\/serum-vitamin-c-10\/#primaryimage","url":"https:\/\/bacanaskincare.com\/wp-content\/uploads\/2025\/01\/Vitamine-C-2.jpg","contentUrl":"https:\/\/bacanaskincare.com\/wp-content\/uploads\/2025\/01\/Vitamine-C-2.jpg","width":1050,"height":1050},{"@type":"BreadcrumbList","@id":"https:\/\/bacanaskincare.com\/pt-br\/product\/serum-vitamin-c-10\/#breadcrumb","itemListElement":[{"@type":"ListItem","position":1,"name":"Shop","item":"https:\/\/bacanaskincare.com\/pt-br\/shop\/"},{"@type":"ListItem","position":2,"name":"Skin care","item":"https:\/\/bacanaskincare.com\/pt-br\/categoria-produto\/skin-care-pt-br\/"},{"@type":"ListItem","position":3,"name":"S\u00e9rum de Vitamina C 10%"}]},{"@type":"WebSite","@id":"https:\/\/bacanaskincare.com\/pt-br\/#website","url":"https:\/\/bacanaskincare.com\/pt-br\/","name":"Bacana Skincare","description":"Natural skincare powered by tropical superfruits","publisher":{"@id":"https:\/\/bacanaskincare.com\/pt-br\/#organization"},"potentialAction":[{"@type":"SearchAction","target":{"@type":"EntryPoint","urlTemplate":"https:\/\/bacanaskincare.com\/pt-br\/?s={search_term_string}"},"query-input":{"@type":"PropertyValueSpecification","valueRequired":true,"valueName":"search_term_string"}}],"inLanguage":"pt-BR"},{"@type":"Organization","@id":"https:\/\/bacanaskincare.com\/pt-br\/#organization","name":"Bacana Skincare","url":"https:\/\/bacanaskincare.com\/pt-br\/","logo":{"@type":"ImageObject","inLanguage":"pt-BR","@id":"https:\/\/bacanaskincare.com\/pt-br\/#\/schema\/logo\/image\/","url":"https:\/\/bacanaskincare.com\/wp-content\/uploads\/2019\/09\/u.png","contentUrl":"https:\/\/bacanaskincare.com\/wp-content\/uploads\/2019\/09\/u.png","width":834,"height":226,"caption":"Bacana Skincare"},"image":{"@id":"https:\/\/bacanaskincare.com\/pt-br\/#\/schema\/logo\/image\/"},"sameAs":["https:\/\/www.facebook.com\/bacanaskincare-106988470647315\/","https:\/\/www.instagram.com\/bacanaskincare\/?hl=en","https:\/\/br.pinterest.com\/d0fd9db15f94c64465fab43d03b69a\/"]}]}},"_links":{"self":[{"href":"https:\/\/bacanaskincare.com\/pt-br\/wp-json\/wp\/v2\/product\/25683","targetHints":{"allow":["GET"]}}],"collection":[{"href":"https:\/\/bacanaskincare.com\/pt-br\/wp-json\/wp\/v2\/product"}],"about":[{"href":"https:\/\/bacanaskincare.com\/pt-br\/wp-json\/wp\/v2\/types\/product"}],"replies":[{"embeddable":true,"href":"https:\/\/bacanaskincare.com\/pt-br\/wp-json\/wp\/v2\/comments?post=25683"}],"wp:featuredmedia":[{"embeddable":true,"href":"https:\/\/bacanaskincare.com\/pt-br\/wp-json\/wp\/v2\/media\/26062"}],"wp:attachment":[{"href":"https:\/\/bacanaskincare.com\/pt-br\/wp-json\/wp\/v2\/media?parent=25683"}],"wp:term":[{"taxonomy":"product_brand","embeddable":true,"href":"https:\/\/bacanaskincare.com\/pt-br\/wp-json\/wp\/v2\/product_brand?post=25683"},{"taxonomy":"product_cat","embeddable":true,"href":"https:\/\/bacanaskincare.com\/pt-br\/wp-json\/wp\/v2\/product_cat?post=25683"},{"taxonomy":"product_tag","embeddable":true,"href":"https:\/\/bacanaskincare.com\/pt-br\/wp-json\/wp\/v2\/product_tag?post=25683"}],"curies":[{"name":"wp","href":"https:\/\/api.w.org\/{rel}","templated":true}]}}