{"id":22602,"date":"2023-05-17T20:13:52","date_gmt":"2023-05-17T18:13:52","guid":{"rendered":"https:\/\/bacanaskincare.com\/shop\/sem%20categoria\/natural-glow-routine-skincare\/"},"modified":"2025-12-02T00:11:49","modified_gmt":"2025-12-01T23:11:49","slug":"natural-glow-routine-skincare","status":"publish","type":"product","link":"https:\/\/bacanaskincare.com\/pt-br\/product\/natural-glow-routine-skincare\/","title":{"rendered":"Kit Glow"},"content":{"rendered":"<p>Cont\u00e9m:<\/p>\n<p>1x <a href=\"https:\/\/bacanaskincare.com\/product\/bakuchiol-oil-serum\/\">S\u00e9rum de Bakuchiol (Bio-Retinol): <\/a>Uma f\u00f3rmula inovadora com Bakuchiol, enriquecida com um coquetel de ingredientes antioxidantes poderosos. Esta f\u00f3rmula exclusiva n\u00e3o s\u00f3 ajuda na regenera\u00e7\u00e3o celular, como tamb\u00e9m estimula a produ\u00e7\u00e3o de colag\u00e9nio e reduz as manchas.<\/p>\n<p>1x <a href=\"https:\/\/bacanaskincare.com\/product\/cleansing-cream-face-wash\/\">Sabonete Facial Suave :<\/a> Remove impurezas da superf\u00edcie e maquiagem leve, deixando a pele macia e suave.<\/p>\n<p>1x<a href=\"https:\/\/bacanaskincare.com\/product\/serenity-vitamin-mist-toner\/\"> Bruma T\u00f4nico:<\/a> Um t\u00f4nico em bruma com pH equilibrado para uma pele radiante e saud\u00e1vel. Revitaliza e acalma a pele, al\u00e9m de fechar instantaneamente os poros e hidratar a pele.<\/p>\n<p><span style=\"color: #155212;\">1x <a href=\"https:\/\/bacanaskincare.com\/product\/multi-action-face-cream\/\">Creme Hidratante Facial (Blooming Nature Face Cream):<\/a><\/span> Um hidratante facial di\u00e1rio que ajuda a reduzir manchas escuras e melhora a elasticidade da pele.<\/p>\n<p>&nbsp;<\/p>\n<p>Se quiser ler mais sobre eles, por favor clique acima em cada produto.<\/p>\n<p>&nbsp;<\/p>\n","protected":false},"excerpt":{"rendered":"<blockquote>\n<h3>Escolhemos os cosm\u00e9ticos essenciais para uma rotina de skincare minimalista e eficaz.<\/h3>\n<\/blockquote>\n<p>&nbsp;<\/p>\n<p><strong>O QUE TEM DENTRO?<\/strong><\/p>\n<ul>\n<li>1x Sabonete Facial Suave\u2013 150 ml<\/li>\n<li>1x Bruma T\u00f4nico \u2013 100 ml<\/li>\n<li>1x Creme Hidratante Facial- 50ml<\/li>\n<li>1x Serum Bakuchiol \u2013 30ml<\/li>\n<\/ul>\n<p>&nbsp;<\/p>\n<p><strong>COMO US\u00c1-LOS?<\/strong><br \/>\n1. Sabonete Facial Suave: Massageie suavemente sobre a pele \u00famida e depois enx\u00e1gue. Utilizar de manh\u00e3 e \u00e0 noite.<\/p>\n<p>2. Bruma T\u00f4nico: Primeiro, agite rapidamente o frasco e borrife no rosto e pesco\u00e7o ap\u00f3s limpar o rosto. Utilizar de manh\u00e3 e \u00e0 noite.<\/p>\n<p>3. Creme Hidratante Facial: Aplique uma pequena quantidade do creme facial de m\u00faltiplas a\u00e7\u00f5es e massageie suavemente o creme na pele. Utilizar de manh\u00e3 e \u00e0 noite.<\/p>\n<p>4. S\u00e9rum Bakuchiol: Aplique de 2 a 4 gotas no rosto duas vezes ao dia.<\/p>\n<p>Este set oferece a op\u00e7\u00e3o de S\u00e9rum de Bakuchiol com ou sem fragr\u00e2ncia. Nosso S\u00e9rum de Bakuchiol sem fragr\u00e2ncia n\u00e3o cont\u00e9m \u00f3leos essenciais adicionados; em vez disso, o s\u00e9rum tem um aroma natural derivado de seus ingredientes. <\/p>\n","protected":false},"featured_media":26139,"comment_status":"open","ping_status":"closed","template":"","meta":{"ocean_post_layout":"","ocean_both_sidebars_style":"","ocean_both_sidebars_content_width":0,"ocean_both_sidebars_sidebars_width":0,"ocean_sidebar":"0","ocean_second_sidebar":"0","ocean_disable_margins":"enable","ocean_add_body_class":"","ocean_shortcode_before_top_bar":"","ocean_shortcode_after_top_bar":"","ocean_shortcode_before_header":"","ocean_shortcode_after_header":"","ocean_has_shortcode":"","ocean_shortcode_after_title":"","ocean_shortcode_before_footer_widgets":"","ocean_shortcode_after_footer_widgets":"","ocean_shortcode_before_footer_bottom":"","ocean_shortcode_after_footer_bottom":"","ocean_display_top_bar":"default","ocean_display_header":"default","ocean_header_style":"","ocean_center_header_left_menu":"0","ocean_custom_header_template":"0","ocean_custom_logo":0,"ocean_custom_retina_logo":0,"ocean_custom_logo_max_width":0,"ocean_custom_logo_tablet_max_width":0,"ocean_custom_logo_mobile_max_width":0,"ocean_custom_logo_max_height":0,"ocean_custom_logo_tablet_max_height":0,"ocean_custom_logo_mobile_max_height":0,"ocean_header_custom_menu":"0","ocean_menu_typo_font_family":"0","ocean_menu_typo_font_subset":"","ocean_menu_typo_font_size":0,"ocean_menu_typo_font_size_tablet":0,"ocean_menu_typo_font_size_mobile":0,"ocean_menu_typo_font_size_unit":"px","ocean_menu_typo_font_weight":"","ocean_menu_typo_font_weight_tablet":"","ocean_menu_typo_font_weight_mobile":"","ocean_menu_typo_transform":"","ocean_menu_typo_transform_tablet":"","ocean_menu_typo_transform_mobile":"","ocean_menu_typo_line_height":0,"ocean_menu_typo_line_height_tablet":0,"ocean_menu_typo_line_height_mobile":0,"ocean_menu_typo_line_height_unit":"","ocean_menu_typo_spacing":0,"ocean_menu_typo_spacing_tablet":0,"ocean_menu_typo_spacing_mobile":0,"ocean_menu_typo_spacing_unit":"","ocean_menu_link_color":"","ocean_menu_link_color_hover":"","ocean_menu_link_color_active":"","ocean_menu_link_background":"","ocean_menu_link_hover_background":"","ocean_menu_link_active_background":"","ocean_menu_social_links_bg":"","ocean_menu_social_hover_links_bg":"","ocean_menu_social_links_color":"","ocean_menu_social_hover_links_color":"","ocean_disable_title":"default","ocean_disable_heading":"default","ocean_post_title":"","ocean_post_subheading":"","ocean_post_title_style":"","ocean_post_title_background_color":"","ocean_post_title_background":0,"ocean_post_title_bg_image_position":"","ocean_post_title_bg_image_attachment":"","ocean_post_title_bg_image_repeat":"","ocean_post_title_bg_image_size":"","ocean_post_title_height":0,"ocean_post_title_bg_overlay":0.5,"ocean_post_title_bg_overlay_color":"","ocean_disable_breadcrumbs":"default","ocean_breadcrumbs_color":"","ocean_breadcrumbs_separator_color":"","ocean_breadcrumbs_links_color":"","ocean_breadcrumbs_links_hover_color":"","ocean_display_footer_widgets":"default","ocean_display_footer_bottom":"default","ocean_custom_footer_template":"0","iawp_total_views":76},"product_brand":[],"product_cat":[401],"product_tag":[],"class_list":{"0":"post-22602","1":"product","2":"type-product","3":"status-publish","4":"has-post-thumbnail","6":"product_cat-skin-care-pt-br","8":"entry","9":"has-media","11":"first","12":"instock","13":"shipping-taxable","14":"purchasable","15":"product-type-variable","16":"has-default-attributes","17":"has-product-nav","18":"col","19":"span_1_of_3","20":"owp-content-center","21":"item-entry","22":"owp-thumbs-layout-horizontal","23":"owp-btn-normal","24":"owp-tabs-layout-horizontal","25":"has-no-thumbnails","27":"circle-sale"},"yoast_head":"<!-- This site is optimized with the Yoast SEO plugin v27.3 - https:\/\/yoast.com\/product\/yoast-seo-wordpress\/ -->\n<title>Kit Glow - Bacana Skincare<\/title>\n<meta name=\"robots\" content=\"index, follow, max-snippet:-1, max-image-preview:large, max-video-preview:-1\" \/>\n<link rel=\"canonical\" href=\"https:\/\/bacanaskincare.com\/pt-br\/product\/natural-glow-routine-skincare\/\" \/>\n<meta property=\"og:locale\" content=\"pt_BR\" \/>\n<meta property=\"og:type\" content=\"article\" \/>\n<meta property=\"og:title\" content=\"Kit Glow - Bacana Skincare\" \/>\n<meta property=\"og:description\" content=\"Escolhemos os cosm\u00e9ticos essenciais para uma rotina de skincare minimalista e eficaz. &nbsp; O QUE TEM DENTRO?  1x Sabonete Facial Suave\u2013 150 ml  1x Bruma T\u00f4nico \u2013 100 ml  1x Creme Hidratante Facial- 50ml  1x Serum Bakuchiol \u2013 30ml &nbsp; COMO US\u00c1-LOS? 1. Sabonete Facial Suave: Massageie suavemente sobre a pele \u00famida e depois enx\u00e1gue. Utilizar de manh\u00e3 e \u00e0 noite. 2. Bruma T\u00f4nico: Primeiro, agite rapidamente o frasco e borrife no rosto e pesco\u00e7o ap\u00f3s limpar o rosto. Utilizar de manh\u00e3 e \u00e0 noite. 3. Creme Hidratante Facial: Aplique uma pequena quantidade do creme facial de m\u00faltiplas a\u00e7\u00f5es e massageie suavemente o creme na pele. Utilizar de manh\u00e3 e \u00e0 noite. 4. S\u00e9rum Bakuchiol: Aplique de 2 a 4 gotas no rosto duas vezes ao dia. Este set oferece a op\u00e7\u00e3o de S\u00e9rum de Bakuchiol com ou sem fragr\u00e2ncia. Nosso S\u00e9rum de Bakuchiol sem fragr\u00e2ncia n\u00e3o cont\u00e9m \u00f3leos essenciais adicionados; em vez disso, o s\u00e9rum tem um aroma natural derivado de seus ingredientes.\" \/>\n<meta property=\"og:url\" content=\"https:\/\/bacanaskincare.com\/pt-br\/product\/natural-glow-routine-skincare\/\" \/>\n<meta property=\"og:site_name\" content=\"Bacana Skincare\" \/>\n<meta property=\"article:publisher\" content=\"https:\/\/www.facebook.com\/bacanaskincare-106988470647315\/\" \/>\n<meta property=\"article:modified_time\" content=\"2025-12-01T23:11:49+00:00\" \/>\n<meta property=\"og:image\" content=\"https:\/\/bacanaskincare.com\/wp-content\/uploads\/2023\/05\/Daily-Glow-Set.jpg\" \/>\n\t<meta property=\"og:image:width\" content=\"1050\" \/>\n\t<meta property=\"og:image:height\" content=\"1050\" \/>\n\t<meta property=\"og:image:type\" content=\"image\/jpeg\" \/>\n<meta name=\"twitter:card\" content=\"summary_large_image\" \/>\n<meta name=\"twitter:label1\" content=\"Est. tempo de leitura\" \/>\n\t<meta name=\"twitter:data1\" content=\"1 minuto\" \/>\n<script type=\"application\/ld+json\" class=\"yoast-schema-graph\">{\"@context\":\"https:\\\/\\\/schema.org\",\"@graph\":[{\"@type\":[\"WebPage\",\"ItemPage\"],\"@id\":\"https:\\\/\\\/bacanaskincare.com\\\/pt-br\\\/product\\\/natural-glow-routine-skincare\\\/\",\"url\":\"https:\\\/\\\/bacanaskincare.com\\\/pt-br\\\/product\\\/natural-glow-routine-skincare\\\/\",\"name\":\"Kit Glow - Bacana Skincare\",\"isPartOf\":{\"@id\":\"https:\\\/\\\/bacanaskincare.com\\\/pt-br\\\/#website\"},\"primaryImageOfPage\":{\"@id\":\"https:\\\/\\\/bacanaskincare.com\\\/pt-br\\\/product\\\/natural-glow-routine-skincare\\\/#primaryimage\"},\"image\":{\"@id\":\"https:\\\/\\\/bacanaskincare.com\\\/pt-br\\\/product\\\/natural-glow-routine-skincare\\\/#primaryimage\"},\"thumbnailUrl\":\"https:\\\/\\\/bacanaskincare.com\\\/wp-content\\\/uploads\\\/2023\\\/05\\\/Daily-Glow-Set.jpg\",\"datePublished\":\"2023-05-17T18:13:52+00:00\",\"dateModified\":\"2025-12-01T23:11:49+00:00\",\"breadcrumb\":{\"@id\":\"https:\\\/\\\/bacanaskincare.com\\\/pt-br\\\/product\\\/natural-glow-routine-skincare\\\/#breadcrumb\"},\"inLanguage\":\"pt-BR\",\"potentialAction\":[{\"@type\":\"ReadAction\",\"target\":[\"https:\\\/\\\/bacanaskincare.com\\\/pt-br\\\/product\\\/natural-glow-routine-skincare\\\/\"]}]},{\"@type\":\"ImageObject\",\"inLanguage\":\"pt-BR\",\"@id\":\"https:\\\/\\\/bacanaskincare.com\\\/pt-br\\\/product\\\/natural-glow-routine-skincare\\\/#primaryimage\",\"url\":\"https:\\\/\\\/bacanaskincare.com\\\/wp-content\\\/uploads\\\/2023\\\/05\\\/Daily-Glow-Set.jpg\",\"contentUrl\":\"https:\\\/\\\/bacanaskincare.com\\\/wp-content\\\/uploads\\\/2023\\\/05\\\/Daily-Glow-Set.jpg\",\"width\":1050,\"height\":1050},{\"@type\":\"BreadcrumbList\",\"@id\":\"https:\\\/\\\/bacanaskincare.com\\\/pt-br\\\/product\\\/natural-glow-routine-skincare\\\/#breadcrumb\",\"itemListElement\":[{\"@type\":\"ListItem\",\"position\":1,\"name\":\"Shop\",\"item\":\"https:\\\/\\\/bacanaskincare.com\\\/pt-br\\\/shop\\\/\"},{\"@type\":\"ListItem\",\"position\":2,\"name\":\"Skin care\",\"item\":\"https:\\\/\\\/bacanaskincare.com\\\/pt-br\\\/categoria-produto\\\/skin-care-pt-br\\\/\"},{\"@type\":\"ListItem\",\"position\":3,\"name\":\"Kit Glow\"}]},{\"@type\":\"WebSite\",\"@id\":\"https:\\\/\\\/bacanaskincare.com\\\/pt-br\\\/#website\",\"url\":\"https:\\\/\\\/bacanaskincare.com\\\/pt-br\\\/\",\"name\":\"Bacana Skincare\",\"description\":\"Natural skincare powered by tropical superfruits\",\"publisher\":{\"@id\":\"https:\\\/\\\/bacanaskincare.com\\\/pt-br\\\/#organization\"},\"potentialAction\":[{\"@type\":\"SearchAction\",\"target\":{\"@type\":\"EntryPoint\",\"urlTemplate\":\"https:\\\/\\\/bacanaskincare.com\\\/pt-br\\\/?s={search_term_string}\"},\"query-input\":{\"@type\":\"PropertyValueSpecification\",\"valueRequired\":true,\"valueName\":\"search_term_string\"}}],\"inLanguage\":\"pt-BR\"},{\"@type\":\"Organization\",\"@id\":\"https:\\\/\\\/bacanaskincare.com\\\/pt-br\\\/#organization\",\"name\":\"Bacana Skincare\",\"url\":\"https:\\\/\\\/bacanaskincare.com\\\/pt-br\\\/\",\"logo\":{\"@type\":\"ImageObject\",\"inLanguage\":\"pt-BR\",\"@id\":\"https:\\\/\\\/bacanaskincare.com\\\/pt-br\\\/#\\\/schema\\\/logo\\\/image\\\/\",\"url\":\"https:\\\/\\\/bacanaskincare.com\\\/wp-content\\\/uploads\\\/2019\\\/09\\\/u.png\",\"contentUrl\":\"https:\\\/\\\/bacanaskincare.com\\\/wp-content\\\/uploads\\\/2019\\\/09\\\/u.png\",\"width\":834,\"height\":226,\"caption\":\"Bacana Skincare\"},\"image\":{\"@id\":\"https:\\\/\\\/bacanaskincare.com\\\/pt-br\\\/#\\\/schema\\\/logo\\\/image\\\/\"},\"sameAs\":[\"https:\\\/\\\/www.facebook.com\\\/bacanaskincare-106988470647315\\\/\",\"https:\\\/\\\/www.instagram.com\\\/bacanaskincare\\\/?hl=en\",\"https:\\\/\\\/br.pinterest.com\\\/d0fd9db15f94c64465fab43d03b69a\\\/\"]}]}<\/script>\n<!-- \/ Yoast SEO plugin. -->","yoast_head_json":{"title":"Kit Glow - Bacana Skincare","robots":{"index":"index","follow":"follow","max-snippet":"max-snippet:-1","max-image-preview":"max-image-preview:large","max-video-preview":"max-video-preview:-1"},"canonical":"https:\/\/bacanaskincare.com\/pt-br\/product\/natural-glow-routine-skincare\/","og_locale":"pt_BR","og_type":"article","og_title":"Kit Glow - Bacana Skincare","og_description":"Escolhemos os cosm\u00e9ticos essenciais para uma rotina de skincare minimalista e eficaz. &nbsp; O QUE TEM DENTRO?  1x Sabonete Facial Suave\u2013 150 ml  1x Bruma T\u00f4nico \u2013 100 ml  1x Creme Hidratante Facial- 50ml  1x Serum Bakuchiol \u2013 30ml &nbsp; COMO US\u00c1-LOS? 1. Sabonete Facial Suave: Massageie suavemente sobre a pele \u00famida e depois enx\u00e1gue. Utilizar de manh\u00e3 e \u00e0 noite. 2. Bruma T\u00f4nico: Primeiro, agite rapidamente o frasco e borrife no rosto e pesco\u00e7o ap\u00f3s limpar o rosto. Utilizar de manh\u00e3 e \u00e0 noite. 3. Creme Hidratante Facial: Aplique uma pequena quantidade do creme facial de m\u00faltiplas a\u00e7\u00f5es e massageie suavemente o creme na pele. Utilizar de manh\u00e3 e \u00e0 noite. 4. S\u00e9rum Bakuchiol: Aplique de 2 a 4 gotas no rosto duas vezes ao dia. Este set oferece a op\u00e7\u00e3o de S\u00e9rum de Bakuchiol com ou sem fragr\u00e2ncia. Nosso S\u00e9rum de Bakuchiol sem fragr\u00e2ncia n\u00e3o cont\u00e9m \u00f3leos essenciais adicionados; em vez disso, o s\u00e9rum tem um aroma natural derivado de seus ingredientes.","og_url":"https:\/\/bacanaskincare.com\/pt-br\/product\/natural-glow-routine-skincare\/","og_site_name":"Bacana Skincare","article_publisher":"https:\/\/www.facebook.com\/bacanaskincare-106988470647315\/","article_modified_time":"2025-12-01T23:11:49+00:00","og_image":[{"width":1050,"height":1050,"url":"https:\/\/bacanaskincare.com\/wp-content\/uploads\/2023\/05\/Daily-Glow-Set.jpg","type":"image\/jpeg"}],"twitter_card":"summary_large_image","twitter_misc":{"Est. tempo de leitura":"1 minuto"},"schema":{"@context":"https:\/\/schema.org","@graph":[{"@type":["WebPage","ItemPage"],"@id":"https:\/\/bacanaskincare.com\/pt-br\/product\/natural-glow-routine-skincare\/","url":"https:\/\/bacanaskincare.com\/pt-br\/product\/natural-glow-routine-skincare\/","name":"Kit Glow - Bacana Skincare","isPartOf":{"@id":"https:\/\/bacanaskincare.com\/pt-br\/#website"},"primaryImageOfPage":{"@id":"https:\/\/bacanaskincare.com\/pt-br\/product\/natural-glow-routine-skincare\/#primaryimage"},"image":{"@id":"https:\/\/bacanaskincare.com\/pt-br\/product\/natural-glow-routine-skincare\/#primaryimage"},"thumbnailUrl":"https:\/\/bacanaskincare.com\/wp-content\/uploads\/2023\/05\/Daily-Glow-Set.jpg","datePublished":"2023-05-17T18:13:52+00:00","dateModified":"2025-12-01T23:11:49+00:00","breadcrumb":{"@id":"https:\/\/bacanaskincare.com\/pt-br\/product\/natural-glow-routine-skincare\/#breadcrumb"},"inLanguage":"pt-BR","potentialAction":[{"@type":"ReadAction","target":["https:\/\/bacanaskincare.com\/pt-br\/product\/natural-glow-routine-skincare\/"]}]},{"@type":"ImageObject","inLanguage":"pt-BR","@id":"https:\/\/bacanaskincare.com\/pt-br\/product\/natural-glow-routine-skincare\/#primaryimage","url":"https:\/\/bacanaskincare.com\/wp-content\/uploads\/2023\/05\/Daily-Glow-Set.jpg","contentUrl":"https:\/\/bacanaskincare.com\/wp-content\/uploads\/2023\/05\/Daily-Glow-Set.jpg","width":1050,"height":1050},{"@type":"BreadcrumbList","@id":"https:\/\/bacanaskincare.com\/pt-br\/product\/natural-glow-routine-skincare\/#breadcrumb","itemListElement":[{"@type":"ListItem","position":1,"name":"Shop","item":"https:\/\/bacanaskincare.com\/pt-br\/shop\/"},{"@type":"ListItem","position":2,"name":"Skin care","item":"https:\/\/bacanaskincare.com\/pt-br\/categoria-produto\/skin-care-pt-br\/"},{"@type":"ListItem","position":3,"name":"Kit Glow"}]},{"@type":"WebSite","@id":"https:\/\/bacanaskincare.com\/pt-br\/#website","url":"https:\/\/bacanaskincare.com\/pt-br\/","name":"Bacana Skincare","description":"Natural skincare powered by tropical superfruits","publisher":{"@id":"https:\/\/bacanaskincare.com\/pt-br\/#organization"},"potentialAction":[{"@type":"SearchAction","target":{"@type":"EntryPoint","urlTemplate":"https:\/\/bacanaskincare.com\/pt-br\/?s={search_term_string}"},"query-input":{"@type":"PropertyValueSpecification","valueRequired":true,"valueName":"search_term_string"}}],"inLanguage":"pt-BR"},{"@type":"Organization","@id":"https:\/\/bacanaskincare.com\/pt-br\/#organization","name":"Bacana Skincare","url":"https:\/\/bacanaskincare.com\/pt-br\/","logo":{"@type":"ImageObject","inLanguage":"pt-BR","@id":"https:\/\/bacanaskincare.com\/pt-br\/#\/schema\/logo\/image\/","url":"https:\/\/bacanaskincare.com\/wp-content\/uploads\/2019\/09\/u.png","contentUrl":"https:\/\/bacanaskincare.com\/wp-content\/uploads\/2019\/09\/u.png","width":834,"height":226,"caption":"Bacana Skincare"},"image":{"@id":"https:\/\/bacanaskincare.com\/pt-br\/#\/schema\/logo\/image\/"},"sameAs":["https:\/\/www.facebook.com\/bacanaskincare-106988470647315\/","https:\/\/www.instagram.com\/bacanaskincare\/?hl=en","https:\/\/br.pinterest.com\/d0fd9db15f94c64465fab43d03b69a\/"]}]}},"_links":{"self":[{"href":"https:\/\/bacanaskincare.com\/pt-br\/wp-json\/wp\/v2\/product\/22602","targetHints":{"allow":["GET"]}}],"collection":[{"href":"https:\/\/bacanaskincare.com\/pt-br\/wp-json\/wp\/v2\/product"}],"about":[{"href":"https:\/\/bacanaskincare.com\/pt-br\/wp-json\/wp\/v2\/types\/product"}],"replies":[{"embeddable":true,"href":"https:\/\/bacanaskincare.com\/pt-br\/wp-json\/wp\/v2\/comments?post=22602"}],"wp:featuredmedia":[{"embeddable":true,"href":"https:\/\/bacanaskincare.com\/pt-br\/wp-json\/wp\/v2\/media\/26139"}],"wp:attachment":[{"href":"https:\/\/bacanaskincare.com\/pt-br\/wp-json\/wp\/v2\/media?parent=22602"}],"wp:term":[{"taxonomy":"product_brand","embeddable":true,"href":"https:\/\/bacanaskincare.com\/pt-br\/wp-json\/wp\/v2\/product_brand?post=22602"},{"taxonomy":"product_cat","embeddable":true,"href":"https:\/\/bacanaskincare.com\/pt-br\/wp-json\/wp\/v2\/product_cat?post=22602"},{"taxonomy":"product_tag","embeddable":true,"href":"https:\/\/bacanaskincare.com\/pt-br\/wp-json\/wp\/v2\/product_tag?post=22602"}],"curies":[{"name":"wp","href":"https:\/\/api.w.org\/{rel}","templated":true}]}}