{"id":20120,"date":"2021-12-02T22:10:37","date_gmt":"2021-12-02T21:10:37","guid":{"rendered":"https:\/\/bacanaskincare.com\/shop\/sem%20categoria\/bacaninhas\/"},"modified":"2026-03-16T10:39:08","modified_gmt":"2026-03-16T09:39:08","slug":"mini-set-bacana","status":"publish","type":"product","link":"https:\/\/bacanaskincare.com\/pt-br\/product\/mini-set-bacana\/","title":{"rendered":"Mini Set Bacana"},"content":{"rendered":"<h3>Este conjunto inclui os seguintes produtos:<\/h3>\n<p>1x Bolsinha em algod\u00e3o.<\/p>\n<p>1x <a href=\"https:\/\/bacanaskincare.com\/shop\/natural-skincare-face-cleanser\/cleansing-cream-face-wash\/\">Sabonete Facial 15ml<\/a> : remove suavemente impurezas e maquiagem sem retirar a barreira protetora natural da pele.<\/p>\n<p>1x <a href=\"https:\/\/bacanaskincare.com\/shop\/skincare-mist-toner\/serenity-vitamin-mist-toner\/\">Bruma T\u00f4nico 15 ml <\/a>: Uma Bruma-T\u00f4nico com pH equilibrado para uma pele radiante e saud\u00e1vel. Revitaliza e acalma a pele, al\u00e9m de fechar instantaneamente os poros e hidratar a pele.<\/p>\n<p>1x <a href=\"https:\/\/bacanaskincare.com\/shop\/serum\/bio-retinol-oil-serum\/\">Bio-Retinol Oil Serum 5 ml <\/a>: uma f\u00f3rmula inovadora com Bakuchiol (Bio-Retinol) e um coquetel de ingredientes antioxidantes poderosos. Esta f\u00f3rmula exclusiva n\u00e3o s\u00f3 ajuda na regenera\u00e7\u00e3o celular, como tamb\u00e9m estimula a produ\u00e7\u00e3o de colag\u00e9nio e reduz as manchas.<\/p>\n<p>1x <a href=\"https:\/\/bacanaskincare.com\/shop\/natural-skincare-face-cream\/multi-action-face-cream\/\">Creme Hidratante Rosto<\/a> 7 ml : Um hidratante facial di\u00e1rio que ajuda a reduzir manchas e melhora a elasticidade da pele.<\/p>\n<p>Se quiser ler mais sobre eles, por favor clique acima em cada produto.<\/p>\n<p>&nbsp;<\/p>\n<h3><strong>MODO DE USAR:<\/strong><\/h3>\n<ul>\n<li>Passo 1 &#8211; Sabonete facial para o rosto: aplicar na pele h\u00famida ou molhada com movimentos suaves e circulares, massajando suavemente. Enxaguar em seguida.<\/li>\n<li>Passo 2 \u2013 Bruma T\u00f4nico: pulverizar sobre o rosto e deixar o produto ser absorvido naturalmente. Tamb\u00e9m pode ser aplicado com um pequeno disco de algod\u00e3o para remover o excesso de impurezas. Experimente aplicar o Bruma-T\u00f4nico a qualquer momento do dia para refrescar e hidratar a pele.<\/li>\n<li>Passo 3 \u2013 Creme Hidratante Rosto: aplique uma pequena quantidade do creme e massageie suavemente o creme em sua pele.<\/li>\n<li>Passo 4- Bio-Retinol Oil Serum : aplique 2 a 4 gotas no rosto duas vezes ao dia, manh\u00e3 e noite.<\/li>\n<\/ul>\n<p>&nbsp;<\/p>\n","protected":false},"excerpt":{"rendered":"<blockquote><p><strong>Al\u00e9m de ser uma \u00f3tima op\u00e7\u00e3o para voc\u00ea conhecer nossos produtos, o Kit \u00e9 perfeito para presentear ou para voc\u00ea levar para sua pr\u00f3xima viagem.<\/strong><\/p><\/blockquote>\n<p>&nbsp;<\/p>\n<p>Escolhemos os cosm\u00e9ticos essenciais para uma rotina de skincare minimalista.<\/p>\n<p>Adequado para todos os tipos de pele, este kit cont\u00e9m 4 produtos com efeito purificante, refrescante e nutritivo.<\/p>\n<p><strong>Embalagens sustent\u00e1veis que precisam ser jogados fora!<\/strong> As nossas mini-embalagens s\u00e3o feitas de vidro e podem ser facilmente reutilizadas. Basta encher novamente com mais produto e lev\u00e1-los para na sua pr\u00f3xima viagem.<\/p>\n<p>&nbsp;<\/p>\n","protected":false},"featured_media":26198,"comment_status":"open","ping_status":"closed","template":"","meta":{"ocean_post_layout":"","ocean_both_sidebars_style":"","ocean_both_sidebars_content_width":0,"ocean_both_sidebars_sidebars_width":0,"ocean_sidebar":"0","ocean_second_sidebar":"0","ocean_disable_margins":"enable","ocean_add_body_class":"","ocean_shortcode_before_top_bar":"","ocean_shortcode_after_top_bar":"","ocean_shortcode_before_header":"","ocean_shortcode_after_header":"","ocean_has_shortcode":"","ocean_shortcode_after_title":"","ocean_shortcode_before_footer_widgets":"","ocean_shortcode_after_footer_widgets":"","ocean_shortcode_before_footer_bottom":"","ocean_shortcode_after_footer_bottom":"","ocean_display_top_bar":"default","ocean_display_header":"default","ocean_header_style":"","ocean_center_header_left_menu":"0","ocean_custom_header_template":"0","ocean_custom_logo":0,"ocean_custom_retina_logo":0,"ocean_custom_logo_max_width":0,"ocean_custom_logo_tablet_max_width":0,"ocean_custom_logo_mobile_max_width":0,"ocean_custom_logo_max_height":0,"ocean_custom_logo_tablet_max_height":0,"ocean_custom_logo_mobile_max_height":0,"ocean_header_custom_menu":"0","ocean_menu_typo_font_family":"0","ocean_menu_typo_font_subset":"","ocean_menu_typo_font_size":0,"ocean_menu_typo_font_size_tablet":0,"ocean_menu_typo_font_size_mobile":0,"ocean_menu_typo_font_size_unit":"px","ocean_menu_typo_font_weight":"","ocean_menu_typo_font_weight_tablet":"","ocean_menu_typo_font_weight_mobile":"","ocean_menu_typo_transform":"","ocean_menu_typo_transform_tablet":"","ocean_menu_typo_transform_mobile":"","ocean_menu_typo_line_height":0,"ocean_menu_typo_line_height_tablet":0,"ocean_menu_typo_line_height_mobile":0,"ocean_menu_typo_line_height_unit":"","ocean_menu_typo_spacing":0,"ocean_menu_typo_spacing_tablet":0,"ocean_menu_typo_spacing_mobile":0,"ocean_menu_typo_spacing_unit":"","ocean_menu_link_color":"","ocean_menu_link_color_hover":"","ocean_menu_link_color_active":"","ocean_menu_link_background":"","ocean_menu_link_hover_background":"","ocean_menu_link_active_background":"","ocean_menu_social_links_bg":"","ocean_menu_social_hover_links_bg":"","ocean_menu_social_links_color":"","ocean_menu_social_hover_links_color":"","ocean_disable_title":"default","ocean_disable_heading":"default","ocean_post_title":"","ocean_post_subheading":"","ocean_post_title_style":"","ocean_post_title_background_color":"","ocean_post_title_background":0,"ocean_post_title_bg_image_position":"","ocean_post_title_bg_image_attachment":"","ocean_post_title_bg_image_repeat":"","ocean_post_title_bg_image_size":"","ocean_post_title_height":0,"ocean_post_title_bg_overlay":0.5,"ocean_post_title_bg_overlay_color":"","ocean_disable_breadcrumbs":"default","ocean_breadcrumbs_color":"","ocean_breadcrumbs_separator_color":"","ocean_breadcrumbs_links_color":"","ocean_breadcrumbs_links_hover_color":"","ocean_display_footer_widgets":"default","ocean_display_footer_bottom":"default","ocean_custom_footer_template":"0","iawp_total_views":161},"product_brand":[],"product_cat":[401],"product_tag":[],"class_list":{"0":"post-20120","1":"product","2":"type-product","3":"status-publish","4":"has-post-thumbnail","6":"product_cat-skin-care-pt-br","8":"entry","9":"has-media","11":"first","12":"outofstock","13":"sale","14":"shipping-taxable","15":"purchasable","16":"product-type-simple","17":"has-rating","18":"has-product-nav","19":"col","20":"span_1_of_3","21":"owp-content-center","22":"item-entry","23":"owp-thumbs-layout-horizontal","24":"owp-btn-normal","25":"owp-tabs-layout-horizontal","26":"has-no-thumbnails","28":"circle-sale"},"yoast_head":"<!-- This site is optimized with the Yoast SEO plugin v27.3 - https:\/\/yoast.com\/product\/yoast-seo-wordpress\/ -->\n<title>Mini Set Bacana - Bacana Skincare<\/title>\n<meta name=\"robots\" content=\"index, follow, max-snippet:-1, max-image-preview:large, max-video-preview:-1\" \/>\n<link rel=\"canonical\" href=\"https:\/\/bacanaskincare.com\/pt-br\/product\/mini-set-bacana\/\" \/>\n<meta property=\"og:locale\" content=\"pt_BR\" \/>\n<meta property=\"og:type\" content=\"article\" \/>\n<meta property=\"og:title\" content=\"Mini Set Bacana - Bacana Skincare\" \/>\n<meta property=\"og:description\" content=\"Al\u00e9m de ser uma \u00f3tima op\u00e7\u00e3o para voc\u00ea conhecer nossos produtos, o Kit \u00e9 perfeito para presentear ou para voc\u00ea levar para sua pr\u00f3xima viagem. &nbsp; Escolhemos os cosm\u00e9ticos essenciais para uma rotina de skincare minimalista. Adequado para todos os tipos de pele, este kit cont\u00e9m 4 produtos com efeito purificante, refrescante e nutritivo. Embalagens sustent\u00e1veis que precisam ser jogados fora! As nossas mini-embalagens s\u00e3o feitas de vidro e podem ser facilmente reutilizadas. Basta encher novamente com mais produto e lev\u00e1-los para na sua pr\u00f3xima viagem. &nbsp;\" \/>\n<meta property=\"og:url\" content=\"https:\/\/bacanaskincare.com\/pt-br\/product\/mini-set-bacana\/\" \/>\n<meta property=\"og:site_name\" content=\"Bacana Skincare\" \/>\n<meta property=\"article:publisher\" content=\"https:\/\/www.facebook.com\/bacanaskincare-106988470647315\/\" \/>\n<meta property=\"article:modified_time\" content=\"2026-03-16T09:39:08+00:00\" \/>\n<meta property=\"og:image\" content=\"https:\/\/bacanaskincare.com\/wp-content\/uploads\/2021\/12\/Mini-Kit-2-1.jpg\" \/>\n\t<meta property=\"og:image:width\" content=\"1050\" \/>\n\t<meta property=\"og:image:height\" content=\"1050\" \/>\n\t<meta property=\"og:image:type\" content=\"image\/jpeg\" \/>\n<meta name=\"twitter:card\" content=\"summary_large_image\" \/>\n<meta name=\"twitter:label1\" content=\"Est. tempo de leitura\" \/>\n\t<meta name=\"twitter:data1\" content=\"1 minuto\" \/>\n<script type=\"application\/ld+json\" class=\"yoast-schema-graph\">{\"@context\":\"https:\\\/\\\/schema.org\",\"@graph\":[{\"@type\":[\"WebPage\",\"ItemPage\"],\"@id\":\"https:\\\/\\\/bacanaskincare.com\\\/pt-br\\\/product\\\/mini-set-bacana\\\/\",\"url\":\"https:\\\/\\\/bacanaskincare.com\\\/pt-br\\\/product\\\/mini-set-bacana\\\/\",\"name\":\"Mini Set Bacana - Bacana Skincare\",\"isPartOf\":{\"@id\":\"https:\\\/\\\/bacanaskincare.com\\\/pt-br\\\/#website\"},\"primaryImageOfPage\":{\"@id\":\"https:\\\/\\\/bacanaskincare.com\\\/pt-br\\\/product\\\/mini-set-bacana\\\/#primaryimage\"},\"image\":{\"@id\":\"https:\\\/\\\/bacanaskincare.com\\\/pt-br\\\/product\\\/mini-set-bacana\\\/#primaryimage\"},\"thumbnailUrl\":\"https:\\\/\\\/bacanaskincare.com\\\/wp-content\\\/uploads\\\/2021\\\/12\\\/Mini-Kit-2-1.jpg\",\"datePublished\":\"2021-12-02T21:10:37+00:00\",\"dateModified\":\"2026-03-16T09:39:08+00:00\",\"breadcrumb\":{\"@id\":\"https:\\\/\\\/bacanaskincare.com\\\/pt-br\\\/product\\\/mini-set-bacana\\\/#breadcrumb\"},\"inLanguage\":\"pt-BR\",\"potentialAction\":[{\"@type\":\"ReadAction\",\"target\":[\"https:\\\/\\\/bacanaskincare.com\\\/pt-br\\\/product\\\/mini-set-bacana\\\/\"]}]},{\"@type\":\"ImageObject\",\"inLanguage\":\"pt-BR\",\"@id\":\"https:\\\/\\\/bacanaskincare.com\\\/pt-br\\\/product\\\/mini-set-bacana\\\/#primaryimage\",\"url\":\"https:\\\/\\\/bacanaskincare.com\\\/wp-content\\\/uploads\\\/2021\\\/12\\\/Mini-Kit-2-1.jpg\",\"contentUrl\":\"https:\\\/\\\/bacanaskincare.com\\\/wp-content\\\/uploads\\\/2021\\\/12\\\/Mini-Kit-2-1.jpg\",\"width\":1050,\"height\":1050},{\"@type\":\"BreadcrumbList\",\"@id\":\"https:\\\/\\\/bacanaskincare.com\\\/pt-br\\\/product\\\/mini-set-bacana\\\/#breadcrumb\",\"itemListElement\":[{\"@type\":\"ListItem\",\"position\":1,\"name\":\"Shop\",\"item\":\"https:\\\/\\\/bacanaskincare.com\\\/pt-br\\\/shop\\\/\"},{\"@type\":\"ListItem\",\"position\":2,\"name\":\"Skin care\",\"item\":\"https:\\\/\\\/bacanaskincare.com\\\/pt-br\\\/categoria-produto\\\/skin-care-pt-br\\\/\"},{\"@type\":\"ListItem\",\"position\":3,\"name\":\"Mini Set Bacana\"}]},{\"@type\":\"WebSite\",\"@id\":\"https:\\\/\\\/bacanaskincare.com\\\/pt-br\\\/#website\",\"url\":\"https:\\\/\\\/bacanaskincare.com\\\/pt-br\\\/\",\"name\":\"Bacana Skincare\",\"description\":\"Natural skincare powered by tropical superfruits\",\"publisher\":{\"@id\":\"https:\\\/\\\/bacanaskincare.com\\\/pt-br\\\/#organization\"},\"potentialAction\":[{\"@type\":\"SearchAction\",\"target\":{\"@type\":\"EntryPoint\",\"urlTemplate\":\"https:\\\/\\\/bacanaskincare.com\\\/pt-br\\\/?s={search_term_string}\"},\"query-input\":{\"@type\":\"PropertyValueSpecification\",\"valueRequired\":true,\"valueName\":\"search_term_string\"}}],\"inLanguage\":\"pt-BR\"},{\"@type\":\"Organization\",\"@id\":\"https:\\\/\\\/bacanaskincare.com\\\/pt-br\\\/#organization\",\"name\":\"Bacana Skincare\",\"url\":\"https:\\\/\\\/bacanaskincare.com\\\/pt-br\\\/\",\"logo\":{\"@type\":\"ImageObject\",\"inLanguage\":\"pt-BR\",\"@id\":\"https:\\\/\\\/bacanaskincare.com\\\/pt-br\\\/#\\\/schema\\\/logo\\\/image\\\/\",\"url\":\"https:\\\/\\\/bacanaskincare.com\\\/wp-content\\\/uploads\\\/2019\\\/09\\\/u.png\",\"contentUrl\":\"https:\\\/\\\/bacanaskincare.com\\\/wp-content\\\/uploads\\\/2019\\\/09\\\/u.png\",\"width\":834,\"height\":226,\"caption\":\"Bacana Skincare\"},\"image\":{\"@id\":\"https:\\\/\\\/bacanaskincare.com\\\/pt-br\\\/#\\\/schema\\\/logo\\\/image\\\/\"},\"sameAs\":[\"https:\\\/\\\/www.facebook.com\\\/bacanaskincare-106988470647315\\\/\",\"https:\\\/\\\/www.instagram.com\\\/bacanaskincare\\\/?hl=en\",\"https:\\\/\\\/br.pinterest.com\\\/d0fd9db15f94c64465fab43d03b69a\\\/\"]}]}<\/script>\n<!-- \/ Yoast SEO plugin. -->","yoast_head_json":{"title":"Mini Set Bacana - Bacana Skincare","robots":{"index":"index","follow":"follow","max-snippet":"max-snippet:-1","max-image-preview":"max-image-preview:large","max-video-preview":"max-video-preview:-1"},"canonical":"https:\/\/bacanaskincare.com\/pt-br\/product\/mini-set-bacana\/","og_locale":"pt_BR","og_type":"article","og_title":"Mini Set Bacana - Bacana Skincare","og_description":"Al\u00e9m de ser uma \u00f3tima op\u00e7\u00e3o para voc\u00ea conhecer nossos produtos, o Kit \u00e9 perfeito para presentear ou para voc\u00ea levar para sua pr\u00f3xima viagem. &nbsp; Escolhemos os cosm\u00e9ticos essenciais para uma rotina de skincare minimalista. Adequado para todos os tipos de pele, este kit cont\u00e9m 4 produtos com efeito purificante, refrescante e nutritivo. Embalagens sustent\u00e1veis que precisam ser jogados fora! As nossas mini-embalagens s\u00e3o feitas de vidro e podem ser facilmente reutilizadas. Basta encher novamente com mais produto e lev\u00e1-los para na sua pr\u00f3xima viagem. &nbsp;","og_url":"https:\/\/bacanaskincare.com\/pt-br\/product\/mini-set-bacana\/","og_site_name":"Bacana Skincare","article_publisher":"https:\/\/www.facebook.com\/bacanaskincare-106988470647315\/","article_modified_time":"2026-03-16T09:39:08+00:00","og_image":[{"width":1050,"height":1050,"url":"https:\/\/bacanaskincare.com\/wp-content\/uploads\/2021\/12\/Mini-Kit-2-1.jpg","type":"image\/jpeg"}],"twitter_card":"summary_large_image","twitter_misc":{"Est. tempo de leitura":"1 minuto"},"schema":{"@context":"https:\/\/schema.org","@graph":[{"@type":["WebPage","ItemPage"],"@id":"https:\/\/bacanaskincare.com\/pt-br\/product\/mini-set-bacana\/","url":"https:\/\/bacanaskincare.com\/pt-br\/product\/mini-set-bacana\/","name":"Mini Set Bacana - Bacana Skincare","isPartOf":{"@id":"https:\/\/bacanaskincare.com\/pt-br\/#website"},"primaryImageOfPage":{"@id":"https:\/\/bacanaskincare.com\/pt-br\/product\/mini-set-bacana\/#primaryimage"},"image":{"@id":"https:\/\/bacanaskincare.com\/pt-br\/product\/mini-set-bacana\/#primaryimage"},"thumbnailUrl":"https:\/\/bacanaskincare.com\/wp-content\/uploads\/2021\/12\/Mini-Kit-2-1.jpg","datePublished":"2021-12-02T21:10:37+00:00","dateModified":"2026-03-16T09:39:08+00:00","breadcrumb":{"@id":"https:\/\/bacanaskincare.com\/pt-br\/product\/mini-set-bacana\/#breadcrumb"},"inLanguage":"pt-BR","potentialAction":[{"@type":"ReadAction","target":["https:\/\/bacanaskincare.com\/pt-br\/product\/mini-set-bacana\/"]}]},{"@type":"ImageObject","inLanguage":"pt-BR","@id":"https:\/\/bacanaskincare.com\/pt-br\/product\/mini-set-bacana\/#primaryimage","url":"https:\/\/bacanaskincare.com\/wp-content\/uploads\/2021\/12\/Mini-Kit-2-1.jpg","contentUrl":"https:\/\/bacanaskincare.com\/wp-content\/uploads\/2021\/12\/Mini-Kit-2-1.jpg","width":1050,"height":1050},{"@type":"BreadcrumbList","@id":"https:\/\/bacanaskincare.com\/pt-br\/product\/mini-set-bacana\/#breadcrumb","itemListElement":[{"@type":"ListItem","position":1,"name":"Shop","item":"https:\/\/bacanaskincare.com\/pt-br\/shop\/"},{"@type":"ListItem","position":2,"name":"Skin care","item":"https:\/\/bacanaskincare.com\/pt-br\/categoria-produto\/skin-care-pt-br\/"},{"@type":"ListItem","position":3,"name":"Mini Set Bacana"}]},{"@type":"WebSite","@id":"https:\/\/bacanaskincare.com\/pt-br\/#website","url":"https:\/\/bacanaskincare.com\/pt-br\/","name":"Bacana Skincare","description":"Natural skincare powered by tropical superfruits","publisher":{"@id":"https:\/\/bacanaskincare.com\/pt-br\/#organization"},"potentialAction":[{"@type":"SearchAction","target":{"@type":"EntryPoint","urlTemplate":"https:\/\/bacanaskincare.com\/pt-br\/?s={search_term_string}"},"query-input":{"@type":"PropertyValueSpecification","valueRequired":true,"valueName":"search_term_string"}}],"inLanguage":"pt-BR"},{"@type":"Organization","@id":"https:\/\/bacanaskincare.com\/pt-br\/#organization","name":"Bacana Skincare","url":"https:\/\/bacanaskincare.com\/pt-br\/","logo":{"@type":"ImageObject","inLanguage":"pt-BR","@id":"https:\/\/bacanaskincare.com\/pt-br\/#\/schema\/logo\/image\/","url":"https:\/\/bacanaskincare.com\/wp-content\/uploads\/2019\/09\/u.png","contentUrl":"https:\/\/bacanaskincare.com\/wp-content\/uploads\/2019\/09\/u.png","width":834,"height":226,"caption":"Bacana Skincare"},"image":{"@id":"https:\/\/bacanaskincare.com\/pt-br\/#\/schema\/logo\/image\/"},"sameAs":["https:\/\/www.facebook.com\/bacanaskincare-106988470647315\/","https:\/\/www.instagram.com\/bacanaskincare\/?hl=en","https:\/\/br.pinterest.com\/d0fd9db15f94c64465fab43d03b69a\/"]}]}},"_links":{"self":[{"href":"https:\/\/bacanaskincare.com\/pt-br\/wp-json\/wp\/v2\/product\/20120","targetHints":{"allow":["GET"]}}],"collection":[{"href":"https:\/\/bacanaskincare.com\/pt-br\/wp-json\/wp\/v2\/product"}],"about":[{"href":"https:\/\/bacanaskincare.com\/pt-br\/wp-json\/wp\/v2\/types\/product"}],"replies":[{"embeddable":true,"href":"https:\/\/bacanaskincare.com\/pt-br\/wp-json\/wp\/v2\/comments?post=20120"}],"wp:featuredmedia":[{"embeddable":true,"href":"https:\/\/bacanaskincare.com\/pt-br\/wp-json\/wp\/v2\/media\/26198"}],"wp:attachment":[{"href":"https:\/\/bacanaskincare.com\/pt-br\/wp-json\/wp\/v2\/media?parent=20120"}],"wp:term":[{"taxonomy":"product_brand","embeddable":true,"href":"https:\/\/bacanaskincare.com\/pt-br\/wp-json\/wp\/v2\/product_brand?post=20120"},{"taxonomy":"product_cat","embeddable":true,"href":"https:\/\/bacanaskincare.com\/pt-br\/wp-json\/wp\/v2\/product_cat?post=20120"},{"taxonomy":"product_tag","embeddable":true,"href":"https:\/\/bacanaskincare.com\/pt-br\/wp-json\/wp\/v2\/product_tag?post=20120"}],"curies":[{"name":"wp","href":"https:\/\/api.w.org\/{rel}","templated":true}]}}