{"id":19714,"date":"2021-05-14T20:33:42","date_gmt":"2021-05-14T18:33:42","guid":{"rendered":"http:\/\/bacanaskincare.com\/?post_type=product&#038;p=19714"},"modified":"2025-12-02T00:11:48","modified_gmt":"2025-12-01T23:11:48","slug":"green-spa-set","status":"publish","type":"product","link":"https:\/\/bacanaskincare.com\/pt-br\/product\/green-spa-set\/","title":{"rendered":"Spa Time Set &#8211; Green Clay"},"content":{"rendered":"<p>Este conjunto cont\u00e9m:<\/p>\n<p>50 ml de M\u00e1scara Facial Purificante de Argila Verde<\/p>\n<p>Pincel Aplicador de M\u00e1scara Facial &#8211; O cabo \u00e9 feito de madeira e as cerdas s\u00e3o sint\u00e9ticas.<\/p>\n<p>&nbsp;<\/p>\n","protected":false},"excerpt":{"rendered":"<blockquote><p><strong>Este \u00e9 um kit simples mas encantador. Proporciona-lhe uma experi\u00eancia de spa, transportando a sua mente para o para\u00edso.<\/strong><\/p><\/blockquote>\n<p>&nbsp;<\/p>\n<p><strong>WHAT\u00b4S INSIDE?<br \/>\n<\/strong>1x <a href=\"https:\/\/bacanaskincare.com\/shop\/green-clay-face-mask\/\">Green Clay Purifying Face Mask:<\/a> It purifies the skin without drying it out. A combina\u00e7\u00e3o dos \u00f3leos de Argila Verde Brasileira, Copa\u00edba, Moringa e Melaleuca ajuda a remover as impurezas, o excesso de oleosidade e a descongestionar os poros ap\u00f3s cada utiliza\u00e7\u00e3o.<\/p>\n<p>1x Pincel para m\u00e1scara facial &#8211; O nosso pincel personalizado para m\u00e1scara oferece uma aplica\u00e7\u00e3o precisa das nossas m\u00e1scaras faciais. Ideal para desfrutar de um momento de Bacana.<\/p>\n<p><strong>COMO UTILIZAR?<\/strong><\/p>\n<p>Primeiro, limpe o seu rosto, depois aplique a m\u00e1scara com o pincel da Bacana e sinta-se como num mini tratamento de spa em casa. Espere 15 a 20 minutos e depois enxague com \u00e1gua. Utilize a m\u00e1scara 1 a 3 vezes por semana. Evite a \u00e1rea dos olhos.<\/p>\n","protected":false},"featured_media":23897,"comment_status":"open","ping_status":"closed","template":"","meta":{"ocean_post_layout":"","ocean_both_sidebars_style":"","ocean_both_sidebars_content_width":0,"ocean_both_sidebars_sidebars_width":0,"ocean_sidebar":"0","ocean_second_sidebar":"0","ocean_disable_margins":"enable","ocean_add_body_class":"","ocean_shortcode_before_top_bar":"","ocean_shortcode_after_top_bar":"","ocean_shortcode_before_header":"","ocean_shortcode_after_header":"","ocean_has_shortcode":"","ocean_shortcode_after_title":"","ocean_shortcode_before_footer_widgets":"","ocean_shortcode_after_footer_widgets":"","ocean_shortcode_before_footer_bottom":"","ocean_shortcode_after_footer_bottom":"","ocean_display_top_bar":"default","ocean_display_header":"default","ocean_header_style":"","ocean_center_header_left_menu":"0","ocean_custom_header_template":"0","ocean_custom_logo":0,"ocean_custom_retina_logo":0,"ocean_custom_logo_max_width":0,"ocean_custom_logo_tablet_max_width":0,"ocean_custom_logo_mobile_max_width":0,"ocean_custom_logo_max_height":0,"ocean_custom_logo_tablet_max_height":0,"ocean_custom_logo_mobile_max_height":0,"ocean_header_custom_menu":"0","ocean_menu_typo_font_family":"0","ocean_menu_typo_font_subset":"","ocean_menu_typo_font_size":0,"ocean_menu_typo_font_size_tablet":0,"ocean_menu_typo_font_size_mobile":0,"ocean_menu_typo_font_size_unit":"px","ocean_menu_typo_font_weight":"","ocean_menu_typo_font_weight_tablet":"","ocean_menu_typo_font_weight_mobile":"","ocean_menu_typo_transform":"","ocean_menu_typo_transform_tablet":"","ocean_menu_typo_transform_mobile":"","ocean_menu_typo_line_height":0,"ocean_menu_typo_line_height_tablet":0,"ocean_menu_typo_line_height_mobile":0,"ocean_menu_typo_line_height_unit":"","ocean_menu_typo_spacing":0,"ocean_menu_typo_spacing_tablet":0,"ocean_menu_typo_spacing_mobile":0,"ocean_menu_typo_spacing_unit":"","ocean_menu_link_color":"","ocean_menu_link_color_hover":"","ocean_menu_link_color_active":"","ocean_menu_link_background":"","ocean_menu_link_hover_background":"","ocean_menu_link_active_background":"","ocean_menu_social_links_bg":"","ocean_menu_social_hover_links_bg":"","ocean_menu_social_links_color":"","ocean_menu_social_hover_links_color":"","ocean_disable_title":"default","ocean_disable_heading":"default","ocean_post_title":"","ocean_post_subheading":"","ocean_post_title_style":"","ocean_post_title_background_color":"","ocean_post_title_background":0,"ocean_post_title_bg_image_position":"","ocean_post_title_bg_image_attachment":"","ocean_post_title_bg_image_repeat":"","ocean_post_title_bg_image_size":"","ocean_post_title_height":0,"ocean_post_title_bg_overlay":0.5,"ocean_post_title_bg_overlay_color":"","ocean_disable_breadcrumbs":"default","ocean_breadcrumbs_color":"","ocean_breadcrumbs_separator_color":"","ocean_breadcrumbs_links_color":"","ocean_breadcrumbs_links_hover_color":"","ocean_display_footer_widgets":"default","ocean_display_footer_bottom":"default","ocean_custom_footer_template":"0","iawp_total_views":13},"product_brand":[],"product_cat":[401],"product_tag":[],"class_list":{"0":"post-19714","1":"product","2":"type-product","3":"status-publish","4":"has-post-thumbnail","6":"product_cat-skin-care-pt-br","8":"entry","9":"has-media","11":"first","12":"instock","13":"shipping-taxable","14":"purchasable","15":"product-type-simple","16":"has-rating","17":"has-product-nav","18":"col","19":"span_1_of_3","20":"owp-content-center","21":"item-entry","22":"owp-thumbs-layout-horizontal","23":"owp-btn-normal","24":"owp-tabs-layout-horizontal","25":"has-no-thumbnails","27":"circle-sale"},"yoast_head":"<!-- This site is optimized with the Yoast SEO plugin v27.2 - https:\/\/yoast.com\/product\/yoast-seo-wordpress\/ -->\n<title>Spa Time Set - Green Clay - Bacana Skincare<\/title>\n<meta name=\"robots\" content=\"index, follow, max-snippet:-1, max-image-preview:large, max-video-preview:-1\" \/>\n<link rel=\"canonical\" href=\"https:\/\/bacanaskincare.com\/pt-br\/product\/green-spa-set\/\" \/>\n<meta property=\"og:locale\" content=\"pt_BR\" \/>\n<meta property=\"og:type\" content=\"article\" \/>\n<meta property=\"og:title\" content=\"Spa Time Set - Green Clay - Bacana Skincare\" \/>\n<meta property=\"og:description\" content=\"Este \u00e9 um kit simples mas encantador. Proporciona-lhe uma experi\u00eancia de spa, transportando a sua mente para o para\u00edso. &nbsp; WHAT\u00b4S INSIDE? 1x Green Clay Purifying Face Mask: It purifies the skin without drying it out. A combina\u00e7\u00e3o dos \u00f3leos de Argila Verde Brasileira, Copa\u00edba, Moringa e Melaleuca ajuda a remover as impurezas, o excesso de oleosidade e a descongestionar os poros ap\u00f3s cada utiliza\u00e7\u00e3o. 1x Pincel para m\u00e1scara facial - O nosso pincel personalizado para m\u00e1scara oferece uma aplica\u00e7\u00e3o precisa das nossas m\u00e1scaras faciais. Ideal para desfrutar de um momento de Bacana. COMO UTILIZAR? Primeiro, limpe o seu rosto, depois aplique a m\u00e1scara com o pincel da Bacana e sinta-se como num mini tratamento de spa em casa. Espere 15 a 20 minutos e depois enxague com \u00e1gua. Utilize a m\u00e1scara 1 a 3 vezes por semana. Evite a \u00e1rea dos olhos.\" \/>\n<meta property=\"og:url\" content=\"https:\/\/bacanaskincare.com\/pt-br\/product\/green-spa-set\/\" \/>\n<meta property=\"og:site_name\" content=\"Bacana Skincare\" \/>\n<meta property=\"article:publisher\" content=\"https:\/\/www.facebook.com\/bacanaskincare-106988470647315\/\" \/>\n<meta property=\"article:modified_time\" content=\"2025-12-01T23:11:48+00:00\" \/>\n<meta property=\"og:image\" content=\"https:\/\/bacanaskincare.com\/wp-content\/uploads\/2021\/05\/Spa-Green-time.webp\" \/>\n\t<meta property=\"og:image:width\" content=\"1024\" \/>\n\t<meta property=\"og:image:height\" content=\"1024\" \/>\n\t<meta property=\"og:image:type\" content=\"image\/webp\" \/>\n<meta name=\"twitter:card\" content=\"summary_large_image\" \/>\n<script type=\"application\/ld+json\" class=\"yoast-schema-graph\">{\"@context\":\"https:\/\/schema.org\",\"@graph\":[{\"@type\":[\"WebPage\",\"ItemPage\"],\"@id\":\"https:\/\/bacanaskincare.com\/pt-br\/product\/green-spa-set\/\",\"url\":\"https:\/\/bacanaskincare.com\/pt-br\/product\/green-spa-set\/\",\"name\":\"Spa Time Set - Green Clay - Bacana Skincare\",\"isPartOf\":{\"@id\":\"https:\/\/bacanaskincare.com\/pt-br\/#website\"},\"primaryImageOfPage\":{\"@id\":\"https:\/\/bacanaskincare.com\/pt-br\/product\/green-spa-set\/#primaryimage\"},\"image\":{\"@id\":\"https:\/\/bacanaskincare.com\/pt-br\/product\/green-spa-set\/#primaryimage\"},\"thumbnailUrl\":\"https:\/\/bacanaskincare.com\/wp-content\/uploads\/2021\/05\/Spa-Green-time.webp\",\"datePublished\":\"2021-05-14T18:33:42+00:00\",\"dateModified\":\"2025-12-01T23:11:48+00:00\",\"breadcrumb\":{\"@id\":\"https:\/\/bacanaskincare.com\/pt-br\/product\/green-spa-set\/#breadcrumb\"},\"inLanguage\":\"pt-BR\",\"potentialAction\":[{\"@type\":\"ReadAction\",\"target\":[\"https:\/\/bacanaskincare.com\/pt-br\/product\/green-spa-set\/\"]}]},{\"@type\":\"ImageObject\",\"inLanguage\":\"pt-BR\",\"@id\":\"https:\/\/bacanaskincare.com\/pt-br\/product\/green-spa-set\/#primaryimage\",\"url\":\"https:\/\/bacanaskincare.com\/wp-content\/uploads\/2021\/05\/Spa-Green-time.webp\",\"contentUrl\":\"https:\/\/bacanaskincare.com\/wp-content\/uploads\/2021\/05\/Spa-Green-time.webp\",\"width\":1024,\"height\":1024},{\"@type\":\"BreadcrumbList\",\"@id\":\"https:\/\/bacanaskincare.com\/pt-br\/product\/green-spa-set\/#breadcrumb\",\"itemListElement\":[{\"@type\":\"ListItem\",\"position\":1,\"name\":\"Shop\",\"item\":\"https:\/\/bacanaskincare.com\/pt-br\/shop\/\"},{\"@type\":\"ListItem\",\"position\":2,\"name\":\"Skin care\",\"item\":\"https:\/\/bacanaskincare.com\/pt-br\/categoria-produto\/skin-care-pt-br\/\"},{\"@type\":\"ListItem\",\"position\":3,\"name\":\"Spa Time Set &#8211; Green Clay\"}]},{\"@type\":\"WebSite\",\"@id\":\"https:\/\/bacanaskincare.com\/pt-br\/#website\",\"url\":\"https:\/\/bacanaskincare.com\/pt-br\/\",\"name\":\"Bacana Skincare\",\"description\":\"Natural skincare powered by tropical superfruits\",\"publisher\":{\"@id\":\"https:\/\/bacanaskincare.com\/pt-br\/#organization\"},\"potentialAction\":[{\"@type\":\"SearchAction\",\"target\":{\"@type\":\"EntryPoint\",\"urlTemplate\":\"https:\/\/bacanaskincare.com\/pt-br\/?s={search_term_string}\"},\"query-input\":{\"@type\":\"PropertyValueSpecification\",\"valueRequired\":true,\"valueName\":\"search_term_string\"}}],\"inLanguage\":\"pt-BR\"},{\"@type\":\"Organization\",\"@id\":\"https:\/\/bacanaskincare.com\/pt-br\/#organization\",\"name\":\"Bacana Skincare\",\"url\":\"https:\/\/bacanaskincare.com\/pt-br\/\",\"logo\":{\"@type\":\"ImageObject\",\"inLanguage\":\"pt-BR\",\"@id\":\"https:\/\/bacanaskincare.com\/pt-br\/#\/schema\/logo\/image\/\",\"url\":\"https:\/\/bacanaskincare.com\/wp-content\/uploads\/2019\/09\/u.png\",\"contentUrl\":\"https:\/\/bacanaskincare.com\/wp-content\/uploads\/2019\/09\/u.png\",\"width\":834,\"height\":226,\"caption\":\"Bacana Skincare\"},\"image\":{\"@id\":\"https:\/\/bacanaskincare.com\/pt-br\/#\/schema\/logo\/image\/\"},\"sameAs\":[\"https:\/\/www.facebook.com\/bacanaskincare-106988470647315\/\",\"https:\/\/www.instagram.com\/bacanaskincare\/?hl=en\",\"https:\/\/br.pinterest.com\/d0fd9db15f94c64465fab43d03b69a\/\"]}]}<\/script>\n<!-- \/ Yoast SEO plugin. -->","yoast_head_json":{"title":"Spa Time Set - Green Clay - Bacana Skincare","robots":{"index":"index","follow":"follow","max-snippet":"max-snippet:-1","max-image-preview":"max-image-preview:large","max-video-preview":"max-video-preview:-1"},"canonical":"https:\/\/bacanaskincare.com\/pt-br\/product\/green-spa-set\/","og_locale":"pt_BR","og_type":"article","og_title":"Spa Time Set - Green Clay - Bacana Skincare","og_description":"Este \u00e9 um kit simples mas encantador. Proporciona-lhe uma experi\u00eancia de spa, transportando a sua mente para o para\u00edso. &nbsp; WHAT\u00b4S INSIDE? 1x Green Clay Purifying Face Mask: It purifies the skin without drying it out. A combina\u00e7\u00e3o dos \u00f3leos de Argila Verde Brasileira, Copa\u00edba, Moringa e Melaleuca ajuda a remover as impurezas, o excesso de oleosidade e a descongestionar os poros ap\u00f3s cada utiliza\u00e7\u00e3o. 1x Pincel para m\u00e1scara facial - O nosso pincel personalizado para m\u00e1scara oferece uma aplica\u00e7\u00e3o precisa das nossas m\u00e1scaras faciais. Ideal para desfrutar de um momento de Bacana. COMO UTILIZAR? Primeiro, limpe o seu rosto, depois aplique a m\u00e1scara com o pincel da Bacana e sinta-se como num mini tratamento de spa em casa. Espere 15 a 20 minutos e depois enxague com \u00e1gua. Utilize a m\u00e1scara 1 a 3 vezes por semana. Evite a \u00e1rea dos olhos.","og_url":"https:\/\/bacanaskincare.com\/pt-br\/product\/green-spa-set\/","og_site_name":"Bacana Skincare","article_publisher":"https:\/\/www.facebook.com\/bacanaskincare-106988470647315\/","article_modified_time":"2025-12-01T23:11:48+00:00","og_image":[{"width":1024,"height":1024,"url":"https:\/\/bacanaskincare.com\/wp-content\/uploads\/2021\/05\/Spa-Green-time.webp","type":"image\/webp"}],"twitter_card":"summary_large_image","schema":{"@context":"https:\/\/schema.org","@graph":[{"@type":["WebPage","ItemPage"],"@id":"https:\/\/bacanaskincare.com\/pt-br\/product\/green-spa-set\/","url":"https:\/\/bacanaskincare.com\/pt-br\/product\/green-spa-set\/","name":"Spa Time Set - Green Clay - Bacana Skincare","isPartOf":{"@id":"https:\/\/bacanaskincare.com\/pt-br\/#website"},"primaryImageOfPage":{"@id":"https:\/\/bacanaskincare.com\/pt-br\/product\/green-spa-set\/#primaryimage"},"image":{"@id":"https:\/\/bacanaskincare.com\/pt-br\/product\/green-spa-set\/#primaryimage"},"thumbnailUrl":"https:\/\/bacanaskincare.com\/wp-content\/uploads\/2021\/05\/Spa-Green-time.webp","datePublished":"2021-05-14T18:33:42+00:00","dateModified":"2025-12-01T23:11:48+00:00","breadcrumb":{"@id":"https:\/\/bacanaskincare.com\/pt-br\/product\/green-spa-set\/#breadcrumb"},"inLanguage":"pt-BR","potentialAction":[{"@type":"ReadAction","target":["https:\/\/bacanaskincare.com\/pt-br\/product\/green-spa-set\/"]}]},{"@type":"ImageObject","inLanguage":"pt-BR","@id":"https:\/\/bacanaskincare.com\/pt-br\/product\/green-spa-set\/#primaryimage","url":"https:\/\/bacanaskincare.com\/wp-content\/uploads\/2021\/05\/Spa-Green-time.webp","contentUrl":"https:\/\/bacanaskincare.com\/wp-content\/uploads\/2021\/05\/Spa-Green-time.webp","width":1024,"height":1024},{"@type":"BreadcrumbList","@id":"https:\/\/bacanaskincare.com\/pt-br\/product\/green-spa-set\/#breadcrumb","itemListElement":[{"@type":"ListItem","position":1,"name":"Shop","item":"https:\/\/bacanaskincare.com\/pt-br\/shop\/"},{"@type":"ListItem","position":2,"name":"Skin care","item":"https:\/\/bacanaskincare.com\/pt-br\/categoria-produto\/skin-care-pt-br\/"},{"@type":"ListItem","position":3,"name":"Spa Time Set &#8211; Green Clay"}]},{"@type":"WebSite","@id":"https:\/\/bacanaskincare.com\/pt-br\/#website","url":"https:\/\/bacanaskincare.com\/pt-br\/","name":"Bacana Skincare","description":"Natural skincare powered by tropical superfruits","publisher":{"@id":"https:\/\/bacanaskincare.com\/pt-br\/#organization"},"potentialAction":[{"@type":"SearchAction","target":{"@type":"EntryPoint","urlTemplate":"https:\/\/bacanaskincare.com\/pt-br\/?s={search_term_string}"},"query-input":{"@type":"PropertyValueSpecification","valueRequired":true,"valueName":"search_term_string"}}],"inLanguage":"pt-BR"},{"@type":"Organization","@id":"https:\/\/bacanaskincare.com\/pt-br\/#organization","name":"Bacana Skincare","url":"https:\/\/bacanaskincare.com\/pt-br\/","logo":{"@type":"ImageObject","inLanguage":"pt-BR","@id":"https:\/\/bacanaskincare.com\/pt-br\/#\/schema\/logo\/image\/","url":"https:\/\/bacanaskincare.com\/wp-content\/uploads\/2019\/09\/u.png","contentUrl":"https:\/\/bacanaskincare.com\/wp-content\/uploads\/2019\/09\/u.png","width":834,"height":226,"caption":"Bacana Skincare"},"image":{"@id":"https:\/\/bacanaskincare.com\/pt-br\/#\/schema\/logo\/image\/"},"sameAs":["https:\/\/www.facebook.com\/bacanaskincare-106988470647315\/","https:\/\/www.instagram.com\/bacanaskincare\/?hl=en","https:\/\/br.pinterest.com\/d0fd9db15f94c64465fab43d03b69a\/"]}]}},"_links":{"self":[{"href":"https:\/\/bacanaskincare.com\/pt-br\/wp-json\/wp\/v2\/product\/19714","targetHints":{"allow":["GET"]}}],"collection":[{"href":"https:\/\/bacanaskincare.com\/pt-br\/wp-json\/wp\/v2\/product"}],"about":[{"href":"https:\/\/bacanaskincare.com\/pt-br\/wp-json\/wp\/v2\/types\/product"}],"replies":[{"embeddable":true,"href":"https:\/\/bacanaskincare.com\/pt-br\/wp-json\/wp\/v2\/comments?post=19714"}],"wp:featuredmedia":[{"embeddable":true,"href":"https:\/\/bacanaskincare.com\/pt-br\/wp-json\/wp\/v2\/media\/23897"}],"wp:attachment":[{"href":"https:\/\/bacanaskincare.com\/pt-br\/wp-json\/wp\/v2\/media?parent=19714"}],"wp:term":[{"taxonomy":"product_brand","embeddable":true,"href":"https:\/\/bacanaskincare.com\/pt-br\/wp-json\/wp\/v2\/product_brand?post=19714"},{"taxonomy":"product_cat","embeddable":true,"href":"https:\/\/bacanaskincare.com\/pt-br\/wp-json\/wp\/v2\/product_cat?post=19714"},{"taxonomy":"product_tag","embeddable":true,"href":"https:\/\/bacanaskincare.com\/pt-br\/wp-json\/wp\/v2\/product_tag?post=19714"}],"curies":[{"name":"wp","href":"https:\/\/api.w.org\/{rel}","templated":true}]}}