{"id":19699,"date":"2020-02-09T21:50:31","date_gmt":"2020-02-09T20:50:31","guid":{"rendered":"http:\/\/bacanaskincare.com\/?post_type=product&#038;p=19699"},"modified":"2026-02-25T18:27:08","modified_gmt":"2026-02-25T17:27:08","slug":"tropical-shine-oil-serum","status":"publish","type":"product","link":"https:\/\/bacanaskincare.com\/pt-br\/product\/tropical-shine-oil-serum\/","title":{"rendered":"Serum Maracuja cabelo e rosto (Tropical Shine)"},"content":{"rendered":"<h3 class=\"p1\"><strong> INGREDIENTES CHAVE E PORQUE FUNCIONAM:<\/strong><\/h3>\n<p><strong>\u00d3LEO DE MARACUJ\u00c1:<\/strong> As suas vitaminas e \u00e1cidos gordos (\u00f3mega 3 e 6) ajudam a proteger contra os danos causados pelo sol, hidratam e suavizam a pele. O nosso \u00f3leo de maracuj\u00e1 \u00e9 prensado a frio e proveniente do Brasil. O nosso fornecedor apoia as comunidades locais, conserva as esp\u00e9cies e mant\u00e9m a biodiversidade numa regi\u00e3o ecologicamente significativa.<\/p>\n<p><strong>\u00d3LEO DE PRACAXI ORG\u00c2NICO:<\/strong> Estudos cl\u00ednicos confirmam que o \u00d3leo de Pracaxi reduz as manchas, promovendo uma pele mais uniforme e radiante. Aumenta a produ\u00e7\u00e3o de \u00e1cido hialur\u00f4nico e de col\u00e1geno, combatendo os sinais de envelhecimento e mantendo a pele nutrida e hidratada. Al\u00e9m disso, torna o cabelo mais brilhante e mais f\u00e1cil de pentear. O nosso \u00f3leo de Pracaxi \u00e9 org\u00e2nico e proveniente do Brasil. O nosso fornecedor apoia as comunidades locais, oferecendo um rendimento adicional aos coletores de sementes de pracaxi, ao mesmo tempo que promove a conserva\u00e7\u00e3o das esp\u00e9cies e preserva a biodiversidade numa regi\u00e3o ecologicamente significativa.<\/p>\n<p><strong>\u00d3LEO DE ROSA MOSQUETA ORG\u00c2NICO:<\/strong> um anti-inflamat\u00f3rio natural com elevadas concentra\u00e7\u00f5es de \u00f3megas 3, 6, 7 e 9, al\u00e9m de caroten\u00f3ides antioxidantes. Assim, ajuda a reparar, alisar e firmar a pele.<\/p>\n<p><strong>ESQUALANO:<\/strong> um \u00f3leo 100% derivado da azeitona que proporciona uma hidrata\u00e7\u00e3o intensiva e \u00e1cidos graxos essenciais \u00e0 pele, deixando-a excecionalmente macia. Quando aplicado no cabelo, suaviza e reveste a cut\u00edcula do cabelo, tornando-o mais brilhante.<\/p>\n<p><strong>BISABOLOL:<\/strong> um ingrediente natural com potentes propriedades anti-inflamat\u00f3rias, que acalma e suaviza a pele.<\/p>\n<p><strong>VITAMINA E NATURAL:<\/strong> Gra\u00e7as \u00e0s suas propriedades antioxidantes, a vitamina E nos cosm\u00e9ticos ajuda a proteger a f\u00f3rmula contra a oxida\u00e7\u00e3o. Na pele, minimiza o impacto dos radicais livres induzidos pelos raios solares e poluentes ambientais, impedindo o envelhecimento prematuro da pele.<\/p>\n","protected":false},"excerpt":{"rendered":"<blockquote>\n<h4>Um s\u00e9rum com \u00f3leos \u00f3mega nutritivos e vitamina E para uma pele e um cabelo com um brilho luminoso e saud\u00e1vel.<\/h4>\n<\/blockquote>\n<p>&nbsp;<\/p>\n<p>[vc_row][vc_column][vc_toggle title=&#8221;O QUE \u00c9?&#8221; style=&#8221;arrow&#8221; custom_font_container=&#8221;tag:h3|text_align:left&#8221; custom_use_theme_fonts=&#8221;yes&#8221;]\u00c9 um s\u00e9rum oleoso leve e vers\u00e1til que pode ser utilizado tanto no cabelo como no rosto. Este s\u00e9rum rico em nutrientes \u00e9 enriquecido com \u00f3mega e vitamina E, oferecendo benef\u00edcios rejuvenescedores, nutritivos e calmantes. \u00c9 rapidamente absorvido e n\u00e3o deixa uma sensa\u00e7\u00e3o de oleosidade na pele. Quando aplicado no cabelo, suaviza e reveste a cut\u00edcula do cabelo, resultando num cabelo mais brilhante.[\/vc_toggle][vc_toggle title=&#8221;O QUE ELE FAZ?&#8221; style=&#8221;arrow&#8221; custom_font_container=&#8221;tag:h3|text_align:left&#8221; custom_use_theme_fonts=&#8221;yes&#8221;]Formulado para alimentar a pele com \u00e1cidos graxos essenciais e esqualano, ambos os quais diminuem naturalmente com a idade, levando a uma pele mais seca e sem brilho. O nosso s\u00e9rum Tropical Shine mant\u00e9m a pele hidratada e rejuvenescendo-a com um brilho natural e saud\u00e1vel.[\/vc_toggle][vc_toggle title=&#8221;PARA QUEM?&#8221; style=&#8221;arrow&#8221; custom_font_container=&#8221;tag:h3|text_align:left&#8221; custom_use_theme_fonts=&#8221;yes&#8221;]Para todos os tipos de pele, mesmo as mais sens\u00edveis.[\/vc_toggle][vc_toggle title=&#8221;COMO USAR?&#8221; style=&#8221;arrow&#8221; custom_font_container=&#8221;tag:h3|text_align:left&#8221; custom_use_theme_fonts=&#8221;yes&#8221;]Aplicar 2 a 4 gotas no rosto uma ou duas vezes por dia. Utilizar sozinho ou ap\u00f3s o seu <a href=\"http:\/\/bacanaskincare.com\/shop\/natural-skincare-face-cream\/multi-action-face-cream\/\">hidratante di\u00e1rio.<\/a> Pode ser utilizado alternadamente com o nosso Bio-Retinol Oil Serum. Utilizar o Tropical Shine Oil Serum de manh\u00e3 e o Bio-Retinol \u00e0 noite.<\/p>\n<p>Cabelo: massajar 2 gotas no cabelo h\u00famido ou seco, do meio do comprimento at\u00e9 \u00e0s pontas. De plus, il peut \u00eatre utilis\u00e9 avant et apr\u00e8s le rasage pour nourrir le poil et apaiser la peau.<br \/>\nNe pas rincer car il ne laisse pas de sensation de gras.[\/vc_toggle][\/vc_column][\/vc_row]<\/p>\n<p>Tamanho: 30 ml.<\/p>\n<p>Sem Fragr\u00e2ncia<\/p>\n<p>F\u00f3rmula limpa e ingrediente natural. De origem sustent\u00e1vel. Respons\u00e1vel pelo ambiente. Testado dermatologicamente. Vegano. Sem testes em animais.     <\/p>\n","protected":false},"featured_media":26178,"comment_status":"open","ping_status":"closed","template":"","meta":{"ocean_post_layout":"","ocean_both_sidebars_style":"","ocean_both_sidebars_content_width":0,"ocean_both_sidebars_sidebars_width":0,"ocean_sidebar":"0","ocean_second_sidebar":"0","ocean_disable_margins":"enable","ocean_add_body_class":"","ocean_shortcode_before_top_bar":"","ocean_shortcode_after_top_bar":"","ocean_shortcode_before_header":"","ocean_shortcode_after_header":"","ocean_has_shortcode":"","ocean_shortcode_after_title":"","ocean_shortcode_before_footer_widgets":"","ocean_shortcode_after_footer_widgets":"","ocean_shortcode_before_footer_bottom":"","ocean_shortcode_after_footer_bottom":"","ocean_display_top_bar":"default","ocean_display_header":"default","ocean_header_style":"","ocean_center_header_left_menu":"0","ocean_custom_header_template":"0","ocean_custom_logo":0,"ocean_custom_retina_logo":0,"ocean_custom_logo_max_width":0,"ocean_custom_logo_tablet_max_width":0,"ocean_custom_logo_mobile_max_width":0,"ocean_custom_logo_max_height":0,"ocean_custom_logo_tablet_max_height":0,"ocean_custom_logo_mobile_max_height":0,"ocean_header_custom_menu":"0","ocean_menu_typo_font_family":"0","ocean_menu_typo_font_subset":"","ocean_menu_typo_font_size":0,"ocean_menu_typo_font_size_tablet":0,"ocean_menu_typo_font_size_mobile":0,"ocean_menu_typo_font_size_unit":"px","ocean_menu_typo_font_weight":"","ocean_menu_typo_font_weight_tablet":"","ocean_menu_typo_font_weight_mobile":"","ocean_menu_typo_transform":"","ocean_menu_typo_transform_tablet":"","ocean_menu_typo_transform_mobile":"","ocean_menu_typo_line_height":0,"ocean_menu_typo_line_height_tablet":0,"ocean_menu_typo_line_height_mobile":0,"ocean_menu_typo_line_height_unit":"","ocean_menu_typo_spacing":0,"ocean_menu_typo_spacing_tablet":0,"ocean_menu_typo_spacing_mobile":0,"ocean_menu_typo_spacing_unit":"","ocean_menu_link_color":"","ocean_menu_link_color_hover":"","ocean_menu_link_color_active":"","ocean_menu_link_background":"","ocean_menu_link_hover_background":"","ocean_menu_link_active_background":"","ocean_menu_social_links_bg":"","ocean_menu_social_hover_links_bg":"","ocean_menu_social_links_color":"","ocean_menu_social_hover_links_color":"","ocean_disable_title":"default","ocean_disable_heading":"default","ocean_post_title":"","ocean_post_subheading":"","ocean_post_title_style":"","ocean_post_title_background_color":"","ocean_post_title_background":0,"ocean_post_title_bg_image_position":"","ocean_post_title_bg_image_attachment":"","ocean_post_title_bg_image_repeat":"","ocean_post_title_bg_image_size":"","ocean_post_title_height":0,"ocean_post_title_bg_overlay":0.5,"ocean_post_title_bg_overlay_color":"","ocean_disable_breadcrumbs":"default","ocean_breadcrumbs_color":"","ocean_breadcrumbs_separator_color":"","ocean_breadcrumbs_links_color":"","ocean_breadcrumbs_links_hover_color":"","ocean_display_footer_widgets":"default","ocean_display_footer_bottom":"default","ocean_custom_footer_template":"0","iawp_total_views":87},"product_brand":[],"product_cat":[401],"product_tag":[],"class_list":{"0":"post-19699","1":"product","2":"type-product","3":"status-publish","4":"has-post-thumbnail","6":"product_cat-skin-care-pt-br","8":"entry","9":"has-media","11":"first","12":"instock","13":"shipping-taxable","14":"purchasable","15":"product-type-simple","16":"has-rating","17":"has-product-nav","18":"col","19":"span_1_of_3","20":"owp-content-center","21":"item-entry","22":"owp-thumbs-layout-horizontal","23":"owp-btn-normal","24":"owp-tabs-layout-horizontal","26":"circle-sale"},"yoast_head":"<!-- This site is optimized with the Yoast SEO plugin v27.3 - https:\/\/yoast.com\/product\/yoast-seo-wordpress\/ -->\n<title>Oil Serum Tropical Shine de Bacana Skincare | Vegan &amp; Cruelty free<\/title>\n<meta name=\"description\" content=\"Um precioso s\u00e9rum multifuncional que hidrata, protege e repara instantaneamente o rosto e o cabelo sem deixar uma sensa\u00e7\u00e3o gordurosa. Para todos os tipos de pele.\" \/>\n<meta name=\"robots\" content=\"index, follow, max-snippet:-1, max-image-preview:large, max-video-preview:-1\" \/>\n<link rel=\"canonical\" href=\"https:\/\/bacanaskincare.com\/pt-br\/product\/tropical-shine-oil-serum\/\" \/>\n<meta property=\"og:locale\" content=\"pt_BR\" \/>\n<meta property=\"og:type\" content=\"article\" \/>\n<meta property=\"og:title\" content=\"Oil Serum Tropical Shine de Bacana Skincare | Vegan &amp; Cruelty free\" \/>\n<meta property=\"og:description\" content=\"Um precioso s\u00e9rum multifuncional que hidrata, protege e repara instantaneamente o rosto e o cabelo sem deixar uma sensa\u00e7\u00e3o gordurosa. Para todos os tipos de pele.\" \/>\n<meta property=\"og:url\" content=\"https:\/\/bacanaskincare.com\/pt-br\/product\/tropical-shine-oil-serum\/\" \/>\n<meta property=\"og:site_name\" content=\"Bacana Skincare\" \/>\n<meta property=\"article:publisher\" content=\"https:\/\/www.facebook.com\/bacanaskincare-106988470647315\/\" \/>\n<meta property=\"article:modified_time\" content=\"2026-02-25T17:27:08+00:00\" \/>\n<meta property=\"og:image\" content=\"https:\/\/bacanaskincare.com\/wp-content\/uploads\/2020\/02\/Serum-Maracuja-5-2.jpg\" \/>\n\t<meta property=\"og:image:width\" content=\"1050\" \/>\n\t<meta property=\"og:image:height\" content=\"1050\" \/>\n\t<meta property=\"og:image:type\" content=\"image\/jpeg\" \/>\n<meta name=\"twitter:card\" content=\"summary_large_image\" \/>\n<meta name=\"twitter:label1\" content=\"Est. tempo de leitura\" \/>\n\t<meta name=\"twitter:data1\" content=\"2 minutos\" \/>\n<script type=\"application\/ld+json\" class=\"yoast-schema-graph\">{\"@context\":\"https:\\\/\\\/schema.org\",\"@graph\":[{\"@type\":[\"WebPage\",\"ItemPage\"],\"@id\":\"https:\\\/\\\/bacanaskincare.com\\\/pt-br\\\/product\\\/tropical-shine-oil-serum\\\/\",\"url\":\"https:\\\/\\\/bacanaskincare.com\\\/pt-br\\\/product\\\/tropical-shine-oil-serum\\\/\",\"name\":\"Oil Serum Tropical Shine de Bacana Skincare | Vegan & Cruelty free\",\"isPartOf\":{\"@id\":\"https:\\\/\\\/bacanaskincare.com\\\/pt-br\\\/#website\"},\"primaryImageOfPage\":{\"@id\":\"https:\\\/\\\/bacanaskincare.com\\\/pt-br\\\/product\\\/tropical-shine-oil-serum\\\/#primaryimage\"},\"image\":{\"@id\":\"https:\\\/\\\/bacanaskincare.com\\\/pt-br\\\/product\\\/tropical-shine-oil-serum\\\/#primaryimage\"},\"thumbnailUrl\":\"https:\\\/\\\/bacanaskincare.com\\\/wp-content\\\/uploads\\\/2020\\\/02\\\/Serum-Maracuja-5-2.jpg\",\"datePublished\":\"2020-02-09T20:50:31+00:00\",\"dateModified\":\"2026-02-25T17:27:08+00:00\",\"description\":\"Um precioso s\u00e9rum multifuncional que hidrata, protege e repara instantaneamente o rosto e o cabelo sem deixar uma sensa\u00e7\u00e3o gordurosa. Para todos os tipos de pele.\",\"breadcrumb\":{\"@id\":\"https:\\\/\\\/bacanaskincare.com\\\/pt-br\\\/product\\\/tropical-shine-oil-serum\\\/#breadcrumb\"},\"inLanguage\":\"pt-BR\",\"potentialAction\":[{\"@type\":\"ReadAction\",\"target\":[\"https:\\\/\\\/bacanaskincare.com\\\/pt-br\\\/product\\\/tropical-shine-oil-serum\\\/\"]}]},{\"@type\":\"ImageObject\",\"inLanguage\":\"pt-BR\",\"@id\":\"https:\\\/\\\/bacanaskincare.com\\\/pt-br\\\/product\\\/tropical-shine-oil-serum\\\/#primaryimage\",\"url\":\"https:\\\/\\\/bacanaskincare.com\\\/wp-content\\\/uploads\\\/2020\\\/02\\\/Serum-Maracuja-5-2.jpg\",\"contentUrl\":\"https:\\\/\\\/bacanaskincare.com\\\/wp-content\\\/uploads\\\/2020\\\/02\\\/Serum-Maracuja-5-2.jpg\",\"width\":1050,\"height\":1050},{\"@type\":\"BreadcrumbList\",\"@id\":\"https:\\\/\\\/bacanaskincare.com\\\/pt-br\\\/product\\\/tropical-shine-oil-serum\\\/#breadcrumb\",\"itemListElement\":[{\"@type\":\"ListItem\",\"position\":1,\"name\":\"Shop\",\"item\":\"https:\\\/\\\/bacanaskincare.com\\\/pt-br\\\/shop\\\/\"},{\"@type\":\"ListItem\",\"position\":2,\"name\":\"Skin care\",\"item\":\"https:\\\/\\\/bacanaskincare.com\\\/pt-br\\\/categoria-produto\\\/skin-care-pt-br\\\/\"},{\"@type\":\"ListItem\",\"position\":3,\"name\":\"Serum Maracuja cabelo e rosto (Tropical Shine)\"}]},{\"@type\":\"WebSite\",\"@id\":\"https:\\\/\\\/bacanaskincare.com\\\/pt-br\\\/#website\",\"url\":\"https:\\\/\\\/bacanaskincare.com\\\/pt-br\\\/\",\"name\":\"Bacana Skincare\",\"description\":\"Natural skincare powered by tropical superfruits\",\"publisher\":{\"@id\":\"https:\\\/\\\/bacanaskincare.com\\\/pt-br\\\/#organization\"},\"potentialAction\":[{\"@type\":\"SearchAction\",\"target\":{\"@type\":\"EntryPoint\",\"urlTemplate\":\"https:\\\/\\\/bacanaskincare.com\\\/pt-br\\\/?s={search_term_string}\"},\"query-input\":{\"@type\":\"PropertyValueSpecification\",\"valueRequired\":true,\"valueName\":\"search_term_string\"}}],\"inLanguage\":\"pt-BR\"},{\"@type\":\"Organization\",\"@id\":\"https:\\\/\\\/bacanaskincare.com\\\/pt-br\\\/#organization\",\"name\":\"Bacana Skincare\",\"url\":\"https:\\\/\\\/bacanaskincare.com\\\/pt-br\\\/\",\"logo\":{\"@type\":\"ImageObject\",\"inLanguage\":\"pt-BR\",\"@id\":\"https:\\\/\\\/bacanaskincare.com\\\/pt-br\\\/#\\\/schema\\\/logo\\\/image\\\/\",\"url\":\"https:\\\/\\\/bacanaskincare.com\\\/wp-content\\\/uploads\\\/2019\\\/09\\\/u.png\",\"contentUrl\":\"https:\\\/\\\/bacanaskincare.com\\\/wp-content\\\/uploads\\\/2019\\\/09\\\/u.png\",\"width\":834,\"height\":226,\"caption\":\"Bacana Skincare\"},\"image\":{\"@id\":\"https:\\\/\\\/bacanaskincare.com\\\/pt-br\\\/#\\\/schema\\\/logo\\\/image\\\/\"},\"sameAs\":[\"https:\\\/\\\/www.facebook.com\\\/bacanaskincare-106988470647315\\\/\",\"https:\\\/\\\/www.instagram.com\\\/bacanaskincare\\\/?hl=en\",\"https:\\\/\\\/br.pinterest.com\\\/d0fd9db15f94c64465fab43d03b69a\\\/\"]}]}<\/script>\n<!-- \/ Yoast SEO plugin. -->","yoast_head_json":{"title":"Oil Serum Tropical Shine de Bacana Skincare | Vegan & Cruelty free","description":"Um precioso s\u00e9rum multifuncional que hidrata, protege e repara instantaneamente o rosto e o cabelo sem deixar uma sensa\u00e7\u00e3o gordurosa. Para todos os tipos de pele.","robots":{"index":"index","follow":"follow","max-snippet":"max-snippet:-1","max-image-preview":"max-image-preview:large","max-video-preview":"max-video-preview:-1"},"canonical":"https:\/\/bacanaskincare.com\/pt-br\/product\/tropical-shine-oil-serum\/","og_locale":"pt_BR","og_type":"article","og_title":"Oil Serum Tropical Shine de Bacana Skincare | Vegan & Cruelty free","og_description":"Um precioso s\u00e9rum multifuncional que hidrata, protege e repara instantaneamente o rosto e o cabelo sem deixar uma sensa\u00e7\u00e3o gordurosa. Para todos os tipos de pele.","og_url":"https:\/\/bacanaskincare.com\/pt-br\/product\/tropical-shine-oil-serum\/","og_site_name":"Bacana Skincare","article_publisher":"https:\/\/www.facebook.com\/bacanaskincare-106988470647315\/","article_modified_time":"2026-02-25T17:27:08+00:00","og_image":[{"width":1050,"height":1050,"url":"https:\/\/bacanaskincare.com\/wp-content\/uploads\/2020\/02\/Serum-Maracuja-5-2.jpg","type":"image\/jpeg"}],"twitter_card":"summary_large_image","twitter_misc":{"Est. tempo de leitura":"2 minutos"},"schema":{"@context":"https:\/\/schema.org","@graph":[{"@type":["WebPage","ItemPage"],"@id":"https:\/\/bacanaskincare.com\/pt-br\/product\/tropical-shine-oil-serum\/","url":"https:\/\/bacanaskincare.com\/pt-br\/product\/tropical-shine-oil-serum\/","name":"Oil Serum Tropical Shine de Bacana Skincare | Vegan & Cruelty free","isPartOf":{"@id":"https:\/\/bacanaskincare.com\/pt-br\/#website"},"primaryImageOfPage":{"@id":"https:\/\/bacanaskincare.com\/pt-br\/product\/tropical-shine-oil-serum\/#primaryimage"},"image":{"@id":"https:\/\/bacanaskincare.com\/pt-br\/product\/tropical-shine-oil-serum\/#primaryimage"},"thumbnailUrl":"https:\/\/bacanaskincare.com\/wp-content\/uploads\/2020\/02\/Serum-Maracuja-5-2.jpg","datePublished":"2020-02-09T20:50:31+00:00","dateModified":"2026-02-25T17:27:08+00:00","description":"Um precioso s\u00e9rum multifuncional que hidrata, protege e repara instantaneamente o rosto e o cabelo sem deixar uma sensa\u00e7\u00e3o gordurosa. Para todos os tipos de pele.","breadcrumb":{"@id":"https:\/\/bacanaskincare.com\/pt-br\/product\/tropical-shine-oil-serum\/#breadcrumb"},"inLanguage":"pt-BR","potentialAction":[{"@type":"ReadAction","target":["https:\/\/bacanaskincare.com\/pt-br\/product\/tropical-shine-oil-serum\/"]}]},{"@type":"ImageObject","inLanguage":"pt-BR","@id":"https:\/\/bacanaskincare.com\/pt-br\/product\/tropical-shine-oil-serum\/#primaryimage","url":"https:\/\/bacanaskincare.com\/wp-content\/uploads\/2020\/02\/Serum-Maracuja-5-2.jpg","contentUrl":"https:\/\/bacanaskincare.com\/wp-content\/uploads\/2020\/02\/Serum-Maracuja-5-2.jpg","width":1050,"height":1050},{"@type":"BreadcrumbList","@id":"https:\/\/bacanaskincare.com\/pt-br\/product\/tropical-shine-oil-serum\/#breadcrumb","itemListElement":[{"@type":"ListItem","position":1,"name":"Shop","item":"https:\/\/bacanaskincare.com\/pt-br\/shop\/"},{"@type":"ListItem","position":2,"name":"Skin care","item":"https:\/\/bacanaskincare.com\/pt-br\/categoria-produto\/skin-care-pt-br\/"},{"@type":"ListItem","position":3,"name":"Serum Maracuja cabelo e rosto (Tropical Shine)"}]},{"@type":"WebSite","@id":"https:\/\/bacanaskincare.com\/pt-br\/#website","url":"https:\/\/bacanaskincare.com\/pt-br\/","name":"Bacana Skincare","description":"Natural skincare powered by tropical superfruits","publisher":{"@id":"https:\/\/bacanaskincare.com\/pt-br\/#organization"},"potentialAction":[{"@type":"SearchAction","target":{"@type":"EntryPoint","urlTemplate":"https:\/\/bacanaskincare.com\/pt-br\/?s={search_term_string}"},"query-input":{"@type":"PropertyValueSpecification","valueRequired":true,"valueName":"search_term_string"}}],"inLanguage":"pt-BR"},{"@type":"Organization","@id":"https:\/\/bacanaskincare.com\/pt-br\/#organization","name":"Bacana Skincare","url":"https:\/\/bacanaskincare.com\/pt-br\/","logo":{"@type":"ImageObject","inLanguage":"pt-BR","@id":"https:\/\/bacanaskincare.com\/pt-br\/#\/schema\/logo\/image\/","url":"https:\/\/bacanaskincare.com\/wp-content\/uploads\/2019\/09\/u.png","contentUrl":"https:\/\/bacanaskincare.com\/wp-content\/uploads\/2019\/09\/u.png","width":834,"height":226,"caption":"Bacana Skincare"},"image":{"@id":"https:\/\/bacanaskincare.com\/pt-br\/#\/schema\/logo\/image\/"},"sameAs":["https:\/\/www.facebook.com\/bacanaskincare-106988470647315\/","https:\/\/www.instagram.com\/bacanaskincare\/?hl=en","https:\/\/br.pinterest.com\/d0fd9db15f94c64465fab43d03b69a\/"]}]}},"_links":{"self":[{"href":"https:\/\/bacanaskincare.com\/pt-br\/wp-json\/wp\/v2\/product\/19699","targetHints":{"allow":["GET"]}}],"collection":[{"href":"https:\/\/bacanaskincare.com\/pt-br\/wp-json\/wp\/v2\/product"}],"about":[{"href":"https:\/\/bacanaskincare.com\/pt-br\/wp-json\/wp\/v2\/types\/product"}],"replies":[{"embeddable":true,"href":"https:\/\/bacanaskincare.com\/pt-br\/wp-json\/wp\/v2\/comments?post=19699"}],"wp:featuredmedia":[{"embeddable":true,"href":"https:\/\/bacanaskincare.com\/pt-br\/wp-json\/wp\/v2\/media\/26178"}],"wp:attachment":[{"href":"https:\/\/bacanaskincare.com\/pt-br\/wp-json\/wp\/v2\/media?parent=19699"}],"wp:term":[{"taxonomy":"product_brand","embeddable":true,"href":"https:\/\/bacanaskincare.com\/pt-br\/wp-json\/wp\/v2\/product_brand?post=19699"},{"taxonomy":"product_cat","embeddable":true,"href":"https:\/\/bacanaskincare.com\/pt-br\/wp-json\/wp\/v2\/product_cat?post=19699"},{"taxonomy":"product_tag","embeddable":true,"href":"https:\/\/bacanaskincare.com\/pt-br\/wp-json\/wp\/v2\/product_tag?post=19699"}],"curies":[{"name":"wp","href":"https:\/\/api.w.org\/{rel}","templated":true}]}}