{"id":19688,"date":"2020-11-20T14:25:20","date_gmt":"2020-11-20T13:25:20","guid":{"rendered":"http:\/\/bacanaskincare.com\/?post_type=product&#038;p=19688"},"modified":"2025-12-02T00:11:48","modified_gmt":"2025-12-01T23:11:48","slug":"face-mask-brush","status":"publish","type":"product","link":"https:\/\/bacanaskincare.com\/pt-br\/product\/face-mask-brush\/","title":{"rendered":"Pincel para M\u00e1scara de Argila"},"content":{"rendered":"<p>O cabo da nossa escova \u00e9 feito de madeira e as cerdas s\u00e3o sint\u00e9ticas.<\/p>\n","protected":false},"excerpt":{"rendered":"<blockquote>\n<h3>Melhore a sua experi\u00eancia com as m\u00e1scaras faciais com a nossa escova Bacana.<\/h3>\n<\/blockquote>\n<p>&nbsp;<\/p>\n<p>O nosso pincel personalizado para m\u00e1scaras oferece uma aplica\u00e7\u00e3o precisa das nossas m\u00e1scaras faciais. Ideal para desfrutar de um momento de Bacana.<\/p>\n<p style=\"text-align: left;\">Este pincel para m\u00e1scaras faciais garante uma aplica\u00e7\u00e3o limpa e uniforme de cada vez que aplica uma m\u00e1scara. Al\u00e9m disso, ajuda-a a espalhar uma camada suave e uniforme das nossas m\u00e1scaras faciais de argila sobre a sua pele.<\/p>\n<p>Desfrute de uma experi\u00eancia de spa com as nossas m\u00e1scaras de argila. Oferecemos dois conjuntos diferentes com a nossa escova: a <a href=\"https:\/\/bacanaskincare.com\/shop\/set\/spa-time-gift-set\/\">M\u00e1scara de Argila Vermelha Spa Time<\/a> e a <a href=\"https:\/\/bacanaskincare.com\/shop\/set\/green-spa-set\/\">M\u00e1scara Facial de Argila Verde Spa Time<\/a>.<\/p>\n<p>&nbsp;<\/p>\n<p>&nbsp;<\/p>\n","protected":false},"featured_media":19689,"comment_status":"open","ping_status":"closed","template":"","meta":{"ocean_post_layout":"","ocean_both_sidebars_style":"","ocean_both_sidebars_content_width":0,"ocean_both_sidebars_sidebars_width":0,"ocean_sidebar":"0","ocean_second_sidebar":"0","ocean_disable_margins":"enable","ocean_add_body_class":"","ocean_shortcode_before_top_bar":"","ocean_shortcode_after_top_bar":"","ocean_shortcode_before_header":"","ocean_shortcode_after_header":"","ocean_has_shortcode":"","ocean_shortcode_after_title":"","ocean_shortcode_before_footer_widgets":"","ocean_shortcode_after_footer_widgets":"","ocean_shortcode_before_footer_bottom":"","ocean_shortcode_after_footer_bottom":"","ocean_display_top_bar":"default","ocean_display_header":"default","ocean_header_style":"","ocean_center_header_left_menu":"0","ocean_custom_header_template":"0","ocean_custom_logo":0,"ocean_custom_retina_logo":0,"ocean_custom_logo_max_width":0,"ocean_custom_logo_tablet_max_width":0,"ocean_custom_logo_mobile_max_width":0,"ocean_custom_logo_max_height":0,"ocean_custom_logo_tablet_max_height":0,"ocean_custom_logo_mobile_max_height":0,"ocean_header_custom_menu":"0","ocean_menu_typo_font_family":"0","ocean_menu_typo_font_subset":"","ocean_menu_typo_font_size":0,"ocean_menu_typo_font_size_tablet":0,"ocean_menu_typo_font_size_mobile":0,"ocean_menu_typo_font_size_unit":"px","ocean_menu_typo_font_weight":"","ocean_menu_typo_font_weight_tablet":"","ocean_menu_typo_font_weight_mobile":"","ocean_menu_typo_transform":"","ocean_menu_typo_transform_tablet":"","ocean_menu_typo_transform_mobile":"","ocean_menu_typo_line_height":0,"ocean_menu_typo_line_height_tablet":0,"ocean_menu_typo_line_height_mobile":0,"ocean_menu_typo_line_height_unit":"","ocean_menu_typo_spacing":0,"ocean_menu_typo_spacing_tablet":0,"ocean_menu_typo_spacing_mobile":0,"ocean_menu_typo_spacing_unit":"","ocean_menu_link_color":"","ocean_menu_link_color_hover":"","ocean_menu_link_color_active":"","ocean_menu_link_background":"","ocean_menu_link_hover_background":"","ocean_menu_link_active_background":"","ocean_menu_social_links_bg":"","ocean_menu_social_hover_links_bg":"","ocean_menu_social_links_color":"","ocean_menu_social_hover_links_color":"","ocean_disable_title":"default","ocean_disable_heading":"default","ocean_post_title":"","ocean_post_subheading":"","ocean_post_title_style":"","ocean_post_title_background_color":"","ocean_post_title_background":0,"ocean_post_title_bg_image_position":"","ocean_post_title_bg_image_attachment":"","ocean_post_title_bg_image_repeat":"","ocean_post_title_bg_image_size":"","ocean_post_title_height":0,"ocean_post_title_bg_overlay":0.5,"ocean_post_title_bg_overlay_color":"","ocean_disable_breadcrumbs":"default","ocean_breadcrumbs_color":"","ocean_breadcrumbs_separator_color":"","ocean_breadcrumbs_links_color":"","ocean_breadcrumbs_links_hover_color":"","ocean_display_footer_widgets":"default","ocean_display_footer_bottom":"default","ocean_custom_footer_template":"0","iawp_total_views":1},"product_brand":[],"product_cat":[240],"product_tag":[],"class_list":{"0":"post-19688","1":"product","2":"type-product","3":"status-publish","4":"has-post-thumbnail","6":"product_cat-acessorios","8":"entry","9":"has-media","11":"first","12":"instock","13":"shipping-taxable","14":"purchasable","15":"product-type-simple","16":"has-rating","17":"has-product-nav","18":"col","19":"span_1_of_3","20":"owp-content-center","21":"item-entry","22":"owp-thumbs-layout-horizontal","23":"owp-btn-normal","24":"owp-tabs-layout-horizontal","25":"has-no-thumbnails","27":"circle-sale"},"yoast_head":"<!-- This site is optimized with the Yoast SEO plugin v27.3 - https:\/\/yoast.com\/product\/yoast-seo-wordpress\/ -->\n<title>Pincel para M\u00e1scara de Argila - Bacana Skincare<\/title>\n<meta name=\"robots\" content=\"index, follow, max-snippet:-1, max-image-preview:large, max-video-preview:-1\" \/>\n<link rel=\"canonical\" href=\"https:\/\/bacanaskincare.com\/pt-br\/product\/face-mask-brush\/\" \/>\n<meta property=\"og:locale\" content=\"pt_BR\" \/>\n<meta property=\"og:type\" content=\"article\" \/>\n<meta property=\"og:title\" content=\"Pincel para M\u00e1scara de Argila - Bacana Skincare\" \/>\n<meta property=\"og:description\" content=\"Melhore a sua experi\u00eancia com as m\u00e1scaras faciais com a nossa escova Bacana. &nbsp; O nosso pincel personalizado para m\u00e1scaras oferece uma aplica\u00e7\u00e3o precisa das nossas m\u00e1scaras faciais. Ideal para desfrutar de um momento de Bacana. Este pincel para m\u00e1scaras faciais garante uma aplica\u00e7\u00e3o limpa e uniforme de cada vez que aplica uma m\u00e1scara. Al\u00e9m disso, ajuda-a a espalhar uma camada suave e uniforme das nossas m\u00e1scaras faciais de argila sobre a sua pele. Desfrute de uma experi\u00eancia de spa com as nossas m\u00e1scaras de argila. Oferecemos dois conjuntos diferentes com a nossa escova: a M\u00e1scara de Argila Vermelha Spa Time e a M\u00e1scara Facial de Argila Verde Spa Time. &nbsp; &nbsp;\" \/>\n<meta property=\"og:url\" content=\"https:\/\/bacanaskincare.com\/pt-br\/product\/face-mask-brush\/\" \/>\n<meta property=\"og:site_name\" content=\"Bacana Skincare\" \/>\n<meta property=\"article:publisher\" content=\"https:\/\/www.facebook.com\/bacanaskincare-106988470647315\/\" \/>\n<meta property=\"article:modified_time\" content=\"2025-12-01T23:11:48+00:00\" \/>\n<meta property=\"og:image\" content=\"https:\/\/bacanaskincare.com\/wp-content\/uploads\/2020\/11\/brush-face.jpg\" \/>\n\t<meta property=\"og:image:width\" content=\"1365\" \/>\n\t<meta property=\"og:image:height\" content=\"1365\" \/>\n\t<meta property=\"og:image:type\" content=\"image\/jpeg\" \/>\n<meta name=\"twitter:card\" content=\"summary_large_image\" \/>\n<script type=\"application\/ld+json\" class=\"yoast-schema-graph\">{\"@context\":\"https:\\\/\\\/schema.org\",\"@graph\":[{\"@type\":[\"WebPage\",\"ItemPage\"],\"@id\":\"https:\\\/\\\/bacanaskincare.com\\\/pt-br\\\/product\\\/face-mask-brush\\\/\",\"url\":\"https:\\\/\\\/bacanaskincare.com\\\/pt-br\\\/product\\\/face-mask-brush\\\/\",\"name\":\"Pincel para M\u00e1scara de Argila - Bacana Skincare\",\"isPartOf\":{\"@id\":\"https:\\\/\\\/bacanaskincare.com\\\/pt-br\\\/#website\"},\"primaryImageOfPage\":{\"@id\":\"https:\\\/\\\/bacanaskincare.com\\\/pt-br\\\/product\\\/face-mask-brush\\\/#primaryimage\"},\"image\":{\"@id\":\"https:\\\/\\\/bacanaskincare.com\\\/pt-br\\\/product\\\/face-mask-brush\\\/#primaryimage\"},\"thumbnailUrl\":\"https:\\\/\\\/bacanaskincare.com\\\/wp-content\\\/uploads\\\/2020\\\/11\\\/brush-face.jpg\",\"datePublished\":\"2020-11-20T13:25:20+00:00\",\"dateModified\":\"2025-12-01T23:11:48+00:00\",\"breadcrumb\":{\"@id\":\"https:\\\/\\\/bacanaskincare.com\\\/pt-br\\\/product\\\/face-mask-brush\\\/#breadcrumb\"},\"inLanguage\":\"pt-BR\",\"potentialAction\":[{\"@type\":\"ReadAction\",\"target\":[\"https:\\\/\\\/bacanaskincare.com\\\/pt-br\\\/product\\\/face-mask-brush\\\/\"]}]},{\"@type\":\"ImageObject\",\"inLanguage\":\"pt-BR\",\"@id\":\"https:\\\/\\\/bacanaskincare.com\\\/pt-br\\\/product\\\/face-mask-brush\\\/#primaryimage\",\"url\":\"https:\\\/\\\/bacanaskincare.com\\\/wp-content\\\/uploads\\\/2020\\\/11\\\/brush-face.jpg\",\"contentUrl\":\"https:\\\/\\\/bacanaskincare.com\\\/wp-content\\\/uploads\\\/2020\\\/11\\\/brush-face.jpg\",\"width\":1365,\"height\":1365},{\"@type\":\"BreadcrumbList\",\"@id\":\"https:\\\/\\\/bacanaskincare.com\\\/pt-br\\\/product\\\/face-mask-brush\\\/#breadcrumb\",\"itemListElement\":[{\"@type\":\"ListItem\",\"position\":1,\"name\":\"Shop\",\"item\":\"https:\\\/\\\/bacanaskincare.com\\\/pt-br\\\/shop\\\/\"},{\"@type\":\"ListItem\",\"position\":2,\"name\":\"accessories\",\"item\":\"https:\\\/\\\/bacanaskincare.com\\\/pt-br\\\/categoria-produto\\\/acessorios\\\/\"},{\"@type\":\"ListItem\",\"position\":3,\"name\":\"Pincel para M\u00e1scara de Argila\"}]},{\"@type\":\"WebSite\",\"@id\":\"https:\\\/\\\/bacanaskincare.com\\\/pt-br\\\/#website\",\"url\":\"https:\\\/\\\/bacanaskincare.com\\\/pt-br\\\/\",\"name\":\"Bacana Skincare\",\"description\":\"Natural skincare powered by tropical superfruits\",\"publisher\":{\"@id\":\"https:\\\/\\\/bacanaskincare.com\\\/pt-br\\\/#organization\"},\"potentialAction\":[{\"@type\":\"SearchAction\",\"target\":{\"@type\":\"EntryPoint\",\"urlTemplate\":\"https:\\\/\\\/bacanaskincare.com\\\/pt-br\\\/?s={search_term_string}\"},\"query-input\":{\"@type\":\"PropertyValueSpecification\",\"valueRequired\":true,\"valueName\":\"search_term_string\"}}],\"inLanguage\":\"pt-BR\"},{\"@type\":\"Organization\",\"@id\":\"https:\\\/\\\/bacanaskincare.com\\\/pt-br\\\/#organization\",\"name\":\"Bacana Skincare\",\"url\":\"https:\\\/\\\/bacanaskincare.com\\\/pt-br\\\/\",\"logo\":{\"@type\":\"ImageObject\",\"inLanguage\":\"pt-BR\",\"@id\":\"https:\\\/\\\/bacanaskincare.com\\\/pt-br\\\/#\\\/schema\\\/logo\\\/image\\\/\",\"url\":\"https:\\\/\\\/bacanaskincare.com\\\/wp-content\\\/uploads\\\/2019\\\/09\\\/u.png\",\"contentUrl\":\"https:\\\/\\\/bacanaskincare.com\\\/wp-content\\\/uploads\\\/2019\\\/09\\\/u.png\",\"width\":834,\"height\":226,\"caption\":\"Bacana Skincare\"},\"image\":{\"@id\":\"https:\\\/\\\/bacanaskincare.com\\\/pt-br\\\/#\\\/schema\\\/logo\\\/image\\\/\"},\"sameAs\":[\"https:\\\/\\\/www.facebook.com\\\/bacanaskincare-106988470647315\\\/\",\"https:\\\/\\\/www.instagram.com\\\/bacanaskincare\\\/?hl=en\",\"https:\\\/\\\/br.pinterest.com\\\/d0fd9db15f94c64465fab43d03b69a\\\/\"]}]}<\/script>\n<!-- \/ Yoast SEO plugin. -->","yoast_head_json":{"title":"Pincel para M\u00e1scara de Argila - Bacana Skincare","robots":{"index":"index","follow":"follow","max-snippet":"max-snippet:-1","max-image-preview":"max-image-preview:large","max-video-preview":"max-video-preview:-1"},"canonical":"https:\/\/bacanaskincare.com\/pt-br\/product\/face-mask-brush\/","og_locale":"pt_BR","og_type":"article","og_title":"Pincel para M\u00e1scara de Argila - Bacana Skincare","og_description":"Melhore a sua experi\u00eancia com as m\u00e1scaras faciais com a nossa escova Bacana. &nbsp; O nosso pincel personalizado para m\u00e1scaras oferece uma aplica\u00e7\u00e3o precisa das nossas m\u00e1scaras faciais. Ideal para desfrutar de um momento de Bacana. Este pincel para m\u00e1scaras faciais garante uma aplica\u00e7\u00e3o limpa e uniforme de cada vez que aplica uma m\u00e1scara. Al\u00e9m disso, ajuda-a a espalhar uma camada suave e uniforme das nossas m\u00e1scaras faciais de argila sobre a sua pele. Desfrute de uma experi\u00eancia de spa com as nossas m\u00e1scaras de argila. Oferecemos dois conjuntos diferentes com a nossa escova: a M\u00e1scara de Argila Vermelha Spa Time e a M\u00e1scara Facial de Argila Verde Spa Time. &nbsp; &nbsp;","og_url":"https:\/\/bacanaskincare.com\/pt-br\/product\/face-mask-brush\/","og_site_name":"Bacana Skincare","article_publisher":"https:\/\/www.facebook.com\/bacanaskincare-106988470647315\/","article_modified_time":"2025-12-01T23:11:48+00:00","og_image":[{"width":1365,"height":1365,"url":"https:\/\/bacanaskincare.com\/wp-content\/uploads\/2020\/11\/brush-face.jpg","type":"image\/jpeg"}],"twitter_card":"summary_large_image","schema":{"@context":"https:\/\/schema.org","@graph":[{"@type":["WebPage","ItemPage"],"@id":"https:\/\/bacanaskincare.com\/pt-br\/product\/face-mask-brush\/","url":"https:\/\/bacanaskincare.com\/pt-br\/product\/face-mask-brush\/","name":"Pincel para M\u00e1scara de Argila - Bacana Skincare","isPartOf":{"@id":"https:\/\/bacanaskincare.com\/pt-br\/#website"},"primaryImageOfPage":{"@id":"https:\/\/bacanaskincare.com\/pt-br\/product\/face-mask-brush\/#primaryimage"},"image":{"@id":"https:\/\/bacanaskincare.com\/pt-br\/product\/face-mask-brush\/#primaryimage"},"thumbnailUrl":"https:\/\/bacanaskincare.com\/wp-content\/uploads\/2020\/11\/brush-face.jpg","datePublished":"2020-11-20T13:25:20+00:00","dateModified":"2025-12-01T23:11:48+00:00","breadcrumb":{"@id":"https:\/\/bacanaskincare.com\/pt-br\/product\/face-mask-brush\/#breadcrumb"},"inLanguage":"pt-BR","potentialAction":[{"@type":"ReadAction","target":["https:\/\/bacanaskincare.com\/pt-br\/product\/face-mask-brush\/"]}]},{"@type":"ImageObject","inLanguage":"pt-BR","@id":"https:\/\/bacanaskincare.com\/pt-br\/product\/face-mask-brush\/#primaryimage","url":"https:\/\/bacanaskincare.com\/wp-content\/uploads\/2020\/11\/brush-face.jpg","contentUrl":"https:\/\/bacanaskincare.com\/wp-content\/uploads\/2020\/11\/brush-face.jpg","width":1365,"height":1365},{"@type":"BreadcrumbList","@id":"https:\/\/bacanaskincare.com\/pt-br\/product\/face-mask-brush\/#breadcrumb","itemListElement":[{"@type":"ListItem","position":1,"name":"Shop","item":"https:\/\/bacanaskincare.com\/pt-br\/shop\/"},{"@type":"ListItem","position":2,"name":"accessories","item":"https:\/\/bacanaskincare.com\/pt-br\/categoria-produto\/acessorios\/"},{"@type":"ListItem","position":3,"name":"Pincel para M\u00e1scara de Argila"}]},{"@type":"WebSite","@id":"https:\/\/bacanaskincare.com\/pt-br\/#website","url":"https:\/\/bacanaskincare.com\/pt-br\/","name":"Bacana Skincare","description":"Natural skincare powered by tropical superfruits","publisher":{"@id":"https:\/\/bacanaskincare.com\/pt-br\/#organization"},"potentialAction":[{"@type":"SearchAction","target":{"@type":"EntryPoint","urlTemplate":"https:\/\/bacanaskincare.com\/pt-br\/?s={search_term_string}"},"query-input":{"@type":"PropertyValueSpecification","valueRequired":true,"valueName":"search_term_string"}}],"inLanguage":"pt-BR"},{"@type":"Organization","@id":"https:\/\/bacanaskincare.com\/pt-br\/#organization","name":"Bacana Skincare","url":"https:\/\/bacanaskincare.com\/pt-br\/","logo":{"@type":"ImageObject","inLanguage":"pt-BR","@id":"https:\/\/bacanaskincare.com\/pt-br\/#\/schema\/logo\/image\/","url":"https:\/\/bacanaskincare.com\/wp-content\/uploads\/2019\/09\/u.png","contentUrl":"https:\/\/bacanaskincare.com\/wp-content\/uploads\/2019\/09\/u.png","width":834,"height":226,"caption":"Bacana Skincare"},"image":{"@id":"https:\/\/bacanaskincare.com\/pt-br\/#\/schema\/logo\/image\/"},"sameAs":["https:\/\/www.facebook.com\/bacanaskincare-106988470647315\/","https:\/\/www.instagram.com\/bacanaskincare\/?hl=en","https:\/\/br.pinterest.com\/d0fd9db15f94c64465fab43d03b69a\/"]}]}},"_links":{"self":[{"href":"https:\/\/bacanaskincare.com\/pt-br\/wp-json\/wp\/v2\/product\/19688","targetHints":{"allow":["GET"]}}],"collection":[{"href":"https:\/\/bacanaskincare.com\/pt-br\/wp-json\/wp\/v2\/product"}],"about":[{"href":"https:\/\/bacanaskincare.com\/pt-br\/wp-json\/wp\/v2\/types\/product"}],"replies":[{"embeddable":true,"href":"https:\/\/bacanaskincare.com\/pt-br\/wp-json\/wp\/v2\/comments?post=19688"}],"wp:featuredmedia":[{"embeddable":true,"href":"https:\/\/bacanaskincare.com\/pt-br\/wp-json\/wp\/v2\/media\/19689"}],"wp:attachment":[{"href":"https:\/\/bacanaskincare.com\/pt-br\/wp-json\/wp\/v2\/media?parent=19688"}],"wp:term":[{"taxonomy":"product_brand","embeddable":true,"href":"https:\/\/bacanaskincare.com\/pt-br\/wp-json\/wp\/v2\/product_brand?post=19688"},{"taxonomy":"product_cat","embeddable":true,"href":"https:\/\/bacanaskincare.com\/pt-br\/wp-json\/wp\/v2\/product_cat?post=19688"},{"taxonomy":"product_tag","embeddable":true,"href":"https:\/\/bacanaskincare.com\/pt-br\/wp-json\/wp\/v2\/product_tag?post=19688"}],"curies":[{"name":"wp","href":"https:\/\/api.w.org\/{rel}","templated":true}]}}