{"id":19560,"date":"2019-10-30T21:56:25","date_gmt":"2019-10-30T20:56:25","guid":{"rendered":"http:\/\/bacanaskincare.com\/?post_type=product&#038;p=19560"},"modified":"2026-02-25T18:27:07","modified_gmt":"2026-02-25T17:27:07","slug":"multi-action-face-cream","status":"publish","type":"product","link":"https:\/\/bacanaskincare.com\/pt-br\/product\/multi-action-face-cream\/","title":{"rendered":"Creme Hidratante Facial (Blooming Nature Cream)"},"content":{"rendered":"<h3 class=\"p1\"><strong>INGREDIENTES PRINCIPAIS E PORQUE FUNCIONAM:<\/strong><\/h3>\n<p><strong>\u00d3LEO DE PRACAXI ORG\u00c2NICO:<\/strong> Estudos cl\u00ednicos confirmam que o \u00d3leo de Pracaxi reduz as manchas, promovendo uma pele mais uniforme e radiante. Aumenta a produ\u00e7\u00e3o de \u00e1cido hialur\u00f4nico e de col\u00e1geno, combatendo os sinais de envelhecimento e mantendo a pele nutrida e hidratada. O nosso \u00f3leo de Pracaxi \u00e9 org\u00e2nico e proveniente do Brasil. O nosso fornecedor trabalha com as comunidades locais para proporcionar um rendimento adicional aos coletoresde sementes de pracaxi, bem como para promover a conserva\u00e7\u00e3o da esp\u00e9cie e permitir a manuten\u00e7\u00e3o da biodiversidade numa regi\u00e3o de grande import\u00e2ncia ecol\u00f3gica.<\/p>\n<p><strong>EXTRACTO DE ACEROLA:<\/strong> Altamente concentrado em vitamina C (65 vezes mais do que nas laranjas), o extrato de Acerola contribui com propriedades antioxidantes para o nosso Creme Hidratante Di\u00e1rio, protegendo assim a sua pele contra o fotoenvelhecimento.<\/p>\n<p><strong>\u00c1CIDO HIALUR\u00d4NICO:<\/strong> naturalmente presente no corpo humano, esta subst\u00e2ncia \u00e9 conhecida pela sua impressionante capacidade de atrair e reter 1000 vezes o seu peso em \u00e1gua. O tamanho molecular do \u00e1cido hialur\u00f4nico determina a profundidade da sua liberta\u00e7\u00e3o na pele. Por isso, nesta f\u00f3rmula, combinamos baixo e alto peso molecular para uma hidrata\u00e7\u00e3o intensa e uma maior elasticidade da pele.<\/p>\n<p><strong>MANTEIGA DE TUCUM\u00c3 ORG\u00c2NICA:<\/strong> O tucum\u00e3, um superfruto amaz\u00f4nico do Brasil, produz uma manteiga rica em \u00d3mega 3, 6 e 9, conhecida pelos seus benef\u00edcios hidratantes. Nossa manteiga de tucum\u00e3 \u00e9 org\u00e2nica. Nosso fornecedor trabalha com comunidades no norte do Brasil para coletar sementes para a produ\u00e7\u00e3o da Manteiga de Tucum\u00e3. A coleta de sementes contribui para a redu\u00e7\u00e3o das \u00e1reas destinadas ao plantio de mandioca e traz renda adicional para as comunidades, e a produ\u00e7\u00e3o \u00e9 realizada com base em pr\u00e1ticas de agricultura org\u00e2nica.<\/p>\n","protected":false},"excerpt":{"rendered":"<blockquote><p><strong>Um creme de rosto di\u00e1rio multifuncional que oferece um cuidado completo num \u00fanico produto, hidratando profundamente a pele.<\/strong><\/p><\/blockquote>\n<p><span style=\"color: #ff0000;\">Atualizamos a embalagem do Blooming Nature Cream, mas n\u00e3o se preocupe\u2014o produto dentro continua exatamente o mesmo! Voc\u00ea continuar\u00e1 desfrutando da mesma f\u00f3rmula de alta qualidade que j\u00e1 conhece e adora. <\/span><\/p>\n<p>[vc_row][vc_column][vc_toggle title=&#8221;O QUE \u00c9?&#8221; style=&#8221;arrow&#8221; custom_font_container=&#8221;tag:h3|text_align:left&#8221; custom_use_theme_fonts=&#8221;yes&#8221;]Formulado para proporcionar um cuidado completo \u00e0 sua pele, o nosso creme de rosto sedoso cont\u00e9m mais de 10 ingredientes activos de plantas que trabalham em harmonia para nutrir e restaurar a sa\u00fade e a vitalidade da sua pele. [\/vc_toggle][vc_toggle title=&#8221;O QUE ELE FAZ?&#8221; style=&#8221;arrow&#8221; custom_font_container=&#8221;tag:h3|text_align:left&#8221; custom_use_theme_fonts=&#8221;yes&#8221;]Uma f\u00f3rmula rica em \u00e1cido hialur\u00f4nico para proporcionar hidrata\u00e7\u00e3o intensa \u00e0 pele, al\u00e9m de extrato de acerola, que atua como antioxidante para combater os danos causados pelo estresse di\u00e1rio, e \u00f3leo de pracaxi, que ajuda a melhorar as manchas e estimular a produ\u00e7\u00e3o de col\u00e1geno.[\/vc_toggle][vc_toggle title=&#8221;PARA QUEM?&#8221; style=&#8221;arrow&#8221; custom_font_container=&#8221;tag:h3|text_align:left&#8221; custom_use_theme_fonts=&#8221;yes&#8221;] Para todos os tipos de pele, incluindo pele sens\u00edveis.[\/vc_toggle][vc_toggle title=&#8221;COMO USAR?&#8221; style=&#8221;arrow&#8221; custom_font_container=&#8221;tag:h3|text_align:left&#8221; custom_use_theme_fonts=&#8221;yes&#8221;]Ap\u00f3s a limpeza e a tonifica\u00e7\u00e3o, aplique uma pequena quantidade do creme facial (2 ou 3 pumps) e massageie suavemente o creme na pele. Em seguida, fa\u00e7a movimentos pequenos, ascendentes e circulares at\u00e9 que o produto seja completamente espalhado e absorvido.[\/vc_toggle][\/vc_column][\/vc_row]<\/p>\n<p>&nbsp;<\/p>\n<p>Tamanho: 50ml<\/p>\n<p>&nbsp;<\/p>\n","protected":false},"featured_media":26017,"comment_status":"open","ping_status":"closed","template":"","meta":{"ocean_post_layout":"","ocean_both_sidebars_style":"","ocean_both_sidebars_content_width":0,"ocean_both_sidebars_sidebars_width":0,"ocean_sidebar":"0","ocean_second_sidebar":"0","ocean_disable_margins":"enable","ocean_add_body_class":"","ocean_shortcode_before_top_bar":"","ocean_shortcode_after_top_bar":"","ocean_shortcode_before_header":"","ocean_shortcode_after_header":"","ocean_has_shortcode":"","ocean_shortcode_after_title":"","ocean_shortcode_before_footer_widgets":"","ocean_shortcode_after_footer_widgets":"","ocean_shortcode_before_footer_bottom":"","ocean_shortcode_after_footer_bottom":"","ocean_display_top_bar":"default","ocean_display_header":"default","ocean_header_style":"","ocean_center_header_left_menu":"0","ocean_custom_header_template":"0","ocean_custom_logo":0,"ocean_custom_retina_logo":0,"ocean_custom_logo_max_width":0,"ocean_custom_logo_tablet_max_width":0,"ocean_custom_logo_mobile_max_width":0,"ocean_custom_logo_max_height":0,"ocean_custom_logo_tablet_max_height":0,"ocean_custom_logo_mobile_max_height":0,"ocean_header_custom_menu":"0","ocean_menu_typo_font_family":"0","ocean_menu_typo_font_subset":"","ocean_menu_typo_font_size":0,"ocean_menu_typo_font_size_tablet":0,"ocean_menu_typo_font_size_mobile":0,"ocean_menu_typo_font_size_unit":"px","ocean_menu_typo_font_weight":"","ocean_menu_typo_font_weight_tablet":"","ocean_menu_typo_font_weight_mobile":"","ocean_menu_typo_transform":"","ocean_menu_typo_transform_tablet":"","ocean_menu_typo_transform_mobile":"","ocean_menu_typo_line_height":0,"ocean_menu_typo_line_height_tablet":0,"ocean_menu_typo_line_height_mobile":0,"ocean_menu_typo_line_height_unit":"","ocean_menu_typo_spacing":0,"ocean_menu_typo_spacing_tablet":0,"ocean_menu_typo_spacing_mobile":0,"ocean_menu_typo_spacing_unit":"","ocean_menu_link_color":"","ocean_menu_link_color_hover":"","ocean_menu_link_color_active":"","ocean_menu_link_background":"","ocean_menu_link_hover_background":"","ocean_menu_link_active_background":"","ocean_menu_social_links_bg":"","ocean_menu_social_hover_links_bg":"","ocean_menu_social_links_color":"","ocean_menu_social_hover_links_color":"","ocean_disable_title":"default","ocean_disable_heading":"default","ocean_post_title":"","ocean_post_subheading":"","ocean_post_title_style":"","ocean_post_title_background_color":"","ocean_post_title_background":0,"ocean_post_title_bg_image_position":"","ocean_post_title_bg_image_attachment":"","ocean_post_title_bg_image_repeat":"","ocean_post_title_bg_image_size":"","ocean_post_title_height":0,"ocean_post_title_bg_overlay":0.5,"ocean_post_title_bg_overlay_color":"","ocean_disable_breadcrumbs":"default","ocean_breadcrumbs_color":"","ocean_breadcrumbs_separator_color":"","ocean_breadcrumbs_links_color":"","ocean_breadcrumbs_links_hover_color":"","ocean_display_footer_widgets":"default","ocean_display_footer_bottom":"default","ocean_custom_footer_template":"0","iawp_total_views":95},"product_brand":[],"product_cat":[401],"product_tag":[],"class_list":{"0":"post-19560","1":"product","2":"type-product","3":"status-publish","4":"has-post-thumbnail","6":"product_cat-skin-care-pt-br","8":"entry","9":"has-media","11":"first","12":"instock","13":"shipping-taxable","14":"purchasable","15":"product-type-simple","16":"has-rating","17":"has-product-nav","18":"col","19":"span_1_of_3","20":"owp-content-center","21":"item-entry","22":"owp-thumbs-layout-horizontal","23":"owp-btn-normal","24":"owp-tabs-layout-horizontal","26":"circle-sale"},"yoast_head":"<!-- This site is optimized with the Yoast SEO plugin v27.2 - https:\/\/yoast.com\/product\/yoast-seo-wordpress\/ -->\n<title>Multi-action Face Cream from Bacana Skincare | the power of Superfruits<\/title>\n<meta name=\"description\" content=\"Creme para o rosto multifuncional que proporciona um cuidado completo e ajuda a manter uma pele equilibrada.\" \/>\n<meta name=\"robots\" content=\"index, follow, max-snippet:-1, max-image-preview:large, max-video-preview:-1\" \/>\n<link rel=\"canonical\" href=\"https:\/\/bacanaskincare.com\/pt-br\/product\/multi-action-face-cream\/\" \/>\n<meta property=\"og:locale\" content=\"pt_BR\" \/>\n<meta property=\"og:type\" content=\"article\" \/>\n<meta property=\"og:title\" content=\"Multi-action Face Cream from Bacana Skincare | the power of Superfruits\" \/>\n<meta property=\"og:description\" content=\"Creme para o rosto multifuncional que proporciona um cuidado completo e ajuda a manter uma pele equilibrada.\" \/>\n<meta property=\"og:url\" content=\"https:\/\/bacanaskincare.com\/pt-br\/product\/multi-action-face-cream\/\" \/>\n<meta property=\"og:site_name\" content=\"Bacana Skincare\" \/>\n<meta property=\"article:publisher\" content=\"https:\/\/www.facebook.com\/bacanaskincare-106988470647315\/\" \/>\n<meta property=\"article:modified_time\" content=\"2026-02-25T17:27:07+00:00\" \/>\n<meta property=\"og:image\" content=\"https:\/\/bacanaskincare.com\/wp-content\/uploads\/2019\/10\/Moisturizing-Cream.jpg\" \/>\n\t<meta property=\"og:image:width\" content=\"1050\" \/>\n\t<meta property=\"og:image:height\" content=\"1050\" \/>\n\t<meta property=\"og:image:type\" content=\"image\/jpeg\" \/>\n<meta name=\"twitter:card\" content=\"summary_large_image\" \/>\n<meta name=\"twitter:label1\" content=\"Est. tempo de leitura\" \/>\n\t<meta name=\"twitter:data1\" content=\"2 minutos\" \/>\n<script type=\"application\/ld+json\" class=\"yoast-schema-graph\">{\"@context\":\"https:\/\/schema.org\",\"@graph\":[{\"@type\":[\"WebPage\",\"ItemPage\"],\"@id\":\"https:\/\/bacanaskincare.com\/pt-br\/product\/multi-action-face-cream\/\",\"url\":\"https:\/\/bacanaskincare.com\/pt-br\/product\/multi-action-face-cream\/\",\"name\":\"Multi-action Face Cream from Bacana Skincare | the power of Superfruits\",\"isPartOf\":{\"@id\":\"https:\/\/bacanaskincare.com\/pt-br\/#website\"},\"primaryImageOfPage\":{\"@id\":\"https:\/\/bacanaskincare.com\/pt-br\/product\/multi-action-face-cream\/#primaryimage\"},\"image\":{\"@id\":\"https:\/\/bacanaskincare.com\/pt-br\/product\/multi-action-face-cream\/#primaryimage\"},\"thumbnailUrl\":\"https:\/\/bacanaskincare.com\/wp-content\/uploads\/2019\/10\/Moisturizing-Cream.jpg\",\"datePublished\":\"2019-10-30T20:56:25+00:00\",\"dateModified\":\"2026-02-25T17:27:07+00:00\",\"description\":\"Creme para o rosto multifuncional que proporciona um cuidado completo e ajuda a manter uma pele equilibrada.\",\"breadcrumb\":{\"@id\":\"https:\/\/bacanaskincare.com\/pt-br\/product\/multi-action-face-cream\/#breadcrumb\"},\"inLanguage\":\"pt-BR\",\"potentialAction\":[{\"@type\":\"ReadAction\",\"target\":[\"https:\/\/bacanaskincare.com\/pt-br\/product\/multi-action-face-cream\/\"]}]},{\"@type\":\"ImageObject\",\"inLanguage\":\"pt-BR\",\"@id\":\"https:\/\/bacanaskincare.com\/pt-br\/product\/multi-action-face-cream\/#primaryimage\",\"url\":\"https:\/\/bacanaskincare.com\/wp-content\/uploads\/2019\/10\/Moisturizing-Cream.jpg\",\"contentUrl\":\"https:\/\/bacanaskincare.com\/wp-content\/uploads\/2019\/10\/Moisturizing-Cream.jpg\",\"width\":1050,\"height\":1050},{\"@type\":\"BreadcrumbList\",\"@id\":\"https:\/\/bacanaskincare.com\/pt-br\/product\/multi-action-face-cream\/#breadcrumb\",\"itemListElement\":[{\"@type\":\"ListItem\",\"position\":1,\"name\":\"Shop\",\"item\":\"https:\/\/bacanaskincare.com\/pt-br\/shop\/\"},{\"@type\":\"ListItem\",\"position\":2,\"name\":\"Skin care\",\"item\":\"https:\/\/bacanaskincare.com\/pt-br\/categoria-produto\/skin-care-pt-br\/\"},{\"@type\":\"ListItem\",\"position\":3,\"name\":\"Creme Hidratante Facial (Blooming Nature Cream)\"}]},{\"@type\":\"WebSite\",\"@id\":\"https:\/\/bacanaskincare.com\/pt-br\/#website\",\"url\":\"https:\/\/bacanaskincare.com\/pt-br\/\",\"name\":\"Bacana Skincare\",\"description\":\"Natural skincare powered by tropical superfruits\",\"publisher\":{\"@id\":\"https:\/\/bacanaskincare.com\/pt-br\/#organization\"},\"potentialAction\":[{\"@type\":\"SearchAction\",\"target\":{\"@type\":\"EntryPoint\",\"urlTemplate\":\"https:\/\/bacanaskincare.com\/pt-br\/?s={search_term_string}\"},\"query-input\":{\"@type\":\"PropertyValueSpecification\",\"valueRequired\":true,\"valueName\":\"search_term_string\"}}],\"inLanguage\":\"pt-BR\"},{\"@type\":\"Organization\",\"@id\":\"https:\/\/bacanaskincare.com\/pt-br\/#organization\",\"name\":\"Bacana Skincare\",\"url\":\"https:\/\/bacanaskincare.com\/pt-br\/\",\"logo\":{\"@type\":\"ImageObject\",\"inLanguage\":\"pt-BR\",\"@id\":\"https:\/\/bacanaskincare.com\/pt-br\/#\/schema\/logo\/image\/\",\"url\":\"https:\/\/bacanaskincare.com\/wp-content\/uploads\/2019\/09\/u.png\",\"contentUrl\":\"https:\/\/bacanaskincare.com\/wp-content\/uploads\/2019\/09\/u.png\",\"width\":834,\"height\":226,\"caption\":\"Bacana Skincare\"},\"image\":{\"@id\":\"https:\/\/bacanaskincare.com\/pt-br\/#\/schema\/logo\/image\/\"},\"sameAs\":[\"https:\/\/www.facebook.com\/bacanaskincare-106988470647315\/\",\"https:\/\/www.instagram.com\/bacanaskincare\/?hl=en\",\"https:\/\/br.pinterest.com\/d0fd9db15f94c64465fab43d03b69a\/\"]}]}<\/script>\n<!-- \/ Yoast SEO plugin. -->","yoast_head_json":{"title":"Multi-action Face Cream from Bacana Skincare | the power of Superfruits","description":"Creme para o rosto multifuncional que proporciona um cuidado completo e ajuda a manter uma pele equilibrada.","robots":{"index":"index","follow":"follow","max-snippet":"max-snippet:-1","max-image-preview":"max-image-preview:large","max-video-preview":"max-video-preview:-1"},"canonical":"https:\/\/bacanaskincare.com\/pt-br\/product\/multi-action-face-cream\/","og_locale":"pt_BR","og_type":"article","og_title":"Multi-action Face Cream from Bacana Skincare | the power of Superfruits","og_description":"Creme para o rosto multifuncional que proporciona um cuidado completo e ajuda a manter uma pele equilibrada.","og_url":"https:\/\/bacanaskincare.com\/pt-br\/product\/multi-action-face-cream\/","og_site_name":"Bacana Skincare","article_publisher":"https:\/\/www.facebook.com\/bacanaskincare-106988470647315\/","article_modified_time":"2026-02-25T17:27:07+00:00","og_image":[{"width":1050,"height":1050,"url":"https:\/\/bacanaskincare.com\/wp-content\/uploads\/2019\/10\/Moisturizing-Cream.jpg","type":"image\/jpeg"}],"twitter_card":"summary_large_image","twitter_misc":{"Est. tempo de leitura":"2 minutos"},"schema":{"@context":"https:\/\/schema.org","@graph":[{"@type":["WebPage","ItemPage"],"@id":"https:\/\/bacanaskincare.com\/pt-br\/product\/multi-action-face-cream\/","url":"https:\/\/bacanaskincare.com\/pt-br\/product\/multi-action-face-cream\/","name":"Multi-action Face Cream from Bacana Skincare | the power of Superfruits","isPartOf":{"@id":"https:\/\/bacanaskincare.com\/pt-br\/#website"},"primaryImageOfPage":{"@id":"https:\/\/bacanaskincare.com\/pt-br\/product\/multi-action-face-cream\/#primaryimage"},"image":{"@id":"https:\/\/bacanaskincare.com\/pt-br\/product\/multi-action-face-cream\/#primaryimage"},"thumbnailUrl":"https:\/\/bacanaskincare.com\/wp-content\/uploads\/2019\/10\/Moisturizing-Cream.jpg","datePublished":"2019-10-30T20:56:25+00:00","dateModified":"2026-02-25T17:27:07+00:00","description":"Creme para o rosto multifuncional que proporciona um cuidado completo e ajuda a manter uma pele equilibrada.","breadcrumb":{"@id":"https:\/\/bacanaskincare.com\/pt-br\/product\/multi-action-face-cream\/#breadcrumb"},"inLanguage":"pt-BR","potentialAction":[{"@type":"ReadAction","target":["https:\/\/bacanaskincare.com\/pt-br\/product\/multi-action-face-cream\/"]}]},{"@type":"ImageObject","inLanguage":"pt-BR","@id":"https:\/\/bacanaskincare.com\/pt-br\/product\/multi-action-face-cream\/#primaryimage","url":"https:\/\/bacanaskincare.com\/wp-content\/uploads\/2019\/10\/Moisturizing-Cream.jpg","contentUrl":"https:\/\/bacanaskincare.com\/wp-content\/uploads\/2019\/10\/Moisturizing-Cream.jpg","width":1050,"height":1050},{"@type":"BreadcrumbList","@id":"https:\/\/bacanaskincare.com\/pt-br\/product\/multi-action-face-cream\/#breadcrumb","itemListElement":[{"@type":"ListItem","position":1,"name":"Shop","item":"https:\/\/bacanaskincare.com\/pt-br\/shop\/"},{"@type":"ListItem","position":2,"name":"Skin care","item":"https:\/\/bacanaskincare.com\/pt-br\/categoria-produto\/skin-care-pt-br\/"},{"@type":"ListItem","position":3,"name":"Creme Hidratante Facial (Blooming Nature Cream)"}]},{"@type":"WebSite","@id":"https:\/\/bacanaskincare.com\/pt-br\/#website","url":"https:\/\/bacanaskincare.com\/pt-br\/","name":"Bacana Skincare","description":"Natural skincare powered by tropical superfruits","publisher":{"@id":"https:\/\/bacanaskincare.com\/pt-br\/#organization"},"potentialAction":[{"@type":"SearchAction","target":{"@type":"EntryPoint","urlTemplate":"https:\/\/bacanaskincare.com\/pt-br\/?s={search_term_string}"},"query-input":{"@type":"PropertyValueSpecification","valueRequired":true,"valueName":"search_term_string"}}],"inLanguage":"pt-BR"},{"@type":"Organization","@id":"https:\/\/bacanaskincare.com\/pt-br\/#organization","name":"Bacana Skincare","url":"https:\/\/bacanaskincare.com\/pt-br\/","logo":{"@type":"ImageObject","inLanguage":"pt-BR","@id":"https:\/\/bacanaskincare.com\/pt-br\/#\/schema\/logo\/image\/","url":"https:\/\/bacanaskincare.com\/wp-content\/uploads\/2019\/09\/u.png","contentUrl":"https:\/\/bacanaskincare.com\/wp-content\/uploads\/2019\/09\/u.png","width":834,"height":226,"caption":"Bacana Skincare"},"image":{"@id":"https:\/\/bacanaskincare.com\/pt-br\/#\/schema\/logo\/image\/"},"sameAs":["https:\/\/www.facebook.com\/bacanaskincare-106988470647315\/","https:\/\/www.instagram.com\/bacanaskincare\/?hl=en","https:\/\/br.pinterest.com\/d0fd9db15f94c64465fab43d03b69a\/"]}]}},"_links":{"self":[{"href":"https:\/\/bacanaskincare.com\/pt-br\/wp-json\/wp\/v2\/product\/19560","targetHints":{"allow":["GET"]}}],"collection":[{"href":"https:\/\/bacanaskincare.com\/pt-br\/wp-json\/wp\/v2\/product"}],"about":[{"href":"https:\/\/bacanaskincare.com\/pt-br\/wp-json\/wp\/v2\/types\/product"}],"replies":[{"embeddable":true,"href":"https:\/\/bacanaskincare.com\/pt-br\/wp-json\/wp\/v2\/comments?post=19560"}],"wp:featuredmedia":[{"embeddable":true,"href":"https:\/\/bacanaskincare.com\/pt-br\/wp-json\/wp\/v2\/media\/26017"}],"wp:attachment":[{"href":"https:\/\/bacanaskincare.com\/pt-br\/wp-json\/wp\/v2\/media?parent=19560"}],"wp:term":[{"taxonomy":"product_brand","embeddable":true,"href":"https:\/\/bacanaskincare.com\/pt-br\/wp-json\/wp\/v2\/product_brand?post=19560"},{"taxonomy":"product_cat","embeddable":true,"href":"https:\/\/bacanaskincare.com\/pt-br\/wp-json\/wp\/v2\/product_cat?post=19560"},{"taxonomy":"product_tag","embeddable":true,"href":"https:\/\/bacanaskincare.com\/pt-br\/wp-json\/wp\/v2\/product_tag?post=19560"}],"curies":[{"name":"wp","href":"https:\/\/api.w.org\/{rel}","templated":true}]}}