{"id":19367,"date":"2020-10-08T17:32:15","date_gmt":"2020-10-08T15:32:15","guid":{"rendered":"http:\/\/bacanaskincare.com\/?post_type=product&#038;p=19367"},"modified":"2025-12-02T00:11:48","modified_gmt":"2025-12-01T23:11:48","slug":"green-clay-face-mask","status":"publish","type":"product","link":"https:\/\/bacanaskincare.com\/pt-br\/product\/green-clay-face-mask\/","title":{"rendered":"M\u00e1scara Facial de Argila Verde da Bacana"},"content":{"rendered":"<h3 class=\"p1\"><strong>INGREDIENTES CHAVE E PORQUE FUNCIONAM:<\/strong><\/h3>\n<p><strong>Argila Verde Brasileira:<\/strong> Regula a oleosidade, purifica e desintoxica a pele. A argila verde do Brasil \u00e9 um importante mineral de argila que \u00e9 extremamente eficaz no combate \u00e0 oleosidade. Estudos de efic\u00e1cia demonstraram que a oleosidade da pele pode ser reduzida em at\u00e9 29% ap\u00f3s a aplica\u00e7\u00e3o da argila na pele.<\/p>\n<p><strong>\u00d3LEO DE COPA\u00cdBA:<\/strong> Ajuda a prevenir e tratar manchas e reduz a vermelhid\u00e3o da acne com propriedades anti-inflamat\u00f3rias e antiss\u00e9pticas naturais. O \u00f3leo de copa\u00edba \u00e9 obtido da resina de uma \u00e1rvore nativa da Amaz\u00f4nia. Ao contr\u00e1rio do m\u00e9todo usual de obten\u00e7\u00e3o de \u00f3leo a partir de sementes, as \u00e1rvores s\u00e3o arranhadas, e o \u00f3leo de copa\u00edba \u00e9 coletado na natureza, permitindo que as \u00e1rvores permane\u00e7am intactas.<\/p>\n<p><strong>\u00d3LEO DE MORINGA ORG\u00c2NICO:<\/strong>Enriquecido com vitaminas e \u00e1cidos graxos \u00f4mega, ele restaura os \u00f3leos naturais da pele e fortalece a barreira cut\u00e2nea.<\/p>\n<p><strong>\u00d3LEO DE MELALEUCA ORG\u00c2NICO:<\/strong>O \u00f3leo de Melaleuca Alternifolia \u00e9 conhecido por purificar e acalmar a pele, al\u00e9m de ajudar a reduzir cicatrizes de acne. Ele tem um efeito antibacteriano na pele e, portanto, atua de forma eficaz nos sintomas da acne.<\/p>\n","protected":false},"excerpt":{"rendered":"<blockquote>\n<h3>Desintoxica\u00e7\u00e3o facial para uma pele renovada e purificada.<\/h3>\n<\/blockquote>\n<p>&nbsp;<\/p>\n<p>[vc_row][vc_column][vc_toggle title=&#8221;O QUE \u00c9?&#8221; style=&#8221;arrow&#8221; custom_font_container=&#8221;tag:h3|text_align:left&#8221; custom_use_theme_fonts=&#8221;yes&#8221;]Com uma textura cremosa e aroma fresco de menta, essa m\u00e1scara facial de argila verde tem uma f\u00f3rmula natural que limpa profundamente os poros. Purifica a pele sem ressec\u00e1-la.[\/vc_toggle][vc_toggle title=&#8221;O QUE ELE FAZ?&#8221; style=&#8221;arrow&#8221; custom_font_container=&#8221;tag:h3|text_align:left&#8221; custom_use_theme_fonts=&#8221;yes&#8221;]Nosso produto com argila verde brasileira, copa\u00edba, moringa e \u00f3leo da \u00e1rvore do ch\u00e1 limpa com efic\u00e1cia as impurezas e o excesso de oleosidade, desobstrui os poros e revitaliza a pele.[\/vc_toggle] [vc_toggle title=&#8221;PARA QUEM?&#8221; style=&#8221;arrow&#8221; custom_font_container=&#8221;tag:h3|text_align:left&#8221; custom_use_theme_fonts=&#8221;yes&#8221;]Indicado para peles com manchas, poros dilatados, oleosas e com tend\u00eancia \u00e0 acne.[\/vc_toggle][vc_toggle title=&#8221;COMO USAR?&#8221; style=&#8221;arrow&#8221; custom_font_container=&#8221;tag:h3|text_align:left&#8221; custom_use_theme_fonts=&#8221;yes&#8221;]<\/p>\n<p>Primeiro, limpe o rosto e, em seguida, aplique a m\u00e1scara uniformemente. Aguarde de 15 a 20 minutos e, em seguida, remova-o com \u00e1gua.<br \/>\nUse de 2 a 3 vezes por semana. Evite a \u00e1rea dos olhos.<\/p>\n<p>Experimente aplicar a m\u00e1scara com o nosso <a href=\"https:\/\/bacanaskincare.com\/shop\/accessories\/face-mask-brush\/\">Pincel para M\u00e1scara Facial.<\/a> Dispon\u00edvel sozinho ou em um kit especial com 5% de desconto <a href=\"https:\/\/bacanaskincare.com\/shop\/set\/green-spa-set\/\">(SPA TIME Green Clay + Face Mask Brush).<\/a><\/p>\n<p>Descubra a diferen\u00e7a com nossa m\u00e1scara especial. Diferentemente das m\u00e1scaras comuns, nossa m\u00e1scara facial n\u00e3o resseca a pele, mantendo uma textura cremosa durante todo o tempo de uso. Ap\u00f3s a lavagem, voc\u00ea desfrutar\u00e1 de uma sensa\u00e7\u00e3o de maciez e suavidade, proporcionando um cuidado exclusivo para a sua pele.<\/p>\n<p>[\/vc_toggle][\/vc_column][\/vc_row]<\/p>\n<p>&nbsp;<\/p>\n<p>Tamanho: 50 ml<\/p>\n<p>F\u00f3rmula limpa e ingredientes naturais. De origem sustent\u00e1vel. Ambientalmente respons\u00e1vel. Testado por dermatologistas. Vegano. Sem testes em animais.     <\/p>\n<p>&nbsp;<\/p>\n","protected":false},"featured_media":19368,"comment_status":"open","ping_status":"closed","template":"","meta":{"ocean_post_layout":"","ocean_both_sidebars_style":"","ocean_both_sidebars_content_width":0,"ocean_both_sidebars_sidebars_width":0,"ocean_sidebar":"0","ocean_second_sidebar":"0","ocean_disable_margins":"enable","ocean_add_body_class":"","ocean_shortcode_before_top_bar":"","ocean_shortcode_after_top_bar":"","ocean_shortcode_before_header":"","ocean_shortcode_after_header":"","ocean_has_shortcode":"","ocean_shortcode_after_title":"","ocean_shortcode_before_footer_widgets":"","ocean_shortcode_after_footer_widgets":"","ocean_shortcode_before_footer_bottom":"","ocean_shortcode_after_footer_bottom":"","ocean_display_top_bar":"default","ocean_display_header":"default","ocean_header_style":"","ocean_center_header_left_menu":"0","ocean_custom_header_template":"0","ocean_custom_logo":0,"ocean_custom_retina_logo":0,"ocean_custom_logo_max_width":0,"ocean_custom_logo_tablet_max_width":0,"ocean_custom_logo_mobile_max_width":0,"ocean_custom_logo_max_height":0,"ocean_custom_logo_tablet_max_height":0,"ocean_custom_logo_mobile_max_height":0,"ocean_header_custom_menu":"0","ocean_menu_typo_font_family":"0","ocean_menu_typo_font_subset":"","ocean_menu_typo_font_size":0,"ocean_menu_typo_font_size_tablet":0,"ocean_menu_typo_font_size_mobile":0,"ocean_menu_typo_font_size_unit":"px","ocean_menu_typo_font_weight":"","ocean_menu_typo_font_weight_tablet":"","ocean_menu_typo_font_weight_mobile":"","ocean_menu_typo_transform":"","ocean_menu_typo_transform_tablet":"","ocean_menu_typo_transform_mobile":"","ocean_menu_typo_line_height":0,"ocean_menu_typo_line_height_tablet":0,"ocean_menu_typo_line_height_mobile":0,"ocean_menu_typo_line_height_unit":"","ocean_menu_typo_spacing":0,"ocean_menu_typo_spacing_tablet":0,"ocean_menu_typo_spacing_mobile":0,"ocean_menu_typo_spacing_unit":"","ocean_menu_link_color":"","ocean_menu_link_color_hover":"","ocean_menu_link_color_active":"","ocean_menu_link_background":"","ocean_menu_link_hover_background":"","ocean_menu_link_active_background":"","ocean_menu_social_links_bg":"","ocean_menu_social_hover_links_bg":"","ocean_menu_social_links_color":"","ocean_menu_social_hover_links_color":"","ocean_disable_title":"default","ocean_disable_heading":"default","ocean_post_title":"","ocean_post_subheading":"","ocean_post_title_style":"","ocean_post_title_background_color":"","ocean_post_title_background":0,"ocean_post_title_bg_image_position":"","ocean_post_title_bg_image_attachment":"","ocean_post_title_bg_image_repeat":"","ocean_post_title_bg_image_size":"","ocean_post_title_height":0,"ocean_post_title_bg_overlay":0.5,"ocean_post_title_bg_overlay_color":"","ocean_disable_breadcrumbs":"default","ocean_breadcrumbs_color":"","ocean_breadcrumbs_separator_color":"","ocean_breadcrumbs_links_color":"","ocean_breadcrumbs_links_hover_color":"","ocean_display_footer_widgets":"default","ocean_display_footer_bottom":"default","ocean_custom_footer_template":"0","iawp_total_views":45},"product_brand":[],"product_cat":[401],"product_tag":[],"class_list":{"0":"post-19367","1":"product","2":"type-product","3":"status-publish","4":"has-post-thumbnail","6":"product_cat-skin-care-pt-br","8":"entry","9":"has-media","11":"first","12":"instock","13":"shipping-taxable","14":"purchasable","15":"product-type-simple","16":"has-rating","17":"has-product-nav","18":"col","19":"span_1_of_3","20":"owp-content-center","21":"item-entry","22":"owp-thumbs-layout-horizontal","23":"owp-btn-normal","24":"owp-tabs-layout-horizontal","26":"circle-sale"},"yoast_head":"<!-- This site is optimized with the Yoast SEO plugin v27.3 - https:\/\/yoast.com\/product\/yoast-seo-wordpress\/ -->\n<title>M\u00e1scara Facial de Argila Verde da Bacana | Bacana Skincare | Cruelty free &amp; Vegan<\/title>\n<meta name=\"description\" content=\"A m\u00e1scara facial de argila verde tem uma f\u00f3rmula natural que limpa profundamente os poros. Purifica a pele sem ressec\u00e1-la. Menta\" \/>\n<meta name=\"robots\" content=\"index, follow, max-snippet:-1, max-image-preview:large, max-video-preview:-1\" \/>\n<link rel=\"canonical\" href=\"https:\/\/bacanaskincare.com\/pt-br\/product\/green-clay-face-mask\/\" \/>\n<meta property=\"og:locale\" content=\"pt_BR\" \/>\n<meta property=\"og:type\" content=\"article\" \/>\n<meta property=\"og:title\" content=\"M\u00e1scara Facial de Argila Verde da Bacana | Bacana Skincare | Cruelty free &amp; Vegan\" \/>\n<meta property=\"og:description\" content=\"A m\u00e1scara facial de argila verde tem uma f\u00f3rmula natural que limpa profundamente os poros. Purifica a pele sem ressec\u00e1-la. Menta\" \/>\n<meta property=\"og:url\" content=\"https:\/\/bacanaskincare.com\/pt-br\/product\/green-clay-face-mask\/\" \/>\n<meta property=\"og:site_name\" content=\"Bacana Skincare\" \/>\n<meta property=\"article:publisher\" content=\"https:\/\/www.facebook.com\/bacanaskincare-106988470647315\/\" \/>\n<meta property=\"article:modified_time\" content=\"2025-12-01T23:11:48+00:00\" \/>\n<meta property=\"og:image\" content=\"https:\/\/bacanaskincare.com\/wp-content\/uploads\/2020\/10\/green-clay-face-mask.jpg\" \/>\n\t<meta property=\"og:image:width\" content=\"1150\" \/>\n\t<meta property=\"og:image:height\" content=\"1150\" \/>\n\t<meta property=\"og:image:type\" content=\"image\/jpeg\" \/>\n<meta name=\"twitter:card\" content=\"summary_large_image\" \/>\n<meta name=\"twitter:label1\" content=\"Est. tempo de leitura\" \/>\n\t<meta name=\"twitter:data1\" content=\"1 minuto\" \/>\n<script type=\"application\/ld+json\" class=\"yoast-schema-graph\">{\"@context\":\"https:\\\/\\\/schema.org\",\"@graph\":[{\"@type\":[\"WebPage\",\"ItemPage\"],\"@id\":\"https:\\\/\\\/bacanaskincare.com\\\/pt-br\\\/product\\\/green-clay-face-mask\\\/\",\"url\":\"https:\\\/\\\/bacanaskincare.com\\\/pt-br\\\/product\\\/green-clay-face-mask\\\/\",\"name\":\"M\u00e1scara Facial de Argila Verde da Bacana | Bacana Skincare | Cruelty free & Vegan\",\"isPartOf\":{\"@id\":\"https:\\\/\\\/bacanaskincare.com\\\/pt-br\\\/#website\"},\"primaryImageOfPage\":{\"@id\":\"https:\\\/\\\/bacanaskincare.com\\\/pt-br\\\/product\\\/green-clay-face-mask\\\/#primaryimage\"},\"image\":{\"@id\":\"https:\\\/\\\/bacanaskincare.com\\\/pt-br\\\/product\\\/green-clay-face-mask\\\/#primaryimage\"},\"thumbnailUrl\":\"https:\\\/\\\/bacanaskincare.com\\\/wp-content\\\/uploads\\\/2020\\\/10\\\/green-clay-face-mask.jpg\",\"datePublished\":\"2020-10-08T15:32:15+00:00\",\"dateModified\":\"2025-12-01T23:11:48+00:00\",\"description\":\"A m\u00e1scara facial de argila verde tem uma f\u00f3rmula natural que limpa profundamente os poros. Purifica a pele sem ressec\u00e1-la. Menta\",\"breadcrumb\":{\"@id\":\"https:\\\/\\\/bacanaskincare.com\\\/pt-br\\\/product\\\/green-clay-face-mask\\\/#breadcrumb\"},\"inLanguage\":\"pt-BR\",\"potentialAction\":[{\"@type\":\"ReadAction\",\"target\":[\"https:\\\/\\\/bacanaskincare.com\\\/pt-br\\\/product\\\/green-clay-face-mask\\\/\"]}]},{\"@type\":\"ImageObject\",\"inLanguage\":\"pt-BR\",\"@id\":\"https:\\\/\\\/bacanaskincare.com\\\/pt-br\\\/product\\\/green-clay-face-mask\\\/#primaryimage\",\"url\":\"https:\\\/\\\/bacanaskincare.com\\\/wp-content\\\/uploads\\\/2020\\\/10\\\/green-clay-face-mask.jpg\",\"contentUrl\":\"https:\\\/\\\/bacanaskincare.com\\\/wp-content\\\/uploads\\\/2020\\\/10\\\/green-clay-face-mask.jpg\",\"width\":1150,\"height\":1150},{\"@type\":\"BreadcrumbList\",\"@id\":\"https:\\\/\\\/bacanaskincare.com\\\/pt-br\\\/product\\\/green-clay-face-mask\\\/#breadcrumb\",\"itemListElement\":[{\"@type\":\"ListItem\",\"position\":1,\"name\":\"Shop\",\"item\":\"https:\\\/\\\/bacanaskincare.com\\\/pt-br\\\/shop\\\/\"},{\"@type\":\"ListItem\",\"position\":2,\"name\":\"Skin care\",\"item\":\"https:\\\/\\\/bacanaskincare.com\\\/pt-br\\\/categoria-produto\\\/skin-care-pt-br\\\/\"},{\"@type\":\"ListItem\",\"position\":3,\"name\":\"M\u00e1scara Facial de Argila Verde da Bacana\"}]},{\"@type\":\"WebSite\",\"@id\":\"https:\\\/\\\/bacanaskincare.com\\\/pt-br\\\/#website\",\"url\":\"https:\\\/\\\/bacanaskincare.com\\\/pt-br\\\/\",\"name\":\"Bacana Skincare\",\"description\":\"Natural skincare powered by tropical superfruits\",\"publisher\":{\"@id\":\"https:\\\/\\\/bacanaskincare.com\\\/pt-br\\\/#organization\"},\"potentialAction\":[{\"@type\":\"SearchAction\",\"target\":{\"@type\":\"EntryPoint\",\"urlTemplate\":\"https:\\\/\\\/bacanaskincare.com\\\/pt-br\\\/?s={search_term_string}\"},\"query-input\":{\"@type\":\"PropertyValueSpecification\",\"valueRequired\":true,\"valueName\":\"search_term_string\"}}],\"inLanguage\":\"pt-BR\"},{\"@type\":\"Organization\",\"@id\":\"https:\\\/\\\/bacanaskincare.com\\\/pt-br\\\/#organization\",\"name\":\"Bacana Skincare\",\"url\":\"https:\\\/\\\/bacanaskincare.com\\\/pt-br\\\/\",\"logo\":{\"@type\":\"ImageObject\",\"inLanguage\":\"pt-BR\",\"@id\":\"https:\\\/\\\/bacanaskincare.com\\\/pt-br\\\/#\\\/schema\\\/logo\\\/image\\\/\",\"url\":\"https:\\\/\\\/bacanaskincare.com\\\/wp-content\\\/uploads\\\/2019\\\/09\\\/u.png\",\"contentUrl\":\"https:\\\/\\\/bacanaskincare.com\\\/wp-content\\\/uploads\\\/2019\\\/09\\\/u.png\",\"width\":834,\"height\":226,\"caption\":\"Bacana Skincare\"},\"image\":{\"@id\":\"https:\\\/\\\/bacanaskincare.com\\\/pt-br\\\/#\\\/schema\\\/logo\\\/image\\\/\"},\"sameAs\":[\"https:\\\/\\\/www.facebook.com\\\/bacanaskincare-106988470647315\\\/\",\"https:\\\/\\\/www.instagram.com\\\/bacanaskincare\\\/?hl=en\",\"https:\\\/\\\/br.pinterest.com\\\/d0fd9db15f94c64465fab43d03b69a\\\/\"]}]}<\/script>\n<!-- \/ Yoast SEO plugin. -->","yoast_head_json":{"title":"M\u00e1scara Facial de Argila Verde da Bacana | Bacana Skincare | Cruelty free & Vegan","description":"A m\u00e1scara facial de argila verde tem uma f\u00f3rmula natural que limpa profundamente os poros. Purifica a pele sem ressec\u00e1-la. Menta","robots":{"index":"index","follow":"follow","max-snippet":"max-snippet:-1","max-image-preview":"max-image-preview:large","max-video-preview":"max-video-preview:-1"},"canonical":"https:\/\/bacanaskincare.com\/pt-br\/product\/green-clay-face-mask\/","og_locale":"pt_BR","og_type":"article","og_title":"M\u00e1scara Facial de Argila Verde da Bacana | Bacana Skincare | Cruelty free & Vegan","og_description":"A m\u00e1scara facial de argila verde tem uma f\u00f3rmula natural que limpa profundamente os poros. Purifica a pele sem ressec\u00e1-la. Menta","og_url":"https:\/\/bacanaskincare.com\/pt-br\/product\/green-clay-face-mask\/","og_site_name":"Bacana Skincare","article_publisher":"https:\/\/www.facebook.com\/bacanaskincare-106988470647315\/","article_modified_time":"2025-12-01T23:11:48+00:00","og_image":[{"width":1150,"height":1150,"url":"https:\/\/bacanaskincare.com\/wp-content\/uploads\/2020\/10\/green-clay-face-mask.jpg","type":"image\/jpeg"}],"twitter_card":"summary_large_image","twitter_misc":{"Est. tempo de leitura":"1 minuto"},"schema":{"@context":"https:\/\/schema.org","@graph":[{"@type":["WebPage","ItemPage"],"@id":"https:\/\/bacanaskincare.com\/pt-br\/product\/green-clay-face-mask\/","url":"https:\/\/bacanaskincare.com\/pt-br\/product\/green-clay-face-mask\/","name":"M\u00e1scara Facial de Argila Verde da Bacana | Bacana Skincare | Cruelty free & Vegan","isPartOf":{"@id":"https:\/\/bacanaskincare.com\/pt-br\/#website"},"primaryImageOfPage":{"@id":"https:\/\/bacanaskincare.com\/pt-br\/product\/green-clay-face-mask\/#primaryimage"},"image":{"@id":"https:\/\/bacanaskincare.com\/pt-br\/product\/green-clay-face-mask\/#primaryimage"},"thumbnailUrl":"https:\/\/bacanaskincare.com\/wp-content\/uploads\/2020\/10\/green-clay-face-mask.jpg","datePublished":"2020-10-08T15:32:15+00:00","dateModified":"2025-12-01T23:11:48+00:00","description":"A m\u00e1scara facial de argila verde tem uma f\u00f3rmula natural que limpa profundamente os poros. Purifica a pele sem ressec\u00e1-la. Menta","breadcrumb":{"@id":"https:\/\/bacanaskincare.com\/pt-br\/product\/green-clay-face-mask\/#breadcrumb"},"inLanguage":"pt-BR","potentialAction":[{"@type":"ReadAction","target":["https:\/\/bacanaskincare.com\/pt-br\/product\/green-clay-face-mask\/"]}]},{"@type":"ImageObject","inLanguage":"pt-BR","@id":"https:\/\/bacanaskincare.com\/pt-br\/product\/green-clay-face-mask\/#primaryimage","url":"https:\/\/bacanaskincare.com\/wp-content\/uploads\/2020\/10\/green-clay-face-mask.jpg","contentUrl":"https:\/\/bacanaskincare.com\/wp-content\/uploads\/2020\/10\/green-clay-face-mask.jpg","width":1150,"height":1150},{"@type":"BreadcrumbList","@id":"https:\/\/bacanaskincare.com\/pt-br\/product\/green-clay-face-mask\/#breadcrumb","itemListElement":[{"@type":"ListItem","position":1,"name":"Shop","item":"https:\/\/bacanaskincare.com\/pt-br\/shop\/"},{"@type":"ListItem","position":2,"name":"Skin care","item":"https:\/\/bacanaskincare.com\/pt-br\/categoria-produto\/skin-care-pt-br\/"},{"@type":"ListItem","position":3,"name":"M\u00e1scara Facial de Argila Verde da Bacana"}]},{"@type":"WebSite","@id":"https:\/\/bacanaskincare.com\/pt-br\/#website","url":"https:\/\/bacanaskincare.com\/pt-br\/","name":"Bacana Skincare","description":"Natural skincare powered by tropical superfruits","publisher":{"@id":"https:\/\/bacanaskincare.com\/pt-br\/#organization"},"potentialAction":[{"@type":"SearchAction","target":{"@type":"EntryPoint","urlTemplate":"https:\/\/bacanaskincare.com\/pt-br\/?s={search_term_string}"},"query-input":{"@type":"PropertyValueSpecification","valueRequired":true,"valueName":"search_term_string"}}],"inLanguage":"pt-BR"},{"@type":"Organization","@id":"https:\/\/bacanaskincare.com\/pt-br\/#organization","name":"Bacana Skincare","url":"https:\/\/bacanaskincare.com\/pt-br\/","logo":{"@type":"ImageObject","inLanguage":"pt-BR","@id":"https:\/\/bacanaskincare.com\/pt-br\/#\/schema\/logo\/image\/","url":"https:\/\/bacanaskincare.com\/wp-content\/uploads\/2019\/09\/u.png","contentUrl":"https:\/\/bacanaskincare.com\/wp-content\/uploads\/2019\/09\/u.png","width":834,"height":226,"caption":"Bacana Skincare"},"image":{"@id":"https:\/\/bacanaskincare.com\/pt-br\/#\/schema\/logo\/image\/"},"sameAs":["https:\/\/www.facebook.com\/bacanaskincare-106988470647315\/","https:\/\/www.instagram.com\/bacanaskincare\/?hl=en","https:\/\/br.pinterest.com\/d0fd9db15f94c64465fab43d03b69a\/"]}]}},"_links":{"self":[{"href":"https:\/\/bacanaskincare.com\/pt-br\/wp-json\/wp\/v2\/product\/19367","targetHints":{"allow":["GET"]}}],"collection":[{"href":"https:\/\/bacanaskincare.com\/pt-br\/wp-json\/wp\/v2\/product"}],"about":[{"href":"https:\/\/bacanaskincare.com\/pt-br\/wp-json\/wp\/v2\/types\/product"}],"replies":[{"embeddable":true,"href":"https:\/\/bacanaskincare.com\/pt-br\/wp-json\/wp\/v2\/comments?post=19367"}],"wp:featuredmedia":[{"embeddable":true,"href":"https:\/\/bacanaskincare.com\/pt-br\/wp-json\/wp\/v2\/media\/19368"}],"wp:attachment":[{"href":"https:\/\/bacanaskincare.com\/pt-br\/wp-json\/wp\/v2\/media?parent=19367"}],"wp:term":[{"taxonomy":"product_brand","embeddable":true,"href":"https:\/\/bacanaskincare.com\/pt-br\/wp-json\/wp\/v2\/product_brand?post=19367"},{"taxonomy":"product_cat","embeddable":true,"href":"https:\/\/bacanaskincare.com\/pt-br\/wp-json\/wp\/v2\/product_cat?post=19367"},{"taxonomy":"product_tag","embeddable":true,"href":"https:\/\/bacanaskincare.com\/pt-br\/wp-json\/wp\/v2\/product_tag?post=19367"}],"curies":[{"name":"wp","href":"https:\/\/api.w.org\/{rel}","templated":true}]}}