{"id":19355,"date":"2020-11-11T23:10:06","date_gmt":"2020-11-11T22:10:06","guid":{"rendered":"http:\/\/bacanaskincare.com\/?post_type=product&#038;p=19355"},"modified":"2025-12-22T20:13:37","modified_gmt":"2025-12-22T19:13:37","slug":"cleansing-cream-face-wash","status":"publish","type":"product","link":"https:\/\/bacanaskincare.com\/pt-br\/product\/cleansing-cream-face-wash\/","title":{"rendered":"Sabonete Facial Suave"},"content":{"rendered":"<h3 class=\"p1\"><strong>INGREDIENTES CHAVE E PORQUE FUNCIONAM:<\/strong><\/h3>\n<p><strong>\u00d3LEO DE MARACUJ\u00c1:<\/strong> Suas vitaminas e \u00e1cidos graxos ajudam a proteger contra os danos causados pelo sol, hidratam e amaciam a pele. O nosso \u00f3leo de maracuj\u00e1 \u00e9 prensado a frio e proveniente do Brasil. O nosso fornecedor apoia as comunidades locais, conserva as esp\u00e9cies e mant\u00e9m a biodiversidade numa regi\u00e3o ecologicamente significativa.<\/p>\n<p><strong>\u00d3LEO DE A\u00c7A\u00cd ORG\u00c2NICO:<\/strong> Origin\u00e1rio do Brasil, \u00e9 um superfruto com propriedades anti-inflamat\u00f3rias e repleto de antioxidantes. Combate os radicais livres, reduzindo os sinais de envelhecimento, e ajuda a curar as c\u00e9lulas danificadas e a restaurar a hidrata\u00e7\u00e3o. O nosso \u00f3leo de a\u00e7a\u00ed \u00e9 org\u00e2nico e \u00e9 obtido de forma sustent\u00e1vel atrav\u00e9s da reciclagem, em colabora\u00e7\u00e3o com um fornecedor dedicado a pr\u00e1ticas de com\u00e9rcio justo e \u00e0 preserva\u00e7\u00e3o da floresta amaz\u00f3nica.<\/p>\n<p><strong>\u00d3LEO DE AM\u00caNDOAS DOCES:<\/strong> Ajuda a equilibrar a perda e a absor\u00e7\u00e3o da humidade.<\/p>\n<p>&nbsp;<\/p>\n","protected":false},"excerpt":{"rendered":"<blockquote><p><strong>Remove suavemente as impurezas e a maquiagem, preserva a hidrata\u00e7\u00e3o natural e protege a barreira cut\u00e2nea.<\/strong><\/p><\/blockquote>\n<p>Mudamos a embalagem, mas n\u00e3o se preocupe\u2014a f\u00f3rmula continua a mesma! O sabonete agora vem em uma embalagem maior, com 150 ml em vez de 100 ml. <\/p>\n<p>[vc_row][vc_column][vc_toggle title=&#8221;O QUE \u00c9?&#8221; style=&#8221;arrow&#8221; custom_font_container=&#8221;tag:h3|text_align:left&#8221; custom_use_theme_fonts=&#8221;yes&#8221;]Este sabonete facial remove suavemente as impurezas da superf\u00edcie e a maquiagem ligeira sem retirar \u00e0 pele a sua hidrata\u00e7\u00e3o natural, ajudando a manter a barreira protetora da pele. 100% natural, vegano e sem ingredientes t\u00f3xicos.[\/vc_toggle][vc_toggle title=&#8221;O QUE ELE FAZ?&#8221; style=&#8221;arrow&#8221; custom_font_container=&#8221;tag:h3|text_align:left&#8221; custom_use_theme_fonts=&#8221;yes&#8221;]Enriquecido com antioxidantes e \u00f3leos hidratantes de Maracuj\u00e1, A\u00e7a\u00ed e Am\u00eandoas Doces, oferece uma defesa eficaz contra os factores que contribuem para a secura da pele. Esta f\u00f3rmula deixa a sua pele n\u00e3o s\u00f3 limpa, mas tamb\u00e9m excecionalmente suave, sem qualquer sinal de secura.[\/vc_toggle][vc_toggle title=&#8221;PARA QUEM?&#8221; style=&#8221;arrow&#8221; custom_font_container=&#8221;tag:h3|text_align:left&#8221; custom_use_theme_fonts=&#8221;yes&#8221;]Adequado para todos os tipos de pele, incluindo as mais sens\u00edveis.[\/vc_toggle][vc_toggle title=&#8221;COMO USAR?&#8221; style=&#8221;arrow&#8221; custom_font_container=&#8221;tag:h3|text_align:left&#8221; custom_use_theme_fonts=&#8221;yes&#8221;]Aplique 3 a 4 doses no rosto seco. Se estiver usando maquiagem, enxague com \u00e1gua morna e volte a aplicar uma segunda vez.[\/vc_toggle][\/vc_column][\/vc_row]<\/p>\n<p>Tamanho: 150ml<\/p>\n<p class=\"p1\">F\u00f3rmula limpa e ingrediente natural. De origem sustent\u00e1vel. Respons\u00e1vel pelo ambiente. Vegano. Sem testes em animais.<\/p>\n","protected":false},"featured_media":26024,"comment_status":"open","ping_status":"closed","template":"","meta":{"ocean_post_layout":"","ocean_both_sidebars_style":"","ocean_both_sidebars_content_width":0,"ocean_both_sidebars_sidebars_width":0,"ocean_sidebar":"0","ocean_second_sidebar":"0","ocean_disable_margins":"enable","ocean_add_body_class":"","ocean_shortcode_before_top_bar":"","ocean_shortcode_after_top_bar":"","ocean_shortcode_before_header":"","ocean_shortcode_after_header":"","ocean_has_shortcode":"","ocean_shortcode_after_title":"","ocean_shortcode_before_footer_widgets":"","ocean_shortcode_after_footer_widgets":"","ocean_shortcode_before_footer_bottom":"","ocean_shortcode_after_footer_bottom":"","ocean_display_top_bar":"default","ocean_display_header":"default","ocean_header_style":"","ocean_center_header_left_menu":"0","ocean_custom_header_template":"0","ocean_custom_logo":0,"ocean_custom_retina_logo":0,"ocean_custom_logo_max_width":0,"ocean_custom_logo_tablet_max_width":0,"ocean_custom_logo_mobile_max_width":0,"ocean_custom_logo_max_height":0,"ocean_custom_logo_tablet_max_height":0,"ocean_custom_logo_mobile_max_height":0,"ocean_header_custom_menu":"0","ocean_menu_typo_font_family":"0","ocean_menu_typo_font_subset":"","ocean_menu_typo_font_size":0,"ocean_menu_typo_font_size_tablet":0,"ocean_menu_typo_font_size_mobile":0,"ocean_menu_typo_font_size_unit":"px","ocean_menu_typo_font_weight":"","ocean_menu_typo_font_weight_tablet":"","ocean_menu_typo_font_weight_mobile":"","ocean_menu_typo_transform":"","ocean_menu_typo_transform_tablet":"","ocean_menu_typo_transform_mobile":"","ocean_menu_typo_line_height":0,"ocean_menu_typo_line_height_tablet":0,"ocean_menu_typo_line_height_mobile":0,"ocean_menu_typo_line_height_unit":"","ocean_menu_typo_spacing":0,"ocean_menu_typo_spacing_tablet":0,"ocean_menu_typo_spacing_mobile":0,"ocean_menu_typo_spacing_unit":"","ocean_menu_link_color":"","ocean_menu_link_color_hover":"","ocean_menu_link_color_active":"","ocean_menu_link_background":"","ocean_menu_link_hover_background":"","ocean_menu_link_active_background":"","ocean_menu_social_links_bg":"","ocean_menu_social_hover_links_bg":"","ocean_menu_social_links_color":"","ocean_menu_social_hover_links_color":"","ocean_disable_title":"default","ocean_disable_heading":"default","ocean_post_title":"","ocean_post_subheading":"","ocean_post_title_style":"","ocean_post_title_background_color":"","ocean_post_title_background":0,"ocean_post_title_bg_image_position":"","ocean_post_title_bg_image_attachment":"","ocean_post_title_bg_image_repeat":"","ocean_post_title_bg_image_size":"","ocean_post_title_height":0,"ocean_post_title_bg_overlay":0.5,"ocean_post_title_bg_overlay_color":"","ocean_disable_breadcrumbs":"default","ocean_breadcrumbs_color":"","ocean_breadcrumbs_separator_color":"","ocean_breadcrumbs_links_color":"","ocean_breadcrumbs_links_hover_color":"","ocean_display_footer_widgets":"default","ocean_display_footer_bottom":"default","ocean_custom_footer_template":"0","iawp_total_views":149},"product_brand":[],"product_cat":[401],"product_tag":[],"class_list":{"0":"post-19355","1":"product","2":"type-product","3":"status-publish","4":"has-post-thumbnail","6":"product_cat-skin-care-pt-br","8":"entry","9":"has-media","11":"first","12":"instock","13":"shipping-taxable","14":"purchasable","15":"product-type-simple","16":"has-rating","17":"has-product-nav","18":"col","19":"span_1_of_3","20":"owp-content-center","21":"item-entry","22":"owp-thumbs-layout-horizontal","23":"owp-btn-normal","24":"owp-tabs-layout-horizontal","26":"circle-sale"},"yoast_head":"<!-- This site is optimized with the Yoast SEO plugin v27.3 - https:\/\/yoast.com\/product\/yoast-seo-wordpress\/ -->\n<title>Sabonete Facial Suave | Bacana Skincare | Cruelty free &amp; Vegan<\/title>\n<meta name=\"description\" content=\"O delicioso sabonete facial que combina os \u00f3leos de Maracuj\u00e1, A\u00e7a\u00ed e Am\u00eandoas Doces para remover suavemente as impurezas da superf\u00edcie da pele. Cheirinho c\u00edtrico natural.\" \/>\n<meta name=\"robots\" content=\"index, follow, max-snippet:-1, max-image-preview:large, max-video-preview:-1\" \/>\n<link rel=\"canonical\" href=\"https:\/\/bacanaskincare.com\/pt-br\/product\/cleansing-cream-face-wash\/\" \/>\n<meta property=\"og:locale\" content=\"pt_BR\" \/>\n<meta property=\"og:type\" content=\"article\" \/>\n<meta property=\"og:title\" content=\"Sabonete Facial Suave | Bacana Skincare | Cruelty free &amp; Vegan\" \/>\n<meta property=\"og:description\" content=\"O delicioso sabonete facial que combina os \u00f3leos de Maracuj\u00e1, A\u00e7a\u00ed e Am\u00eandoas Doces para remover suavemente as impurezas da superf\u00edcie da pele. Cheirinho c\u00edtrico natural.\" \/>\n<meta property=\"og:url\" content=\"https:\/\/bacanaskincare.com\/pt-br\/product\/cleansing-cream-face-wash\/\" \/>\n<meta property=\"og:site_name\" content=\"Bacana Skincare\" \/>\n<meta property=\"article:publisher\" content=\"https:\/\/www.facebook.com\/bacanaskincare-106988470647315\/\" \/>\n<meta property=\"article:modified_time\" content=\"2025-12-22T19:13:37+00:00\" \/>\n<meta property=\"og:image\" content=\"https:\/\/bacanaskincare.com\/wp-content\/uploads\/2020\/11\/Gentle-Cleanser-1-1.jpg\" \/>\n\t<meta property=\"og:image:width\" content=\"1050\" \/>\n\t<meta property=\"og:image:height\" content=\"1050\" \/>\n\t<meta property=\"og:image:type\" content=\"image\/jpeg\" \/>\n<meta name=\"twitter:card\" content=\"summary_large_image\" \/>\n<meta name=\"twitter:label1\" content=\"Est. tempo de leitura\" \/>\n\t<meta name=\"twitter:data1\" content=\"1 minuto\" \/>\n<script type=\"application\/ld+json\" class=\"yoast-schema-graph\">{\"@context\":\"https:\\\/\\\/schema.org\",\"@graph\":[{\"@type\":[\"WebPage\",\"ItemPage\"],\"@id\":\"https:\\\/\\\/bacanaskincare.com\\\/pt-br\\\/product\\\/cleansing-cream-face-wash\\\/\",\"url\":\"https:\\\/\\\/bacanaskincare.com\\\/pt-br\\\/product\\\/cleansing-cream-face-wash\\\/\",\"name\":\"Sabonete Facial Suave | Bacana Skincare | Cruelty free & Vegan\",\"isPartOf\":{\"@id\":\"https:\\\/\\\/bacanaskincare.com\\\/pt-br\\\/#website\"},\"primaryImageOfPage\":{\"@id\":\"https:\\\/\\\/bacanaskincare.com\\\/pt-br\\\/product\\\/cleansing-cream-face-wash\\\/#primaryimage\"},\"image\":{\"@id\":\"https:\\\/\\\/bacanaskincare.com\\\/pt-br\\\/product\\\/cleansing-cream-face-wash\\\/#primaryimage\"},\"thumbnailUrl\":\"https:\\\/\\\/bacanaskincare.com\\\/wp-content\\\/uploads\\\/2020\\\/11\\\/Gentle-Cleanser-1-1.jpg\",\"datePublished\":\"2020-11-11T22:10:06+00:00\",\"dateModified\":\"2025-12-22T19:13:37+00:00\",\"description\":\"O delicioso sabonete facial que combina os \u00f3leos de Maracuj\u00e1, A\u00e7a\u00ed e Am\u00eandoas Doces para remover suavemente as impurezas da superf\u00edcie da pele. Cheirinho c\u00edtrico natural.\",\"breadcrumb\":{\"@id\":\"https:\\\/\\\/bacanaskincare.com\\\/pt-br\\\/product\\\/cleansing-cream-face-wash\\\/#breadcrumb\"},\"inLanguage\":\"pt-BR\",\"potentialAction\":[{\"@type\":\"ReadAction\",\"target\":[\"https:\\\/\\\/bacanaskincare.com\\\/pt-br\\\/product\\\/cleansing-cream-face-wash\\\/\"]}]},{\"@type\":\"ImageObject\",\"inLanguage\":\"pt-BR\",\"@id\":\"https:\\\/\\\/bacanaskincare.com\\\/pt-br\\\/product\\\/cleansing-cream-face-wash\\\/#primaryimage\",\"url\":\"https:\\\/\\\/bacanaskincare.com\\\/wp-content\\\/uploads\\\/2020\\\/11\\\/Gentle-Cleanser-1-1.jpg\",\"contentUrl\":\"https:\\\/\\\/bacanaskincare.com\\\/wp-content\\\/uploads\\\/2020\\\/11\\\/Gentle-Cleanser-1-1.jpg\",\"width\":1050,\"height\":1050},{\"@type\":\"BreadcrumbList\",\"@id\":\"https:\\\/\\\/bacanaskincare.com\\\/pt-br\\\/product\\\/cleansing-cream-face-wash\\\/#breadcrumb\",\"itemListElement\":[{\"@type\":\"ListItem\",\"position\":1,\"name\":\"Shop\",\"item\":\"https:\\\/\\\/bacanaskincare.com\\\/pt-br\\\/shop\\\/\"},{\"@type\":\"ListItem\",\"position\":2,\"name\":\"Skin care\",\"item\":\"https:\\\/\\\/bacanaskincare.com\\\/pt-br\\\/categoria-produto\\\/skin-care-pt-br\\\/\"},{\"@type\":\"ListItem\",\"position\":3,\"name\":\"Sabonete Facial Suave\"}]},{\"@type\":\"WebSite\",\"@id\":\"https:\\\/\\\/bacanaskincare.com\\\/pt-br\\\/#website\",\"url\":\"https:\\\/\\\/bacanaskincare.com\\\/pt-br\\\/\",\"name\":\"Bacana Skincare\",\"description\":\"Natural skincare powered by tropical superfruits\",\"publisher\":{\"@id\":\"https:\\\/\\\/bacanaskincare.com\\\/pt-br\\\/#organization\"},\"potentialAction\":[{\"@type\":\"SearchAction\",\"target\":{\"@type\":\"EntryPoint\",\"urlTemplate\":\"https:\\\/\\\/bacanaskincare.com\\\/pt-br\\\/?s={search_term_string}\"},\"query-input\":{\"@type\":\"PropertyValueSpecification\",\"valueRequired\":true,\"valueName\":\"search_term_string\"}}],\"inLanguage\":\"pt-BR\"},{\"@type\":\"Organization\",\"@id\":\"https:\\\/\\\/bacanaskincare.com\\\/pt-br\\\/#organization\",\"name\":\"Bacana Skincare\",\"url\":\"https:\\\/\\\/bacanaskincare.com\\\/pt-br\\\/\",\"logo\":{\"@type\":\"ImageObject\",\"inLanguage\":\"pt-BR\",\"@id\":\"https:\\\/\\\/bacanaskincare.com\\\/pt-br\\\/#\\\/schema\\\/logo\\\/image\\\/\",\"url\":\"https:\\\/\\\/bacanaskincare.com\\\/wp-content\\\/uploads\\\/2019\\\/09\\\/u.png\",\"contentUrl\":\"https:\\\/\\\/bacanaskincare.com\\\/wp-content\\\/uploads\\\/2019\\\/09\\\/u.png\",\"width\":834,\"height\":226,\"caption\":\"Bacana Skincare\"},\"image\":{\"@id\":\"https:\\\/\\\/bacanaskincare.com\\\/pt-br\\\/#\\\/schema\\\/logo\\\/image\\\/\"},\"sameAs\":[\"https:\\\/\\\/www.facebook.com\\\/bacanaskincare-106988470647315\\\/\",\"https:\\\/\\\/www.instagram.com\\\/bacanaskincare\\\/?hl=en\",\"https:\\\/\\\/br.pinterest.com\\\/d0fd9db15f94c64465fab43d03b69a\\\/\"]}]}<\/script>\n<!-- \/ Yoast SEO plugin. -->","yoast_head_json":{"title":"Sabonete Facial Suave | Bacana Skincare | Cruelty free & Vegan","description":"O delicioso sabonete facial que combina os \u00f3leos de Maracuj\u00e1, A\u00e7a\u00ed e Am\u00eandoas Doces para remover suavemente as impurezas da superf\u00edcie da pele. Cheirinho c\u00edtrico natural.","robots":{"index":"index","follow":"follow","max-snippet":"max-snippet:-1","max-image-preview":"max-image-preview:large","max-video-preview":"max-video-preview:-1"},"canonical":"https:\/\/bacanaskincare.com\/pt-br\/product\/cleansing-cream-face-wash\/","og_locale":"pt_BR","og_type":"article","og_title":"Sabonete Facial Suave | Bacana Skincare | Cruelty free & Vegan","og_description":"O delicioso sabonete facial que combina os \u00f3leos de Maracuj\u00e1, A\u00e7a\u00ed e Am\u00eandoas Doces para remover suavemente as impurezas da superf\u00edcie da pele. Cheirinho c\u00edtrico natural.","og_url":"https:\/\/bacanaskincare.com\/pt-br\/product\/cleansing-cream-face-wash\/","og_site_name":"Bacana Skincare","article_publisher":"https:\/\/www.facebook.com\/bacanaskincare-106988470647315\/","article_modified_time":"2025-12-22T19:13:37+00:00","og_image":[{"width":1050,"height":1050,"url":"https:\/\/bacanaskincare.com\/wp-content\/uploads\/2020\/11\/Gentle-Cleanser-1-1.jpg","type":"image\/jpeg"}],"twitter_card":"summary_large_image","twitter_misc":{"Est. tempo de leitura":"1 minuto"},"schema":{"@context":"https:\/\/schema.org","@graph":[{"@type":["WebPage","ItemPage"],"@id":"https:\/\/bacanaskincare.com\/pt-br\/product\/cleansing-cream-face-wash\/","url":"https:\/\/bacanaskincare.com\/pt-br\/product\/cleansing-cream-face-wash\/","name":"Sabonete Facial Suave | Bacana Skincare | Cruelty free & Vegan","isPartOf":{"@id":"https:\/\/bacanaskincare.com\/pt-br\/#website"},"primaryImageOfPage":{"@id":"https:\/\/bacanaskincare.com\/pt-br\/product\/cleansing-cream-face-wash\/#primaryimage"},"image":{"@id":"https:\/\/bacanaskincare.com\/pt-br\/product\/cleansing-cream-face-wash\/#primaryimage"},"thumbnailUrl":"https:\/\/bacanaskincare.com\/wp-content\/uploads\/2020\/11\/Gentle-Cleanser-1-1.jpg","datePublished":"2020-11-11T22:10:06+00:00","dateModified":"2025-12-22T19:13:37+00:00","description":"O delicioso sabonete facial que combina os \u00f3leos de Maracuj\u00e1, A\u00e7a\u00ed e Am\u00eandoas Doces para remover suavemente as impurezas da superf\u00edcie da pele. Cheirinho c\u00edtrico natural.","breadcrumb":{"@id":"https:\/\/bacanaskincare.com\/pt-br\/product\/cleansing-cream-face-wash\/#breadcrumb"},"inLanguage":"pt-BR","potentialAction":[{"@type":"ReadAction","target":["https:\/\/bacanaskincare.com\/pt-br\/product\/cleansing-cream-face-wash\/"]}]},{"@type":"ImageObject","inLanguage":"pt-BR","@id":"https:\/\/bacanaskincare.com\/pt-br\/product\/cleansing-cream-face-wash\/#primaryimage","url":"https:\/\/bacanaskincare.com\/wp-content\/uploads\/2020\/11\/Gentle-Cleanser-1-1.jpg","contentUrl":"https:\/\/bacanaskincare.com\/wp-content\/uploads\/2020\/11\/Gentle-Cleanser-1-1.jpg","width":1050,"height":1050},{"@type":"BreadcrumbList","@id":"https:\/\/bacanaskincare.com\/pt-br\/product\/cleansing-cream-face-wash\/#breadcrumb","itemListElement":[{"@type":"ListItem","position":1,"name":"Shop","item":"https:\/\/bacanaskincare.com\/pt-br\/shop\/"},{"@type":"ListItem","position":2,"name":"Skin care","item":"https:\/\/bacanaskincare.com\/pt-br\/categoria-produto\/skin-care-pt-br\/"},{"@type":"ListItem","position":3,"name":"Sabonete Facial Suave"}]},{"@type":"WebSite","@id":"https:\/\/bacanaskincare.com\/pt-br\/#website","url":"https:\/\/bacanaskincare.com\/pt-br\/","name":"Bacana Skincare","description":"Natural skincare powered by tropical superfruits","publisher":{"@id":"https:\/\/bacanaskincare.com\/pt-br\/#organization"},"potentialAction":[{"@type":"SearchAction","target":{"@type":"EntryPoint","urlTemplate":"https:\/\/bacanaskincare.com\/pt-br\/?s={search_term_string}"},"query-input":{"@type":"PropertyValueSpecification","valueRequired":true,"valueName":"search_term_string"}}],"inLanguage":"pt-BR"},{"@type":"Organization","@id":"https:\/\/bacanaskincare.com\/pt-br\/#organization","name":"Bacana Skincare","url":"https:\/\/bacanaskincare.com\/pt-br\/","logo":{"@type":"ImageObject","inLanguage":"pt-BR","@id":"https:\/\/bacanaskincare.com\/pt-br\/#\/schema\/logo\/image\/","url":"https:\/\/bacanaskincare.com\/wp-content\/uploads\/2019\/09\/u.png","contentUrl":"https:\/\/bacanaskincare.com\/wp-content\/uploads\/2019\/09\/u.png","width":834,"height":226,"caption":"Bacana Skincare"},"image":{"@id":"https:\/\/bacanaskincare.com\/pt-br\/#\/schema\/logo\/image\/"},"sameAs":["https:\/\/www.facebook.com\/bacanaskincare-106988470647315\/","https:\/\/www.instagram.com\/bacanaskincare\/?hl=en","https:\/\/br.pinterest.com\/d0fd9db15f94c64465fab43d03b69a\/"]}]}},"_links":{"self":[{"href":"https:\/\/bacanaskincare.com\/pt-br\/wp-json\/wp\/v2\/product\/19355","targetHints":{"allow":["GET"]}}],"collection":[{"href":"https:\/\/bacanaskincare.com\/pt-br\/wp-json\/wp\/v2\/product"}],"about":[{"href":"https:\/\/bacanaskincare.com\/pt-br\/wp-json\/wp\/v2\/types\/product"}],"replies":[{"embeddable":true,"href":"https:\/\/bacanaskincare.com\/pt-br\/wp-json\/wp\/v2\/comments?post=19355"}],"wp:featuredmedia":[{"embeddable":true,"href":"https:\/\/bacanaskincare.com\/pt-br\/wp-json\/wp\/v2\/media\/26024"}],"wp:attachment":[{"href":"https:\/\/bacanaskincare.com\/pt-br\/wp-json\/wp\/v2\/media?parent=19355"}],"wp:term":[{"taxonomy":"product_brand","embeddable":true,"href":"https:\/\/bacanaskincare.com\/pt-br\/wp-json\/wp\/v2\/product_brand?post=19355"},{"taxonomy":"product_cat","embeddable":true,"href":"https:\/\/bacanaskincare.com\/pt-br\/wp-json\/wp\/v2\/product_cat?post=19355"},{"taxonomy":"product_tag","embeddable":true,"href":"https:\/\/bacanaskincare.com\/pt-br\/wp-json\/wp\/v2\/product_tag?post=19355"}],"curies":[{"name":"wp","href":"https:\/\/api.w.org\/{rel}","templated":true}]}}