{"id":24125,"date":"2023-10-07T22:41:41","date_gmt":"2023-10-07T20:41:41","guid":{"rendered":"https:\/\/bacanaskincare.com\/our-formulas\/"},"modified":"2023-10-07T22:41:52","modified_gmt":"2023-10-07T20:41:52","slug":"our-formulas","status":"publish","type":"page","link":"https:\/\/bacanaskincare.com\/pt-br\/our-formulas\/","title":{"rendered":"Nossas F\u00f3rmulas"},"content":{"rendered":"<div class=\"wpb-content-wrapper\"><p>[vc_row css=&#8221;.vc_custom_1695237995921{margin-top: 75px !important;}&#8221;][vc_column][vc_column_text]<\/p>\n<h1 style=\"text-align: center;\"><span style=\"font-size: 48px;\">Nossas F\u00f3rmulas<\/span><\/h1>\n<p>[\/vc_column_text][\/vc_column][\/vc_row][vc_row css=&#8221;.vc_custom_1695239142028{margin-top: 40px !important;}&#8221;][vc_column width=&#8221;1\/2&#8243;][vc_single_image image=&#8221;24113&#8243; img_size=&#8221;full&#8221;][\/vc_column][vc_column width=&#8221;1\/2&#8243;][vc_column_text]<\/p>\n<h3>Produtos Frescos<\/h3>\n<p>Produzimos nossos produtos em pequenas quantidades, garantindo que eles cheguem at\u00e9 voc\u00ea ainda frescos, mantendo todos os benef\u00edcios dos ingredientes naturais.<\/p>\n<p>Da cria\u00e7\u00e3o \u00e0 produ\u00e7\u00e3o, fabricamos todos os produtos da Bacana. Por estarmos totalmente envolvidos em todas as etapas do processo, garantimos um alto padr\u00e3o de qualidade.<\/p>\n<h3>F\u00f3rmulas veganas, naturais e eficazes.<\/h3>\n<p>Priorizamos a transpar\u00eancia em nossas f\u00f3rmulas, evitando ingredientes desnecess\u00e1rios. Nossos produtos cont\u00eam doses significativas de ativos cosm\u00e9ticos e s\u00e3o totalmente isentos de ingredientes de origem animal. Baseamos nossa abordagem na ci\u00eancia para criar produtos de alta performance.<\/p>\n<p>Todas as nossas f\u00f3rmulas s\u00e3o desenvolvidas com base em pesquisas sobre a efic\u00e1cia cient\u00edfica de diferentes ingredientes ativos naturais e suas combina\u00e7\u00f5es. V\u00e1rios experimentos s\u00e3o realizados at\u00e9 chegarmos ao resultado perfeito em termos de textura, fragr\u00e2ncia, estabilidade e efic\u00e1cia.<\/p>\n<h3>F\u00f3rmulas dermatologicamente testadas<\/h3>\n<p>Todos os produtos s\u00e3o dermatologicamente testados.<\/p>\n<h3>F\u00f3rmulas seguras<\/h3>\n<p>N\u00e3o usamos desreguladores end\u00f3crinos, irritantes, al\u00e9rgenos ou ingredientes prejudiciais \u00e0 sa\u00fade em nossas f\u00f3rmulas. Al\u00e9m disso, todas as f\u00f3rmulas s\u00e3o isentas de silicones, PEG ou \u00f3leos minerais, que t\u00eam um processo de fabrica\u00e7\u00e3o prejudicial ao meio ambiente.[\/vc_column_text][\/vc_column][\/vc_row][vc_row css=&#8221;.vc_custom_1695239149496{margin-top: 40px !important;}&#8221;][vc_column width=&#8221;1\/3&#8243;][vc_single_image image=&#8221;23593&#8243; img_size=&#8221;full&#8221; alignment=&#8221;center&#8221;][vc_column_text]<\/p>\n<p style=\"text-align: center;\"><span style=\"font-size: 32px; font-family: georgia, palatino, serif;\">Testado dermatologicamente<\/span><\/p>\n<p>[\/vc_column_text][vc_column_text]<\/p>\n<div class=\"elementor-column elementor-col-33 elementor-inner-column elementor-element elementor-element-b16dc28\" data-id=\"b16dc28\" data-element_type=\"column\">\n<div class=\"elementor-column-wrap elementor-element-populated\">\n<div class=\"elementor-widget-wrap\">\n<div class=\"elementor-element elementor-element-f654fa6 elementor-widget elementor-widget-tm-image-box animated tmFadeInUp\" data-id=\"f654fa6\" data-element_type=\"widget\" data-settings=\"{\"_animation\":\"tmFadeInUp\"}\" data-widget_type=\"tm-image-box.default\">\n<div class=\"elementor-widget-container\">\n<div class=\"tm-image-box makeaholic-box style- image-position-top content-alignment-\">\n<div class=\"content-wrap\">\n<div class=\"content\">\n<div class=\"description\" style=\"text-align: center;\">Todos os nossos produtos passam por testes dermatol\u00f3gicos em laborat\u00f3rio especializado, sem o uso de animais.<\/div>\n<\/div>\n<\/div>\n<\/div>\n<\/div>\n<\/div>\n<\/div>\n<\/div>\n<\/div>\n<p>[\/vc_column_text][\/vc_column][vc_column width=&#8221;1\/3&#8243;][vc_single_image image=&#8221;23585&#8243; img_size=&#8221;full&#8221; alignment=&#8221;center&#8221;][vc_column_text]<\/p>\n<p style=\"text-align: center;\"><span style=\"font-size: 32px; font-family: georgia, palatino, serif;\">Livre de toxinas<\/span><\/p>\n<p>[\/vc_column_text][vc_column_text]<\/p>\n<div class=\"elementor-column elementor-col-33 elementor-inner-column elementor-element elementor-element-b16dc28\" data-id=\"b16dc28\" data-element_type=\"column\">\n<div class=\"elementor-column-wrap elementor-element-populated\">\n<div class=\"elementor-widget-wrap\">\n<div class=\"elementor-element elementor-element-f654fa6 elementor-widget elementor-widget-tm-image-box animated tmFadeInUp\" data-id=\"f654fa6\" data-element_type=\"widget\" data-settings=\"{\"_animation\":\"tmFadeInUp\"}\" data-widget_type=\"tm-image-box.default\">\n<div class=\"elementor-widget-container\">\n<div class=\"tm-image-box makeaholic-box style- image-position-top content-alignment-\">\n<div class=\"content-wrap\">\n<div class=\"content\">\n<div class=\"description\" style=\"text-align: center;\">\n<div class=\"elementor-column elementor-col-33 elementor-inner-column elementor-element elementor-element-e211cf4\" data-id=\"e211cf4\" data-element_type=\"column\">\n<div class=\"elementor-column-wrap elementor-element-populated\">\n<div class=\"elementor-widget-wrap\">\n<div class=\"elementor-element elementor-element-38e7ce5 elementor-widget elementor-widget-tm-image-box animated tmFadeInUp\" data-id=\"38e7ce5\" data-element_type=\"widget\" data-settings=\"{\"_animation\":\"tmFadeInUp\"}\" data-widget_type=\"tm-image-box.default\">\n<div class=\"elementor-widget-container\">\n<div class=\"tm-image-box makeaholic-box style- image-position-top content-alignment-\">\n<div class=\"content-wrap\">\n<div class=\"content\">\n<div class=\"description\">Cada cosm\u00e9tico protege sua pele e seu cabelo de forma n\u00e3o t\u00f3xica e saud\u00e1vel, usando ingredientes ativos 100% naturais.<\/div>\n<\/div>\n<\/div>\n<\/div>\n<\/div>\n<\/div>\n<\/div>\n<\/div>\n<\/div>\n<\/div>\n<\/div>\n<\/div>\n<\/div>\n<\/div>\n<\/div>\n<\/div>\n<\/div>\n<\/div>\n<p>[\/vc_column_text][\/vc_column][vc_column width=&#8221;1\/3&#8243;][vc_single_image image=&#8221;23589&#8243; img_size=&#8221;full&#8221; alignment=&#8221;center&#8221;][vc_column_text]<\/p>\n<p style=\"text-align: center;\"><span style=\"font-size: 32px; font-family: georgia, palatino, serif;\">Respeito \u00e0 natureza<\/span><\/p>\n<p>[\/vc_column_text][vc_column_text]<\/p>\n<div class=\"elementor-column elementor-col-33 elementor-inner-column elementor-element elementor-element-b16dc28\" data-id=\"b16dc28\" data-element_type=\"column\">\n<div class=\"elementor-column-wrap elementor-element-populated\">\n<div class=\"elementor-widget-wrap\">\n<div class=\"elementor-element elementor-element-f654fa6 elementor-widget elementor-widget-tm-image-box animated tmFadeInUp\" data-id=\"f654fa6\" data-element_type=\"widget\" data-settings=\"{\"_animation\":\"tmFadeInUp\"}\" data-widget_type=\"tm-image-box.default\">\n<div class=\"elementor-widget-container\">\n<div class=\"tm-image-box makeaholic-box style- image-position-top content-alignment-\">\n<div class=\"content-wrap\">\n<div class=\"content\">\n<div class=\"description\" style=\"text-align: center;\">\n<div class=\"elementor-column elementor-col-33 elementor-inner-column elementor-element elementor-element-e211cf4\" data-id=\"e211cf4\" data-element_type=\"column\">\n<div class=\"elementor-column-wrap elementor-element-populated\">\n<div class=\"elementor-widget-wrap\">\n<div class=\"elementor-element elementor-element-38e7ce5 elementor-widget elementor-widget-tm-image-box animated tmFadeInUp\" data-id=\"38e7ce5\" data-element_type=\"widget\" data-settings=\"{\"_animation\":\"tmFadeInUp\"}\" data-widget_type=\"tm-image-box.default\">\n<div class=\"elementor-widget-container\">\n<div class=\"tm-image-box makeaholic-box style- image-position-top content-alignment-\">\n<div class=\"content-wrap\">\n<div class=\"content\">\n<div class=\"description\">Parte dos lucros de nossos produtos \u00e9 destinada a uma organiza\u00e7\u00e3o sem fins lucrativos que ajuda a restaurar a floresta amaz\u00f4nica e a combater as mudan\u00e7as clim\u00e1ticas.<\/div>\n<\/div>\n<\/div>\n<\/div>\n<\/div>\n<\/div>\n<\/div>\n<\/div>\n<\/div>\n<\/div>\n<\/div>\n<\/div>\n<\/div>\n<\/div>\n<\/div>\n<\/div>\n<\/div>\n<\/div>\n<p>[\/vc_column_text][\/vc_column][\/vc_row]<\/p>\n<\/div>","protected":false},"excerpt":{"rendered":"<p>[vc_row css=&#8221;.vc_custom_1695237995921{margin-top: 75px !important;}&#8221;][vc_column][vc_column_text] Nossas F\u00f3rmulas [\/vc_column_text][\/vc_column][\/vc_row][vc_row css=&#8221;.vc_custom_1695239142028{margin-top: 40px !important;}&#8221;][vc_column width=&#8221;1\/2&#8243;][vc_single_image image=&#8221;24113&#8243; img_size=&#8221;full&#8221;][\/vc_column][vc_column width=&#8221;1\/2&#8243;][vc_column_text] Produtos Frescos Produzimos nossos produtos em pequenas quantidades, garantindo que eles cheguem at\u00e9 voc\u00ea ainda frescos, mantendo todos os benef\u00edcios dos ingredientes naturais. Da cria\u00e7\u00e3o \u00e0 produ\u00e7\u00e3o, fabricamos todos os produtos da Bacana. Por estarmos totalmente envolvidos em todas as etapas [&hellip;]<\/p>\n","protected":false},"author":1,"featured_media":0,"parent":0,"menu_order":0,"comment_status":"closed","ping_status":"closed","template":"","meta":{"ocean_post_layout":"","ocean_both_sidebars_style":"","ocean_both_sidebars_content_width":0,"ocean_both_sidebars_sidebars_width":0,"ocean_sidebar":"0","ocean_second_sidebar":"0","ocean_disable_margins":"enable","ocean_add_body_class":"","ocean_shortcode_before_top_bar":"","ocean_shortcode_after_top_bar":"","ocean_shortcode_before_header":"","ocean_shortcode_after_header":"","ocean_has_shortcode":"","ocean_shortcode_after_title":"","ocean_shortcode_before_footer_widgets":"","ocean_shortcode_after_footer_widgets":"","ocean_shortcode_before_footer_bottom":"","ocean_shortcode_after_footer_bottom":"","ocean_display_top_bar":"default","ocean_display_header":"default","ocean_header_style":"","ocean_center_header_left_menu":"0","ocean_custom_header_template":"0","ocean_custom_logo":0,"ocean_custom_retina_logo":0,"ocean_custom_logo_max_width":0,"ocean_custom_logo_tablet_max_width":0,"ocean_custom_logo_mobile_max_width":0,"ocean_custom_logo_max_height":0,"ocean_custom_logo_tablet_max_height":0,"ocean_custom_logo_mobile_max_height":0,"ocean_header_custom_menu":"0","ocean_menu_typo_font_family":"0","ocean_menu_typo_font_subset":"","ocean_menu_typo_font_size":0,"ocean_menu_typo_font_size_tablet":0,"ocean_menu_typo_font_size_mobile":0,"ocean_menu_typo_font_size_unit":"px","ocean_menu_typo_font_weight":"","ocean_menu_typo_font_weight_tablet":"","ocean_menu_typo_font_weight_mobile":"","ocean_menu_typo_transform":"","ocean_menu_typo_transform_tablet":"","ocean_menu_typo_transform_mobile":"","ocean_menu_typo_line_height":0,"ocean_menu_typo_line_height_tablet":0,"ocean_menu_typo_line_height_mobile":0,"ocean_menu_typo_line_height_unit":"","ocean_menu_typo_spacing":0,"ocean_menu_typo_spacing_tablet":0,"ocean_menu_typo_spacing_mobile":0,"ocean_menu_typo_spacing_unit":"","ocean_menu_link_color":"","ocean_menu_link_color_hover":"","ocean_menu_link_color_active":"","ocean_menu_link_background":"","ocean_menu_link_hover_background":"","ocean_menu_link_active_background":"","ocean_menu_social_links_bg":"","ocean_menu_social_hover_links_bg":"","ocean_menu_social_links_color":"","ocean_menu_social_hover_links_color":"","ocean_disable_title":"default","ocean_disable_heading":"default","ocean_post_title":"","ocean_post_subheading":"","ocean_post_title_style":"","ocean_post_title_background_color":"","ocean_post_title_background":0,"ocean_post_title_bg_image_position":"","ocean_post_title_bg_image_attachment":"","ocean_post_title_bg_image_repeat":"","ocean_post_title_bg_image_size":"","ocean_post_title_height":0,"ocean_post_title_bg_overlay":0.5,"ocean_post_title_bg_overlay_color":"","ocean_disable_breadcrumbs":"default","ocean_breadcrumbs_color":"","ocean_breadcrumbs_separator_color":"","ocean_breadcrumbs_links_color":"","ocean_breadcrumbs_links_hover_color":"","ocean_display_footer_widgets":"default","ocean_display_footer_bottom":"default","ocean_custom_footer_template":"0","iawp_total_views":12,"footnotes":""},"class_list":["post-24125","page","type-page","status-publish","hentry","entry","owp-thumbs-layout-horizontal","owp-btn-normal","owp-tabs-layout-horizontal","has-no-thumbnails","has-product-nav","circle-sale"],"yoast_head":"<!-- This site is optimized with the Yoast SEO plugin v27.3 - https:\/\/yoast.com\/product\/yoast-seo-wordpress\/ -->\n<title>Nossas F\u00f3rmulas - Bacana Skincare<\/title>\n<meta name=\"robots\" content=\"index, follow, max-snippet:-1, max-image-preview:large, max-video-preview:-1\" \/>\n<link rel=\"canonical\" href=\"https:\/\/bacanaskincare.com\/pt-br\/our-formulas\/\" \/>\n<meta property=\"og:locale\" content=\"pt_BR\" \/>\n<meta property=\"og:type\" content=\"article\" \/>\n<meta property=\"og:title\" content=\"Nossas F\u00f3rmulas - Bacana Skincare\" \/>\n<meta property=\"og:description\" content=\"[vc_row css=&#8221;.vc_custom_1695237995921{margin-top: 75px !important;}&#8221;][vc_column][vc_column_text] Nossas F\u00f3rmulas [\/vc_column_text][\/vc_column][\/vc_row][vc_row css=&#8221;.vc_custom_1695239142028{margin-top: 40px !important;}&#8221;][vc_column width=&#8221;1\/2&#8243;][vc_single_image image=&#8221;24113&#8243; img_size=&#8221;full&#8221;][\/vc_column][vc_column width=&#8221;1\/2&#8243;][vc_column_text] Produtos Frescos Produzimos nossos produtos em pequenas quantidades, garantindo que eles cheguem at\u00e9 voc\u00ea ainda frescos, mantendo todos os benef\u00edcios dos ingredientes naturais. Da cria\u00e7\u00e3o \u00e0 produ\u00e7\u00e3o, fabricamos todos os produtos da Bacana. Por estarmos totalmente envolvidos em todas as etapas [&hellip;]\" \/>\n<meta property=\"og:url\" content=\"https:\/\/bacanaskincare.com\/pt-br\/our-formulas\/\" \/>\n<meta property=\"og:site_name\" content=\"Bacana Skincare\" \/>\n<meta property=\"article:publisher\" content=\"https:\/\/www.facebook.com\/bacanaskincare-106988470647315\/\" \/>\n<meta property=\"article:modified_time\" content=\"2023-10-07T20:41:52+00:00\" \/>\n<meta name=\"twitter:card\" content=\"summary_large_image\" \/>\n<meta name=\"twitter:label1\" content=\"Est. tempo de leitura\" \/>\n\t<meta name=\"twitter:data1\" content=\"2 minutos\" \/>\n<script type=\"application\/ld+json\" class=\"yoast-schema-graph\">{\"@context\":\"https:\\\/\\\/schema.org\",\"@graph\":[{\"@type\":\"WebPage\",\"@id\":\"https:\\\/\\\/bacanaskincare.com\\\/pt-br\\\/our-formulas\\\/\",\"url\":\"https:\\\/\\\/bacanaskincare.com\\\/pt-br\\\/our-formulas\\\/\",\"name\":\"Nossas F\u00f3rmulas - Bacana Skincare\",\"isPartOf\":{\"@id\":\"https:\\\/\\\/bacanaskincare.com\\\/pt-br\\\/#website\"},\"datePublished\":\"2023-10-07T20:41:41+00:00\",\"dateModified\":\"2023-10-07T20:41:52+00:00\",\"inLanguage\":\"pt-BR\",\"potentialAction\":[{\"@type\":\"ReadAction\",\"target\":[\"https:\\\/\\\/bacanaskincare.com\\\/pt-br\\\/our-formulas\\\/\"]}]},{\"@type\":\"WebSite\",\"@id\":\"https:\\\/\\\/bacanaskincare.com\\\/pt-br\\\/#website\",\"url\":\"https:\\\/\\\/bacanaskincare.com\\\/pt-br\\\/\",\"name\":\"Bacana Skincare\",\"description\":\"Natural skincare powered by tropical superfruits\",\"publisher\":{\"@id\":\"https:\\\/\\\/bacanaskincare.com\\\/pt-br\\\/#organization\"},\"potentialAction\":[{\"@type\":\"SearchAction\",\"target\":{\"@type\":\"EntryPoint\",\"urlTemplate\":\"https:\\\/\\\/bacanaskincare.com\\\/pt-br\\\/?s={search_term_string}\"},\"query-input\":{\"@type\":\"PropertyValueSpecification\",\"valueRequired\":true,\"valueName\":\"search_term_string\"}}],\"inLanguage\":\"pt-BR\"},{\"@type\":\"Organization\",\"@id\":\"https:\\\/\\\/bacanaskincare.com\\\/pt-br\\\/#organization\",\"name\":\"Bacana Skincare\",\"url\":\"https:\\\/\\\/bacanaskincare.com\\\/pt-br\\\/\",\"logo\":{\"@type\":\"ImageObject\",\"inLanguage\":\"pt-BR\",\"@id\":\"https:\\\/\\\/bacanaskincare.com\\\/pt-br\\\/#\\\/schema\\\/logo\\\/image\\\/\",\"url\":\"https:\\\/\\\/bacanaskincare.com\\\/wp-content\\\/uploads\\\/2019\\\/09\\\/u.png\",\"contentUrl\":\"https:\\\/\\\/bacanaskincare.com\\\/wp-content\\\/uploads\\\/2019\\\/09\\\/u.png\",\"width\":834,\"height\":226,\"caption\":\"Bacana Skincare\"},\"image\":{\"@id\":\"https:\\\/\\\/bacanaskincare.com\\\/pt-br\\\/#\\\/schema\\\/logo\\\/image\\\/\"},\"sameAs\":[\"https:\\\/\\\/www.facebook.com\\\/bacanaskincare-106988470647315\\\/\",\"https:\\\/\\\/www.instagram.com\\\/bacanaskincare\\\/?hl=en\",\"https:\\\/\\\/br.pinterest.com\\\/d0fd9db15f94c64465fab43d03b69a\\\/\"]}]}<\/script>\n<!-- \/ Yoast SEO plugin. -->","yoast_head_json":{"title":"Nossas F\u00f3rmulas - Bacana Skincare","robots":{"index":"index","follow":"follow","max-snippet":"max-snippet:-1","max-image-preview":"max-image-preview:large","max-video-preview":"max-video-preview:-1"},"canonical":"https:\/\/bacanaskincare.com\/pt-br\/our-formulas\/","og_locale":"pt_BR","og_type":"article","og_title":"Nossas F\u00f3rmulas - Bacana Skincare","og_description":"[vc_row css=&#8221;.vc_custom_1695237995921{margin-top: 75px !important;}&#8221;][vc_column][vc_column_text] Nossas F\u00f3rmulas [\/vc_column_text][\/vc_column][\/vc_row][vc_row css=&#8221;.vc_custom_1695239142028{margin-top: 40px !important;}&#8221;][vc_column width=&#8221;1\/2&#8243;][vc_single_image image=&#8221;24113&#8243; img_size=&#8221;full&#8221;][\/vc_column][vc_column width=&#8221;1\/2&#8243;][vc_column_text] Produtos Frescos Produzimos nossos produtos em pequenas quantidades, garantindo que eles cheguem at\u00e9 voc\u00ea ainda frescos, mantendo todos os benef\u00edcios dos ingredientes naturais. Da cria\u00e7\u00e3o \u00e0 produ\u00e7\u00e3o, fabricamos todos os produtos da Bacana. Por estarmos totalmente envolvidos em todas as etapas [&hellip;]","og_url":"https:\/\/bacanaskincare.com\/pt-br\/our-formulas\/","og_site_name":"Bacana Skincare","article_publisher":"https:\/\/www.facebook.com\/bacanaskincare-106988470647315\/","article_modified_time":"2023-10-07T20:41:52+00:00","twitter_card":"summary_large_image","twitter_misc":{"Est. tempo de leitura":"2 minutos"},"schema":{"@context":"https:\/\/schema.org","@graph":[{"@type":"WebPage","@id":"https:\/\/bacanaskincare.com\/pt-br\/our-formulas\/","url":"https:\/\/bacanaskincare.com\/pt-br\/our-formulas\/","name":"Nossas F\u00f3rmulas - Bacana Skincare","isPartOf":{"@id":"https:\/\/bacanaskincare.com\/pt-br\/#website"},"datePublished":"2023-10-07T20:41:41+00:00","dateModified":"2023-10-07T20:41:52+00:00","inLanguage":"pt-BR","potentialAction":[{"@type":"ReadAction","target":["https:\/\/bacanaskincare.com\/pt-br\/our-formulas\/"]}]},{"@type":"WebSite","@id":"https:\/\/bacanaskincare.com\/pt-br\/#website","url":"https:\/\/bacanaskincare.com\/pt-br\/","name":"Bacana Skincare","description":"Natural skincare powered by tropical superfruits","publisher":{"@id":"https:\/\/bacanaskincare.com\/pt-br\/#organization"},"potentialAction":[{"@type":"SearchAction","target":{"@type":"EntryPoint","urlTemplate":"https:\/\/bacanaskincare.com\/pt-br\/?s={search_term_string}"},"query-input":{"@type":"PropertyValueSpecification","valueRequired":true,"valueName":"search_term_string"}}],"inLanguage":"pt-BR"},{"@type":"Organization","@id":"https:\/\/bacanaskincare.com\/pt-br\/#organization","name":"Bacana Skincare","url":"https:\/\/bacanaskincare.com\/pt-br\/","logo":{"@type":"ImageObject","inLanguage":"pt-BR","@id":"https:\/\/bacanaskincare.com\/pt-br\/#\/schema\/logo\/image\/","url":"https:\/\/bacanaskincare.com\/wp-content\/uploads\/2019\/09\/u.png","contentUrl":"https:\/\/bacanaskincare.com\/wp-content\/uploads\/2019\/09\/u.png","width":834,"height":226,"caption":"Bacana Skincare"},"image":{"@id":"https:\/\/bacanaskincare.com\/pt-br\/#\/schema\/logo\/image\/"},"sameAs":["https:\/\/www.facebook.com\/bacanaskincare-106988470647315\/","https:\/\/www.instagram.com\/bacanaskincare\/?hl=en","https:\/\/br.pinterest.com\/d0fd9db15f94c64465fab43d03b69a\/"]}]}},"_links":{"self":[{"href":"https:\/\/bacanaskincare.com\/pt-br\/wp-json\/wp\/v2\/pages\/24125","targetHints":{"allow":["GET"]}}],"collection":[{"href":"https:\/\/bacanaskincare.com\/pt-br\/wp-json\/wp\/v2\/pages"}],"about":[{"href":"https:\/\/bacanaskincare.com\/pt-br\/wp-json\/wp\/v2\/types\/page"}],"author":[{"embeddable":true,"href":"https:\/\/bacanaskincare.com\/pt-br\/wp-json\/wp\/v2\/users\/1"}],"replies":[{"embeddable":true,"href":"https:\/\/bacanaskincare.com\/pt-br\/wp-json\/wp\/v2\/comments?post=24125"}],"version-history":[{"count":0,"href":"https:\/\/bacanaskincare.com\/pt-br\/wp-json\/wp\/v2\/pages\/24125\/revisions"}],"wp:attachment":[{"href":"https:\/\/bacanaskincare.com\/pt-br\/wp-json\/wp\/v2\/media?parent=24125"}],"curies":[{"name":"wp","href":"https:\/\/api.w.org\/{rel}","templated":true}]}}