{"id":20787,"date":"2022-07-04T16:21:16","date_gmt":"2022-07-04T14:21:16","guid":{"rendered":"https:\/\/bacanaskincare.com\/sobre-nos\/"},"modified":"2023-10-07T22:24:19","modified_gmt":"2023-10-07T20:24:19","slug":"sobre-nos","status":"publish","type":"page","link":"https:\/\/bacanaskincare.com\/pt-br\/sobre-nos\/","title":{"rendered":"Sobre N\u00f3s"},"content":{"rendered":"<div class=\"wpb-content-wrapper\"><p>[vc_row css=&#8221;.vc_custom_1599377500635{margin-top: 50px !important;}&#8221;][vc_column][vc_custom_heading text=&#8221;Alma tropical com sede em Berlim&#8221; font_container=&#8221;tag:h2|font_size:48|text_align:center|color:%23000000&#8243; google_fonts=&#8221;font_family:Architects%20Daughter%3Aregular|font_style:400%20regular%3A400%3Anormal&#8221;][\/vc_column][\/vc_row][vc_row content_placement=&#8221;middle&#8221;][vc_column width=&#8221;1\/2&#8243;][vc_column_text css=&#8221;.vc_custom_1657918809445{padding-top: 0px !important;}&#8221;]A Bacana Skincare \u00e9 uma marca de cosm\u00e9ticos 100% natural, vegana e cruelty-free, sediada em Berlim, na Alemanha. A Bacana nasce do desejo de compartilhar os segredos da beleza e da exuber\u00e2ncia do Brasil, um pa\u00eds com grande variedade de ingredientes naturais reconhecidos por suas incr\u00edveis propriedades. Nossas f\u00f3rmulas exclusivas combinam o conhecimento ancestral das comunidades da floresta amaz\u00f4nica com os avan\u00e7os cient\u00edficos modernos da chamada tecnologia da beleza natural.<\/p>\n<h3>Bacana significa \u201clegal\u201d, \u201c\u00f3timo\u201d, \u201csurpreendente\u201d<\/h3>\n<p>Em portugu\u00eas brasileiro, a palavra Bacana significa uma s\u00e9rie de adjetivos positivos como \u201clegal\u201d, \u201cbom\u201d, \u201c\u00f3timo\u201d, \u201csurpreendente\u201d e \u201cdivertido\u201d. Acreditamos que \u00e9 exatamente assim que devemos nos sentir com n\u00f3s mesmos! Nossa miss\u00e3o \u00e9 criar cosm\u00e9ticos naturais altamente eficazes, livres de toxinas, veganos e feitos \u00e0 m\u00e3o com muita dedica\u00e7\u00e3o e amor. Para sua rotina di\u00e1ria de cuidados, selecionamos os melhores ingredientes da floresta tropical por sua pureza, sustentabilidade e benef\u00edcios para a pele e cabelos.<\/p>\n<h3>Cosm\u00e9ticos 100% naturais feitos em Berlim<\/h3>\n<p>Somos uma marca de cosm\u00e9ticos que une a efici\u00eancia alem\u00e3 com a diversidade tropical, tendo como prop\u00f3sito criar produtos de beleza \u00fanicos.<\/p>\n<p>Por meio de um r\u00edgido c\u00f3digo de \u00e9tica, adquirimos as mat\u00e9rias-primas naturais e n\u00e3o t\u00f3xicas de fornecedores que compartilham dos nossos mesmos princ\u00edpios.<\/p>\n<p>A Bacana \u00e9 um convite para descobrir uma forma natural de cuidar de si.[\/vc_column_text][\/vc_column][vc_column width=&#8221;1\/2&#8243;][vc_single_image image=&#8221;20790&#8243; img_size=&#8221;416&#215;520&#8243; alignment=&#8221;center&#8221;][\/vc_column][\/vc_row][vc_row css=&#8221;.vc_custom_1599374497940{margin-top: 100px !important;}&#8221;][vc_column width=&#8221;1\/2&#8243;][vc_single_image image=&#8221;20792&#8243; img_size=&#8221;large&#8221;][\/vc_column][vc_column width=&#8221;1\/2&#8243;][vc_column_text css=&#8221;.vc_custom_1656944355547{margin-top: 40px !important;}&#8221;]<\/p>\n<blockquote><p><span style=\"color: #8e8e8e; font-size: 16pt;\">N\u00f3s fazemos todo o processo, desde a cria\u00e7\u00e3o at\u00e9 a produ\u00e7\u00e3o. A partir do envolvimento integral em todas as etapas, garantimos a melhor qualidade. <\/span><\/p><\/blockquote>\n<p>[\/vc_column_text][vc_column_text css=&#8221;.vc_custom_1657921409671{margin-top: 75px !important;}&#8221;]<\/p>\n<h3>Usamos a ci\u00eancia para criar produtos eficazes<\/h3>\n<p>Todas as nossas f\u00f3rmulas s\u00e3o desenvolvidas a partir de pesquisas sobre a efic\u00e1cia cient\u00edfica dos diferentes ativos naturais e suas combina\u00e7\u00f5es. Diversas experimenta\u00e7\u00f5es s\u00e3o realizadas at\u00e9 chegarmos ao resultado perfeito: textura, fragr\u00e2ncia, estabilidade e efic\u00e1cia.<\/p>\n<p>As formula\u00e7\u00f5es passam ainda por testes microbiol\u00f3gicos e dermatol\u00f3gicos em laborat\u00f3rios especializados que garantem a qualidade de nossos cosm\u00e9ticos.[\/vc_column_text][\/vc_column][\/vc_row][vc_row css=&#8221;.vc_custom_1599374483306{margin-top: 100px !important;}&#8221;][vc_column width=&#8221;1\/2&#8243;][vc_column_text]<\/p>\n<blockquote><p><span style=\"color: #8e8e8e;\"><span style=\"font-size: 16pt;\">Sabemos que existem maneiras de trazer de volta a floresta tropical ao mesmo tempo em que melhoramos a qualidade de vida das pessoas. .<br \/>\n<\/span><span style=\"font-size: 16pt;\">Essas formas verdes s\u00e3o mais do que sustent\u00e1veis, s\u00e3o regenerativas<\/span><\/span><\/p><\/blockquote>\n<p>[\/vc_column_text][vc_column_text css=&#8221;.vc_custom_1657920000488{margin-top: 50px !important;}&#8221;]<\/p>\n<h3>Respeitamos a natureza<\/h3>\n<p>Para combater as mudan\u00e7as clim\u00e1ticas, decidimos agir e apoiar aqueles que defendem a floresta amaz\u00f4nica. \u00c9 por isso que destinamos 2% de nossas receitas para a <a href=\"https:\/\/www.caminoverde.org\/\">Camino Verde,<\/a> organiza\u00e7\u00e3o sem fins lucrativos que luta para restaurar a floresta e melhorar as condi\u00e7\u00f5es de vida dos povos da Amaz\u00f4nia.<\/p>\n<p>Os resultados da Camino Verde s\u00e3o super bacanas: mais de 200.000 \u00e1rvores plantadas de mais de 400 esp\u00e9cies diferentes; 50.000 mudas de \u00e1rvores de mais de 100 esp\u00e9cies nativas produzidas em seus viveiros a cada ano; participa\u00e7\u00e3o de 106 fam\u00edlias de cinco comunidades nativas da Amaz\u00f4nia; 118 hectares (294 acres) reflorestados; 305 hectares (759 acres) de \u00e1rea de impacto direto.[\/vc_column_text][\/vc_column][vc_column width=&#8221;1\/2&#8243;][vc_single_image image=&#8221;20789&#8243; img_size=&#8221;large&#8221; css=&#8221;.vc_custom_1599374377968{margin-top: 0px !important;}&#8221;][\/vc_column][\/vc_row][vc_row content_placement=&#8221;top&#8221; css=&#8221;.vc_custom_1601049202131{padding-top: 100px !important;}&#8221;][vc_column width=&#8221;1\/2&#8243;][vc_single_image image=&#8221;17523&#8243; img_size=&#8221;full&#8221; css=&#8221;.vc_custom_1601049415467{margin-top: 25px !important;}&#8221;][\/vc_column][vc_column width=&#8221;1\/2&#8243;][vc_column_text]<\/p>\n<blockquote><p><span style=\"color: #808080; font-size: 16pt;\">&#8220;Quero inspirar as pessoas a descobrir e amar uma maneira natural de cuidar de si mesmas.&#8221;<\/span><\/p><\/blockquote>\n<p>A partir dos cosm\u00e9ticos, descobri uma forma diferente de compartilhar meu amor e admira\u00e7\u00e3o pela biodiversidade da minha terra natal, o Brasil.<\/p>\n<p>Um dia, decidi deixar meu amado pa\u00eds, onde me formei como farmac\u00eautica. Em 2013, fui para a Fran\u00e7a aprender a desenvolver cosm\u00e9ticos. Desde ent\u00e3o, obtive um mestrado em Qu\u00edmica Cosm\u00e9tica, tive contato com os maiores centros de pesquisa e trabalhei em empresas especializadas tanto na Fran\u00e7a como na Alemanha.<\/p>\n<p>Viver na Europa me oportunizou conhecer diferentes culturas e, em especial, me reconectar \u00e0s minhas ra\u00edzes. Assim, em 2019 nasceu a Bacana Skincare.<\/p>\n<p>Com a Bacana, quero compartilhar as riquezas do Brasil e da floresta amaz\u00f4nica. Espero que voc\u00ea possa sentir o cuidado e a tradi\u00e7\u00e3o de nossas cria\u00e7\u00f5es e que curta usar nossos produtos tropicais tanto quanto eu amo desenvolv\u00ea-los!<\/p>\n<p><strong>Fernanda, fundadora da Bacana Skincare<\/strong>[\/vc_column_text][\/vc_column][\/vc_row]<\/p>\n<\/div>","protected":false},"excerpt":{"rendered":"<p>[vc_row css=&#8221;.vc_custom_1599377500635{margin-top: 50px !important;}&#8221;][vc_column][vc_custom_heading text=&#8221;Alma tropical com sede em Berlim&#8221; font_container=&#8221;tag:h2|font_size:48|text_align:center|color:%23000000&#8243; google_fonts=&#8221;font_family:Architects%20Daughter%3Aregular|font_style:400%20regular%3A400%3Anormal&#8221;][\/vc_column][\/vc_row][vc_row content_placement=&#8221;middle&#8221;][vc_column width=&#8221;1\/2&#8243;][vc_column_text css=&#8221;.vc_custom_1657918809445{padding-top: 0px !important;}&#8221;]A Bacana Skincare \u00e9 uma marca de cosm\u00e9ticos 100% natural, vegana e cruelty-free, sediada em Berlim, na Alemanha. A Bacana nasce do desejo de compartilhar os segredos da beleza e da exuber\u00e2ncia do Brasil, um pa\u00eds com grande variedade [&hellip;]<\/p>\n","protected":false},"author":1,"featured_media":0,"parent":0,"menu_order":0,"comment_status":"closed","ping_status":"closed","template":"","meta":{"ocean_post_layout":"","ocean_both_sidebars_style":"","ocean_both_sidebars_content_width":0,"ocean_both_sidebars_sidebars_width":0,"ocean_sidebar":"0","ocean_second_sidebar":"0","ocean_disable_margins":"enable","ocean_add_body_class":"","ocean_shortcode_before_top_bar":"","ocean_shortcode_after_top_bar":"","ocean_shortcode_before_header":"","ocean_shortcode_after_header":"","ocean_has_shortcode":"","ocean_shortcode_after_title":"","ocean_shortcode_before_footer_widgets":"","ocean_shortcode_after_footer_widgets":"","ocean_shortcode_before_footer_bottom":"","ocean_shortcode_after_footer_bottom":"","ocean_display_top_bar":"default","ocean_display_header":"default","ocean_header_style":"","ocean_center_header_left_menu":"0","ocean_custom_header_template":"0","ocean_custom_logo":0,"ocean_custom_retina_logo":0,"ocean_custom_logo_max_width":0,"ocean_custom_logo_tablet_max_width":0,"ocean_custom_logo_mobile_max_width":0,"ocean_custom_logo_max_height":0,"ocean_custom_logo_tablet_max_height":0,"ocean_custom_logo_mobile_max_height":0,"ocean_header_custom_menu":"0","ocean_menu_typo_font_family":"0","ocean_menu_typo_font_subset":"","ocean_menu_typo_font_size":0,"ocean_menu_typo_font_size_tablet":0,"ocean_menu_typo_font_size_mobile":0,"ocean_menu_typo_font_size_unit":"px","ocean_menu_typo_font_weight":"","ocean_menu_typo_font_weight_tablet":"","ocean_menu_typo_font_weight_mobile":"","ocean_menu_typo_transform":"","ocean_menu_typo_transform_tablet":"","ocean_menu_typo_transform_mobile":"","ocean_menu_typo_line_height":0,"ocean_menu_typo_line_height_tablet":0,"ocean_menu_typo_line_height_mobile":0,"ocean_menu_typo_line_height_unit":"","ocean_menu_typo_spacing":0,"ocean_menu_typo_spacing_tablet":0,"ocean_menu_typo_spacing_mobile":0,"ocean_menu_typo_spacing_unit":"","ocean_menu_link_color":"","ocean_menu_link_color_hover":"","ocean_menu_link_color_active":"","ocean_menu_link_background":"","ocean_menu_link_hover_background":"","ocean_menu_link_active_background":"","ocean_menu_social_links_bg":"","ocean_menu_social_hover_links_bg":"","ocean_menu_social_links_color":"","ocean_menu_social_hover_links_color":"","ocean_disable_title":"default","ocean_disable_heading":"default","ocean_post_title":"","ocean_post_subheading":"","ocean_post_title_style":"","ocean_post_title_background_color":"","ocean_post_title_background":0,"ocean_post_title_bg_image_position":"","ocean_post_title_bg_image_attachment":"","ocean_post_title_bg_image_repeat":"","ocean_post_title_bg_image_size":"","ocean_post_title_height":0,"ocean_post_title_bg_overlay":0.5,"ocean_post_title_bg_overlay_color":"","ocean_disable_breadcrumbs":"default","ocean_breadcrumbs_color":"","ocean_breadcrumbs_separator_color":"","ocean_breadcrumbs_links_color":"","ocean_breadcrumbs_links_hover_color":"","ocean_display_footer_widgets":"default","ocean_display_footer_bottom":"default","ocean_custom_footer_template":"0","iawp_total_views":13,"footnotes":""},"class_list":["post-20787","page","type-page","status-publish","hentry","entry","owp-thumbs-layout-horizontal","owp-btn-normal","owp-tabs-layout-horizontal","has-no-thumbnails","has-product-nav","circle-sale"],"yoast_head":"<!-- This site is optimized with the Yoast SEO plugin v27.3 - https:\/\/yoast.com\/product\/yoast-seo-wordpress\/ -->\n<title>Bacana Skincare | Alma brasileira com sede em Berlim<\/title>\n<meta name=\"description\" content=\"Cosm\u00e9ticos naturais feitos em Berlim | Vegano e cruelty-free | Nossos produtos s\u00e3o 100% naturais ricos em ingredientes vindos da Floresta Amaz\u00f4nica.\" \/>\n<meta name=\"robots\" content=\"index, follow, max-snippet:-1, max-image-preview:large, max-video-preview:-1\" \/>\n<link rel=\"canonical\" href=\"https:\/\/bacanaskincare.com\/pt-br\/sobre-nos\/\" \/>\n<meta property=\"og:locale\" content=\"pt_BR\" \/>\n<meta property=\"og:type\" content=\"article\" \/>\n<meta property=\"og:title\" content=\"Bacana Skincare | Alma brasileira com sede em Berlim\" \/>\n<meta property=\"og:description\" content=\"Cosm\u00e9ticos naturais feitos em Berlim | Vegano e cruelty-free | Nossos produtos s\u00e3o 100% naturais ricos em ingredientes vindos da Floresta Amaz\u00f4nica.\" \/>\n<meta property=\"og:url\" content=\"https:\/\/bacanaskincare.com\/pt-br\/sobre-nos\/\" \/>\n<meta property=\"og:site_name\" content=\"Bacana Skincare\" \/>\n<meta property=\"article:publisher\" content=\"https:\/\/www.facebook.com\/bacanaskincare-106988470647315\/\" \/>\n<meta property=\"article:modified_time\" content=\"2023-10-07T20:24:19+00:00\" \/>\n<meta name=\"twitter:card\" content=\"summary_large_image\" \/>\n<meta name=\"twitter:label1\" content=\"Est. tempo de leitura\" \/>\n\t<meta name=\"twitter:data1\" content=\"4 minutos\" \/>\n<script type=\"application\/ld+json\" class=\"yoast-schema-graph\">{\"@context\":\"https:\\\/\\\/schema.org\",\"@graph\":[{\"@type\":\"WebPage\",\"@id\":\"https:\\\/\\\/bacanaskincare.com\\\/pt-br\\\/sobre-nos\\\/\",\"url\":\"https:\\\/\\\/bacanaskincare.com\\\/pt-br\\\/sobre-nos\\\/\",\"name\":\"Bacana Skincare | Alma brasileira com sede em Berlim\",\"isPartOf\":{\"@id\":\"https:\\\/\\\/bacanaskincare.com\\\/pt-br\\\/#website\"},\"datePublished\":\"2022-07-04T14:21:16+00:00\",\"dateModified\":\"2023-10-07T20:24:19+00:00\",\"description\":\"Cosm\u00e9ticos naturais feitos em Berlim | Vegano e cruelty-free | Nossos produtos s\u00e3o 100% naturais ricos em ingredientes vindos da Floresta Amaz\u00f4nica.\",\"inLanguage\":\"pt-BR\",\"potentialAction\":[{\"@type\":\"ReadAction\",\"target\":[\"https:\\\/\\\/bacanaskincare.com\\\/pt-br\\\/sobre-nos\\\/\"]}]},{\"@type\":\"WebSite\",\"@id\":\"https:\\\/\\\/bacanaskincare.com\\\/pt-br\\\/#website\",\"url\":\"https:\\\/\\\/bacanaskincare.com\\\/pt-br\\\/\",\"name\":\"Bacana Skincare\",\"description\":\"Natural skincare powered by tropical superfruits\",\"publisher\":{\"@id\":\"https:\\\/\\\/bacanaskincare.com\\\/pt-br\\\/#organization\"},\"potentialAction\":[{\"@type\":\"SearchAction\",\"target\":{\"@type\":\"EntryPoint\",\"urlTemplate\":\"https:\\\/\\\/bacanaskincare.com\\\/pt-br\\\/?s={search_term_string}\"},\"query-input\":{\"@type\":\"PropertyValueSpecification\",\"valueRequired\":true,\"valueName\":\"search_term_string\"}}],\"inLanguage\":\"pt-BR\"},{\"@type\":\"Organization\",\"@id\":\"https:\\\/\\\/bacanaskincare.com\\\/pt-br\\\/#organization\",\"name\":\"Bacana Skincare\",\"url\":\"https:\\\/\\\/bacanaskincare.com\\\/pt-br\\\/\",\"logo\":{\"@type\":\"ImageObject\",\"inLanguage\":\"pt-BR\",\"@id\":\"https:\\\/\\\/bacanaskincare.com\\\/pt-br\\\/#\\\/schema\\\/logo\\\/image\\\/\",\"url\":\"https:\\\/\\\/bacanaskincare.com\\\/wp-content\\\/uploads\\\/2019\\\/09\\\/u.png\",\"contentUrl\":\"https:\\\/\\\/bacanaskincare.com\\\/wp-content\\\/uploads\\\/2019\\\/09\\\/u.png\",\"width\":834,\"height\":226,\"caption\":\"Bacana Skincare\"},\"image\":{\"@id\":\"https:\\\/\\\/bacanaskincare.com\\\/pt-br\\\/#\\\/schema\\\/logo\\\/image\\\/\"},\"sameAs\":[\"https:\\\/\\\/www.facebook.com\\\/bacanaskincare-106988470647315\\\/\",\"https:\\\/\\\/www.instagram.com\\\/bacanaskincare\\\/?hl=en\",\"https:\\\/\\\/br.pinterest.com\\\/d0fd9db15f94c64465fab43d03b69a\\\/\"]}]}<\/script>\n<!-- \/ Yoast SEO plugin. -->","yoast_head_json":{"title":"Bacana Skincare | Alma brasileira com sede em Berlim","description":"Cosm\u00e9ticos naturais feitos em Berlim | Vegano e cruelty-free | Nossos produtos s\u00e3o 100% naturais ricos em ingredientes vindos da Floresta Amaz\u00f4nica.","robots":{"index":"index","follow":"follow","max-snippet":"max-snippet:-1","max-image-preview":"max-image-preview:large","max-video-preview":"max-video-preview:-1"},"canonical":"https:\/\/bacanaskincare.com\/pt-br\/sobre-nos\/","og_locale":"pt_BR","og_type":"article","og_title":"Bacana Skincare | Alma brasileira com sede em Berlim","og_description":"Cosm\u00e9ticos naturais feitos em Berlim | Vegano e cruelty-free | Nossos produtos s\u00e3o 100% naturais ricos em ingredientes vindos da Floresta Amaz\u00f4nica.","og_url":"https:\/\/bacanaskincare.com\/pt-br\/sobre-nos\/","og_site_name":"Bacana Skincare","article_publisher":"https:\/\/www.facebook.com\/bacanaskincare-106988470647315\/","article_modified_time":"2023-10-07T20:24:19+00:00","twitter_card":"summary_large_image","twitter_misc":{"Est. tempo de leitura":"4 minutos"},"schema":{"@context":"https:\/\/schema.org","@graph":[{"@type":"WebPage","@id":"https:\/\/bacanaskincare.com\/pt-br\/sobre-nos\/","url":"https:\/\/bacanaskincare.com\/pt-br\/sobre-nos\/","name":"Bacana Skincare | Alma brasileira com sede em Berlim","isPartOf":{"@id":"https:\/\/bacanaskincare.com\/pt-br\/#website"},"datePublished":"2022-07-04T14:21:16+00:00","dateModified":"2023-10-07T20:24:19+00:00","description":"Cosm\u00e9ticos naturais feitos em Berlim | Vegano e cruelty-free | Nossos produtos s\u00e3o 100% naturais ricos em ingredientes vindos da Floresta Amaz\u00f4nica.","inLanguage":"pt-BR","potentialAction":[{"@type":"ReadAction","target":["https:\/\/bacanaskincare.com\/pt-br\/sobre-nos\/"]}]},{"@type":"WebSite","@id":"https:\/\/bacanaskincare.com\/pt-br\/#website","url":"https:\/\/bacanaskincare.com\/pt-br\/","name":"Bacana Skincare","description":"Natural skincare powered by tropical superfruits","publisher":{"@id":"https:\/\/bacanaskincare.com\/pt-br\/#organization"},"potentialAction":[{"@type":"SearchAction","target":{"@type":"EntryPoint","urlTemplate":"https:\/\/bacanaskincare.com\/pt-br\/?s={search_term_string}"},"query-input":{"@type":"PropertyValueSpecification","valueRequired":true,"valueName":"search_term_string"}}],"inLanguage":"pt-BR"},{"@type":"Organization","@id":"https:\/\/bacanaskincare.com\/pt-br\/#organization","name":"Bacana Skincare","url":"https:\/\/bacanaskincare.com\/pt-br\/","logo":{"@type":"ImageObject","inLanguage":"pt-BR","@id":"https:\/\/bacanaskincare.com\/pt-br\/#\/schema\/logo\/image\/","url":"https:\/\/bacanaskincare.com\/wp-content\/uploads\/2019\/09\/u.png","contentUrl":"https:\/\/bacanaskincare.com\/wp-content\/uploads\/2019\/09\/u.png","width":834,"height":226,"caption":"Bacana Skincare"},"image":{"@id":"https:\/\/bacanaskincare.com\/pt-br\/#\/schema\/logo\/image\/"},"sameAs":["https:\/\/www.facebook.com\/bacanaskincare-106988470647315\/","https:\/\/www.instagram.com\/bacanaskincare\/?hl=en","https:\/\/br.pinterest.com\/d0fd9db15f94c64465fab43d03b69a\/"]}]}},"_links":{"self":[{"href":"https:\/\/bacanaskincare.com\/pt-br\/wp-json\/wp\/v2\/pages\/20787","targetHints":{"allow":["GET"]}}],"collection":[{"href":"https:\/\/bacanaskincare.com\/pt-br\/wp-json\/wp\/v2\/pages"}],"about":[{"href":"https:\/\/bacanaskincare.com\/pt-br\/wp-json\/wp\/v2\/types\/page"}],"author":[{"embeddable":true,"href":"https:\/\/bacanaskincare.com\/pt-br\/wp-json\/wp\/v2\/users\/1"}],"replies":[{"embeddable":true,"href":"https:\/\/bacanaskincare.com\/pt-br\/wp-json\/wp\/v2\/comments?post=20787"}],"version-history":[{"count":0,"href":"https:\/\/bacanaskincare.com\/pt-br\/wp-json\/wp\/v2\/pages\/20787\/revisions"}],"wp:attachment":[{"href":"https:\/\/bacanaskincare.com\/pt-br\/wp-json\/wp\/v2\/media?parent=20787"}],"curies":[{"name":"wp","href":"https:\/\/api.w.org\/{rel}","templated":true}]}}