{"id":25684,"date":"2025-01-24T20:08:46","date_gmt":"2025-01-24T19:08:46","guid":{"rendered":"https:\/\/bacanaskincare.com\/?post_type=product&#038;p=25684"},"modified":"2026-02-25T18:27:12","modified_gmt":"2026-02-25T17:27:12","slug":"serum-vitamin-c-10","status":"publish","type":"product","link":"https:\/\/bacanaskincare.com\/fr\/product\/serum-vitamin-c-10\/","title":{"rendered":"S\u00e9rum Vitamine C 10%"},"content":{"rendered":"<h3 class=\"p1\"><strong>LES INGR\u00c9DIENTS CL\u00c9S ET LEUR EFFICACIT\u00c9<\/strong><\/h3>\n<p><strong>VITAMINE C TETRA (10%):<\/strong> Un ingr\u00e9dient hautement stable qui p\u00e9n\u00e8tre profond\u00e9ment dans la peau, prot\u00e9geant contre les dommages solaires, stimulant la production de collag\u00e8ne et r\u00e9duisant les ridules et les taches avec une action douce et efficace.<\/p>\n<p><strong>EXTRAITS DE GUARAN\u00c1 ET DE GINSENG BR\u00c9SILIEN :<\/strong> Des adaptog\u00e8nes puissants qui renouvellent la peau, stimulent l&rsquo;\u00e9nergie cellulaire, combattent le vieillissement et prot\u00e8gent contre le stress environnemental, y compris la protection de la peau contre les dommages induits par les UV, tout en apportant luminosit\u00e9 et vitalit\u00e9 \u00e0 la peau.<\/p>\n<p><strong>ACAI OIL:<\/strong> Le pouvoir antioxydant de l&rsquo;huile d&rsquo;a\u00e7a\u00ef combat efficacement les radicaux libres, aidant \u00e0 pr\u00e9venir le vieillissement pr\u00e9matur\u00e9 de la peau.<\/p>\n<p><strong>SQUALANE D&rsquo;OLIVE<\/strong><strong> : <\/strong>Un lipide naturellement pr\u00e9sent dans la peau humaine qui offre une hydratation profonde, renforce la barri\u00e8re cutan\u00e9e, \u00e9quilibre la production de s\u00e9bum et procure des avantages anti-\u00e2ge, imitant les m\u00e9canismes d&rsquo;hydratation propres au corps.<\/p>\n<p><strong>PHYTOST\u00c9ROL D&rsquo;ABYSSINIE :<\/strong> Des lipides d&rsquo;origine v\u00e9g\u00e9tale qui hydratent, prot\u00e8gent et rajeunissent la peau, offrant une barri\u00e8re naturelle contre le vieillissement et le stress environnemental.<\/p>\n","protected":false},"excerpt":{"rendered":"<blockquote><p><strong>10% de vitamine C, adaptog\u00e8nes (guarana et ginseng) et phytost\u00e9rols. Con\u00e7u pour nourrir intens\u00e9ment, raffermir et illuminer la peau. <\/strong><\/p><\/blockquote>\n<p>[vc_row][vc_column][vc_toggle title=\u00a0\u00bbQU&rsquo;EST-CE QUE C&rsquo;EST ?\u00a0\u00bb style=\u00a0\u00bbarrow\u00a0\u00bb custom_font_container=\u00a0\u00bbtag:h3|text_align:left\u00a0\u00bb custom_use_theme_fonts=\u00a0\u00bbyes\u00a0\u00bb] Puissant s\u00e9rum huileux 100% naturel enrichi de 10% de Vitamine C, de phytost\u00e9rol et d&rsquo;adaptog\u00e8nes bioactifs pour favoriser un teint radieux et uniforme.[\/vc_toggle][vc_toggle title=\u00a0\u00bb\u00c0 QUOI CA SERT?\u00a0\u00bb style=\u00a0\u00bbarrow\u00a0\u00bb custom_font_container=\u00a0\u00bbtag:h3|text_align:left\u00a0\u00bb custom_use_theme_fonts=\u00a0\u00bbyes\u00a0\u00bb] Notre s\u00e9rum \u00e0 la vitamine C, enrichi en guarana adaptog\u00e8ne et ginseng, transforme votre peau. Il uniformise le teint, att\u00e9nue les taches sombres et donne un \u00e9clat instantan\u00e9. Cette formule innovante exploite les propri\u00e9t\u00e9s \u00e9nergisantes du guarana et les effets revitalisants du ginseng pour prot\u00e9ger contre la lumi\u00e8re bleue, stimuler le collag\u00e8ne et apaiser le derme. Enrichi en huile d&rsquo;a\u00e7a\u00ef, squalane naturel et phytost\u00e9rols, cet \u00e9lixir nourrit en profondeur, offrant un teint radieux et revitalis\u00e9.    [\/vc_toggle][vc_toggle title=\u00a0\u00bbPOUR QUI?\u00a0\u00bb style=\u00a0\u00bbarrow\u00a0\u00bb custom_font_container=\u00a0\u00bbtag:h3|text_align:left\u00a0\u00bb custom_use_theme_fonts=\u00a0\u00bbyes\u00a0\u00bb] Convient \u00e0 tous les types de peau \u00e0 la recherche d&rsquo;un teint plus lumineux et uniforme.[\/vc_toggle][vc_toggle title=\u00a0\u00bbCOMMENT L&rsquo;UTILISER?\u00a0\u00bb style=\u00a0\u00bbarrow\u00a0\u00bb custom_font_container=\u00a0\u00bbtag:h3|text_align:left\u00a0\u00bb custom_use_theme_fonts=\u00a0\u00bbyes\u00a0\u00bb] Appliquez 3 \u00e0 4 gouttes sur une peau nettoy\u00e9e le matin et\/ou le soir, apr\u00e8s votre cr\u00e8me hydratante. La texture l\u00e9g\u00e8re est rapidement absorb\u00e9e par la peau. Si vous utilisez le S\u00e9rum au Bakuchiol ou au Maracuja, appliquez le S\u00e9rum \u00e0 la Vitamine C le matin et le S\u00e9rum au Bakuchiol ou au Maracuja le soir pour uniformiser le teint, r\u00e9duire les taches sombres et maximiser les bienfaits anti-\u00e2ge.   [\/vc_toggle][vc_toggle title=\u00a0\u00bbQUELLE EST SA TEXTURE ET SON PARFUM ?\u00a0\u00bb style=\u00a0\u00bbarrow\u00a0\u00bb custom_font_container=\u00a0\u00bbtag:h3|text_align:left\u00a0\u00bb custom_use_theme_fonts=\u00a0\u00bbyes\u00a0\u00bb]Le S\u00e9rum \u00e0 la Vitamine C est une huile qui p\u00e9n\u00e8tre rapidement dans la peau avec un l\u00e9ger parfum naturel d&rsquo;agrumes[\/vc_toggle][vc_toggle title=\u00a0\u00bbNOTE DE LA FONDATRICE : \u00c0 PROPOS DE LA FORMULATION\u00a0\u00bb style=\u00a0\u00bbarrow\u00a0\u00bb custom_font_container=\u00a0\u00bbtag:h3|text_align:left\u00a0\u00bb custom_use_theme_fonts=\u00a0\u00bbyes\u00a0\u00bb]<\/p>\n<blockquote><p><img loading=\"lazy\" decoding=\"async\" class=\"wp-image-25867 alignleft\" src=\"https:\/\/bacanaskincare.com\/wp-content\/uploads\/2025\/01\/Lab-Fernanda-600x600.jpg\" alt=\"\" width=\"149\" height=\"149\" srcset=\"https:\/\/bacanaskincare.com\/wp-content\/uploads\/2025\/01\/Lab-Fernanda-600x600.jpg 600w, https:\/\/bacanaskincare.com\/wp-content\/uploads\/2025\/01\/Lab-Fernanda-300x300.jpg 300w, https:\/\/bacanaskincare.com\/wp-content\/uploads\/2025\/01\/Lab-Fernanda-768x768.jpg 768w, https:\/\/bacanaskincare.com\/wp-content\/uploads\/2025\/01\/Lab-Fernanda-120x120.jpg 120w, https:\/\/bacanaskincare.com\/wp-content\/uploads\/2025\/01\/Lab-Fernanda-100x100.jpg 100w, https:\/\/bacanaskincare.com\/wp-content\/uploads\/2025\/01\/Lab-Fernanda.jpg 1000w\" sizes=\"auto, (max-width: 149px) 100vw, 149px\" \/>Lorsque j&rsquo;ai pens\u00e9 au prochain produit, la vitamine C a \u00e9t\u00e9 instantan\u00e9ment mon choix pour son efficacit\u00e9 incroyable et sa polyvalence super. J&rsquo;ai d\u00e9velopp\u00e9 la formule avec le Tetraisopalmitate d&rsquo;Ascorbyl, l&rsquo;une des formes les plus stables de vitamine C sur le march\u00e9. Pour en renforcer les effets, j&rsquo;ai ajout\u00e9 de l&rsquo;huile d&rsquo;a\u00e7a\u00ef, un puissant antioxydant qui se combine et amplifie les bienfaits de la vitamine C. Les adaptog\u00e8nes et les phytost\u00e9rols ont \u00e9t\u00e9 soigneusement s\u00e9lectionn\u00e9s pour renforcer la barri\u00e8re dermique, accro\u00eetre la r\u00e9silience contre les stress environnementaux et promouvoir la restauration de l&rsquo;\u00e9quilibre naturel du teint. Notre s\u00e9rum est une v\u00e9ritable d\u00e9fense pour votre peau, transformant et prot\u00e9geant en une seule application. Le r\u00e9sultat ? Un s\u00e9rum l\u00e9ger avec un ar\u00f4me d\u00e9licat et naturel de vanille agrum\u00e9e qui laisse la peau radieuse et prot\u00e9g\u00e9e contre les agresseurs externes et les dommages environnementaux.     <\/p>\n<p>Essayez-le et ressentez la diff\u00e9rence.<\/p>\n<p>With love, Fernanda Leitao[\/vc_toggle][\/vc_column][\/vc_row]<\/p><\/blockquote>\n<p>&nbsp;<\/p>\n<p>Teille: 30ml<\/p>\n","protected":false},"featured_media":26060,"comment_status":"open","ping_status":"closed","template":"","meta":{"ocean_post_layout":"","ocean_both_sidebars_style":"","ocean_both_sidebars_content_width":0,"ocean_both_sidebars_sidebars_width":0,"ocean_sidebar":"0","ocean_second_sidebar":"0","ocean_disable_margins":"enable","ocean_add_body_class":"","ocean_shortcode_before_top_bar":"","ocean_shortcode_after_top_bar":"","ocean_shortcode_before_header":"","ocean_shortcode_after_header":"","ocean_has_shortcode":"","ocean_shortcode_after_title":"","ocean_shortcode_before_footer_widgets":"","ocean_shortcode_after_footer_widgets":"","ocean_shortcode_before_footer_bottom":"","ocean_shortcode_after_footer_bottom":"","ocean_display_top_bar":"default","ocean_display_header":"default","ocean_header_style":"","ocean_center_header_left_menu":"0","ocean_custom_header_template":"0","ocean_custom_logo":0,"ocean_custom_retina_logo":0,"ocean_custom_logo_max_width":0,"ocean_custom_logo_tablet_max_width":0,"ocean_custom_logo_mobile_max_width":0,"ocean_custom_logo_max_height":0,"ocean_custom_logo_tablet_max_height":0,"ocean_custom_logo_mobile_max_height":0,"ocean_header_custom_menu":"0","ocean_menu_typo_font_family":"0","ocean_menu_typo_font_subset":"","ocean_menu_typo_font_size":0,"ocean_menu_typo_font_size_tablet":0,"ocean_menu_typo_font_size_mobile":0,"ocean_menu_typo_font_size_unit":"px","ocean_menu_typo_font_weight":"","ocean_menu_typo_font_weight_tablet":"","ocean_menu_typo_font_weight_mobile":"","ocean_menu_typo_transform":"","ocean_menu_typo_transform_tablet":"","ocean_menu_typo_transform_mobile":"","ocean_menu_typo_line_height":0,"ocean_menu_typo_line_height_tablet":0,"ocean_menu_typo_line_height_mobile":0,"ocean_menu_typo_line_height_unit":"","ocean_menu_typo_spacing":0,"ocean_menu_typo_spacing_tablet":0,"ocean_menu_typo_spacing_mobile":0,"ocean_menu_typo_spacing_unit":"","ocean_menu_link_color":"","ocean_menu_link_color_hover":"","ocean_menu_link_color_active":"","ocean_menu_link_background":"","ocean_menu_link_hover_background":"","ocean_menu_link_active_background":"","ocean_menu_social_links_bg":"","ocean_menu_social_hover_links_bg":"","ocean_menu_social_links_color":"","ocean_menu_social_hover_links_color":"","ocean_disable_title":"default","ocean_disable_heading":"default","ocean_post_title":"","ocean_post_subheading":"","ocean_post_title_style":"","ocean_post_title_background_color":"","ocean_post_title_background":0,"ocean_post_title_bg_image_position":"","ocean_post_title_bg_image_attachment":"","ocean_post_title_bg_image_repeat":"","ocean_post_title_bg_image_size":"","ocean_post_title_height":0,"ocean_post_title_bg_overlay":0.5,"ocean_post_title_bg_overlay_color":"","ocean_disable_breadcrumbs":"default","ocean_breadcrumbs_color":"","ocean_breadcrumbs_separator_color":"","ocean_breadcrumbs_links_color":"","ocean_breadcrumbs_links_hover_color":"","ocean_display_footer_widgets":"default","ocean_display_footer_bottom":"default","ocean_custom_footer_template":"0","iawp_total_views":490},"product_brand":[],"product_cat":[405],"product_tag":[],"class_list":{"0":"post-25684","1":"product","2":"type-product","3":"status-publish","4":"has-post-thumbnail","6":"product_cat-skin-care-fr","8":"entry","9":"has-media","11":"first","12":"instock","13":"shipping-taxable","14":"purchasable","15":"product-type-simple","16":"has-rating","17":"has-product-nav","18":"col","19":"span_1_of_3","20":"owp-content-center","21":"item-entry","22":"owp-thumbs-layout-horizontal","23":"owp-btn-normal","24":"owp-tabs-layout-horizontal","26":"circle-sale"},"yoast_head":"<!-- This site is optimized with the Yoast SEO plugin v27.3 - https:\/\/yoast.com\/product\/yoast-seo-wordpress\/ -->\n<title>S\u00e9rum Vitamine C 10% | Bacana Skincare | Vitamin C<\/title>\n<meta name=\"description\" content=\"Notre s\u00e9rum \u00e0 la vitamine C cible les irr\u00e9gularit\u00e9s du teint, att\u00e9nue les taches sombres et offre une protection puissante contre les rayons UV et la lumi\u00e8re bleue.\" \/>\n<meta name=\"robots\" content=\"index, follow, max-snippet:-1, max-image-preview:large, max-video-preview:-1\" \/>\n<link rel=\"canonical\" href=\"https:\/\/bacanaskincare.com\/fr\/product\/serum-vitamin-c-10\/\" \/>\n<meta property=\"og:locale\" content=\"fr_FR\" \/>\n<meta property=\"og:type\" content=\"article\" \/>\n<meta property=\"og:title\" content=\"S\u00e9rum Vitamine C 10% | Bacana Skincare | Vitamin C\" \/>\n<meta property=\"og:description\" content=\"Notre s\u00e9rum \u00e0 la vitamine C cible les irr\u00e9gularit\u00e9s du teint, att\u00e9nue les taches sombres et offre une protection puissante contre les rayons UV et la lumi\u00e8re bleue.\" \/>\n<meta property=\"og:url\" content=\"https:\/\/bacanaskincare.com\/fr\/product\/serum-vitamin-c-10\/\" \/>\n<meta property=\"og:site_name\" content=\"Bacana Skincare\" \/>\n<meta property=\"article:publisher\" content=\"https:\/\/www.facebook.com\/bacanaskincare-106988470647315\/\" \/>\n<meta property=\"article:modified_time\" content=\"2026-02-25T17:27:12+00:00\" \/>\n<meta property=\"og:image\" content=\"https:\/\/bacanaskincare.com\/wp-content\/uploads\/2025\/01\/Vitamine-C-2.jpg\" \/>\n\t<meta property=\"og:image:width\" content=\"1050\" \/>\n\t<meta property=\"og:image:height\" content=\"1050\" \/>\n\t<meta property=\"og:image:type\" content=\"image\/jpeg\" \/>\n<meta name=\"twitter:card\" content=\"summary_large_image\" \/>\n<meta name=\"twitter:label1\" content=\"Dur\u00e9e de lecture estim\u00e9e\" \/>\n\t<meta name=\"twitter:data1\" content=\"1 minute\" \/>\n<script type=\"application\/ld+json\" class=\"yoast-schema-graph\">{\"@context\":\"https:\\\/\\\/schema.org\",\"@graph\":[{\"@type\":[\"WebPage\",\"ItemPage\"],\"@id\":\"https:\\\/\\\/bacanaskincare.com\\\/fr\\\/product\\\/serum-vitamin-c-10\\\/\",\"url\":\"https:\\\/\\\/bacanaskincare.com\\\/fr\\\/product\\\/serum-vitamin-c-10\\\/\",\"name\":\"S\u00e9rum Vitamine C 10% | Bacana Skincare | Vitamin C\",\"isPartOf\":{\"@id\":\"https:\\\/\\\/bacanaskincare.com\\\/fr\\\/#website\"},\"primaryImageOfPage\":{\"@id\":\"https:\\\/\\\/bacanaskincare.com\\\/fr\\\/product\\\/serum-vitamin-c-10\\\/#primaryimage\"},\"image\":{\"@id\":\"https:\\\/\\\/bacanaskincare.com\\\/fr\\\/product\\\/serum-vitamin-c-10\\\/#primaryimage\"},\"thumbnailUrl\":\"https:\\\/\\\/bacanaskincare.com\\\/wp-content\\\/uploads\\\/2025\\\/01\\\/Vitamine-C-2.jpg\",\"datePublished\":\"2025-01-24T19:08:46+00:00\",\"dateModified\":\"2026-02-25T17:27:12+00:00\",\"description\":\"Notre s\u00e9rum \u00e0 la vitamine C cible les irr\u00e9gularit\u00e9s du teint, att\u00e9nue les taches sombres et offre une protection puissante contre les rayons UV et la lumi\u00e8re bleue.\",\"breadcrumb\":{\"@id\":\"https:\\\/\\\/bacanaskincare.com\\\/fr\\\/product\\\/serum-vitamin-c-10\\\/#breadcrumb\"},\"inLanguage\":\"fr-FR\",\"potentialAction\":[{\"@type\":\"ReadAction\",\"target\":[\"https:\\\/\\\/bacanaskincare.com\\\/fr\\\/product\\\/serum-vitamin-c-10\\\/\"]}]},{\"@type\":\"ImageObject\",\"inLanguage\":\"fr-FR\",\"@id\":\"https:\\\/\\\/bacanaskincare.com\\\/fr\\\/product\\\/serum-vitamin-c-10\\\/#primaryimage\",\"url\":\"https:\\\/\\\/bacanaskincare.com\\\/wp-content\\\/uploads\\\/2025\\\/01\\\/Vitamine-C-2.jpg\",\"contentUrl\":\"https:\\\/\\\/bacanaskincare.com\\\/wp-content\\\/uploads\\\/2025\\\/01\\\/Vitamine-C-2.jpg\",\"width\":1050,\"height\":1050},{\"@type\":\"BreadcrumbList\",\"@id\":\"https:\\\/\\\/bacanaskincare.com\\\/fr\\\/product\\\/serum-vitamin-c-10\\\/#breadcrumb\",\"itemListElement\":[{\"@type\":\"ListItem\",\"position\":1,\"name\":\"Shop\",\"item\":\"https:\\\/\\\/bacanaskincare.com\\\/fr\\\/shop\\\/\"},{\"@type\":\"ListItem\",\"position\":2,\"name\":\"Skin care\",\"item\":\"https:\\\/\\\/bacanaskincare.com\\\/fr\\\/categorie-produit\\\/skin-care-fr\\\/\"},{\"@type\":\"ListItem\",\"position\":3,\"name\":\"S\u00e9rum Vitamine C 10%\"}]},{\"@type\":\"WebSite\",\"@id\":\"https:\\\/\\\/bacanaskincare.com\\\/fr\\\/#website\",\"url\":\"https:\\\/\\\/bacanaskincare.com\\\/fr\\\/\",\"name\":\"Bacana Skincare\",\"description\":\"Natural skincare powered by tropical superfruits\",\"publisher\":{\"@id\":\"https:\\\/\\\/bacanaskincare.com\\\/fr\\\/#organization\"},\"potentialAction\":[{\"@type\":\"SearchAction\",\"target\":{\"@type\":\"EntryPoint\",\"urlTemplate\":\"https:\\\/\\\/bacanaskincare.com\\\/fr\\\/?s={search_term_string}\"},\"query-input\":{\"@type\":\"PropertyValueSpecification\",\"valueRequired\":true,\"valueName\":\"search_term_string\"}}],\"inLanguage\":\"fr-FR\"},{\"@type\":\"Organization\",\"@id\":\"https:\\\/\\\/bacanaskincare.com\\\/fr\\\/#organization\",\"name\":\"Bacana Skincare\",\"url\":\"https:\\\/\\\/bacanaskincare.com\\\/fr\\\/\",\"logo\":{\"@type\":\"ImageObject\",\"inLanguage\":\"fr-FR\",\"@id\":\"https:\\\/\\\/bacanaskincare.com\\\/fr\\\/#\\\/schema\\\/logo\\\/image\\\/\",\"url\":\"https:\\\/\\\/bacanaskincare.com\\\/wp-content\\\/uploads\\\/2019\\\/09\\\/u.png\",\"contentUrl\":\"https:\\\/\\\/bacanaskincare.com\\\/wp-content\\\/uploads\\\/2019\\\/09\\\/u.png\",\"width\":834,\"height\":226,\"caption\":\"Bacana Skincare\"},\"image\":{\"@id\":\"https:\\\/\\\/bacanaskincare.com\\\/fr\\\/#\\\/schema\\\/logo\\\/image\\\/\"},\"sameAs\":[\"https:\\\/\\\/www.facebook.com\\\/bacanaskincare-106988470647315\\\/\",\"https:\\\/\\\/www.instagram.com\\\/bacanaskincare\\\/?hl=en\",\"https:\\\/\\\/br.pinterest.com\\\/d0fd9db15f94c64465fab43d03b69a\\\/\"]}]}<\/script>\n<!-- \/ Yoast SEO plugin. -->","yoast_head_json":{"title":"S\u00e9rum Vitamine C 10% | Bacana Skincare | Vitamin C","description":"Notre s\u00e9rum \u00e0 la vitamine C cible les irr\u00e9gularit\u00e9s du teint, att\u00e9nue les taches sombres et offre une protection puissante contre les rayons UV et la lumi\u00e8re bleue.","robots":{"index":"index","follow":"follow","max-snippet":"max-snippet:-1","max-image-preview":"max-image-preview:large","max-video-preview":"max-video-preview:-1"},"canonical":"https:\/\/bacanaskincare.com\/fr\/product\/serum-vitamin-c-10\/","og_locale":"fr_FR","og_type":"article","og_title":"S\u00e9rum Vitamine C 10% | Bacana Skincare | Vitamin C","og_description":"Notre s\u00e9rum \u00e0 la vitamine C cible les irr\u00e9gularit\u00e9s du teint, att\u00e9nue les taches sombres et offre une protection puissante contre les rayons UV et la lumi\u00e8re bleue.","og_url":"https:\/\/bacanaskincare.com\/fr\/product\/serum-vitamin-c-10\/","og_site_name":"Bacana Skincare","article_publisher":"https:\/\/www.facebook.com\/bacanaskincare-106988470647315\/","article_modified_time":"2026-02-25T17:27:12+00:00","og_image":[{"width":1050,"height":1050,"url":"https:\/\/bacanaskincare.com\/wp-content\/uploads\/2025\/01\/Vitamine-C-2.jpg","type":"image\/jpeg"}],"twitter_card":"summary_large_image","twitter_misc":{"Dur\u00e9e de lecture estim\u00e9e":"1 minute"},"schema":{"@context":"https:\/\/schema.org","@graph":[{"@type":["WebPage","ItemPage"],"@id":"https:\/\/bacanaskincare.com\/fr\/product\/serum-vitamin-c-10\/","url":"https:\/\/bacanaskincare.com\/fr\/product\/serum-vitamin-c-10\/","name":"S\u00e9rum Vitamine C 10% | Bacana Skincare | Vitamin C","isPartOf":{"@id":"https:\/\/bacanaskincare.com\/fr\/#website"},"primaryImageOfPage":{"@id":"https:\/\/bacanaskincare.com\/fr\/product\/serum-vitamin-c-10\/#primaryimage"},"image":{"@id":"https:\/\/bacanaskincare.com\/fr\/product\/serum-vitamin-c-10\/#primaryimage"},"thumbnailUrl":"https:\/\/bacanaskincare.com\/wp-content\/uploads\/2025\/01\/Vitamine-C-2.jpg","datePublished":"2025-01-24T19:08:46+00:00","dateModified":"2026-02-25T17:27:12+00:00","description":"Notre s\u00e9rum \u00e0 la vitamine C cible les irr\u00e9gularit\u00e9s du teint, att\u00e9nue les taches sombres et offre une protection puissante contre les rayons UV et la lumi\u00e8re bleue.","breadcrumb":{"@id":"https:\/\/bacanaskincare.com\/fr\/product\/serum-vitamin-c-10\/#breadcrumb"},"inLanguage":"fr-FR","potentialAction":[{"@type":"ReadAction","target":["https:\/\/bacanaskincare.com\/fr\/product\/serum-vitamin-c-10\/"]}]},{"@type":"ImageObject","inLanguage":"fr-FR","@id":"https:\/\/bacanaskincare.com\/fr\/product\/serum-vitamin-c-10\/#primaryimage","url":"https:\/\/bacanaskincare.com\/wp-content\/uploads\/2025\/01\/Vitamine-C-2.jpg","contentUrl":"https:\/\/bacanaskincare.com\/wp-content\/uploads\/2025\/01\/Vitamine-C-2.jpg","width":1050,"height":1050},{"@type":"BreadcrumbList","@id":"https:\/\/bacanaskincare.com\/fr\/product\/serum-vitamin-c-10\/#breadcrumb","itemListElement":[{"@type":"ListItem","position":1,"name":"Shop","item":"https:\/\/bacanaskincare.com\/fr\/shop\/"},{"@type":"ListItem","position":2,"name":"Skin care","item":"https:\/\/bacanaskincare.com\/fr\/categorie-produit\/skin-care-fr\/"},{"@type":"ListItem","position":3,"name":"S\u00e9rum Vitamine C 10%"}]},{"@type":"WebSite","@id":"https:\/\/bacanaskincare.com\/fr\/#website","url":"https:\/\/bacanaskincare.com\/fr\/","name":"Bacana Skincare","description":"Natural skincare powered by tropical superfruits","publisher":{"@id":"https:\/\/bacanaskincare.com\/fr\/#organization"},"potentialAction":[{"@type":"SearchAction","target":{"@type":"EntryPoint","urlTemplate":"https:\/\/bacanaskincare.com\/fr\/?s={search_term_string}"},"query-input":{"@type":"PropertyValueSpecification","valueRequired":true,"valueName":"search_term_string"}}],"inLanguage":"fr-FR"},{"@type":"Organization","@id":"https:\/\/bacanaskincare.com\/fr\/#organization","name":"Bacana Skincare","url":"https:\/\/bacanaskincare.com\/fr\/","logo":{"@type":"ImageObject","inLanguage":"fr-FR","@id":"https:\/\/bacanaskincare.com\/fr\/#\/schema\/logo\/image\/","url":"https:\/\/bacanaskincare.com\/wp-content\/uploads\/2019\/09\/u.png","contentUrl":"https:\/\/bacanaskincare.com\/wp-content\/uploads\/2019\/09\/u.png","width":834,"height":226,"caption":"Bacana Skincare"},"image":{"@id":"https:\/\/bacanaskincare.com\/fr\/#\/schema\/logo\/image\/"},"sameAs":["https:\/\/www.facebook.com\/bacanaskincare-106988470647315\/","https:\/\/www.instagram.com\/bacanaskincare\/?hl=en","https:\/\/br.pinterest.com\/d0fd9db15f94c64465fab43d03b69a\/"]}]}},"_links":{"self":[{"href":"https:\/\/bacanaskincare.com\/fr\/wp-json\/wp\/v2\/product\/25684","targetHints":{"allow":["GET"]}}],"collection":[{"href":"https:\/\/bacanaskincare.com\/fr\/wp-json\/wp\/v2\/product"}],"about":[{"href":"https:\/\/bacanaskincare.com\/fr\/wp-json\/wp\/v2\/types\/product"}],"replies":[{"embeddable":true,"href":"https:\/\/bacanaskincare.com\/fr\/wp-json\/wp\/v2\/comments?post=25684"}],"wp:featuredmedia":[{"embeddable":true,"href":"https:\/\/bacanaskincare.com\/fr\/wp-json\/wp\/v2\/media\/26060"}],"wp:attachment":[{"href":"https:\/\/bacanaskincare.com\/fr\/wp-json\/wp\/v2\/media?parent=25684"}],"wp:term":[{"taxonomy":"product_brand","embeddable":true,"href":"https:\/\/bacanaskincare.com\/fr\/wp-json\/wp\/v2\/product_brand?post=25684"},{"taxonomy":"product_cat","embeddable":true,"href":"https:\/\/bacanaskincare.com\/fr\/wp-json\/wp\/v2\/product_cat?post=25684"},{"taxonomy":"product_tag","embeddable":true,"href":"https:\/\/bacanaskincare.com\/fr\/wp-json\/wp\/v2\/product_tag?post=25684"}],"curies":[{"name":"wp","href":"https:\/\/api.w.org\/{rel}","templated":true}]}}