{"id":22609,"date":"2023-05-17T20:13:52","date_gmt":"2023-05-17T18:13:52","guid":{"rendered":"https:\/\/bacanaskincare.com\/shop\/non%20class\u00e9\/routine-glow-naturel\/"},"modified":"2025-12-02T00:11:49","modified_gmt":"2025-12-01T23:11:49","slug":"routine-glow-naturel","status":"publish","type":"product","link":"https:\/\/bacanaskincare.com\/fr\/product\/routine-glow-naturel\/","title":{"rendered":"Pack \u00c9clat Quotidien"},"content":{"rendered":"<p>Contient:<\/p>\n<p>1x <a href=\"https:\/\/bacanaskincare.com\/product\/bakuchiol-oil-serum\/\">S\u00e9rum Bakuchiol (Bio-R\u00e9tinol) :<\/a> Une formule innovante avec du Bakuchiol, enrichie d&rsquo;un cocktail d\u2019ingr\u00e9dients antioxydants puissants. Cette formule exclusive favorise la r\u00e9g\u00e9n\u00e9ration cellulaire, stimule la production de collag\u00e8ne et r\u00e9duit les imperfections.<\/p>\n<p>1x<a href=\"https:\/\/bacanaskincare.com\/product\/cleansing-cream-face-wash\/\"> Nettoyant Visage Doux :<\/a> \u00c9limine les impuret\u00e9s de surface et le maquillage l\u00e9ger, laissant la peau douce et lisse.<\/p>\n<p>1x <a href=\"https:\/\/bacanaskincare.com\/product\/serenity-vitamin-mist-toner\/\">Brume Tonique :<\/a> Une brume-tonique au pH \u00e9quilibr\u00e9 pour une peau \u00e9clatante et en bonne sant\u00e9. Revitalise et apaise la peau, tout en resserrant instantan\u00e9ment les pores et en hydratant la peau.<\/p>\n<p><span style=\"color: #155212;\">1x <a href=\"https:\/\/bacanaskincare.com\/product\/multi-action-face-cream\/\">Cr\u00e8me Hydratante Visage (Blooming Nature Face Cream) <\/a>:<\/span> Une cr\u00e8me hydratante quotidienne qui aide \u00e0 r\u00e9duire les taches sombres et am\u00e9liore l&rsquo;\u00e9lasticit\u00e9 de la peau.<\/p>\n<p>&nbsp;<\/p>\n<p>Si vous souhaitez en savoir plus sur ces produits, cliquez ci-dessus sur chacun d&rsquo;entre eux.<\/p>\n<p>&nbsp;<\/p>\n","protected":false},"excerpt":{"rendered":"<blockquote>\n<h3>Cette routine de soins de la peau a \u00e9t\u00e9 soigneusement cr\u00e9\u00e9e pour fournir la routine d&rsquo;\u00e9clat ultime.<\/h3>\n<\/blockquote>\n<p>&nbsp;<\/p>\n<p><strong>QU&rsquo;EST-CE QU&rsquo;IL Y A \u00c0 L&rsquo;INT\u00c9RIEUR ?<\/strong><\/p>\n<ul>\n<li>1x Gentle Facial Cleanser \u2013 150 ml<\/li>\n<li>1x Brume Tonique \u2013 100 ml<\/li>\n<li>1x Cr\u00e8me Hydratante Visage &#8211; 50ml<\/li>\n<li>1x S\u00e9rum Bakuchiol \u2013 30ml<\/li>\n<\/ul>\n<p>&nbsp;<\/p>\n<p><strong>COMMENT LES UTILISER ?<\/strong><br \/>\n1. Nettoyant Visage Doux : Massez d\u00e9licatement sur peau humide, puis rincez. Appliquer matin et soir.<\/p>\n<p>2. Brume Tonique : D&rsquo;abord, secouez rapidement le flacon et vaporisez sur le visage et le cou apr\u00e8s avoir nettoy\u00e9 votre visage. Appliquer matin et soir.<\/p>\n<p>3. Cr\u00e8me Hydratante Visage : Appliquez une petite quantit\u00e9 de la cr\u00e8me multifonction et massez doucement la cr\u00e8me sur votre peau. Appliquer matin et soir.<\/p>\n<p>4. S\u00e9rum au Bakuchiol : Appliquez 2 \u00e0 4 gouttes sur votre visage deux fois par jour.<\/p>\n<p>Ce set offre l&rsquo;option de S\u00e9rum au Bakuchiol avec ou sans parfum. Notre S\u00e9rum au Bakuchiol sans parfum ne contient pas d&rsquo;huiles essentielles ajout\u00e9es; il a plut\u00f4t un parfum naturel provenant de ses ingr\u00e9dients. <\/p>\n","protected":false},"featured_media":26137,"comment_status":"open","ping_status":"closed","template":"","meta":{"ocean_post_layout":"","ocean_both_sidebars_style":"","ocean_both_sidebars_content_width":0,"ocean_both_sidebars_sidebars_width":0,"ocean_sidebar":"0","ocean_second_sidebar":"0","ocean_disable_margins":"enable","ocean_add_body_class":"","ocean_shortcode_before_top_bar":"","ocean_shortcode_after_top_bar":"","ocean_shortcode_before_header":"","ocean_shortcode_after_header":"","ocean_has_shortcode":"","ocean_shortcode_after_title":"","ocean_shortcode_before_footer_widgets":"","ocean_shortcode_after_footer_widgets":"","ocean_shortcode_before_footer_bottom":"","ocean_shortcode_after_footer_bottom":"","ocean_display_top_bar":"default","ocean_display_header":"default","ocean_header_style":"","ocean_center_header_left_menu":"0","ocean_custom_header_template":"0","ocean_custom_logo":0,"ocean_custom_retina_logo":0,"ocean_custom_logo_max_width":0,"ocean_custom_logo_tablet_max_width":0,"ocean_custom_logo_mobile_max_width":0,"ocean_custom_logo_max_height":0,"ocean_custom_logo_tablet_max_height":0,"ocean_custom_logo_mobile_max_height":0,"ocean_header_custom_menu":"0","ocean_menu_typo_font_family":"0","ocean_menu_typo_font_subset":"","ocean_menu_typo_font_size":0,"ocean_menu_typo_font_size_tablet":0,"ocean_menu_typo_font_size_mobile":0,"ocean_menu_typo_font_size_unit":"px","ocean_menu_typo_font_weight":"","ocean_menu_typo_font_weight_tablet":"","ocean_menu_typo_font_weight_mobile":"","ocean_menu_typo_transform":"","ocean_menu_typo_transform_tablet":"","ocean_menu_typo_transform_mobile":"","ocean_menu_typo_line_height":0,"ocean_menu_typo_line_height_tablet":0,"ocean_menu_typo_line_height_mobile":0,"ocean_menu_typo_line_height_unit":"","ocean_menu_typo_spacing":0,"ocean_menu_typo_spacing_tablet":0,"ocean_menu_typo_spacing_mobile":0,"ocean_menu_typo_spacing_unit":"","ocean_menu_link_color":"","ocean_menu_link_color_hover":"","ocean_menu_link_color_active":"","ocean_menu_link_background":"","ocean_menu_link_hover_background":"","ocean_menu_link_active_background":"","ocean_menu_social_links_bg":"","ocean_menu_social_hover_links_bg":"","ocean_menu_social_links_color":"","ocean_menu_social_hover_links_color":"","ocean_disable_title":"default","ocean_disable_heading":"default","ocean_post_title":"","ocean_post_subheading":"","ocean_post_title_style":"","ocean_post_title_background_color":"","ocean_post_title_background":0,"ocean_post_title_bg_image_position":"","ocean_post_title_bg_image_attachment":"","ocean_post_title_bg_image_repeat":"","ocean_post_title_bg_image_size":"","ocean_post_title_height":0,"ocean_post_title_bg_overlay":0.5,"ocean_post_title_bg_overlay_color":"","ocean_disable_breadcrumbs":"default","ocean_breadcrumbs_color":"","ocean_breadcrumbs_separator_color":"","ocean_breadcrumbs_links_color":"","ocean_breadcrumbs_links_hover_color":"","ocean_display_footer_widgets":"default","ocean_display_footer_bottom":"default","ocean_custom_footer_template":"0","iawp_total_views":19},"product_brand":[],"product_cat":[405],"product_tag":[],"class_list":{"0":"post-22609","1":"product","2":"type-product","3":"status-publish","4":"has-post-thumbnail","6":"product_cat-skin-care-fr","8":"entry","9":"has-media","11":"first","12":"instock","13":"shipping-taxable","14":"purchasable","15":"product-type-variable","16":"has-default-attributes","17":"has-product-nav","18":"col","19":"span_1_of_3","20":"owp-content-center","21":"item-entry","22":"owp-thumbs-layout-horizontal","23":"owp-btn-normal","24":"owp-tabs-layout-horizontal","25":"has-no-thumbnails","27":"circle-sale"},"yoast_head":"<!-- This site is optimized with the Yoast SEO plugin v27.2 - https:\/\/yoast.com\/product\/yoast-seo-wordpress\/ -->\n<title>Pack \u00c9clat Quotidien - Bacana Skincare<\/title>\n<meta name=\"robots\" content=\"index, follow, max-snippet:-1, max-image-preview:large, max-video-preview:-1\" \/>\n<link rel=\"canonical\" href=\"https:\/\/bacanaskincare.com\/fr\/product\/routine-glow-naturel\/\" \/>\n<meta property=\"og:locale\" content=\"fr_FR\" \/>\n<meta property=\"og:type\" content=\"article\" \/>\n<meta property=\"og:title\" content=\"Pack \u00c9clat Quotidien - Bacana Skincare\" \/>\n<meta property=\"og:description\" content=\"Cette routine de soins de la peau a \u00e9t\u00e9 soigneusement cr\u00e9\u00e9e pour fournir la routine d&#039;\u00e9clat ultime. &nbsp; QU&#039;EST-CE QU&#039;IL Y A \u00c0 L&#039;INT\u00c9RIEUR ?  1x Gentle Facial Cleanser \u2013 150 ml  1x Brume Tonique \u2013 100 ml  1x Cr\u00e8me Hydratante Visage - 50ml  1x S\u00e9rum Bakuchiol \u2013 30ml &nbsp; COMMENT LES UTILISER ? 1. Nettoyant Visage Doux : Massez d\u00e9licatement sur peau humide, puis rincez. Appliquer matin et soir. 2. Brume Tonique : D&#039;abord, secouez rapidement le flacon et vaporisez sur le visage et le cou apr\u00e8s avoir nettoy\u00e9 votre visage. Appliquer matin et soir. 3. Cr\u00e8me Hydratante Visage : Appliquez une petite quantit\u00e9 de la cr\u00e8me multifonction et massez doucement la cr\u00e8me sur votre peau. Appliquer matin et soir. 4. S\u00e9rum au Bakuchiol : Appliquez 2 \u00e0 4 gouttes sur votre visage deux fois par jour. Ce set offre l&#039;option de S\u00e9rum au Bakuchiol avec ou sans parfum. Notre S\u00e9rum au Bakuchiol sans parfum ne contient pas d&#039;huiles essentielles ajout\u00e9es; il a plut\u00f4t un parfum naturel provenant de ses ingr\u00e9dients.\" \/>\n<meta property=\"og:url\" content=\"https:\/\/bacanaskincare.com\/fr\/product\/routine-glow-naturel\/\" \/>\n<meta property=\"og:site_name\" content=\"Bacana Skincare\" \/>\n<meta property=\"article:publisher\" content=\"https:\/\/www.facebook.com\/bacanaskincare-106988470647315\/\" \/>\n<meta property=\"article:modified_time\" content=\"2025-12-01T23:11:49+00:00\" \/>\n<meta property=\"og:image\" content=\"https:\/\/bacanaskincare.com\/wp-content\/uploads\/2023\/05\/Daily-Glow-Set.jpg\" \/>\n\t<meta property=\"og:image:width\" content=\"1050\" \/>\n\t<meta property=\"og:image:height\" content=\"1050\" \/>\n\t<meta property=\"og:image:type\" content=\"image\/jpeg\" \/>\n<meta name=\"twitter:card\" content=\"summary_large_image\" \/>\n<meta name=\"twitter:label1\" content=\"Dur\u00e9e de lecture estim\u00e9e\" \/>\n\t<meta name=\"twitter:data1\" content=\"1 minute\" \/>\n<script type=\"application\/ld+json\" class=\"yoast-schema-graph\">{\"@context\":\"https:\/\/schema.org\",\"@graph\":[{\"@type\":[\"WebPage\",\"ItemPage\"],\"@id\":\"https:\/\/bacanaskincare.com\/fr\/product\/routine-glow-naturel\/\",\"url\":\"https:\/\/bacanaskincare.com\/fr\/product\/routine-glow-naturel\/\",\"name\":\"Pack \u00c9clat Quotidien - Bacana Skincare\",\"isPartOf\":{\"@id\":\"https:\/\/bacanaskincare.com\/fr\/#website\"},\"primaryImageOfPage\":{\"@id\":\"https:\/\/bacanaskincare.com\/fr\/product\/routine-glow-naturel\/#primaryimage\"},\"image\":{\"@id\":\"https:\/\/bacanaskincare.com\/fr\/product\/routine-glow-naturel\/#primaryimage\"},\"thumbnailUrl\":\"https:\/\/bacanaskincare.com\/wp-content\/uploads\/2023\/05\/Daily-Glow-Set.jpg\",\"datePublished\":\"2023-05-17T18:13:52+00:00\",\"dateModified\":\"2025-12-01T23:11:49+00:00\",\"breadcrumb\":{\"@id\":\"https:\/\/bacanaskincare.com\/fr\/product\/routine-glow-naturel\/#breadcrumb\"},\"inLanguage\":\"fr-FR\",\"potentialAction\":[{\"@type\":\"ReadAction\",\"target\":[\"https:\/\/bacanaskincare.com\/fr\/product\/routine-glow-naturel\/\"]}]},{\"@type\":\"ImageObject\",\"inLanguage\":\"fr-FR\",\"@id\":\"https:\/\/bacanaskincare.com\/fr\/product\/routine-glow-naturel\/#primaryimage\",\"url\":\"https:\/\/bacanaskincare.com\/wp-content\/uploads\/2023\/05\/Daily-Glow-Set.jpg\",\"contentUrl\":\"https:\/\/bacanaskincare.com\/wp-content\/uploads\/2023\/05\/Daily-Glow-Set.jpg\",\"width\":1050,\"height\":1050},{\"@type\":\"BreadcrumbList\",\"@id\":\"https:\/\/bacanaskincare.com\/fr\/product\/routine-glow-naturel\/#breadcrumb\",\"itemListElement\":[{\"@type\":\"ListItem\",\"position\":1,\"name\":\"Shop\",\"item\":\"https:\/\/bacanaskincare.com\/fr\/shop\/\"},{\"@type\":\"ListItem\",\"position\":2,\"name\":\"Skin care\",\"item\":\"https:\/\/bacanaskincare.com\/fr\/categorie-produit\/skin-care-fr\/\"},{\"@type\":\"ListItem\",\"position\":3,\"name\":\"Pack \u00c9clat Quotidien\"}]},{\"@type\":\"WebSite\",\"@id\":\"https:\/\/bacanaskincare.com\/fr\/#website\",\"url\":\"https:\/\/bacanaskincare.com\/fr\/\",\"name\":\"Bacana Skincare\",\"description\":\"Natural skincare powered by tropical superfruits\",\"publisher\":{\"@id\":\"https:\/\/bacanaskincare.com\/fr\/#organization\"},\"potentialAction\":[{\"@type\":\"SearchAction\",\"target\":{\"@type\":\"EntryPoint\",\"urlTemplate\":\"https:\/\/bacanaskincare.com\/fr\/?s={search_term_string}\"},\"query-input\":{\"@type\":\"PropertyValueSpecification\",\"valueRequired\":true,\"valueName\":\"search_term_string\"}}],\"inLanguage\":\"fr-FR\"},{\"@type\":\"Organization\",\"@id\":\"https:\/\/bacanaskincare.com\/fr\/#organization\",\"name\":\"Bacana Skincare\",\"url\":\"https:\/\/bacanaskincare.com\/fr\/\",\"logo\":{\"@type\":\"ImageObject\",\"inLanguage\":\"fr-FR\",\"@id\":\"https:\/\/bacanaskincare.com\/fr\/#\/schema\/logo\/image\/\",\"url\":\"https:\/\/bacanaskincare.com\/wp-content\/uploads\/2019\/09\/u.png\",\"contentUrl\":\"https:\/\/bacanaskincare.com\/wp-content\/uploads\/2019\/09\/u.png\",\"width\":834,\"height\":226,\"caption\":\"Bacana Skincare\"},\"image\":{\"@id\":\"https:\/\/bacanaskincare.com\/fr\/#\/schema\/logo\/image\/\"},\"sameAs\":[\"https:\/\/www.facebook.com\/bacanaskincare-106988470647315\/\",\"https:\/\/www.instagram.com\/bacanaskincare\/?hl=en\",\"https:\/\/br.pinterest.com\/d0fd9db15f94c64465fab43d03b69a\/\"]}]}<\/script>\n<!-- \/ Yoast SEO plugin. -->","yoast_head_json":{"title":"Pack \u00c9clat Quotidien - Bacana Skincare","robots":{"index":"index","follow":"follow","max-snippet":"max-snippet:-1","max-image-preview":"max-image-preview:large","max-video-preview":"max-video-preview:-1"},"canonical":"https:\/\/bacanaskincare.com\/fr\/product\/routine-glow-naturel\/","og_locale":"fr_FR","og_type":"article","og_title":"Pack \u00c9clat Quotidien - Bacana Skincare","og_description":"Cette routine de soins de la peau a \u00e9t\u00e9 soigneusement cr\u00e9\u00e9e pour fournir la routine d'\u00e9clat ultime. &nbsp; QU'EST-CE QU'IL Y A \u00c0 L'INT\u00c9RIEUR ?  1x Gentle Facial Cleanser \u2013 150 ml  1x Brume Tonique \u2013 100 ml  1x Cr\u00e8me Hydratante Visage - 50ml  1x S\u00e9rum Bakuchiol \u2013 30ml &nbsp; COMMENT LES UTILISER ? 1. Nettoyant Visage Doux : Massez d\u00e9licatement sur peau humide, puis rincez. Appliquer matin et soir. 2. Brume Tonique : D'abord, secouez rapidement le flacon et vaporisez sur le visage et le cou apr\u00e8s avoir nettoy\u00e9 votre visage. Appliquer matin et soir. 3. Cr\u00e8me Hydratante Visage : Appliquez une petite quantit\u00e9 de la cr\u00e8me multifonction et massez doucement la cr\u00e8me sur votre peau. Appliquer matin et soir. 4. S\u00e9rum au Bakuchiol : Appliquez 2 \u00e0 4 gouttes sur votre visage deux fois par jour. Ce set offre l'option de S\u00e9rum au Bakuchiol avec ou sans parfum. Notre S\u00e9rum au Bakuchiol sans parfum ne contient pas d'huiles essentielles ajout\u00e9es; il a plut\u00f4t un parfum naturel provenant de ses ingr\u00e9dients.","og_url":"https:\/\/bacanaskincare.com\/fr\/product\/routine-glow-naturel\/","og_site_name":"Bacana Skincare","article_publisher":"https:\/\/www.facebook.com\/bacanaskincare-106988470647315\/","article_modified_time":"2025-12-01T23:11:49+00:00","og_image":[{"width":1050,"height":1050,"url":"https:\/\/bacanaskincare.com\/wp-content\/uploads\/2023\/05\/Daily-Glow-Set.jpg","type":"image\/jpeg"}],"twitter_card":"summary_large_image","twitter_misc":{"Dur\u00e9e de lecture estim\u00e9e":"1 minute"},"schema":{"@context":"https:\/\/schema.org","@graph":[{"@type":["WebPage","ItemPage"],"@id":"https:\/\/bacanaskincare.com\/fr\/product\/routine-glow-naturel\/","url":"https:\/\/bacanaskincare.com\/fr\/product\/routine-glow-naturel\/","name":"Pack \u00c9clat Quotidien - Bacana Skincare","isPartOf":{"@id":"https:\/\/bacanaskincare.com\/fr\/#website"},"primaryImageOfPage":{"@id":"https:\/\/bacanaskincare.com\/fr\/product\/routine-glow-naturel\/#primaryimage"},"image":{"@id":"https:\/\/bacanaskincare.com\/fr\/product\/routine-glow-naturel\/#primaryimage"},"thumbnailUrl":"https:\/\/bacanaskincare.com\/wp-content\/uploads\/2023\/05\/Daily-Glow-Set.jpg","datePublished":"2023-05-17T18:13:52+00:00","dateModified":"2025-12-01T23:11:49+00:00","breadcrumb":{"@id":"https:\/\/bacanaskincare.com\/fr\/product\/routine-glow-naturel\/#breadcrumb"},"inLanguage":"fr-FR","potentialAction":[{"@type":"ReadAction","target":["https:\/\/bacanaskincare.com\/fr\/product\/routine-glow-naturel\/"]}]},{"@type":"ImageObject","inLanguage":"fr-FR","@id":"https:\/\/bacanaskincare.com\/fr\/product\/routine-glow-naturel\/#primaryimage","url":"https:\/\/bacanaskincare.com\/wp-content\/uploads\/2023\/05\/Daily-Glow-Set.jpg","contentUrl":"https:\/\/bacanaskincare.com\/wp-content\/uploads\/2023\/05\/Daily-Glow-Set.jpg","width":1050,"height":1050},{"@type":"BreadcrumbList","@id":"https:\/\/bacanaskincare.com\/fr\/product\/routine-glow-naturel\/#breadcrumb","itemListElement":[{"@type":"ListItem","position":1,"name":"Shop","item":"https:\/\/bacanaskincare.com\/fr\/shop\/"},{"@type":"ListItem","position":2,"name":"Skin care","item":"https:\/\/bacanaskincare.com\/fr\/categorie-produit\/skin-care-fr\/"},{"@type":"ListItem","position":3,"name":"Pack \u00c9clat Quotidien"}]},{"@type":"WebSite","@id":"https:\/\/bacanaskincare.com\/fr\/#website","url":"https:\/\/bacanaskincare.com\/fr\/","name":"Bacana Skincare","description":"Natural skincare powered by tropical superfruits","publisher":{"@id":"https:\/\/bacanaskincare.com\/fr\/#organization"},"potentialAction":[{"@type":"SearchAction","target":{"@type":"EntryPoint","urlTemplate":"https:\/\/bacanaskincare.com\/fr\/?s={search_term_string}"},"query-input":{"@type":"PropertyValueSpecification","valueRequired":true,"valueName":"search_term_string"}}],"inLanguage":"fr-FR"},{"@type":"Organization","@id":"https:\/\/bacanaskincare.com\/fr\/#organization","name":"Bacana Skincare","url":"https:\/\/bacanaskincare.com\/fr\/","logo":{"@type":"ImageObject","inLanguage":"fr-FR","@id":"https:\/\/bacanaskincare.com\/fr\/#\/schema\/logo\/image\/","url":"https:\/\/bacanaskincare.com\/wp-content\/uploads\/2019\/09\/u.png","contentUrl":"https:\/\/bacanaskincare.com\/wp-content\/uploads\/2019\/09\/u.png","width":834,"height":226,"caption":"Bacana Skincare"},"image":{"@id":"https:\/\/bacanaskincare.com\/fr\/#\/schema\/logo\/image\/"},"sameAs":["https:\/\/www.facebook.com\/bacanaskincare-106988470647315\/","https:\/\/www.instagram.com\/bacanaskincare\/?hl=en","https:\/\/br.pinterest.com\/d0fd9db15f94c64465fab43d03b69a\/"]}]}},"_links":{"self":[{"href":"https:\/\/bacanaskincare.com\/fr\/wp-json\/wp\/v2\/product\/22609","targetHints":{"allow":["GET"]}}],"collection":[{"href":"https:\/\/bacanaskincare.com\/fr\/wp-json\/wp\/v2\/product"}],"about":[{"href":"https:\/\/bacanaskincare.com\/fr\/wp-json\/wp\/v2\/types\/product"}],"replies":[{"embeddable":true,"href":"https:\/\/bacanaskincare.com\/fr\/wp-json\/wp\/v2\/comments?post=22609"}],"wp:featuredmedia":[{"embeddable":true,"href":"https:\/\/bacanaskincare.com\/fr\/wp-json\/wp\/v2\/media\/26137"}],"wp:attachment":[{"href":"https:\/\/bacanaskincare.com\/fr\/wp-json\/wp\/v2\/media?parent=22609"}],"wp:term":[{"taxonomy":"product_brand","embeddable":true,"href":"https:\/\/bacanaskincare.com\/fr\/wp-json\/wp\/v2\/product_brand?post=22609"},{"taxonomy":"product_cat","embeddable":true,"href":"https:\/\/bacanaskincare.com\/fr\/wp-json\/wp\/v2\/product_cat?post=22609"},{"taxonomy":"product_tag","embeddable":true,"href":"https:\/\/bacanaskincare.com\/fr\/wp-json\/wp\/v2\/product_tag?post=22609"}],"curies":[{"name":"wp","href":"https:\/\/api.w.org\/{rel}","templated":true}]}}