{"id":22562,"date":"2020-02-09T21:50:31","date_gmt":"2020-02-09T20:50:31","guid":{"rendered":"https:\/\/bacanaskincare.com\/shop\/uncategorized\/serum-tropical-shine\/"},"modified":"2026-02-25T18:27:08","modified_gmt":"2026-02-25T17:27:08","slug":"serum-tropical-shine","status":"publish","type":"product","link":"https:\/\/bacanaskincare.com\/fr\/product\/serum-tropical-shine\/","title":{"rendered":"S\u00e9rum Maracuja visage et cheveux"},"content":{"rendered":"<h3 class=\"p1\"><strong> LES INGR\u00c9DIENTS CL\u00c9S ET LEUR EFFICACIT\u00c9 :<\/strong><\/h3>\n<p><strong>L&rsquo;HUILE DE FRUIT DE LA PASSION :<\/strong> Ses vitamines et ses acides gras (om\u00e9ga 3 et 6) aident \u00e0 prot\u00e9ger contre les dommages caus\u00e9s par le soleil, \u00e0 hydrater et \u00e0 apaiser la peau. Notre huile de fruit de la passion est press\u00e9e \u00e0 froid et provient du Br\u00e9sil. Notre fournisseur soutient les communaut\u00e9s locales, pr\u00e9serve les esp\u00e8ces et maintient la biodiversit\u00e9 dans une r\u00e9gion \u00e9cologiquement importante.<\/p>\n<p><strong>HUILE DE PRACAXI BIOLOGIQUE :<\/strong> Des \u00e9tudes cliniques confirment que l&rsquo;huile de pracaxi r\u00e9duit les taches de m\u00e9lanine, favorisant un teint uniforme et radieux. Il stimule la production d&rsquo;acide hyaluronique et de collag\u00e8ne, luttant ainsi contre les signes de vieillissement tout en maintenant la peau nourrie et hydrat\u00e9e. En outre, il rend les cheveux plus brillants et plus faciles \u00e0 coiffer. Notre huile de Pracaxi est biologique et provient du Br\u00e9sil. Notre fournisseur soutient les communaut\u00e9s locales en offrant un revenu suppl\u00e9mentaire aux cueilleurs de graines de pracaxi, tout en promouvant la conservation des esp\u00e8ces et en pr\u00e9servant la biodiversit\u00e9 dans une r\u00e9gion \u00e9cologiquement importante.<\/p>\n<p><strong>HUILE DE ROSE ORGANIQUE :<\/strong> un anti-inflammatoire naturel avec de fortes concentrations d&rsquo;om\u00e9gas 3, 6, 7 et 9, ainsi que des carot\u00e9no\u00efdes antioxydants. Il aide donc \u00e0 r\u00e9parer, \u00e0 lisser et \u00e0 raffermir la peau.<\/p>\n<p><strong>SQUALANE D&rsquo;OLIVE :<\/strong> une huile 100 % d\u00e9riv\u00e9e de l&rsquo;olive qui hydrate intens\u00e9ment la peau et lui apporte des acides gras essentiels, la laissant exceptionnellement douce. Appliqu\u00e9 sur les cheveux, il adoucit et recouvre la cuticule capillaire, rendant les cheveux plus brillants.<\/p>\n<p><strong>BISABOLOL :<\/strong> ingr\u00e9dient naturel aux puissantes propri\u00e9t\u00e9s anti-inflammatoires, qui calme et apaise la peau.<\/p>\n<p><strong>VITAMINE E NATURELLE :<\/strong> Gr\u00e2ce \u00e0 ses propri\u00e9t\u00e9s antioxydantes, la vitamine E dans les cosm\u00e9tiques contribue \u00e0 prot\u00e9ger la formule contre l&rsquo;oxydation. Sur la peau, il minimise l&rsquo;impact des radicaux libres induits par les rayons du soleil et les polluants environnementaux, contrecarrant ainsi le vieillissement pr\u00e9matur\u00e9 de la peau.<\/p>\n","protected":false},"excerpt":{"rendered":"<blockquote>\n<h4>Un s\u00e9rum aux huiles om\u00e9ga nourrissantes et \u00e0 la vitamine E pour une peau et des cheveux lumineux et \u00e9clatants de sant\u00e9.<\/h4>\n<\/blockquote>\n<p>&nbsp;<\/p>\n<p>[vc_row][vc_column][vc_toggle title=\u00a0\u00bbQU&rsquo;EST-CE QUE C&rsquo;EST ?\u00a0\u00bb style=\u00a0\u00bbarrow\u00a0\u00bb custom_font_container=\u00a0\u00bbtag:h3|text_align:left\u00a0\u00bb custom_use_theme_fonts=\u00a0\u00bbyes\u00a0\u00bb]Il s&rsquo;agit d&rsquo;un s\u00e9rum huileux l\u00e9ger et polyvalent qui peut \u00eatre utilis\u00e9 pour les cheveux et le visage. Ce s\u00e9rum riche en nutriments est enrichi en om\u00e9ga et en vitamine E, offrant des bienfaits rajeunissants, nourrissants et apaisants. Il p\u00e9n\u00e8tre rapidement et ne laisse pas de sensation de gras. Appliqu\u00e9 sur les cheveux, il adoucit et recouvre la cuticule du cheveu, ce qui permet d&rsquo;obtenir des cheveux plus brillants.[\/vc_toggle][vc_toggle title=\u00a0\u00bb\u00c0 QUOI CA SERT?\u00a0\u00bb style=\u00a0\u00bbarrow\u00a0\u00bb custom_font_container=\u00a0\u00bbtag:h3|text_align:left\u00a0\u00bb custom_use_theme_fonts=\u00a0\u00bbyes\u00a0\u00bb]Formul\u00e9 pour nourrir la peau en acides gras essentiels et en squalane, deux \u00e9l\u00e9ments qui diminuent naturellement avec l&rsquo;\u00e2ge, entra\u00eenant une peau plus s\u00e8che et terne. Notre s\u00e9rum \u00e0 l&rsquo;huile tropicale aide \u00e0 r\u00e9duire la perte naturelle d&rsquo;humidit\u00e9, \u00e0 maintenir la peau hydrat\u00e9e et \u00e0 la rajeunir en lui donnant un \u00e9clat naturel et sain.[\/vc_toggle][vc_toggle title=\u00a0\u00bbPOUR QUI?\u00a0\u00bb style=\u00a0\u00bbarrow\u00a0\u00bb custom_font_container=\u00a0\u00bbtag:h3|text_align:left\u00a0\u00bb custom_use_theme_fonts=\u00a0\u00bbyes\u00a0\u00bb]Con\u00e7u pour tous les types de peau, m\u00eame les plus sensibles.[\/vc_toggle][vc_toggle title=\u00a0\u00bbCOMMENT L&rsquo;UTILISER?\u00a0\u00bb style=\u00a0\u00bbarrow\u00a0\u00bb custom_font_container=\u00a0\u00bbtag:h3|text_align:left\u00a0\u00bb custom_use_theme_fonts=\u00a0\u00bbyes\u00a0\u00bb]Appliquez 2 \u00e0 4 gouttes sur votre visage une ou deux fois par jour. A utiliser seul ou apr\u00e8s votre <a href=\"http:\/\/bacanaskincare.com\/shop\/natural-skincare-face-cream\/multi-action-face-cream\/\">cr\u00e8me hydratante quotidienne<\/a>. Il peut \u00eatre utilis\u00e9 en alternance avec notre Bio-Retinol Oil Serum. Utilisez le Tropical Shine Oil Serum le matin et le Bio-Retinol le soir.<\/p>\n<p>Cheveux : masser 2 gouttes sur les cheveux humides ou secs de la mi-longueur aux pointes. De plus, il peut \u00eatre utilis\u00e9 avant et apr\u00e8s le rasage pour nourrir le poil et apaiser la peau.<br \/>\nNe pas rincer car il ne laisse pas de sensation de gras.[\/vc_toggle][\/vc_column][\/vc_row]<\/p>\n<p>Volume: 30 ml.<\/p>\n<p>Sans parfum.<\/p>\n<p>Formule clean et ingr\u00e9dients naturels. Source d&rsquo;approvisionnement durable. Respectueux de l&rsquo;environnement. Test\u00e9 par des dermatologues. Vegan. Non test\u00e9 sur des animaux.     <\/p>\n","protected":false},"featured_media":26176,"comment_status":"open","ping_status":"closed","template":"","meta":{"ocean_post_layout":"","ocean_both_sidebars_style":"","ocean_both_sidebars_content_width":0,"ocean_both_sidebars_sidebars_width":0,"ocean_sidebar":"0","ocean_second_sidebar":"0","ocean_disable_margins":"enable","ocean_add_body_class":"","ocean_shortcode_before_top_bar":"","ocean_shortcode_after_top_bar":"","ocean_shortcode_before_header":"","ocean_shortcode_after_header":"","ocean_has_shortcode":"","ocean_shortcode_after_title":"","ocean_shortcode_before_footer_widgets":"","ocean_shortcode_after_footer_widgets":"","ocean_shortcode_before_footer_bottom":"","ocean_shortcode_after_footer_bottom":"","ocean_display_top_bar":"default","ocean_display_header":"default","ocean_header_style":"","ocean_center_header_left_menu":"0","ocean_custom_header_template":"0","ocean_custom_logo":0,"ocean_custom_retina_logo":0,"ocean_custom_logo_max_width":0,"ocean_custom_logo_tablet_max_width":0,"ocean_custom_logo_mobile_max_width":0,"ocean_custom_logo_max_height":0,"ocean_custom_logo_tablet_max_height":0,"ocean_custom_logo_mobile_max_height":0,"ocean_header_custom_menu":"0","ocean_menu_typo_font_family":"0","ocean_menu_typo_font_subset":"","ocean_menu_typo_font_size":0,"ocean_menu_typo_font_size_tablet":0,"ocean_menu_typo_font_size_mobile":0,"ocean_menu_typo_font_size_unit":"px","ocean_menu_typo_font_weight":"","ocean_menu_typo_font_weight_tablet":"","ocean_menu_typo_font_weight_mobile":"","ocean_menu_typo_transform":"","ocean_menu_typo_transform_tablet":"","ocean_menu_typo_transform_mobile":"","ocean_menu_typo_line_height":0,"ocean_menu_typo_line_height_tablet":0,"ocean_menu_typo_line_height_mobile":0,"ocean_menu_typo_line_height_unit":"","ocean_menu_typo_spacing":0,"ocean_menu_typo_spacing_tablet":0,"ocean_menu_typo_spacing_mobile":0,"ocean_menu_typo_spacing_unit":"","ocean_menu_link_color":"","ocean_menu_link_color_hover":"","ocean_menu_link_color_active":"","ocean_menu_link_background":"","ocean_menu_link_hover_background":"","ocean_menu_link_active_background":"","ocean_menu_social_links_bg":"","ocean_menu_social_hover_links_bg":"","ocean_menu_social_links_color":"","ocean_menu_social_hover_links_color":"","ocean_disable_title":"default","ocean_disable_heading":"default","ocean_post_title":"","ocean_post_subheading":"","ocean_post_title_style":"","ocean_post_title_background_color":"","ocean_post_title_background":0,"ocean_post_title_bg_image_position":"","ocean_post_title_bg_image_attachment":"","ocean_post_title_bg_image_repeat":"","ocean_post_title_bg_image_size":"","ocean_post_title_height":0,"ocean_post_title_bg_overlay":0.5,"ocean_post_title_bg_overlay_color":"","ocean_disable_breadcrumbs":"default","ocean_breadcrumbs_color":"","ocean_breadcrumbs_separator_color":"","ocean_breadcrumbs_links_color":"","ocean_breadcrumbs_links_hover_color":"","ocean_display_footer_widgets":"default","ocean_display_footer_bottom":"default","ocean_custom_footer_template":"0","iawp_total_views":31},"product_brand":[],"product_cat":[405],"product_tag":[],"class_list":{"0":"post-22562","1":"product","2":"type-product","3":"status-publish","4":"has-post-thumbnail","6":"product_cat-skin-care-fr","8":"entry","9":"has-media","11":"first","12":"instock","13":"shipping-taxable","14":"purchasable","15":"product-type-simple","16":"has-rating","17":"has-product-nav","18":"col","19":"span_1_of_3","20":"owp-content-center","21":"item-entry","22":"owp-thumbs-layout-horizontal","23":"owp-btn-normal","24":"owp-tabs-layout-horizontal","26":"circle-sale"},"yoast_head":"<!-- This site is optimized with the Yoast SEO plugin v27.3 - https:\/\/yoast.com\/product\/yoast-seo-wordpress\/ -->\n<title>S\u00e9rum Tropical Shine par Bacana Skincare | Vegan &amp; Cruelty free<\/title>\n<meta name=\"description\" content=\"Pr\u00e9cieux s\u00e9rum huileux multit\u00e2ches qui hydrate, prot\u00e8ge et r\u00e9pare instantan\u00e9ment votre visage et vos cheveux sans sensation de gras. Pour tous les types de peau.\" \/>\n<meta name=\"robots\" content=\"index, follow, max-snippet:-1, max-image-preview:large, max-video-preview:-1\" \/>\n<link rel=\"canonical\" href=\"https:\/\/bacanaskincare.com\/fr\/product\/serum-tropical-shine\/\" \/>\n<meta property=\"og:locale\" content=\"fr_FR\" \/>\n<meta property=\"og:type\" content=\"article\" \/>\n<meta property=\"og:title\" content=\"S\u00e9rum Tropical Shine par Bacana Skincare | Vegan &amp; Cruelty free\" \/>\n<meta property=\"og:description\" content=\"Pr\u00e9cieux s\u00e9rum huileux multit\u00e2ches qui hydrate, prot\u00e8ge et r\u00e9pare instantan\u00e9ment votre visage et vos cheveux sans sensation de gras. Pour tous les types de peau.\" \/>\n<meta property=\"og:url\" content=\"https:\/\/bacanaskincare.com\/fr\/product\/serum-tropical-shine\/\" \/>\n<meta property=\"og:site_name\" content=\"Bacana Skincare\" \/>\n<meta property=\"article:publisher\" content=\"https:\/\/www.facebook.com\/bacanaskincare-106988470647315\/\" \/>\n<meta property=\"article:modified_time\" content=\"2026-02-25T17:27:08+00:00\" \/>\n<meta property=\"og:image\" content=\"https:\/\/bacanaskincare.com\/wp-content\/uploads\/2020\/02\/Serum-Maracuja-5-2.jpg\" \/>\n\t<meta property=\"og:image:width\" content=\"1050\" \/>\n\t<meta property=\"og:image:height\" content=\"1050\" \/>\n\t<meta property=\"og:image:type\" content=\"image\/jpeg\" \/>\n<meta name=\"twitter:card\" content=\"summary_large_image\" \/>\n<meta name=\"twitter:label1\" content=\"Dur\u00e9e de lecture estim\u00e9e\" \/>\n\t<meta name=\"twitter:data1\" content=\"2 minutes\" \/>\n<script type=\"application\/ld+json\" class=\"yoast-schema-graph\">{\"@context\":\"https:\\\/\\\/schema.org\",\"@graph\":[{\"@type\":[\"WebPage\",\"ItemPage\"],\"@id\":\"https:\\\/\\\/bacanaskincare.com\\\/fr\\\/product\\\/serum-tropical-shine\\\/\",\"url\":\"https:\\\/\\\/bacanaskincare.com\\\/fr\\\/product\\\/serum-tropical-shine\\\/\",\"name\":\"S\u00e9rum Tropical Shine par Bacana Skincare | Vegan & Cruelty free\",\"isPartOf\":{\"@id\":\"https:\\\/\\\/bacanaskincare.com\\\/fr\\\/#website\"},\"primaryImageOfPage\":{\"@id\":\"https:\\\/\\\/bacanaskincare.com\\\/fr\\\/product\\\/serum-tropical-shine\\\/#primaryimage\"},\"image\":{\"@id\":\"https:\\\/\\\/bacanaskincare.com\\\/fr\\\/product\\\/serum-tropical-shine\\\/#primaryimage\"},\"thumbnailUrl\":\"https:\\\/\\\/bacanaskincare.com\\\/wp-content\\\/uploads\\\/2020\\\/02\\\/Serum-Maracuja-5-2.jpg\",\"datePublished\":\"2020-02-09T20:50:31+00:00\",\"dateModified\":\"2026-02-25T17:27:08+00:00\",\"description\":\"Pr\u00e9cieux s\u00e9rum huileux multit\u00e2ches qui hydrate, prot\u00e8ge et r\u00e9pare instantan\u00e9ment votre visage et vos cheveux sans sensation de gras. Pour tous les types de peau.\",\"breadcrumb\":{\"@id\":\"https:\\\/\\\/bacanaskincare.com\\\/fr\\\/product\\\/serum-tropical-shine\\\/#breadcrumb\"},\"inLanguage\":\"fr-FR\",\"potentialAction\":[{\"@type\":\"ReadAction\",\"target\":[\"https:\\\/\\\/bacanaskincare.com\\\/fr\\\/product\\\/serum-tropical-shine\\\/\"]}]},{\"@type\":\"ImageObject\",\"inLanguage\":\"fr-FR\",\"@id\":\"https:\\\/\\\/bacanaskincare.com\\\/fr\\\/product\\\/serum-tropical-shine\\\/#primaryimage\",\"url\":\"https:\\\/\\\/bacanaskincare.com\\\/wp-content\\\/uploads\\\/2020\\\/02\\\/Serum-Maracuja-5-2.jpg\",\"contentUrl\":\"https:\\\/\\\/bacanaskincare.com\\\/wp-content\\\/uploads\\\/2020\\\/02\\\/Serum-Maracuja-5-2.jpg\",\"width\":1050,\"height\":1050},{\"@type\":\"BreadcrumbList\",\"@id\":\"https:\\\/\\\/bacanaskincare.com\\\/fr\\\/product\\\/serum-tropical-shine\\\/#breadcrumb\",\"itemListElement\":[{\"@type\":\"ListItem\",\"position\":1,\"name\":\"Shop\",\"item\":\"https:\\\/\\\/bacanaskincare.com\\\/fr\\\/shop\\\/\"},{\"@type\":\"ListItem\",\"position\":2,\"name\":\"Skin care\",\"item\":\"https:\\\/\\\/bacanaskincare.com\\\/fr\\\/categorie-produit\\\/skin-care-fr\\\/\"},{\"@type\":\"ListItem\",\"position\":3,\"name\":\"S\u00e9rum Maracuja visage et cheveux\"}]},{\"@type\":\"WebSite\",\"@id\":\"https:\\\/\\\/bacanaskincare.com\\\/fr\\\/#website\",\"url\":\"https:\\\/\\\/bacanaskincare.com\\\/fr\\\/\",\"name\":\"Bacana Skincare\",\"description\":\"Natural skincare powered by tropical superfruits\",\"publisher\":{\"@id\":\"https:\\\/\\\/bacanaskincare.com\\\/fr\\\/#organization\"},\"potentialAction\":[{\"@type\":\"SearchAction\",\"target\":{\"@type\":\"EntryPoint\",\"urlTemplate\":\"https:\\\/\\\/bacanaskincare.com\\\/fr\\\/?s={search_term_string}\"},\"query-input\":{\"@type\":\"PropertyValueSpecification\",\"valueRequired\":true,\"valueName\":\"search_term_string\"}}],\"inLanguage\":\"fr-FR\"},{\"@type\":\"Organization\",\"@id\":\"https:\\\/\\\/bacanaskincare.com\\\/fr\\\/#organization\",\"name\":\"Bacana Skincare\",\"url\":\"https:\\\/\\\/bacanaskincare.com\\\/fr\\\/\",\"logo\":{\"@type\":\"ImageObject\",\"inLanguage\":\"fr-FR\",\"@id\":\"https:\\\/\\\/bacanaskincare.com\\\/fr\\\/#\\\/schema\\\/logo\\\/image\\\/\",\"url\":\"https:\\\/\\\/bacanaskincare.com\\\/wp-content\\\/uploads\\\/2019\\\/09\\\/u.png\",\"contentUrl\":\"https:\\\/\\\/bacanaskincare.com\\\/wp-content\\\/uploads\\\/2019\\\/09\\\/u.png\",\"width\":834,\"height\":226,\"caption\":\"Bacana Skincare\"},\"image\":{\"@id\":\"https:\\\/\\\/bacanaskincare.com\\\/fr\\\/#\\\/schema\\\/logo\\\/image\\\/\"},\"sameAs\":[\"https:\\\/\\\/www.facebook.com\\\/bacanaskincare-106988470647315\\\/\",\"https:\\\/\\\/www.instagram.com\\\/bacanaskincare\\\/?hl=en\",\"https:\\\/\\\/br.pinterest.com\\\/d0fd9db15f94c64465fab43d03b69a\\\/\"]}]}<\/script>\n<!-- \/ Yoast SEO plugin. -->","yoast_head_json":{"title":"S\u00e9rum Tropical Shine par Bacana Skincare | Vegan & Cruelty free","description":"Pr\u00e9cieux s\u00e9rum huileux multit\u00e2ches qui hydrate, prot\u00e8ge et r\u00e9pare instantan\u00e9ment votre visage et vos cheveux sans sensation de gras. Pour tous les types de peau.","robots":{"index":"index","follow":"follow","max-snippet":"max-snippet:-1","max-image-preview":"max-image-preview:large","max-video-preview":"max-video-preview:-1"},"canonical":"https:\/\/bacanaskincare.com\/fr\/product\/serum-tropical-shine\/","og_locale":"fr_FR","og_type":"article","og_title":"S\u00e9rum Tropical Shine par Bacana Skincare | Vegan & Cruelty free","og_description":"Pr\u00e9cieux s\u00e9rum huileux multit\u00e2ches qui hydrate, prot\u00e8ge et r\u00e9pare instantan\u00e9ment votre visage et vos cheveux sans sensation de gras. Pour tous les types de peau.","og_url":"https:\/\/bacanaskincare.com\/fr\/product\/serum-tropical-shine\/","og_site_name":"Bacana Skincare","article_publisher":"https:\/\/www.facebook.com\/bacanaskincare-106988470647315\/","article_modified_time":"2026-02-25T17:27:08+00:00","og_image":[{"width":1050,"height":1050,"url":"https:\/\/bacanaskincare.com\/wp-content\/uploads\/2020\/02\/Serum-Maracuja-5-2.jpg","type":"image\/jpeg"}],"twitter_card":"summary_large_image","twitter_misc":{"Dur\u00e9e de lecture estim\u00e9e":"2 minutes"},"schema":{"@context":"https:\/\/schema.org","@graph":[{"@type":["WebPage","ItemPage"],"@id":"https:\/\/bacanaskincare.com\/fr\/product\/serum-tropical-shine\/","url":"https:\/\/bacanaskincare.com\/fr\/product\/serum-tropical-shine\/","name":"S\u00e9rum Tropical Shine par Bacana Skincare | Vegan & Cruelty free","isPartOf":{"@id":"https:\/\/bacanaskincare.com\/fr\/#website"},"primaryImageOfPage":{"@id":"https:\/\/bacanaskincare.com\/fr\/product\/serum-tropical-shine\/#primaryimage"},"image":{"@id":"https:\/\/bacanaskincare.com\/fr\/product\/serum-tropical-shine\/#primaryimage"},"thumbnailUrl":"https:\/\/bacanaskincare.com\/wp-content\/uploads\/2020\/02\/Serum-Maracuja-5-2.jpg","datePublished":"2020-02-09T20:50:31+00:00","dateModified":"2026-02-25T17:27:08+00:00","description":"Pr\u00e9cieux s\u00e9rum huileux multit\u00e2ches qui hydrate, prot\u00e8ge et r\u00e9pare instantan\u00e9ment votre visage et vos cheveux sans sensation de gras. Pour tous les types de peau.","breadcrumb":{"@id":"https:\/\/bacanaskincare.com\/fr\/product\/serum-tropical-shine\/#breadcrumb"},"inLanguage":"fr-FR","potentialAction":[{"@type":"ReadAction","target":["https:\/\/bacanaskincare.com\/fr\/product\/serum-tropical-shine\/"]}]},{"@type":"ImageObject","inLanguage":"fr-FR","@id":"https:\/\/bacanaskincare.com\/fr\/product\/serum-tropical-shine\/#primaryimage","url":"https:\/\/bacanaskincare.com\/wp-content\/uploads\/2020\/02\/Serum-Maracuja-5-2.jpg","contentUrl":"https:\/\/bacanaskincare.com\/wp-content\/uploads\/2020\/02\/Serum-Maracuja-5-2.jpg","width":1050,"height":1050},{"@type":"BreadcrumbList","@id":"https:\/\/bacanaskincare.com\/fr\/product\/serum-tropical-shine\/#breadcrumb","itemListElement":[{"@type":"ListItem","position":1,"name":"Shop","item":"https:\/\/bacanaskincare.com\/fr\/shop\/"},{"@type":"ListItem","position":2,"name":"Skin care","item":"https:\/\/bacanaskincare.com\/fr\/categorie-produit\/skin-care-fr\/"},{"@type":"ListItem","position":3,"name":"S\u00e9rum Maracuja visage et cheveux"}]},{"@type":"WebSite","@id":"https:\/\/bacanaskincare.com\/fr\/#website","url":"https:\/\/bacanaskincare.com\/fr\/","name":"Bacana Skincare","description":"Natural skincare powered by tropical superfruits","publisher":{"@id":"https:\/\/bacanaskincare.com\/fr\/#organization"},"potentialAction":[{"@type":"SearchAction","target":{"@type":"EntryPoint","urlTemplate":"https:\/\/bacanaskincare.com\/fr\/?s={search_term_string}"},"query-input":{"@type":"PropertyValueSpecification","valueRequired":true,"valueName":"search_term_string"}}],"inLanguage":"fr-FR"},{"@type":"Organization","@id":"https:\/\/bacanaskincare.com\/fr\/#organization","name":"Bacana Skincare","url":"https:\/\/bacanaskincare.com\/fr\/","logo":{"@type":"ImageObject","inLanguage":"fr-FR","@id":"https:\/\/bacanaskincare.com\/fr\/#\/schema\/logo\/image\/","url":"https:\/\/bacanaskincare.com\/wp-content\/uploads\/2019\/09\/u.png","contentUrl":"https:\/\/bacanaskincare.com\/wp-content\/uploads\/2019\/09\/u.png","width":834,"height":226,"caption":"Bacana Skincare"},"image":{"@id":"https:\/\/bacanaskincare.com\/fr\/#\/schema\/logo\/image\/"},"sameAs":["https:\/\/www.facebook.com\/bacanaskincare-106988470647315\/","https:\/\/www.instagram.com\/bacanaskincare\/?hl=en","https:\/\/br.pinterest.com\/d0fd9db15f94c64465fab43d03b69a\/"]}]}},"_links":{"self":[{"href":"https:\/\/bacanaskincare.com\/fr\/wp-json\/wp\/v2\/product\/22562","targetHints":{"allow":["GET"]}}],"collection":[{"href":"https:\/\/bacanaskincare.com\/fr\/wp-json\/wp\/v2\/product"}],"about":[{"href":"https:\/\/bacanaskincare.com\/fr\/wp-json\/wp\/v2\/types\/product"}],"replies":[{"embeddable":true,"href":"https:\/\/bacanaskincare.com\/fr\/wp-json\/wp\/v2\/comments?post=22562"}],"wp:featuredmedia":[{"embeddable":true,"href":"https:\/\/bacanaskincare.com\/fr\/wp-json\/wp\/v2\/media\/26176"}],"wp:attachment":[{"href":"https:\/\/bacanaskincare.com\/fr\/wp-json\/wp\/v2\/media?parent=22562"}],"wp:term":[{"taxonomy":"product_brand","embeddable":true,"href":"https:\/\/bacanaskincare.com\/fr\/wp-json\/wp\/v2\/product_brand?post=22562"},{"taxonomy":"product_cat","embeddable":true,"href":"https:\/\/bacanaskincare.com\/fr\/wp-json\/wp\/v2\/product_cat?post=22562"},{"taxonomy":"product_tag","embeddable":true,"href":"https:\/\/bacanaskincare.com\/fr\/wp-json\/wp\/v2\/product_tag?post=22562"}],"curies":[{"name":"wp","href":"https:\/\/api.w.org\/{rel}","templated":true}]}}