{"id":22560,"date":"2019-10-30T21:56:25","date_gmt":"2019-10-30T20:56:25","guid":{"rendered":"https:\/\/bacanaskincare.com\/shop\/non%20class\u00e9\/creme-visage-multi-action\/"},"modified":"2026-02-25T18:27:07","modified_gmt":"2026-02-25T17:27:07","slug":"creme-visage-multi-action","status":"publish","type":"product","link":"https:\/\/bacanaskincare.com\/fr\/product\/creme-visage-multi-action\/","title":{"rendered":"Cr\u00e8me Hydratante Visage (Blooming Nature Cream)"},"content":{"rendered":"<h3 class=\"p1\"><strong>LES INGR\u00c9DIENTS CL\u00c9S ET LEUR EFFICACIT\u00c9<\/strong><\/h3>\n<p><strong>HUILE DE PRACAXI BIOLOGIQUE :<\/strong> Des \u00e9tudes cliniques confirment que l&rsquo;huile de pracaxi r\u00e9duit les taches de m\u00e9lanine, favorisant un teint uniforme et radieux. Il stimule la production d&rsquo;acide hyaluronique et de collag\u00e8ne, luttant ainsi contre les signes de vieillissement tout en maintenant la peau nourrie et hydrat\u00e9e. Notre huile de Pracaxi est biologique et provient du Br\u00e9sil. Notre fournisseur travaille avec les communaut\u00e9s locales pour fournir un revenu suppl\u00e9mentaire aux cueilleurs de graines de pracaxi, tout en promouvant la conservation de l&rsquo;esp\u00e8ce et en permettant le maintien de la biodiversit\u00e9 dans une r\u00e9gion d&rsquo;une grande importance \u00e9cologique.<\/p>\n<p><strong>EXTRAIT D&rsquo;ACEROLA :<\/strong> Hautement concentr\u00e9 en vitamine C (65 fois plus que dans les oranges), l&rsquo;extrait d&rsquo;ac\u00e9rola conf\u00e8re des propri\u00e9t\u00e9s antioxydantes \u00e0 notre cr\u00e8me hydratante quotidienne, prot\u00e9geant ainsi votre peau contre le photovieillissement.<\/p>\n<p><strong>ACIDE HYALURONIQUE :<\/strong> naturellement pr\u00e9sente dans le corps humain, cette substance est connue pour sa capacit\u00e9 impressionnante \u00e0 attirer et \u00e0 retenir 1000 fois son poids en eau. La taille mol\u00e9culaire de l&rsquo;acide hyaluronique d\u00e9termine la profondeur de sa lib\u00e9ration dans la peau. Dans cette formule, nous avons donc combin\u00e9 un poids mol\u00e9culaire faible et un poids mol\u00e9culaire \u00e9lev\u00e9 pour une hydratation intense et une plus grande \u00e9lasticit\u00e9 de la peau.<\/p>\n<p><strong>BEURRE DE TUCUMA BIO :<\/strong> Le Tucum\u00e3, superfruit amazonien du Br\u00e9sil, donne un beurre riche en om\u00e9ga 3, 6 et 9, r\u00e9put\u00e9 pour ses vertus hydratantes. Notre beurre de Tucum\u00e3 est biologique. Notre fournisseur travaille avec des communaut\u00e9s du nord du Br\u00e9sil pour collecter des graines destin\u00e9es \u00e0 la production de beurre de Tucum\u00e3. La collecte de semences contribue \u00e0 la r\u00e9duction des surfaces destin\u00e9es aux plantations de manioc et apporte des revenus suppl\u00e9mentaires aux communaut\u00e9s, et la production est r\u00e9alis\u00e9e sur la base de pratiques agricoles biologiques.<\/p>\n","protected":false},"excerpt":{"rendered":"<blockquote><p><strong>Une cr\u00e8me quotidienne multi-actions pour le visage qui offre un soin complet en un seul produit, en hydratant la peau en profondeur.<\/strong><\/p><\/blockquote>\n<p><span style=\"color: #ff0000;\">Nous avons mis \u00e0 jour l&#8217;emballage de la Blooming Nature Cream, mais ne vous inqui\u00e9tez pas, le produit \u00e0 l&rsquo;int\u00e9rieur reste exactement le m\u00eame ! Vous continuerez \u00e0 profiter de la m\u00eame formule de haute qualit\u00e9 que vous connaissez et aimez. <\/span><\/p>\n<p>[vc_row][vc_column][vc_toggle title=\u00a0\u00bbQU&rsquo;EST-CE QUE C&rsquo;EST ?\u00a0\u00bb style=\u00a0\u00bbarrow\u00a0\u00bb custom_font_container=\u00a0\u00bbtag:h3|text_align:left\u00a0\u00bb custom_use_theme_fonts=\u00a0\u00bbyes\u00a0\u00bb]Formul\u00e9e pour apporter un soin complet \u00e0 votre peau, notre cr\u00e8me soyeuse pour le visage contient plus de 10 ingr\u00e9dients v\u00e9g\u00e9taux actifs qui agissent en harmonie pour nourrir et restaurer la sant\u00e9 et la vitalit\u00e9 de votre peau. [\/vc_toggle][vc_toggle title=\u00a0\u00bb\u00c0 QUOI CA SERT?\u00a0\u00bb style=\u00a0\u00bbarrow\u00a0\u00bb custom_font_container=\u00a0\u00bbtag:h3|text_align:left\u00a0\u00bb custom_use_theme_fonts=\u00a0\u00bbyes\u00a0\u00bb]Une formule riche en acide hyaluronique pour une hydratation intense de la peau, ainsi qu&rsquo;en extrait d&rsquo;ac\u00e9rola, qui agit comme antioxydant pour combattre les dommages caus\u00e9s par le stress quotidien, et en huile de pracaxi, qui aide \u00e0 am\u00e9liorer les imperfections et \u00e0 stimuler la production de collag\u00e8ne.[\/vc_toggle][vc_toggle title=\u00a0\u00bbPOUR QUI?\u00a0\u00bb style=\u00a0\u00bbarrow\u00a0\u00bb custom_font_container=\u00a0\u00bbtag:h3|text_align:left\u00a0\u00bb custom_use_theme_fonts=\u00a0\u00bbyes\u00a0\u00bb] Pour tous les types de peau, y compris les peaux sensibles.[\/vc_toggle][vc_toggle title=\u00a0\u00bbCOMMENT L&rsquo;UTILISER?\u00a0\u00bb style=\u00a0\u00bbarrow\u00a0\u00bb custom_font_container=\u00a0\u00bbtag:h3|text_align:left\u00a0\u00bb custom_use_theme_fonts=\u00a0\u00bbyes\u00a0\u00bb]Apr\u00e8s avoir nettoy\u00e9 et tonifi\u00e9 la peau, appliquez une petite quantit\u00e9 de cr\u00e8me multi-actions pour le visage (2 ou 3 pompes) et faites p\u00e9n\u00e9trer la cr\u00e8me en massant d\u00e9licatement. Effectuer ensuite de petits mouvements ascendants et circulaires jusqu&rsquo;\u00e0 ce que le produit soit compl\u00e8tement \u00e9tal\u00e9 et absorb\u00e9.[\/vc_toggle][\/vc_column][\/vc_row]<\/p>\n<p>&nbsp;<\/p>\n<p>Volume: 50ml<\/p>\n<p>&nbsp;<\/p>\n","protected":false},"featured_media":26015,"comment_status":"open","ping_status":"closed","template":"","meta":{"ocean_post_layout":"","ocean_both_sidebars_style":"","ocean_both_sidebars_content_width":0,"ocean_both_sidebars_sidebars_width":0,"ocean_sidebar":"0","ocean_second_sidebar":"0","ocean_disable_margins":"enable","ocean_add_body_class":"","ocean_shortcode_before_top_bar":"","ocean_shortcode_after_top_bar":"","ocean_shortcode_before_header":"","ocean_shortcode_after_header":"","ocean_has_shortcode":"","ocean_shortcode_after_title":"","ocean_shortcode_before_footer_widgets":"","ocean_shortcode_after_footer_widgets":"","ocean_shortcode_before_footer_bottom":"","ocean_shortcode_after_footer_bottom":"","ocean_display_top_bar":"default","ocean_display_header":"default","ocean_header_style":"","ocean_center_header_left_menu":"0","ocean_custom_header_template":"0","ocean_custom_logo":0,"ocean_custom_retina_logo":0,"ocean_custom_logo_max_width":0,"ocean_custom_logo_tablet_max_width":0,"ocean_custom_logo_mobile_max_width":0,"ocean_custom_logo_max_height":0,"ocean_custom_logo_tablet_max_height":0,"ocean_custom_logo_mobile_max_height":0,"ocean_header_custom_menu":"0","ocean_menu_typo_font_family":"0","ocean_menu_typo_font_subset":"","ocean_menu_typo_font_size":0,"ocean_menu_typo_font_size_tablet":0,"ocean_menu_typo_font_size_mobile":0,"ocean_menu_typo_font_size_unit":"px","ocean_menu_typo_font_weight":"","ocean_menu_typo_font_weight_tablet":"","ocean_menu_typo_font_weight_mobile":"","ocean_menu_typo_transform":"","ocean_menu_typo_transform_tablet":"","ocean_menu_typo_transform_mobile":"","ocean_menu_typo_line_height":0,"ocean_menu_typo_line_height_tablet":0,"ocean_menu_typo_line_height_mobile":0,"ocean_menu_typo_line_height_unit":"","ocean_menu_typo_spacing":0,"ocean_menu_typo_spacing_tablet":0,"ocean_menu_typo_spacing_mobile":0,"ocean_menu_typo_spacing_unit":"","ocean_menu_link_color":"","ocean_menu_link_color_hover":"","ocean_menu_link_color_active":"","ocean_menu_link_background":"","ocean_menu_link_hover_background":"","ocean_menu_link_active_background":"","ocean_menu_social_links_bg":"","ocean_menu_social_hover_links_bg":"","ocean_menu_social_links_color":"","ocean_menu_social_hover_links_color":"","ocean_disable_title":"default","ocean_disable_heading":"default","ocean_post_title":"","ocean_post_subheading":"","ocean_post_title_style":"","ocean_post_title_background_color":"","ocean_post_title_background":0,"ocean_post_title_bg_image_position":"","ocean_post_title_bg_image_attachment":"","ocean_post_title_bg_image_repeat":"","ocean_post_title_bg_image_size":"","ocean_post_title_height":0,"ocean_post_title_bg_overlay":0.5,"ocean_post_title_bg_overlay_color":"","ocean_disable_breadcrumbs":"default","ocean_breadcrumbs_color":"","ocean_breadcrumbs_separator_color":"","ocean_breadcrumbs_links_color":"","ocean_breadcrumbs_links_hover_color":"","ocean_display_footer_widgets":"default","ocean_display_footer_bottom":"default","ocean_custom_footer_template":"0","iawp_total_views":47},"product_brand":[],"product_cat":[405],"product_tag":[],"class_list":{"0":"post-22560","1":"product","2":"type-product","3":"status-publish","4":"has-post-thumbnail","6":"product_cat-skin-care-fr","8":"entry","9":"has-media","11":"first","12":"instock","13":"shipping-taxable","14":"purchasable","15":"product-type-simple","16":"has-rating","17":"has-product-nav","18":"col","19":"span_1_of_3","20":"owp-content-center","21":"item-entry","22":"owp-thumbs-layout-horizontal","23":"owp-btn-normal","24":"owp-tabs-layout-horizontal","26":"circle-sale"},"yoast_head":"<!-- This site is optimized with the Yoast SEO plugin v27.3 - https:\/\/yoast.com\/product\/yoast-seo-wordpress\/ -->\n<title>Cr\u00e8me visage multi-actions de Bacana Skincare | le pouvoir des Superfruits<\/title>\n<meta name=\"description\" content=\"La cr\u00e8me Blooming Nature est une cr\u00e8me visage multi-actions con\u00e7ue pour offrir un soin complet et vous aider \u00e0 maintenir une peau saine.\" \/>\n<meta name=\"robots\" content=\"index, follow, max-snippet:-1, max-image-preview:large, max-video-preview:-1\" \/>\n<link rel=\"canonical\" href=\"https:\/\/bacanaskincare.com\/fr\/product\/creme-visage-multi-action\/\" \/>\n<meta property=\"og:locale\" content=\"fr_FR\" \/>\n<meta property=\"og:type\" content=\"article\" \/>\n<meta property=\"og:title\" content=\"Cr\u00e8me visage multi-actions de Bacana Skincare | le pouvoir des Superfruits\" \/>\n<meta property=\"og:description\" content=\"La cr\u00e8me Blooming Nature est une cr\u00e8me visage multi-actions con\u00e7ue pour offrir un soin complet et vous aider \u00e0 maintenir une peau saine.\" \/>\n<meta property=\"og:url\" content=\"https:\/\/bacanaskincare.com\/fr\/product\/creme-visage-multi-action\/\" \/>\n<meta property=\"og:site_name\" content=\"Bacana Skincare\" \/>\n<meta property=\"article:publisher\" content=\"https:\/\/www.facebook.com\/bacanaskincare-106988470647315\/\" \/>\n<meta property=\"article:modified_time\" content=\"2026-02-25T17:27:07+00:00\" \/>\n<meta property=\"og:image\" content=\"https:\/\/bacanaskincare.com\/wp-content\/uploads\/2019\/10\/Moisturizing-Cream.jpg\" \/>\n\t<meta property=\"og:image:width\" content=\"1050\" \/>\n\t<meta property=\"og:image:height\" content=\"1050\" \/>\n\t<meta property=\"og:image:type\" content=\"image\/jpeg\" \/>\n<meta name=\"twitter:card\" content=\"summary_large_image\" \/>\n<meta name=\"twitter:label1\" content=\"Dur\u00e9e de lecture estim\u00e9e\" \/>\n\t<meta name=\"twitter:data1\" content=\"2 minutes\" \/>\n<script type=\"application\/ld+json\" class=\"yoast-schema-graph\">{\"@context\":\"https:\\\/\\\/schema.org\",\"@graph\":[{\"@type\":[\"WebPage\",\"ItemPage\"],\"@id\":\"https:\\\/\\\/bacanaskincare.com\\\/fr\\\/product\\\/creme-visage-multi-action\\\/\",\"url\":\"https:\\\/\\\/bacanaskincare.com\\\/fr\\\/product\\\/creme-visage-multi-action\\\/\",\"name\":\"Cr\u00e8me visage multi-actions de Bacana Skincare | le pouvoir des Superfruits\",\"isPartOf\":{\"@id\":\"https:\\\/\\\/bacanaskincare.com\\\/fr\\\/#website\"},\"primaryImageOfPage\":{\"@id\":\"https:\\\/\\\/bacanaskincare.com\\\/fr\\\/product\\\/creme-visage-multi-action\\\/#primaryimage\"},\"image\":{\"@id\":\"https:\\\/\\\/bacanaskincare.com\\\/fr\\\/product\\\/creme-visage-multi-action\\\/#primaryimage\"},\"thumbnailUrl\":\"https:\\\/\\\/bacanaskincare.com\\\/wp-content\\\/uploads\\\/2019\\\/10\\\/Moisturizing-Cream.jpg\",\"datePublished\":\"2019-10-30T20:56:25+00:00\",\"dateModified\":\"2026-02-25T17:27:07+00:00\",\"description\":\"La cr\u00e8me Blooming Nature est une cr\u00e8me visage multi-actions con\u00e7ue pour offrir un soin complet et vous aider \u00e0 maintenir une peau saine.\",\"breadcrumb\":{\"@id\":\"https:\\\/\\\/bacanaskincare.com\\\/fr\\\/product\\\/creme-visage-multi-action\\\/#breadcrumb\"},\"inLanguage\":\"fr-FR\",\"potentialAction\":[{\"@type\":\"ReadAction\",\"target\":[\"https:\\\/\\\/bacanaskincare.com\\\/fr\\\/product\\\/creme-visage-multi-action\\\/\"]}]},{\"@type\":\"ImageObject\",\"inLanguage\":\"fr-FR\",\"@id\":\"https:\\\/\\\/bacanaskincare.com\\\/fr\\\/product\\\/creme-visage-multi-action\\\/#primaryimage\",\"url\":\"https:\\\/\\\/bacanaskincare.com\\\/wp-content\\\/uploads\\\/2019\\\/10\\\/Moisturizing-Cream.jpg\",\"contentUrl\":\"https:\\\/\\\/bacanaskincare.com\\\/wp-content\\\/uploads\\\/2019\\\/10\\\/Moisturizing-Cream.jpg\",\"width\":1050,\"height\":1050},{\"@type\":\"BreadcrumbList\",\"@id\":\"https:\\\/\\\/bacanaskincare.com\\\/fr\\\/product\\\/creme-visage-multi-action\\\/#breadcrumb\",\"itemListElement\":[{\"@type\":\"ListItem\",\"position\":1,\"name\":\"Shop\",\"item\":\"https:\\\/\\\/bacanaskincare.com\\\/fr\\\/shop\\\/\"},{\"@type\":\"ListItem\",\"position\":2,\"name\":\"Skin care\",\"item\":\"https:\\\/\\\/bacanaskincare.com\\\/fr\\\/categorie-produit\\\/skin-care-fr\\\/\"},{\"@type\":\"ListItem\",\"position\":3,\"name\":\"Cr\u00e8me Hydratante Visage (Blooming Nature Cream)\"}]},{\"@type\":\"WebSite\",\"@id\":\"https:\\\/\\\/bacanaskincare.com\\\/fr\\\/#website\",\"url\":\"https:\\\/\\\/bacanaskincare.com\\\/fr\\\/\",\"name\":\"Bacana Skincare\",\"description\":\"Natural skincare powered by tropical superfruits\",\"publisher\":{\"@id\":\"https:\\\/\\\/bacanaskincare.com\\\/fr\\\/#organization\"},\"potentialAction\":[{\"@type\":\"SearchAction\",\"target\":{\"@type\":\"EntryPoint\",\"urlTemplate\":\"https:\\\/\\\/bacanaskincare.com\\\/fr\\\/?s={search_term_string}\"},\"query-input\":{\"@type\":\"PropertyValueSpecification\",\"valueRequired\":true,\"valueName\":\"search_term_string\"}}],\"inLanguage\":\"fr-FR\"},{\"@type\":\"Organization\",\"@id\":\"https:\\\/\\\/bacanaskincare.com\\\/fr\\\/#organization\",\"name\":\"Bacana Skincare\",\"url\":\"https:\\\/\\\/bacanaskincare.com\\\/fr\\\/\",\"logo\":{\"@type\":\"ImageObject\",\"inLanguage\":\"fr-FR\",\"@id\":\"https:\\\/\\\/bacanaskincare.com\\\/fr\\\/#\\\/schema\\\/logo\\\/image\\\/\",\"url\":\"https:\\\/\\\/bacanaskincare.com\\\/wp-content\\\/uploads\\\/2019\\\/09\\\/u.png\",\"contentUrl\":\"https:\\\/\\\/bacanaskincare.com\\\/wp-content\\\/uploads\\\/2019\\\/09\\\/u.png\",\"width\":834,\"height\":226,\"caption\":\"Bacana Skincare\"},\"image\":{\"@id\":\"https:\\\/\\\/bacanaskincare.com\\\/fr\\\/#\\\/schema\\\/logo\\\/image\\\/\"},\"sameAs\":[\"https:\\\/\\\/www.facebook.com\\\/bacanaskincare-106988470647315\\\/\",\"https:\\\/\\\/www.instagram.com\\\/bacanaskincare\\\/?hl=en\",\"https:\\\/\\\/br.pinterest.com\\\/d0fd9db15f94c64465fab43d03b69a\\\/\"]}]}<\/script>\n<!-- \/ Yoast SEO plugin. -->","yoast_head_json":{"title":"Cr\u00e8me visage multi-actions de Bacana Skincare | le pouvoir des Superfruits","description":"La cr\u00e8me Blooming Nature est une cr\u00e8me visage multi-actions con\u00e7ue pour offrir un soin complet et vous aider \u00e0 maintenir une peau saine.","robots":{"index":"index","follow":"follow","max-snippet":"max-snippet:-1","max-image-preview":"max-image-preview:large","max-video-preview":"max-video-preview:-1"},"canonical":"https:\/\/bacanaskincare.com\/fr\/product\/creme-visage-multi-action\/","og_locale":"fr_FR","og_type":"article","og_title":"Cr\u00e8me visage multi-actions de Bacana Skincare | le pouvoir des Superfruits","og_description":"La cr\u00e8me Blooming Nature est une cr\u00e8me visage multi-actions con\u00e7ue pour offrir un soin complet et vous aider \u00e0 maintenir une peau saine.","og_url":"https:\/\/bacanaskincare.com\/fr\/product\/creme-visage-multi-action\/","og_site_name":"Bacana Skincare","article_publisher":"https:\/\/www.facebook.com\/bacanaskincare-106988470647315\/","article_modified_time":"2026-02-25T17:27:07+00:00","og_image":[{"width":1050,"height":1050,"url":"https:\/\/bacanaskincare.com\/wp-content\/uploads\/2019\/10\/Moisturizing-Cream.jpg","type":"image\/jpeg"}],"twitter_card":"summary_large_image","twitter_misc":{"Dur\u00e9e de lecture estim\u00e9e":"2 minutes"},"schema":{"@context":"https:\/\/schema.org","@graph":[{"@type":["WebPage","ItemPage"],"@id":"https:\/\/bacanaskincare.com\/fr\/product\/creme-visage-multi-action\/","url":"https:\/\/bacanaskincare.com\/fr\/product\/creme-visage-multi-action\/","name":"Cr\u00e8me visage multi-actions de Bacana Skincare | le pouvoir des Superfruits","isPartOf":{"@id":"https:\/\/bacanaskincare.com\/fr\/#website"},"primaryImageOfPage":{"@id":"https:\/\/bacanaskincare.com\/fr\/product\/creme-visage-multi-action\/#primaryimage"},"image":{"@id":"https:\/\/bacanaskincare.com\/fr\/product\/creme-visage-multi-action\/#primaryimage"},"thumbnailUrl":"https:\/\/bacanaskincare.com\/wp-content\/uploads\/2019\/10\/Moisturizing-Cream.jpg","datePublished":"2019-10-30T20:56:25+00:00","dateModified":"2026-02-25T17:27:07+00:00","description":"La cr\u00e8me Blooming Nature est une cr\u00e8me visage multi-actions con\u00e7ue pour offrir un soin complet et vous aider \u00e0 maintenir une peau saine.","breadcrumb":{"@id":"https:\/\/bacanaskincare.com\/fr\/product\/creme-visage-multi-action\/#breadcrumb"},"inLanguage":"fr-FR","potentialAction":[{"@type":"ReadAction","target":["https:\/\/bacanaskincare.com\/fr\/product\/creme-visage-multi-action\/"]}]},{"@type":"ImageObject","inLanguage":"fr-FR","@id":"https:\/\/bacanaskincare.com\/fr\/product\/creme-visage-multi-action\/#primaryimage","url":"https:\/\/bacanaskincare.com\/wp-content\/uploads\/2019\/10\/Moisturizing-Cream.jpg","contentUrl":"https:\/\/bacanaskincare.com\/wp-content\/uploads\/2019\/10\/Moisturizing-Cream.jpg","width":1050,"height":1050},{"@type":"BreadcrumbList","@id":"https:\/\/bacanaskincare.com\/fr\/product\/creme-visage-multi-action\/#breadcrumb","itemListElement":[{"@type":"ListItem","position":1,"name":"Shop","item":"https:\/\/bacanaskincare.com\/fr\/shop\/"},{"@type":"ListItem","position":2,"name":"Skin care","item":"https:\/\/bacanaskincare.com\/fr\/categorie-produit\/skin-care-fr\/"},{"@type":"ListItem","position":3,"name":"Cr\u00e8me Hydratante Visage (Blooming Nature Cream)"}]},{"@type":"WebSite","@id":"https:\/\/bacanaskincare.com\/fr\/#website","url":"https:\/\/bacanaskincare.com\/fr\/","name":"Bacana Skincare","description":"Natural skincare powered by tropical superfruits","publisher":{"@id":"https:\/\/bacanaskincare.com\/fr\/#organization"},"potentialAction":[{"@type":"SearchAction","target":{"@type":"EntryPoint","urlTemplate":"https:\/\/bacanaskincare.com\/fr\/?s={search_term_string}"},"query-input":{"@type":"PropertyValueSpecification","valueRequired":true,"valueName":"search_term_string"}}],"inLanguage":"fr-FR"},{"@type":"Organization","@id":"https:\/\/bacanaskincare.com\/fr\/#organization","name":"Bacana Skincare","url":"https:\/\/bacanaskincare.com\/fr\/","logo":{"@type":"ImageObject","inLanguage":"fr-FR","@id":"https:\/\/bacanaskincare.com\/fr\/#\/schema\/logo\/image\/","url":"https:\/\/bacanaskincare.com\/wp-content\/uploads\/2019\/09\/u.png","contentUrl":"https:\/\/bacanaskincare.com\/wp-content\/uploads\/2019\/09\/u.png","width":834,"height":226,"caption":"Bacana Skincare"},"image":{"@id":"https:\/\/bacanaskincare.com\/fr\/#\/schema\/logo\/image\/"},"sameAs":["https:\/\/www.facebook.com\/bacanaskincare-106988470647315\/","https:\/\/www.instagram.com\/bacanaskincare\/?hl=en","https:\/\/br.pinterest.com\/d0fd9db15f94c64465fab43d03b69a\/"]}]}},"_links":{"self":[{"href":"https:\/\/bacanaskincare.com\/fr\/wp-json\/wp\/v2\/product\/22560","targetHints":{"allow":["GET"]}}],"collection":[{"href":"https:\/\/bacanaskincare.com\/fr\/wp-json\/wp\/v2\/product"}],"about":[{"href":"https:\/\/bacanaskincare.com\/fr\/wp-json\/wp\/v2\/types\/product"}],"replies":[{"embeddable":true,"href":"https:\/\/bacanaskincare.com\/fr\/wp-json\/wp\/v2\/comments?post=22560"}],"wp:featuredmedia":[{"embeddable":true,"href":"https:\/\/bacanaskincare.com\/fr\/wp-json\/wp\/v2\/media\/26015"}],"wp:attachment":[{"href":"https:\/\/bacanaskincare.com\/fr\/wp-json\/wp\/v2\/media?parent=22560"}],"wp:term":[{"taxonomy":"product_brand","embeddable":true,"href":"https:\/\/bacanaskincare.com\/fr\/wp-json\/wp\/v2\/product_brand?post=22560"},{"taxonomy":"product_cat","embeddable":true,"href":"https:\/\/bacanaskincare.com\/fr\/wp-json\/wp\/v2\/product_cat?post=22560"},{"taxonomy":"product_tag","embeddable":true,"href":"https:\/\/bacanaskincare.com\/fr\/wp-json\/wp\/v2\/product_tag?post=22560"}],"curies":[{"name":"wp","href":"https:\/\/api.w.org\/{rel}","templated":true}]}}