{"id":22559,"date":"2020-02-13T23:53:31","date_gmt":"2020-02-13T22:53:31","guid":{"rendered":"https:\/\/bacanaskincare.com\/shop\/non%20class\u00e9\/beaume-levres-beurre-cupuacu\/"},"modified":"2026-03-12T13:31:15","modified_gmt":"2026-03-12T12:31:15","slug":"cupuacu-butter-lip-balm","status":"publish","type":"product","link":"https:\/\/bacanaskincare.com\/fr\/product\/cupuacu-butter-lip-balm\/","title":{"rendered":"Acai &#038; Cupuacu Lip &#038; Skin Balm"},"content":{"rendered":"<div class=\"wpb-content-wrapper\"><h3 class=\"p1\"><strong>LES INGR\u00c9DIENTS CL\u00c9S ET LEUR EFFICACIT\u00c9 :<\/strong><\/h3>\n<p><strong>BEURRE DE CUPUACU BIO :<\/strong> Un beurre amazonien avec un effet hydratant incroyable. Il favorise l&rsquo;\u00e9lasticit\u00e9 et la souplesse de la peau tout en stimulant la r\u00e9cup\u00e9ration de son hydratation naturelle. Notre fournisseur collabore avec les communaut\u00e9s du nord du Br\u00e9sil, o\u00f9 la production de ce beurre joue un r\u00f4le important dans le soutien des revenus des familles. Les arbres de cupua\u00e7u sont cultiv\u00e9s dans le cadre de syst\u00e8mes agroforestiers, et ce qui \u00e9tait autrefois consid\u00e9r\u00e9 comme un d\u00e9chet, les graines de cupua\u00e7u, sont aujourd&rsquo;hui transform\u00e9es en un beurre de grande valeur.<\/p>\n<p><strong>EXTRAIT ET HUILE D&rsquo;A\u00c7A\u00cf BIO :<\/strong> Originaire du Br\u00e9sil, l&rsquo;a\u00e7a\u00ef est un superfruit qui poss\u00e8de des propri\u00e9t\u00e9s anti-inflammatoires et regorge d&rsquo;antioxydants. Il combat les radicaux libres, r\u00e9duit les signes de vieillissement et aide \u00e0 gu\u00e9rir les cellules endommag\u00e9es et \u00e0 r\u00e9tablir l&rsquo;hydratation. Notre huile d&rsquo;a\u00e7a\u00ef est biologique et provient d&rsquo;un approvisionnement durable par le biais du recyclage, en collaboration avec un fournisseur qui se consacre aux pratiques du commerce \u00e9quitable et \u00e0 la pr\u00e9servation de la for\u00eat tropicale amazonienne.<\/p>\n<p><strong>HUILE DE FRUIT DE LA PASSION :<\/strong> Ses vitamines et ses acides gras aident \u00e0 prot\u00e9ger contre les dommages caus\u00e9s par le soleil, \u00e0 hydrater et \u00e0 apaiser la peau. Notre huile de fruit de la passion est press\u00e9e \u00e0 froid et provient du Br\u00e9sil. Notre fournisseur soutient les communaut\u00e9s locales, pr\u00e9serve les esp\u00e8ces et maintient la biodiversit\u00e9 dans une r\u00e9gion \u00e9cologiquement importante.<\/p>\n<p><strong>BISABOLOL:<\/strong> Composant principal de l&rsquo;huile essentielle extraite de la camomille. Il poss\u00e8de de puissantes propri\u00e9t\u00e9s anti-inflammatoires qui aident \u00e0 apaiser et \u00e0 adoucir la peau.<\/p>\n<p>[vc_separator border_width=\u00a0\u00bb2&Prime; css=\u00a0\u00bb.vc_custom_1599302829238{margin-top: 50px !important;margin-bottom: 50px !important;}\u00a0\u00bb][vc_row_inner][vc_column_inner width=\u00a0\u00bb2\/3&Prime;][vc_single_image image=\u00a0\u00bb21547&Prime; img_size=\u00a0\u00bb420*420&Prime; alignment=\u00a0\u00bbcenter\u00a0\u00bb][\/vc_column_inner][vc_column_inner width=\u00a0\u00bb1\/3&Prime;][vc_column_text css=\u00a0\u00bb.vc_custom_1599379056833{margin-top: 20px !important;}\u00a0\u00bb]L&rsquo;exp\u00e9rience de nos clients[\/vc_column_text][vc_column_text]<\/p>\n<blockquote><p>\n            <span style=\"font-size: 14pt;\">J&rsquo;ai longtemps eu les coudes secs et j&rsquo;ai commenc\u00e9 \u00e0 utiliser le baume \u00e0 l\u00e8vres Acai &amp; Cupuacu. Apr\u00e8s une semaine d&rsquo;utilisation, je pouvais d\u00e9j\u00e0 voir les r\u00e9sultats. Je l&rsquo;adore !<\/span>\n          <\/p><\/blockquote>\n<p>[\/vc_column_text][vc_column_text]<\/p>\n<p style=\"text-align: right;\">Cec\u00edlia, d&rsquo;Amsterdam<\/p>\n<p>[\/vc_column_text][\/vc_column_inner][\/vc_row_inner]<\/p>\n<\/div>","protected":false},"excerpt":{"rendered":"<blockquote>\n<h4><span style=\"font-size: 12pt; font-family: verdana, geneva, sans-serif;\">A Balm to nourish dry lips and more.<\/span><\/h4>\n<\/blockquote>\n<p>&nbsp;<\/p>\n<p>[vc_row][vc_column][vc_toggle title=\u00a0\u00bbWHAT IS IT?\u00a0\u00bb style=\u00a0\u00bbarrow\u00a0\u00bb custom_font_container=\u00a0\u00bbtag:h3|text_align:left\u00a0\u00bb custom_use_theme_fonts=\u00a0\u00bbyes\u00a0\u00bb]This multi-purpose balm not only moisturizes, repairs, and regenerates chapped lips but is also suitable for nourishing your elbows, cuticles, and feet.[\/vc_toggle][vc_toggle title=\u00a0\u00bbWHAT DOES IT DO?\u00a0\u00bb style=\u00a0\u00bbarrow\u00a0\u00bb custom_font_container=\u00a0\u00bbtag:h3|text_align:left\u00a0\u00bb custom_use_theme_fonts=\u00a0\u00bbyes\u00a0\u00bb]It contains a precious blend of Cupuacu Butter, Acai, and Passion fruit oils, and Bisabolol. It provides a rich and nourishing treatment for the skin, in addition to having an efficient anti-inflammatory and antioxidant action, as well as helping in the healing and protection of the skin.[\/vc_toggle][vc_toggle title=\u00a0\u00bbFOR WHOM?\u00a0\u00bb style=\u00a0\u00bbarrow\u00a0\u00bb custom_font_container=\u00a0\u00bbtag:h3|text_align:left\u00a0\u00bb custom_use_theme_fonts=\u00a0\u00bbyes\u00a0\u00bb]For all skin types. It can also be used anywhere to soften dry, rough areas of skin.[\/vc_toggle][vc_toggle title=\u00a0\u00bbHOW TO USE?\u00a0\u00bb style=\u00a0\u00bbarrow\u00a0\u00bb custom_font_container=\u00a0\u00bbtag:h3|text_align:left\u00a0\u00bb custom_use_theme_fonts=\u00a0\u00bbyes\u00a0\u00bb]Use this versatile product as needed for all-over nourishment and care.[\/vc_toggle][\/vc_column][\/vc_row]<strong><br \/>\n<\/strong><\/p>\n<p>Size: 15 ml<\/p>\n<p><span style=\"font-family: verdana, geneva, sans-serif;\">\u00a0<\/span><\/p>\n","protected":false},"featured_media":22055,"comment_status":"open","ping_status":"closed","template":"","meta":{"ocean_post_layout":"","ocean_both_sidebars_style":"","ocean_both_sidebars_content_width":0,"ocean_both_sidebars_sidebars_width":0,"ocean_sidebar":"0","ocean_second_sidebar":"0","ocean_disable_margins":"enable","ocean_add_body_class":"","ocean_shortcode_before_top_bar":"","ocean_shortcode_after_top_bar":"","ocean_shortcode_before_header":"","ocean_shortcode_after_header":"","ocean_has_shortcode":"","ocean_shortcode_after_title":"","ocean_shortcode_before_footer_widgets":"","ocean_shortcode_after_footer_widgets":"","ocean_shortcode_before_footer_bottom":"","ocean_shortcode_after_footer_bottom":"","ocean_display_top_bar":"default","ocean_display_header":"default","ocean_header_style":"","ocean_center_header_left_menu":"0","ocean_custom_header_template":"0","ocean_custom_logo":0,"ocean_custom_retina_logo":0,"ocean_custom_logo_max_width":0,"ocean_custom_logo_tablet_max_width":0,"ocean_custom_logo_mobile_max_width":0,"ocean_custom_logo_max_height":0,"ocean_custom_logo_tablet_max_height":0,"ocean_custom_logo_mobile_max_height":0,"ocean_header_custom_menu":"0","ocean_menu_typo_font_family":"0","ocean_menu_typo_font_subset":"","ocean_menu_typo_font_size":0,"ocean_menu_typo_font_size_tablet":0,"ocean_menu_typo_font_size_mobile":0,"ocean_menu_typo_font_size_unit":"px","ocean_menu_typo_font_weight":"","ocean_menu_typo_font_weight_tablet":"","ocean_menu_typo_font_weight_mobile":"","ocean_menu_typo_transform":"","ocean_menu_typo_transform_tablet":"","ocean_menu_typo_transform_mobile":"","ocean_menu_typo_line_height":0,"ocean_menu_typo_line_height_tablet":0,"ocean_menu_typo_line_height_mobile":0,"ocean_menu_typo_line_height_unit":"","ocean_menu_typo_spacing":0,"ocean_menu_typo_spacing_tablet":0,"ocean_menu_typo_spacing_mobile":0,"ocean_menu_typo_spacing_unit":"","ocean_menu_link_color":"","ocean_menu_link_color_hover":"","ocean_menu_link_color_active":"","ocean_menu_link_background":"","ocean_menu_link_hover_background":"","ocean_menu_link_active_background":"","ocean_menu_social_links_bg":"","ocean_menu_social_hover_links_bg":"","ocean_menu_social_links_color":"","ocean_menu_social_hover_links_color":"","ocean_disable_title":"default","ocean_disable_heading":"default","ocean_post_title":"","ocean_post_subheading":"","ocean_post_title_style":"","ocean_post_title_background_color":"","ocean_post_title_background":0,"ocean_post_title_bg_image_position":"","ocean_post_title_bg_image_attachment":"","ocean_post_title_bg_image_repeat":"","ocean_post_title_bg_image_size":"","ocean_post_title_height":0,"ocean_post_title_bg_overlay":0.5,"ocean_post_title_bg_overlay_color":"","ocean_disable_breadcrumbs":"default","ocean_breadcrumbs_color":"","ocean_breadcrumbs_separator_color":"","ocean_breadcrumbs_links_color":"","ocean_breadcrumbs_links_hover_color":"","ocean_display_footer_widgets":"default","ocean_display_footer_bottom":"default","ocean_custom_footer_template":"0","iawp_total_views":44},"product_brand":[],"product_cat":[405],"product_tag":[],"class_list":{"0":"post-22559","1":"product","2":"type-product","3":"status-publish","4":"has-post-thumbnail","6":"product_cat-skin-care-fr","8":"entry","9":"has-media","11":"first","12":"instock","13":"shipping-taxable","14":"purchasable","15":"product-type-simple","16":"has-rating","17":"has-product-nav","18":"col","19":"span_1_of_3","20":"owp-content-center","21":"item-entry","22":"owp-thumbs-layout-horizontal","23":"owp-btn-normal","24":"owp-tabs-layout-horizontal","26":"circle-sale"},"yoast_head":"<!-- This site is optimized with the Yoast SEO plugin v27.2 - https:\/\/yoast.com\/product\/yoast-seo-wordpress\/ -->\n<title>Cupuacu butter Lip Balm | Vegan &amp; Cruelty Free | Bacana Skincare<\/title>\n<meta name=\"description\" content=\"The Acai &amp; Cupuacu butter Lip Balm to nourish dry lips and more. It moisturizes, repairs and regenerates chapped lips. Suitable for lips, elbows and feet\" \/>\n<meta name=\"robots\" content=\"index, follow, max-snippet:-1, max-image-preview:large, max-video-preview:-1\" \/>\n<link rel=\"canonical\" href=\"https:\/\/bacanaskincare.com\/fr\/product\/cupuacu-butter-lip-balm\/\" \/>\n<meta property=\"og:locale\" content=\"fr_FR\" \/>\n<meta property=\"og:type\" content=\"article\" \/>\n<meta property=\"og:title\" content=\"Cupuacu butter Lip Balm | Vegan &amp; Cruelty Free | Bacana Skincare\" \/>\n<meta property=\"og:description\" content=\"The Acai &amp; Cupuacu butter Lip Balm to nourish dry lips and more. It moisturizes, repairs and regenerates chapped lips. Suitable for lips, elbows and feet\" \/>\n<meta property=\"og:url\" content=\"https:\/\/bacanaskincare.com\/fr\/product\/cupuacu-butter-lip-balm\/\" \/>\n<meta property=\"og:site_name\" content=\"Bacana Skincare\" \/>\n<meta property=\"article:publisher\" content=\"https:\/\/www.facebook.com\/bacanaskincare-106988470647315\/\" \/>\n<meta property=\"article:modified_time\" content=\"2026-03-12T12:31:15+00:00\" \/>\n<meta property=\"og:image\" content=\"https:\/\/bacanaskincare.com\/wp-content\/uploads\/2020\/02\/LB-acai-cupuacu-acai.jpg\" \/>\n\t<meta property=\"og:image:width\" content=\"1365\" \/>\n\t<meta property=\"og:image:height\" content=\"1365\" \/>\n\t<meta property=\"og:image:type\" content=\"image\/jpeg\" \/>\n<meta name=\"twitter:card\" content=\"summary_large_image\" \/>\n<meta name=\"twitter:label1\" content=\"Dur\u00e9e de lecture estim\u00e9e\" \/>\n\t<meta name=\"twitter:data1\" content=\"2 minutes\" \/>\n<script type=\"application\/ld+json\" class=\"yoast-schema-graph\">{\"@context\":\"https:\/\/schema.org\",\"@graph\":[{\"@type\":[\"WebPage\",\"ItemPage\"],\"@id\":\"https:\/\/bacanaskincare.com\/fr\/product\/cupuacu-butter-lip-balm\/\",\"url\":\"https:\/\/bacanaskincare.com\/fr\/product\/cupuacu-butter-lip-balm\/\",\"name\":\"Cupuacu butter Lip Balm | Vegan & Cruelty Free | Bacana Skincare\",\"isPartOf\":{\"@id\":\"https:\/\/bacanaskincare.com\/fr\/#website\"},\"primaryImageOfPage\":{\"@id\":\"https:\/\/bacanaskincare.com\/fr\/product\/cupuacu-butter-lip-balm\/#primaryimage\"},\"image\":{\"@id\":\"https:\/\/bacanaskincare.com\/fr\/product\/cupuacu-butter-lip-balm\/#primaryimage\"},\"thumbnailUrl\":\"https:\/\/bacanaskincare.com\/wp-content\/uploads\/2020\/02\/LB-acai-cupuacu-acai.jpg\",\"datePublished\":\"2020-02-13T22:53:31+00:00\",\"dateModified\":\"2026-03-12T12:31:15+00:00\",\"description\":\"The Acai & Cupuacu butter Lip Balm to nourish dry lips and more. It moisturizes, repairs and regenerates chapped lips. Suitable for lips, elbows and feet\",\"breadcrumb\":{\"@id\":\"https:\/\/bacanaskincare.com\/fr\/product\/cupuacu-butter-lip-balm\/#breadcrumb\"},\"inLanguage\":\"fr-FR\",\"potentialAction\":[{\"@type\":\"ReadAction\",\"target\":[\"https:\/\/bacanaskincare.com\/fr\/product\/cupuacu-butter-lip-balm\/\"]}]},{\"@type\":\"ImageObject\",\"inLanguage\":\"fr-FR\",\"@id\":\"https:\/\/bacanaskincare.com\/fr\/product\/cupuacu-butter-lip-balm\/#primaryimage\",\"url\":\"https:\/\/bacanaskincare.com\/wp-content\/uploads\/2020\/02\/LB-acai-cupuacu-acai.jpg\",\"contentUrl\":\"https:\/\/bacanaskincare.com\/wp-content\/uploads\/2020\/02\/LB-acai-cupuacu-acai.jpg\",\"width\":1365,\"height\":1365},{\"@type\":\"BreadcrumbList\",\"@id\":\"https:\/\/bacanaskincare.com\/fr\/product\/cupuacu-butter-lip-balm\/#breadcrumb\",\"itemListElement\":[{\"@type\":\"ListItem\",\"position\":1,\"name\":\"Shop\",\"item\":\"https:\/\/bacanaskincare.com\/fr\/shop\/\"},{\"@type\":\"ListItem\",\"position\":2,\"name\":\"Skin care\",\"item\":\"https:\/\/bacanaskincare.com\/fr\/categorie-produit\/skin-care-fr\/\"},{\"@type\":\"ListItem\",\"position\":3,\"name\":\"Acai &#038; Cupuacu Lip &#038; Skin Balm\"}]},{\"@type\":\"WebSite\",\"@id\":\"https:\/\/bacanaskincare.com\/fr\/#website\",\"url\":\"https:\/\/bacanaskincare.com\/fr\/\",\"name\":\"Bacana Skincare\",\"description\":\"Natural skincare powered by tropical superfruits\",\"publisher\":{\"@id\":\"https:\/\/bacanaskincare.com\/fr\/#organization\"},\"potentialAction\":[{\"@type\":\"SearchAction\",\"target\":{\"@type\":\"EntryPoint\",\"urlTemplate\":\"https:\/\/bacanaskincare.com\/fr\/?s={search_term_string}\"},\"query-input\":{\"@type\":\"PropertyValueSpecification\",\"valueRequired\":true,\"valueName\":\"search_term_string\"}}],\"inLanguage\":\"fr-FR\"},{\"@type\":\"Organization\",\"@id\":\"https:\/\/bacanaskincare.com\/fr\/#organization\",\"name\":\"Bacana Skincare\",\"url\":\"https:\/\/bacanaskincare.com\/fr\/\",\"logo\":{\"@type\":\"ImageObject\",\"inLanguage\":\"fr-FR\",\"@id\":\"https:\/\/bacanaskincare.com\/fr\/#\/schema\/logo\/image\/\",\"url\":\"https:\/\/bacanaskincare.com\/wp-content\/uploads\/2019\/09\/u.png\",\"contentUrl\":\"https:\/\/bacanaskincare.com\/wp-content\/uploads\/2019\/09\/u.png\",\"width\":834,\"height\":226,\"caption\":\"Bacana Skincare\"},\"image\":{\"@id\":\"https:\/\/bacanaskincare.com\/fr\/#\/schema\/logo\/image\/\"},\"sameAs\":[\"https:\/\/www.facebook.com\/bacanaskincare-106988470647315\/\",\"https:\/\/www.instagram.com\/bacanaskincare\/?hl=en\",\"https:\/\/br.pinterest.com\/d0fd9db15f94c64465fab43d03b69a\/\"]}]}<\/script>\n<!-- \/ Yoast SEO plugin. -->","yoast_head_json":{"title":"Cupuacu butter Lip Balm | Vegan & Cruelty Free | Bacana Skincare","description":"The Acai & Cupuacu butter Lip Balm to nourish dry lips and more. It moisturizes, repairs and regenerates chapped lips. Suitable for lips, elbows and feet","robots":{"index":"index","follow":"follow","max-snippet":"max-snippet:-1","max-image-preview":"max-image-preview:large","max-video-preview":"max-video-preview:-1"},"canonical":"https:\/\/bacanaskincare.com\/fr\/product\/cupuacu-butter-lip-balm\/","og_locale":"fr_FR","og_type":"article","og_title":"Cupuacu butter Lip Balm | Vegan & Cruelty Free | Bacana Skincare","og_description":"The Acai & Cupuacu butter Lip Balm to nourish dry lips and more. It moisturizes, repairs and regenerates chapped lips. Suitable for lips, elbows and feet","og_url":"https:\/\/bacanaskincare.com\/fr\/product\/cupuacu-butter-lip-balm\/","og_site_name":"Bacana Skincare","article_publisher":"https:\/\/www.facebook.com\/bacanaskincare-106988470647315\/","article_modified_time":"2026-03-12T12:31:15+00:00","og_image":[{"width":1365,"height":1365,"url":"https:\/\/bacanaskincare.com\/wp-content\/uploads\/2020\/02\/LB-acai-cupuacu-acai.jpg","type":"image\/jpeg"}],"twitter_card":"summary_large_image","twitter_misc":{"Dur\u00e9e de lecture estim\u00e9e":"2 minutes"},"schema":{"@context":"https:\/\/schema.org","@graph":[{"@type":["WebPage","ItemPage"],"@id":"https:\/\/bacanaskincare.com\/fr\/product\/cupuacu-butter-lip-balm\/","url":"https:\/\/bacanaskincare.com\/fr\/product\/cupuacu-butter-lip-balm\/","name":"Cupuacu butter Lip Balm | Vegan & Cruelty Free | Bacana Skincare","isPartOf":{"@id":"https:\/\/bacanaskincare.com\/fr\/#website"},"primaryImageOfPage":{"@id":"https:\/\/bacanaskincare.com\/fr\/product\/cupuacu-butter-lip-balm\/#primaryimage"},"image":{"@id":"https:\/\/bacanaskincare.com\/fr\/product\/cupuacu-butter-lip-balm\/#primaryimage"},"thumbnailUrl":"https:\/\/bacanaskincare.com\/wp-content\/uploads\/2020\/02\/LB-acai-cupuacu-acai.jpg","datePublished":"2020-02-13T22:53:31+00:00","dateModified":"2026-03-12T12:31:15+00:00","description":"The Acai & Cupuacu butter Lip Balm to nourish dry lips and more. It moisturizes, repairs and regenerates chapped lips. Suitable for lips, elbows and feet","breadcrumb":{"@id":"https:\/\/bacanaskincare.com\/fr\/product\/cupuacu-butter-lip-balm\/#breadcrumb"},"inLanguage":"fr-FR","potentialAction":[{"@type":"ReadAction","target":["https:\/\/bacanaskincare.com\/fr\/product\/cupuacu-butter-lip-balm\/"]}]},{"@type":"ImageObject","inLanguage":"fr-FR","@id":"https:\/\/bacanaskincare.com\/fr\/product\/cupuacu-butter-lip-balm\/#primaryimage","url":"https:\/\/bacanaskincare.com\/wp-content\/uploads\/2020\/02\/LB-acai-cupuacu-acai.jpg","contentUrl":"https:\/\/bacanaskincare.com\/wp-content\/uploads\/2020\/02\/LB-acai-cupuacu-acai.jpg","width":1365,"height":1365},{"@type":"BreadcrumbList","@id":"https:\/\/bacanaskincare.com\/fr\/product\/cupuacu-butter-lip-balm\/#breadcrumb","itemListElement":[{"@type":"ListItem","position":1,"name":"Shop","item":"https:\/\/bacanaskincare.com\/fr\/shop\/"},{"@type":"ListItem","position":2,"name":"Skin care","item":"https:\/\/bacanaskincare.com\/fr\/categorie-produit\/skin-care-fr\/"},{"@type":"ListItem","position":3,"name":"Acai &#038; Cupuacu Lip &#038; Skin Balm"}]},{"@type":"WebSite","@id":"https:\/\/bacanaskincare.com\/fr\/#website","url":"https:\/\/bacanaskincare.com\/fr\/","name":"Bacana Skincare","description":"Natural skincare powered by tropical superfruits","publisher":{"@id":"https:\/\/bacanaskincare.com\/fr\/#organization"},"potentialAction":[{"@type":"SearchAction","target":{"@type":"EntryPoint","urlTemplate":"https:\/\/bacanaskincare.com\/fr\/?s={search_term_string}"},"query-input":{"@type":"PropertyValueSpecification","valueRequired":true,"valueName":"search_term_string"}}],"inLanguage":"fr-FR"},{"@type":"Organization","@id":"https:\/\/bacanaskincare.com\/fr\/#organization","name":"Bacana Skincare","url":"https:\/\/bacanaskincare.com\/fr\/","logo":{"@type":"ImageObject","inLanguage":"fr-FR","@id":"https:\/\/bacanaskincare.com\/fr\/#\/schema\/logo\/image\/","url":"https:\/\/bacanaskincare.com\/wp-content\/uploads\/2019\/09\/u.png","contentUrl":"https:\/\/bacanaskincare.com\/wp-content\/uploads\/2019\/09\/u.png","width":834,"height":226,"caption":"Bacana Skincare"},"image":{"@id":"https:\/\/bacanaskincare.com\/fr\/#\/schema\/logo\/image\/"},"sameAs":["https:\/\/www.facebook.com\/bacanaskincare-106988470647315\/","https:\/\/www.instagram.com\/bacanaskincare\/?hl=en","https:\/\/br.pinterest.com\/d0fd9db15f94c64465fab43d03b69a\/"]}]}},"_links":{"self":[{"href":"https:\/\/bacanaskincare.com\/fr\/wp-json\/wp\/v2\/product\/22559","targetHints":{"allow":["GET"]}}],"collection":[{"href":"https:\/\/bacanaskincare.com\/fr\/wp-json\/wp\/v2\/product"}],"about":[{"href":"https:\/\/bacanaskincare.com\/fr\/wp-json\/wp\/v2\/types\/product"}],"replies":[{"embeddable":true,"href":"https:\/\/bacanaskincare.com\/fr\/wp-json\/wp\/v2\/comments?post=22559"}],"wp:featuredmedia":[{"embeddable":true,"href":"https:\/\/bacanaskincare.com\/fr\/wp-json\/wp\/v2\/media\/22055"}],"wp:attachment":[{"href":"https:\/\/bacanaskincare.com\/fr\/wp-json\/wp\/v2\/media?parent=22559"}],"wp:term":[{"taxonomy":"product_brand","embeddable":true,"href":"https:\/\/bacanaskincare.com\/fr\/wp-json\/wp\/v2\/product_brand?post=22559"},{"taxonomy":"product_cat","embeddable":true,"href":"https:\/\/bacanaskincare.com\/fr\/wp-json\/wp\/v2\/product_cat?post=22559"},{"taxonomy":"product_tag","embeddable":true,"href":"https:\/\/bacanaskincare.com\/fr\/wp-json\/wp\/v2\/product_tag?post=22559"}],"curies":[{"name":"wp","href":"https:\/\/api.w.org\/{rel}","templated":true}]}}