{"id":22558,"date":"2020-06-08T22:32:44","date_gmt":"2020-06-08T20:32:44","guid":{"rendered":"https:\/\/bacanaskincare.com\/shop\/non%20class\u00e9\/masque-facial-argile-rouge\/"},"modified":"2026-02-25T18:27:11","modified_gmt":"2026-02-25T17:27:11","slug":"masque-facial-argile-rouge","status":"publish","type":"product","link":"https:\/\/bacanaskincare.com\/fr\/product\/masque-facial-argile-rouge\/","title":{"rendered":"Masque Facial \u00e0 l&rsquo;Argile Rouge"},"content":{"rendered":"<h3 class=\"p1\"><strong>LES INGR\u00c9DIENTS CL\u00c9S ET LEUR EFFICACIT\u00c9 :<\/strong><\/h3>\n<h3><strong>Ingredients actifs:<\/strong><\/h3>\n<p><strong>ARGILE ROUGE BR\u00c9SILIENNE :<\/strong> cliniquement prouv\u00e9e pour am\u00e9liorer la circulation sanguine de la peau, cette argile rouge \u00e9limine les impuret\u00e9s, adoucit le volume des rides et augmente l&rsquo;\u00e9lasticit\u00e9 de la peau.<\/p>\n<p><strong>EXTRAIT DE P\u00c9PINS DE GRENADE ET HUILE DE P\u00c9PINS DE RAISIN :<\/strong> Riche en om\u00e9ga-5 et en antioxydants, il \u00e9limine les radicaux libres, qui sont un facteur de risque connu de d\u00e9gradation cellulaire et de vieillissement pr\u00e9matur\u00e9. Par ailleurs il nourrit, favorise la cicatrisation et la r\u00e9g\u00e9n\u00e9ration cellulaire.<\/p>\n<p><strong>HUILE DE FRUIT DE LA PASSION :<\/strong> Ses vitamines et ses acides gras aident \u00e0 prot\u00e9ger contre les dommages caus\u00e9s par le soleil, \u00e0 hydrater et \u00e0 apaiser la peau. Notre huile de fruit de la passion est press\u00e9e \u00e0 froid et provient du Br\u00e9sil. Notre fournisseur soutient les communaut\u00e9s locales, pr\u00e9serve les esp\u00e8ces et maintient la biodiversit\u00e9 dans une r\u00e9gion \u00e9cologiquement importante.<\/p>\n<p><strong>LES PERLES DE JOJOBA :<\/strong> 100% naturelles et biod\u00e9gradables, elles exfolient la peau en douceur, lissent les imperfections superficielles sans provoquer d&rsquo;irritation.<\/p>\n","protected":false},"excerpt":{"rendered":"<blockquote>\n<h3>Exfoliation douce pour une peau plus lisse, \u00e9clatante et revitalis\u00e9e.<\/h3>\n<\/blockquote>\n<p>[vc_row][vc_column][vc_toggle title=\u00a0\u00bbQU&rsquo;EST-CE QUE C&rsquo;EST ?\u00a0\u00bb style=\u00a0\u00bbarrow\u00a0\u00bb custom_font_container=\u00a0\u00bbtag:h3|text_align:left\u00a0\u00bb custom_use_theme_fonts=\u00a0\u00bbyes\u00a0\u00bb]Avec sa texture cr\u00e9meuse et son parfum frais d&rsquo;agrumes, ce masque \u00e0 l&rsquo;argile rouge exfolie en douceur, hydrate la peau en profondeur et \u00e9limine les toxines sans la dess\u00e9cher.[\/vc_toggle][vc_toggle title=\u00a0\u00bb\u00c0 QUOI CA SERT?\u00a0\u00bb style=\u00a0\u00bbarrow\u00a0\u00bb custom_font_container=\u00a0\u00bbtag:h3|text_align:left\u00a0\u00bb custom_use_theme_fonts=\u00a0\u00bbyes\u00a0\u00bb]Compos\u00e9 d&rsquo;argile montmorillonite br\u00e9silienne qui resserre la peau, d&rsquo;extrait de grenade antioxydant et de perles de jojoba exfoliantes, ce masque exfolie, affine et r\u00e9g\u00e9n\u00e8re la peau en douceur, la rendant radieuse et revitalis\u00e9e. L&rsquo;exfoliation r\u00e9guli\u00e8re est un \u00e9l\u00e9ment important de votre programme quotidien de soins de la peau, car elle aide l&rsquo;\u00e9piderme, la couche sup\u00e9rieure de la peau, \u00e0 se renouveler et am\u00e9liore l&rsquo;absorption des autres produits.[\/vc_toggle][vc_toggle title=\u00a0\u00bbPOUR QUI?\u00a0\u00bb style=\u00a0\u00bbarrow\u00a0\u00bb custom_font_container=\u00a0\u00bbtag:h3|text_align:left\u00a0\u00bb custom_use_theme_fonts=\u00a0\u00bbyes\u00a0\u00bb]Convient aux peaux normales, sensibles, s\u00e8ches et mixtes.[\/vc_toggle][vc_toggle title=\u00a0\u00bbCOMMENT L&rsquo;UTILISER?\u00a0\u00bb style=\u00a0\u00bbarrow\u00a0\u00bb custom_font_container=\u00a0\u00bbtag:h3|text_align:left\u00a0\u00bb custom_use_theme_fonts=\u00a0\u00bbyes\u00a0\u00bb]<\/p>\n<p>Nettoyez d&rsquo;abord votre visage, puis appliquez le masque uniform\u00e9ment. Attendez 15 \u00e0 20 minutes, puis rincez \u00e0 l&rsquo;eau en effectuant de l\u00e9gers mouvements circulaires pour exfolier. A utiliser 1 \u00e0 3 fois par semaine. Si vous avez la peau sensible ou si vous voulez \u00e9viter l&rsquo;exfoliation, appliquez le masque sur votre visage et attendez 15 \u00e0 20 minutes avant de le rincer, sans frotter.<br \/>\n\u00c9viter le contour des yeux.<\/p>\n<p>Appr\u00e9ciez l&rsquo;exp\u00e9rience de l&rsquo;application du masque avec notre <a href=\"https:\/\/bacanaskincare.com\/shop\/accessories\/face-mask-brush\/\">pinceau pour masque de visage<\/a>. Disponible seul ou dans un set sp\u00e9cial avec 5% de r\u00e9duction <a href=\"https:\/\/bacanaskincare.com\/shop\/set\/spa-time-gift-set\/\">(SPA TIME Red Clay + Face Mask Brush)<\/a>.<\/p>\n<p>D\u00e9couvrez la diff\u00e9rence avec notre masque sp\u00e9cial. Contrairement aux masques ordinaires, notre masque pour le visage ne s\u00e8che pas sur la peau et conserve une texture cr\u00e9meuse pendant toute la dur\u00e9e de son utilisation. Apr\u00e8s le lavage, vous profiterez d&rsquo;une sensation de douceur et d&rsquo;onctuosit\u00e9, apportant un soin unique \u00e0 votre peau.<\/p>\n<p>[\/vc_toggle][\/vc_column][\/vc_row]<\/p>\n<p>Volume: 50 ml<\/p>\n<p>Formule clean et ingr\u00e9dients naturels. Source d&rsquo;approvisionnement durable. Respectueux de l&rsquo;environnement. Test\u00e9 par des dermatologues. Vegan. Non test\u00e9 sur des animaux.<\/p>\n","protected":false},"featured_media":23959,"comment_status":"open","ping_status":"closed","template":"","meta":{"ocean_post_layout":"","ocean_both_sidebars_style":"","ocean_both_sidebars_content_width":0,"ocean_both_sidebars_sidebars_width":0,"ocean_sidebar":"0","ocean_second_sidebar":"0","ocean_disable_margins":"enable","ocean_add_body_class":"","ocean_shortcode_before_top_bar":"","ocean_shortcode_after_top_bar":"","ocean_shortcode_before_header":"","ocean_shortcode_after_header":"","ocean_has_shortcode":"","ocean_shortcode_after_title":"","ocean_shortcode_before_footer_widgets":"","ocean_shortcode_after_footer_widgets":"","ocean_shortcode_before_footer_bottom":"","ocean_shortcode_after_footer_bottom":"","ocean_display_top_bar":"default","ocean_display_header":"default","ocean_header_style":"","ocean_center_header_left_menu":"0","ocean_custom_header_template":"0","ocean_custom_logo":0,"ocean_custom_retina_logo":0,"ocean_custom_logo_max_width":0,"ocean_custom_logo_tablet_max_width":0,"ocean_custom_logo_mobile_max_width":0,"ocean_custom_logo_max_height":0,"ocean_custom_logo_tablet_max_height":0,"ocean_custom_logo_mobile_max_height":0,"ocean_header_custom_menu":"0","ocean_menu_typo_font_family":"0","ocean_menu_typo_font_subset":"","ocean_menu_typo_font_size":0,"ocean_menu_typo_font_size_tablet":0,"ocean_menu_typo_font_size_mobile":0,"ocean_menu_typo_font_size_unit":"px","ocean_menu_typo_font_weight":"","ocean_menu_typo_font_weight_tablet":"","ocean_menu_typo_font_weight_mobile":"","ocean_menu_typo_transform":"","ocean_menu_typo_transform_tablet":"","ocean_menu_typo_transform_mobile":"","ocean_menu_typo_line_height":0,"ocean_menu_typo_line_height_tablet":0,"ocean_menu_typo_line_height_mobile":0,"ocean_menu_typo_line_height_unit":"","ocean_menu_typo_spacing":0,"ocean_menu_typo_spacing_tablet":0,"ocean_menu_typo_spacing_mobile":0,"ocean_menu_typo_spacing_unit":"","ocean_menu_link_color":"","ocean_menu_link_color_hover":"","ocean_menu_link_color_active":"","ocean_menu_link_background":"","ocean_menu_link_hover_background":"","ocean_menu_link_active_background":"","ocean_menu_social_links_bg":"","ocean_menu_social_hover_links_bg":"","ocean_menu_social_links_color":"","ocean_menu_social_hover_links_color":"","ocean_disable_title":"default","ocean_disable_heading":"default","ocean_post_title":"","ocean_post_subheading":"","ocean_post_title_style":"","ocean_post_title_background_color":"","ocean_post_title_background":0,"ocean_post_title_bg_image_position":"","ocean_post_title_bg_image_attachment":"","ocean_post_title_bg_image_repeat":"","ocean_post_title_bg_image_size":"","ocean_post_title_height":0,"ocean_post_title_bg_overlay":0.5,"ocean_post_title_bg_overlay_color":"","ocean_disable_breadcrumbs":"default","ocean_breadcrumbs_color":"","ocean_breadcrumbs_separator_color":"","ocean_breadcrumbs_links_color":"","ocean_breadcrumbs_links_hover_color":"","ocean_display_footer_widgets":"default","ocean_display_footer_bottom":"default","ocean_custom_footer_template":"0","iawp_total_views":13},"product_brand":[],"product_cat":[405],"product_tag":[],"class_list":{"0":"post-22558","1":"product","2":"type-product","3":"status-publish","4":"has-post-thumbnail","6":"product_cat-skin-care-fr","8":"entry","9":"has-media","11":"first","12":"instock","13":"shipping-taxable","14":"purchasable","15":"product-type-simple","16":"has-rating","17":"has-product-nav","18":"col","19":"span_1_of_3","20":"owp-content-center","21":"item-entry","22":"owp-thumbs-layout-horizontal","23":"owp-btn-normal","24":"owp-tabs-layout-horizontal","26":"circle-sale"},"yoast_head":"<!-- This site is optimized with the Yoast SEO plugin v27.3 - https:\/\/yoast.com\/product\/yoast-seo-wordpress\/ -->\n<title>Masque Facial \u00e0 l&#039;Argile Rouge | Exfoliation et texture | Bacana Skincare<\/title>\n<meta name=\"description\" content=\"Lisse, hydrate et \u00e9limine les toxines sans dess\u00e9cher la peau. Le Masque Facial \u00e0 l&#039;Argile Rouge exfolie en douceur, affine et r\u00e9g\u00e9n\u00e8re tous les types de peau.\" \/>\n<meta name=\"robots\" content=\"index, follow, max-snippet:-1, max-image-preview:large, max-video-preview:-1\" \/>\n<link rel=\"canonical\" href=\"https:\/\/bacanaskincare.com\/fr\/product\/masque-facial-argile-rouge\/\" \/>\n<meta property=\"og:locale\" content=\"fr_FR\" \/>\n<meta property=\"og:type\" content=\"article\" \/>\n<meta property=\"og:title\" content=\"Masque \u00e0 l&#039;Argile Rouge de Bacana\" \/>\n<meta property=\"og:description\" content=\"Lisser, hydrater et \u00e9liminer les toxines sans dess\u00e9cher la peau ? Oui, c&#039;est possible !\" \/>\n<meta property=\"og:url\" content=\"https:\/\/bacanaskincare.com\/fr\/product\/masque-facial-argile-rouge\/\" \/>\n<meta property=\"og:site_name\" content=\"Bacana Skincare\" \/>\n<meta property=\"article:publisher\" content=\"https:\/\/www.facebook.com\/bacanaskincare-106988470647315\/\" \/>\n<meta property=\"article:modified_time\" content=\"2026-02-25T17:27:11+00:00\" \/>\n<meta property=\"og:image\" content=\"http:\/\/bacanaskincare.com\/wp-content\/uploads\/2020\/06\/A7308361-3.jpg\" \/>\n<meta name=\"twitter:card\" content=\"summary_large_image\" \/>\n<meta name=\"twitter:label1\" content=\"Dur\u00e9e de lecture estim\u00e9e\" \/>\n\t<meta name=\"twitter:data1\" content=\"1 minute\" \/>\n<script type=\"application\/ld+json\" class=\"yoast-schema-graph\">{\"@context\":\"https:\\\/\\\/schema.org\",\"@graph\":[{\"@type\":[\"WebPage\",\"ItemPage\"],\"@id\":\"https:\\\/\\\/bacanaskincare.com\\\/fr\\\/product\\\/masque-facial-argile-rouge\\\/\",\"url\":\"https:\\\/\\\/bacanaskincare.com\\\/fr\\\/product\\\/masque-facial-argile-rouge\\\/\",\"name\":\"Masque Facial \u00e0 l'Argile Rouge | Exfoliation et texture | Bacana Skincare\",\"isPartOf\":{\"@id\":\"https:\\\/\\\/bacanaskincare.com\\\/fr\\\/#website\"},\"primaryImageOfPage\":{\"@id\":\"https:\\\/\\\/bacanaskincare.com\\\/fr\\\/product\\\/masque-facial-argile-rouge\\\/#primaryimage\"},\"image\":{\"@id\":\"https:\\\/\\\/bacanaskincare.com\\\/fr\\\/product\\\/masque-facial-argile-rouge\\\/#primaryimage\"},\"thumbnailUrl\":\"https:\\\/\\\/bacanaskincare.com\\\/wp-content\\\/uploads\\\/2020\\\/06\\\/red-clay.webp\",\"datePublished\":\"2020-06-08T20:32:44+00:00\",\"dateModified\":\"2026-02-25T17:27:11+00:00\",\"description\":\"Lisse, hydrate et \u00e9limine les toxines sans dess\u00e9cher la peau. Le Masque Facial \u00e0 l'Argile Rouge exfolie en douceur, affine et r\u00e9g\u00e9n\u00e8re tous les types de peau.\",\"breadcrumb\":{\"@id\":\"https:\\\/\\\/bacanaskincare.com\\\/fr\\\/product\\\/masque-facial-argile-rouge\\\/#breadcrumb\"},\"inLanguage\":\"fr-FR\",\"potentialAction\":[{\"@type\":\"ReadAction\",\"target\":[\"https:\\\/\\\/bacanaskincare.com\\\/fr\\\/product\\\/masque-facial-argile-rouge\\\/\"]}]},{\"@type\":\"ImageObject\",\"inLanguage\":\"fr-FR\",\"@id\":\"https:\\\/\\\/bacanaskincare.com\\\/fr\\\/product\\\/masque-facial-argile-rouge\\\/#primaryimage\",\"url\":\"https:\\\/\\\/bacanaskincare.com\\\/wp-content\\\/uploads\\\/2020\\\/06\\\/red-clay.webp\",\"contentUrl\":\"https:\\\/\\\/bacanaskincare.com\\\/wp-content\\\/uploads\\\/2020\\\/06\\\/red-clay.webp\",\"width\":1024,\"height\":1024},{\"@type\":\"BreadcrumbList\",\"@id\":\"https:\\\/\\\/bacanaskincare.com\\\/fr\\\/product\\\/masque-facial-argile-rouge\\\/#breadcrumb\",\"itemListElement\":[{\"@type\":\"ListItem\",\"position\":1,\"name\":\"Shop\",\"item\":\"https:\\\/\\\/bacanaskincare.com\\\/fr\\\/shop\\\/\"},{\"@type\":\"ListItem\",\"position\":2,\"name\":\"Skin care\",\"item\":\"https:\\\/\\\/bacanaskincare.com\\\/fr\\\/categorie-produit\\\/skin-care-fr\\\/\"},{\"@type\":\"ListItem\",\"position\":3,\"name\":\"Masque Facial \u00e0 l&#8217;Argile Rouge\"}]},{\"@type\":\"WebSite\",\"@id\":\"https:\\\/\\\/bacanaskincare.com\\\/fr\\\/#website\",\"url\":\"https:\\\/\\\/bacanaskincare.com\\\/fr\\\/\",\"name\":\"Bacana Skincare\",\"description\":\"Natural skincare powered by tropical superfruits\",\"publisher\":{\"@id\":\"https:\\\/\\\/bacanaskincare.com\\\/fr\\\/#organization\"},\"potentialAction\":[{\"@type\":\"SearchAction\",\"target\":{\"@type\":\"EntryPoint\",\"urlTemplate\":\"https:\\\/\\\/bacanaskincare.com\\\/fr\\\/?s={search_term_string}\"},\"query-input\":{\"@type\":\"PropertyValueSpecification\",\"valueRequired\":true,\"valueName\":\"search_term_string\"}}],\"inLanguage\":\"fr-FR\"},{\"@type\":\"Organization\",\"@id\":\"https:\\\/\\\/bacanaskincare.com\\\/fr\\\/#organization\",\"name\":\"Bacana Skincare\",\"url\":\"https:\\\/\\\/bacanaskincare.com\\\/fr\\\/\",\"logo\":{\"@type\":\"ImageObject\",\"inLanguage\":\"fr-FR\",\"@id\":\"https:\\\/\\\/bacanaskincare.com\\\/fr\\\/#\\\/schema\\\/logo\\\/image\\\/\",\"url\":\"https:\\\/\\\/bacanaskincare.com\\\/wp-content\\\/uploads\\\/2019\\\/09\\\/u.png\",\"contentUrl\":\"https:\\\/\\\/bacanaskincare.com\\\/wp-content\\\/uploads\\\/2019\\\/09\\\/u.png\",\"width\":834,\"height\":226,\"caption\":\"Bacana Skincare\"},\"image\":{\"@id\":\"https:\\\/\\\/bacanaskincare.com\\\/fr\\\/#\\\/schema\\\/logo\\\/image\\\/\"},\"sameAs\":[\"https:\\\/\\\/www.facebook.com\\\/bacanaskincare-106988470647315\\\/\",\"https:\\\/\\\/www.instagram.com\\\/bacanaskincare\\\/?hl=en\",\"https:\\\/\\\/br.pinterest.com\\\/d0fd9db15f94c64465fab43d03b69a\\\/\"]}]}<\/script>\n<!-- \/ Yoast SEO plugin. -->","yoast_head_json":{"title":"Masque Facial \u00e0 l'Argile Rouge | Exfoliation et texture | Bacana Skincare","description":"Lisse, hydrate et \u00e9limine les toxines sans dess\u00e9cher la peau. Le Masque Facial \u00e0 l'Argile Rouge exfolie en douceur, affine et r\u00e9g\u00e9n\u00e8re tous les types de peau.","robots":{"index":"index","follow":"follow","max-snippet":"max-snippet:-1","max-image-preview":"max-image-preview:large","max-video-preview":"max-video-preview:-1"},"canonical":"https:\/\/bacanaskincare.com\/fr\/product\/masque-facial-argile-rouge\/","og_locale":"fr_FR","og_type":"article","og_title":"Masque \u00e0 l'Argile Rouge de Bacana","og_description":"Lisser, hydrater et \u00e9liminer les toxines sans dess\u00e9cher la peau ? Oui, c'est possible !","og_url":"https:\/\/bacanaskincare.com\/fr\/product\/masque-facial-argile-rouge\/","og_site_name":"Bacana Skincare","article_publisher":"https:\/\/www.facebook.com\/bacanaskincare-106988470647315\/","article_modified_time":"2026-02-25T17:27:11+00:00","og_image":[{"url":"http:\/\/bacanaskincare.com\/wp-content\/uploads\/2020\/06\/A7308361-3.jpg","type":"","width":"","height":""}],"twitter_card":"summary_large_image","twitter_misc":{"Dur\u00e9e de lecture estim\u00e9e":"1 minute"},"schema":{"@context":"https:\/\/schema.org","@graph":[{"@type":["WebPage","ItemPage"],"@id":"https:\/\/bacanaskincare.com\/fr\/product\/masque-facial-argile-rouge\/","url":"https:\/\/bacanaskincare.com\/fr\/product\/masque-facial-argile-rouge\/","name":"Masque Facial \u00e0 l'Argile Rouge | Exfoliation et texture | Bacana Skincare","isPartOf":{"@id":"https:\/\/bacanaskincare.com\/fr\/#website"},"primaryImageOfPage":{"@id":"https:\/\/bacanaskincare.com\/fr\/product\/masque-facial-argile-rouge\/#primaryimage"},"image":{"@id":"https:\/\/bacanaskincare.com\/fr\/product\/masque-facial-argile-rouge\/#primaryimage"},"thumbnailUrl":"https:\/\/bacanaskincare.com\/wp-content\/uploads\/2020\/06\/red-clay.webp","datePublished":"2020-06-08T20:32:44+00:00","dateModified":"2026-02-25T17:27:11+00:00","description":"Lisse, hydrate et \u00e9limine les toxines sans dess\u00e9cher la peau. Le Masque Facial \u00e0 l'Argile Rouge exfolie en douceur, affine et r\u00e9g\u00e9n\u00e8re tous les types de peau.","breadcrumb":{"@id":"https:\/\/bacanaskincare.com\/fr\/product\/masque-facial-argile-rouge\/#breadcrumb"},"inLanguage":"fr-FR","potentialAction":[{"@type":"ReadAction","target":["https:\/\/bacanaskincare.com\/fr\/product\/masque-facial-argile-rouge\/"]}]},{"@type":"ImageObject","inLanguage":"fr-FR","@id":"https:\/\/bacanaskincare.com\/fr\/product\/masque-facial-argile-rouge\/#primaryimage","url":"https:\/\/bacanaskincare.com\/wp-content\/uploads\/2020\/06\/red-clay.webp","contentUrl":"https:\/\/bacanaskincare.com\/wp-content\/uploads\/2020\/06\/red-clay.webp","width":1024,"height":1024},{"@type":"BreadcrumbList","@id":"https:\/\/bacanaskincare.com\/fr\/product\/masque-facial-argile-rouge\/#breadcrumb","itemListElement":[{"@type":"ListItem","position":1,"name":"Shop","item":"https:\/\/bacanaskincare.com\/fr\/shop\/"},{"@type":"ListItem","position":2,"name":"Skin care","item":"https:\/\/bacanaskincare.com\/fr\/categorie-produit\/skin-care-fr\/"},{"@type":"ListItem","position":3,"name":"Masque Facial \u00e0 l&#8217;Argile Rouge"}]},{"@type":"WebSite","@id":"https:\/\/bacanaskincare.com\/fr\/#website","url":"https:\/\/bacanaskincare.com\/fr\/","name":"Bacana Skincare","description":"Natural skincare powered by tropical superfruits","publisher":{"@id":"https:\/\/bacanaskincare.com\/fr\/#organization"},"potentialAction":[{"@type":"SearchAction","target":{"@type":"EntryPoint","urlTemplate":"https:\/\/bacanaskincare.com\/fr\/?s={search_term_string}"},"query-input":{"@type":"PropertyValueSpecification","valueRequired":true,"valueName":"search_term_string"}}],"inLanguage":"fr-FR"},{"@type":"Organization","@id":"https:\/\/bacanaskincare.com\/fr\/#organization","name":"Bacana Skincare","url":"https:\/\/bacanaskincare.com\/fr\/","logo":{"@type":"ImageObject","inLanguage":"fr-FR","@id":"https:\/\/bacanaskincare.com\/fr\/#\/schema\/logo\/image\/","url":"https:\/\/bacanaskincare.com\/wp-content\/uploads\/2019\/09\/u.png","contentUrl":"https:\/\/bacanaskincare.com\/wp-content\/uploads\/2019\/09\/u.png","width":834,"height":226,"caption":"Bacana Skincare"},"image":{"@id":"https:\/\/bacanaskincare.com\/fr\/#\/schema\/logo\/image\/"},"sameAs":["https:\/\/www.facebook.com\/bacanaskincare-106988470647315\/","https:\/\/www.instagram.com\/bacanaskincare\/?hl=en","https:\/\/br.pinterest.com\/d0fd9db15f94c64465fab43d03b69a\/"]}]}},"_links":{"self":[{"href":"https:\/\/bacanaskincare.com\/fr\/wp-json\/wp\/v2\/product\/22558","targetHints":{"allow":["GET"]}}],"collection":[{"href":"https:\/\/bacanaskincare.com\/fr\/wp-json\/wp\/v2\/product"}],"about":[{"href":"https:\/\/bacanaskincare.com\/fr\/wp-json\/wp\/v2\/types\/product"}],"replies":[{"embeddable":true,"href":"https:\/\/bacanaskincare.com\/fr\/wp-json\/wp\/v2\/comments?post=22558"}],"wp:featuredmedia":[{"embeddable":true,"href":"https:\/\/bacanaskincare.com\/fr\/wp-json\/wp\/v2\/media\/23959"}],"wp:attachment":[{"href":"https:\/\/bacanaskincare.com\/fr\/wp-json\/wp\/v2\/media?parent=22558"}],"wp:term":[{"taxonomy":"product_brand","embeddable":true,"href":"https:\/\/bacanaskincare.com\/fr\/wp-json\/wp\/v2\/product_brand?post=22558"},{"taxonomy":"product_cat","embeddable":true,"href":"https:\/\/bacanaskincare.com\/fr\/wp-json\/wp\/v2\/product_cat?post=22558"},{"taxonomy":"product_tag","embeddable":true,"href":"https:\/\/bacanaskincare.com\/fr\/wp-json\/wp\/v2\/product_tag?post=22558"}],"curies":[{"name":"wp","href":"https:\/\/api.w.org\/{rel}","templated":true}]}}