{"id":22557,"date":"2020-10-08T17:32:15","date_gmt":"2020-10-08T15:32:15","guid":{"rendered":"https:\/\/bacanaskincare.com\/shop\/non%20class\u00e9\/masque-facial-argile-verte\/"},"modified":"2025-12-02T00:11:48","modified_gmt":"2025-12-01T23:11:48","slug":"masque-facial-argile-verte","status":"publish","type":"product","link":"https:\/\/bacanaskincare.com\/fr\/product\/masque-facial-argile-verte\/","title":{"rendered":"Masque Facial \u00e0 l&rsquo;Argile Verte"},"content":{"rendered":"<h3 class=\"p1\"><strong>LES INGR\u00c9DIENTS CL\u00c9S ET LEUR EFFICACIT\u00c9 :<\/strong><\/h3>\n<p><strong>ARGILE VERTE BR\u00c9SILIENNE :<\/strong> R\u00e9gule le taux de s\u00e9bum, purifie et d\u00e9sintoxique la peau. L&rsquo;argile verte du Br\u00e9sil est un min\u00e9ral argileux important qui est extr\u00eamement efficace pour lutter contre le s\u00e9bum. Des \u00e9tudes d&rsquo;efficacit\u00e9 ont d\u00e9montr\u00e9 que la peau devient moins grasse jusqu&rsquo;\u00e0 29 % apr\u00e8s l&rsquo;application.<\/p>\n<p><strong>HUILE DE COPAIBA :<\/strong> Aide \u00e0 pr\u00e9venir et \u00e0 traiter les imperfections et r\u00e9duit les rougeurs de l&rsquo;acn\u00e9 gr\u00e2ce \u00e0 ses propri\u00e9t\u00e9s anti-inflammatoires et antiseptiques naturelles. L&rsquo;huile de copaiba provient de la r\u00e9sine d&rsquo;un arbre originaire d&rsquo;Amazonie. Contrairement \u00e0 la m\u00e9thode habituelle d&rsquo;obtention de l&rsquo;huile \u00e0 partir des graines, les arbres sont gratt\u00e9s et l&rsquo;huile de Copaiba est recueillie \u00e0 l&rsquo;\u00e9tat sauvage, ce qui permet aux arbres de rester intacts.<\/p>\n<p><strong>HUILE DE MORINGA BIO :<\/strong> Enrichie en vitamines et en acides gras om\u00e9ga, elle restaure les huiles naturelles de la peau et renforce la barri\u00e8re cutan\u00e9e.<\/p>\n<p><strong>L&rsquo;HUILE D&rsquo;ARBRE \u00c0 TH\u00c9 BIO :<\/strong> L&rsquo;huile de Melaleuca Alternifolia est connue pour purifier et calmer la peau, ainsi que pour aider \u00e0 r\u00e9duire les cicatrices d&rsquo;acn\u00e9. Elle a un effet antibact\u00e9rien sur la peau et agit donc efficacement sur les sympt\u00f4mes de l&rsquo;acn\u00e9.<\/p>\n","protected":false},"excerpt":{"rendered":"<blockquote>\n<h3>Une D\u00e9tox faciale pour une peau renouvel\u00e9e et purifi\u00e9e.<\/h3>\n<\/blockquote>\n<p>&nbsp;<\/p>\n<p>[vc_row][vc_column][vc_toggle title=\u00a0\u00bbQU&rsquo;EST-CE QUE C&rsquo;EST ?\u00a0\u00bb style=\u00a0\u00bbarrow\u00a0\u00bb custom_font_container=\u00a0\u00bbtag:h3|text_align:left\u00a0\u00bb custom_use_theme_fonts=\u00a0\u00bbyes\u00a0\u00bb]Avec sa texture cr\u00e9meuse et son parfum de menthe fra\u00eeche, ce masque \u00e0 l&rsquo;argile verte a une formule naturelle qui nettoie en profondeur. Il purifie donc la peau sans la dess\u00e9cher.[\/vc_toggle][vc_toggle title=\u00a0\u00bb\u00c0 QUOI CA SERT?\u00a0\u00bb style=\u00a0\u00bbarrow\u00a0\u00bb custom_font_container=\u00a0\u00bbtag:h3|text_align:left\u00a0\u00bb custom_use_theme_fonts=\u00a0\u00bbyes\u00a0\u00bb]Notre produit, infus\u00e9 d&rsquo;argile verte br\u00e9silienne, d&rsquo;huiles de Copaiba, de Moringa et d&rsquo;arbre \u00e0 th\u00e9, \u00e9limine efficacement les impuret\u00e9s et l&rsquo;exc\u00e8s de s\u00e9bum, d\u00e9sobstrue les pores et revitalise la peau.[\/vc_toggle] [vc_toggle title=\u00a0\u00bbPOUR QUI?\u00a0\u00bb style=\u00a0\u00bbarrow\u00a0\u00bb custom_font_container=\u00a0\u00bbtag:h3|text_align:left\u00a0\u00bb custom_use_theme_fonts=\u00a0\u00bbyes\u00a0\u00bb]Il convient aux peaux \u00e0 imperfections, \u00e0 pores dilat\u00e9s, grasses et sujettes \u00e0 l&rsquo;acn\u00e9.[\/vc_toggle][vc_toggle title=\u00a0\u00bbCOMMENT L&rsquo;UTILISER?\u00a0\u00bb style=\u00a0\u00bbarrow\u00a0\u00bb custom_font_container=\u00a0\u00bbtag:h3|text_align:left\u00a0\u00bb custom_use_theme_fonts=\u00a0\u00bbyes\u00a0\u00bb]<\/p>\n<p>Nettoyez d&rsquo;abord votre visage, puis appliquez le masque uniform\u00e9ment. Attendez 15 \u00e0 20 minutes et rincez ensuite le produit \u00e0 l&rsquo;eau.<br \/>\nUtiliser 2 \u00e0 3 fois par semaine. \u00c9viter le contour des yeux.<\/p>\n<p>Appr\u00e9ciez l&rsquo;exp\u00e9rience de l&rsquo;application du masque avec notre <a href=\"https:\/\/bacanaskincare.com\/shop\/accessories\/face-mask-brush\/\">pinceau pour masque de visage<\/a>. Disponible seul ou dans un set sp\u00e9cial avec 5% de r\u00e9duction (<a href=\"https:\/\/bacanaskincare.com\/shop\/set\/green-spa-set\/\">SPA TIME Green Clay + Face Mask Brush<\/a>).<\/p>\n<p>D\u00e9couvrez la diff\u00e9rence avec notre masque sp\u00e9cial. Contrairement aux masques ordinaires, notre masque pour le visage ne s\u00e8che pas sur la peau et conserve une texture cr\u00e9meuse pendant toute la dur\u00e9e de son utilisation. Apr\u00e8s le lavage, vous profiterez d&rsquo;une sensation de douceur et d&rsquo;onctuosit\u00e9, apportant un soin unique \u00e0 votre peau.<\/p>\n<p>[\/vc_toggle][\/vc_column][\/vc_row]<\/p>\n<p>&nbsp;<\/p>\n<p>Volume: 50 ml<\/p>\n<p>Formule clean et ingr\u00e9dients naturels. Source d&rsquo;approvisionnement durable. Respectueux de l&rsquo;environnement. Test\u00e9 par des dermatologues. Vegan. Non test\u00e9 sur des animaux.<\/p>\n<p>&nbsp;<\/p>\n","protected":false},"featured_media":22049,"comment_status":"open","ping_status":"closed","template":"","meta":{"ocean_post_layout":"","ocean_both_sidebars_style":"","ocean_both_sidebars_content_width":0,"ocean_both_sidebars_sidebars_width":0,"ocean_sidebar":"0","ocean_second_sidebar":"0","ocean_disable_margins":"enable","ocean_add_body_class":"","ocean_shortcode_before_top_bar":"","ocean_shortcode_after_top_bar":"","ocean_shortcode_before_header":"","ocean_shortcode_after_header":"","ocean_has_shortcode":"","ocean_shortcode_after_title":"","ocean_shortcode_before_footer_widgets":"","ocean_shortcode_after_footer_widgets":"","ocean_shortcode_before_footer_bottom":"","ocean_shortcode_after_footer_bottom":"","ocean_display_top_bar":"default","ocean_display_header":"default","ocean_header_style":"","ocean_center_header_left_menu":"0","ocean_custom_header_template":"0","ocean_custom_logo":0,"ocean_custom_retina_logo":0,"ocean_custom_logo_max_width":0,"ocean_custom_logo_tablet_max_width":0,"ocean_custom_logo_mobile_max_width":0,"ocean_custom_logo_max_height":0,"ocean_custom_logo_tablet_max_height":0,"ocean_custom_logo_mobile_max_height":0,"ocean_header_custom_menu":"0","ocean_menu_typo_font_family":"0","ocean_menu_typo_font_subset":"","ocean_menu_typo_font_size":0,"ocean_menu_typo_font_size_tablet":0,"ocean_menu_typo_font_size_mobile":0,"ocean_menu_typo_font_size_unit":"px","ocean_menu_typo_font_weight":"","ocean_menu_typo_font_weight_tablet":"","ocean_menu_typo_font_weight_mobile":"","ocean_menu_typo_transform":"","ocean_menu_typo_transform_tablet":"","ocean_menu_typo_transform_mobile":"","ocean_menu_typo_line_height":0,"ocean_menu_typo_line_height_tablet":0,"ocean_menu_typo_line_height_mobile":0,"ocean_menu_typo_line_height_unit":"","ocean_menu_typo_spacing":0,"ocean_menu_typo_spacing_tablet":0,"ocean_menu_typo_spacing_mobile":0,"ocean_menu_typo_spacing_unit":"","ocean_menu_link_color":"","ocean_menu_link_color_hover":"","ocean_menu_link_color_active":"","ocean_menu_link_background":"","ocean_menu_link_hover_background":"","ocean_menu_link_active_background":"","ocean_menu_social_links_bg":"","ocean_menu_social_hover_links_bg":"","ocean_menu_social_links_color":"","ocean_menu_social_hover_links_color":"","ocean_disable_title":"default","ocean_disable_heading":"default","ocean_post_title":"","ocean_post_subheading":"","ocean_post_title_style":"","ocean_post_title_background_color":"","ocean_post_title_background":0,"ocean_post_title_bg_image_position":"","ocean_post_title_bg_image_attachment":"","ocean_post_title_bg_image_repeat":"","ocean_post_title_bg_image_size":"","ocean_post_title_height":0,"ocean_post_title_bg_overlay":0.5,"ocean_post_title_bg_overlay_color":"","ocean_disable_breadcrumbs":"default","ocean_breadcrumbs_color":"","ocean_breadcrumbs_separator_color":"","ocean_breadcrumbs_links_color":"","ocean_breadcrumbs_links_hover_color":"","ocean_display_footer_widgets":"default","ocean_display_footer_bottom":"default","ocean_custom_footer_template":"0","iawp_total_views":10},"product_brand":[],"product_cat":[405],"product_tag":[],"class_list":{"0":"post-22557","1":"product","2":"type-product","3":"status-publish","4":"has-post-thumbnail","6":"product_cat-skin-care-fr","8":"entry","9":"has-media","11":"first","12":"instock","13":"shipping-taxable","14":"purchasable","15":"product-type-simple","16":"has-rating","17":"has-product-nav","18":"col","19":"span_1_of_3","20":"owp-content-center","21":"item-entry","22":"owp-thumbs-layout-horizontal","23":"owp-btn-normal","24":"owp-tabs-layout-horizontal","26":"circle-sale"},"yoast_head":"<!-- This site is optimized with the Yoast SEO plugin v27.3 - https:\/\/yoast.com\/product\/yoast-seo-wordpress\/ -->\n<title>Masque Facial \u00e0 l&#039;Argile Verte | Bacana Skincare | Cruelty free &amp; Vegan<\/title>\n<meta name=\"description\" content=\"Le Masque Facial \u00e0 l&#039;Argile Verte a une formule naturelle qui nettoie en profondeur. Il purifie donc la peau sans la dess\u00e9cher. Herbal, menthe, parfum frais.\" \/>\n<meta name=\"robots\" content=\"index, follow, max-snippet:-1, max-image-preview:large, max-video-preview:-1\" \/>\n<link rel=\"canonical\" href=\"https:\/\/bacanaskincare.com\/fr\/product\/masque-facial-argile-verte\/\" \/>\n<meta property=\"og:locale\" content=\"fr_FR\" \/>\n<meta property=\"og:type\" content=\"article\" \/>\n<meta property=\"og:title\" content=\"Masque Facial \u00e0 l&#039;Argile Verte | Bacana Skincare | Cruelty free &amp; Vegan\" \/>\n<meta property=\"og:description\" content=\"Le Masque Facial \u00e0 l&#039;Argile Verte a une formule naturelle qui nettoie en profondeur. Il purifie donc la peau sans la dess\u00e9cher. Herbal, menthe, parfum frais.\" \/>\n<meta property=\"og:url\" content=\"https:\/\/bacanaskincare.com\/fr\/product\/masque-facial-argile-verte\/\" \/>\n<meta property=\"og:site_name\" content=\"Bacana Skincare\" \/>\n<meta property=\"article:publisher\" content=\"https:\/\/www.facebook.com\/bacanaskincare-106988470647315\/\" \/>\n<meta property=\"article:modified_time\" content=\"2025-12-01T23:11:48+00:00\" \/>\n<meta property=\"og:image\" content=\"https:\/\/bacanaskincare.com\/wp-content\/uploads\/2020\/10\/green-clay-face-mask.jpg\" \/>\n\t<meta property=\"og:image:width\" content=\"1150\" \/>\n\t<meta property=\"og:image:height\" content=\"1150\" \/>\n\t<meta property=\"og:image:type\" content=\"image\/jpeg\" \/>\n<meta name=\"twitter:card\" content=\"summary_large_image\" \/>\n<meta name=\"twitter:label1\" content=\"Dur\u00e9e de lecture estim\u00e9e\" \/>\n\t<meta name=\"twitter:data1\" content=\"1 minute\" \/>\n<script type=\"application\/ld+json\" class=\"yoast-schema-graph\">{\"@context\":\"https:\\\/\\\/schema.org\",\"@graph\":[{\"@type\":[\"WebPage\",\"ItemPage\"],\"@id\":\"https:\\\/\\\/bacanaskincare.com\\\/fr\\\/product\\\/masque-facial-argile-verte\\\/\",\"url\":\"https:\\\/\\\/bacanaskincare.com\\\/fr\\\/product\\\/masque-facial-argile-verte\\\/\",\"name\":\"Masque Facial \u00e0 l'Argile Verte | Bacana Skincare | Cruelty free & Vegan\",\"isPartOf\":{\"@id\":\"https:\\\/\\\/bacanaskincare.com\\\/fr\\\/#website\"},\"primaryImageOfPage\":{\"@id\":\"https:\\\/\\\/bacanaskincare.com\\\/fr\\\/product\\\/masque-facial-argile-verte\\\/#primaryimage\"},\"image\":{\"@id\":\"https:\\\/\\\/bacanaskincare.com\\\/fr\\\/product\\\/masque-facial-argile-verte\\\/#primaryimage\"},\"thumbnailUrl\":\"https:\\\/\\\/bacanaskincare.com\\\/wp-content\\\/uploads\\\/2020\\\/10\\\/green-clay-face-mask.jpg\",\"datePublished\":\"2020-10-08T15:32:15+00:00\",\"dateModified\":\"2025-12-01T23:11:48+00:00\",\"description\":\"Le Masque Facial \u00e0 l'Argile Verte a une formule naturelle qui nettoie en profondeur. Il purifie donc la peau sans la dess\u00e9cher. Herbal, menthe, parfum frais.\",\"breadcrumb\":{\"@id\":\"https:\\\/\\\/bacanaskincare.com\\\/fr\\\/product\\\/masque-facial-argile-verte\\\/#breadcrumb\"},\"inLanguage\":\"fr-FR\",\"potentialAction\":[{\"@type\":\"ReadAction\",\"target\":[\"https:\\\/\\\/bacanaskincare.com\\\/fr\\\/product\\\/masque-facial-argile-verte\\\/\"]}]},{\"@type\":\"ImageObject\",\"inLanguage\":\"fr-FR\",\"@id\":\"https:\\\/\\\/bacanaskincare.com\\\/fr\\\/product\\\/masque-facial-argile-verte\\\/#primaryimage\",\"url\":\"https:\\\/\\\/bacanaskincare.com\\\/wp-content\\\/uploads\\\/2020\\\/10\\\/green-clay-face-mask.jpg\",\"contentUrl\":\"https:\\\/\\\/bacanaskincare.com\\\/wp-content\\\/uploads\\\/2020\\\/10\\\/green-clay-face-mask.jpg\",\"width\":1150,\"height\":1150},{\"@type\":\"BreadcrumbList\",\"@id\":\"https:\\\/\\\/bacanaskincare.com\\\/fr\\\/product\\\/masque-facial-argile-verte\\\/#breadcrumb\",\"itemListElement\":[{\"@type\":\"ListItem\",\"position\":1,\"name\":\"Shop\",\"item\":\"https:\\\/\\\/bacanaskincare.com\\\/fr\\\/shop\\\/\"},{\"@type\":\"ListItem\",\"position\":2,\"name\":\"Skin care\",\"item\":\"https:\\\/\\\/bacanaskincare.com\\\/fr\\\/categorie-produit\\\/skin-care-fr\\\/\"},{\"@type\":\"ListItem\",\"position\":3,\"name\":\"Masque Facial \u00e0 l&#8217;Argile Verte\"}]},{\"@type\":\"WebSite\",\"@id\":\"https:\\\/\\\/bacanaskincare.com\\\/fr\\\/#website\",\"url\":\"https:\\\/\\\/bacanaskincare.com\\\/fr\\\/\",\"name\":\"Bacana Skincare\",\"description\":\"Natural skincare powered by tropical superfruits\",\"publisher\":{\"@id\":\"https:\\\/\\\/bacanaskincare.com\\\/fr\\\/#organization\"},\"potentialAction\":[{\"@type\":\"SearchAction\",\"target\":{\"@type\":\"EntryPoint\",\"urlTemplate\":\"https:\\\/\\\/bacanaskincare.com\\\/fr\\\/?s={search_term_string}\"},\"query-input\":{\"@type\":\"PropertyValueSpecification\",\"valueRequired\":true,\"valueName\":\"search_term_string\"}}],\"inLanguage\":\"fr-FR\"},{\"@type\":\"Organization\",\"@id\":\"https:\\\/\\\/bacanaskincare.com\\\/fr\\\/#organization\",\"name\":\"Bacana Skincare\",\"url\":\"https:\\\/\\\/bacanaskincare.com\\\/fr\\\/\",\"logo\":{\"@type\":\"ImageObject\",\"inLanguage\":\"fr-FR\",\"@id\":\"https:\\\/\\\/bacanaskincare.com\\\/fr\\\/#\\\/schema\\\/logo\\\/image\\\/\",\"url\":\"https:\\\/\\\/bacanaskincare.com\\\/wp-content\\\/uploads\\\/2019\\\/09\\\/u.png\",\"contentUrl\":\"https:\\\/\\\/bacanaskincare.com\\\/wp-content\\\/uploads\\\/2019\\\/09\\\/u.png\",\"width\":834,\"height\":226,\"caption\":\"Bacana Skincare\"},\"image\":{\"@id\":\"https:\\\/\\\/bacanaskincare.com\\\/fr\\\/#\\\/schema\\\/logo\\\/image\\\/\"},\"sameAs\":[\"https:\\\/\\\/www.facebook.com\\\/bacanaskincare-106988470647315\\\/\",\"https:\\\/\\\/www.instagram.com\\\/bacanaskincare\\\/?hl=en\",\"https:\\\/\\\/br.pinterest.com\\\/d0fd9db15f94c64465fab43d03b69a\\\/\"]}]}<\/script>\n<!-- \/ Yoast SEO plugin. -->","yoast_head_json":{"title":"Masque Facial \u00e0 l'Argile Verte | Bacana Skincare | Cruelty free & Vegan","description":"Le Masque Facial \u00e0 l'Argile Verte a une formule naturelle qui nettoie en profondeur. Il purifie donc la peau sans la dess\u00e9cher. Herbal, menthe, parfum frais.","robots":{"index":"index","follow":"follow","max-snippet":"max-snippet:-1","max-image-preview":"max-image-preview:large","max-video-preview":"max-video-preview:-1"},"canonical":"https:\/\/bacanaskincare.com\/fr\/product\/masque-facial-argile-verte\/","og_locale":"fr_FR","og_type":"article","og_title":"Masque Facial \u00e0 l'Argile Verte | Bacana Skincare | Cruelty free & Vegan","og_description":"Le Masque Facial \u00e0 l'Argile Verte a une formule naturelle qui nettoie en profondeur. Il purifie donc la peau sans la dess\u00e9cher. Herbal, menthe, parfum frais.","og_url":"https:\/\/bacanaskincare.com\/fr\/product\/masque-facial-argile-verte\/","og_site_name":"Bacana Skincare","article_publisher":"https:\/\/www.facebook.com\/bacanaskincare-106988470647315\/","article_modified_time":"2025-12-01T23:11:48+00:00","og_image":[{"width":1150,"height":1150,"url":"https:\/\/bacanaskincare.com\/wp-content\/uploads\/2020\/10\/green-clay-face-mask.jpg","type":"image\/jpeg"}],"twitter_card":"summary_large_image","twitter_misc":{"Dur\u00e9e de lecture estim\u00e9e":"1 minute"},"schema":{"@context":"https:\/\/schema.org","@graph":[{"@type":["WebPage","ItemPage"],"@id":"https:\/\/bacanaskincare.com\/fr\/product\/masque-facial-argile-verte\/","url":"https:\/\/bacanaskincare.com\/fr\/product\/masque-facial-argile-verte\/","name":"Masque Facial \u00e0 l'Argile Verte | Bacana Skincare | Cruelty free & Vegan","isPartOf":{"@id":"https:\/\/bacanaskincare.com\/fr\/#website"},"primaryImageOfPage":{"@id":"https:\/\/bacanaskincare.com\/fr\/product\/masque-facial-argile-verte\/#primaryimage"},"image":{"@id":"https:\/\/bacanaskincare.com\/fr\/product\/masque-facial-argile-verte\/#primaryimage"},"thumbnailUrl":"https:\/\/bacanaskincare.com\/wp-content\/uploads\/2020\/10\/green-clay-face-mask.jpg","datePublished":"2020-10-08T15:32:15+00:00","dateModified":"2025-12-01T23:11:48+00:00","description":"Le Masque Facial \u00e0 l'Argile Verte a une formule naturelle qui nettoie en profondeur. Il purifie donc la peau sans la dess\u00e9cher. Herbal, menthe, parfum frais.","breadcrumb":{"@id":"https:\/\/bacanaskincare.com\/fr\/product\/masque-facial-argile-verte\/#breadcrumb"},"inLanguage":"fr-FR","potentialAction":[{"@type":"ReadAction","target":["https:\/\/bacanaskincare.com\/fr\/product\/masque-facial-argile-verte\/"]}]},{"@type":"ImageObject","inLanguage":"fr-FR","@id":"https:\/\/bacanaskincare.com\/fr\/product\/masque-facial-argile-verte\/#primaryimage","url":"https:\/\/bacanaskincare.com\/wp-content\/uploads\/2020\/10\/green-clay-face-mask.jpg","contentUrl":"https:\/\/bacanaskincare.com\/wp-content\/uploads\/2020\/10\/green-clay-face-mask.jpg","width":1150,"height":1150},{"@type":"BreadcrumbList","@id":"https:\/\/bacanaskincare.com\/fr\/product\/masque-facial-argile-verte\/#breadcrumb","itemListElement":[{"@type":"ListItem","position":1,"name":"Shop","item":"https:\/\/bacanaskincare.com\/fr\/shop\/"},{"@type":"ListItem","position":2,"name":"Skin care","item":"https:\/\/bacanaskincare.com\/fr\/categorie-produit\/skin-care-fr\/"},{"@type":"ListItem","position":3,"name":"Masque Facial \u00e0 l&#8217;Argile Verte"}]},{"@type":"WebSite","@id":"https:\/\/bacanaskincare.com\/fr\/#website","url":"https:\/\/bacanaskincare.com\/fr\/","name":"Bacana Skincare","description":"Natural skincare powered by tropical superfruits","publisher":{"@id":"https:\/\/bacanaskincare.com\/fr\/#organization"},"potentialAction":[{"@type":"SearchAction","target":{"@type":"EntryPoint","urlTemplate":"https:\/\/bacanaskincare.com\/fr\/?s={search_term_string}"},"query-input":{"@type":"PropertyValueSpecification","valueRequired":true,"valueName":"search_term_string"}}],"inLanguage":"fr-FR"},{"@type":"Organization","@id":"https:\/\/bacanaskincare.com\/fr\/#organization","name":"Bacana Skincare","url":"https:\/\/bacanaskincare.com\/fr\/","logo":{"@type":"ImageObject","inLanguage":"fr-FR","@id":"https:\/\/bacanaskincare.com\/fr\/#\/schema\/logo\/image\/","url":"https:\/\/bacanaskincare.com\/wp-content\/uploads\/2019\/09\/u.png","contentUrl":"https:\/\/bacanaskincare.com\/wp-content\/uploads\/2019\/09\/u.png","width":834,"height":226,"caption":"Bacana Skincare"},"image":{"@id":"https:\/\/bacanaskincare.com\/fr\/#\/schema\/logo\/image\/"},"sameAs":["https:\/\/www.facebook.com\/bacanaskincare-106988470647315\/","https:\/\/www.instagram.com\/bacanaskincare\/?hl=en","https:\/\/br.pinterest.com\/d0fd9db15f94c64465fab43d03b69a\/"]}]}},"_links":{"self":[{"href":"https:\/\/bacanaskincare.com\/fr\/wp-json\/wp\/v2\/product\/22557","targetHints":{"allow":["GET"]}}],"collection":[{"href":"https:\/\/bacanaskincare.com\/fr\/wp-json\/wp\/v2\/product"}],"about":[{"href":"https:\/\/bacanaskincare.com\/fr\/wp-json\/wp\/v2\/types\/product"}],"replies":[{"embeddable":true,"href":"https:\/\/bacanaskincare.com\/fr\/wp-json\/wp\/v2\/comments?post=22557"}],"wp:featuredmedia":[{"embeddable":true,"href":"https:\/\/bacanaskincare.com\/fr\/wp-json\/wp\/v2\/media\/22049"}],"wp:attachment":[{"href":"https:\/\/bacanaskincare.com\/fr\/wp-json\/wp\/v2\/media?parent=22557"}],"wp:term":[{"taxonomy":"product_brand","embeddable":true,"href":"https:\/\/bacanaskincare.com\/fr\/wp-json\/wp\/v2\/product_brand?post=22557"},{"taxonomy":"product_cat","embeddable":true,"href":"https:\/\/bacanaskincare.com\/fr\/wp-json\/wp\/v2\/product_cat?post=22557"},{"taxonomy":"product_tag","embeddable":true,"href":"https:\/\/bacanaskincare.com\/fr\/wp-json\/wp\/v2\/product_tag?post=22557"}],"curies":[{"name":"wp","href":"https:\/\/api.w.org\/{rel}","templated":true}]}}