{"id":22549,"date":"2020-11-26T10:53:22","date_gmt":"2020-11-26T09:53:22","guid":{"rendered":"https:\/\/bacanaskincare.com\/shop\/uncategorized\/set-anti-acne\/"},"modified":"2025-12-02T00:11:48","modified_gmt":"2025-12-01T23:11:48","slug":"set-anti-acne","status":"publish","type":"product","link":"https:\/\/bacanaskincare.com\/fr\/product\/set-anti-acne\/","title":{"rendered":"Set Anti-Acn\u00e9"},"content":{"rendered":"<p>Contient:<\/p>\n<p>1x <strong><a href=\"https:\/\/bacanaskincare.com\/shop\/anti-age-serum\/bakuchiol-oil-serum\/\">Bio-Retinol Oil Serum<\/a><\/strong> : Il traite l&rsquo;acn\u00e9, r\u00e9duit les rides et l&rsquo;hyperpigmentation de la peau.<\/p>\n<p><span style=\"color: #155212;\">1x <a href=\"https:\/\/bacanaskincare.com\/shop\/clean-purify-mask\/green-clay-face-mask\/\"><strong>Masque purifiant \u00e0 l&rsquo;argile verte<\/strong><\/a> :<\/span> Purifie et aide \u00e0 \u00e9liminer les impuret\u00e9s, l&rsquo;exc\u00e8s de s\u00e9bum et \u00e0 d\u00e9congestionner les pores.<\/p>\n<p><span style=\"color: #155212;\">1x <strong><a href=\"https:\/\/bacanaskincare.com\/shop\/mist-toner\/serenity-vitamin-mist-toner\/\">Serenity Vitamin Mist Toner<\/a> :<\/strong> <span style=\"color: #333333;\">Un brumisateur au pH \u00e9quilibr\u00e9 pour une peau radieuse et saine. Il aide \u00e0 r\u00e9duire l&rsquo;apparence des pores dilat\u00e9s, \u00e0 estomper l&rsquo;apparence des taches brunes, \u00e0 r\u00e9guler la production de s\u00e9bum et \u00e0 purifier la peau congestionn\u00e9e.<\/span><\/span><\/p>\n<p>&nbsp;<\/p>\n<p>Si vous souhaitez en savoir plus sur ces produits, cliquez ci-dessus sur chacun d&rsquo;entre eux.<\/p>\n<p>&nbsp;<\/p>\n","protected":false},"excerpt":{"rendered":"<blockquote><p><strong>Le set anti-acn\u00e9 parfait, en particulier pour ceux qui veulent traiter l&rsquo;acn\u00e9 et la peau grasse de mani\u00e8re naturelle.<\/strong><\/p><\/blockquote>\n<p>&nbsp;<\/p>\n<p>Ce coffret contient 3 produits pour le visage:<\/p>\n<ul>\n<li>Masque purifiant \u00e0 l&rsquo;argile verte 50 ml<\/li>\n<li>100 ml Brume Tonique Vitamine Serenity<\/li>\n<li>30 ml S\u00e9rum Bio-Retinol<\/li>\n<\/ul>\n<p>&nbsp;<\/p>\n<p><strong>COMMENT L&rsquo;UTILISER?<br \/>\n<\/strong>1. Tout d&rsquo;abord, secouez rapidement le flacon et vaporisez sur le visage et le cou apr\u00e8s avoir nettoy\u00e9 le visage. Appliquer matin et soir.<\/p>\n<p>2. S\u00e9rum au Bio-R\u00e9tinol : Appliquer 2 \u00e0 4 gouttes sur le visage deux fois par jour. Utilisez le Bio-R\u00e9tinol seul ou apr\u00e8s votre cr\u00e8me hydratante.<\/p>\n<p>3. Masque \u00e0 l&rsquo;argile verte : Appliquer le masque uniform\u00e9ment. Attendez de 15 \u00e0 20 minutes, puis retirez-le avec de l&rsquo;eau en effectuant des mouvements circulaires. Utilisez-le deux fois par semaine.<\/p>\n<p>Ce set offre la possibilit\u00e9 d&rsquo;utiliser le Bio-R\u00e9tinol avec ou sans parfum. Notre Bio-R\u00e9tinol sans parfum ne contient pas d&rsquo;huiles essentielles ajout\u00e9es ; au lieu de cela, le s\u00e9rum a un parfum naturel d\u00e9riv\u00e9 de ses ingr\u00e9dients.<\/p>\n","protected":false},"featured_media":26080,"comment_status":"open","ping_status":"closed","template":"","meta":{"ocean_post_layout":"","ocean_both_sidebars_style":"","ocean_both_sidebars_content_width":0,"ocean_both_sidebars_sidebars_width":0,"ocean_sidebar":"0","ocean_second_sidebar":"0","ocean_disable_margins":"enable","ocean_add_body_class":"","ocean_shortcode_before_top_bar":"","ocean_shortcode_after_top_bar":"","ocean_shortcode_before_header":"","ocean_shortcode_after_header":"","ocean_has_shortcode":"","ocean_shortcode_after_title":"","ocean_shortcode_before_footer_widgets":"","ocean_shortcode_after_footer_widgets":"","ocean_shortcode_before_footer_bottom":"","ocean_shortcode_after_footer_bottom":"","ocean_display_top_bar":"default","ocean_display_header":"default","ocean_header_style":"","ocean_center_header_left_menu":"0","ocean_custom_header_template":"0","ocean_custom_logo":0,"ocean_custom_retina_logo":0,"ocean_custom_logo_max_width":0,"ocean_custom_logo_tablet_max_width":0,"ocean_custom_logo_mobile_max_width":0,"ocean_custom_logo_max_height":0,"ocean_custom_logo_tablet_max_height":0,"ocean_custom_logo_mobile_max_height":0,"ocean_header_custom_menu":"0","ocean_menu_typo_font_family":"0","ocean_menu_typo_font_subset":"","ocean_menu_typo_font_size":0,"ocean_menu_typo_font_size_tablet":0,"ocean_menu_typo_font_size_mobile":0,"ocean_menu_typo_font_size_unit":"px","ocean_menu_typo_font_weight":"","ocean_menu_typo_font_weight_tablet":"","ocean_menu_typo_font_weight_mobile":"","ocean_menu_typo_transform":"","ocean_menu_typo_transform_tablet":"","ocean_menu_typo_transform_mobile":"","ocean_menu_typo_line_height":0,"ocean_menu_typo_line_height_tablet":0,"ocean_menu_typo_line_height_mobile":0,"ocean_menu_typo_line_height_unit":"","ocean_menu_typo_spacing":0,"ocean_menu_typo_spacing_tablet":0,"ocean_menu_typo_spacing_mobile":0,"ocean_menu_typo_spacing_unit":"","ocean_menu_link_color":"","ocean_menu_link_color_hover":"","ocean_menu_link_color_active":"","ocean_menu_link_background":"","ocean_menu_link_hover_background":"","ocean_menu_link_active_background":"","ocean_menu_social_links_bg":"","ocean_menu_social_hover_links_bg":"","ocean_menu_social_links_color":"","ocean_menu_social_hover_links_color":"","ocean_disable_title":"default","ocean_disable_heading":"default","ocean_post_title":"","ocean_post_subheading":"","ocean_post_title_style":"","ocean_post_title_background_color":"","ocean_post_title_background":0,"ocean_post_title_bg_image_position":"","ocean_post_title_bg_image_attachment":"","ocean_post_title_bg_image_repeat":"","ocean_post_title_bg_image_size":"","ocean_post_title_height":0,"ocean_post_title_bg_overlay":0.5,"ocean_post_title_bg_overlay_color":"","ocean_disable_breadcrumbs":"default","ocean_breadcrumbs_color":"","ocean_breadcrumbs_separator_color":"","ocean_breadcrumbs_links_color":"","ocean_breadcrumbs_links_hover_color":"","ocean_display_footer_widgets":"default","ocean_display_footer_bottom":"default","ocean_custom_footer_template":"0","iawp_total_views":5},"product_brand":[],"product_cat":[405],"product_tag":[],"class_list":{"0":"post-22549","1":"product","2":"type-product","3":"status-publish","4":"has-post-thumbnail","6":"product_cat-skin-care-fr","8":"entry","9":"has-media","11":"first","12":"instock","13":"shipping-taxable","14":"purchasable","15":"product-type-simple","16":"has-rating","17":"has-product-nav","18":"col","19":"span_1_of_3","20":"owp-content-center","21":"item-entry","22":"owp-thumbs-layout-horizontal","23":"owp-btn-normal","24":"owp-tabs-layout-horizontal","25":"has-no-thumbnails","27":"circle-sale"},"yoast_head":"<!-- This site is optimized with the Yoast SEO plugin v27.3 - https:\/\/yoast.com\/product\/yoast-seo-wordpress\/ -->\n<title>Set Anti-Acn\u00e9 - Bacana Skincare<\/title>\n<meta name=\"robots\" content=\"index, follow, max-snippet:-1, max-image-preview:large, max-video-preview:-1\" \/>\n<link rel=\"canonical\" href=\"https:\/\/bacanaskincare.com\/fr\/product\/set-anti-acne\/\" \/>\n<meta property=\"og:locale\" content=\"fr_FR\" \/>\n<meta property=\"og:type\" content=\"article\" \/>\n<meta property=\"og:title\" content=\"Set Anti-Acn\u00e9 - Bacana Skincare\" \/>\n<meta property=\"og:description\" content=\"Le set anti-acn\u00e9 parfait, en particulier pour ceux qui veulent traiter l&#039;acn\u00e9 et la peau grasse de mani\u00e8re naturelle. &nbsp; Ce coffret contient 3 produits pour le visage:  Masque purifiant \u00e0 l&#039;argile verte 50 ml  100 ml Brume Tonique Vitamine Serenity  30 ml S\u00e9rum Bio-Retinol &nbsp; COMMENT L&#039;UTILISER? 1. Tout d&#039;abord, secouez rapidement le flacon et vaporisez sur le visage et le cou apr\u00e8s avoir nettoy\u00e9 le visage. Appliquer matin et soir. 2. S\u00e9rum au Bio-R\u00e9tinol : Appliquer 2 \u00e0 4 gouttes sur le visage deux fois par jour. Utilisez le Bio-R\u00e9tinol seul ou apr\u00e8s votre cr\u00e8me hydratante. 3. Masque \u00e0 l&#039;argile verte : Appliquer le masque uniform\u00e9ment. Attendez de 15 \u00e0 20 minutes, puis retirez-le avec de l&#039;eau en effectuant des mouvements circulaires. Utilisez-le deux fois par semaine. Ce set offre la possibilit\u00e9 d&#039;utiliser le Bio-R\u00e9tinol avec ou sans parfum. Notre Bio-R\u00e9tinol sans parfum ne contient pas d&#039;huiles essentielles ajout\u00e9es ; au lieu de cela, le s\u00e9rum a un parfum naturel d\u00e9riv\u00e9 de ses ingr\u00e9dients.\" \/>\n<meta property=\"og:url\" content=\"https:\/\/bacanaskincare.com\/fr\/product\/set-anti-acne\/\" \/>\n<meta property=\"og:site_name\" content=\"Bacana Skincare\" \/>\n<meta property=\"article:publisher\" content=\"https:\/\/www.facebook.com\/bacanaskincare-106988470647315\/\" \/>\n<meta property=\"article:modified_time\" content=\"2025-12-01T23:11:48+00:00\" \/>\n<meta property=\"og:image\" content=\"https:\/\/bacanaskincare.com\/wp-content\/uploads\/2020\/11\/Anti-acne-Set.jpg\" \/>\n\t<meta property=\"og:image:width\" content=\"1050\" \/>\n\t<meta property=\"og:image:height\" content=\"1050\" \/>\n\t<meta property=\"og:image:type\" content=\"image\/jpeg\" \/>\n<meta name=\"twitter:card\" content=\"summary_large_image\" \/>\n<script type=\"application\/ld+json\" class=\"yoast-schema-graph\">{\"@context\":\"https:\\\/\\\/schema.org\",\"@graph\":[{\"@type\":[\"WebPage\",\"ItemPage\"],\"@id\":\"https:\\\/\\\/bacanaskincare.com\\\/fr\\\/product\\\/set-anti-acne\\\/\",\"url\":\"https:\\\/\\\/bacanaskincare.com\\\/fr\\\/product\\\/set-anti-acne\\\/\",\"name\":\"Set Anti-Acn\u00e9 - Bacana Skincare\",\"isPartOf\":{\"@id\":\"https:\\\/\\\/bacanaskincare.com\\\/fr\\\/#website\"},\"primaryImageOfPage\":{\"@id\":\"https:\\\/\\\/bacanaskincare.com\\\/fr\\\/product\\\/set-anti-acne\\\/#primaryimage\"},\"image\":{\"@id\":\"https:\\\/\\\/bacanaskincare.com\\\/fr\\\/product\\\/set-anti-acne\\\/#primaryimage\"},\"thumbnailUrl\":\"https:\\\/\\\/bacanaskincare.com\\\/wp-content\\\/uploads\\\/2020\\\/11\\\/Anti-acne-Set.jpg\",\"datePublished\":\"2020-11-26T09:53:22+00:00\",\"dateModified\":\"2025-12-01T23:11:48+00:00\",\"breadcrumb\":{\"@id\":\"https:\\\/\\\/bacanaskincare.com\\\/fr\\\/product\\\/set-anti-acne\\\/#breadcrumb\"},\"inLanguage\":\"fr-FR\",\"potentialAction\":[{\"@type\":\"ReadAction\",\"target\":[\"https:\\\/\\\/bacanaskincare.com\\\/fr\\\/product\\\/set-anti-acne\\\/\"]}]},{\"@type\":\"ImageObject\",\"inLanguage\":\"fr-FR\",\"@id\":\"https:\\\/\\\/bacanaskincare.com\\\/fr\\\/product\\\/set-anti-acne\\\/#primaryimage\",\"url\":\"https:\\\/\\\/bacanaskincare.com\\\/wp-content\\\/uploads\\\/2020\\\/11\\\/Anti-acne-Set.jpg\",\"contentUrl\":\"https:\\\/\\\/bacanaskincare.com\\\/wp-content\\\/uploads\\\/2020\\\/11\\\/Anti-acne-Set.jpg\",\"width\":1050,\"height\":1050},{\"@type\":\"BreadcrumbList\",\"@id\":\"https:\\\/\\\/bacanaskincare.com\\\/fr\\\/product\\\/set-anti-acne\\\/#breadcrumb\",\"itemListElement\":[{\"@type\":\"ListItem\",\"position\":1,\"name\":\"Shop\",\"item\":\"https:\\\/\\\/bacanaskincare.com\\\/fr\\\/shop\\\/\"},{\"@type\":\"ListItem\",\"position\":2,\"name\":\"Skin care\",\"item\":\"https:\\\/\\\/bacanaskincare.com\\\/fr\\\/categorie-produit\\\/skin-care-fr\\\/\"},{\"@type\":\"ListItem\",\"position\":3,\"name\":\"Set Anti-Acn\u00e9\"}]},{\"@type\":\"WebSite\",\"@id\":\"https:\\\/\\\/bacanaskincare.com\\\/fr\\\/#website\",\"url\":\"https:\\\/\\\/bacanaskincare.com\\\/fr\\\/\",\"name\":\"Bacana Skincare\",\"description\":\"Natural skincare powered by tropical superfruits\",\"publisher\":{\"@id\":\"https:\\\/\\\/bacanaskincare.com\\\/fr\\\/#organization\"},\"potentialAction\":[{\"@type\":\"SearchAction\",\"target\":{\"@type\":\"EntryPoint\",\"urlTemplate\":\"https:\\\/\\\/bacanaskincare.com\\\/fr\\\/?s={search_term_string}\"},\"query-input\":{\"@type\":\"PropertyValueSpecification\",\"valueRequired\":true,\"valueName\":\"search_term_string\"}}],\"inLanguage\":\"fr-FR\"},{\"@type\":\"Organization\",\"@id\":\"https:\\\/\\\/bacanaskincare.com\\\/fr\\\/#organization\",\"name\":\"Bacana Skincare\",\"url\":\"https:\\\/\\\/bacanaskincare.com\\\/fr\\\/\",\"logo\":{\"@type\":\"ImageObject\",\"inLanguage\":\"fr-FR\",\"@id\":\"https:\\\/\\\/bacanaskincare.com\\\/fr\\\/#\\\/schema\\\/logo\\\/image\\\/\",\"url\":\"https:\\\/\\\/bacanaskincare.com\\\/wp-content\\\/uploads\\\/2019\\\/09\\\/u.png\",\"contentUrl\":\"https:\\\/\\\/bacanaskincare.com\\\/wp-content\\\/uploads\\\/2019\\\/09\\\/u.png\",\"width\":834,\"height\":226,\"caption\":\"Bacana Skincare\"},\"image\":{\"@id\":\"https:\\\/\\\/bacanaskincare.com\\\/fr\\\/#\\\/schema\\\/logo\\\/image\\\/\"},\"sameAs\":[\"https:\\\/\\\/www.facebook.com\\\/bacanaskincare-106988470647315\\\/\",\"https:\\\/\\\/www.instagram.com\\\/bacanaskincare\\\/?hl=en\",\"https:\\\/\\\/br.pinterest.com\\\/d0fd9db15f94c64465fab43d03b69a\\\/\"]}]}<\/script>\n<!-- \/ Yoast SEO plugin. -->","yoast_head_json":{"title":"Set Anti-Acn\u00e9 - Bacana Skincare","robots":{"index":"index","follow":"follow","max-snippet":"max-snippet:-1","max-image-preview":"max-image-preview:large","max-video-preview":"max-video-preview:-1"},"canonical":"https:\/\/bacanaskincare.com\/fr\/product\/set-anti-acne\/","og_locale":"fr_FR","og_type":"article","og_title":"Set Anti-Acn\u00e9 - Bacana Skincare","og_description":"Le set anti-acn\u00e9 parfait, en particulier pour ceux qui veulent traiter l'acn\u00e9 et la peau grasse de mani\u00e8re naturelle. &nbsp; Ce coffret contient 3 produits pour le visage:  Masque purifiant \u00e0 l'argile verte 50 ml  100 ml Brume Tonique Vitamine Serenity  30 ml S\u00e9rum Bio-Retinol &nbsp; COMMENT L'UTILISER? 1. Tout d'abord, secouez rapidement le flacon et vaporisez sur le visage et le cou apr\u00e8s avoir nettoy\u00e9 le visage. Appliquer matin et soir. 2. S\u00e9rum au Bio-R\u00e9tinol : Appliquer 2 \u00e0 4 gouttes sur le visage deux fois par jour. Utilisez le Bio-R\u00e9tinol seul ou apr\u00e8s votre cr\u00e8me hydratante. 3. Masque \u00e0 l'argile verte : Appliquer le masque uniform\u00e9ment. Attendez de 15 \u00e0 20 minutes, puis retirez-le avec de l'eau en effectuant des mouvements circulaires. Utilisez-le deux fois par semaine. Ce set offre la possibilit\u00e9 d'utiliser le Bio-R\u00e9tinol avec ou sans parfum. Notre Bio-R\u00e9tinol sans parfum ne contient pas d'huiles essentielles ajout\u00e9es ; au lieu de cela, le s\u00e9rum a un parfum naturel d\u00e9riv\u00e9 de ses ingr\u00e9dients.","og_url":"https:\/\/bacanaskincare.com\/fr\/product\/set-anti-acne\/","og_site_name":"Bacana Skincare","article_publisher":"https:\/\/www.facebook.com\/bacanaskincare-106988470647315\/","article_modified_time":"2025-12-01T23:11:48+00:00","og_image":[{"width":1050,"height":1050,"url":"https:\/\/bacanaskincare.com\/wp-content\/uploads\/2020\/11\/Anti-acne-Set.jpg","type":"image\/jpeg"}],"twitter_card":"summary_large_image","schema":{"@context":"https:\/\/schema.org","@graph":[{"@type":["WebPage","ItemPage"],"@id":"https:\/\/bacanaskincare.com\/fr\/product\/set-anti-acne\/","url":"https:\/\/bacanaskincare.com\/fr\/product\/set-anti-acne\/","name":"Set Anti-Acn\u00e9 - Bacana Skincare","isPartOf":{"@id":"https:\/\/bacanaskincare.com\/fr\/#website"},"primaryImageOfPage":{"@id":"https:\/\/bacanaskincare.com\/fr\/product\/set-anti-acne\/#primaryimage"},"image":{"@id":"https:\/\/bacanaskincare.com\/fr\/product\/set-anti-acne\/#primaryimage"},"thumbnailUrl":"https:\/\/bacanaskincare.com\/wp-content\/uploads\/2020\/11\/Anti-acne-Set.jpg","datePublished":"2020-11-26T09:53:22+00:00","dateModified":"2025-12-01T23:11:48+00:00","breadcrumb":{"@id":"https:\/\/bacanaskincare.com\/fr\/product\/set-anti-acne\/#breadcrumb"},"inLanguage":"fr-FR","potentialAction":[{"@type":"ReadAction","target":["https:\/\/bacanaskincare.com\/fr\/product\/set-anti-acne\/"]}]},{"@type":"ImageObject","inLanguage":"fr-FR","@id":"https:\/\/bacanaskincare.com\/fr\/product\/set-anti-acne\/#primaryimage","url":"https:\/\/bacanaskincare.com\/wp-content\/uploads\/2020\/11\/Anti-acne-Set.jpg","contentUrl":"https:\/\/bacanaskincare.com\/wp-content\/uploads\/2020\/11\/Anti-acne-Set.jpg","width":1050,"height":1050},{"@type":"BreadcrumbList","@id":"https:\/\/bacanaskincare.com\/fr\/product\/set-anti-acne\/#breadcrumb","itemListElement":[{"@type":"ListItem","position":1,"name":"Shop","item":"https:\/\/bacanaskincare.com\/fr\/shop\/"},{"@type":"ListItem","position":2,"name":"Skin care","item":"https:\/\/bacanaskincare.com\/fr\/categorie-produit\/skin-care-fr\/"},{"@type":"ListItem","position":3,"name":"Set Anti-Acn\u00e9"}]},{"@type":"WebSite","@id":"https:\/\/bacanaskincare.com\/fr\/#website","url":"https:\/\/bacanaskincare.com\/fr\/","name":"Bacana Skincare","description":"Natural skincare powered by tropical superfruits","publisher":{"@id":"https:\/\/bacanaskincare.com\/fr\/#organization"},"potentialAction":[{"@type":"SearchAction","target":{"@type":"EntryPoint","urlTemplate":"https:\/\/bacanaskincare.com\/fr\/?s={search_term_string}"},"query-input":{"@type":"PropertyValueSpecification","valueRequired":true,"valueName":"search_term_string"}}],"inLanguage":"fr-FR"},{"@type":"Organization","@id":"https:\/\/bacanaskincare.com\/fr\/#organization","name":"Bacana Skincare","url":"https:\/\/bacanaskincare.com\/fr\/","logo":{"@type":"ImageObject","inLanguage":"fr-FR","@id":"https:\/\/bacanaskincare.com\/fr\/#\/schema\/logo\/image\/","url":"https:\/\/bacanaskincare.com\/wp-content\/uploads\/2019\/09\/u.png","contentUrl":"https:\/\/bacanaskincare.com\/wp-content\/uploads\/2019\/09\/u.png","width":834,"height":226,"caption":"Bacana Skincare"},"image":{"@id":"https:\/\/bacanaskincare.com\/fr\/#\/schema\/logo\/image\/"},"sameAs":["https:\/\/www.facebook.com\/bacanaskincare-106988470647315\/","https:\/\/www.instagram.com\/bacanaskincare\/?hl=en","https:\/\/br.pinterest.com\/d0fd9db15f94c64465fab43d03b69a\/"]}]}},"_links":{"self":[{"href":"https:\/\/bacanaskincare.com\/fr\/wp-json\/wp\/v2\/product\/22549","targetHints":{"allow":["GET"]}}],"collection":[{"href":"https:\/\/bacanaskincare.com\/fr\/wp-json\/wp\/v2\/product"}],"about":[{"href":"https:\/\/bacanaskincare.com\/fr\/wp-json\/wp\/v2\/types\/product"}],"replies":[{"embeddable":true,"href":"https:\/\/bacanaskincare.com\/fr\/wp-json\/wp\/v2\/comments?post=22549"}],"wp:featuredmedia":[{"embeddable":true,"href":"https:\/\/bacanaskincare.com\/fr\/wp-json\/wp\/v2\/media\/26080"}],"wp:attachment":[{"href":"https:\/\/bacanaskincare.com\/fr\/wp-json\/wp\/v2\/media?parent=22549"}],"wp:term":[{"taxonomy":"product_brand","embeddable":true,"href":"https:\/\/bacanaskincare.com\/fr\/wp-json\/wp\/v2\/product_brand?post=22549"},{"taxonomy":"product_cat","embeddable":true,"href":"https:\/\/bacanaskincare.com\/fr\/wp-json\/wp\/v2\/product_cat?post=22549"},{"taxonomy":"product_tag","embeddable":true,"href":"https:\/\/bacanaskincare.com\/fr\/wp-json\/wp\/v2\/product_tag?post=22549"}],"curies":[{"name":"wp","href":"https:\/\/api.w.org\/{rel}","templated":true}]}}