{"id":22548,"date":"2020-11-26T10:52:31","date_gmt":"2020-11-26T09:52:31","guid":{"rendered":"https:\/\/bacanaskincare.com\/shop\/uncategorized\/set-moment-spa\/"},"modified":"2025-12-22T20:13:45","modified_gmt":"2025-12-22T19:13:45","slug":"set-moment-spa","status":"publish","type":"product","link":"https:\/\/bacanaskincare.com\/fr\/product\/set-moment-spa\/","title":{"rendered":"Set Moment SPA &#8211; Argile Rouge"},"content":{"rendered":"<p>Masque facial exfoliant et retexturant \u00e0 l&rsquo;argile rouge 50 ml<\/p>\n<p>Pinceau applicateur &#8211; le manche est en bois et les poils sont synth\u00e9tiques.<\/p>\n","protected":false},"excerpt":{"rendered":"<blockquote><p><strong>Ce coffret est \u00e0 la fois simple et charmant. Il vous offre l&rsquo;exp\u00e9rience d&rsquo;un spa et vous emm\u00e8ne au paradis.<\/strong><\/p><\/blockquote>\n<p>&nbsp;<\/p>\n<p><strong>QU&rsquo;Y A-T-IL \u00c0 L&rsquo;INT\u00c9RIEUR ?<\/strong><\/p>\n<p><span style=\"color: #155212;\">1x <a href=\"https:\/\/bacanaskincare.com\/shop\/face-mask\/red-clay-face-mask\/\">Masque exfoliant et retexturant \u00e0 l&rsquo;argile rouge (50ml)<\/a>:<\/span> It gently cleans while refining skin&rsquo;s texture. Votre peau devient plus lisse, lumineuse et rafra\u00eechie.<\/p>\n<p>1x Pinceau pour masque de visage &#8211; Notre pinceau pour masque personnalis\u00e9 permet une application pr\u00e9cise de nos masques de visage. Id\u00e9al pour profiter d&rsquo;un moment Bacana.<\/p>\n<p><strong>COMMENT LES UTILISER ?<\/strong><\/p>\n<p>Nettoyez d&rsquo;abord votre visage, puis appliquez le masque \u00e0 l&rsquo;aide de la brosse Bacana et vous aurez l&rsquo;impression de b\u00e9n\u00e9ficier d&rsquo;un soin \u00e0 domicile. Attendez 15 \u00e0 20 minutes, puis rincez \u00e0 l&rsquo;eau en effectuant de l\u00e9gers mouvements circulaires pour exfolier. A utiliser 1 \u00e0 3 fois par semaine. Si vous avez la peau sensible ou si vous voulez \u00e9viter l&rsquo;exfoliation, appliquez le masque sur votre visage et attendez 15 \u00e0 20 minutes avant de le rincer, sans frotter. \u00c9viter le contour des yeux.<\/p>\n","protected":false},"featured_media":23924,"comment_status":"open","ping_status":"closed","template":"","meta":{"ocean_post_layout":"","ocean_both_sidebars_style":"","ocean_both_sidebars_content_width":0,"ocean_both_sidebars_sidebars_width":0,"ocean_sidebar":"0","ocean_second_sidebar":"0","ocean_disable_margins":"enable","ocean_add_body_class":"","ocean_shortcode_before_top_bar":"","ocean_shortcode_after_top_bar":"","ocean_shortcode_before_header":"","ocean_shortcode_after_header":"","ocean_has_shortcode":"","ocean_shortcode_after_title":"","ocean_shortcode_before_footer_widgets":"","ocean_shortcode_after_footer_widgets":"","ocean_shortcode_before_footer_bottom":"","ocean_shortcode_after_footer_bottom":"","ocean_display_top_bar":"default","ocean_display_header":"default","ocean_header_style":"","ocean_center_header_left_menu":"0","ocean_custom_header_template":"0","ocean_custom_logo":0,"ocean_custom_retina_logo":0,"ocean_custom_logo_max_width":0,"ocean_custom_logo_tablet_max_width":0,"ocean_custom_logo_mobile_max_width":0,"ocean_custom_logo_max_height":0,"ocean_custom_logo_tablet_max_height":0,"ocean_custom_logo_mobile_max_height":0,"ocean_header_custom_menu":"0","ocean_menu_typo_font_family":"0","ocean_menu_typo_font_subset":"","ocean_menu_typo_font_size":0,"ocean_menu_typo_font_size_tablet":0,"ocean_menu_typo_font_size_mobile":0,"ocean_menu_typo_font_size_unit":"px","ocean_menu_typo_font_weight":"","ocean_menu_typo_font_weight_tablet":"","ocean_menu_typo_font_weight_mobile":"","ocean_menu_typo_transform":"","ocean_menu_typo_transform_tablet":"","ocean_menu_typo_transform_mobile":"","ocean_menu_typo_line_height":0,"ocean_menu_typo_line_height_tablet":0,"ocean_menu_typo_line_height_mobile":0,"ocean_menu_typo_line_height_unit":"","ocean_menu_typo_spacing":0,"ocean_menu_typo_spacing_tablet":0,"ocean_menu_typo_spacing_mobile":0,"ocean_menu_typo_spacing_unit":"","ocean_menu_link_color":"","ocean_menu_link_color_hover":"","ocean_menu_link_color_active":"","ocean_menu_link_background":"","ocean_menu_link_hover_background":"","ocean_menu_link_active_background":"","ocean_menu_social_links_bg":"","ocean_menu_social_hover_links_bg":"","ocean_menu_social_links_color":"","ocean_menu_social_hover_links_color":"","ocean_disable_title":"default","ocean_disable_heading":"default","ocean_post_title":"","ocean_post_subheading":"","ocean_post_title_style":"","ocean_post_title_background_color":"","ocean_post_title_background":0,"ocean_post_title_bg_image_position":"","ocean_post_title_bg_image_attachment":"","ocean_post_title_bg_image_repeat":"","ocean_post_title_bg_image_size":"","ocean_post_title_height":0,"ocean_post_title_bg_overlay":0.5,"ocean_post_title_bg_overlay_color":"","ocean_disable_breadcrumbs":"default","ocean_breadcrumbs_color":"","ocean_breadcrumbs_separator_color":"","ocean_breadcrumbs_links_color":"","ocean_breadcrumbs_links_hover_color":"","ocean_display_footer_widgets":"default","ocean_display_footer_bottom":"default","ocean_custom_footer_template":"0","iawp_total_views":1},"product_brand":[],"product_cat":[405],"product_tag":[],"class_list":{"0":"post-22548","1":"product","2":"type-product","3":"status-publish","4":"has-post-thumbnail","6":"product_cat-skin-care-fr","8":"entry","9":"has-media","11":"first","12":"instock","13":"shipping-taxable","14":"purchasable","15":"product-type-simple","16":"has-rating","17":"has-product-nav","18":"col","19":"span_1_of_3","20":"owp-content-center","21":"item-entry","22":"owp-thumbs-layout-horizontal","23":"owp-btn-normal","24":"owp-tabs-layout-horizontal","26":"circle-sale"},"yoast_head":"<!-- This site is optimized with the Yoast SEO plugin v27.3 - https:\/\/yoast.com\/product\/yoast-seo-wordpress\/ -->\n<title>Set Moment SPA - Argile Rouge - Bacana Skincare<\/title>\n<meta name=\"robots\" content=\"index, follow, max-snippet:-1, max-image-preview:large, max-video-preview:-1\" \/>\n<link rel=\"canonical\" href=\"https:\/\/bacanaskincare.com\/fr\/product\/set-moment-spa\/\" \/>\n<meta property=\"og:locale\" content=\"fr_FR\" \/>\n<meta property=\"og:type\" content=\"article\" \/>\n<meta property=\"og:title\" content=\"Set Moment SPA - Argile Rouge - Bacana Skincare\" \/>\n<meta property=\"og:description\" content=\"Ce coffret est \u00e0 la fois simple et charmant. Il vous offre l&#039;exp\u00e9rience d&#039;un spa et vous emm\u00e8ne au paradis. &nbsp; QU&#039;Y A-T-IL \u00c0 L&#039;INT\u00c9RIEUR ? 1x Masque exfoliant et retexturant \u00e0 l&#039;argile rouge (50ml): It gently cleans while refining skin&#039;s texture. Votre peau devient plus lisse, lumineuse et rafra\u00eechie. 1x Pinceau pour masque de visage - Notre pinceau pour masque personnalis\u00e9 permet une application pr\u00e9cise de nos masques de visage. Id\u00e9al pour profiter d&#039;un moment Bacana. COMMENT LES UTILISER ? Nettoyez d&#039;abord votre visage, puis appliquez le masque \u00e0 l&#039;aide de la brosse Bacana et vous aurez l&#039;impression de b\u00e9n\u00e9ficier d&#039;un soin \u00e0 domicile. Attendez 15 \u00e0 20 minutes, puis rincez \u00e0 l&#039;eau en effectuant de l\u00e9gers mouvements circulaires pour exfolier. A utiliser 1 \u00e0 3 fois par semaine. Si vous avez la peau sensible ou si vous voulez \u00e9viter l&#039;exfoliation, appliquez le masque sur votre visage et attendez 15 \u00e0 20 minutes avant de le rincer, sans frotter. \u00c9viter le contour des yeux.\" \/>\n<meta property=\"og:url\" content=\"https:\/\/bacanaskincare.com\/fr\/product\/set-moment-spa\/\" \/>\n<meta property=\"og:site_name\" content=\"Bacana Skincare\" \/>\n<meta property=\"article:publisher\" content=\"https:\/\/www.facebook.com\/bacanaskincare-106988470647315\/\" \/>\n<meta property=\"article:modified_time\" content=\"2025-12-22T19:13:45+00:00\" \/>\n<meta property=\"og:image\" content=\"https:\/\/bacanaskincare.com\/wp-content\/uploads\/2020\/11\/spa-time-red-clay.webp\" \/>\n\t<meta property=\"og:image:width\" content=\"1024\" \/>\n\t<meta property=\"og:image:height\" content=\"1024\" \/>\n\t<meta property=\"og:image:type\" content=\"image\/webp\" \/>\n<meta name=\"twitter:card\" content=\"summary_large_image\" \/>\n<script type=\"application\/ld+json\" class=\"yoast-schema-graph\">{\"@context\":\"https:\\\/\\\/schema.org\",\"@graph\":[{\"@type\":[\"WebPage\",\"ItemPage\"],\"@id\":\"https:\\\/\\\/bacanaskincare.com\\\/fr\\\/product\\\/set-moment-spa\\\/\",\"url\":\"https:\\\/\\\/bacanaskincare.com\\\/fr\\\/product\\\/set-moment-spa\\\/\",\"name\":\"Set Moment SPA - Argile Rouge - Bacana Skincare\",\"isPartOf\":{\"@id\":\"https:\\\/\\\/bacanaskincare.com\\\/fr\\\/#website\"},\"primaryImageOfPage\":{\"@id\":\"https:\\\/\\\/bacanaskincare.com\\\/fr\\\/product\\\/set-moment-spa\\\/#primaryimage\"},\"image\":{\"@id\":\"https:\\\/\\\/bacanaskincare.com\\\/fr\\\/product\\\/set-moment-spa\\\/#primaryimage\"},\"thumbnailUrl\":\"https:\\\/\\\/bacanaskincare.com\\\/wp-content\\\/uploads\\\/2020\\\/11\\\/spa-time-red-clay.webp\",\"datePublished\":\"2020-11-26T09:52:31+00:00\",\"dateModified\":\"2025-12-22T19:13:45+00:00\",\"breadcrumb\":{\"@id\":\"https:\\\/\\\/bacanaskincare.com\\\/fr\\\/product\\\/set-moment-spa\\\/#breadcrumb\"},\"inLanguage\":\"fr-FR\",\"potentialAction\":[{\"@type\":\"ReadAction\",\"target\":[\"https:\\\/\\\/bacanaskincare.com\\\/fr\\\/product\\\/set-moment-spa\\\/\"]}]},{\"@type\":\"ImageObject\",\"inLanguage\":\"fr-FR\",\"@id\":\"https:\\\/\\\/bacanaskincare.com\\\/fr\\\/product\\\/set-moment-spa\\\/#primaryimage\",\"url\":\"https:\\\/\\\/bacanaskincare.com\\\/wp-content\\\/uploads\\\/2020\\\/11\\\/spa-time-red-clay.webp\",\"contentUrl\":\"https:\\\/\\\/bacanaskincare.com\\\/wp-content\\\/uploads\\\/2020\\\/11\\\/spa-time-red-clay.webp\",\"width\":1024,\"height\":1024},{\"@type\":\"BreadcrumbList\",\"@id\":\"https:\\\/\\\/bacanaskincare.com\\\/fr\\\/product\\\/set-moment-spa\\\/#breadcrumb\",\"itemListElement\":[{\"@type\":\"ListItem\",\"position\":1,\"name\":\"Shop\",\"item\":\"https:\\\/\\\/bacanaskincare.com\\\/fr\\\/shop\\\/\"},{\"@type\":\"ListItem\",\"position\":2,\"name\":\"Skin care\",\"item\":\"https:\\\/\\\/bacanaskincare.com\\\/fr\\\/categorie-produit\\\/skin-care-fr\\\/\"},{\"@type\":\"ListItem\",\"position\":3,\"name\":\"Set Moment SPA &#8211; Argile Rouge\"}]},{\"@type\":\"WebSite\",\"@id\":\"https:\\\/\\\/bacanaskincare.com\\\/fr\\\/#website\",\"url\":\"https:\\\/\\\/bacanaskincare.com\\\/fr\\\/\",\"name\":\"Bacana Skincare\",\"description\":\"Natural skincare powered by tropical superfruits\",\"publisher\":{\"@id\":\"https:\\\/\\\/bacanaskincare.com\\\/fr\\\/#organization\"},\"potentialAction\":[{\"@type\":\"SearchAction\",\"target\":{\"@type\":\"EntryPoint\",\"urlTemplate\":\"https:\\\/\\\/bacanaskincare.com\\\/fr\\\/?s={search_term_string}\"},\"query-input\":{\"@type\":\"PropertyValueSpecification\",\"valueRequired\":true,\"valueName\":\"search_term_string\"}}],\"inLanguage\":\"fr-FR\"},{\"@type\":\"Organization\",\"@id\":\"https:\\\/\\\/bacanaskincare.com\\\/fr\\\/#organization\",\"name\":\"Bacana Skincare\",\"url\":\"https:\\\/\\\/bacanaskincare.com\\\/fr\\\/\",\"logo\":{\"@type\":\"ImageObject\",\"inLanguage\":\"fr-FR\",\"@id\":\"https:\\\/\\\/bacanaskincare.com\\\/fr\\\/#\\\/schema\\\/logo\\\/image\\\/\",\"url\":\"https:\\\/\\\/bacanaskincare.com\\\/wp-content\\\/uploads\\\/2019\\\/09\\\/u.png\",\"contentUrl\":\"https:\\\/\\\/bacanaskincare.com\\\/wp-content\\\/uploads\\\/2019\\\/09\\\/u.png\",\"width\":834,\"height\":226,\"caption\":\"Bacana Skincare\"},\"image\":{\"@id\":\"https:\\\/\\\/bacanaskincare.com\\\/fr\\\/#\\\/schema\\\/logo\\\/image\\\/\"},\"sameAs\":[\"https:\\\/\\\/www.facebook.com\\\/bacanaskincare-106988470647315\\\/\",\"https:\\\/\\\/www.instagram.com\\\/bacanaskincare\\\/?hl=en\",\"https:\\\/\\\/br.pinterest.com\\\/d0fd9db15f94c64465fab43d03b69a\\\/\"]}]}<\/script>\n<!-- \/ Yoast SEO plugin. -->","yoast_head_json":{"title":"Set Moment SPA - Argile Rouge - Bacana Skincare","robots":{"index":"index","follow":"follow","max-snippet":"max-snippet:-1","max-image-preview":"max-image-preview:large","max-video-preview":"max-video-preview:-1"},"canonical":"https:\/\/bacanaskincare.com\/fr\/product\/set-moment-spa\/","og_locale":"fr_FR","og_type":"article","og_title":"Set Moment SPA - Argile Rouge - Bacana Skincare","og_description":"Ce coffret est \u00e0 la fois simple et charmant. Il vous offre l'exp\u00e9rience d'un spa et vous emm\u00e8ne au paradis. &nbsp; QU'Y A-T-IL \u00c0 L'INT\u00c9RIEUR ? 1x Masque exfoliant et retexturant \u00e0 l'argile rouge (50ml): It gently cleans while refining skin's texture. Votre peau devient plus lisse, lumineuse et rafra\u00eechie. 1x Pinceau pour masque de visage - Notre pinceau pour masque personnalis\u00e9 permet une application pr\u00e9cise de nos masques de visage. Id\u00e9al pour profiter d'un moment Bacana. COMMENT LES UTILISER ? Nettoyez d'abord votre visage, puis appliquez le masque \u00e0 l'aide de la brosse Bacana et vous aurez l'impression de b\u00e9n\u00e9ficier d'un soin \u00e0 domicile. Attendez 15 \u00e0 20 minutes, puis rincez \u00e0 l'eau en effectuant de l\u00e9gers mouvements circulaires pour exfolier. A utiliser 1 \u00e0 3 fois par semaine. Si vous avez la peau sensible ou si vous voulez \u00e9viter l'exfoliation, appliquez le masque sur votre visage et attendez 15 \u00e0 20 minutes avant de le rincer, sans frotter. \u00c9viter le contour des yeux.","og_url":"https:\/\/bacanaskincare.com\/fr\/product\/set-moment-spa\/","og_site_name":"Bacana Skincare","article_publisher":"https:\/\/www.facebook.com\/bacanaskincare-106988470647315\/","article_modified_time":"2025-12-22T19:13:45+00:00","og_image":[{"width":1024,"height":1024,"url":"https:\/\/bacanaskincare.com\/wp-content\/uploads\/2020\/11\/spa-time-red-clay.webp","type":"image\/webp"}],"twitter_card":"summary_large_image","schema":{"@context":"https:\/\/schema.org","@graph":[{"@type":["WebPage","ItemPage"],"@id":"https:\/\/bacanaskincare.com\/fr\/product\/set-moment-spa\/","url":"https:\/\/bacanaskincare.com\/fr\/product\/set-moment-spa\/","name":"Set Moment SPA - Argile Rouge - Bacana Skincare","isPartOf":{"@id":"https:\/\/bacanaskincare.com\/fr\/#website"},"primaryImageOfPage":{"@id":"https:\/\/bacanaskincare.com\/fr\/product\/set-moment-spa\/#primaryimage"},"image":{"@id":"https:\/\/bacanaskincare.com\/fr\/product\/set-moment-spa\/#primaryimage"},"thumbnailUrl":"https:\/\/bacanaskincare.com\/wp-content\/uploads\/2020\/11\/spa-time-red-clay.webp","datePublished":"2020-11-26T09:52:31+00:00","dateModified":"2025-12-22T19:13:45+00:00","breadcrumb":{"@id":"https:\/\/bacanaskincare.com\/fr\/product\/set-moment-spa\/#breadcrumb"},"inLanguage":"fr-FR","potentialAction":[{"@type":"ReadAction","target":["https:\/\/bacanaskincare.com\/fr\/product\/set-moment-spa\/"]}]},{"@type":"ImageObject","inLanguage":"fr-FR","@id":"https:\/\/bacanaskincare.com\/fr\/product\/set-moment-spa\/#primaryimage","url":"https:\/\/bacanaskincare.com\/wp-content\/uploads\/2020\/11\/spa-time-red-clay.webp","contentUrl":"https:\/\/bacanaskincare.com\/wp-content\/uploads\/2020\/11\/spa-time-red-clay.webp","width":1024,"height":1024},{"@type":"BreadcrumbList","@id":"https:\/\/bacanaskincare.com\/fr\/product\/set-moment-spa\/#breadcrumb","itemListElement":[{"@type":"ListItem","position":1,"name":"Shop","item":"https:\/\/bacanaskincare.com\/fr\/shop\/"},{"@type":"ListItem","position":2,"name":"Skin care","item":"https:\/\/bacanaskincare.com\/fr\/categorie-produit\/skin-care-fr\/"},{"@type":"ListItem","position":3,"name":"Set Moment SPA &#8211; Argile Rouge"}]},{"@type":"WebSite","@id":"https:\/\/bacanaskincare.com\/fr\/#website","url":"https:\/\/bacanaskincare.com\/fr\/","name":"Bacana Skincare","description":"Natural skincare powered by tropical superfruits","publisher":{"@id":"https:\/\/bacanaskincare.com\/fr\/#organization"},"potentialAction":[{"@type":"SearchAction","target":{"@type":"EntryPoint","urlTemplate":"https:\/\/bacanaskincare.com\/fr\/?s={search_term_string}"},"query-input":{"@type":"PropertyValueSpecification","valueRequired":true,"valueName":"search_term_string"}}],"inLanguage":"fr-FR"},{"@type":"Organization","@id":"https:\/\/bacanaskincare.com\/fr\/#organization","name":"Bacana Skincare","url":"https:\/\/bacanaskincare.com\/fr\/","logo":{"@type":"ImageObject","inLanguage":"fr-FR","@id":"https:\/\/bacanaskincare.com\/fr\/#\/schema\/logo\/image\/","url":"https:\/\/bacanaskincare.com\/wp-content\/uploads\/2019\/09\/u.png","contentUrl":"https:\/\/bacanaskincare.com\/wp-content\/uploads\/2019\/09\/u.png","width":834,"height":226,"caption":"Bacana Skincare"},"image":{"@id":"https:\/\/bacanaskincare.com\/fr\/#\/schema\/logo\/image\/"},"sameAs":["https:\/\/www.facebook.com\/bacanaskincare-106988470647315\/","https:\/\/www.instagram.com\/bacanaskincare\/?hl=en","https:\/\/br.pinterest.com\/d0fd9db15f94c64465fab43d03b69a\/"]}]}},"_links":{"self":[{"href":"https:\/\/bacanaskincare.com\/fr\/wp-json\/wp\/v2\/product\/22548","targetHints":{"allow":["GET"]}}],"collection":[{"href":"https:\/\/bacanaskincare.com\/fr\/wp-json\/wp\/v2\/product"}],"about":[{"href":"https:\/\/bacanaskincare.com\/fr\/wp-json\/wp\/v2\/types\/product"}],"replies":[{"embeddable":true,"href":"https:\/\/bacanaskincare.com\/fr\/wp-json\/wp\/v2\/comments?post=22548"}],"wp:featuredmedia":[{"embeddable":true,"href":"https:\/\/bacanaskincare.com\/fr\/wp-json\/wp\/v2\/media\/23924"}],"wp:attachment":[{"href":"https:\/\/bacanaskincare.com\/fr\/wp-json\/wp\/v2\/media?parent=22548"}],"wp:term":[{"taxonomy":"product_brand","embeddable":true,"href":"https:\/\/bacanaskincare.com\/fr\/wp-json\/wp\/v2\/product_brand?post=22548"},{"taxonomy":"product_cat","embeddable":true,"href":"https:\/\/bacanaskincare.com\/fr\/wp-json\/wp\/v2\/product_cat?post=22548"},{"taxonomy":"product_tag","embeddable":true,"href":"https:\/\/bacanaskincare.com\/fr\/wp-json\/wp\/v2\/product_tag?post=22548"}],"curies":[{"name":"wp","href":"https:\/\/api.w.org\/{rel}","templated":true}]}}