{"id":22547,"date":"2020-10-27T19:53:15","date_gmt":"2020-10-27T18:53:15","guid":{"rendered":"https:\/\/bacanaskincare.com\/shop\/uncategorized\/set-soin-quotidien\/"},"modified":"2025-12-02T00:11:48","modified_gmt":"2025-12-01T23:11:48","slug":"set-soin-quotidien","status":"publish","type":"product","link":"https:\/\/bacanaskincare.com\/fr\/product\/set-soin-quotidien\/","title":{"rendered":"Set de Soins Quotidiens"},"content":{"rendered":"<p>Contient:<\/p>\n<p>1x <span style=\"color: #155212;\"><a href=\"https:\/\/bacanaskincare.com\/shop\/face-cleanser\/cleansing-cream-face-wash\/\">Cr\u00e8me Nettoyante de Visage:<\/a><\/span> \u00c9limine les impuret\u00e9s de surface et le maquillage l\u00e9ger, laissant la peau douce et lisse.<\/p>\n<p><span style=\"color: #155212;\">1x <a href=\"https:\/\/bacanaskincare.com\/shop\/mist-toner\/serenity-vitamin-mist-toner\/\">Brume Tonique Serenity Vitamin<\/a> : <span style=\"color: #333333;\">Un brumisateur au pH \u00e9quilibr\u00e9 pour une peau radieuse et saine. Revitalise et apaise la peau, tout en resserrant instantan\u00e9ment les pores et en hydratant la peau.<\/span><\/span><\/p>\n<p>1x <span style=\"color: #155212;\"><a href=\"https:\/\/bacanaskincare.com\/shop\/face-cream\/multi-action-face-cream\/\">Cr\u00e8me de Visage Blooming Nature:<\/a><\/span> Une cr\u00e8me hydratante quotidienne pour le visage qui aide \u00e0 r\u00e9duire les taches brunes et \u00e0 renforcer l&rsquo;\u00e9lasticit\u00e9 de la peau.<\/p>\n<p>&nbsp;<\/p>\n<p>Si vous souhaitez en savoir plus sur ces produits, cliquez ci-dessus sur chacun d&rsquo;entre eux.<\/p>\n<p>&nbsp;<\/p>\n<div>\n<div><\/div>\n<\/div>\n","protected":false},"excerpt":{"rendered":"<blockquote>\n<h3><span style=\"font-family: verdana, geneva, sans-serif;\">Gardez une peau jeune et \u00e9clatante gr\u00e2ce \u00e0 une routine de soins simple.<\/span><\/h3>\n<\/blockquote>\n<p>&nbsp;<\/p>\n<p><strong>QU&rsquo;EST-CE QU&rsquo;IL Y A \u00c0 L&rsquo;INT\u00c9RIEUR ?<br \/>\n<\/strong>1x Cr\u00e8me nettoyante pour le visage &#8211; 100ml<br \/>\n1x Brume Tonique Serenity Vitamin &#8211; 100ml<br \/>\n1x Cr\u00e8me de visage Blooming Nature &#8211; 50ml<strong><br \/>\n<\/strong><\/p>\n<p><strong>COMMENT L&rsquo;UTILISER ?<br \/>\n<\/strong><\/p>\n<p>1. Cr\u00e8me nettoyante pour le visage : Masser d\u00e9licatement sur la peau humide, puis rincer. Appliquer matin et soir.<\/p>\n<p>2. Serenity Vitamin Mist Toner : Tout d&rsquo;abord, secouez rapidement le flacon et vaporisez-le sur votre visage et votre cou apr\u00e8s avoir nettoy\u00e9 votre visage. Appliquer matin et soir.<\/p>\n<p>3. Hydratation quotidienne du visage : Appliquez une petite quantit\u00e9 de la cr\u00e8me multi-actions pour le visage (2 ou 3 pompes) et faites p\u00e9n\u00e9trer la cr\u00e8me dans votre peau en massant d\u00e9licatement. Appliquer matin et soir.<\/p>\n<p><strong> <\/strong><\/p>\n","protected":false},"featured_media":26077,"comment_status":"open","ping_status":"closed","template":"","meta":{"ocean_post_layout":"","ocean_both_sidebars_style":"","ocean_both_sidebars_content_width":0,"ocean_both_sidebars_sidebars_width":0,"ocean_sidebar":"0","ocean_second_sidebar":"0","ocean_disable_margins":"enable","ocean_add_body_class":"","ocean_shortcode_before_top_bar":"","ocean_shortcode_after_top_bar":"","ocean_shortcode_before_header":"","ocean_shortcode_after_header":"","ocean_has_shortcode":"","ocean_shortcode_after_title":"","ocean_shortcode_before_footer_widgets":"","ocean_shortcode_after_footer_widgets":"","ocean_shortcode_before_footer_bottom":"","ocean_shortcode_after_footer_bottom":"","ocean_display_top_bar":"default","ocean_display_header":"default","ocean_header_style":"","ocean_center_header_left_menu":"0","ocean_custom_header_template":"0","ocean_custom_logo":0,"ocean_custom_retina_logo":0,"ocean_custom_logo_max_width":0,"ocean_custom_logo_tablet_max_width":0,"ocean_custom_logo_mobile_max_width":0,"ocean_custom_logo_max_height":0,"ocean_custom_logo_tablet_max_height":0,"ocean_custom_logo_mobile_max_height":0,"ocean_header_custom_menu":"0","ocean_menu_typo_font_family":"0","ocean_menu_typo_font_subset":"","ocean_menu_typo_font_size":0,"ocean_menu_typo_font_size_tablet":0,"ocean_menu_typo_font_size_mobile":0,"ocean_menu_typo_font_size_unit":"px","ocean_menu_typo_font_weight":"","ocean_menu_typo_font_weight_tablet":"","ocean_menu_typo_font_weight_mobile":"","ocean_menu_typo_transform":"","ocean_menu_typo_transform_tablet":"","ocean_menu_typo_transform_mobile":"","ocean_menu_typo_line_height":0,"ocean_menu_typo_line_height_tablet":0,"ocean_menu_typo_line_height_mobile":0,"ocean_menu_typo_line_height_unit":"","ocean_menu_typo_spacing":0,"ocean_menu_typo_spacing_tablet":0,"ocean_menu_typo_spacing_mobile":0,"ocean_menu_typo_spacing_unit":"","ocean_menu_link_color":"","ocean_menu_link_color_hover":"","ocean_menu_link_color_active":"","ocean_menu_link_background":"","ocean_menu_link_hover_background":"","ocean_menu_link_active_background":"","ocean_menu_social_links_bg":"","ocean_menu_social_hover_links_bg":"","ocean_menu_social_links_color":"","ocean_menu_social_hover_links_color":"","ocean_disable_title":"default","ocean_disable_heading":"default","ocean_post_title":"","ocean_post_subheading":"","ocean_post_title_style":"","ocean_post_title_background_color":"","ocean_post_title_background":0,"ocean_post_title_bg_image_position":"","ocean_post_title_bg_image_attachment":"","ocean_post_title_bg_image_repeat":"","ocean_post_title_bg_image_size":"","ocean_post_title_height":0,"ocean_post_title_bg_overlay":0.5,"ocean_post_title_bg_overlay_color":"","ocean_disable_breadcrumbs":"default","ocean_breadcrumbs_color":"","ocean_breadcrumbs_separator_color":"","ocean_breadcrumbs_links_color":"","ocean_breadcrumbs_links_hover_color":"","ocean_display_footer_widgets":"default","ocean_display_footer_bottom":"default","ocean_custom_footer_template":"0","iawp_total_views":7},"product_brand":[],"product_cat":[405],"product_tag":[],"class_list":{"0":"post-22547","1":"product","2":"type-product","3":"status-publish","4":"has-post-thumbnail","6":"product_cat-skin-care-fr","8":"entry","9":"has-media","11":"first","12":"instock","13":"shipping-taxable","14":"purchasable","15":"product-type-simple","16":"has-rating","17":"has-product-nav","18":"col","19":"span_1_of_3","20":"owp-content-center","21":"item-entry","22":"owp-thumbs-layout-horizontal","23":"owp-btn-normal","24":"owp-tabs-layout-horizontal","25":"has-no-thumbnails","27":"circle-sale"},"yoast_head":"<!-- This site is optimized with the Yoast SEO plugin v27.3 - https:\/\/yoast.com\/product\/yoast-seo-wordpress\/ -->\n<title>Set de Soins Quotidiens - Bacana Skincare<\/title>\n<meta name=\"robots\" content=\"index, follow, max-snippet:-1, max-image-preview:large, max-video-preview:-1\" \/>\n<link rel=\"canonical\" href=\"https:\/\/bacanaskincare.com\/fr\/product\/set-soin-quotidien\/\" \/>\n<meta property=\"og:locale\" content=\"fr_FR\" \/>\n<meta property=\"og:type\" content=\"article\" \/>\n<meta property=\"og:title\" content=\"Set de Soins Quotidiens - Bacana Skincare\" \/>\n<meta property=\"og:description\" content=\"Gardez une peau jeune et \u00e9clatante gr\u00e2ce \u00e0 une routine de soins simple. &nbsp; QU&#039;EST-CE QU&#039;IL Y A \u00c0 L&#039;INT\u00c9RIEUR ? 1x Cr\u00e8me nettoyante pour le visage - 100ml 1x Brume Tonique Serenity Vitamin - 100ml 1x Cr\u00e8me de visage Blooming Nature - 50ml  COMMENT L&#039;UTILISER ?  1. Cr\u00e8me nettoyante pour le visage : Masser d\u00e9licatement sur la peau humide, puis rincer. Appliquer matin et soir. 2. Serenity Vitamin Mist Toner : Tout d&#039;abord, secouez rapidement le flacon et vaporisez-le sur votre visage et votre cou apr\u00e8s avoir nettoy\u00e9 votre visage. Appliquer matin et soir. 3. Hydratation quotidienne du visage : Appliquez une petite quantit\u00e9 de la cr\u00e8me multi-actions pour le visage (2 ou 3 pompes) et faites p\u00e9n\u00e9trer la cr\u00e8me dans votre peau en massant d\u00e9licatement. Appliquer matin et soir.\" \/>\n<meta property=\"og:url\" content=\"https:\/\/bacanaskincare.com\/fr\/product\/set-soin-quotidien\/\" \/>\n<meta property=\"og:site_name\" content=\"Bacana Skincare\" \/>\n<meta property=\"article:publisher\" content=\"https:\/\/www.facebook.com\/bacanaskincare-106988470647315\/\" \/>\n<meta property=\"article:modified_time\" content=\"2025-12-01T23:11:48+00:00\" \/>\n<meta property=\"og:image\" content=\"https:\/\/bacanaskincare.com\/wp-content\/uploads\/2020\/10\/Everyday-Care-Set-1.jpg\" \/>\n\t<meta property=\"og:image:width\" content=\"1050\" \/>\n\t<meta property=\"og:image:height\" content=\"1050\" \/>\n\t<meta property=\"og:image:type\" content=\"image\/jpeg\" \/>\n<meta name=\"twitter:card\" content=\"summary_large_image\" \/>\n<meta name=\"twitter:label1\" content=\"Dur\u00e9e de lecture estim\u00e9e\" \/>\n\t<meta name=\"twitter:data1\" content=\"1 minute\" \/>\n<script type=\"application\/ld+json\" class=\"yoast-schema-graph\">{\"@context\":\"https:\\\/\\\/schema.org\",\"@graph\":[{\"@type\":[\"WebPage\",\"ItemPage\"],\"@id\":\"https:\\\/\\\/bacanaskincare.com\\\/fr\\\/product\\\/set-soin-quotidien\\\/\",\"url\":\"https:\\\/\\\/bacanaskincare.com\\\/fr\\\/product\\\/set-soin-quotidien\\\/\",\"name\":\"Set de Soins Quotidiens - Bacana Skincare\",\"isPartOf\":{\"@id\":\"https:\\\/\\\/bacanaskincare.com\\\/fr\\\/#website\"},\"primaryImageOfPage\":{\"@id\":\"https:\\\/\\\/bacanaskincare.com\\\/fr\\\/product\\\/set-soin-quotidien\\\/#primaryimage\"},\"image\":{\"@id\":\"https:\\\/\\\/bacanaskincare.com\\\/fr\\\/product\\\/set-soin-quotidien\\\/#primaryimage\"},\"thumbnailUrl\":\"https:\\\/\\\/bacanaskincare.com\\\/wp-content\\\/uploads\\\/2020\\\/10\\\/Everyday-Care-Set-1.jpg\",\"datePublished\":\"2020-10-27T18:53:15+00:00\",\"dateModified\":\"2025-12-01T23:11:48+00:00\",\"breadcrumb\":{\"@id\":\"https:\\\/\\\/bacanaskincare.com\\\/fr\\\/product\\\/set-soin-quotidien\\\/#breadcrumb\"},\"inLanguage\":\"fr-FR\",\"potentialAction\":[{\"@type\":\"ReadAction\",\"target\":[\"https:\\\/\\\/bacanaskincare.com\\\/fr\\\/product\\\/set-soin-quotidien\\\/\"]}]},{\"@type\":\"ImageObject\",\"inLanguage\":\"fr-FR\",\"@id\":\"https:\\\/\\\/bacanaskincare.com\\\/fr\\\/product\\\/set-soin-quotidien\\\/#primaryimage\",\"url\":\"https:\\\/\\\/bacanaskincare.com\\\/wp-content\\\/uploads\\\/2020\\\/10\\\/Everyday-Care-Set-1.jpg\",\"contentUrl\":\"https:\\\/\\\/bacanaskincare.com\\\/wp-content\\\/uploads\\\/2020\\\/10\\\/Everyday-Care-Set-1.jpg\",\"width\":1050,\"height\":1050},{\"@type\":\"BreadcrumbList\",\"@id\":\"https:\\\/\\\/bacanaskincare.com\\\/fr\\\/product\\\/set-soin-quotidien\\\/#breadcrumb\",\"itemListElement\":[{\"@type\":\"ListItem\",\"position\":1,\"name\":\"Shop\",\"item\":\"https:\\\/\\\/bacanaskincare.com\\\/fr\\\/shop\\\/\"},{\"@type\":\"ListItem\",\"position\":2,\"name\":\"Skin care\",\"item\":\"https:\\\/\\\/bacanaskincare.com\\\/fr\\\/categorie-produit\\\/skin-care-fr\\\/\"},{\"@type\":\"ListItem\",\"position\":3,\"name\":\"Set de Soins Quotidiens\"}]},{\"@type\":\"WebSite\",\"@id\":\"https:\\\/\\\/bacanaskincare.com\\\/fr\\\/#website\",\"url\":\"https:\\\/\\\/bacanaskincare.com\\\/fr\\\/\",\"name\":\"Bacana Skincare\",\"description\":\"Natural skincare powered by tropical superfruits\",\"publisher\":{\"@id\":\"https:\\\/\\\/bacanaskincare.com\\\/fr\\\/#organization\"},\"potentialAction\":[{\"@type\":\"SearchAction\",\"target\":{\"@type\":\"EntryPoint\",\"urlTemplate\":\"https:\\\/\\\/bacanaskincare.com\\\/fr\\\/?s={search_term_string}\"},\"query-input\":{\"@type\":\"PropertyValueSpecification\",\"valueRequired\":true,\"valueName\":\"search_term_string\"}}],\"inLanguage\":\"fr-FR\"},{\"@type\":\"Organization\",\"@id\":\"https:\\\/\\\/bacanaskincare.com\\\/fr\\\/#organization\",\"name\":\"Bacana Skincare\",\"url\":\"https:\\\/\\\/bacanaskincare.com\\\/fr\\\/\",\"logo\":{\"@type\":\"ImageObject\",\"inLanguage\":\"fr-FR\",\"@id\":\"https:\\\/\\\/bacanaskincare.com\\\/fr\\\/#\\\/schema\\\/logo\\\/image\\\/\",\"url\":\"https:\\\/\\\/bacanaskincare.com\\\/wp-content\\\/uploads\\\/2019\\\/09\\\/u.png\",\"contentUrl\":\"https:\\\/\\\/bacanaskincare.com\\\/wp-content\\\/uploads\\\/2019\\\/09\\\/u.png\",\"width\":834,\"height\":226,\"caption\":\"Bacana Skincare\"},\"image\":{\"@id\":\"https:\\\/\\\/bacanaskincare.com\\\/fr\\\/#\\\/schema\\\/logo\\\/image\\\/\"},\"sameAs\":[\"https:\\\/\\\/www.facebook.com\\\/bacanaskincare-106988470647315\\\/\",\"https:\\\/\\\/www.instagram.com\\\/bacanaskincare\\\/?hl=en\",\"https:\\\/\\\/br.pinterest.com\\\/d0fd9db15f94c64465fab43d03b69a\\\/\"]}]}<\/script>\n<!-- \/ Yoast SEO plugin. -->","yoast_head_json":{"title":"Set de Soins Quotidiens - Bacana Skincare","robots":{"index":"index","follow":"follow","max-snippet":"max-snippet:-1","max-image-preview":"max-image-preview:large","max-video-preview":"max-video-preview:-1"},"canonical":"https:\/\/bacanaskincare.com\/fr\/product\/set-soin-quotidien\/","og_locale":"fr_FR","og_type":"article","og_title":"Set de Soins Quotidiens - Bacana Skincare","og_description":"Gardez une peau jeune et \u00e9clatante gr\u00e2ce \u00e0 une routine de soins simple. &nbsp; QU'EST-CE QU'IL Y A \u00c0 L'INT\u00c9RIEUR ? 1x Cr\u00e8me nettoyante pour le visage - 100ml 1x Brume Tonique Serenity Vitamin - 100ml 1x Cr\u00e8me de visage Blooming Nature - 50ml  COMMENT L'UTILISER ?  1. Cr\u00e8me nettoyante pour le visage : Masser d\u00e9licatement sur la peau humide, puis rincer. Appliquer matin et soir. 2. Serenity Vitamin Mist Toner : Tout d'abord, secouez rapidement le flacon et vaporisez-le sur votre visage et votre cou apr\u00e8s avoir nettoy\u00e9 votre visage. Appliquer matin et soir. 3. Hydratation quotidienne du visage : Appliquez une petite quantit\u00e9 de la cr\u00e8me multi-actions pour le visage (2 ou 3 pompes) et faites p\u00e9n\u00e9trer la cr\u00e8me dans votre peau en massant d\u00e9licatement. Appliquer matin et soir.","og_url":"https:\/\/bacanaskincare.com\/fr\/product\/set-soin-quotidien\/","og_site_name":"Bacana Skincare","article_publisher":"https:\/\/www.facebook.com\/bacanaskincare-106988470647315\/","article_modified_time":"2025-12-01T23:11:48+00:00","og_image":[{"width":1050,"height":1050,"url":"https:\/\/bacanaskincare.com\/wp-content\/uploads\/2020\/10\/Everyday-Care-Set-1.jpg","type":"image\/jpeg"}],"twitter_card":"summary_large_image","twitter_misc":{"Dur\u00e9e de lecture estim\u00e9e":"1 minute"},"schema":{"@context":"https:\/\/schema.org","@graph":[{"@type":["WebPage","ItemPage"],"@id":"https:\/\/bacanaskincare.com\/fr\/product\/set-soin-quotidien\/","url":"https:\/\/bacanaskincare.com\/fr\/product\/set-soin-quotidien\/","name":"Set de Soins Quotidiens - Bacana Skincare","isPartOf":{"@id":"https:\/\/bacanaskincare.com\/fr\/#website"},"primaryImageOfPage":{"@id":"https:\/\/bacanaskincare.com\/fr\/product\/set-soin-quotidien\/#primaryimage"},"image":{"@id":"https:\/\/bacanaskincare.com\/fr\/product\/set-soin-quotidien\/#primaryimage"},"thumbnailUrl":"https:\/\/bacanaskincare.com\/wp-content\/uploads\/2020\/10\/Everyday-Care-Set-1.jpg","datePublished":"2020-10-27T18:53:15+00:00","dateModified":"2025-12-01T23:11:48+00:00","breadcrumb":{"@id":"https:\/\/bacanaskincare.com\/fr\/product\/set-soin-quotidien\/#breadcrumb"},"inLanguage":"fr-FR","potentialAction":[{"@type":"ReadAction","target":["https:\/\/bacanaskincare.com\/fr\/product\/set-soin-quotidien\/"]}]},{"@type":"ImageObject","inLanguage":"fr-FR","@id":"https:\/\/bacanaskincare.com\/fr\/product\/set-soin-quotidien\/#primaryimage","url":"https:\/\/bacanaskincare.com\/wp-content\/uploads\/2020\/10\/Everyday-Care-Set-1.jpg","contentUrl":"https:\/\/bacanaskincare.com\/wp-content\/uploads\/2020\/10\/Everyday-Care-Set-1.jpg","width":1050,"height":1050},{"@type":"BreadcrumbList","@id":"https:\/\/bacanaskincare.com\/fr\/product\/set-soin-quotidien\/#breadcrumb","itemListElement":[{"@type":"ListItem","position":1,"name":"Shop","item":"https:\/\/bacanaskincare.com\/fr\/shop\/"},{"@type":"ListItem","position":2,"name":"Skin care","item":"https:\/\/bacanaskincare.com\/fr\/categorie-produit\/skin-care-fr\/"},{"@type":"ListItem","position":3,"name":"Set de Soins Quotidiens"}]},{"@type":"WebSite","@id":"https:\/\/bacanaskincare.com\/fr\/#website","url":"https:\/\/bacanaskincare.com\/fr\/","name":"Bacana Skincare","description":"Natural skincare powered by tropical superfruits","publisher":{"@id":"https:\/\/bacanaskincare.com\/fr\/#organization"},"potentialAction":[{"@type":"SearchAction","target":{"@type":"EntryPoint","urlTemplate":"https:\/\/bacanaskincare.com\/fr\/?s={search_term_string}"},"query-input":{"@type":"PropertyValueSpecification","valueRequired":true,"valueName":"search_term_string"}}],"inLanguage":"fr-FR"},{"@type":"Organization","@id":"https:\/\/bacanaskincare.com\/fr\/#organization","name":"Bacana Skincare","url":"https:\/\/bacanaskincare.com\/fr\/","logo":{"@type":"ImageObject","inLanguage":"fr-FR","@id":"https:\/\/bacanaskincare.com\/fr\/#\/schema\/logo\/image\/","url":"https:\/\/bacanaskincare.com\/wp-content\/uploads\/2019\/09\/u.png","contentUrl":"https:\/\/bacanaskincare.com\/wp-content\/uploads\/2019\/09\/u.png","width":834,"height":226,"caption":"Bacana Skincare"},"image":{"@id":"https:\/\/bacanaskincare.com\/fr\/#\/schema\/logo\/image\/"},"sameAs":["https:\/\/www.facebook.com\/bacanaskincare-106988470647315\/","https:\/\/www.instagram.com\/bacanaskincare\/?hl=en","https:\/\/br.pinterest.com\/d0fd9db15f94c64465fab43d03b69a\/"]}]}},"_links":{"self":[{"href":"https:\/\/bacanaskincare.com\/fr\/wp-json\/wp\/v2\/product\/22547","targetHints":{"allow":["GET"]}}],"collection":[{"href":"https:\/\/bacanaskincare.com\/fr\/wp-json\/wp\/v2\/product"}],"about":[{"href":"https:\/\/bacanaskincare.com\/fr\/wp-json\/wp\/v2\/types\/product"}],"replies":[{"embeddable":true,"href":"https:\/\/bacanaskincare.com\/fr\/wp-json\/wp\/v2\/comments?post=22547"}],"wp:featuredmedia":[{"embeddable":true,"href":"https:\/\/bacanaskincare.com\/fr\/wp-json\/wp\/v2\/media\/26077"}],"wp:attachment":[{"href":"https:\/\/bacanaskincare.com\/fr\/wp-json\/wp\/v2\/media?parent=22547"}],"wp:term":[{"taxonomy":"product_brand","embeddable":true,"href":"https:\/\/bacanaskincare.com\/fr\/wp-json\/wp\/v2\/product_brand?post=22547"},{"taxonomy":"product_cat","embeddable":true,"href":"https:\/\/bacanaskincare.com\/fr\/wp-json\/wp\/v2\/product_cat?post=22547"},{"taxonomy":"product_tag","embeddable":true,"href":"https:\/\/bacanaskincare.com\/fr\/wp-json\/wp\/v2\/product_tag?post=22547"}],"curies":[{"name":"wp","href":"https:\/\/api.w.org\/{rel}","templated":true}]}}