{"id":22546,"date":"2020-11-11T23:10:06","date_gmt":"2020-11-11T22:10:06","guid":{"rendered":"https:\/\/bacanaskincare.com\/shop\/uncategorized\/creme-nettoyante-visage\/"},"modified":"2025-12-22T20:13:37","modified_gmt":"2025-12-22T19:13:37","slug":"creme-nettoyante-visage","status":"publish","type":"product","link":"https:\/\/bacanaskincare.com\/fr\/product\/creme-nettoyante-visage\/","title":{"rendered":"Nettoyant Visage Doux"},"content":{"rendered":"<h3 class=\"p1\"><strong>LES INGR\u00c9DIENTS CL\u00c9S ET LEUR EFFICACIT\u00c9 :<\/strong><\/h3>\n<p><strong>HUILE DE FRUIT DE LA PASSION :<\/strong> Ses vitamines et ses acides gras aident \u00e0 prot\u00e9ger contre les dommages caus\u00e9s par le soleil, \u00e0 hydrater et \u00e0 apaiser la peau. Notre huile de fruit de la passion est press\u00e9e \u00e0 froid et provient du Br\u00e9sil. Notre fournisseur soutient les communaut\u00e9s locales, pr\u00e9serve les esp\u00e8ces et maintient la biodiversit\u00e9 dans une r\u00e9gion \u00e9cologiquement importante.<\/p>\n<p><strong>HUILE D&rsquo;A\u00c7A\u00cf BIO :<\/strong> Originaire du Br\u00e9sil, ce superfruit poss\u00e8de des propri\u00e9t\u00e9s anti-inflammatoires et est riche en antioxydants. Il combat les radicaux libres, r\u00e9duit les signes de vieillissement et aide \u00e0 gu\u00e9rir les cellules endommag\u00e9es et \u00e0 r\u00e9tablir l&rsquo;hydratation. Notre huile d&rsquo;a\u00e7a\u00ef est biologique et provient d&rsquo;un approvisionnement durable par le biais du recyclage, en collaboration avec un fournisseur qui se consacre aux pratiques du commerce \u00e9quitable et \u00e0 la pr\u00e9servation de la for\u00eat tropicale amazonienne.<\/p>\n<p><strong>HUILE D&rsquo;AMANDE DOUCE :<\/strong> Elle aide \u00e0 \u00e9quilibrer la perte et l&rsquo;absorption d&rsquo;humidit\u00e9.<\/p>\n<p>&nbsp;<\/p>\n","protected":false},"excerpt":{"rendered":"<blockquote><p><strong>Elimine en douceur les impuret\u00e9s et le maquillage, pr\u00e9serve l&rsquo;hydratation naturelle et prot\u00e8ge la barri\u00e8re cutan\u00e9e.<\/strong><\/p><\/blockquote>\n<p>Nous avons chang\u00e9 l&#8217;emballage, mais ne vous inqui\u00e9tez pas\u2014la formule reste la m\u00eame ! Le nettoyant est maintenant disponible en format plus grand, avec 150 ml au lieu de 100 ml. <\/p>\n<p>[vc_row][vc_column][vc_toggle title=\u00a0\u00bbQU&rsquo;EST-CE QUE C&rsquo;EST ?\u00a0\u00bb style=\u00a0\u00bbarrow\u00a0\u00bb custom_font_container=\u00a0\u00bbtag:h3|text_align:left\u00a0\u00bb custom_use_theme_fonts=\u00a0\u00bbyes\u00a0\u00bb]Cette cr\u00e8me moussante nettoyante \u00e9limine en douceur les impuret\u00e9s de surface et le maquillage l\u00e9ger sans priver la peau de son hydratation naturelle, contribuant ainsi \u00e0 maintenir la barri\u00e8re protectrice de l&rsquo;\u00e9piderme. 100% naturel, v\u00e9gan et sans ingr\u00e9dients toxiques.[\/vc_toggle][vc_toggle title=\u00a0\u00bb\u00c0 QUOI CA SERT?\u00a0\u00bb style=\u00a0\u00bbarrow\u00a0\u00bb custom_font_container=\u00a0\u00bbtag:h3|text_align:left\u00a0\u00bb custom_use_theme_fonts=\u00a0\u00bbyes\u00a0\u00bb]Enrichie en antioxydants et en huiles hydratantes de maracuja, d&rsquo;a\u00e7a\u00ef et d&rsquo;amande douce, elle offre une d\u00e9fense efficace contre les facteurs qui contribuent \u00e0 la s\u00e9cheresse de la peau. Cette formulation laisse la peau non seulement propre mais aussi exceptionnellement douce, sans aucune trace de s\u00e9cheresse.[\/vc_toggle][vc_toggle title=\u00a0\u00bbPOUR QUI?\u00a0\u00bb style=\u00a0\u00bbarrow\u00a0\u00bb custom_font_container=\u00a0\u00bbtag:h3|text_align:left\u00a0\u00bb custom_use_theme_fonts=\u00a0\u00bbyes\u00a0\u00bb]Convient \u00e0 tous les types de peau, y compris les plus sensibles.[\/vc_toggle][vc_toggle title=\u00a0\u00bbCOMMENT L&rsquo;UTILISER?\u00a0\u00bb style=\u00a0\u00bbarrow\u00a0\u00bb custom_font_container=\u00a0\u00bbtag:h3|text_align:left\u00a0\u00bb custom_use_theme_fonts=\u00a0\u00bbyes\u00a0\u00bb]Appliquer 3 \u00e0 4 pressions sur le visage sec. Si vous \u00eates maquill\u00e9e, rincez \u00e0 l&rsquo;eau ti\u00e8de et renouvelez l&rsquo;application.[\/vc_toggle][\/vc_column][\/vc_row]<\/p>\n<p>Size: 150ml<\/p>\n<p class=\"p1\">Formule clean et ingr\u00e9dients naturels. Source d&rsquo;approvisionnement durable. Respectueux de l&rsquo;environnement. Vegan. Cruelty Free.<\/p>\n","protected":false},"featured_media":26022,"comment_status":"open","ping_status":"closed","template":"","meta":{"ocean_post_layout":"","ocean_both_sidebars_style":"","ocean_both_sidebars_content_width":0,"ocean_both_sidebars_sidebars_width":0,"ocean_sidebar":"0","ocean_second_sidebar":"0","ocean_disable_margins":"enable","ocean_add_body_class":"","ocean_shortcode_before_top_bar":"","ocean_shortcode_after_top_bar":"","ocean_shortcode_before_header":"","ocean_shortcode_after_header":"","ocean_has_shortcode":"","ocean_shortcode_after_title":"","ocean_shortcode_before_footer_widgets":"","ocean_shortcode_after_footer_widgets":"","ocean_shortcode_before_footer_bottom":"","ocean_shortcode_after_footer_bottom":"","ocean_display_top_bar":"default","ocean_display_header":"default","ocean_header_style":"","ocean_center_header_left_menu":"0","ocean_custom_header_template":"0","ocean_custom_logo":0,"ocean_custom_retina_logo":0,"ocean_custom_logo_max_width":0,"ocean_custom_logo_tablet_max_width":0,"ocean_custom_logo_mobile_max_width":0,"ocean_custom_logo_max_height":0,"ocean_custom_logo_tablet_max_height":0,"ocean_custom_logo_mobile_max_height":0,"ocean_header_custom_menu":"0","ocean_menu_typo_font_family":"0","ocean_menu_typo_font_subset":"","ocean_menu_typo_font_size":0,"ocean_menu_typo_font_size_tablet":0,"ocean_menu_typo_font_size_mobile":0,"ocean_menu_typo_font_size_unit":"px","ocean_menu_typo_font_weight":"","ocean_menu_typo_font_weight_tablet":"","ocean_menu_typo_font_weight_mobile":"","ocean_menu_typo_transform":"","ocean_menu_typo_transform_tablet":"","ocean_menu_typo_transform_mobile":"","ocean_menu_typo_line_height":0,"ocean_menu_typo_line_height_tablet":0,"ocean_menu_typo_line_height_mobile":0,"ocean_menu_typo_line_height_unit":"","ocean_menu_typo_spacing":0,"ocean_menu_typo_spacing_tablet":0,"ocean_menu_typo_spacing_mobile":0,"ocean_menu_typo_spacing_unit":"","ocean_menu_link_color":"","ocean_menu_link_color_hover":"","ocean_menu_link_color_active":"","ocean_menu_link_background":"","ocean_menu_link_hover_background":"","ocean_menu_link_active_background":"","ocean_menu_social_links_bg":"","ocean_menu_social_hover_links_bg":"","ocean_menu_social_links_color":"","ocean_menu_social_hover_links_color":"","ocean_disable_title":"default","ocean_disable_heading":"default","ocean_post_title":"","ocean_post_subheading":"","ocean_post_title_style":"","ocean_post_title_background_color":"","ocean_post_title_background":0,"ocean_post_title_bg_image_position":"","ocean_post_title_bg_image_attachment":"","ocean_post_title_bg_image_repeat":"","ocean_post_title_bg_image_size":"","ocean_post_title_height":0,"ocean_post_title_bg_overlay":0.5,"ocean_post_title_bg_overlay_color":"","ocean_disable_breadcrumbs":"default","ocean_breadcrumbs_color":"","ocean_breadcrumbs_separator_color":"","ocean_breadcrumbs_links_color":"","ocean_breadcrumbs_links_hover_color":"","ocean_display_footer_widgets":"default","ocean_display_footer_bottom":"default","ocean_custom_footer_template":"0","iawp_total_views":44},"product_brand":[],"product_cat":[405],"product_tag":[],"class_list":{"0":"post-22546","1":"product","2":"type-product","3":"status-publish","4":"has-post-thumbnail","6":"product_cat-skin-care-fr","8":"entry","9":"has-media","11":"first","12":"instock","13":"shipping-taxable","14":"purchasable","15":"product-type-simple","16":"has-rating","17":"has-product-nav","18":"col","19":"span_1_of_3","20":"owp-content-center","21":"item-entry","22":"owp-thumbs-layout-horizontal","23":"owp-btn-normal","24":"owp-tabs-layout-horizontal","26":"circle-sale"},"yoast_head":"<!-- This site is optimized with the Yoast SEO plugin v27.3 - https:\/\/yoast.com\/product\/yoast-seo-wordpress\/ -->\n<title>Nettoyant Visage Doux | Bacana Skincare | Cruelty free &amp; Vegan<\/title>\n<meta name=\"description\" content=\"Cette d\u00e9licieuse cr\u00e8me nettoyante associe les huiles de maracuja, d&#039;a\u00e7a\u00ef et d&#039;amande douce pour \u00e9liminer en douceur les impuret\u00e9s en surface. Parfum naturel d&#039;agrumes.\" \/>\n<meta name=\"robots\" content=\"index, follow, max-snippet:-1, max-image-preview:large, max-video-preview:-1\" \/>\n<link rel=\"canonical\" href=\"https:\/\/bacanaskincare.com\/fr\/product\/creme-nettoyante-visage\/\" \/>\n<meta property=\"og:locale\" content=\"fr_FR\" \/>\n<meta property=\"og:type\" content=\"article\" \/>\n<meta property=\"og:title\" content=\"Nettoyant Visage Doux | Bacana Skincare | Cruelty free &amp; Vegan\" \/>\n<meta property=\"og:description\" content=\"Cette d\u00e9licieuse cr\u00e8me nettoyante associe les huiles de maracuja, d&#039;a\u00e7a\u00ef et d&#039;amande douce pour \u00e9liminer en douceur les impuret\u00e9s en surface. Parfum naturel d&#039;agrumes.\" \/>\n<meta property=\"og:url\" content=\"https:\/\/bacanaskincare.com\/fr\/product\/creme-nettoyante-visage\/\" \/>\n<meta property=\"og:site_name\" content=\"Bacana Skincare\" \/>\n<meta property=\"article:publisher\" content=\"https:\/\/www.facebook.com\/bacanaskincare-106988470647315\/\" \/>\n<meta property=\"article:modified_time\" content=\"2025-12-22T19:13:37+00:00\" \/>\n<meta property=\"og:image\" content=\"https:\/\/bacanaskincare.com\/wp-content\/uploads\/2020\/11\/Gentle-Cleanser-1-1.jpg\" \/>\n\t<meta property=\"og:image:width\" content=\"1050\" \/>\n\t<meta property=\"og:image:height\" content=\"1050\" \/>\n\t<meta property=\"og:image:type\" content=\"image\/jpeg\" \/>\n<meta name=\"twitter:card\" content=\"summary_large_image\" \/>\n<meta name=\"twitter:label1\" content=\"Dur\u00e9e de lecture estim\u00e9e\" \/>\n\t<meta name=\"twitter:data1\" content=\"1 minute\" \/>\n<script type=\"application\/ld+json\" class=\"yoast-schema-graph\">{\"@context\":\"https:\\\/\\\/schema.org\",\"@graph\":[{\"@type\":[\"WebPage\",\"ItemPage\"],\"@id\":\"https:\\\/\\\/bacanaskincare.com\\\/fr\\\/product\\\/creme-nettoyante-visage\\\/\",\"url\":\"https:\\\/\\\/bacanaskincare.com\\\/fr\\\/product\\\/creme-nettoyante-visage\\\/\",\"name\":\"Nettoyant Visage Doux | Bacana Skincare | Cruelty free & Vegan\",\"isPartOf\":{\"@id\":\"https:\\\/\\\/bacanaskincare.com\\\/fr\\\/#website\"},\"primaryImageOfPage\":{\"@id\":\"https:\\\/\\\/bacanaskincare.com\\\/fr\\\/product\\\/creme-nettoyante-visage\\\/#primaryimage\"},\"image\":{\"@id\":\"https:\\\/\\\/bacanaskincare.com\\\/fr\\\/product\\\/creme-nettoyante-visage\\\/#primaryimage\"},\"thumbnailUrl\":\"https:\\\/\\\/bacanaskincare.com\\\/wp-content\\\/uploads\\\/2020\\\/11\\\/Gentle-Cleanser-1-1.jpg\",\"datePublished\":\"2020-11-11T22:10:06+00:00\",\"dateModified\":\"2025-12-22T19:13:37+00:00\",\"description\":\"Cette d\u00e9licieuse cr\u00e8me nettoyante associe les huiles de maracuja, d'a\u00e7a\u00ef et d'amande douce pour \u00e9liminer en douceur les impuret\u00e9s en surface. Parfum naturel d'agrumes.\",\"breadcrumb\":{\"@id\":\"https:\\\/\\\/bacanaskincare.com\\\/fr\\\/product\\\/creme-nettoyante-visage\\\/#breadcrumb\"},\"inLanguage\":\"fr-FR\",\"potentialAction\":[{\"@type\":\"ReadAction\",\"target\":[\"https:\\\/\\\/bacanaskincare.com\\\/fr\\\/product\\\/creme-nettoyante-visage\\\/\"]}]},{\"@type\":\"ImageObject\",\"inLanguage\":\"fr-FR\",\"@id\":\"https:\\\/\\\/bacanaskincare.com\\\/fr\\\/product\\\/creme-nettoyante-visage\\\/#primaryimage\",\"url\":\"https:\\\/\\\/bacanaskincare.com\\\/wp-content\\\/uploads\\\/2020\\\/11\\\/Gentle-Cleanser-1-1.jpg\",\"contentUrl\":\"https:\\\/\\\/bacanaskincare.com\\\/wp-content\\\/uploads\\\/2020\\\/11\\\/Gentle-Cleanser-1-1.jpg\",\"width\":1050,\"height\":1050},{\"@type\":\"BreadcrumbList\",\"@id\":\"https:\\\/\\\/bacanaskincare.com\\\/fr\\\/product\\\/creme-nettoyante-visage\\\/#breadcrumb\",\"itemListElement\":[{\"@type\":\"ListItem\",\"position\":1,\"name\":\"Shop\",\"item\":\"https:\\\/\\\/bacanaskincare.com\\\/fr\\\/shop\\\/\"},{\"@type\":\"ListItem\",\"position\":2,\"name\":\"Skin care\",\"item\":\"https:\\\/\\\/bacanaskincare.com\\\/fr\\\/categorie-produit\\\/skin-care-fr\\\/\"},{\"@type\":\"ListItem\",\"position\":3,\"name\":\"Nettoyant Visage Doux\"}]},{\"@type\":\"WebSite\",\"@id\":\"https:\\\/\\\/bacanaskincare.com\\\/fr\\\/#website\",\"url\":\"https:\\\/\\\/bacanaskincare.com\\\/fr\\\/\",\"name\":\"Bacana Skincare\",\"description\":\"Natural skincare powered by tropical superfruits\",\"publisher\":{\"@id\":\"https:\\\/\\\/bacanaskincare.com\\\/fr\\\/#organization\"},\"potentialAction\":[{\"@type\":\"SearchAction\",\"target\":{\"@type\":\"EntryPoint\",\"urlTemplate\":\"https:\\\/\\\/bacanaskincare.com\\\/fr\\\/?s={search_term_string}\"},\"query-input\":{\"@type\":\"PropertyValueSpecification\",\"valueRequired\":true,\"valueName\":\"search_term_string\"}}],\"inLanguage\":\"fr-FR\"},{\"@type\":\"Organization\",\"@id\":\"https:\\\/\\\/bacanaskincare.com\\\/fr\\\/#organization\",\"name\":\"Bacana Skincare\",\"url\":\"https:\\\/\\\/bacanaskincare.com\\\/fr\\\/\",\"logo\":{\"@type\":\"ImageObject\",\"inLanguage\":\"fr-FR\",\"@id\":\"https:\\\/\\\/bacanaskincare.com\\\/fr\\\/#\\\/schema\\\/logo\\\/image\\\/\",\"url\":\"https:\\\/\\\/bacanaskincare.com\\\/wp-content\\\/uploads\\\/2019\\\/09\\\/u.png\",\"contentUrl\":\"https:\\\/\\\/bacanaskincare.com\\\/wp-content\\\/uploads\\\/2019\\\/09\\\/u.png\",\"width\":834,\"height\":226,\"caption\":\"Bacana Skincare\"},\"image\":{\"@id\":\"https:\\\/\\\/bacanaskincare.com\\\/fr\\\/#\\\/schema\\\/logo\\\/image\\\/\"},\"sameAs\":[\"https:\\\/\\\/www.facebook.com\\\/bacanaskincare-106988470647315\\\/\",\"https:\\\/\\\/www.instagram.com\\\/bacanaskincare\\\/?hl=en\",\"https:\\\/\\\/br.pinterest.com\\\/d0fd9db15f94c64465fab43d03b69a\\\/\"]}]}<\/script>\n<!-- \/ Yoast SEO plugin. -->","yoast_head_json":{"title":"Nettoyant Visage Doux | Bacana Skincare | Cruelty free & Vegan","description":"Cette d\u00e9licieuse cr\u00e8me nettoyante associe les huiles de maracuja, d'a\u00e7a\u00ef et d'amande douce pour \u00e9liminer en douceur les impuret\u00e9s en surface. Parfum naturel d'agrumes.","robots":{"index":"index","follow":"follow","max-snippet":"max-snippet:-1","max-image-preview":"max-image-preview:large","max-video-preview":"max-video-preview:-1"},"canonical":"https:\/\/bacanaskincare.com\/fr\/product\/creme-nettoyante-visage\/","og_locale":"fr_FR","og_type":"article","og_title":"Nettoyant Visage Doux | Bacana Skincare | Cruelty free & Vegan","og_description":"Cette d\u00e9licieuse cr\u00e8me nettoyante associe les huiles de maracuja, d'a\u00e7a\u00ef et d'amande douce pour \u00e9liminer en douceur les impuret\u00e9s en surface. Parfum naturel d'agrumes.","og_url":"https:\/\/bacanaskincare.com\/fr\/product\/creme-nettoyante-visage\/","og_site_name":"Bacana Skincare","article_publisher":"https:\/\/www.facebook.com\/bacanaskincare-106988470647315\/","article_modified_time":"2025-12-22T19:13:37+00:00","og_image":[{"width":1050,"height":1050,"url":"https:\/\/bacanaskincare.com\/wp-content\/uploads\/2020\/11\/Gentle-Cleanser-1-1.jpg","type":"image\/jpeg"}],"twitter_card":"summary_large_image","twitter_misc":{"Dur\u00e9e de lecture estim\u00e9e":"1 minute"},"schema":{"@context":"https:\/\/schema.org","@graph":[{"@type":["WebPage","ItemPage"],"@id":"https:\/\/bacanaskincare.com\/fr\/product\/creme-nettoyante-visage\/","url":"https:\/\/bacanaskincare.com\/fr\/product\/creme-nettoyante-visage\/","name":"Nettoyant Visage Doux | Bacana Skincare | Cruelty free & Vegan","isPartOf":{"@id":"https:\/\/bacanaskincare.com\/fr\/#website"},"primaryImageOfPage":{"@id":"https:\/\/bacanaskincare.com\/fr\/product\/creme-nettoyante-visage\/#primaryimage"},"image":{"@id":"https:\/\/bacanaskincare.com\/fr\/product\/creme-nettoyante-visage\/#primaryimage"},"thumbnailUrl":"https:\/\/bacanaskincare.com\/wp-content\/uploads\/2020\/11\/Gentle-Cleanser-1-1.jpg","datePublished":"2020-11-11T22:10:06+00:00","dateModified":"2025-12-22T19:13:37+00:00","description":"Cette d\u00e9licieuse cr\u00e8me nettoyante associe les huiles de maracuja, d'a\u00e7a\u00ef et d'amande douce pour \u00e9liminer en douceur les impuret\u00e9s en surface. Parfum naturel d'agrumes.","breadcrumb":{"@id":"https:\/\/bacanaskincare.com\/fr\/product\/creme-nettoyante-visage\/#breadcrumb"},"inLanguage":"fr-FR","potentialAction":[{"@type":"ReadAction","target":["https:\/\/bacanaskincare.com\/fr\/product\/creme-nettoyante-visage\/"]}]},{"@type":"ImageObject","inLanguage":"fr-FR","@id":"https:\/\/bacanaskincare.com\/fr\/product\/creme-nettoyante-visage\/#primaryimage","url":"https:\/\/bacanaskincare.com\/wp-content\/uploads\/2020\/11\/Gentle-Cleanser-1-1.jpg","contentUrl":"https:\/\/bacanaskincare.com\/wp-content\/uploads\/2020\/11\/Gentle-Cleanser-1-1.jpg","width":1050,"height":1050},{"@type":"BreadcrumbList","@id":"https:\/\/bacanaskincare.com\/fr\/product\/creme-nettoyante-visage\/#breadcrumb","itemListElement":[{"@type":"ListItem","position":1,"name":"Shop","item":"https:\/\/bacanaskincare.com\/fr\/shop\/"},{"@type":"ListItem","position":2,"name":"Skin care","item":"https:\/\/bacanaskincare.com\/fr\/categorie-produit\/skin-care-fr\/"},{"@type":"ListItem","position":3,"name":"Nettoyant Visage Doux"}]},{"@type":"WebSite","@id":"https:\/\/bacanaskincare.com\/fr\/#website","url":"https:\/\/bacanaskincare.com\/fr\/","name":"Bacana Skincare","description":"Natural skincare powered by tropical superfruits","publisher":{"@id":"https:\/\/bacanaskincare.com\/fr\/#organization"},"potentialAction":[{"@type":"SearchAction","target":{"@type":"EntryPoint","urlTemplate":"https:\/\/bacanaskincare.com\/fr\/?s={search_term_string}"},"query-input":{"@type":"PropertyValueSpecification","valueRequired":true,"valueName":"search_term_string"}}],"inLanguage":"fr-FR"},{"@type":"Organization","@id":"https:\/\/bacanaskincare.com\/fr\/#organization","name":"Bacana Skincare","url":"https:\/\/bacanaskincare.com\/fr\/","logo":{"@type":"ImageObject","inLanguage":"fr-FR","@id":"https:\/\/bacanaskincare.com\/fr\/#\/schema\/logo\/image\/","url":"https:\/\/bacanaskincare.com\/wp-content\/uploads\/2019\/09\/u.png","contentUrl":"https:\/\/bacanaskincare.com\/wp-content\/uploads\/2019\/09\/u.png","width":834,"height":226,"caption":"Bacana Skincare"},"image":{"@id":"https:\/\/bacanaskincare.com\/fr\/#\/schema\/logo\/image\/"},"sameAs":["https:\/\/www.facebook.com\/bacanaskincare-106988470647315\/","https:\/\/www.instagram.com\/bacanaskincare\/?hl=en","https:\/\/br.pinterest.com\/d0fd9db15f94c64465fab43d03b69a\/"]}]}},"_links":{"self":[{"href":"https:\/\/bacanaskincare.com\/fr\/wp-json\/wp\/v2\/product\/22546","targetHints":{"allow":["GET"]}}],"collection":[{"href":"https:\/\/bacanaskincare.com\/fr\/wp-json\/wp\/v2\/product"}],"about":[{"href":"https:\/\/bacanaskincare.com\/fr\/wp-json\/wp\/v2\/types\/product"}],"replies":[{"embeddable":true,"href":"https:\/\/bacanaskincare.com\/fr\/wp-json\/wp\/v2\/comments?post=22546"}],"wp:featuredmedia":[{"embeddable":true,"href":"https:\/\/bacanaskincare.com\/fr\/wp-json\/wp\/v2\/media\/26022"}],"wp:attachment":[{"href":"https:\/\/bacanaskincare.com\/fr\/wp-json\/wp\/v2\/media?parent=22546"}],"wp:term":[{"taxonomy":"product_brand","embeddable":true,"href":"https:\/\/bacanaskincare.com\/fr\/wp-json\/wp\/v2\/product_brand?post=22546"},{"taxonomy":"product_cat","embeddable":true,"href":"https:\/\/bacanaskincare.com\/fr\/wp-json\/wp\/v2\/product_cat?post=22546"},{"taxonomy":"product_tag","embeddable":true,"href":"https:\/\/bacanaskincare.com\/fr\/wp-json\/wp\/v2\/product_tag?post=22546"}],"curies":[{"name":"wp","href":"https:\/\/api.w.org\/{rel}","templated":true}]}}