{"id":22545,"date":"2020-11-11T23:22:02","date_gmt":"2020-11-11T22:22:02","guid":{"rendered":"https:\/\/bacanaskincare.com\/shop\/uncategorized\/brume-tonique-vitamine-serenity\/"},"modified":"2026-02-25T18:27:05","modified_gmt":"2026-02-25T17:27:05","slug":"brume-tonique-vitamine-serenity","status":"publish","type":"product","link":"https:\/\/bacanaskincare.com\/fr\/product\/brume-tonique-vitamine-serenity\/","title":{"rendered":"Brume Tonique Vitamine Serenity"},"content":{"rendered":"<h3 class=\"p1\"><strong>LES INGR\u00c9DIENTS CL\u00c9S ET LEUR EFFICACIT\u00c9 :<\/strong><\/h3>\n<p><strong>L&rsquo;EAU DE NOIX DE COCO :<\/strong> sa teneur \u00e9lev\u00e9e en nutriments, en min\u00e9raux et en eau en fait un produit id\u00e9al pour hydrater la peau.<\/p>\n<p><strong>VITAMINE B3 (Niacinamide) :<\/strong> Elle pr\u00e9sente de multiples avantages lorsqu&rsquo;elle est appliqu\u00e9e sur la peau. Il aide \u00e0 r\u00e9duire l&rsquo;apparence des pores dilat\u00e9s, \u00e0 estomper l&rsquo;apparence des taches brunes, \u00e0 r\u00e9guler la production de s\u00e9bum et \u00e0 purifier la peau congestionn\u00e9e. Dans cette formule, nous utilisons 5% de Niacinamide. Des \u00e9tudes montrent* que la Niacinamide \u00e0 5% r\u00e9duit le jaunissement, les rides, les rougeurs et les taches hyperpigment\u00e9es de la peau vieillissante du visage.<\/p>\n<p><strong>VITAMINE B5 (Panthenol):<\/strong> Elle aide \u00e0 \u00e9quilibrer la perte et l&rsquo;absorption d&rsquo;humidit\u00e9.<\/p>\n<p><strong>HYDROLAT DE NEROLI ET DE MELISSA BIO :<\/strong> Elle hydrate et rafra\u00eechit votre peau et agit comme un tonique entre le nettoyage et l&rsquo;hydratation.<\/p>\n<p>&nbsp;<\/p>\n<p>*Bissett DL, Miyamoto K, Sun P, et al. La nicotinamide topique r\u00e9duit le jaunissement, les rides, les rougeurs et les taches hyperpigment\u00e9es de la peau vieillissante du visage. <span class=\"ref-journal\">Int J Cosmet<\/span> <span class=\"ref-vol\">Sci.2004;26:231-238.<\/span><\/p>\n","protected":false},"excerpt":{"rendered":"<blockquote>\n<p class=\"p1\"><strong>Un brumisateur au pH \u00e9quilibr\u00e9 pour une peau radieuse et saine.<\/strong><\/p>\n<\/blockquote>\n<p>&nbsp;<\/p>\n<p><strong>QU&rsquo;EST-CE QUE C&rsquo;EST ?<\/strong><br \/>\nNotre Mist-Toner combine l&rsquo;eau de coco, le panth\u00e9nol (vitamine B5) et le niacinamide (vitamine B3). Sa consistance aqueuse permet d&rsquo;apaiser, de purifier et d&rsquo;hydrater la peau.<\/p>\n<p><strong>\u00c0 QUOI CA SERT?<\/strong><br \/>\nUne formule sans alcool qui maintient le pH de votre peau \u00e9quilibr\u00e9, l&rsquo;aidant \u00e0 rester hydrat\u00e9e et prot\u00e9g\u00e9e des agressions de l&rsquo;environnement. Notre brume tonique aide \u00e0 revitaliser et \u00e0 apaiser la peau, tout en resserrant instantan\u00e9ment les pores et en hydratant la peau.<br \/>\nIl peut \u00eatre utilis\u00e9 de diff\u00e9rentes mani\u00e8res : comme tonique, brume, produit de finition pour le maquillage ou comme produit rafra\u00eechissant et apaisant \u00e0 utiliser \u00e0 tout moment de la journ\u00e9e.<\/p>\n<p><strong>POUR QUI?<br \/>\n<\/strong>Convient \u00e0 tous les types de peau, m\u00eame les plus sensibles.<\/p>\n<p><strong>COMMENT L&rsquo;UTILISER ?<\/strong><br \/>\nAgiter le Mist-Toner avant de l&rsquo;utiliser. Vaporiser sur la peau fra\u00eechement nettoy\u00e9e, puis appliquer la cr\u00e8me hydratante et le s\u00e9rum. Il peut \u00eatre utilis\u00e9 \u00e0 tout moment pour rafra\u00eechir la peau et fixer le maquillage.<\/p>\n<p>&nbsp;<\/p>\n<p>Volume: 100 ml<\/p>\n<p>Sans parfum<\/p>\n","protected":false},"featured_media":26007,"comment_status":"open","ping_status":"closed","template":"","meta":{"ocean_post_layout":"","ocean_both_sidebars_style":"","ocean_both_sidebars_content_width":0,"ocean_both_sidebars_sidebars_width":0,"ocean_sidebar":"0","ocean_second_sidebar":"0","ocean_disable_margins":"enable","ocean_add_body_class":"","ocean_shortcode_before_top_bar":"","ocean_shortcode_after_top_bar":"","ocean_shortcode_before_header":"","ocean_shortcode_after_header":"","ocean_has_shortcode":"","ocean_shortcode_after_title":"","ocean_shortcode_before_footer_widgets":"","ocean_shortcode_after_footer_widgets":"","ocean_shortcode_before_footer_bottom":"","ocean_shortcode_after_footer_bottom":"","ocean_display_top_bar":"default","ocean_display_header":"default","ocean_header_style":"","ocean_center_header_left_menu":"0","ocean_custom_header_template":"0","ocean_custom_logo":0,"ocean_custom_retina_logo":0,"ocean_custom_logo_max_width":0,"ocean_custom_logo_tablet_max_width":0,"ocean_custom_logo_mobile_max_width":0,"ocean_custom_logo_max_height":0,"ocean_custom_logo_tablet_max_height":0,"ocean_custom_logo_mobile_max_height":0,"ocean_header_custom_menu":"0","ocean_menu_typo_font_family":"0","ocean_menu_typo_font_subset":"","ocean_menu_typo_font_size":0,"ocean_menu_typo_font_size_tablet":0,"ocean_menu_typo_font_size_mobile":0,"ocean_menu_typo_font_size_unit":"px","ocean_menu_typo_font_weight":"","ocean_menu_typo_font_weight_tablet":"","ocean_menu_typo_font_weight_mobile":"","ocean_menu_typo_transform":"","ocean_menu_typo_transform_tablet":"","ocean_menu_typo_transform_mobile":"","ocean_menu_typo_line_height":0,"ocean_menu_typo_line_height_tablet":0,"ocean_menu_typo_line_height_mobile":0,"ocean_menu_typo_line_height_unit":"","ocean_menu_typo_spacing":0,"ocean_menu_typo_spacing_tablet":0,"ocean_menu_typo_spacing_mobile":0,"ocean_menu_typo_spacing_unit":"","ocean_menu_link_color":"","ocean_menu_link_color_hover":"","ocean_menu_link_color_active":"","ocean_menu_link_background":"","ocean_menu_link_hover_background":"","ocean_menu_link_active_background":"","ocean_menu_social_links_bg":"","ocean_menu_social_hover_links_bg":"","ocean_menu_social_links_color":"","ocean_menu_social_hover_links_color":"","ocean_disable_title":"default","ocean_disable_heading":"default","ocean_post_title":"","ocean_post_subheading":"","ocean_post_title_style":"","ocean_post_title_background_color":"","ocean_post_title_background":0,"ocean_post_title_bg_image_position":"","ocean_post_title_bg_image_attachment":"","ocean_post_title_bg_image_repeat":"","ocean_post_title_bg_image_size":"","ocean_post_title_height":0,"ocean_post_title_bg_overlay":0.5,"ocean_post_title_bg_overlay_color":"","ocean_disable_breadcrumbs":"default","ocean_breadcrumbs_color":"","ocean_breadcrumbs_separator_color":"","ocean_breadcrumbs_links_color":"","ocean_breadcrumbs_links_hover_color":"","ocean_display_footer_widgets":"default","ocean_display_footer_bottom":"default","ocean_custom_footer_template":"0","iawp_total_views":26},"product_brand":[],"product_cat":[405],"product_tag":[],"class_list":{"0":"post-22545","1":"product","2":"type-product","3":"status-publish","4":"has-post-thumbnail","6":"product_cat-skin-care-fr","8":"entry","9":"has-media","11":"first","12":"instock","13":"shipping-taxable","14":"purchasable","15":"product-type-simple","16":"has-rating","17":"has-product-nav","18":"col","19":"span_1_of_3","20":"owp-content-center","21":"item-entry","22":"owp-thumbs-layout-horizontal","23":"owp-btn-normal","24":"owp-tabs-layout-horizontal","25":"has-no-thumbnails","27":"circle-sale"},"yoast_head":"<!-- This site is optimized with the Yoast SEO plugin v27.3 - https:\/\/yoast.com\/product\/yoast-seo-wordpress\/ -->\n<title>Brume Tonique Vitamine Serenity | Bacana Skincare | Cruelty free &amp; Vegan<\/title>\n<meta name=\"description\" content=\"Redonnez vie \u00e0 votre peau fatigu\u00e9e apr\u00e8s avoir nettoy\u00e9 votre visage ! Notre brume tonique revitalise et apaise la peau, tout en \u00e9liminant l&#039;exc\u00e8s d&#039;impuret\u00e9s.\" \/>\n<meta name=\"robots\" content=\"index, follow, max-snippet:-1, max-image-preview:large, max-video-preview:-1\" \/>\n<link rel=\"canonical\" href=\"https:\/\/bacanaskincare.com\/fr\/product\/brume-tonique-vitamine-serenity\/\" \/>\n<meta property=\"og:locale\" content=\"fr_FR\" \/>\n<meta property=\"og:type\" content=\"article\" \/>\n<meta property=\"og:title\" content=\"Brume Tonique Vitamine Serenity | Bacana Skincare | Cruelty free &amp; Vegan\" \/>\n<meta property=\"og:description\" content=\"Redonnez vie \u00e0 votre peau fatigu\u00e9e apr\u00e8s avoir nettoy\u00e9 votre visage ! Notre brume tonique revitalise et apaise la peau, tout en \u00e9liminant l&#039;exc\u00e8s d&#039;impuret\u00e9s.\" \/>\n<meta property=\"og:url\" content=\"https:\/\/bacanaskincare.com\/fr\/product\/brume-tonique-vitamine-serenity\/\" \/>\n<meta property=\"og:site_name\" content=\"Bacana Skincare\" \/>\n<meta property=\"article:publisher\" content=\"https:\/\/www.facebook.com\/bacanaskincare-106988470647315\/\" \/>\n<meta property=\"article:modified_time\" content=\"2026-02-25T17:27:05+00:00\" \/>\n<meta property=\"og:image\" content=\"https:\/\/bacanaskincare.com\/wp-content\/uploads\/2020\/11\/Mist-Toner-1.jpg\" \/>\n\t<meta property=\"og:image:width\" content=\"1050\" \/>\n\t<meta property=\"og:image:height\" content=\"1050\" \/>\n\t<meta property=\"og:image:type\" content=\"image\/jpeg\" \/>\n<meta name=\"twitter:card\" content=\"summary_large_image\" \/>\n<meta name=\"twitter:label1\" content=\"Dur\u00e9e de lecture estim\u00e9e\" \/>\n\t<meta name=\"twitter:data1\" content=\"1 minute\" \/>\n<script type=\"application\/ld+json\" class=\"yoast-schema-graph\">{\"@context\":\"https:\\\/\\\/schema.org\",\"@graph\":[{\"@type\":[\"WebPage\",\"ItemPage\"],\"@id\":\"https:\\\/\\\/bacanaskincare.com\\\/fr\\\/product\\\/brume-tonique-vitamine-serenity\\\/\",\"url\":\"https:\\\/\\\/bacanaskincare.com\\\/fr\\\/product\\\/brume-tonique-vitamine-serenity\\\/\",\"name\":\"Brume Tonique Vitamine Serenity | Bacana Skincare | Cruelty free & Vegan\",\"isPartOf\":{\"@id\":\"https:\\\/\\\/bacanaskincare.com\\\/fr\\\/#website\"},\"primaryImageOfPage\":{\"@id\":\"https:\\\/\\\/bacanaskincare.com\\\/fr\\\/product\\\/brume-tonique-vitamine-serenity\\\/#primaryimage\"},\"image\":{\"@id\":\"https:\\\/\\\/bacanaskincare.com\\\/fr\\\/product\\\/brume-tonique-vitamine-serenity\\\/#primaryimage\"},\"thumbnailUrl\":\"https:\\\/\\\/bacanaskincare.com\\\/wp-content\\\/uploads\\\/2020\\\/11\\\/Mist-Toner-1.jpg\",\"datePublished\":\"2020-11-11T22:22:02+00:00\",\"dateModified\":\"2026-02-25T17:27:05+00:00\",\"description\":\"Redonnez vie \u00e0 votre peau fatigu\u00e9e apr\u00e8s avoir nettoy\u00e9 votre visage ! Notre brume tonique revitalise et apaise la peau, tout en \u00e9liminant l'exc\u00e8s d'impuret\u00e9s.\",\"breadcrumb\":{\"@id\":\"https:\\\/\\\/bacanaskincare.com\\\/fr\\\/product\\\/brume-tonique-vitamine-serenity\\\/#breadcrumb\"},\"inLanguage\":\"fr-FR\",\"potentialAction\":[{\"@type\":\"ReadAction\",\"target\":[\"https:\\\/\\\/bacanaskincare.com\\\/fr\\\/product\\\/brume-tonique-vitamine-serenity\\\/\"]}]},{\"@type\":\"ImageObject\",\"inLanguage\":\"fr-FR\",\"@id\":\"https:\\\/\\\/bacanaskincare.com\\\/fr\\\/product\\\/brume-tonique-vitamine-serenity\\\/#primaryimage\",\"url\":\"https:\\\/\\\/bacanaskincare.com\\\/wp-content\\\/uploads\\\/2020\\\/11\\\/Mist-Toner-1.jpg\",\"contentUrl\":\"https:\\\/\\\/bacanaskincare.com\\\/wp-content\\\/uploads\\\/2020\\\/11\\\/Mist-Toner-1.jpg\",\"width\":1050,\"height\":1050},{\"@type\":\"BreadcrumbList\",\"@id\":\"https:\\\/\\\/bacanaskincare.com\\\/fr\\\/product\\\/brume-tonique-vitamine-serenity\\\/#breadcrumb\",\"itemListElement\":[{\"@type\":\"ListItem\",\"position\":1,\"name\":\"Shop\",\"item\":\"https:\\\/\\\/bacanaskincare.com\\\/fr\\\/shop\\\/\"},{\"@type\":\"ListItem\",\"position\":2,\"name\":\"Skin care\",\"item\":\"https:\\\/\\\/bacanaskincare.com\\\/fr\\\/categorie-produit\\\/skin-care-fr\\\/\"},{\"@type\":\"ListItem\",\"position\":3,\"name\":\"Brume Tonique Vitamine Serenity\"}]},{\"@type\":\"WebSite\",\"@id\":\"https:\\\/\\\/bacanaskincare.com\\\/fr\\\/#website\",\"url\":\"https:\\\/\\\/bacanaskincare.com\\\/fr\\\/\",\"name\":\"Bacana Skincare\",\"description\":\"Natural skincare powered by tropical superfruits\",\"publisher\":{\"@id\":\"https:\\\/\\\/bacanaskincare.com\\\/fr\\\/#organization\"},\"potentialAction\":[{\"@type\":\"SearchAction\",\"target\":{\"@type\":\"EntryPoint\",\"urlTemplate\":\"https:\\\/\\\/bacanaskincare.com\\\/fr\\\/?s={search_term_string}\"},\"query-input\":{\"@type\":\"PropertyValueSpecification\",\"valueRequired\":true,\"valueName\":\"search_term_string\"}}],\"inLanguage\":\"fr-FR\"},{\"@type\":\"Organization\",\"@id\":\"https:\\\/\\\/bacanaskincare.com\\\/fr\\\/#organization\",\"name\":\"Bacana Skincare\",\"url\":\"https:\\\/\\\/bacanaskincare.com\\\/fr\\\/\",\"logo\":{\"@type\":\"ImageObject\",\"inLanguage\":\"fr-FR\",\"@id\":\"https:\\\/\\\/bacanaskincare.com\\\/fr\\\/#\\\/schema\\\/logo\\\/image\\\/\",\"url\":\"https:\\\/\\\/bacanaskincare.com\\\/wp-content\\\/uploads\\\/2019\\\/09\\\/u.png\",\"contentUrl\":\"https:\\\/\\\/bacanaskincare.com\\\/wp-content\\\/uploads\\\/2019\\\/09\\\/u.png\",\"width\":834,\"height\":226,\"caption\":\"Bacana Skincare\"},\"image\":{\"@id\":\"https:\\\/\\\/bacanaskincare.com\\\/fr\\\/#\\\/schema\\\/logo\\\/image\\\/\"},\"sameAs\":[\"https:\\\/\\\/www.facebook.com\\\/bacanaskincare-106988470647315\\\/\",\"https:\\\/\\\/www.instagram.com\\\/bacanaskincare\\\/?hl=en\",\"https:\\\/\\\/br.pinterest.com\\\/d0fd9db15f94c64465fab43d03b69a\\\/\"]}]}<\/script>\n<!-- \/ Yoast SEO plugin. -->","yoast_head_json":{"title":"Brume Tonique Vitamine Serenity | Bacana Skincare | Cruelty free & Vegan","description":"Redonnez vie \u00e0 votre peau fatigu\u00e9e apr\u00e8s avoir nettoy\u00e9 votre visage ! Notre brume tonique revitalise et apaise la peau, tout en \u00e9liminant l'exc\u00e8s d'impuret\u00e9s.","robots":{"index":"index","follow":"follow","max-snippet":"max-snippet:-1","max-image-preview":"max-image-preview:large","max-video-preview":"max-video-preview:-1"},"canonical":"https:\/\/bacanaskincare.com\/fr\/product\/brume-tonique-vitamine-serenity\/","og_locale":"fr_FR","og_type":"article","og_title":"Brume Tonique Vitamine Serenity | Bacana Skincare | Cruelty free & Vegan","og_description":"Redonnez vie \u00e0 votre peau fatigu\u00e9e apr\u00e8s avoir nettoy\u00e9 votre visage ! Notre brume tonique revitalise et apaise la peau, tout en \u00e9liminant l'exc\u00e8s d'impuret\u00e9s.","og_url":"https:\/\/bacanaskincare.com\/fr\/product\/brume-tonique-vitamine-serenity\/","og_site_name":"Bacana Skincare","article_publisher":"https:\/\/www.facebook.com\/bacanaskincare-106988470647315\/","article_modified_time":"2026-02-25T17:27:05+00:00","og_image":[{"width":1050,"height":1050,"url":"https:\/\/bacanaskincare.com\/wp-content\/uploads\/2020\/11\/Mist-Toner-1.jpg","type":"image\/jpeg"}],"twitter_card":"summary_large_image","twitter_misc":{"Dur\u00e9e de lecture estim\u00e9e":"1 minute"},"schema":{"@context":"https:\/\/schema.org","@graph":[{"@type":["WebPage","ItemPage"],"@id":"https:\/\/bacanaskincare.com\/fr\/product\/brume-tonique-vitamine-serenity\/","url":"https:\/\/bacanaskincare.com\/fr\/product\/brume-tonique-vitamine-serenity\/","name":"Brume Tonique Vitamine Serenity | Bacana Skincare | Cruelty free & Vegan","isPartOf":{"@id":"https:\/\/bacanaskincare.com\/fr\/#website"},"primaryImageOfPage":{"@id":"https:\/\/bacanaskincare.com\/fr\/product\/brume-tonique-vitamine-serenity\/#primaryimage"},"image":{"@id":"https:\/\/bacanaskincare.com\/fr\/product\/brume-tonique-vitamine-serenity\/#primaryimage"},"thumbnailUrl":"https:\/\/bacanaskincare.com\/wp-content\/uploads\/2020\/11\/Mist-Toner-1.jpg","datePublished":"2020-11-11T22:22:02+00:00","dateModified":"2026-02-25T17:27:05+00:00","description":"Redonnez vie \u00e0 votre peau fatigu\u00e9e apr\u00e8s avoir nettoy\u00e9 votre visage ! Notre brume tonique revitalise et apaise la peau, tout en \u00e9liminant l'exc\u00e8s d'impuret\u00e9s.","breadcrumb":{"@id":"https:\/\/bacanaskincare.com\/fr\/product\/brume-tonique-vitamine-serenity\/#breadcrumb"},"inLanguage":"fr-FR","potentialAction":[{"@type":"ReadAction","target":["https:\/\/bacanaskincare.com\/fr\/product\/brume-tonique-vitamine-serenity\/"]}]},{"@type":"ImageObject","inLanguage":"fr-FR","@id":"https:\/\/bacanaskincare.com\/fr\/product\/brume-tonique-vitamine-serenity\/#primaryimage","url":"https:\/\/bacanaskincare.com\/wp-content\/uploads\/2020\/11\/Mist-Toner-1.jpg","contentUrl":"https:\/\/bacanaskincare.com\/wp-content\/uploads\/2020\/11\/Mist-Toner-1.jpg","width":1050,"height":1050},{"@type":"BreadcrumbList","@id":"https:\/\/bacanaskincare.com\/fr\/product\/brume-tonique-vitamine-serenity\/#breadcrumb","itemListElement":[{"@type":"ListItem","position":1,"name":"Shop","item":"https:\/\/bacanaskincare.com\/fr\/shop\/"},{"@type":"ListItem","position":2,"name":"Skin care","item":"https:\/\/bacanaskincare.com\/fr\/categorie-produit\/skin-care-fr\/"},{"@type":"ListItem","position":3,"name":"Brume Tonique Vitamine Serenity"}]},{"@type":"WebSite","@id":"https:\/\/bacanaskincare.com\/fr\/#website","url":"https:\/\/bacanaskincare.com\/fr\/","name":"Bacana Skincare","description":"Natural skincare powered by tropical superfruits","publisher":{"@id":"https:\/\/bacanaskincare.com\/fr\/#organization"},"potentialAction":[{"@type":"SearchAction","target":{"@type":"EntryPoint","urlTemplate":"https:\/\/bacanaskincare.com\/fr\/?s={search_term_string}"},"query-input":{"@type":"PropertyValueSpecification","valueRequired":true,"valueName":"search_term_string"}}],"inLanguage":"fr-FR"},{"@type":"Organization","@id":"https:\/\/bacanaskincare.com\/fr\/#organization","name":"Bacana Skincare","url":"https:\/\/bacanaskincare.com\/fr\/","logo":{"@type":"ImageObject","inLanguage":"fr-FR","@id":"https:\/\/bacanaskincare.com\/fr\/#\/schema\/logo\/image\/","url":"https:\/\/bacanaskincare.com\/wp-content\/uploads\/2019\/09\/u.png","contentUrl":"https:\/\/bacanaskincare.com\/wp-content\/uploads\/2019\/09\/u.png","width":834,"height":226,"caption":"Bacana Skincare"},"image":{"@id":"https:\/\/bacanaskincare.com\/fr\/#\/schema\/logo\/image\/"},"sameAs":["https:\/\/www.facebook.com\/bacanaskincare-106988470647315\/","https:\/\/www.instagram.com\/bacanaskincare\/?hl=en","https:\/\/br.pinterest.com\/d0fd9db15f94c64465fab43d03b69a\/"]}]}},"_links":{"self":[{"href":"https:\/\/bacanaskincare.com\/fr\/wp-json\/wp\/v2\/product\/22545","targetHints":{"allow":["GET"]}}],"collection":[{"href":"https:\/\/bacanaskincare.com\/fr\/wp-json\/wp\/v2\/product"}],"about":[{"href":"https:\/\/bacanaskincare.com\/fr\/wp-json\/wp\/v2\/types\/product"}],"replies":[{"embeddable":true,"href":"https:\/\/bacanaskincare.com\/fr\/wp-json\/wp\/v2\/comments?post=22545"}],"wp:featuredmedia":[{"embeddable":true,"href":"https:\/\/bacanaskincare.com\/fr\/wp-json\/wp\/v2\/media\/26007"}],"wp:attachment":[{"href":"https:\/\/bacanaskincare.com\/fr\/wp-json\/wp\/v2\/media?parent=22545"}],"wp:term":[{"taxonomy":"product_brand","embeddable":true,"href":"https:\/\/bacanaskincare.com\/fr\/wp-json\/wp\/v2\/product_brand?post=22545"},{"taxonomy":"product_cat","embeddable":true,"href":"https:\/\/bacanaskincare.com\/fr\/wp-json\/wp\/v2\/product_cat?post=22545"},{"taxonomy":"product_tag","embeddable":true,"href":"https:\/\/bacanaskincare.com\/fr\/wp-json\/wp\/v2\/product_tag?post=22545"}],"curies":[{"name":"wp","href":"https:\/\/api.w.org\/{rel}","templated":true}]}}