{"id":22539,"date":"2021-04-21T22:35:02","date_gmt":"2021-04-21T20:35:02","guid":{"rendered":"https:\/\/bacanaskincare.com\/shop\/non%20class\u00e9\/serum-backuchiol\/"},"modified":"2025-12-22T20:13:42","modified_gmt":"2025-12-22T19:13:42","slug":"serum-backuchiol","status":"publish","type":"product","link":"https:\/\/bacanaskincare.com\/fr\/product\/serum-backuchiol\/","title":{"rendered":"S\u00e9rum Bio-R\u00e9tinol (Bakuchiol)"},"content":{"rendered":"<h3 class=\"p1\"><strong>LES INGR\u00c9DIENTS CL\u00c9S ET LEUR EFFICACIT\u00c9<\/strong><\/h3>\n<p><strong>BAKUCHIOL :<\/strong> le bakuchiol, une alternative naturelle au r\u00e9tinol, a fait l&rsquo;objet d&rsquo;\u00e9tudes approfondies. La recherche* montre qu&rsquo;il r\u00e9duit les rides, am\u00e9liore le teint, renforce l&rsquo;\u00e9lasticit\u00e9 et raffermit la peau. Le bakuchiol est \u00e9galement efficace contre l&rsquo;acn\u00e9.<\/p>\n<p><strong>HUILE DE SACHA INCHI BIO:<\/strong> Originaire de la for\u00eat amazonienne, cette huile est extraordinairement riche en vitamine E et en om\u00e9ga 3 et 6. Il prot\u00e8ge contre les radicaux libres, qui sont un facteur de risque connu de d\u00e9gradation cellulaire et de vieillissement pr\u00e9matur\u00e9. Il nourrit et favorise la r\u00e9g\u00e9n\u00e9ration cellulaire. Notre huile de Sacha Inchi est biologique et certifi\u00e9e Fairtrade, en provenance du P\u00e9rou. Notre fournisseur s&rsquo;engage \u00e0 adopter des pratiques durables qui pr\u00e9servent l&rsquo;Amazonie et sa biodiversit\u00e9 et contribuent au d\u00e9veloppement des communaut\u00e9s locales.<\/p>\n<p><strong>ASTAXANTHINE:<\/strong> L&rsquo;astaxanthine, un pigment orange naturel pr\u00e9sent dans les microalgues, poss\u00e8de un pouvoir antioxydant 60 fois sup\u00e9rieur \u00e0 celui de la vitamine C et offre un soutien solide au collag\u00e8ne, ainsi qu&rsquo;une protection contre le photovieillissement de la peau.<\/p>\n<p><strong>HUILE DE MORINGA BIO :<\/strong> L&rsquo;huile de graines de moringa, \u00e0 forte teneur en acide ol\u00e9ique, nourrit et restaure la fonction barri\u00e8re de la peau. Il est \u00e9galement riche en cytokinines, comme la z\u00e9atine, qui favorisent la croissance cellulaire et luttent contre le vieillissement.<\/p>\n<p><strong>EXTRAIT DE P\u00c9PINS DE GRENADE BIOLOGIQUE, HUILE D&rsquo;\u00c9GLANTIER ET HUILE DE P\u00c9PINS DE RAISIN BIOLOGIQUE :<\/strong> Gorg\u00e9e de vitamines naturelles, d&rsquo;antioxydants et d&rsquo;acides gras essentiels, elle r\u00e9pare, assouplit et raffermit la peau, lui conf\u00e9rant un \u00e9clat radieux et sain.<\/p>\n<p class=\"p1\"><span style=\"font-size: 14px;\">*\u00c9tude r\u00e9alis\u00e9e par le British Journal of Dermatology en 2018 : Assessment of Topical Bakuchiol and Retinol for Facial Photoageing.<\/span><\/p>\n","protected":false},"excerpt":{"rendered":"<blockquote>\n<h2>Une huile exclusive pour le visage avec 6 ingr\u00e9dients actifs \u00e0 base de plantes, riches en antioxydants, vitamines et om\u00e9gas.<\/h2>\n<\/blockquote>\n<div class=\"flex max-w-full flex-col flex-grow\">\n<div class=\"min-h-8 text-message relative flex w-full flex-col items-end gap-2 whitespace-normal break-words text-start [.text-message+&amp;]:mt-5\" dir=\"auto\" data-message-author-role=\"assistant\" data-message-id=\"c528521c-e104-4d8c-b113-ad7395a7d268\" data-message-model-slug=\"gpt-4o\">\n<div class=\"flex w-full flex-col gap-1 empty:hidden first:pt-[3px]\">\n<div class=\"markdown prose w-full break-words dark:prose-invert light\">\n<p data-start=\"0\" data-end=\"145\" data-is-last-node=\"\" data-is-only-node=\"\"><span style=\"color: #ff0000;\">Nous avons mis \u00e0 jour notre emballage et chang\u00e9 le nom du produit, mais rassurez-vous, la formule reste la m\u00eame ! Notre s\u00e9rum s&rsquo;appelle d\u00e9sormais <strong data-start=\"125\" data-end=\"144\">S\u00e9rum Bakuchiol.<\/strong> <\/span><\/p>\n<\/div>\n<\/div>\n<\/div>\n<\/div>\n<p>[vc_row][vc_column][vc_toggle title=\u00a0\u00bbQU&rsquo;EST-CE QUE C&rsquo;EST ?\u00a0\u00bb style=\u00a0\u00bbarrow\u00a0\u00bb custom_font_container=\u00a0\u00bbtag:h3|text_align:left\u00a0\u00bb custom_use_theme_fonts=\u00a0\u00bbyes\u00a0\u00bb]Notre s\u00e9rum contient du Bakuchiol, une alternative naturelle au r\u00e9tinol synth\u00e9tique, et est enrichi de six ingr\u00e9dients naturels riches en antioxydants, vitamines, om\u00e9gas et carot\u00e9no\u00efdes : huile de Sacha Inchi, huile de Rose Musqu\u00e9e, huile de P\u00e9pins de Raisin, huile de Moringa, extrait de Grenade et Astaxanthine.[\/vc_toggle] [vc_toggle title=\u00a0\u00bb\u00c0 QUOI CA SERT?\u00a0\u00bb style=\u00a0\u00bbarrow\u00a0\u00bb custom_font_container=\u00a0\u00bbtag:h3|text_align:left\u00a0\u00bb custom_use_theme_fonts=\u00a0\u00bbyes\u00a0\u00bb]Cette formule exclusive favorise non seulement la r\u00e9g\u00e9n\u00e9ration cellulaire, stimule la production de collag\u00e8ne et r\u00e9duit les taches, mais aide \u00e9galement \u00e0 lutter contre l\u2019acn\u00e9 gr\u00e2ce \u00e0 ses propri\u00e9t\u00e9s anti-inflammatoires naturelles.[\/vc_toggle][vc_toggle title=\u00a0\u00bbPOUR QUI?\u00a0\u00bb style=\u00a0\u00bbarrow\u00a0\u00bb custom_font_container=\u00a0\u00bbtag:h3|text_align:left\u00a0\u00bb custom_use_theme_fonts=\u00a0\u00bbyes\u00a0\u00bb]Adapt\u00e9 \u00e0 tous les types de peau. Pour les plus sensibles, nous proposons une version sans parfum.[\/vc_toggle][vc_toggle title=\u00a0\u00bbCOMMENT L&rsquo;UTILISER?\u00a0\u00bb style=\u00a0\u00bbarrow\u00a0\u00bb custom_font_container=\u00a0\u00bbtag:h3|text_align:left\u00a0\u00bb custom_use_theme_fonts=\u00a0\u00bbyes\u00a0\u00bb]Apr\u00e8s le nettoyage, la tonification et l&rsquo;hydratation, appliquer 3 \u00e0 6 gouttes sur le visage et le cou par des mouvements circulaires ascendants. Appliquer matin et soir.[\/vc_toggle][\/vc_column][\/vc_row]<\/p>\n","protected":false},"featured_media":26064,"comment_status":"open","ping_status":"closed","template":"","meta":{"ocean_post_layout":"","ocean_both_sidebars_style":"","ocean_both_sidebars_content_width":0,"ocean_both_sidebars_sidebars_width":0,"ocean_sidebar":"0","ocean_second_sidebar":"0","ocean_disable_margins":"enable","ocean_add_body_class":"","ocean_shortcode_before_top_bar":"","ocean_shortcode_after_top_bar":"","ocean_shortcode_before_header":"","ocean_shortcode_after_header":"","ocean_has_shortcode":"","ocean_shortcode_after_title":"","ocean_shortcode_before_footer_widgets":"","ocean_shortcode_after_footer_widgets":"","ocean_shortcode_before_footer_bottom":"","ocean_shortcode_after_footer_bottom":"","ocean_display_top_bar":"default","ocean_display_header":"default","ocean_header_style":"","ocean_center_header_left_menu":"0","ocean_custom_header_template":"0","ocean_custom_logo":0,"ocean_custom_retina_logo":0,"ocean_custom_logo_max_width":0,"ocean_custom_logo_tablet_max_width":0,"ocean_custom_logo_mobile_max_width":0,"ocean_custom_logo_max_height":0,"ocean_custom_logo_tablet_max_height":0,"ocean_custom_logo_mobile_max_height":0,"ocean_header_custom_menu":"0","ocean_menu_typo_font_family":"0","ocean_menu_typo_font_subset":"","ocean_menu_typo_font_size":0,"ocean_menu_typo_font_size_tablet":0,"ocean_menu_typo_font_size_mobile":0,"ocean_menu_typo_font_size_unit":"px","ocean_menu_typo_font_weight":"","ocean_menu_typo_font_weight_tablet":"","ocean_menu_typo_font_weight_mobile":"","ocean_menu_typo_transform":"","ocean_menu_typo_transform_tablet":"","ocean_menu_typo_transform_mobile":"","ocean_menu_typo_line_height":0,"ocean_menu_typo_line_height_tablet":0,"ocean_menu_typo_line_height_mobile":0,"ocean_menu_typo_line_height_unit":"","ocean_menu_typo_spacing":0,"ocean_menu_typo_spacing_tablet":0,"ocean_menu_typo_spacing_mobile":0,"ocean_menu_typo_spacing_unit":"","ocean_menu_link_color":"","ocean_menu_link_color_hover":"","ocean_menu_link_color_active":"","ocean_menu_link_background":"","ocean_menu_link_hover_background":"","ocean_menu_link_active_background":"","ocean_menu_social_links_bg":"","ocean_menu_social_hover_links_bg":"","ocean_menu_social_links_color":"","ocean_menu_social_hover_links_color":"","ocean_disable_title":"default","ocean_disable_heading":"default","ocean_post_title":"","ocean_post_subheading":"","ocean_post_title_style":"","ocean_post_title_background_color":"","ocean_post_title_background":0,"ocean_post_title_bg_image_position":"","ocean_post_title_bg_image_attachment":"","ocean_post_title_bg_image_repeat":"","ocean_post_title_bg_image_size":"","ocean_post_title_height":0,"ocean_post_title_bg_overlay":0.5,"ocean_post_title_bg_overlay_color":"","ocean_disable_breadcrumbs":"default","ocean_breadcrumbs_color":"","ocean_breadcrumbs_separator_color":"","ocean_breadcrumbs_links_color":"","ocean_breadcrumbs_links_hover_color":"","ocean_display_footer_widgets":"default","ocean_display_footer_bottom":"default","ocean_custom_footer_template":"0","iawp_total_views":39},"product_brand":[],"product_cat":[405],"product_tag":[],"class_list":{"0":"post-22539","1":"product","2":"type-product","3":"status-publish","4":"has-post-thumbnail","6":"product_cat-skin-care-fr","8":"entry","9":"has-media","11":"first","12":"instock","13":"shipping-taxable","14":"purchasable","15":"product-type-variable","16":"has-default-attributes","17":"has-rating","18":"has-product-nav","19":"col","20":"span_1_of_3","21":"owp-content-center","22":"item-entry","23":"owp-thumbs-layout-horizontal","24":"owp-btn-normal","25":"owp-tabs-layout-horizontal","27":"circle-sale"},"yoast_head":"<!-- This site is optimized with the Yoast SEO plugin v27.3 - https:\/\/yoast.com\/product\/yoast-seo-wordpress\/ -->\n<title>S\u00e9rum Bio-R\u00e9tinol (Bakuchiol) - Bacana Skincare<\/title>\n<meta name=\"description\" content=\"Une formule innovante \u00e0 base de Bakuchiol (Bio-R\u00e9tinol) enrichie d&#039;un cocktail d&#039;ingr\u00e9dients antioxydants puissants. 36\u20ac\" \/>\n<meta name=\"robots\" content=\"index, follow, max-snippet:-1, max-image-preview:large, max-video-preview:-1\" \/>\n<link rel=\"canonical\" href=\"https:\/\/bacanaskincare.com\/fr\/product\/serum-backuchiol\/\" \/>\n<meta property=\"og:locale\" content=\"fr_FR\" \/>\n<meta property=\"og:type\" content=\"article\" \/>\n<meta property=\"og:title\" content=\"S\u00e9rum Bio-R\u00e9tinol (Bakuchiol) - Bacana Skincare\" \/>\n<meta property=\"og:description\" content=\"Une formule innovante \u00e0 base de Bakuchiol (Bio-R\u00e9tinol) enrichie d&#039;un cocktail d&#039;ingr\u00e9dients antioxydants puissants. 36\u20ac\" \/>\n<meta property=\"og:url\" content=\"https:\/\/bacanaskincare.com\/fr\/product\/serum-backuchiol\/\" \/>\n<meta property=\"og:site_name\" content=\"Bacana Skincare\" \/>\n<meta property=\"article:publisher\" content=\"https:\/\/www.facebook.com\/bacanaskincare-106988470647315\/\" \/>\n<meta property=\"article:modified_time\" content=\"2025-12-22T19:13:42+00:00\" \/>\n<meta property=\"og:image\" content=\"https:\/\/bacanaskincare.com\/wp-content\/uploads\/2021\/04\/Serum-Bakuchiol-4.jpg\" \/>\n\t<meta property=\"og:image:width\" content=\"1050\" \/>\n\t<meta property=\"og:image:height\" content=\"1050\" \/>\n\t<meta property=\"og:image:type\" content=\"image\/jpeg\" \/>\n<meta name=\"twitter:card\" content=\"summary_large_image\" \/>\n<meta name=\"twitter:label1\" content=\"Dur\u00e9e de lecture estim\u00e9e\" \/>\n\t<meta name=\"twitter:data1\" content=\"1 minute\" \/>\n<script type=\"application\/ld+json\" class=\"yoast-schema-graph\">{\"@context\":\"https:\\\/\\\/schema.org\",\"@graph\":[{\"@type\":[\"WebPage\",\"ItemPage\"],\"@id\":\"https:\\\/\\\/bacanaskincare.com\\\/fr\\\/product\\\/serum-backuchiol\\\/\",\"url\":\"https:\\\/\\\/bacanaskincare.com\\\/fr\\\/product\\\/serum-backuchiol\\\/\",\"name\":\"S\u00e9rum Bio-R\u00e9tinol (Bakuchiol) - Bacana Skincare\",\"isPartOf\":{\"@id\":\"https:\\\/\\\/bacanaskincare.com\\\/fr\\\/#website\"},\"primaryImageOfPage\":{\"@id\":\"https:\\\/\\\/bacanaskincare.com\\\/fr\\\/product\\\/serum-backuchiol\\\/#primaryimage\"},\"image\":{\"@id\":\"https:\\\/\\\/bacanaskincare.com\\\/fr\\\/product\\\/serum-backuchiol\\\/#primaryimage\"},\"thumbnailUrl\":\"https:\\\/\\\/bacanaskincare.com\\\/wp-content\\\/uploads\\\/2021\\\/04\\\/Serum-Bakuchiol-4.jpg\",\"datePublished\":\"2021-04-21T20:35:02+00:00\",\"dateModified\":\"2025-12-22T19:13:42+00:00\",\"description\":\"Une formule innovante \u00e0 base de Bakuchiol (Bio-R\u00e9tinol) enrichie d'un cocktail d'ingr\u00e9dients antioxydants puissants. 36\u20ac\",\"breadcrumb\":{\"@id\":\"https:\\\/\\\/bacanaskincare.com\\\/fr\\\/product\\\/serum-backuchiol\\\/#breadcrumb\"},\"inLanguage\":\"fr-FR\",\"potentialAction\":[{\"@type\":\"ReadAction\",\"target\":[\"https:\\\/\\\/bacanaskincare.com\\\/fr\\\/product\\\/serum-backuchiol\\\/\"]}]},{\"@type\":\"ImageObject\",\"inLanguage\":\"fr-FR\",\"@id\":\"https:\\\/\\\/bacanaskincare.com\\\/fr\\\/product\\\/serum-backuchiol\\\/#primaryimage\",\"url\":\"https:\\\/\\\/bacanaskincare.com\\\/wp-content\\\/uploads\\\/2021\\\/04\\\/Serum-Bakuchiol-4.jpg\",\"contentUrl\":\"https:\\\/\\\/bacanaskincare.com\\\/wp-content\\\/uploads\\\/2021\\\/04\\\/Serum-Bakuchiol-4.jpg\",\"width\":1050,\"height\":1050},{\"@type\":\"BreadcrumbList\",\"@id\":\"https:\\\/\\\/bacanaskincare.com\\\/fr\\\/product\\\/serum-backuchiol\\\/#breadcrumb\",\"itemListElement\":[{\"@type\":\"ListItem\",\"position\":1,\"name\":\"Shop\",\"item\":\"https:\\\/\\\/bacanaskincare.com\\\/fr\\\/shop\\\/\"},{\"@type\":\"ListItem\",\"position\":2,\"name\":\"Skin care\",\"item\":\"https:\\\/\\\/bacanaskincare.com\\\/fr\\\/categorie-produit\\\/skin-care-fr\\\/\"},{\"@type\":\"ListItem\",\"position\":3,\"name\":\"S\u00e9rum Bio-R\u00e9tinol (Bakuchiol)\"}]},{\"@type\":\"WebSite\",\"@id\":\"https:\\\/\\\/bacanaskincare.com\\\/fr\\\/#website\",\"url\":\"https:\\\/\\\/bacanaskincare.com\\\/fr\\\/\",\"name\":\"Bacana Skincare\",\"description\":\"Natural skincare powered by tropical superfruits\",\"publisher\":{\"@id\":\"https:\\\/\\\/bacanaskincare.com\\\/fr\\\/#organization\"},\"potentialAction\":[{\"@type\":\"SearchAction\",\"target\":{\"@type\":\"EntryPoint\",\"urlTemplate\":\"https:\\\/\\\/bacanaskincare.com\\\/fr\\\/?s={search_term_string}\"},\"query-input\":{\"@type\":\"PropertyValueSpecification\",\"valueRequired\":true,\"valueName\":\"search_term_string\"}}],\"inLanguage\":\"fr-FR\"},{\"@type\":\"Organization\",\"@id\":\"https:\\\/\\\/bacanaskincare.com\\\/fr\\\/#organization\",\"name\":\"Bacana Skincare\",\"url\":\"https:\\\/\\\/bacanaskincare.com\\\/fr\\\/\",\"logo\":{\"@type\":\"ImageObject\",\"inLanguage\":\"fr-FR\",\"@id\":\"https:\\\/\\\/bacanaskincare.com\\\/fr\\\/#\\\/schema\\\/logo\\\/image\\\/\",\"url\":\"https:\\\/\\\/bacanaskincare.com\\\/wp-content\\\/uploads\\\/2019\\\/09\\\/u.png\",\"contentUrl\":\"https:\\\/\\\/bacanaskincare.com\\\/wp-content\\\/uploads\\\/2019\\\/09\\\/u.png\",\"width\":834,\"height\":226,\"caption\":\"Bacana Skincare\"},\"image\":{\"@id\":\"https:\\\/\\\/bacanaskincare.com\\\/fr\\\/#\\\/schema\\\/logo\\\/image\\\/\"},\"sameAs\":[\"https:\\\/\\\/www.facebook.com\\\/bacanaskincare-106988470647315\\\/\",\"https:\\\/\\\/www.instagram.com\\\/bacanaskincare\\\/?hl=en\",\"https:\\\/\\\/br.pinterest.com\\\/d0fd9db15f94c64465fab43d03b69a\\\/\"]}]}<\/script>\n<!-- \/ Yoast SEO plugin. -->","yoast_head_json":{"title":"S\u00e9rum Bio-R\u00e9tinol (Bakuchiol) - Bacana Skincare","description":"Une formule innovante \u00e0 base de Bakuchiol (Bio-R\u00e9tinol) enrichie d'un cocktail d'ingr\u00e9dients antioxydants puissants. 36\u20ac","robots":{"index":"index","follow":"follow","max-snippet":"max-snippet:-1","max-image-preview":"max-image-preview:large","max-video-preview":"max-video-preview:-1"},"canonical":"https:\/\/bacanaskincare.com\/fr\/product\/serum-backuchiol\/","og_locale":"fr_FR","og_type":"article","og_title":"S\u00e9rum Bio-R\u00e9tinol (Bakuchiol) - Bacana Skincare","og_description":"Une formule innovante \u00e0 base de Bakuchiol (Bio-R\u00e9tinol) enrichie d'un cocktail d'ingr\u00e9dients antioxydants puissants. 36\u20ac","og_url":"https:\/\/bacanaskincare.com\/fr\/product\/serum-backuchiol\/","og_site_name":"Bacana Skincare","article_publisher":"https:\/\/www.facebook.com\/bacanaskincare-106988470647315\/","article_modified_time":"2025-12-22T19:13:42+00:00","og_image":[{"width":1050,"height":1050,"url":"https:\/\/bacanaskincare.com\/wp-content\/uploads\/2021\/04\/Serum-Bakuchiol-4.jpg","type":"image\/jpeg"}],"twitter_card":"summary_large_image","twitter_misc":{"Dur\u00e9e de lecture estim\u00e9e":"1 minute"},"schema":{"@context":"https:\/\/schema.org","@graph":[{"@type":["WebPage","ItemPage"],"@id":"https:\/\/bacanaskincare.com\/fr\/product\/serum-backuchiol\/","url":"https:\/\/bacanaskincare.com\/fr\/product\/serum-backuchiol\/","name":"S\u00e9rum Bio-R\u00e9tinol (Bakuchiol) - Bacana Skincare","isPartOf":{"@id":"https:\/\/bacanaskincare.com\/fr\/#website"},"primaryImageOfPage":{"@id":"https:\/\/bacanaskincare.com\/fr\/product\/serum-backuchiol\/#primaryimage"},"image":{"@id":"https:\/\/bacanaskincare.com\/fr\/product\/serum-backuchiol\/#primaryimage"},"thumbnailUrl":"https:\/\/bacanaskincare.com\/wp-content\/uploads\/2021\/04\/Serum-Bakuchiol-4.jpg","datePublished":"2021-04-21T20:35:02+00:00","dateModified":"2025-12-22T19:13:42+00:00","description":"Une formule innovante \u00e0 base de Bakuchiol (Bio-R\u00e9tinol) enrichie d'un cocktail d'ingr\u00e9dients antioxydants puissants. 36\u20ac","breadcrumb":{"@id":"https:\/\/bacanaskincare.com\/fr\/product\/serum-backuchiol\/#breadcrumb"},"inLanguage":"fr-FR","potentialAction":[{"@type":"ReadAction","target":["https:\/\/bacanaskincare.com\/fr\/product\/serum-backuchiol\/"]}]},{"@type":"ImageObject","inLanguage":"fr-FR","@id":"https:\/\/bacanaskincare.com\/fr\/product\/serum-backuchiol\/#primaryimage","url":"https:\/\/bacanaskincare.com\/wp-content\/uploads\/2021\/04\/Serum-Bakuchiol-4.jpg","contentUrl":"https:\/\/bacanaskincare.com\/wp-content\/uploads\/2021\/04\/Serum-Bakuchiol-4.jpg","width":1050,"height":1050},{"@type":"BreadcrumbList","@id":"https:\/\/bacanaskincare.com\/fr\/product\/serum-backuchiol\/#breadcrumb","itemListElement":[{"@type":"ListItem","position":1,"name":"Shop","item":"https:\/\/bacanaskincare.com\/fr\/shop\/"},{"@type":"ListItem","position":2,"name":"Skin care","item":"https:\/\/bacanaskincare.com\/fr\/categorie-produit\/skin-care-fr\/"},{"@type":"ListItem","position":3,"name":"S\u00e9rum Bio-R\u00e9tinol (Bakuchiol)"}]},{"@type":"WebSite","@id":"https:\/\/bacanaskincare.com\/fr\/#website","url":"https:\/\/bacanaskincare.com\/fr\/","name":"Bacana Skincare","description":"Natural skincare powered by tropical superfruits","publisher":{"@id":"https:\/\/bacanaskincare.com\/fr\/#organization"},"potentialAction":[{"@type":"SearchAction","target":{"@type":"EntryPoint","urlTemplate":"https:\/\/bacanaskincare.com\/fr\/?s={search_term_string}"},"query-input":{"@type":"PropertyValueSpecification","valueRequired":true,"valueName":"search_term_string"}}],"inLanguage":"fr-FR"},{"@type":"Organization","@id":"https:\/\/bacanaskincare.com\/fr\/#organization","name":"Bacana Skincare","url":"https:\/\/bacanaskincare.com\/fr\/","logo":{"@type":"ImageObject","inLanguage":"fr-FR","@id":"https:\/\/bacanaskincare.com\/fr\/#\/schema\/logo\/image\/","url":"https:\/\/bacanaskincare.com\/wp-content\/uploads\/2019\/09\/u.png","contentUrl":"https:\/\/bacanaskincare.com\/wp-content\/uploads\/2019\/09\/u.png","width":834,"height":226,"caption":"Bacana Skincare"},"image":{"@id":"https:\/\/bacanaskincare.com\/fr\/#\/schema\/logo\/image\/"},"sameAs":["https:\/\/www.facebook.com\/bacanaskincare-106988470647315\/","https:\/\/www.instagram.com\/bacanaskincare\/?hl=en","https:\/\/br.pinterest.com\/d0fd9db15f94c64465fab43d03b69a\/"]}]}},"_links":{"self":[{"href":"https:\/\/bacanaskincare.com\/fr\/wp-json\/wp\/v2\/product\/22539","targetHints":{"allow":["GET"]}}],"collection":[{"href":"https:\/\/bacanaskincare.com\/fr\/wp-json\/wp\/v2\/product"}],"about":[{"href":"https:\/\/bacanaskincare.com\/fr\/wp-json\/wp\/v2\/types\/product"}],"replies":[{"embeddable":true,"href":"https:\/\/bacanaskincare.com\/fr\/wp-json\/wp\/v2\/comments?post=22539"}],"wp:featuredmedia":[{"embeddable":true,"href":"https:\/\/bacanaskincare.com\/fr\/wp-json\/wp\/v2\/media\/26064"}],"wp:attachment":[{"href":"https:\/\/bacanaskincare.com\/fr\/wp-json\/wp\/v2\/media?parent=22539"}],"wp:term":[{"taxonomy":"product_brand","embeddable":true,"href":"https:\/\/bacanaskincare.com\/fr\/wp-json\/wp\/v2\/product_brand?post=22539"},{"taxonomy":"product_cat","embeddable":true,"href":"https:\/\/bacanaskincare.com\/fr\/wp-json\/wp\/v2\/product_cat?post=22539"},{"taxonomy":"product_tag","embeddable":true,"href":"https:\/\/bacanaskincare.com\/fr\/wp-json\/wp\/v2\/product_tag?post=22539"}],"curies":[{"name":"wp","href":"https:\/\/api.w.org\/{rel}","templated":true}]}}