{"id":22538,"date":"2021-05-15T12:10:07","date_gmt":"2021-05-15T10:10:07","guid":{"rendered":"https:\/\/bacanaskincare.com\/shop\/non%20class\u00e9\/set-multi-masquage\/"},"modified":"2025-12-02T00:11:48","modified_gmt":"2025-12-01T23:11:48","slug":"set-multi-masquage","status":"publish","type":"product","link":"https:\/\/bacanaskincare.com\/fr\/product\/set-multi-masquage\/","title":{"rendered":"Set multi-masques"},"content":{"rendered":"<p>Ce coffret contient:<\/p>\n<div class=\"woocommerce-product-details__short-description\">\n<ul>\n<li>1x <a href=\"https:\/\/bacanaskincare.com\/shop\/green-clay-face-mask\/\"><span style=\"text-decoration: underline;\">Masque purifiant \u00e0 l&rsquo;argile verte<\/span> :<\/a> \u00e9limine les impuret\u00e9s, l&rsquo;exc\u00e8s de s\u00e9bum et d\u00e9congestionne les pores apr\u00e8s chaque utilisation.<\/li>\n<li>1x<a href=\"https:\/\/bacanaskincare.com\/shop\/red-clay-face-mask\/\"><span style=\"text-decoration: underline;\">Masque exfoliant et retexturant \u00e0 l&rsquo;argile rouge<\/span> :<\/a> Il nettoie en douceur tout en affinant le grain de la peau. Votre peau devient plus lisse, lumineuse et rafra\u00eechie.<\/li>\n<li>1x <a href=\"https:\/\/bacanaskincare.com\/shop\/face-mask-brush\/\"><span style=\"text-decoration: underline;\">Pinceau pour masque facial:<\/span><\/a> notre pinceau personnalis\u00e9 permet une application pr\u00e9cise de nos masques. Id\u00e9al pour profiter d&rsquo;un moment Bacana.<\/li>\n<\/ul>\n<p>&nbsp;<\/p>\n<p>Si vous souhaitez en savoir plus sur ces produits, cliquez ci-dessus sur chacun d&rsquo;entre eux.<\/p>\n<\/div>\n","protected":false},"excerpt":{"rendered":"<div class=\"woocommerce-product-details__short-description\">\n<blockquote><p><strong>Une solution sur mesure pour chaque besoin de la peau !<\/strong><\/p>\n<p><strong>Un coffret multi-masques compos\u00e9 de 2 masques Bacana qui ciblent le traitement dont vous avez besoin : hydratation, anti-rides, peaux sensibles, d\u00e9tox.<\/strong><\/p><\/blockquote>\n<p>&nbsp;<\/p>\n<\/div>\n<p><strong>QU&rsquo;Y A-T-IL \u00c0 L&rsquo;INT\u00c9RIEUR ?<\/strong><\/p>\n<div class=\"woocommerce-product-details__short-description\">\n<ul>\n<li>1x Masque purifiant \u00e0 l&rsquo;argile verte &#8211; 50ml<\/li>\n<li>1x Masque Exfoliant et Retexturant \u00e0 l&rsquo;Argile Rouge &#8211; 50ml<\/li>\n<li>1x brosse pour masque de visage<\/li>\n<\/ul>\n<p><strong>QU&rsquo;EST-CE QUE LE MULTI-MASKING ?<br \/>\n<\/strong>Le multi-masquage consiste \u00e0 appliquer plusieurs masques sur diff\u00e9rentes parties du visage en m\u00eame temps, afin de traiter diff\u00e9rents probl\u00e8mes de peau.<\/p>\n<p><strong>COMMENT FAIRE UN MULTI-MASQUE<\/strong><\/p>\n<ul>\n<li>Apr\u00e8s avoir nettoy\u00e9 votre visage, appliquez les masques \u00e0 l&rsquo;aide de la brosse sur diff\u00e9rentes zones de votre visage. Par exemple, vous pouvez appliquer le masque \u00e0 l&rsquo;argile verte sur la zone T pour traiter les boutons et l&rsquo;exc\u00e8s de s\u00e9bum et appliquer le masque \u00e0 l&rsquo;argile rouge sur les joues pour affiner les pores et hydrater la peau en m\u00eame temps.<\/li>\n<li>Attendez de 15 \u00e0 20 minutes, puis retirez-le avec de l&rsquo;eau en effectuant des mouvements circulaires.<\/li>\n<li>Pour un r\u00e9sultat optimal, utilisez-les 2 \u00e0 3 fois par semaine.<\/li>\n<\/ul>\n<\/div>\n<div class=\"woocommerce-product-details__short-description\">\n<p>&nbsp;<\/p>\n<\/div>\n<form class=\"cart\" action=\"http:\/\/bacanaskincare.com\/shop\/uncategorized\/green-spa-set\/\" enctype=\"multipart\/form-data\" method=\"post\"><\/form>\n","protected":false},"featured_media":23887,"comment_status":"open","ping_status":"closed","template":"","meta":{"ocean_post_layout":"","ocean_both_sidebars_style":"","ocean_both_sidebars_content_width":0,"ocean_both_sidebars_sidebars_width":0,"ocean_sidebar":"0","ocean_second_sidebar":"0","ocean_disable_margins":"enable","ocean_add_body_class":"","ocean_shortcode_before_top_bar":"","ocean_shortcode_after_top_bar":"","ocean_shortcode_before_header":"","ocean_shortcode_after_header":"","ocean_has_shortcode":"","ocean_shortcode_after_title":"","ocean_shortcode_before_footer_widgets":"","ocean_shortcode_after_footer_widgets":"","ocean_shortcode_before_footer_bottom":"","ocean_shortcode_after_footer_bottom":"","ocean_display_top_bar":"default","ocean_display_header":"default","ocean_header_style":"","ocean_center_header_left_menu":"0","ocean_custom_header_template":"0","ocean_custom_logo":0,"ocean_custom_retina_logo":0,"ocean_custom_logo_max_width":0,"ocean_custom_logo_tablet_max_width":0,"ocean_custom_logo_mobile_max_width":0,"ocean_custom_logo_max_height":0,"ocean_custom_logo_tablet_max_height":0,"ocean_custom_logo_mobile_max_height":0,"ocean_header_custom_menu":"0","ocean_menu_typo_font_family":"0","ocean_menu_typo_font_subset":"","ocean_menu_typo_font_size":0,"ocean_menu_typo_font_size_tablet":0,"ocean_menu_typo_font_size_mobile":0,"ocean_menu_typo_font_size_unit":"px","ocean_menu_typo_font_weight":"","ocean_menu_typo_font_weight_tablet":"","ocean_menu_typo_font_weight_mobile":"","ocean_menu_typo_transform":"","ocean_menu_typo_transform_tablet":"","ocean_menu_typo_transform_mobile":"","ocean_menu_typo_line_height":0,"ocean_menu_typo_line_height_tablet":0,"ocean_menu_typo_line_height_mobile":0,"ocean_menu_typo_line_height_unit":"","ocean_menu_typo_spacing":0,"ocean_menu_typo_spacing_tablet":0,"ocean_menu_typo_spacing_mobile":0,"ocean_menu_typo_spacing_unit":"","ocean_menu_link_color":"","ocean_menu_link_color_hover":"","ocean_menu_link_color_active":"","ocean_menu_link_background":"","ocean_menu_link_hover_background":"","ocean_menu_link_active_background":"","ocean_menu_social_links_bg":"","ocean_menu_social_hover_links_bg":"","ocean_menu_social_links_color":"","ocean_menu_social_hover_links_color":"","ocean_disable_title":"default","ocean_disable_heading":"default","ocean_post_title":"","ocean_post_subheading":"","ocean_post_title_style":"","ocean_post_title_background_color":"","ocean_post_title_background":0,"ocean_post_title_bg_image_position":"","ocean_post_title_bg_image_attachment":"","ocean_post_title_bg_image_repeat":"","ocean_post_title_bg_image_size":"","ocean_post_title_height":0,"ocean_post_title_bg_overlay":0.5,"ocean_post_title_bg_overlay_color":"","ocean_disable_breadcrumbs":"default","ocean_breadcrumbs_color":"","ocean_breadcrumbs_separator_color":"","ocean_breadcrumbs_links_color":"","ocean_breadcrumbs_links_hover_color":"","ocean_display_footer_widgets":"default","ocean_display_footer_bottom":"default","ocean_custom_footer_template":"0","iawp_total_views":0},"product_brand":[],"product_cat":[405],"product_tag":[],"class_list":{"0":"post-22538","1":"product","2":"type-product","3":"status-publish","4":"has-post-thumbnail","6":"product_cat-skin-care-fr","8":"entry","9":"has-media","11":"first","12":"instock","13":"shipping-taxable","14":"purchasable","15":"product-type-simple","16":"has-rating","17":"has-product-nav","18":"col","19":"span_1_of_3","20":"owp-content-center","21":"item-entry","22":"owp-thumbs-layout-horizontal","23":"owp-btn-normal","24":"owp-tabs-layout-horizontal","26":"circle-sale"},"yoast_head":"<!-- This site is optimized with the Yoast SEO plugin v27.3 - https:\/\/yoast.com\/product\/yoast-seo-wordpress\/ -->\n<title>Set multi-masques - Bacana Skincare<\/title>\n<meta name=\"robots\" content=\"index, follow, max-snippet:-1, max-image-preview:large, max-video-preview:-1\" \/>\n<link rel=\"canonical\" href=\"https:\/\/bacanaskincare.com\/fr\/product\/set-multi-masquage\/\" \/>\n<meta property=\"og:locale\" content=\"fr_FR\" \/>\n<meta property=\"og:type\" content=\"article\" \/>\n<meta property=\"og:title\" content=\"Set multi-masques - Bacana Skincare\" \/>\n<meta property=\"og:description\" content=\"Une solution sur mesure pour chaque besoin de la peau ! Un coffret multi-masques compos\u00e9 de 2 masques Bacana qui ciblent le traitement dont vous avez besoin : hydratation, anti-rides, peaux sensibles, d\u00e9tox. &nbsp;  QU&#039;Y A-T-IL \u00c0 L&#039;INT\u00c9RIEUR ?   1x Masque purifiant \u00e0 l&#039;argile verte - 50ml  1x Masque Exfoliant et Retexturant \u00e0 l&#039;Argile Rouge - 50ml  1x brosse pour masque de visage QU&#039;EST-CE QUE LE MULTI-MASKING ? Le multi-masquage consiste \u00e0 appliquer plusieurs masques sur diff\u00e9rentes parties du visage en m\u00eame temps, afin de traiter diff\u00e9rents probl\u00e8mes de peau. COMMENT FAIRE UN MULTI-MASQUE  Apr\u00e8s avoir nettoy\u00e9 votre visage, appliquez les masques \u00e0 l&#039;aide de la brosse sur diff\u00e9rentes zones de votre visage. Par exemple, vous pouvez appliquer le masque \u00e0 l&#039;argile verte sur la zone T pour traiter les boutons et l&#039;exc\u00e8s de s\u00e9bum et appliquer le masque \u00e0 l&#039;argile rouge sur les joues pour affiner les pores et hydrater la peau en m\u00eame temps.  Attendez de 15 \u00e0 20 minutes, puis retirez-le avec de l&#039;eau en effectuant des mouvements circulaires.  Pour un r\u00e9sultat optimal, utilisez-les 2 \u00e0 3 fois par semaine.   &nbsp;\" \/>\n<meta property=\"og:url\" content=\"https:\/\/bacanaskincare.com\/fr\/product\/set-multi-masquage\/\" \/>\n<meta property=\"og:site_name\" content=\"Bacana Skincare\" \/>\n<meta property=\"article:publisher\" content=\"https:\/\/www.facebook.com\/bacanaskincare-106988470647315\/\" \/>\n<meta property=\"article:modified_time\" content=\"2025-12-01T23:11:48+00:00\" \/>\n<meta property=\"og:image\" content=\"https:\/\/bacanaskincare.com\/wp-content\/uploads\/2021\/05\/Multi-masking-and-brush.webp\" \/>\n\t<meta property=\"og:image:width\" content=\"1024\" \/>\n\t<meta property=\"og:image:height\" content=\"1024\" \/>\n\t<meta property=\"og:image:type\" content=\"image\/webp\" \/>\n<meta name=\"twitter:card\" content=\"summary_large_image\" \/>\n<script type=\"application\/ld+json\" class=\"yoast-schema-graph\">{\"@context\":\"https:\\\/\\\/schema.org\",\"@graph\":[{\"@type\":[\"WebPage\",\"ItemPage\"],\"@id\":\"https:\\\/\\\/bacanaskincare.com\\\/fr\\\/product\\\/set-multi-masquage\\\/\",\"url\":\"https:\\\/\\\/bacanaskincare.com\\\/fr\\\/product\\\/set-multi-masquage\\\/\",\"name\":\"Set multi-masques - Bacana Skincare\",\"isPartOf\":{\"@id\":\"https:\\\/\\\/bacanaskincare.com\\\/fr\\\/#website\"},\"primaryImageOfPage\":{\"@id\":\"https:\\\/\\\/bacanaskincare.com\\\/fr\\\/product\\\/set-multi-masquage\\\/#primaryimage\"},\"image\":{\"@id\":\"https:\\\/\\\/bacanaskincare.com\\\/fr\\\/product\\\/set-multi-masquage\\\/#primaryimage\"},\"thumbnailUrl\":\"https:\\\/\\\/bacanaskincare.com\\\/wp-content\\\/uploads\\\/2021\\\/05\\\/Multi-masking-and-brush.webp\",\"datePublished\":\"2021-05-15T10:10:07+00:00\",\"dateModified\":\"2025-12-01T23:11:48+00:00\",\"breadcrumb\":{\"@id\":\"https:\\\/\\\/bacanaskincare.com\\\/fr\\\/product\\\/set-multi-masquage\\\/#breadcrumb\"},\"inLanguage\":\"fr-FR\",\"potentialAction\":[{\"@type\":\"ReadAction\",\"target\":[\"https:\\\/\\\/bacanaskincare.com\\\/fr\\\/product\\\/set-multi-masquage\\\/\"]}]},{\"@type\":\"ImageObject\",\"inLanguage\":\"fr-FR\",\"@id\":\"https:\\\/\\\/bacanaskincare.com\\\/fr\\\/product\\\/set-multi-masquage\\\/#primaryimage\",\"url\":\"https:\\\/\\\/bacanaskincare.com\\\/wp-content\\\/uploads\\\/2021\\\/05\\\/Multi-masking-and-brush.webp\",\"contentUrl\":\"https:\\\/\\\/bacanaskincare.com\\\/wp-content\\\/uploads\\\/2021\\\/05\\\/Multi-masking-and-brush.webp\",\"width\":1024,\"height\":1024},{\"@type\":\"BreadcrumbList\",\"@id\":\"https:\\\/\\\/bacanaskincare.com\\\/fr\\\/product\\\/set-multi-masquage\\\/#breadcrumb\",\"itemListElement\":[{\"@type\":\"ListItem\",\"position\":1,\"name\":\"Shop\",\"item\":\"https:\\\/\\\/bacanaskincare.com\\\/fr\\\/shop\\\/\"},{\"@type\":\"ListItem\",\"position\":2,\"name\":\"Skin care\",\"item\":\"https:\\\/\\\/bacanaskincare.com\\\/fr\\\/categorie-produit\\\/skin-care-fr\\\/\"},{\"@type\":\"ListItem\",\"position\":3,\"name\":\"Set multi-masques\"}]},{\"@type\":\"WebSite\",\"@id\":\"https:\\\/\\\/bacanaskincare.com\\\/fr\\\/#website\",\"url\":\"https:\\\/\\\/bacanaskincare.com\\\/fr\\\/\",\"name\":\"Bacana Skincare\",\"description\":\"Natural skincare powered by tropical superfruits\",\"publisher\":{\"@id\":\"https:\\\/\\\/bacanaskincare.com\\\/fr\\\/#organization\"},\"potentialAction\":[{\"@type\":\"SearchAction\",\"target\":{\"@type\":\"EntryPoint\",\"urlTemplate\":\"https:\\\/\\\/bacanaskincare.com\\\/fr\\\/?s={search_term_string}\"},\"query-input\":{\"@type\":\"PropertyValueSpecification\",\"valueRequired\":true,\"valueName\":\"search_term_string\"}}],\"inLanguage\":\"fr-FR\"},{\"@type\":\"Organization\",\"@id\":\"https:\\\/\\\/bacanaskincare.com\\\/fr\\\/#organization\",\"name\":\"Bacana Skincare\",\"url\":\"https:\\\/\\\/bacanaskincare.com\\\/fr\\\/\",\"logo\":{\"@type\":\"ImageObject\",\"inLanguage\":\"fr-FR\",\"@id\":\"https:\\\/\\\/bacanaskincare.com\\\/fr\\\/#\\\/schema\\\/logo\\\/image\\\/\",\"url\":\"https:\\\/\\\/bacanaskincare.com\\\/wp-content\\\/uploads\\\/2019\\\/09\\\/u.png\",\"contentUrl\":\"https:\\\/\\\/bacanaskincare.com\\\/wp-content\\\/uploads\\\/2019\\\/09\\\/u.png\",\"width\":834,\"height\":226,\"caption\":\"Bacana Skincare\"},\"image\":{\"@id\":\"https:\\\/\\\/bacanaskincare.com\\\/fr\\\/#\\\/schema\\\/logo\\\/image\\\/\"},\"sameAs\":[\"https:\\\/\\\/www.facebook.com\\\/bacanaskincare-106988470647315\\\/\",\"https:\\\/\\\/www.instagram.com\\\/bacanaskincare\\\/?hl=en\",\"https:\\\/\\\/br.pinterest.com\\\/d0fd9db15f94c64465fab43d03b69a\\\/\"]}]}<\/script>\n<!-- \/ Yoast SEO plugin. -->","yoast_head_json":{"title":"Set multi-masques - Bacana Skincare","robots":{"index":"index","follow":"follow","max-snippet":"max-snippet:-1","max-image-preview":"max-image-preview:large","max-video-preview":"max-video-preview:-1"},"canonical":"https:\/\/bacanaskincare.com\/fr\/product\/set-multi-masquage\/","og_locale":"fr_FR","og_type":"article","og_title":"Set multi-masques - Bacana Skincare","og_description":"Une solution sur mesure pour chaque besoin de la peau ! Un coffret multi-masques compos\u00e9 de 2 masques Bacana qui ciblent le traitement dont vous avez besoin : hydratation, anti-rides, peaux sensibles, d\u00e9tox. &nbsp;  QU'Y A-T-IL \u00c0 L'INT\u00c9RIEUR ?   1x Masque purifiant \u00e0 l'argile verte - 50ml  1x Masque Exfoliant et Retexturant \u00e0 l'Argile Rouge - 50ml  1x brosse pour masque de visage QU'EST-CE QUE LE MULTI-MASKING ? Le multi-masquage consiste \u00e0 appliquer plusieurs masques sur diff\u00e9rentes parties du visage en m\u00eame temps, afin de traiter diff\u00e9rents probl\u00e8mes de peau. COMMENT FAIRE UN MULTI-MASQUE  Apr\u00e8s avoir nettoy\u00e9 votre visage, appliquez les masques \u00e0 l'aide de la brosse sur diff\u00e9rentes zones de votre visage. Par exemple, vous pouvez appliquer le masque \u00e0 l'argile verte sur la zone T pour traiter les boutons et l'exc\u00e8s de s\u00e9bum et appliquer le masque \u00e0 l'argile rouge sur les joues pour affiner les pores et hydrater la peau en m\u00eame temps.  Attendez de 15 \u00e0 20 minutes, puis retirez-le avec de l'eau en effectuant des mouvements circulaires.  Pour un r\u00e9sultat optimal, utilisez-les 2 \u00e0 3 fois par semaine.   &nbsp;","og_url":"https:\/\/bacanaskincare.com\/fr\/product\/set-multi-masquage\/","og_site_name":"Bacana Skincare","article_publisher":"https:\/\/www.facebook.com\/bacanaskincare-106988470647315\/","article_modified_time":"2025-12-01T23:11:48+00:00","og_image":[{"width":1024,"height":1024,"url":"https:\/\/bacanaskincare.com\/wp-content\/uploads\/2021\/05\/Multi-masking-and-brush.webp","type":"image\/webp"}],"twitter_card":"summary_large_image","schema":{"@context":"https:\/\/schema.org","@graph":[{"@type":["WebPage","ItemPage"],"@id":"https:\/\/bacanaskincare.com\/fr\/product\/set-multi-masquage\/","url":"https:\/\/bacanaskincare.com\/fr\/product\/set-multi-masquage\/","name":"Set multi-masques - Bacana Skincare","isPartOf":{"@id":"https:\/\/bacanaskincare.com\/fr\/#website"},"primaryImageOfPage":{"@id":"https:\/\/bacanaskincare.com\/fr\/product\/set-multi-masquage\/#primaryimage"},"image":{"@id":"https:\/\/bacanaskincare.com\/fr\/product\/set-multi-masquage\/#primaryimage"},"thumbnailUrl":"https:\/\/bacanaskincare.com\/wp-content\/uploads\/2021\/05\/Multi-masking-and-brush.webp","datePublished":"2021-05-15T10:10:07+00:00","dateModified":"2025-12-01T23:11:48+00:00","breadcrumb":{"@id":"https:\/\/bacanaskincare.com\/fr\/product\/set-multi-masquage\/#breadcrumb"},"inLanguage":"fr-FR","potentialAction":[{"@type":"ReadAction","target":["https:\/\/bacanaskincare.com\/fr\/product\/set-multi-masquage\/"]}]},{"@type":"ImageObject","inLanguage":"fr-FR","@id":"https:\/\/bacanaskincare.com\/fr\/product\/set-multi-masquage\/#primaryimage","url":"https:\/\/bacanaskincare.com\/wp-content\/uploads\/2021\/05\/Multi-masking-and-brush.webp","contentUrl":"https:\/\/bacanaskincare.com\/wp-content\/uploads\/2021\/05\/Multi-masking-and-brush.webp","width":1024,"height":1024},{"@type":"BreadcrumbList","@id":"https:\/\/bacanaskincare.com\/fr\/product\/set-multi-masquage\/#breadcrumb","itemListElement":[{"@type":"ListItem","position":1,"name":"Shop","item":"https:\/\/bacanaskincare.com\/fr\/shop\/"},{"@type":"ListItem","position":2,"name":"Skin care","item":"https:\/\/bacanaskincare.com\/fr\/categorie-produit\/skin-care-fr\/"},{"@type":"ListItem","position":3,"name":"Set multi-masques"}]},{"@type":"WebSite","@id":"https:\/\/bacanaskincare.com\/fr\/#website","url":"https:\/\/bacanaskincare.com\/fr\/","name":"Bacana Skincare","description":"Natural skincare powered by tropical superfruits","publisher":{"@id":"https:\/\/bacanaskincare.com\/fr\/#organization"},"potentialAction":[{"@type":"SearchAction","target":{"@type":"EntryPoint","urlTemplate":"https:\/\/bacanaskincare.com\/fr\/?s={search_term_string}"},"query-input":{"@type":"PropertyValueSpecification","valueRequired":true,"valueName":"search_term_string"}}],"inLanguage":"fr-FR"},{"@type":"Organization","@id":"https:\/\/bacanaskincare.com\/fr\/#organization","name":"Bacana Skincare","url":"https:\/\/bacanaskincare.com\/fr\/","logo":{"@type":"ImageObject","inLanguage":"fr-FR","@id":"https:\/\/bacanaskincare.com\/fr\/#\/schema\/logo\/image\/","url":"https:\/\/bacanaskincare.com\/wp-content\/uploads\/2019\/09\/u.png","contentUrl":"https:\/\/bacanaskincare.com\/wp-content\/uploads\/2019\/09\/u.png","width":834,"height":226,"caption":"Bacana Skincare"},"image":{"@id":"https:\/\/bacanaskincare.com\/fr\/#\/schema\/logo\/image\/"},"sameAs":["https:\/\/www.facebook.com\/bacanaskincare-106988470647315\/","https:\/\/www.instagram.com\/bacanaskincare\/?hl=en","https:\/\/br.pinterest.com\/d0fd9db15f94c64465fab43d03b69a\/"]}]}},"_links":{"self":[{"href":"https:\/\/bacanaskincare.com\/fr\/wp-json\/wp\/v2\/product\/22538","targetHints":{"allow":["GET"]}}],"collection":[{"href":"https:\/\/bacanaskincare.com\/fr\/wp-json\/wp\/v2\/product"}],"about":[{"href":"https:\/\/bacanaskincare.com\/fr\/wp-json\/wp\/v2\/types\/product"}],"replies":[{"embeddable":true,"href":"https:\/\/bacanaskincare.com\/fr\/wp-json\/wp\/v2\/comments?post=22538"}],"wp:featuredmedia":[{"embeddable":true,"href":"https:\/\/bacanaskincare.com\/fr\/wp-json\/wp\/v2\/media\/23887"}],"wp:attachment":[{"href":"https:\/\/bacanaskincare.com\/fr\/wp-json\/wp\/v2\/media?parent=22538"}],"wp:term":[{"taxonomy":"product_brand","embeddable":true,"href":"https:\/\/bacanaskincare.com\/fr\/wp-json\/wp\/v2\/product_brand?post=22538"},{"taxonomy":"product_cat","embeddable":true,"href":"https:\/\/bacanaskincare.com\/fr\/wp-json\/wp\/v2\/product_cat?post=22538"},{"taxonomy":"product_tag","embeddable":true,"href":"https:\/\/bacanaskincare.com\/fr\/wp-json\/wp\/v2\/product_tag?post=22538"}],"curies":[{"name":"wp","href":"https:\/\/api.w.org\/{rel}","templated":true}]}}