{"id":22530,"date":"2021-12-02T22:10:37","date_gmt":"2021-12-02T21:10:37","guid":{"rendered":"https:\/\/bacanaskincare.com\/shop\/uncategorized\/mini-set-bacana-2\/"},"modified":"2026-03-16T10:39:08","modified_gmt":"2026-03-16T09:39:08","slug":"mini-set-bacana","status":"publish","type":"product","link":"https:\/\/bacanaskincare.com\/fr\/product\/mini-set-bacana\/","title":{"rendered":"Mini Kit Bacana"},"content":{"rendered":"<h3>Ce kit comprend les produits suivants :<\/h3>\n<p>1x sac de beaut\u00e9 en coton.<\/p>\n<p>1x <a href=\"https:\/\/bacanaskincare.com\/shop\/natural-skincare-face-cleanser\/cleansing-cream-face-wash\/\">Nettoyant Visage 15 ml<\/a> : \u00c9limine les impuret\u00e9s en surface et le maquillage l\u00e9ger, laissant la peau douce et lisse.<br \/>1x <a href=\"https:\/\/bacanaskincare.com\/shop\/skincare-mist-toner\/serenity-vitamin-mist-toner\/\">Brume Tonique 15 ml <\/a>: Une brume tonique au pH \u00e9quilibr\u00e9 pour une peau radieuse et saine.<\/p>\n<p> Revitalise et apaise la peau, tout en resserrant instantan\u00e9ment les pores et en hydratant la peau.<\/p>\n<p>1x <a href=\"https:\/\/bacanaskincare.com\/shop\/serum\/bio-retinol-oil-serum\/\">S\u00e9rum Bio-R\u00e9tinol 5 ml : <\/a>Une formule innovante \u00e0 base de Bakuchiol (Bio-R\u00e9tinol) enrichie d\u2019un cocktail d\u2019ingr\u00e9dients antioxydants puissants. Cette formule exclusive favorise la r\u00e9g\u00e9n\u00e9ration cellulaire, stimule la production de collag\u00e8ne et r\u00e9duit les imperfections.<\/p>\n<p>1x <a href=\"https:\/\/bacanaskincare.com\/shop\/natural-skincare-face-cream\/multi-action-face-cream\/\">Cr\u00e8me Hydratante Visage<\/a> 7 ml : Une cr\u00e8me hydratante quotidienne pour le visage qui aide \u00e0 r\u00e9duire les taches brunes et \u00e0 renforcer l&rsquo;\u00e9lasticit\u00e9 de la peau.<\/p>\n<p>Si vous souhaitez en savoir plus sur ces produits, cliquez ci-dessus sur chacun d&rsquo;entre eux.<\/p>\n<p>&nbsp;<\/p>\n<h3><strong>COMMENT L&rsquo;UTILISER:<\/strong><\/h3>\n<ul>\n<li>\u00c9tape 1 &#8211; Cr\u00e8me Nettoyante: Masser d\u00e9licatement sur la peau humide, puis rincer.<\/li>\n<li>\u00c9tape 2 &#8211; Brume Tonique: secouez succintement le flacon et vaporisez-le sur le visage et le cou apr\u00e8s avoir nettoy\u00e9 le visage. Laisser ensuite p\u00e9n\u00e9trer pour une hydratation suppl\u00e9mentaire ou essuyer \u00e0 l&rsquo;aide d&rsquo;un cotton.<\/li>\n<li>\u00c9tape 3- Cr\u00e8me Hydratante Visage: Appliquez une petite quantit\u00e9 de la cr\u00e8me pour le visage (2 ou 3 pressions) et faites p\u00e9n\u00e9trer la cr\u00e8me dans votre peau en massant d\u00e9licatement.<\/li>\n<li>\u00c9tape 4- S\u00e9rum Bio-Retinol: Appliquer 2 \u00e0 4 gouttes sur le visage deux fois par jour.<\/li>\n<\/ul>\n<p>&nbsp;<\/p>\n","protected":false},"excerpt":{"rendered":"<blockquote><p><strong>Pr\u00e9sent\u00e9e dans une trousse de beaut\u00e9, notre mini-collection de soins est parfaite comme kit de d\u00e9couverte, cadeau ou trousse de voyage.<\/strong><\/p><\/blockquote>\n<p>&nbsp;<\/p>\n<p>Nous avons s\u00e9lectionn\u00e9 les produits essentiels pour une routine de soins minimaliste.<\/p>\n<p>Adapt\u00e9 \u00e0 tous les types de peau, ce kit contient 4 produits qui ont un effet nettoyant, rafra\u00eechissant et nourrissant..<\/p>\n<p><strong>Des emballages durables que vous ne jetterez pas !<\/strong> Nos mini-emballages sont en verre, et vous pouvez facilement les r\u00e9utiliser. Il suffit de les recharger et de les emporter lors de votre prochain voyage.<\/p>\n<p>&nbsp;<\/p>\n","protected":false},"featured_media":26196,"comment_status":"open","ping_status":"closed","template":"","meta":{"ocean_post_layout":"","ocean_both_sidebars_style":"","ocean_both_sidebars_content_width":0,"ocean_both_sidebars_sidebars_width":0,"ocean_sidebar":"0","ocean_second_sidebar":"0","ocean_disable_margins":"enable","ocean_add_body_class":"","ocean_shortcode_before_top_bar":"","ocean_shortcode_after_top_bar":"","ocean_shortcode_before_header":"","ocean_shortcode_after_header":"","ocean_has_shortcode":"","ocean_shortcode_after_title":"","ocean_shortcode_before_footer_widgets":"","ocean_shortcode_after_footer_widgets":"","ocean_shortcode_before_footer_bottom":"","ocean_shortcode_after_footer_bottom":"","ocean_display_top_bar":"default","ocean_display_header":"default","ocean_header_style":"","ocean_center_header_left_menu":"0","ocean_custom_header_template":"0","ocean_custom_logo":0,"ocean_custom_retina_logo":0,"ocean_custom_logo_max_width":0,"ocean_custom_logo_tablet_max_width":0,"ocean_custom_logo_mobile_max_width":0,"ocean_custom_logo_max_height":0,"ocean_custom_logo_tablet_max_height":0,"ocean_custom_logo_mobile_max_height":0,"ocean_header_custom_menu":"0","ocean_menu_typo_font_family":"0","ocean_menu_typo_font_subset":"","ocean_menu_typo_font_size":0,"ocean_menu_typo_font_size_tablet":0,"ocean_menu_typo_font_size_mobile":0,"ocean_menu_typo_font_size_unit":"px","ocean_menu_typo_font_weight":"","ocean_menu_typo_font_weight_tablet":"","ocean_menu_typo_font_weight_mobile":"","ocean_menu_typo_transform":"","ocean_menu_typo_transform_tablet":"","ocean_menu_typo_transform_mobile":"","ocean_menu_typo_line_height":0,"ocean_menu_typo_line_height_tablet":0,"ocean_menu_typo_line_height_mobile":0,"ocean_menu_typo_line_height_unit":"","ocean_menu_typo_spacing":0,"ocean_menu_typo_spacing_tablet":0,"ocean_menu_typo_spacing_mobile":0,"ocean_menu_typo_spacing_unit":"","ocean_menu_link_color":"","ocean_menu_link_color_hover":"","ocean_menu_link_color_active":"","ocean_menu_link_background":"","ocean_menu_link_hover_background":"","ocean_menu_link_active_background":"","ocean_menu_social_links_bg":"","ocean_menu_social_hover_links_bg":"","ocean_menu_social_links_color":"","ocean_menu_social_hover_links_color":"","ocean_disable_title":"default","ocean_disable_heading":"default","ocean_post_title":"","ocean_post_subheading":"","ocean_post_title_style":"","ocean_post_title_background_color":"","ocean_post_title_background":0,"ocean_post_title_bg_image_position":"","ocean_post_title_bg_image_attachment":"","ocean_post_title_bg_image_repeat":"","ocean_post_title_bg_image_size":"","ocean_post_title_height":0,"ocean_post_title_bg_overlay":0.5,"ocean_post_title_bg_overlay_color":"","ocean_disable_breadcrumbs":"default","ocean_breadcrumbs_color":"","ocean_breadcrumbs_separator_color":"","ocean_breadcrumbs_links_color":"","ocean_breadcrumbs_links_hover_color":"","ocean_display_footer_widgets":"default","ocean_display_footer_bottom":"default","ocean_custom_footer_template":"0","iawp_total_views":35},"product_brand":[],"product_cat":[405],"product_tag":[],"class_list":{"0":"post-22530","1":"product","2":"type-product","3":"status-publish","4":"has-post-thumbnail","6":"product_cat-skin-care-fr","8":"entry","9":"has-media","11":"first","12":"outofstock","13":"sale","14":"shipping-taxable","15":"purchasable","16":"product-type-simple","17":"has-rating","18":"has-product-nav","19":"col","20":"span_1_of_3","21":"owp-content-center","22":"item-entry","23":"owp-thumbs-layout-horizontal","24":"owp-btn-normal","25":"owp-tabs-layout-horizontal","26":"has-no-thumbnails","28":"circle-sale"},"yoast_head":"<!-- This site is optimized with the Yoast SEO plugin v27.3 - https:\/\/yoast.com\/product\/yoast-seo-wordpress\/ -->\n<title>Mini Kit Bacana - Bacana Skincare<\/title>\n<meta name=\"robots\" content=\"index, follow, max-snippet:-1, max-image-preview:large, max-video-preview:-1\" \/>\n<link rel=\"canonical\" href=\"https:\/\/bacanaskincare.com\/fr\/product\/mini-set-bacana\/\" \/>\n<meta property=\"og:locale\" content=\"fr_FR\" \/>\n<meta property=\"og:type\" content=\"article\" \/>\n<meta property=\"og:title\" content=\"Mini Kit Bacana - Bacana Skincare\" \/>\n<meta property=\"og:description\" content=\"Pr\u00e9sent\u00e9e dans une trousse de beaut\u00e9, notre mini-collection de soins est parfaite comme kit de d\u00e9couverte, cadeau ou trousse de voyage. &nbsp; Nous avons s\u00e9lectionn\u00e9 les produits essentiels pour une routine de soins minimaliste. Adapt\u00e9 \u00e0 tous les types de peau, ce kit contient 4 produits qui ont un effet nettoyant, rafra\u00eechissant et nourrissant.. Des emballages durables que vous ne jetterez pas ! Nos mini-emballages sont en verre, et vous pouvez facilement les r\u00e9utiliser. Il suffit de les recharger et de les emporter lors de votre prochain voyage. &nbsp;\" \/>\n<meta property=\"og:url\" content=\"https:\/\/bacanaskincare.com\/fr\/product\/mini-set-bacana\/\" \/>\n<meta property=\"og:site_name\" content=\"Bacana Skincare\" \/>\n<meta property=\"article:publisher\" content=\"https:\/\/www.facebook.com\/bacanaskincare-106988470647315\/\" \/>\n<meta property=\"article:modified_time\" content=\"2026-03-16T09:39:08+00:00\" \/>\n<meta property=\"og:image\" content=\"https:\/\/bacanaskincare.com\/wp-content\/uploads\/2021\/12\/Mini-Kit-2-1.jpg\" \/>\n\t<meta property=\"og:image:width\" content=\"1050\" \/>\n\t<meta property=\"og:image:height\" content=\"1050\" \/>\n\t<meta property=\"og:image:type\" content=\"image\/jpeg\" \/>\n<meta name=\"twitter:card\" content=\"summary_large_image\" \/>\n<meta name=\"twitter:label1\" content=\"Dur\u00e9e de lecture estim\u00e9e\" \/>\n\t<meta name=\"twitter:data1\" content=\"1 minute\" \/>\n<script type=\"application\/ld+json\" class=\"yoast-schema-graph\">{\"@context\":\"https:\\\/\\\/schema.org\",\"@graph\":[{\"@type\":[\"WebPage\",\"ItemPage\"],\"@id\":\"https:\\\/\\\/bacanaskincare.com\\\/fr\\\/product\\\/mini-set-bacana\\\/\",\"url\":\"https:\\\/\\\/bacanaskincare.com\\\/fr\\\/product\\\/mini-set-bacana\\\/\",\"name\":\"Mini Kit Bacana - Bacana Skincare\",\"isPartOf\":{\"@id\":\"https:\\\/\\\/bacanaskincare.com\\\/fr\\\/#website\"},\"primaryImageOfPage\":{\"@id\":\"https:\\\/\\\/bacanaskincare.com\\\/fr\\\/product\\\/mini-set-bacana\\\/#primaryimage\"},\"image\":{\"@id\":\"https:\\\/\\\/bacanaskincare.com\\\/fr\\\/product\\\/mini-set-bacana\\\/#primaryimage\"},\"thumbnailUrl\":\"https:\\\/\\\/bacanaskincare.com\\\/wp-content\\\/uploads\\\/2021\\\/12\\\/Mini-Kit-2-1.jpg\",\"datePublished\":\"2021-12-02T21:10:37+00:00\",\"dateModified\":\"2026-03-16T09:39:08+00:00\",\"breadcrumb\":{\"@id\":\"https:\\\/\\\/bacanaskincare.com\\\/fr\\\/product\\\/mini-set-bacana\\\/#breadcrumb\"},\"inLanguage\":\"fr-FR\",\"potentialAction\":[{\"@type\":\"ReadAction\",\"target\":[\"https:\\\/\\\/bacanaskincare.com\\\/fr\\\/product\\\/mini-set-bacana\\\/\"]}]},{\"@type\":\"ImageObject\",\"inLanguage\":\"fr-FR\",\"@id\":\"https:\\\/\\\/bacanaskincare.com\\\/fr\\\/product\\\/mini-set-bacana\\\/#primaryimage\",\"url\":\"https:\\\/\\\/bacanaskincare.com\\\/wp-content\\\/uploads\\\/2021\\\/12\\\/Mini-Kit-2-1.jpg\",\"contentUrl\":\"https:\\\/\\\/bacanaskincare.com\\\/wp-content\\\/uploads\\\/2021\\\/12\\\/Mini-Kit-2-1.jpg\",\"width\":1050,\"height\":1050},{\"@type\":\"BreadcrumbList\",\"@id\":\"https:\\\/\\\/bacanaskincare.com\\\/fr\\\/product\\\/mini-set-bacana\\\/#breadcrumb\",\"itemListElement\":[{\"@type\":\"ListItem\",\"position\":1,\"name\":\"Shop\",\"item\":\"https:\\\/\\\/bacanaskincare.com\\\/fr\\\/shop\\\/\"},{\"@type\":\"ListItem\",\"position\":2,\"name\":\"Skin care\",\"item\":\"https:\\\/\\\/bacanaskincare.com\\\/fr\\\/categorie-produit\\\/skin-care-fr\\\/\"},{\"@type\":\"ListItem\",\"position\":3,\"name\":\"Mini Kit Bacana\"}]},{\"@type\":\"WebSite\",\"@id\":\"https:\\\/\\\/bacanaskincare.com\\\/fr\\\/#website\",\"url\":\"https:\\\/\\\/bacanaskincare.com\\\/fr\\\/\",\"name\":\"Bacana Skincare\",\"description\":\"Natural skincare powered by tropical superfruits\",\"publisher\":{\"@id\":\"https:\\\/\\\/bacanaskincare.com\\\/fr\\\/#organization\"},\"potentialAction\":[{\"@type\":\"SearchAction\",\"target\":{\"@type\":\"EntryPoint\",\"urlTemplate\":\"https:\\\/\\\/bacanaskincare.com\\\/fr\\\/?s={search_term_string}\"},\"query-input\":{\"@type\":\"PropertyValueSpecification\",\"valueRequired\":true,\"valueName\":\"search_term_string\"}}],\"inLanguage\":\"fr-FR\"},{\"@type\":\"Organization\",\"@id\":\"https:\\\/\\\/bacanaskincare.com\\\/fr\\\/#organization\",\"name\":\"Bacana Skincare\",\"url\":\"https:\\\/\\\/bacanaskincare.com\\\/fr\\\/\",\"logo\":{\"@type\":\"ImageObject\",\"inLanguage\":\"fr-FR\",\"@id\":\"https:\\\/\\\/bacanaskincare.com\\\/fr\\\/#\\\/schema\\\/logo\\\/image\\\/\",\"url\":\"https:\\\/\\\/bacanaskincare.com\\\/wp-content\\\/uploads\\\/2019\\\/09\\\/u.png\",\"contentUrl\":\"https:\\\/\\\/bacanaskincare.com\\\/wp-content\\\/uploads\\\/2019\\\/09\\\/u.png\",\"width\":834,\"height\":226,\"caption\":\"Bacana Skincare\"},\"image\":{\"@id\":\"https:\\\/\\\/bacanaskincare.com\\\/fr\\\/#\\\/schema\\\/logo\\\/image\\\/\"},\"sameAs\":[\"https:\\\/\\\/www.facebook.com\\\/bacanaskincare-106988470647315\\\/\",\"https:\\\/\\\/www.instagram.com\\\/bacanaskincare\\\/?hl=en\",\"https:\\\/\\\/br.pinterest.com\\\/d0fd9db15f94c64465fab43d03b69a\\\/\"]}]}<\/script>\n<!-- \/ Yoast SEO plugin. -->","yoast_head_json":{"title":"Mini Kit Bacana - Bacana Skincare","robots":{"index":"index","follow":"follow","max-snippet":"max-snippet:-1","max-image-preview":"max-image-preview:large","max-video-preview":"max-video-preview:-1"},"canonical":"https:\/\/bacanaskincare.com\/fr\/product\/mini-set-bacana\/","og_locale":"fr_FR","og_type":"article","og_title":"Mini Kit Bacana - Bacana Skincare","og_description":"Pr\u00e9sent\u00e9e dans une trousse de beaut\u00e9, notre mini-collection de soins est parfaite comme kit de d\u00e9couverte, cadeau ou trousse de voyage. &nbsp; Nous avons s\u00e9lectionn\u00e9 les produits essentiels pour une routine de soins minimaliste. Adapt\u00e9 \u00e0 tous les types de peau, ce kit contient 4 produits qui ont un effet nettoyant, rafra\u00eechissant et nourrissant.. Des emballages durables que vous ne jetterez pas ! Nos mini-emballages sont en verre, et vous pouvez facilement les r\u00e9utiliser. Il suffit de les recharger et de les emporter lors de votre prochain voyage. &nbsp;","og_url":"https:\/\/bacanaskincare.com\/fr\/product\/mini-set-bacana\/","og_site_name":"Bacana Skincare","article_publisher":"https:\/\/www.facebook.com\/bacanaskincare-106988470647315\/","article_modified_time":"2026-03-16T09:39:08+00:00","og_image":[{"width":1050,"height":1050,"url":"https:\/\/bacanaskincare.com\/wp-content\/uploads\/2021\/12\/Mini-Kit-2-1.jpg","type":"image\/jpeg"}],"twitter_card":"summary_large_image","twitter_misc":{"Dur\u00e9e de lecture estim\u00e9e":"1 minute"},"schema":{"@context":"https:\/\/schema.org","@graph":[{"@type":["WebPage","ItemPage"],"@id":"https:\/\/bacanaskincare.com\/fr\/product\/mini-set-bacana\/","url":"https:\/\/bacanaskincare.com\/fr\/product\/mini-set-bacana\/","name":"Mini Kit Bacana - Bacana Skincare","isPartOf":{"@id":"https:\/\/bacanaskincare.com\/fr\/#website"},"primaryImageOfPage":{"@id":"https:\/\/bacanaskincare.com\/fr\/product\/mini-set-bacana\/#primaryimage"},"image":{"@id":"https:\/\/bacanaskincare.com\/fr\/product\/mini-set-bacana\/#primaryimage"},"thumbnailUrl":"https:\/\/bacanaskincare.com\/wp-content\/uploads\/2021\/12\/Mini-Kit-2-1.jpg","datePublished":"2021-12-02T21:10:37+00:00","dateModified":"2026-03-16T09:39:08+00:00","breadcrumb":{"@id":"https:\/\/bacanaskincare.com\/fr\/product\/mini-set-bacana\/#breadcrumb"},"inLanguage":"fr-FR","potentialAction":[{"@type":"ReadAction","target":["https:\/\/bacanaskincare.com\/fr\/product\/mini-set-bacana\/"]}]},{"@type":"ImageObject","inLanguage":"fr-FR","@id":"https:\/\/bacanaskincare.com\/fr\/product\/mini-set-bacana\/#primaryimage","url":"https:\/\/bacanaskincare.com\/wp-content\/uploads\/2021\/12\/Mini-Kit-2-1.jpg","contentUrl":"https:\/\/bacanaskincare.com\/wp-content\/uploads\/2021\/12\/Mini-Kit-2-1.jpg","width":1050,"height":1050},{"@type":"BreadcrumbList","@id":"https:\/\/bacanaskincare.com\/fr\/product\/mini-set-bacana\/#breadcrumb","itemListElement":[{"@type":"ListItem","position":1,"name":"Shop","item":"https:\/\/bacanaskincare.com\/fr\/shop\/"},{"@type":"ListItem","position":2,"name":"Skin care","item":"https:\/\/bacanaskincare.com\/fr\/categorie-produit\/skin-care-fr\/"},{"@type":"ListItem","position":3,"name":"Mini Kit Bacana"}]},{"@type":"WebSite","@id":"https:\/\/bacanaskincare.com\/fr\/#website","url":"https:\/\/bacanaskincare.com\/fr\/","name":"Bacana Skincare","description":"Natural skincare powered by tropical superfruits","publisher":{"@id":"https:\/\/bacanaskincare.com\/fr\/#organization"},"potentialAction":[{"@type":"SearchAction","target":{"@type":"EntryPoint","urlTemplate":"https:\/\/bacanaskincare.com\/fr\/?s={search_term_string}"},"query-input":{"@type":"PropertyValueSpecification","valueRequired":true,"valueName":"search_term_string"}}],"inLanguage":"fr-FR"},{"@type":"Organization","@id":"https:\/\/bacanaskincare.com\/fr\/#organization","name":"Bacana Skincare","url":"https:\/\/bacanaskincare.com\/fr\/","logo":{"@type":"ImageObject","inLanguage":"fr-FR","@id":"https:\/\/bacanaskincare.com\/fr\/#\/schema\/logo\/image\/","url":"https:\/\/bacanaskincare.com\/wp-content\/uploads\/2019\/09\/u.png","contentUrl":"https:\/\/bacanaskincare.com\/wp-content\/uploads\/2019\/09\/u.png","width":834,"height":226,"caption":"Bacana Skincare"},"image":{"@id":"https:\/\/bacanaskincare.com\/fr\/#\/schema\/logo\/image\/"},"sameAs":["https:\/\/www.facebook.com\/bacanaskincare-106988470647315\/","https:\/\/www.instagram.com\/bacanaskincare\/?hl=en","https:\/\/br.pinterest.com\/d0fd9db15f94c64465fab43d03b69a\/"]}]}},"_links":{"self":[{"href":"https:\/\/bacanaskincare.com\/fr\/wp-json\/wp\/v2\/product\/22530","targetHints":{"allow":["GET"]}}],"collection":[{"href":"https:\/\/bacanaskincare.com\/fr\/wp-json\/wp\/v2\/product"}],"about":[{"href":"https:\/\/bacanaskincare.com\/fr\/wp-json\/wp\/v2\/types\/product"}],"replies":[{"embeddable":true,"href":"https:\/\/bacanaskincare.com\/fr\/wp-json\/wp\/v2\/comments?post=22530"}],"wp:featuredmedia":[{"embeddable":true,"href":"https:\/\/bacanaskincare.com\/fr\/wp-json\/wp\/v2\/media\/26196"}],"wp:attachment":[{"href":"https:\/\/bacanaskincare.com\/fr\/wp-json\/wp\/v2\/media?parent=22530"}],"wp:term":[{"taxonomy":"product_brand","embeddable":true,"href":"https:\/\/bacanaskincare.com\/fr\/wp-json\/wp\/v2\/product_brand?post=22530"},{"taxonomy":"product_cat","embeddable":true,"href":"https:\/\/bacanaskincare.com\/fr\/wp-json\/wp\/v2\/product_cat?post=22530"},{"taxonomy":"product_tag","embeddable":true,"href":"https:\/\/bacanaskincare.com\/fr\/wp-json\/wp\/v2\/product_tag?post=22530"}],"curies":[{"name":"wp","href":"https:\/\/api.w.org\/{rel}","templated":true}]}}