{"id":22528,"date":"2022-04-18T21:52:55","date_gmt":"2022-04-18T19:52:55","guid":{"rendered":"https:\/\/bacanaskincare.com\/shop\/uncategorized\/shampoing-solide-tous-cheveux\/"},"modified":"2025-11-25T14:17:24","modified_gmt":"2025-11-25T13:17:24","slug":"shampoing-solide-tous-cheveux","status":"publish","type":"product","link":"https:\/\/bacanaskincare.com\/fr\/product\/shampoing-solide-tous-cheveux\/","title":{"rendered":"Shampoing Soilde &#8211; Huiles d&rsquo;Argan et de Pracaxi &#8211; pour tous types de cheveux"},"content":{"rendered":"<p><strong>Ingredients actifs:<\/strong><\/p>\n<p><span style=\"text-decoration: underline;\">HUILE D&rsquo;ARGAN<\/span> : elle nourrit et hydrate les cheveux, leur donne du volume et de la vitalit\u00e9.<\/p>\n<p><span style=\"text-decoration: underline;\">HUILE DE PRACAXI<\/span> : originaire d&rsquo;Amazonie, <em>cette huile<\/em> contient l&rsquo;une des concentrations les plus \u00e9lev\u00e9es d&rsquo;un acide gras appel\u00e9 acide b\u00e9h\u00e9nique. Cet acide gras apporte brillance et douceur.<\/p>\n<p><strong>Avantages du Shampoing solide:<\/strong><\/p>\n<ul>\n<li>Produit durable: \u00e9conomise de l&rsquo;eau et ne n\u00e9cessite pas d&#8217;emballage en plastique.<\/li>\n<li>Il ne contient pas de tensioactifs agressifs comme les sulfates ni de produits chimiques comme les parab\u00e8nes.<\/li>\n<li>Longue dur\u00e9e : 50 lavages en moyenne &#8211; apr\u00e8s utilisation, laissez-le dans un endroit sec.<\/li>\n<li>Compact : id\u00e9al pour les voyages car il peut \u00eatre plac\u00e9 dans un bagage \u00e0 main.<\/li>\n<\/ul>\n<p>&nbsp;<\/p>\n<p><strong>Mode d&#8217;emploi du Shampoing solide:<\/strong><\/p>\n<ul>\n<li>Mouillez le shampoing et faites-le glisser directement sur vos cheveux mouill\u00e9s pour faire mousser et masser le cuir chevelu.<\/li>\n<li>Conservez le shampoing dans un endroit sec entre deux utilisations pour optimiser sa dur\u00e9e de vie.<\/li>\n<\/ul>\n<p>&nbsp;<\/p>\n<p>&nbsp;<\/p>\n","protected":false},"excerpt":{"rendered":"<p><strong>Shampoing doux 100% naturel &#8211; <span style=\"text-decoration: underline;\">50 LAVAGES EN MOYENNE<\/span> &#8211; Vegan, sans sulfate, sans silicone et sans paraben.<\/strong><\/p>\n<p><strong><span style=\"text-decoration: underline;\"><img loading=\"lazy\" decoding=\"async\" class=\"aligncenter wp-image-20212 size-full\" src=\"http:\/\/bacanaskincare.com\/wp-content\/uploads\/2019\/10\/logo-grouped-payment-secured-quality-e1641931727841.png\" alt=\"\" width=\"450\" height=\"146\"><\/span><\/strong><\/p>\n<ul>\n<li>Il nourrit et laisse les cheveux doux, soyeux et brillants.<\/li>\n<li>L&rsquo;huile d&rsquo;argan et l&rsquo;huile de pracaxi laissent vos cheveux sains et hydrat\u00e9s.<\/li>\n<li>Sans sulfate ni silicone &#8211; aucune accumulation n&rsquo;alourdit vos cheveux.<\/li>\n<\/ul>\n<p>&nbsp;<\/p>\n<p>Parfum d\u00e9licat de g\u00e9ranium &#8211; convient \u00e0 tous les types de cheveux<\/p>\n<p>0% micro-plastique.<\/p>\n<p>Poid: 75 g<\/p>\n","protected":false},"featured_media":23847,"comment_status":"open","ping_status":"closed","template":"","meta":{"ocean_post_layout":"","ocean_both_sidebars_style":"","ocean_both_sidebars_content_width":0,"ocean_both_sidebars_sidebars_width":0,"ocean_sidebar":"0","ocean_second_sidebar":"0","ocean_disable_margins":"enable","ocean_add_body_class":"","ocean_shortcode_before_top_bar":"","ocean_shortcode_after_top_bar":"","ocean_shortcode_before_header":"","ocean_shortcode_after_header":"","ocean_has_shortcode":"","ocean_shortcode_after_title":"","ocean_shortcode_before_footer_widgets":"","ocean_shortcode_after_footer_widgets":"","ocean_shortcode_before_footer_bottom":"","ocean_shortcode_after_footer_bottom":"","ocean_display_top_bar":"default","ocean_display_header":"default","ocean_header_style":"","ocean_center_header_left_menu":"0","ocean_custom_header_template":"0","ocean_custom_logo":0,"ocean_custom_retina_logo":0,"ocean_custom_logo_max_width":0,"ocean_custom_logo_tablet_max_width":0,"ocean_custom_logo_mobile_max_width":0,"ocean_custom_logo_max_height":0,"ocean_custom_logo_tablet_max_height":0,"ocean_custom_logo_mobile_max_height":0,"ocean_header_custom_menu":"0","ocean_menu_typo_font_family":"0","ocean_menu_typo_font_subset":"","ocean_menu_typo_font_size":0,"ocean_menu_typo_font_size_tablet":0,"ocean_menu_typo_font_size_mobile":0,"ocean_menu_typo_font_size_unit":"px","ocean_menu_typo_font_weight":"","ocean_menu_typo_font_weight_tablet":"","ocean_menu_typo_font_weight_mobile":"","ocean_menu_typo_transform":"","ocean_menu_typo_transform_tablet":"","ocean_menu_typo_transform_mobile":"","ocean_menu_typo_line_height":0,"ocean_menu_typo_line_height_tablet":0,"ocean_menu_typo_line_height_mobile":0,"ocean_menu_typo_line_height_unit":"","ocean_menu_typo_spacing":0,"ocean_menu_typo_spacing_tablet":0,"ocean_menu_typo_spacing_mobile":0,"ocean_menu_typo_spacing_unit":"","ocean_menu_link_color":"","ocean_menu_link_color_hover":"","ocean_menu_link_color_active":"","ocean_menu_link_background":"","ocean_menu_link_hover_background":"","ocean_menu_link_active_background":"","ocean_menu_social_links_bg":"","ocean_menu_social_hover_links_bg":"","ocean_menu_social_links_color":"","ocean_menu_social_hover_links_color":"","ocean_disable_title":"default","ocean_disable_heading":"default","ocean_post_title":"","ocean_post_subheading":"","ocean_post_title_style":"","ocean_post_title_background_color":"","ocean_post_title_background":0,"ocean_post_title_bg_image_position":"","ocean_post_title_bg_image_attachment":"","ocean_post_title_bg_image_repeat":"","ocean_post_title_bg_image_size":"","ocean_post_title_height":0,"ocean_post_title_bg_overlay":0.5,"ocean_post_title_bg_overlay_color":"","ocean_disable_breadcrumbs":"default","ocean_breadcrumbs_color":"","ocean_breadcrumbs_separator_color":"","ocean_breadcrumbs_links_color":"","ocean_breadcrumbs_links_hover_color":"","ocean_display_footer_widgets":"default","ocean_display_footer_bottom":"default","ocean_custom_footer_template":"0","iawp_total_views":7},"product_brand":[],"product_cat":[309],"product_tag":[],"class_list":{"0":"post-22528","1":"product","2":"type-product","3":"status-publish","4":"has-post-thumbnail","6":"product_cat-soin-cheveux","8":"entry","9":"has-media","11":"first","12":"outofstock","13":"sale","14":"shipping-taxable","15":"purchasable","16":"product-type-simple","17":"has-rating","18":"has-product-nav","19":"col","20":"span_1_of_3","21":"owp-content-center","22":"item-entry","23":"owp-thumbs-layout-horizontal","24":"owp-btn-normal","25":"owp-tabs-layout-horizontal","27":"circle-sale"},"yoast_head":"<!-- This site is optimized with the Yoast SEO plugin v27.3 - https:\/\/yoast.com\/product\/yoast-seo-wordpress\/ -->\n<title>Shampoing Soilde - Huiles d&#039;Argan et de Pracaxi - pour tous types de cheveux - Bacana Skincare<\/title>\n<meta name=\"robots\" content=\"index, follow, max-snippet:-1, max-image-preview:large, max-video-preview:-1\" \/>\n<link rel=\"canonical\" href=\"https:\/\/bacanaskincare.com\/fr\/product\/shampoing-solide-tous-cheveux\/\" \/>\n<meta property=\"og:locale\" content=\"fr_FR\" \/>\n<meta property=\"og:type\" content=\"article\" \/>\n<meta property=\"og:title\" content=\"Shampoing Soilde - Huiles d&#039;Argan et de Pracaxi - pour tous types de cheveux - Bacana Skincare\" \/>\n<meta property=\"og:description\" content=\"Shampoing doux 100% naturel - 50 LAVAGES EN MOYENNE - Vegan, sans sulfate, sans silicone et sans paraben.   Il nourrit et laisse les cheveux doux, soyeux et brillants.  L&#039;huile d&#039;argan et l&#039;huile de pracaxi laissent vos cheveux sains et hydrat\u00e9s.  Sans sulfate ni silicone - aucune accumulation n&#039;alourdit vos cheveux. &nbsp; Parfum d\u00e9licat de g\u00e9ranium - convient \u00e0 tous les types de cheveux 0% micro-plastique. Poid: 75 g\" \/>\n<meta property=\"og:url\" content=\"https:\/\/bacanaskincare.com\/fr\/product\/shampoing-solide-tous-cheveux\/\" \/>\n<meta property=\"og:site_name\" content=\"Bacana Skincare\" \/>\n<meta property=\"article:publisher\" content=\"https:\/\/www.facebook.com\/bacanaskincare-106988470647315\/\" \/>\n<meta property=\"article:modified_time\" content=\"2025-11-25T13:17:24+00:00\" \/>\n<meta property=\"og:image\" content=\"https:\/\/bacanaskincare.com\/wp-content\/uploads\/2022\/04\/Shampoo-all-hair.webp\" \/>\n\t<meta property=\"og:image:width\" content=\"1024\" \/>\n\t<meta property=\"og:image:height\" content=\"1024\" \/>\n\t<meta property=\"og:image:type\" content=\"image\/webp\" \/>\n<meta name=\"twitter:card\" content=\"summary_large_image\" \/>\n<meta name=\"twitter:label1\" content=\"Dur\u00e9e de lecture estim\u00e9e\" \/>\n\t<meta name=\"twitter:data1\" content=\"1 minute\" \/>\n<script type=\"application\/ld+json\" class=\"yoast-schema-graph\">{\"@context\":\"https:\\\/\\\/schema.org\",\"@graph\":[{\"@type\":[\"WebPage\",\"ItemPage\"],\"@id\":\"https:\\\/\\\/bacanaskincare.com\\\/fr\\\/product\\\/shampoing-solide-tous-cheveux\\\/\",\"url\":\"https:\\\/\\\/bacanaskincare.com\\\/fr\\\/product\\\/shampoing-solide-tous-cheveux\\\/\",\"name\":\"Shampoing Soilde - Huiles d'Argan et de Pracaxi - pour tous types de cheveux - Bacana Skincare\",\"isPartOf\":{\"@id\":\"https:\\\/\\\/bacanaskincare.com\\\/fr\\\/#website\"},\"primaryImageOfPage\":{\"@id\":\"https:\\\/\\\/bacanaskincare.com\\\/fr\\\/product\\\/shampoing-solide-tous-cheveux\\\/#primaryimage\"},\"image\":{\"@id\":\"https:\\\/\\\/bacanaskincare.com\\\/fr\\\/product\\\/shampoing-solide-tous-cheveux\\\/#primaryimage\"},\"thumbnailUrl\":\"https:\\\/\\\/bacanaskincare.com\\\/wp-content\\\/uploads\\\/2022\\\/04\\\/Shampoo-all-hair.webp\",\"datePublished\":\"2022-04-18T19:52:55+00:00\",\"dateModified\":\"2025-11-25T13:17:24+00:00\",\"breadcrumb\":{\"@id\":\"https:\\\/\\\/bacanaskincare.com\\\/fr\\\/product\\\/shampoing-solide-tous-cheveux\\\/#breadcrumb\"},\"inLanguage\":\"fr-FR\",\"potentialAction\":[{\"@type\":\"ReadAction\",\"target\":[\"https:\\\/\\\/bacanaskincare.com\\\/fr\\\/product\\\/shampoing-solide-tous-cheveux\\\/\"]}]},{\"@type\":\"ImageObject\",\"inLanguage\":\"fr-FR\",\"@id\":\"https:\\\/\\\/bacanaskincare.com\\\/fr\\\/product\\\/shampoing-solide-tous-cheveux\\\/#primaryimage\",\"url\":\"https:\\\/\\\/bacanaskincare.com\\\/wp-content\\\/uploads\\\/2022\\\/04\\\/Shampoo-all-hair.webp\",\"contentUrl\":\"https:\\\/\\\/bacanaskincare.com\\\/wp-content\\\/uploads\\\/2022\\\/04\\\/Shampoo-all-hair.webp\",\"width\":1024,\"height\":1024},{\"@type\":\"BreadcrumbList\",\"@id\":\"https:\\\/\\\/bacanaskincare.com\\\/fr\\\/product\\\/shampoing-solide-tous-cheveux\\\/#breadcrumb\",\"itemListElement\":[{\"@type\":\"ListItem\",\"position\":1,\"name\":\"Shop\",\"item\":\"https:\\\/\\\/bacanaskincare.com\\\/fr\\\/shop\\\/\"},{\"@type\":\"ListItem\",\"position\":2,\"name\":\"Soin cheveux\",\"item\":\"https:\\\/\\\/bacanaskincare.com\\\/fr\\\/categorie-produit\\\/soin-cheveux\\\/\"},{\"@type\":\"ListItem\",\"position\":3,\"name\":\"Shampoing Soilde &#8211; Huiles d&#8217;Argan et de Pracaxi &#8211; pour tous types de cheveux\"}]},{\"@type\":\"WebSite\",\"@id\":\"https:\\\/\\\/bacanaskincare.com\\\/fr\\\/#website\",\"url\":\"https:\\\/\\\/bacanaskincare.com\\\/fr\\\/\",\"name\":\"Bacana Skincare\",\"description\":\"Natural skincare powered by tropical superfruits\",\"publisher\":{\"@id\":\"https:\\\/\\\/bacanaskincare.com\\\/fr\\\/#organization\"},\"potentialAction\":[{\"@type\":\"SearchAction\",\"target\":{\"@type\":\"EntryPoint\",\"urlTemplate\":\"https:\\\/\\\/bacanaskincare.com\\\/fr\\\/?s={search_term_string}\"},\"query-input\":{\"@type\":\"PropertyValueSpecification\",\"valueRequired\":true,\"valueName\":\"search_term_string\"}}],\"inLanguage\":\"fr-FR\"},{\"@type\":\"Organization\",\"@id\":\"https:\\\/\\\/bacanaskincare.com\\\/fr\\\/#organization\",\"name\":\"Bacana Skincare\",\"url\":\"https:\\\/\\\/bacanaskincare.com\\\/fr\\\/\",\"logo\":{\"@type\":\"ImageObject\",\"inLanguage\":\"fr-FR\",\"@id\":\"https:\\\/\\\/bacanaskincare.com\\\/fr\\\/#\\\/schema\\\/logo\\\/image\\\/\",\"url\":\"https:\\\/\\\/bacanaskincare.com\\\/wp-content\\\/uploads\\\/2019\\\/09\\\/u.png\",\"contentUrl\":\"https:\\\/\\\/bacanaskincare.com\\\/wp-content\\\/uploads\\\/2019\\\/09\\\/u.png\",\"width\":834,\"height\":226,\"caption\":\"Bacana Skincare\"},\"image\":{\"@id\":\"https:\\\/\\\/bacanaskincare.com\\\/fr\\\/#\\\/schema\\\/logo\\\/image\\\/\"},\"sameAs\":[\"https:\\\/\\\/www.facebook.com\\\/bacanaskincare-106988470647315\\\/\",\"https:\\\/\\\/www.instagram.com\\\/bacanaskincare\\\/?hl=en\",\"https:\\\/\\\/br.pinterest.com\\\/d0fd9db15f94c64465fab43d03b69a\\\/\"]}]}<\/script>\n<!-- \/ Yoast SEO plugin. -->","yoast_head_json":{"title":"Shampoing Soilde - Huiles d'Argan et de Pracaxi - pour tous types de cheveux - Bacana Skincare","robots":{"index":"index","follow":"follow","max-snippet":"max-snippet:-1","max-image-preview":"max-image-preview:large","max-video-preview":"max-video-preview:-1"},"canonical":"https:\/\/bacanaskincare.com\/fr\/product\/shampoing-solide-tous-cheveux\/","og_locale":"fr_FR","og_type":"article","og_title":"Shampoing Soilde - Huiles d'Argan et de Pracaxi - pour tous types de cheveux - Bacana Skincare","og_description":"Shampoing doux 100% naturel - 50 LAVAGES EN MOYENNE - Vegan, sans sulfate, sans silicone et sans paraben.   Il nourrit et laisse les cheveux doux, soyeux et brillants.  L'huile d'argan et l'huile de pracaxi laissent vos cheveux sains et hydrat\u00e9s.  Sans sulfate ni silicone - aucune accumulation n'alourdit vos cheveux. &nbsp; Parfum d\u00e9licat de g\u00e9ranium - convient \u00e0 tous les types de cheveux 0% micro-plastique. Poid: 75 g","og_url":"https:\/\/bacanaskincare.com\/fr\/product\/shampoing-solide-tous-cheveux\/","og_site_name":"Bacana Skincare","article_publisher":"https:\/\/www.facebook.com\/bacanaskincare-106988470647315\/","article_modified_time":"2025-11-25T13:17:24+00:00","og_image":[{"width":1024,"height":1024,"url":"https:\/\/bacanaskincare.com\/wp-content\/uploads\/2022\/04\/Shampoo-all-hair.webp","type":"image\/webp"}],"twitter_card":"summary_large_image","twitter_misc":{"Dur\u00e9e de lecture estim\u00e9e":"1 minute"},"schema":{"@context":"https:\/\/schema.org","@graph":[{"@type":["WebPage","ItemPage"],"@id":"https:\/\/bacanaskincare.com\/fr\/product\/shampoing-solide-tous-cheveux\/","url":"https:\/\/bacanaskincare.com\/fr\/product\/shampoing-solide-tous-cheveux\/","name":"Shampoing Soilde - Huiles d'Argan et de Pracaxi - pour tous types de cheveux - Bacana Skincare","isPartOf":{"@id":"https:\/\/bacanaskincare.com\/fr\/#website"},"primaryImageOfPage":{"@id":"https:\/\/bacanaskincare.com\/fr\/product\/shampoing-solide-tous-cheveux\/#primaryimage"},"image":{"@id":"https:\/\/bacanaskincare.com\/fr\/product\/shampoing-solide-tous-cheveux\/#primaryimage"},"thumbnailUrl":"https:\/\/bacanaskincare.com\/wp-content\/uploads\/2022\/04\/Shampoo-all-hair.webp","datePublished":"2022-04-18T19:52:55+00:00","dateModified":"2025-11-25T13:17:24+00:00","breadcrumb":{"@id":"https:\/\/bacanaskincare.com\/fr\/product\/shampoing-solide-tous-cheveux\/#breadcrumb"},"inLanguage":"fr-FR","potentialAction":[{"@type":"ReadAction","target":["https:\/\/bacanaskincare.com\/fr\/product\/shampoing-solide-tous-cheveux\/"]}]},{"@type":"ImageObject","inLanguage":"fr-FR","@id":"https:\/\/bacanaskincare.com\/fr\/product\/shampoing-solide-tous-cheveux\/#primaryimage","url":"https:\/\/bacanaskincare.com\/wp-content\/uploads\/2022\/04\/Shampoo-all-hair.webp","contentUrl":"https:\/\/bacanaskincare.com\/wp-content\/uploads\/2022\/04\/Shampoo-all-hair.webp","width":1024,"height":1024},{"@type":"BreadcrumbList","@id":"https:\/\/bacanaskincare.com\/fr\/product\/shampoing-solide-tous-cheveux\/#breadcrumb","itemListElement":[{"@type":"ListItem","position":1,"name":"Shop","item":"https:\/\/bacanaskincare.com\/fr\/shop\/"},{"@type":"ListItem","position":2,"name":"Soin cheveux","item":"https:\/\/bacanaskincare.com\/fr\/categorie-produit\/soin-cheveux\/"},{"@type":"ListItem","position":3,"name":"Shampoing Soilde &#8211; Huiles d&#8217;Argan et de Pracaxi &#8211; pour tous types de cheveux"}]},{"@type":"WebSite","@id":"https:\/\/bacanaskincare.com\/fr\/#website","url":"https:\/\/bacanaskincare.com\/fr\/","name":"Bacana Skincare","description":"Natural skincare powered by tropical superfruits","publisher":{"@id":"https:\/\/bacanaskincare.com\/fr\/#organization"},"potentialAction":[{"@type":"SearchAction","target":{"@type":"EntryPoint","urlTemplate":"https:\/\/bacanaskincare.com\/fr\/?s={search_term_string}"},"query-input":{"@type":"PropertyValueSpecification","valueRequired":true,"valueName":"search_term_string"}}],"inLanguage":"fr-FR"},{"@type":"Organization","@id":"https:\/\/bacanaskincare.com\/fr\/#organization","name":"Bacana Skincare","url":"https:\/\/bacanaskincare.com\/fr\/","logo":{"@type":"ImageObject","inLanguage":"fr-FR","@id":"https:\/\/bacanaskincare.com\/fr\/#\/schema\/logo\/image\/","url":"https:\/\/bacanaskincare.com\/wp-content\/uploads\/2019\/09\/u.png","contentUrl":"https:\/\/bacanaskincare.com\/wp-content\/uploads\/2019\/09\/u.png","width":834,"height":226,"caption":"Bacana Skincare"},"image":{"@id":"https:\/\/bacanaskincare.com\/fr\/#\/schema\/logo\/image\/"},"sameAs":["https:\/\/www.facebook.com\/bacanaskincare-106988470647315\/","https:\/\/www.instagram.com\/bacanaskincare\/?hl=en","https:\/\/br.pinterest.com\/d0fd9db15f94c64465fab43d03b69a\/"]}]}},"_links":{"self":[{"href":"https:\/\/bacanaskincare.com\/fr\/wp-json\/wp\/v2\/product\/22528","targetHints":{"allow":["GET"]}}],"collection":[{"href":"https:\/\/bacanaskincare.com\/fr\/wp-json\/wp\/v2\/product"}],"about":[{"href":"https:\/\/bacanaskincare.com\/fr\/wp-json\/wp\/v2\/types\/product"}],"replies":[{"embeddable":true,"href":"https:\/\/bacanaskincare.com\/fr\/wp-json\/wp\/v2\/comments?post=22528"}],"wp:featuredmedia":[{"embeddable":true,"href":"https:\/\/bacanaskincare.com\/fr\/wp-json\/wp\/v2\/media\/23847"}],"wp:attachment":[{"href":"https:\/\/bacanaskincare.com\/fr\/wp-json\/wp\/v2\/media?parent=22528"}],"wp:term":[{"taxonomy":"product_brand","embeddable":true,"href":"https:\/\/bacanaskincare.com\/fr\/wp-json\/wp\/v2\/product_brand?post=22528"},{"taxonomy":"product_cat","embeddable":true,"href":"https:\/\/bacanaskincare.com\/fr\/wp-json\/wp\/v2\/product_cat?post=22528"},{"taxonomy":"product_tag","embeddable":true,"href":"https:\/\/bacanaskincare.com\/fr\/wp-json\/wp\/v2\/product_tag?post=22528"}],"curies":[{"name":"wp","href":"https:\/\/api.w.org\/{rel}","templated":true}]}}