{"id":22527,"date":"2022-03-29T21:42:56","date_gmt":"2022-03-29T19:42:56","guid":{"rendered":"https:\/\/bacanaskincare.com\/shop\/uncategorized\/shampoing-solide-d-pantenol-cheveux-boucles\/"},"modified":"2025-10-08T22:35:53","modified_gmt":"2025-10-08T20:35:53","slug":"shampoing-solide-d-pantenol-cheveux-boucles","status":"publish","type":"product","link":"https:\/\/bacanaskincare.com\/fr\/product\/shampoing-solide-d-pantenol-cheveux-boucles\/","title":{"rendered":"Shampoing solide &#8211; prot\u00e9ines de bl\u00e9 et D-Pantenol- pour cheveux boucl\u00e9s et fris\u00e9s"},"content":{"rendered":"<p><strong>Ingredients actifs: <\/strong><\/p>\n<p><span style=\"text-decoration: underline;\">PROTEINE DE BL\u00c9<\/span>: elle renforce et aide \u00e0 maintenir l&rsquo;\u00e9lasticit\u00e9 des cheveux, \u00e9vitant ainsi leur casse. Une <a href=\"https:\/\/www.ncbi.nlm.nih.gov\/pmc\/articles\/PMC5830729\/\" target=\"_blank\" rel=\"noopener\" data-component=\"link\" data-source=\"inlineLink\" data-type=\"externalLink\" data-ordinal=\"1\">\u00e9tude de 2018<\/a> a montr\u00e9 que le shampoing contenant des prot\u00e9ines de bl\u00e9 avait d&rsquo;excellentes propri\u00e9t\u00e9s pour r\u00e9parer les cheveux ab\u00eem\u00e9s.<\/p>\n<p><span style=\"text-decoration: underline;\">D-PANTENOL<\/span> : provitamine B5 qui contribue \u00e0 l&rsquo;hydratation, \u00e0 la brillance et \u00e0 la douceur des cheveux.<\/p>\n<p><span style=\"text-decoration: underline;\">ARGILE POURPRE BR\u00c9SILIENNE :<\/span> une argile br\u00e9silienne riche en min\u00e9raux qui absorbe l&rsquo;exc\u00e8s de s\u00e9bum pour des m\u00e8ches volumineuses.<\/p>\n<p><strong>Avantages du Shampoing solide:<\/strong><\/p>\n<ul>\n<li>Produit durable: \u00e9conomise de l&rsquo;eau et ne n\u00e9cessite pas d&#8217;emballage en plastique.<\/li>\n<li>Il ne contient pas de tensioactifs agressifs comme les sulfates ni de produits chimiques comme les parab\u00e8nes.<\/li>\n<li>Longue dur\u00e9e : 50 lavages en moyenne &#8211; apr\u00e8s utilisation, laissez-le dans un endroit sec.<\/li>\n<li>Compact : id\u00e9al pour les voyages car il peut \u00eatre plac\u00e9 dans un bagage \u00e0 main.<\/li>\n<\/ul>\n<p>&nbsp;<\/p>\n<p><strong>Mode d&#8217;emploi du Shampoing solide:<\/strong><\/p>\n<ul>\n<li>Mouillez le shampoing et faites-le glisser directement sur vos cheveux mouill\u00e9s pour faire mousser et masser le cuir chevelu.<\/li>\n<li>Conservez le shampoing dans un endroit sec entre deux utilisations pour optimiser sa dur\u00e9e de vie.<\/li>\n<\/ul>\n<p>&nbsp;<\/p>\n","protected":false},"excerpt":{"rendered":"<p><strong>Shampoing doux 100% naturel &#8211; <span style=\"text-decoration: underline;\">50 LAVAGES EN MOYENNE<\/span> &#8211; Vegan, sans sulfate, sans silicone et sans paraben.<\/strong><\/p>\n<p><strong><span style=\"text-decoration: underline;\"><img loading=\"lazy\" decoding=\"async\" class=\"aligncenter wp-image-20212 size-full\" src=\"http:\/\/bacanaskincare.com\/wp-content\/uploads\/2019\/10\/logo-grouped-payment-secured-quality-e1641931727841.png\" alt=\"\" width=\"450\" height=\"146\"><\/span><\/strong><\/p>\n<ul>\n<li>R\u00e9duit les frisottis et nourrit les cheveux<\/li>\n<li>Il aide \u00e0 am\u00e9liorer la r\u00e9sistance de la fibre capillaire et \u00e0 r\u00e9cup\u00e9rer les cheveux ab\u00eem\u00e9s.<\/li>\n<li>D\u00e8s la premi\u00e8re application, vous sentirez vos boucles douces, brillantes et pleines de vie.<\/li>\n<li>Sans sulfate ni silicone &#8211; aucune accumulation n&rsquo;alourdit vos cheveux.<\/li>\n<\/ul>\n<p>&nbsp;<\/p>\n<p>Parfum d\u00e9licat de lavande &#8211; convient aux cheveux boucl\u00e9s et fris\u00e9s<\/p>\n<p>0% micro-plastique.<\/p>\n<p>Poid: 75 g<\/p>\n","protected":false},"featured_media":23855,"comment_status":"open","ping_status":"closed","template":"","meta":{"ocean_post_layout":"","ocean_both_sidebars_style":"","ocean_both_sidebars_content_width":0,"ocean_both_sidebars_sidebars_width":0,"ocean_sidebar":"0","ocean_second_sidebar":"0","ocean_disable_margins":"enable","ocean_add_body_class":"","ocean_shortcode_before_top_bar":"","ocean_shortcode_after_top_bar":"","ocean_shortcode_before_header":"","ocean_shortcode_after_header":"","ocean_has_shortcode":"","ocean_shortcode_after_title":"","ocean_shortcode_before_footer_widgets":"","ocean_shortcode_after_footer_widgets":"","ocean_shortcode_before_footer_bottom":"","ocean_shortcode_after_footer_bottom":"","ocean_display_top_bar":"default","ocean_display_header":"default","ocean_header_style":"","ocean_center_header_left_menu":"0","ocean_custom_header_template":"0","ocean_custom_logo":0,"ocean_custom_retina_logo":0,"ocean_custom_logo_max_width":0,"ocean_custom_logo_tablet_max_width":0,"ocean_custom_logo_mobile_max_width":0,"ocean_custom_logo_max_height":0,"ocean_custom_logo_tablet_max_height":0,"ocean_custom_logo_mobile_max_height":0,"ocean_header_custom_menu":"0","ocean_menu_typo_font_family":"0","ocean_menu_typo_font_subset":"","ocean_menu_typo_font_size":0,"ocean_menu_typo_font_size_tablet":0,"ocean_menu_typo_font_size_mobile":0,"ocean_menu_typo_font_size_unit":"px","ocean_menu_typo_font_weight":"","ocean_menu_typo_font_weight_tablet":"","ocean_menu_typo_font_weight_mobile":"","ocean_menu_typo_transform":"","ocean_menu_typo_transform_tablet":"","ocean_menu_typo_transform_mobile":"","ocean_menu_typo_line_height":0,"ocean_menu_typo_line_height_tablet":0,"ocean_menu_typo_line_height_mobile":0,"ocean_menu_typo_line_height_unit":"","ocean_menu_typo_spacing":0,"ocean_menu_typo_spacing_tablet":0,"ocean_menu_typo_spacing_mobile":0,"ocean_menu_typo_spacing_unit":"","ocean_menu_link_color":"","ocean_menu_link_color_hover":"","ocean_menu_link_color_active":"","ocean_menu_link_background":"","ocean_menu_link_hover_background":"","ocean_menu_link_active_background":"","ocean_menu_social_links_bg":"","ocean_menu_social_hover_links_bg":"","ocean_menu_social_links_color":"","ocean_menu_social_hover_links_color":"","ocean_disable_title":"default","ocean_disable_heading":"default","ocean_post_title":"","ocean_post_subheading":"","ocean_post_title_style":"","ocean_post_title_background_color":"","ocean_post_title_background":0,"ocean_post_title_bg_image_position":"","ocean_post_title_bg_image_attachment":"","ocean_post_title_bg_image_repeat":"","ocean_post_title_bg_image_size":"","ocean_post_title_height":0,"ocean_post_title_bg_overlay":0.5,"ocean_post_title_bg_overlay_color":"","ocean_disable_breadcrumbs":"default","ocean_breadcrumbs_color":"","ocean_breadcrumbs_separator_color":"","ocean_breadcrumbs_links_color":"","ocean_breadcrumbs_links_hover_color":"","ocean_display_footer_widgets":"default","ocean_display_footer_bottom":"default","ocean_custom_footer_template":"0","iawp_total_views":2},"product_brand":[],"product_cat":[309],"product_tag":[],"class_list":{"0":"post-22527","1":"product","2":"type-product","3":"status-publish","4":"has-post-thumbnail","6":"product_cat-soin-cheveux","8":"entry","9":"has-media","11":"first","12":"onbackorder","13":"sale","14":"shipping-taxable","15":"purchasable","16":"product-type-simple","17":"has-rating","18":"has-product-nav","19":"col","20":"span_1_of_3","21":"owp-content-center","22":"item-entry","23":"owp-thumbs-layout-horizontal","24":"owp-btn-normal","25":"owp-tabs-layout-horizontal","27":"circle-sale"},"yoast_head":"<!-- This site is optimized with the Yoast SEO plugin v27.3 - https:\/\/yoast.com\/product\/yoast-seo-wordpress\/ -->\n<title>Shampoing solide - prot\u00e9ines de bl\u00e9 et D-Pantenol- pour cheveux boucl\u00e9s et fris\u00e9s - Bacana Skincare<\/title>\n<meta name=\"robots\" content=\"index, follow, max-snippet:-1, max-image-preview:large, max-video-preview:-1\" \/>\n<link rel=\"canonical\" href=\"https:\/\/bacanaskincare.com\/fr\/product\/shampoing-solide-d-pantenol-cheveux-boucles\/\" \/>\n<meta property=\"og:locale\" content=\"fr_FR\" \/>\n<meta property=\"og:type\" content=\"article\" \/>\n<meta property=\"og:title\" content=\"Shampoing solide - prot\u00e9ines de bl\u00e9 et D-Pantenol- pour cheveux boucl\u00e9s et fris\u00e9s - Bacana Skincare\" \/>\n<meta property=\"og:description\" content=\"Shampoing doux 100% naturel - 50 LAVAGES EN MOYENNE - Vegan, sans sulfate, sans silicone et sans paraben.   R\u00e9duit les frisottis et nourrit les cheveux  Il aide \u00e0 am\u00e9liorer la r\u00e9sistance de la fibre capillaire et \u00e0 r\u00e9cup\u00e9rer les cheveux ab\u00eem\u00e9s.  D\u00e8s la premi\u00e8re application, vous sentirez vos boucles douces, brillantes et pleines de vie.  Sans sulfate ni silicone - aucune accumulation n&#039;alourdit vos cheveux. &nbsp; Parfum d\u00e9licat de lavande - convient aux cheveux boucl\u00e9s et fris\u00e9s 0% micro-plastique. Poid: 75 g\" \/>\n<meta property=\"og:url\" content=\"https:\/\/bacanaskincare.com\/fr\/product\/shampoing-solide-d-pantenol-cheveux-boucles\/\" \/>\n<meta property=\"og:site_name\" content=\"Bacana Skincare\" \/>\n<meta property=\"article:publisher\" content=\"https:\/\/www.facebook.com\/bacanaskincare-106988470647315\/\" \/>\n<meta property=\"article:modified_time\" content=\"2025-10-08T20:35:53+00:00\" \/>\n<meta property=\"og:image\" content=\"https:\/\/bacanaskincare.com\/wp-content\/uploads\/2022\/03\/Shampoo-frizzy.webp\" \/>\n\t<meta property=\"og:image:width\" content=\"1024\" \/>\n\t<meta property=\"og:image:height\" content=\"1024\" \/>\n\t<meta property=\"og:image:type\" content=\"image\/webp\" \/>\n<meta name=\"twitter:card\" content=\"summary_large_image\" \/>\n<meta name=\"twitter:label1\" content=\"Dur\u00e9e de lecture estim\u00e9e\" \/>\n\t<meta name=\"twitter:data1\" content=\"1 minute\" \/>\n<script type=\"application\/ld+json\" class=\"yoast-schema-graph\">{\"@context\":\"https:\\\/\\\/schema.org\",\"@graph\":[{\"@type\":[\"WebPage\",\"ItemPage\"],\"@id\":\"https:\\\/\\\/bacanaskincare.com\\\/fr\\\/product\\\/shampoing-solide-d-pantenol-cheveux-boucles\\\/\",\"url\":\"https:\\\/\\\/bacanaskincare.com\\\/fr\\\/product\\\/shampoing-solide-d-pantenol-cheveux-boucles\\\/\",\"name\":\"Shampoing solide - prot\u00e9ines de bl\u00e9 et D-Pantenol- pour cheveux boucl\u00e9s et fris\u00e9s - Bacana Skincare\",\"isPartOf\":{\"@id\":\"https:\\\/\\\/bacanaskincare.com\\\/fr\\\/#website\"},\"primaryImageOfPage\":{\"@id\":\"https:\\\/\\\/bacanaskincare.com\\\/fr\\\/product\\\/shampoing-solide-d-pantenol-cheveux-boucles\\\/#primaryimage\"},\"image\":{\"@id\":\"https:\\\/\\\/bacanaskincare.com\\\/fr\\\/product\\\/shampoing-solide-d-pantenol-cheveux-boucles\\\/#primaryimage\"},\"thumbnailUrl\":\"https:\\\/\\\/bacanaskincare.com\\\/wp-content\\\/uploads\\\/2022\\\/03\\\/Shampoo-frizzy.webp\",\"datePublished\":\"2022-03-29T19:42:56+00:00\",\"dateModified\":\"2025-10-08T20:35:53+00:00\",\"breadcrumb\":{\"@id\":\"https:\\\/\\\/bacanaskincare.com\\\/fr\\\/product\\\/shampoing-solide-d-pantenol-cheveux-boucles\\\/#breadcrumb\"},\"inLanguage\":\"fr-FR\",\"potentialAction\":[{\"@type\":\"ReadAction\",\"target\":[\"https:\\\/\\\/bacanaskincare.com\\\/fr\\\/product\\\/shampoing-solide-d-pantenol-cheveux-boucles\\\/\"]}]},{\"@type\":\"ImageObject\",\"inLanguage\":\"fr-FR\",\"@id\":\"https:\\\/\\\/bacanaskincare.com\\\/fr\\\/product\\\/shampoing-solide-d-pantenol-cheveux-boucles\\\/#primaryimage\",\"url\":\"https:\\\/\\\/bacanaskincare.com\\\/wp-content\\\/uploads\\\/2022\\\/03\\\/Shampoo-frizzy.webp\",\"contentUrl\":\"https:\\\/\\\/bacanaskincare.com\\\/wp-content\\\/uploads\\\/2022\\\/03\\\/Shampoo-frizzy.webp\",\"width\":1024,\"height\":1024},{\"@type\":\"BreadcrumbList\",\"@id\":\"https:\\\/\\\/bacanaskincare.com\\\/fr\\\/product\\\/shampoing-solide-d-pantenol-cheveux-boucles\\\/#breadcrumb\",\"itemListElement\":[{\"@type\":\"ListItem\",\"position\":1,\"name\":\"Shop\",\"item\":\"https:\\\/\\\/bacanaskincare.com\\\/fr\\\/shop\\\/\"},{\"@type\":\"ListItem\",\"position\":2,\"name\":\"Soin cheveux\",\"item\":\"https:\\\/\\\/bacanaskincare.com\\\/fr\\\/categorie-produit\\\/soin-cheveux\\\/\"},{\"@type\":\"ListItem\",\"position\":3,\"name\":\"Shampoing solide &#8211; prot\u00e9ines de bl\u00e9 et D-Pantenol- pour cheveux boucl\u00e9s et fris\u00e9s\"}]},{\"@type\":\"WebSite\",\"@id\":\"https:\\\/\\\/bacanaskincare.com\\\/fr\\\/#website\",\"url\":\"https:\\\/\\\/bacanaskincare.com\\\/fr\\\/\",\"name\":\"Bacana Skincare\",\"description\":\"Natural skincare powered by tropical superfruits\",\"publisher\":{\"@id\":\"https:\\\/\\\/bacanaskincare.com\\\/fr\\\/#organization\"},\"potentialAction\":[{\"@type\":\"SearchAction\",\"target\":{\"@type\":\"EntryPoint\",\"urlTemplate\":\"https:\\\/\\\/bacanaskincare.com\\\/fr\\\/?s={search_term_string}\"},\"query-input\":{\"@type\":\"PropertyValueSpecification\",\"valueRequired\":true,\"valueName\":\"search_term_string\"}}],\"inLanguage\":\"fr-FR\"},{\"@type\":\"Organization\",\"@id\":\"https:\\\/\\\/bacanaskincare.com\\\/fr\\\/#organization\",\"name\":\"Bacana Skincare\",\"url\":\"https:\\\/\\\/bacanaskincare.com\\\/fr\\\/\",\"logo\":{\"@type\":\"ImageObject\",\"inLanguage\":\"fr-FR\",\"@id\":\"https:\\\/\\\/bacanaskincare.com\\\/fr\\\/#\\\/schema\\\/logo\\\/image\\\/\",\"url\":\"https:\\\/\\\/bacanaskincare.com\\\/wp-content\\\/uploads\\\/2019\\\/09\\\/u.png\",\"contentUrl\":\"https:\\\/\\\/bacanaskincare.com\\\/wp-content\\\/uploads\\\/2019\\\/09\\\/u.png\",\"width\":834,\"height\":226,\"caption\":\"Bacana Skincare\"},\"image\":{\"@id\":\"https:\\\/\\\/bacanaskincare.com\\\/fr\\\/#\\\/schema\\\/logo\\\/image\\\/\"},\"sameAs\":[\"https:\\\/\\\/www.facebook.com\\\/bacanaskincare-106988470647315\\\/\",\"https:\\\/\\\/www.instagram.com\\\/bacanaskincare\\\/?hl=en\",\"https:\\\/\\\/br.pinterest.com\\\/d0fd9db15f94c64465fab43d03b69a\\\/\"]}]}<\/script>\n<!-- \/ Yoast SEO plugin. -->","yoast_head_json":{"title":"Shampoing solide - prot\u00e9ines de bl\u00e9 et D-Pantenol- pour cheveux boucl\u00e9s et fris\u00e9s - Bacana Skincare","robots":{"index":"index","follow":"follow","max-snippet":"max-snippet:-1","max-image-preview":"max-image-preview:large","max-video-preview":"max-video-preview:-1"},"canonical":"https:\/\/bacanaskincare.com\/fr\/product\/shampoing-solide-d-pantenol-cheveux-boucles\/","og_locale":"fr_FR","og_type":"article","og_title":"Shampoing solide - prot\u00e9ines de bl\u00e9 et D-Pantenol- pour cheveux boucl\u00e9s et fris\u00e9s - Bacana Skincare","og_description":"Shampoing doux 100% naturel - 50 LAVAGES EN MOYENNE - Vegan, sans sulfate, sans silicone et sans paraben.   R\u00e9duit les frisottis et nourrit les cheveux  Il aide \u00e0 am\u00e9liorer la r\u00e9sistance de la fibre capillaire et \u00e0 r\u00e9cup\u00e9rer les cheveux ab\u00eem\u00e9s.  D\u00e8s la premi\u00e8re application, vous sentirez vos boucles douces, brillantes et pleines de vie.  Sans sulfate ni silicone - aucune accumulation n'alourdit vos cheveux. &nbsp; Parfum d\u00e9licat de lavande - convient aux cheveux boucl\u00e9s et fris\u00e9s 0% micro-plastique. Poid: 75 g","og_url":"https:\/\/bacanaskincare.com\/fr\/product\/shampoing-solide-d-pantenol-cheveux-boucles\/","og_site_name":"Bacana Skincare","article_publisher":"https:\/\/www.facebook.com\/bacanaskincare-106988470647315\/","article_modified_time":"2025-10-08T20:35:53+00:00","og_image":[{"width":1024,"height":1024,"url":"https:\/\/bacanaskincare.com\/wp-content\/uploads\/2022\/03\/Shampoo-frizzy.webp","type":"image\/webp"}],"twitter_card":"summary_large_image","twitter_misc":{"Dur\u00e9e de lecture estim\u00e9e":"1 minute"},"schema":{"@context":"https:\/\/schema.org","@graph":[{"@type":["WebPage","ItemPage"],"@id":"https:\/\/bacanaskincare.com\/fr\/product\/shampoing-solide-d-pantenol-cheveux-boucles\/","url":"https:\/\/bacanaskincare.com\/fr\/product\/shampoing-solide-d-pantenol-cheveux-boucles\/","name":"Shampoing solide - prot\u00e9ines de bl\u00e9 et D-Pantenol- pour cheveux boucl\u00e9s et fris\u00e9s - Bacana Skincare","isPartOf":{"@id":"https:\/\/bacanaskincare.com\/fr\/#website"},"primaryImageOfPage":{"@id":"https:\/\/bacanaskincare.com\/fr\/product\/shampoing-solide-d-pantenol-cheveux-boucles\/#primaryimage"},"image":{"@id":"https:\/\/bacanaskincare.com\/fr\/product\/shampoing-solide-d-pantenol-cheveux-boucles\/#primaryimage"},"thumbnailUrl":"https:\/\/bacanaskincare.com\/wp-content\/uploads\/2022\/03\/Shampoo-frizzy.webp","datePublished":"2022-03-29T19:42:56+00:00","dateModified":"2025-10-08T20:35:53+00:00","breadcrumb":{"@id":"https:\/\/bacanaskincare.com\/fr\/product\/shampoing-solide-d-pantenol-cheveux-boucles\/#breadcrumb"},"inLanguage":"fr-FR","potentialAction":[{"@type":"ReadAction","target":["https:\/\/bacanaskincare.com\/fr\/product\/shampoing-solide-d-pantenol-cheveux-boucles\/"]}]},{"@type":"ImageObject","inLanguage":"fr-FR","@id":"https:\/\/bacanaskincare.com\/fr\/product\/shampoing-solide-d-pantenol-cheveux-boucles\/#primaryimage","url":"https:\/\/bacanaskincare.com\/wp-content\/uploads\/2022\/03\/Shampoo-frizzy.webp","contentUrl":"https:\/\/bacanaskincare.com\/wp-content\/uploads\/2022\/03\/Shampoo-frizzy.webp","width":1024,"height":1024},{"@type":"BreadcrumbList","@id":"https:\/\/bacanaskincare.com\/fr\/product\/shampoing-solide-d-pantenol-cheveux-boucles\/#breadcrumb","itemListElement":[{"@type":"ListItem","position":1,"name":"Shop","item":"https:\/\/bacanaskincare.com\/fr\/shop\/"},{"@type":"ListItem","position":2,"name":"Soin cheveux","item":"https:\/\/bacanaskincare.com\/fr\/categorie-produit\/soin-cheveux\/"},{"@type":"ListItem","position":3,"name":"Shampoing solide &#8211; prot\u00e9ines de bl\u00e9 et D-Pantenol- pour cheveux boucl\u00e9s et fris\u00e9s"}]},{"@type":"WebSite","@id":"https:\/\/bacanaskincare.com\/fr\/#website","url":"https:\/\/bacanaskincare.com\/fr\/","name":"Bacana Skincare","description":"Natural skincare powered by tropical superfruits","publisher":{"@id":"https:\/\/bacanaskincare.com\/fr\/#organization"},"potentialAction":[{"@type":"SearchAction","target":{"@type":"EntryPoint","urlTemplate":"https:\/\/bacanaskincare.com\/fr\/?s={search_term_string}"},"query-input":{"@type":"PropertyValueSpecification","valueRequired":true,"valueName":"search_term_string"}}],"inLanguage":"fr-FR"},{"@type":"Organization","@id":"https:\/\/bacanaskincare.com\/fr\/#organization","name":"Bacana Skincare","url":"https:\/\/bacanaskincare.com\/fr\/","logo":{"@type":"ImageObject","inLanguage":"fr-FR","@id":"https:\/\/bacanaskincare.com\/fr\/#\/schema\/logo\/image\/","url":"https:\/\/bacanaskincare.com\/wp-content\/uploads\/2019\/09\/u.png","contentUrl":"https:\/\/bacanaskincare.com\/wp-content\/uploads\/2019\/09\/u.png","width":834,"height":226,"caption":"Bacana Skincare"},"image":{"@id":"https:\/\/bacanaskincare.com\/fr\/#\/schema\/logo\/image\/"},"sameAs":["https:\/\/www.facebook.com\/bacanaskincare-106988470647315\/","https:\/\/www.instagram.com\/bacanaskincare\/?hl=en","https:\/\/br.pinterest.com\/d0fd9db15f94c64465fab43d03b69a\/"]}]}},"_links":{"self":[{"href":"https:\/\/bacanaskincare.com\/fr\/wp-json\/wp\/v2\/product\/22527","targetHints":{"allow":["GET"]}}],"collection":[{"href":"https:\/\/bacanaskincare.com\/fr\/wp-json\/wp\/v2\/product"}],"about":[{"href":"https:\/\/bacanaskincare.com\/fr\/wp-json\/wp\/v2\/types\/product"}],"replies":[{"embeddable":true,"href":"https:\/\/bacanaskincare.com\/fr\/wp-json\/wp\/v2\/comments?post=22527"}],"wp:featuredmedia":[{"embeddable":true,"href":"https:\/\/bacanaskincare.com\/fr\/wp-json\/wp\/v2\/media\/23855"}],"wp:attachment":[{"href":"https:\/\/bacanaskincare.com\/fr\/wp-json\/wp\/v2\/media?parent=22527"}],"wp:term":[{"taxonomy":"product_brand","embeddable":true,"href":"https:\/\/bacanaskincare.com\/fr\/wp-json\/wp\/v2\/product_brand?post=22527"},{"taxonomy":"product_cat","embeddable":true,"href":"https:\/\/bacanaskincare.com\/fr\/wp-json\/wp\/v2\/product_cat?post=22527"},{"taxonomy":"product_tag","embeddable":true,"href":"https:\/\/bacanaskincare.com\/fr\/wp-json\/wp\/v2\/product_tag?post=22527"}],"curies":[{"name":"wp","href":"https:\/\/api.w.org\/{rel}","templated":true}]}}