{"id":22514,"date":"2023-04-25T08:00:58","date_gmt":"2023-04-25T06:00:58","guid":{"rendered":"https:\/\/bacanaskincare.com\/shop\/uncategorized\/creme-yeux\/"},"modified":"2026-02-25T18:27:10","modified_gmt":"2026-02-25T17:27:10","slug":"creme-yeux","status":"publish","type":"product","link":"https:\/\/bacanaskincare.com\/fr\/product\/creme-yeux\/","title":{"rendered":"Soin Regard Lissant"},"content":{"rendered":"<h3 class=\"p1\"><strong>LES INGR\u00c9DIENTS CL\u00c9S ET LEUR EFFICACIT\u00c9<\/strong><\/h3>\n<p><strong>EXTRAIT DE JAMB\u00da :<\/strong> Hautement concentr\u00e9 en spilanthol, cet extrait inhibe les contractions musculaires, r\u00e9duisant de mani\u00e8re significative les rides d&rsquo;expression et les rides apr\u00e8s l&rsquo;application.<\/p>\n<p><strong>GRAINS DE CAF\u00c9 ET EXTRAIT DE CAFEINE :<\/strong> Pour fabriquer notre propre extrait de caf\u00e9, nous utilisons les grains de caf\u00e9 br\u00e9siliens d&rsquo;IsaBee Coffees, qui sont cultiv\u00e9s de mani\u00e8re durable dans une ferme familiale situ\u00e9e dans le sud du Minas Gerais. La caf\u00e9ine contenue dans les grains de caf\u00e9 a un effet vasoconstricteur, c&rsquo;est-\u00e0-dire qu&rsquo;elle resserre les vaisseaux sanguins. Il aide \u00e0 r\u00e9duire l&rsquo;apparence des poches et des cernes.<\/p>\n<p><strong>ACIDE HYALURONIQUE :<\/strong> Maintient l&rsquo;hydratation de la peau et comble les rides et ridules.<\/p>\n<p><strong>HUILE DE PRACAXI BIO<\/strong>: Selon des \u00e9tudes cliniques, cette super graine d&rsquo;Amazonie r\u00e9duit les taches de m\u00e9lanine, ce qui donne un teint plus uniforme et plus \u00e9clatant. Il augmente \u00e9galement la production d&rsquo;acide hyaluronique et de collag\u00e8ne dans la peau. L&rsquo;huile aide \u00e0 lutter contre les signes du vieillissement et maintient la peau nourrie et hydrat\u00e9e. Notre huile de Pracaxi est biologique et provient du Br\u00e9sil. Notre fournisseur travaille avec les communaut\u00e9s locales pour fournir un revenu suppl\u00e9mentaire aux cueilleurs de graines de pracaxi, tout en promouvant la conservation de l&rsquo;esp\u00e8ce et en permettant le maintien de la biodiversit\u00e9 dans une r\u00e9gion d&rsquo;une grande importance \u00e9cologique.<\/p>\n","protected":false},"excerpt":{"rendered":"<blockquote><p><strong>Cr\u00e8me pour les yeux super innovante, sp\u00e9cialement con\u00e7ue pour raffermir le contour des yeux.<\/strong><\/p><\/blockquote>\n<p>&nbsp;<\/p>\n<p>[vc_row][vc_column][vc_toggle title=\u00a0\u00bbQU&rsquo;EST-CE QUE C&rsquo;EST ?\u00a0\u00bb style=\u00a0\u00bbarrow\u00a0\u00bb custom_font_container=\u00a0\u00bbtag:h3|text_align:left\u00a0\u00bb custom_use_theme_fonts=\u00a0\u00bbyes\u00a0\u00bb]Une cr\u00e8me sp\u00e9cialement formul\u00e9e pour la zone sensible du contour des yeux, pour \u00e9claircir, rajeunir et revitaliser les yeux fatigu\u00e9s.[\/vc_toggle][vc_toggle title=\u00a0\u00bb\u00c0 QUOI CA SERT?\u00a0\u00bb style=\u00a0\u00bbarrow\u00a0\u00bb custom_font_container=\u00a0\u00bbtag:h3|text_align:left\u00a0\u00bb custom_use_theme_fonts=\u00a0\u00bbyes\u00a0\u00bb]Notre cr\u00e8me pour les yeux, formul\u00e9e avec de l&rsquo;acide hyaluronique, de la caf\u00e9ine, de l&rsquo;extrait de jamb\u00fa et de l&rsquo;huile de pracaxi, am\u00e9liore les yeux fatigu\u00e9s, hydrate et raffermit la peau. Sa texture cr\u00e9meuse s&rsquo;absorbe rapidement. 100% naturel, vegan, sans parfum et sans ingr\u00e9dients toxiques.[\/vc_toggle][vc_toggle title=\u00a0\u00bbPOUR QUI?\u00a0\u00bb style=\u00a0\u00bbarrow\u00a0\u00bb custom_font_container=\u00a0\u00bbtag:h3|text_align:left\u00a0\u00bb custom_use_theme_fonts=\u00a0\u00bbyes\u00a0\u00bb]Pour tous les types de peau, y compris les peaux sensibles.[\/vc_toggle][vc_toggle title=\u00a0\u00bbCOMMENT L&rsquo;UTILISER?\u00a0\u00bb style=\u00a0\u00bbarrow\u00a0\u00bb custom_font_container=\u00a0\u00bbtag:h3|text_align:left\u00a0\u00bb custom_use_theme_fonts=\u00a0\u00bbyes\u00a0\u00bb]Appliquer matin et soir apr\u00e8s avoir nettoyer votre visage. Massez doucement la peau autour de vos yeux pour am\u00e9liorer la circulation et r\u00e9duire les poches.[\/vc_toggle][\/vc_column][\/vc_row]<\/p>\n<p>&nbsp;<\/p>\n<p>Volume: 15ml<\/p>\n","protected":false},"featured_media":26129,"comment_status":"open","ping_status":"closed","template":"","meta":{"ocean_post_layout":"","ocean_both_sidebars_style":"","ocean_both_sidebars_content_width":0,"ocean_both_sidebars_sidebars_width":0,"ocean_sidebar":"0","ocean_second_sidebar":"0","ocean_disable_margins":"enable","ocean_add_body_class":"","ocean_shortcode_before_top_bar":"","ocean_shortcode_after_top_bar":"","ocean_shortcode_before_header":"","ocean_shortcode_after_header":"","ocean_has_shortcode":"","ocean_shortcode_after_title":"","ocean_shortcode_before_footer_widgets":"","ocean_shortcode_after_footer_widgets":"","ocean_shortcode_before_footer_bottom":"","ocean_shortcode_after_footer_bottom":"","ocean_display_top_bar":"default","ocean_display_header":"default","ocean_header_style":"","ocean_center_header_left_menu":"0","ocean_custom_header_template":"0","ocean_custom_logo":0,"ocean_custom_retina_logo":0,"ocean_custom_logo_max_width":0,"ocean_custom_logo_tablet_max_width":0,"ocean_custom_logo_mobile_max_width":0,"ocean_custom_logo_max_height":0,"ocean_custom_logo_tablet_max_height":0,"ocean_custom_logo_mobile_max_height":0,"ocean_header_custom_menu":"0","ocean_menu_typo_font_family":"0","ocean_menu_typo_font_subset":"","ocean_menu_typo_font_size":0,"ocean_menu_typo_font_size_tablet":0,"ocean_menu_typo_font_size_mobile":0,"ocean_menu_typo_font_size_unit":"px","ocean_menu_typo_font_weight":"","ocean_menu_typo_font_weight_tablet":"","ocean_menu_typo_font_weight_mobile":"","ocean_menu_typo_transform":"","ocean_menu_typo_transform_tablet":"","ocean_menu_typo_transform_mobile":"","ocean_menu_typo_line_height":0,"ocean_menu_typo_line_height_tablet":0,"ocean_menu_typo_line_height_mobile":0,"ocean_menu_typo_line_height_unit":"","ocean_menu_typo_spacing":0,"ocean_menu_typo_spacing_tablet":0,"ocean_menu_typo_spacing_mobile":0,"ocean_menu_typo_spacing_unit":"","ocean_menu_link_color":"","ocean_menu_link_color_hover":"","ocean_menu_link_color_active":"","ocean_menu_link_background":"","ocean_menu_link_hover_background":"","ocean_menu_link_active_background":"","ocean_menu_social_links_bg":"","ocean_menu_social_hover_links_bg":"","ocean_menu_social_links_color":"","ocean_menu_social_hover_links_color":"","ocean_disable_title":"default","ocean_disable_heading":"default","ocean_post_title":"","ocean_post_subheading":"","ocean_post_title_style":"","ocean_post_title_background_color":"","ocean_post_title_background":0,"ocean_post_title_bg_image_position":"","ocean_post_title_bg_image_attachment":"","ocean_post_title_bg_image_repeat":"","ocean_post_title_bg_image_size":"","ocean_post_title_height":0,"ocean_post_title_bg_overlay":0.5,"ocean_post_title_bg_overlay_color":"","ocean_disable_breadcrumbs":"default","ocean_breadcrumbs_color":"","ocean_breadcrumbs_separator_color":"","ocean_breadcrumbs_links_color":"","ocean_breadcrumbs_links_hover_color":"","ocean_display_footer_widgets":"default","ocean_display_footer_bottom":"default","ocean_custom_footer_template":"0","iawp_total_views":30},"product_brand":[],"product_cat":[405],"product_tag":[],"class_list":{"0":"post-22514","1":"product","2":"type-product","3":"status-publish","4":"has-post-thumbnail","6":"product_cat-skin-care-fr","8":"entry","9":"has-media","11":"first","12":"instock","13":"shipping-taxable","14":"purchasable","15":"product-type-simple","16":"has-rating","17":"has-product-nav","18":"col","19":"span_1_of_3","20":"owp-content-center","21":"item-entry","22":"owp-thumbs-layout-horizontal","23":"owp-btn-normal","24":"owp-tabs-layout-horizontal","26":"circle-sale"},"yoast_head":"<!-- This site is optimized with the Yoast SEO plugin v27.2 - https:\/\/yoast.com\/product\/yoast-seo-wordpress\/ -->\n<title>Soin Regard Lissant | Bacana Skincare | Cruelty free &amp; Vegan<\/title>\n<meta name=\"description\" content=\"La cr\u00e8me pour les yeux Bacana est sp\u00e9cialement formul\u00e9e pour la zone sensible du contour des yeux, \u00e9claircissant, rajeunissant et revitalisant les yeux fatigu\u00e9s.\" \/>\n<meta name=\"robots\" content=\"index, follow, max-snippet:-1, max-image-preview:large, max-video-preview:-1\" \/>\n<link rel=\"canonical\" href=\"https:\/\/bacanaskincare.com\/fr\/product\/creme-yeux\/\" \/>\n<meta property=\"og:locale\" content=\"fr_FR\" \/>\n<meta property=\"og:type\" content=\"article\" \/>\n<meta property=\"og:title\" content=\"Soin Regard Lissant | Bacana Skincare | Cruelty free &amp; Vegan\" \/>\n<meta property=\"og:description\" content=\"La cr\u00e8me pour les yeux Bacana est sp\u00e9cialement formul\u00e9e pour la zone sensible du contour des yeux, \u00e9claircissant, rajeunissant et revitalisant les yeux fatigu\u00e9s.\" \/>\n<meta property=\"og:url\" content=\"https:\/\/bacanaskincare.com\/fr\/product\/creme-yeux\/\" \/>\n<meta property=\"og:site_name\" content=\"Bacana Skincare\" \/>\n<meta property=\"article:publisher\" content=\"https:\/\/www.facebook.com\/bacanaskincare-106988470647315\/\" \/>\n<meta property=\"article:modified_time\" content=\"2026-02-25T17:27:10+00:00\" \/>\n<meta property=\"og:image\" content=\"https:\/\/bacanaskincare.com\/wp-content\/uploads\/2023\/04\/26.jpg\" \/>\n\t<meta property=\"og:image:width\" content=\"1050\" \/>\n\t<meta property=\"og:image:height\" content=\"1050\" \/>\n\t<meta property=\"og:image:type\" content=\"image\/jpeg\" \/>\n<meta name=\"twitter:card\" content=\"summary_large_image\" \/>\n<meta name=\"twitter:label1\" content=\"Dur\u00e9e de lecture estim\u00e9e\" \/>\n\t<meta name=\"twitter:data1\" content=\"1 minute\" \/>\n<script type=\"application\/ld+json\" class=\"yoast-schema-graph\">{\"@context\":\"https:\/\/schema.org\",\"@graph\":[{\"@type\":[\"WebPage\",\"ItemPage\"],\"@id\":\"https:\/\/bacanaskincare.com\/fr\/product\/creme-yeux\/\",\"url\":\"https:\/\/bacanaskincare.com\/fr\/product\/creme-yeux\/\",\"name\":\"Soin Regard Lissant | Bacana Skincare | Cruelty free & Vegan\",\"isPartOf\":{\"@id\":\"https:\/\/bacanaskincare.com\/fr\/#website\"},\"primaryImageOfPage\":{\"@id\":\"https:\/\/bacanaskincare.com\/fr\/product\/creme-yeux\/#primaryimage\"},\"image\":{\"@id\":\"https:\/\/bacanaskincare.com\/fr\/product\/creme-yeux\/#primaryimage\"},\"thumbnailUrl\":\"https:\/\/bacanaskincare.com\/wp-content\/uploads\/2023\/04\/26.jpg\",\"datePublished\":\"2023-04-25T06:00:58+00:00\",\"dateModified\":\"2026-02-25T17:27:10+00:00\",\"description\":\"La cr\u00e8me pour les yeux Bacana est sp\u00e9cialement formul\u00e9e pour la zone sensible du contour des yeux, \u00e9claircissant, rajeunissant et revitalisant les yeux fatigu\u00e9s.\",\"breadcrumb\":{\"@id\":\"https:\/\/bacanaskincare.com\/fr\/product\/creme-yeux\/#breadcrumb\"},\"inLanguage\":\"fr-FR\",\"potentialAction\":[{\"@type\":\"ReadAction\",\"target\":[\"https:\/\/bacanaskincare.com\/fr\/product\/creme-yeux\/\"]}]},{\"@type\":\"ImageObject\",\"inLanguage\":\"fr-FR\",\"@id\":\"https:\/\/bacanaskincare.com\/fr\/product\/creme-yeux\/#primaryimage\",\"url\":\"https:\/\/bacanaskincare.com\/wp-content\/uploads\/2023\/04\/26.jpg\",\"contentUrl\":\"https:\/\/bacanaskincare.com\/wp-content\/uploads\/2023\/04\/26.jpg\",\"width\":1050,\"height\":1050},{\"@type\":\"BreadcrumbList\",\"@id\":\"https:\/\/bacanaskincare.com\/fr\/product\/creme-yeux\/#breadcrumb\",\"itemListElement\":[{\"@type\":\"ListItem\",\"position\":1,\"name\":\"Shop\",\"item\":\"https:\/\/bacanaskincare.com\/fr\/shop\/\"},{\"@type\":\"ListItem\",\"position\":2,\"name\":\"Skin care\",\"item\":\"https:\/\/bacanaskincare.com\/fr\/categorie-produit\/skin-care-fr\/\"},{\"@type\":\"ListItem\",\"position\":3,\"name\":\"Soin Regard Lissant\"}]},{\"@type\":\"WebSite\",\"@id\":\"https:\/\/bacanaskincare.com\/fr\/#website\",\"url\":\"https:\/\/bacanaskincare.com\/fr\/\",\"name\":\"Bacana Skincare\",\"description\":\"Natural skincare powered by tropical superfruits\",\"publisher\":{\"@id\":\"https:\/\/bacanaskincare.com\/fr\/#organization\"},\"potentialAction\":[{\"@type\":\"SearchAction\",\"target\":{\"@type\":\"EntryPoint\",\"urlTemplate\":\"https:\/\/bacanaskincare.com\/fr\/?s={search_term_string}\"},\"query-input\":{\"@type\":\"PropertyValueSpecification\",\"valueRequired\":true,\"valueName\":\"search_term_string\"}}],\"inLanguage\":\"fr-FR\"},{\"@type\":\"Organization\",\"@id\":\"https:\/\/bacanaskincare.com\/fr\/#organization\",\"name\":\"Bacana Skincare\",\"url\":\"https:\/\/bacanaskincare.com\/fr\/\",\"logo\":{\"@type\":\"ImageObject\",\"inLanguage\":\"fr-FR\",\"@id\":\"https:\/\/bacanaskincare.com\/fr\/#\/schema\/logo\/image\/\",\"url\":\"https:\/\/bacanaskincare.com\/wp-content\/uploads\/2019\/09\/u.png\",\"contentUrl\":\"https:\/\/bacanaskincare.com\/wp-content\/uploads\/2019\/09\/u.png\",\"width\":834,\"height\":226,\"caption\":\"Bacana Skincare\"},\"image\":{\"@id\":\"https:\/\/bacanaskincare.com\/fr\/#\/schema\/logo\/image\/\"},\"sameAs\":[\"https:\/\/www.facebook.com\/bacanaskincare-106988470647315\/\",\"https:\/\/www.instagram.com\/bacanaskincare\/?hl=en\",\"https:\/\/br.pinterest.com\/d0fd9db15f94c64465fab43d03b69a\/\"]}]}<\/script>\n<!-- \/ Yoast SEO plugin. -->","yoast_head_json":{"title":"Soin Regard Lissant | Bacana Skincare | Cruelty free & Vegan","description":"La cr\u00e8me pour les yeux Bacana est sp\u00e9cialement formul\u00e9e pour la zone sensible du contour des yeux, \u00e9claircissant, rajeunissant et revitalisant les yeux fatigu\u00e9s.","robots":{"index":"index","follow":"follow","max-snippet":"max-snippet:-1","max-image-preview":"max-image-preview:large","max-video-preview":"max-video-preview:-1"},"canonical":"https:\/\/bacanaskincare.com\/fr\/product\/creme-yeux\/","og_locale":"fr_FR","og_type":"article","og_title":"Soin Regard Lissant | Bacana Skincare | Cruelty free & Vegan","og_description":"La cr\u00e8me pour les yeux Bacana est sp\u00e9cialement formul\u00e9e pour la zone sensible du contour des yeux, \u00e9claircissant, rajeunissant et revitalisant les yeux fatigu\u00e9s.","og_url":"https:\/\/bacanaskincare.com\/fr\/product\/creme-yeux\/","og_site_name":"Bacana Skincare","article_publisher":"https:\/\/www.facebook.com\/bacanaskincare-106988470647315\/","article_modified_time":"2026-02-25T17:27:10+00:00","og_image":[{"width":1050,"height":1050,"url":"https:\/\/bacanaskincare.com\/wp-content\/uploads\/2023\/04\/26.jpg","type":"image\/jpeg"}],"twitter_card":"summary_large_image","twitter_misc":{"Dur\u00e9e de lecture estim\u00e9e":"1 minute"},"schema":{"@context":"https:\/\/schema.org","@graph":[{"@type":["WebPage","ItemPage"],"@id":"https:\/\/bacanaskincare.com\/fr\/product\/creme-yeux\/","url":"https:\/\/bacanaskincare.com\/fr\/product\/creme-yeux\/","name":"Soin Regard Lissant | Bacana Skincare | Cruelty free & Vegan","isPartOf":{"@id":"https:\/\/bacanaskincare.com\/fr\/#website"},"primaryImageOfPage":{"@id":"https:\/\/bacanaskincare.com\/fr\/product\/creme-yeux\/#primaryimage"},"image":{"@id":"https:\/\/bacanaskincare.com\/fr\/product\/creme-yeux\/#primaryimage"},"thumbnailUrl":"https:\/\/bacanaskincare.com\/wp-content\/uploads\/2023\/04\/26.jpg","datePublished":"2023-04-25T06:00:58+00:00","dateModified":"2026-02-25T17:27:10+00:00","description":"La cr\u00e8me pour les yeux Bacana est sp\u00e9cialement formul\u00e9e pour la zone sensible du contour des yeux, \u00e9claircissant, rajeunissant et revitalisant les yeux fatigu\u00e9s.","breadcrumb":{"@id":"https:\/\/bacanaskincare.com\/fr\/product\/creme-yeux\/#breadcrumb"},"inLanguage":"fr-FR","potentialAction":[{"@type":"ReadAction","target":["https:\/\/bacanaskincare.com\/fr\/product\/creme-yeux\/"]}]},{"@type":"ImageObject","inLanguage":"fr-FR","@id":"https:\/\/bacanaskincare.com\/fr\/product\/creme-yeux\/#primaryimage","url":"https:\/\/bacanaskincare.com\/wp-content\/uploads\/2023\/04\/26.jpg","contentUrl":"https:\/\/bacanaskincare.com\/wp-content\/uploads\/2023\/04\/26.jpg","width":1050,"height":1050},{"@type":"BreadcrumbList","@id":"https:\/\/bacanaskincare.com\/fr\/product\/creme-yeux\/#breadcrumb","itemListElement":[{"@type":"ListItem","position":1,"name":"Shop","item":"https:\/\/bacanaskincare.com\/fr\/shop\/"},{"@type":"ListItem","position":2,"name":"Skin care","item":"https:\/\/bacanaskincare.com\/fr\/categorie-produit\/skin-care-fr\/"},{"@type":"ListItem","position":3,"name":"Soin Regard Lissant"}]},{"@type":"WebSite","@id":"https:\/\/bacanaskincare.com\/fr\/#website","url":"https:\/\/bacanaskincare.com\/fr\/","name":"Bacana Skincare","description":"Natural skincare powered by tropical superfruits","publisher":{"@id":"https:\/\/bacanaskincare.com\/fr\/#organization"},"potentialAction":[{"@type":"SearchAction","target":{"@type":"EntryPoint","urlTemplate":"https:\/\/bacanaskincare.com\/fr\/?s={search_term_string}"},"query-input":{"@type":"PropertyValueSpecification","valueRequired":true,"valueName":"search_term_string"}}],"inLanguage":"fr-FR"},{"@type":"Organization","@id":"https:\/\/bacanaskincare.com\/fr\/#organization","name":"Bacana Skincare","url":"https:\/\/bacanaskincare.com\/fr\/","logo":{"@type":"ImageObject","inLanguage":"fr-FR","@id":"https:\/\/bacanaskincare.com\/fr\/#\/schema\/logo\/image\/","url":"https:\/\/bacanaskincare.com\/wp-content\/uploads\/2019\/09\/u.png","contentUrl":"https:\/\/bacanaskincare.com\/wp-content\/uploads\/2019\/09\/u.png","width":834,"height":226,"caption":"Bacana Skincare"},"image":{"@id":"https:\/\/bacanaskincare.com\/fr\/#\/schema\/logo\/image\/"},"sameAs":["https:\/\/www.facebook.com\/bacanaskincare-106988470647315\/","https:\/\/www.instagram.com\/bacanaskincare\/?hl=en","https:\/\/br.pinterest.com\/d0fd9db15f94c64465fab43d03b69a\/"]}]}},"_links":{"self":[{"href":"https:\/\/bacanaskincare.com\/fr\/wp-json\/wp\/v2\/product\/22514","targetHints":{"allow":["GET"]}}],"collection":[{"href":"https:\/\/bacanaskincare.com\/fr\/wp-json\/wp\/v2\/product"}],"about":[{"href":"https:\/\/bacanaskincare.com\/fr\/wp-json\/wp\/v2\/types\/product"}],"replies":[{"embeddable":true,"href":"https:\/\/bacanaskincare.com\/fr\/wp-json\/wp\/v2\/comments?post=22514"}],"wp:featuredmedia":[{"embeddable":true,"href":"https:\/\/bacanaskincare.com\/fr\/wp-json\/wp\/v2\/media\/26129"}],"wp:attachment":[{"href":"https:\/\/bacanaskincare.com\/fr\/wp-json\/wp\/v2\/media?parent=22514"}],"wp:term":[{"taxonomy":"product_brand","embeddable":true,"href":"https:\/\/bacanaskincare.com\/fr\/wp-json\/wp\/v2\/product_brand?post=22514"},{"taxonomy":"product_cat","embeddable":true,"href":"https:\/\/bacanaskincare.com\/fr\/wp-json\/wp\/v2\/product_cat?post=22514"},{"taxonomy":"product_tag","embeddable":true,"href":"https:\/\/bacanaskincare.com\/fr\/wp-json\/wp\/v2\/product_tag?post=22514"}],"curies":[{"name":"wp","href":"https:\/\/api.w.org\/{rel}","templated":true}]}}