{"id":25218,"date":"2024-09-30T12:18:50","date_gmt":"2024-09-30T10:18:50","guid":{"rendered":"https:\/\/bacanaskincare.com\/impressum\/"},"modified":"2024-10-01T20:06:46","modified_gmt":"2024-10-01T18:06:46","slug":"impressum","status":"publish","type":"page","link":"https:\/\/bacanaskincare.com\/fr\/impressum\/","title":{"rendered":"Mentions L\u00e9gales"},"content":{"rendered":"<header class=\"PageHeader\">&#13;\n<div class=\"SectionHeader SectionHeader--center\">&#13;\n<p><strong>Mentions L\u00e9gales<\/strong><\/p>&#13;\n<p>Le site internet <a href=\"http:\/\/www.bacanaskincare.com\" target=\"_new\" rel=\"noopener\">www.bacanaskincare.com<\/a> est publi\u00e9 par Bacana Skincare, situ\u00e9 au 2 All\u00e9e de Bordeneuve, Pibrac, France, et enregistr\u00e9 depuis septembre 2024 au Registre du Commerce et des Soci\u00e9t\u00e9s de Toulouse sous le num\u00e9ro 932 458 581. Bacana Skincare est propri\u00e9taire de la marque Bacana Skincare, qui est r\u00e9guli\u00e8rement enregistr\u00e9e aupr\u00e8s de l\u2019Institut National de la Propri\u00e9t\u00e9 Industrielle (INPI). <\/p>&#13;\n<p><strong>Responsable de la publication :<\/strong> Directeur de la publication, en qualit\u00e9 de Pr\u00e9sidente : Fernanda Leitao.<\/p>&#13;\n<p><strong>Propri\u00e9t\u00e9 intellectuelle<\/strong><\/p>&#13;\n<p>Le site <a href=\"http:\/\/www.bacanaskincare.com\" target=\"_new\" rel=\"noopener\">www.bacanaskincare.com<\/a> peut contenir des informations confidentielles prot\u00e9g\u00e9es par les lois applicables en mati\u00e8re de propri\u00e9t\u00e9 intellectuelle ou d&rsquo;autres lois. Ainsi, sauf indication contraire, les droits de propri\u00e9t\u00e9 intellectuelle sur les documents contenus sur le site et sur chacun des \u00e9l\u00e9ments cr\u00e9\u00e9s pour ce site sont la propri\u00e9t\u00e9 exclusive de Bacana Skincare, qui ne conc\u00e8de aucune licence ni droit autre que le droit de consulter le site. <\/p>&#13;\n<p>La reproduction de tous les documents publi\u00e9s sur le site est uniquement autoris\u00e9e \u00e0 des fins d&rsquo;information pour un usage personnel et priv\u00e9, et toute reproduction et utilisation de copies r\u00e9alis\u00e9es \u00e0 d&rsquo;autres fins est express\u00e9ment interdite.<\/p>&#13;\n<p>Il est \u00e9galement interdit de copier, modifier, cr\u00e9er des \u0153uvres d\u00e9riv\u00e9es, d\u00e9compiler ou tenter de d\u00e9couvrir le code source (sauf dans les cas pr\u00e9vus par la loi), vendre, c\u00e9der ou transf\u00e9rer de quelque mani\u00e8re que ce soit des droits relatifs au logiciel.<\/p>&#13;\n<p><strong>Responsabilit\u00e9s<\/strong><\/p>&#13;\n<p>Bacana Skincare s\u2019efforce de mettre r\u00e9guli\u00e8rement \u00e0 jour son site pour fournir \u00e0 ses visiteurs des informations pr\u00e9cises. Cependant, Bacana Skincare ne peut garantir l\u2019exactitude, la pr\u00e9cision ou l\u2019exhaustivit\u00e9 des donn\u00e9es et d\u00e9cline toute responsabilit\u00e9 en cas d\u2019inexactitudes ou d\u2019omissions concernant les donn\u00e9es disponibles sur son site <a href=\"http:\/\/www.bacanaskincare.com\" target=\"_new\" rel=\"noopener\">www.bacanaskincare.com<\/a>, ainsi que pour tout dommage r\u00e9sultant d&rsquo;une intrusion frauduleuse par un tiers ayant entra\u00een\u00e9 une modification de ces donn\u00e9es. <\/p>&#13;\n<p><strong>Droit Applicable<\/strong><\/p>&#13;\n<p>Le site <a href=\"http:\/\/www.bacanaskincare.com\" target=\"_new\" rel=\"noopener\">www.bacanaskincare.com<\/a> et ces mentions l\u00e9gales sont r\u00e9gis par le droit fran\u00e7ais.<\/p>&#13;\n<\/div>&#13;\n<\/header>","protected":false},"excerpt":{"rendered":"<p>&#13; &#13; Mentions L\u00e9gales &#13; Le site internet www.bacanaskincare.com est publi\u00e9 par Bacana Skincare, situ\u00e9 au 2 All\u00e9e de Bordeneuve, Pibrac, France, et enregistr\u00e9 depuis septembre 2024 au Registre du Commerce et des Soci\u00e9t\u00e9s de Toulouse sous le num\u00e9ro 932 458 581. Bacana Skincare est propri\u00e9taire de la marque Bacana Skincare, qui est r\u00e9guli\u00e8rement enregistr\u00e9e [&hellip;]<\/p>\n","protected":false},"author":1,"featured_media":0,"parent":0,"menu_order":0,"comment_status":"closed","ping_status":"closed","template":"","meta":{"ocean_post_layout":"","ocean_both_sidebars_style":"","ocean_both_sidebars_content_width":0,"ocean_both_sidebars_sidebars_width":0,"ocean_sidebar":"0","ocean_second_sidebar":"0","ocean_disable_margins":"enable","ocean_add_body_class":"","ocean_shortcode_before_top_bar":"","ocean_shortcode_after_top_bar":"","ocean_shortcode_before_header":"","ocean_shortcode_after_header":"","ocean_has_shortcode":"","ocean_shortcode_after_title":"","ocean_shortcode_before_footer_widgets":"","ocean_shortcode_after_footer_widgets":"","ocean_shortcode_before_footer_bottom":"","ocean_shortcode_after_footer_bottom":"","ocean_display_top_bar":"default","ocean_display_header":"default","ocean_header_style":"","ocean_center_header_left_menu":"0","ocean_custom_header_template":"0","ocean_custom_logo":0,"ocean_custom_retina_logo":0,"ocean_custom_logo_max_width":0,"ocean_custom_logo_tablet_max_width":0,"ocean_custom_logo_mobile_max_width":0,"ocean_custom_logo_max_height":0,"ocean_custom_logo_tablet_max_height":0,"ocean_custom_logo_mobile_max_height":0,"ocean_header_custom_menu":"0","ocean_menu_typo_font_family":"0","ocean_menu_typo_font_subset":"","ocean_menu_typo_font_size":0,"ocean_menu_typo_font_size_tablet":0,"ocean_menu_typo_font_size_mobile":0,"ocean_menu_typo_font_size_unit":"px","ocean_menu_typo_font_weight":"","ocean_menu_typo_font_weight_tablet":"","ocean_menu_typo_font_weight_mobile":"","ocean_menu_typo_transform":"","ocean_menu_typo_transform_tablet":"","ocean_menu_typo_transform_mobile":"","ocean_menu_typo_line_height":0,"ocean_menu_typo_line_height_tablet":0,"ocean_menu_typo_line_height_mobile":0,"ocean_menu_typo_line_height_unit":"","ocean_menu_typo_spacing":0,"ocean_menu_typo_spacing_tablet":0,"ocean_menu_typo_spacing_mobile":0,"ocean_menu_typo_spacing_unit":"","ocean_menu_link_color":"","ocean_menu_link_color_hover":"","ocean_menu_link_color_active":"","ocean_menu_link_background":"","ocean_menu_link_hover_background":"","ocean_menu_link_active_background":"","ocean_menu_social_links_bg":"","ocean_menu_social_hover_links_bg":"","ocean_menu_social_links_color":"","ocean_menu_social_hover_links_color":"","ocean_disable_title":"default","ocean_disable_heading":"default","ocean_post_title":"","ocean_post_subheading":"","ocean_post_title_style":"","ocean_post_title_background_color":"","ocean_post_title_background":0,"ocean_post_title_bg_image_position":"","ocean_post_title_bg_image_attachment":"","ocean_post_title_bg_image_repeat":"","ocean_post_title_bg_image_size":"","ocean_post_title_height":0,"ocean_post_title_bg_overlay":0.5,"ocean_post_title_bg_overlay_color":"","ocean_disable_breadcrumbs":"default","ocean_breadcrumbs_color":"","ocean_breadcrumbs_separator_color":"","ocean_breadcrumbs_links_color":"","ocean_breadcrumbs_links_hover_color":"","ocean_display_footer_widgets":"default","ocean_display_footer_bottom":"default","ocean_custom_footer_template":"0","iawp_total_views":14,"footnotes":""},"class_list":["post-25218","page","type-page","status-publish","hentry","entry","owp-thumbs-layout-horizontal","owp-btn-normal","owp-tabs-layout-horizontal","has-no-thumbnails","has-product-nav","circle-sale"],"yoast_head":"<!-- This site is optimized with the Yoast SEO plugin v27.3 - https:\/\/yoast.com\/product\/yoast-seo-wordpress\/ -->\n<title>Mentions L\u00e9gales - Bacana Skincare<\/title>\n<meta name=\"robots\" content=\"index, follow, max-snippet:-1, max-image-preview:large, max-video-preview:-1\" \/>\n<link rel=\"canonical\" href=\"https:\/\/bacanaskincare.com\/fr\/impressum\/\" \/>\n<meta property=\"og:locale\" content=\"fr_FR\" \/>\n<meta property=\"og:type\" content=\"article\" \/>\n<meta property=\"og:title\" content=\"Mentions L\u00e9gales - Bacana Skincare\" \/>\n<meta property=\"og:description\" content=\"&#013; &#013; Mentions L\u00e9gales &#013; Le site internet www.bacanaskincare.com est publi\u00e9 par Bacana Skincare, situ\u00e9 au 2 All\u00e9e de Bordeneuve, Pibrac, France, et enregistr\u00e9 depuis septembre 2024 au Registre du Commerce et des Soci\u00e9t\u00e9s de Toulouse sous le num\u00e9ro 932 458 581. Bacana Skincare est propri\u00e9taire de la marque Bacana Skincare, qui est r\u00e9guli\u00e8rement enregistr\u00e9e [&hellip;]\" \/>\n<meta property=\"og:url\" content=\"https:\/\/bacanaskincare.com\/fr\/impressum\/\" \/>\n<meta property=\"og:site_name\" content=\"Bacana Skincare\" \/>\n<meta property=\"article:publisher\" content=\"https:\/\/www.facebook.com\/bacanaskincare-106988470647315\/\" \/>\n<meta property=\"article:modified_time\" content=\"2024-10-01T18:06:46+00:00\" \/>\n<meta name=\"twitter:card\" content=\"summary_large_image\" \/>\n<meta name=\"twitter:label1\" content=\"Dur\u00e9e de lecture estim\u00e9e\" \/>\n\t<meta name=\"twitter:data1\" content=\"2 minutes\" \/>\n<script type=\"application\/ld+json\" class=\"yoast-schema-graph\">{\"@context\":\"https:\\\/\\\/schema.org\",\"@graph\":[{\"@type\":\"WebPage\",\"@id\":\"https:\\\/\\\/bacanaskincare.com\\\/fr\\\/impressum\\\/\",\"url\":\"https:\\\/\\\/bacanaskincare.com\\\/fr\\\/impressum\\\/\",\"name\":\"Mentions L\u00e9gales - Bacana Skincare\",\"isPartOf\":{\"@id\":\"https:\\\/\\\/bacanaskincare.com\\\/fr\\\/#website\"},\"datePublished\":\"2024-09-30T10:18:50+00:00\",\"dateModified\":\"2024-10-01T18:06:46+00:00\",\"inLanguage\":\"fr-FR\",\"potentialAction\":[{\"@type\":\"ReadAction\",\"target\":[\"https:\\\/\\\/bacanaskincare.com\\\/fr\\\/impressum\\\/\"]}]},{\"@type\":\"WebSite\",\"@id\":\"https:\\\/\\\/bacanaskincare.com\\\/fr\\\/#website\",\"url\":\"https:\\\/\\\/bacanaskincare.com\\\/fr\\\/\",\"name\":\"Bacana Skincare\",\"description\":\"Natural skincare powered by tropical superfruits\",\"publisher\":{\"@id\":\"https:\\\/\\\/bacanaskincare.com\\\/fr\\\/#organization\"},\"potentialAction\":[{\"@type\":\"SearchAction\",\"target\":{\"@type\":\"EntryPoint\",\"urlTemplate\":\"https:\\\/\\\/bacanaskincare.com\\\/fr\\\/?s={search_term_string}\"},\"query-input\":{\"@type\":\"PropertyValueSpecification\",\"valueRequired\":true,\"valueName\":\"search_term_string\"}}],\"inLanguage\":\"fr-FR\"},{\"@type\":\"Organization\",\"@id\":\"https:\\\/\\\/bacanaskincare.com\\\/fr\\\/#organization\",\"name\":\"Bacana Skincare\",\"url\":\"https:\\\/\\\/bacanaskincare.com\\\/fr\\\/\",\"logo\":{\"@type\":\"ImageObject\",\"inLanguage\":\"fr-FR\",\"@id\":\"https:\\\/\\\/bacanaskincare.com\\\/fr\\\/#\\\/schema\\\/logo\\\/image\\\/\",\"url\":\"https:\\\/\\\/bacanaskincare.com\\\/wp-content\\\/uploads\\\/2019\\\/09\\\/u.png\",\"contentUrl\":\"https:\\\/\\\/bacanaskincare.com\\\/wp-content\\\/uploads\\\/2019\\\/09\\\/u.png\",\"width\":834,\"height\":226,\"caption\":\"Bacana Skincare\"},\"image\":{\"@id\":\"https:\\\/\\\/bacanaskincare.com\\\/fr\\\/#\\\/schema\\\/logo\\\/image\\\/\"},\"sameAs\":[\"https:\\\/\\\/www.facebook.com\\\/bacanaskincare-106988470647315\\\/\",\"https:\\\/\\\/www.instagram.com\\\/bacanaskincare\\\/?hl=en\",\"https:\\\/\\\/br.pinterest.com\\\/d0fd9db15f94c64465fab43d03b69a\\\/\"]}]}<\/script>\n<!-- \/ Yoast SEO plugin. -->","yoast_head_json":{"title":"Mentions L\u00e9gales - Bacana Skincare","robots":{"index":"index","follow":"follow","max-snippet":"max-snippet:-1","max-image-preview":"max-image-preview:large","max-video-preview":"max-video-preview:-1"},"canonical":"https:\/\/bacanaskincare.com\/fr\/impressum\/","og_locale":"fr_FR","og_type":"article","og_title":"Mentions L\u00e9gales - Bacana Skincare","og_description":"&#13; &#13; Mentions L\u00e9gales &#13; Le site internet www.bacanaskincare.com est publi\u00e9 par Bacana Skincare, situ\u00e9 au 2 All\u00e9e de Bordeneuve, Pibrac, France, et enregistr\u00e9 depuis septembre 2024 au Registre du Commerce et des Soci\u00e9t\u00e9s de Toulouse sous le num\u00e9ro 932 458 581. Bacana Skincare est propri\u00e9taire de la marque Bacana Skincare, qui est r\u00e9guli\u00e8rement enregistr\u00e9e [&hellip;]","og_url":"https:\/\/bacanaskincare.com\/fr\/impressum\/","og_site_name":"Bacana Skincare","article_publisher":"https:\/\/www.facebook.com\/bacanaskincare-106988470647315\/","article_modified_time":"2024-10-01T18:06:46+00:00","twitter_card":"summary_large_image","twitter_misc":{"Dur\u00e9e de lecture estim\u00e9e":"2 minutes"},"schema":{"@context":"https:\/\/schema.org","@graph":[{"@type":"WebPage","@id":"https:\/\/bacanaskincare.com\/fr\/impressum\/","url":"https:\/\/bacanaskincare.com\/fr\/impressum\/","name":"Mentions L\u00e9gales - Bacana Skincare","isPartOf":{"@id":"https:\/\/bacanaskincare.com\/fr\/#website"},"datePublished":"2024-09-30T10:18:50+00:00","dateModified":"2024-10-01T18:06:46+00:00","inLanguage":"fr-FR","potentialAction":[{"@type":"ReadAction","target":["https:\/\/bacanaskincare.com\/fr\/impressum\/"]}]},{"@type":"WebSite","@id":"https:\/\/bacanaskincare.com\/fr\/#website","url":"https:\/\/bacanaskincare.com\/fr\/","name":"Bacana Skincare","description":"Natural skincare powered by tropical superfruits","publisher":{"@id":"https:\/\/bacanaskincare.com\/fr\/#organization"},"potentialAction":[{"@type":"SearchAction","target":{"@type":"EntryPoint","urlTemplate":"https:\/\/bacanaskincare.com\/fr\/?s={search_term_string}"},"query-input":{"@type":"PropertyValueSpecification","valueRequired":true,"valueName":"search_term_string"}}],"inLanguage":"fr-FR"},{"@type":"Organization","@id":"https:\/\/bacanaskincare.com\/fr\/#organization","name":"Bacana Skincare","url":"https:\/\/bacanaskincare.com\/fr\/","logo":{"@type":"ImageObject","inLanguage":"fr-FR","@id":"https:\/\/bacanaskincare.com\/fr\/#\/schema\/logo\/image\/","url":"https:\/\/bacanaskincare.com\/wp-content\/uploads\/2019\/09\/u.png","contentUrl":"https:\/\/bacanaskincare.com\/wp-content\/uploads\/2019\/09\/u.png","width":834,"height":226,"caption":"Bacana Skincare"},"image":{"@id":"https:\/\/bacanaskincare.com\/fr\/#\/schema\/logo\/image\/"},"sameAs":["https:\/\/www.facebook.com\/bacanaskincare-106988470647315\/","https:\/\/www.instagram.com\/bacanaskincare\/?hl=en","https:\/\/br.pinterest.com\/d0fd9db15f94c64465fab43d03b69a\/"]}]}},"_links":{"self":[{"href":"https:\/\/bacanaskincare.com\/fr\/wp-json\/wp\/v2\/pages\/25218","targetHints":{"allow":["GET"]}}],"collection":[{"href":"https:\/\/bacanaskincare.com\/fr\/wp-json\/wp\/v2\/pages"}],"about":[{"href":"https:\/\/bacanaskincare.com\/fr\/wp-json\/wp\/v2\/types\/page"}],"author":[{"embeddable":true,"href":"https:\/\/bacanaskincare.com\/fr\/wp-json\/wp\/v2\/users\/1"}],"replies":[{"embeddable":true,"href":"https:\/\/bacanaskincare.com\/fr\/wp-json\/wp\/v2\/comments?post=25218"}],"version-history":[{"count":0,"href":"https:\/\/bacanaskincare.com\/fr\/wp-json\/wp\/v2\/pages\/25218\/revisions"}],"wp:attachment":[{"href":"https:\/\/bacanaskincare.com\/fr\/wp-json\/wp\/v2\/media?parent=25218"}],"curies":[{"name":"wp","href":"https:\/\/api.w.org\/{rel}","templated":true}]}}