{"id":24141,"date":"2023-10-07T23:11:39","date_gmt":"2023-10-07T21:11:39","guid":{"rendered":"https:\/\/bacanaskincare.com\/nos-formules\/"},"modified":"2023-10-07T23:11:49","modified_gmt":"2023-10-07T21:11:49","slug":"nos-formules","status":"publish","type":"page","link":"https:\/\/bacanaskincare.com\/fr\/nos-formules\/","title":{"rendered":"Nos Formules"},"content":{"rendered":"<div class=\"wpb-content-wrapper\"><p>[vc_row css=\u00a0\u00bb.vc_custom_1695237995921{margin-top: 75px !important;}\u00a0\u00bb][vc_column][vc_column_text]<\/p>\n<h1 style=\"text-align: center;\"><span style=\"font-size: 48px;\">Nos Formules<\/span><\/h1>\n<p>[\/vc_column_text][\/vc_column][\/vc_row][vc_row css=\u00a0\u00bb.vc_custom_1695239142028{margin-top: 40px !important;}\u00a0\u00bb][vc_column width=\u00a0\u00bb1\/2&Prime;][vc_single_image image=\u00a0\u00bb24111&Prime; img_size=\u00a0\u00bbfull\u00a0\u00bb][\/vc_column][vc_column width=\u00a0\u00bb1\/2&Prime;][vc_column_text]<\/p>\n<h3>Produits Frais<\/h3>\n<p>Nous produisons nos produits en petites quantit\u00e9s, ce qui garantit qu&rsquo;ils vous parviennent frais, tout en conservant tous les bienfaits des ingr\u00e9dients naturels.<\/p>\n<p>De la cr\u00e9ation \u00e0 la production, nous fabriquons tous les produits de Bacana nous-m\u00eames. En nous impliquant pleinement \u00e0 chaque \u00e9tape du processus, nous garantissons un niveau de qualit\u00e9 \u00e9lev\u00e9.<\/p>\n<h3>Formules v\u00e9ganes, naturelles et efficaces<\/h3>\n<p>Nous privil\u00e9gions la transparence dans nos formules, en \u00e9vitant les ingr\u00e9dients superflus. Nos produits contiennent des doses significatives d&rsquo;actifs cosm\u00e9tiques et sont totalement exempts d&rsquo;ingr\u00e9dients d&rsquo;origine animale. Nous basons notre approche sur la science pour cr\u00e9er des produits performants.<\/p>\n<p>Toutes nos formules sont \u00e9labor\u00e9es sur la base de recherches sur l&rsquo;efficacit\u00e9 scientifique de diff\u00e9rents principes actifs naturels et de leurs combinaisons. Diverses exp\u00e9riences sont men\u00e9es jusqu&rsquo;\u00e0 l&rsquo;obtention d&rsquo;un r\u00e9sultat parfait en termes de texture, de parfum, de stabilit\u00e9 et d&rsquo;efficacit\u00e9.<\/p>\n<h3>Formules test\u00e9es sous contr\u00f4le dermatologique<\/h3>\n<p>Tous les produits sont test\u00e9s sous contr\u00f4le dermatologique.<\/p>\n<h3>Des formules s\u00fbres<\/h3>\n<p>Nous n&rsquo;utilisons pas de perturbateurs endocriniens, d&rsquo;irritants, d&rsquo;allerg\u00e8nes ou d&rsquo;ingr\u00e9dients nocifs pour la sant\u00e9 dans nos formules. En outre, toutes les formules sont exemptes de silicones, de PEG ou d&rsquo;huiles min\u00e9rales, dont le processus de fabrication est nocif pour l&rsquo;environnement.[\/vc_column_text][\/vc_column][\/vc_row][vc_row css=\u00a0\u00bb.vc_custom_1695239149496{margin-top: 40px !important;}\u00a0\u00bb][vc_column width=\u00a0\u00bb1\/3&Prime;][vc_single_image image=\u00a0\u00bb23591&Prime; img_size=\u00a0\u00bbfull\u00a0\u00bb alignment=\u00a0\u00bbcenter\u00a0\u00bb][vc_column_text]<\/p>\n<p style=\"text-align: center;\"><span style=\"font-size: 32px; font-family: georgia, palatino, serif;\">Test\u00e9 dermatologiquement<\/span><\/p>\n<p>[\/vc_column_text][vc_column_text]<\/p>\n<div class=\"elementor-column elementor-col-33 elementor-inner-column elementor-element elementor-element-b16dc28\" data-id=\"b16dc28\" data-element_type=\"column\">\n<div class=\"elementor-column-wrap elementor-element-populated\">\n<div class=\"elementor-widget-wrap\">\n<div class=\"elementor-element elementor-element-f654fa6 elementor-widget elementor-widget-tm-image-box animated tmFadeInUp\" data-id=\"f654fa6\" data-element_type=\"widget\" data-settings=\"{\"_animation\":\"tmFadeInUp\"}\" data-widget_type=\"tm-image-box.default\">\n<div class=\"elementor-widget-container\">\n<div class=\"tm-image-box makeaholic-box style- image-position-top content-alignment-\">\n<div class=\"content-wrap\">\n<div class=\"content\">\n<div class=\"description\" style=\"text-align: center;\">Tous nos produits subissent des tests dermatologiques en laboratoire sp\u00e9cialis\u00e9, sans utilisation d&rsquo;animaux.<\/div>\n<\/div>\n<\/div>\n<\/div>\n<\/div>\n<\/div>\n<\/div>\n<\/div>\n<\/div>\n<p>[\/vc_column_text][\/vc_column][vc_column width=\u00a0\u00bb1\/3&Prime;][vc_single_image image=\u00a0\u00bb23583&Prime; img_size=\u00a0\u00bbfull\u00a0\u00bb alignment=\u00a0\u00bbcenter\u00a0\u00bb][vc_column_text]<\/p>\n<p style=\"text-align: center;\"><span style=\"font-size: 32px; font-family: georgia, palatino, serif;\">Sans toxines<\/span><\/p>\n<p>[\/vc_column_text][vc_column_text]<\/p>\n<div class=\"elementor-column elementor-col-33 elementor-inner-column elementor-element elementor-element-b16dc28\" data-id=\"b16dc28\" data-element_type=\"column\">\n<div class=\"elementor-column-wrap elementor-element-populated\">\n<div class=\"elementor-widget-wrap\">\n<div class=\"elementor-element elementor-element-f654fa6 elementor-widget elementor-widget-tm-image-box animated tmFadeInUp\" data-id=\"f654fa6\" data-element_type=\"widget\" data-settings=\"{\"_animation\":\"tmFadeInUp\"}\" data-widget_type=\"tm-image-box.default\">\n<div class=\"elementor-widget-container\">\n<div class=\"tm-image-box makeaholic-box style- image-position-top content-alignment-\">\n<div class=\"content-wrap\">\n<div class=\"content\">\n<div class=\"description\" style=\"text-align: center;\">\n<div class=\"elementor-column elementor-col-33 elementor-inner-column elementor-element elementor-element-e211cf4\" data-id=\"e211cf4\" data-element_type=\"column\">\n<div class=\"elementor-column-wrap elementor-element-populated\">\n<div class=\"elementor-widget-wrap\">\n<div class=\"elementor-element elementor-element-38e7ce5 elementor-widget elementor-widget-tm-image-box animated tmFadeInUp\" data-id=\"38e7ce5\" data-element_type=\"widget\" data-settings=\"{\"_animation\":\"tmFadeInUp\"}\" data-widget_type=\"tm-image-box.default\">\n<div class=\"elementor-widget-container\">\n<div class=\"tm-image-box makeaholic-box style- image-position-top content-alignment-\">\n<div class=\"content-wrap\">\n<div class=\"content\">\n<div class=\"description\">Chaque cosm\u00e9tique prot\u00e8ge et embellit votre peau et vos cheveux de mani\u00e8re non toxique et saine, en utilisant des ingr\u00e9dients actifs 100 % naturels.<\/div>\n<\/div>\n<\/div>\n<\/div>\n<\/div>\n<\/div>\n<\/div>\n<\/div>\n<\/div>\n<\/div>\n<\/div>\n<\/div>\n<\/div>\n<\/div>\n<\/div>\n<\/div>\n<\/div>\n<\/div>\n<p>[\/vc_column_text][\/vc_column][vc_column width=\u00a0\u00bb1\/3&Prime;][vc_single_image image=\u00a0\u00bb23587&Prime; img_size=\u00a0\u00bbfull\u00a0\u00bb alignment=\u00a0\u00bbcenter\u00a0\u00bb][vc_column_text]<\/p>\n<p style=\"text-align: center;\"><span style=\"font-size: 32px; font-family: georgia, palatino, serif;\">Respect de la nature<\/span><\/p>\n<p>[\/vc_column_text][vc_column_text]<\/p>\n<div class=\"elementor-column elementor-col-33 elementor-inner-column elementor-element elementor-element-b16dc28\" data-id=\"b16dc28\" data-element_type=\"column\">\n<div class=\"elementor-column-wrap elementor-element-populated\">\n<div class=\"elementor-widget-wrap\">\n<div class=\"elementor-element elementor-element-f654fa6 elementor-widget elementor-widget-tm-image-box animated tmFadeInUp\" data-id=\"f654fa6\" data-element_type=\"widget\" data-settings=\"{\"_animation\":\"tmFadeInUp\"}\" data-widget_type=\"tm-image-box.default\">\n<div class=\"elementor-widget-container\">\n<div class=\"tm-image-box makeaholic-box style- image-position-top content-alignment-\">\n<div class=\"content-wrap\">\n<div class=\"content\">\n<div class=\"description\" style=\"text-align: center;\">\n<div class=\"elementor-column elementor-col-33 elementor-inner-column elementor-element elementor-element-e211cf4\" data-id=\"e211cf4\" data-element_type=\"column\">\n<div class=\"elementor-column-wrap elementor-element-populated\">\n<div class=\"elementor-widget-wrap\">\n<div class=\"elementor-element elementor-element-38e7ce5 elementor-widget elementor-widget-tm-image-box animated tmFadeInUp\" data-id=\"38e7ce5\" data-element_type=\"widget\" data-settings=\"{\"_animation\":\"tmFadeInUp\"}\" data-widget_type=\"tm-image-box.default\">\n<div class=\"elementor-widget-container\">\n<div class=\"tm-image-box makeaholic-box style- image-position-top content-alignment-\">\n<div class=\"content-wrap\">\n<div class=\"content\">\n<div class=\"description\">Une partie des b\u00e9n\u00e9fices de nos produits est revers\u00e9e \u00e0 une organisation \u00e0 but non lucratif qui aide \u00e0 restaurer la for\u00eat amazonienne et \u00e0 lutter contre le changement climatique.<\/div>\n<\/div>\n<\/div>\n<\/div>\n<\/div>\n<\/div>\n<\/div>\n<\/div>\n<\/div>\n<\/div>\n<\/div>\n<\/div>\n<\/div>\n<\/div>\n<\/div>\n<\/div>\n<\/div>\n<\/div>\n<p>[\/vc_column_text][\/vc_column][\/vc_row]<\/p>\n<\/div>","protected":false},"excerpt":{"rendered":"<p>[vc_row css=\u00a0\u00bb.vc_custom_1695237995921{margin-top: 75px !important;}\u00a0\u00bb][vc_column][vc_column_text] Nos Formules [\/vc_column_text][\/vc_column][\/vc_row][vc_row css=\u00a0\u00bb.vc_custom_1695239142028{margin-top: 40px !important;}\u00a0\u00bb][vc_column width=\u00a0\u00bb1\/2&Prime;][vc_single_image image=\u00a0\u00bb24111&Prime; img_size=\u00a0\u00bbfull\u00a0\u00bb][\/vc_column][vc_column width=\u00a0\u00bb1\/2&Prime;][vc_column_text] Produits Frais Nous produisons nos produits en petites quantit\u00e9s, ce qui garantit qu&rsquo;ils vous parviennent frais, tout en conservant tous les bienfaits des ingr\u00e9dients naturels. De la cr\u00e9ation \u00e0 la production, nous fabriquons tous les produits de Bacana nous-m\u00eames. En nous [&hellip;]<\/p>\n","protected":false},"author":1,"featured_media":0,"parent":0,"menu_order":0,"comment_status":"closed","ping_status":"closed","template":"","meta":{"ocean_post_layout":"","ocean_both_sidebars_style":"","ocean_both_sidebars_content_width":0,"ocean_both_sidebars_sidebars_width":0,"ocean_sidebar":"0","ocean_second_sidebar":"0","ocean_disable_margins":"enable","ocean_add_body_class":"","ocean_shortcode_before_top_bar":"","ocean_shortcode_after_top_bar":"","ocean_shortcode_before_header":"","ocean_shortcode_after_header":"","ocean_has_shortcode":"","ocean_shortcode_after_title":"","ocean_shortcode_before_footer_widgets":"","ocean_shortcode_after_footer_widgets":"","ocean_shortcode_before_footer_bottom":"","ocean_shortcode_after_footer_bottom":"","ocean_display_top_bar":"default","ocean_display_header":"default","ocean_header_style":"","ocean_center_header_left_menu":"0","ocean_custom_header_template":"0","ocean_custom_logo":0,"ocean_custom_retina_logo":0,"ocean_custom_logo_max_width":0,"ocean_custom_logo_tablet_max_width":0,"ocean_custom_logo_mobile_max_width":0,"ocean_custom_logo_max_height":0,"ocean_custom_logo_tablet_max_height":0,"ocean_custom_logo_mobile_max_height":0,"ocean_header_custom_menu":"0","ocean_menu_typo_font_family":"0","ocean_menu_typo_font_subset":"","ocean_menu_typo_font_size":0,"ocean_menu_typo_font_size_tablet":0,"ocean_menu_typo_font_size_mobile":0,"ocean_menu_typo_font_size_unit":"px","ocean_menu_typo_font_weight":"","ocean_menu_typo_font_weight_tablet":"","ocean_menu_typo_font_weight_mobile":"","ocean_menu_typo_transform":"","ocean_menu_typo_transform_tablet":"","ocean_menu_typo_transform_mobile":"","ocean_menu_typo_line_height":0,"ocean_menu_typo_line_height_tablet":0,"ocean_menu_typo_line_height_mobile":0,"ocean_menu_typo_line_height_unit":"","ocean_menu_typo_spacing":0,"ocean_menu_typo_spacing_tablet":0,"ocean_menu_typo_spacing_mobile":0,"ocean_menu_typo_spacing_unit":"","ocean_menu_link_color":"","ocean_menu_link_color_hover":"","ocean_menu_link_color_active":"","ocean_menu_link_background":"","ocean_menu_link_hover_background":"","ocean_menu_link_active_background":"","ocean_menu_social_links_bg":"","ocean_menu_social_hover_links_bg":"","ocean_menu_social_links_color":"","ocean_menu_social_hover_links_color":"","ocean_disable_title":"default","ocean_disable_heading":"default","ocean_post_title":"","ocean_post_subheading":"","ocean_post_title_style":"","ocean_post_title_background_color":"","ocean_post_title_background":0,"ocean_post_title_bg_image_position":"","ocean_post_title_bg_image_attachment":"","ocean_post_title_bg_image_repeat":"","ocean_post_title_bg_image_size":"","ocean_post_title_height":0,"ocean_post_title_bg_overlay":0.5,"ocean_post_title_bg_overlay_color":"","ocean_disable_breadcrumbs":"default","ocean_breadcrumbs_color":"","ocean_breadcrumbs_separator_color":"","ocean_breadcrumbs_links_color":"","ocean_breadcrumbs_links_hover_color":"","ocean_display_footer_widgets":"default","ocean_display_footer_bottom":"default","ocean_custom_footer_template":"0","iawp_total_views":18,"footnotes":""},"class_list":["post-24141","page","type-page","status-publish","hentry","entry","owp-thumbs-layout-horizontal","owp-btn-normal","owp-tabs-layout-horizontal","has-no-thumbnails","has-product-nav","circle-sale"],"yoast_head":"<!-- This site is optimized with the Yoast SEO plugin v27.3 - https:\/\/yoast.com\/product\/yoast-seo-wordpress\/ -->\n<title>Nos Formules - Bacana Skincare<\/title>\n<meta name=\"robots\" content=\"index, follow, max-snippet:-1, max-image-preview:large, max-video-preview:-1\" \/>\n<link rel=\"canonical\" href=\"https:\/\/bacanaskincare.com\/fr\/nos-formules\/\" \/>\n<meta property=\"og:locale\" content=\"fr_FR\" \/>\n<meta property=\"og:type\" content=\"article\" \/>\n<meta property=\"og:title\" content=\"Nos Formules - Bacana Skincare\" \/>\n<meta property=\"og:description\" content=\"[vc_row css=\u00a0\u00bb.vc_custom_1695237995921{margin-top: 75px !important;}\u00a0\u00bb][vc_column][vc_column_text] Nos Formules [\/vc_column_text][\/vc_column][\/vc_row][vc_row css=\u00a0\u00bb.vc_custom_1695239142028{margin-top: 40px !important;}\u00a0\u00bb][vc_column width=\u00a0\u00bb1\/2&Prime;][vc_single_image image=\u00a0\u00bb24111&Prime; img_size=\u00a0\u00bbfull\u00a0\u00bb][\/vc_column][vc_column width=\u00a0\u00bb1\/2&Prime;][vc_column_text] Produits Frais Nous produisons nos produits en petites quantit\u00e9s, ce qui garantit qu&rsquo;ils vous parviennent frais, tout en conservant tous les bienfaits des ingr\u00e9dients naturels. De la cr\u00e9ation \u00e0 la production, nous fabriquons tous les produits de Bacana nous-m\u00eames. En nous [&hellip;]\" \/>\n<meta property=\"og:url\" content=\"https:\/\/bacanaskincare.com\/fr\/nos-formules\/\" \/>\n<meta property=\"og:site_name\" content=\"Bacana Skincare\" \/>\n<meta property=\"article:publisher\" content=\"https:\/\/www.facebook.com\/bacanaskincare-106988470647315\/\" \/>\n<meta property=\"article:modified_time\" content=\"2023-10-07T21:11:49+00:00\" \/>\n<meta name=\"twitter:card\" content=\"summary_large_image\" \/>\n<meta name=\"twitter:label1\" content=\"Dur\u00e9e de lecture estim\u00e9e\" \/>\n\t<meta name=\"twitter:data1\" content=\"2 minutes\" \/>\n<script type=\"application\/ld+json\" class=\"yoast-schema-graph\">{\"@context\":\"https:\\\/\\\/schema.org\",\"@graph\":[{\"@type\":\"WebPage\",\"@id\":\"https:\\\/\\\/bacanaskincare.com\\\/fr\\\/nos-formules\\\/\",\"url\":\"https:\\\/\\\/bacanaskincare.com\\\/fr\\\/nos-formules\\\/\",\"name\":\"Nos Formules - Bacana Skincare\",\"isPartOf\":{\"@id\":\"https:\\\/\\\/bacanaskincare.com\\\/fr\\\/#website\"},\"datePublished\":\"2023-10-07T21:11:39+00:00\",\"dateModified\":\"2023-10-07T21:11:49+00:00\",\"inLanguage\":\"fr-FR\",\"potentialAction\":[{\"@type\":\"ReadAction\",\"target\":[\"https:\\\/\\\/bacanaskincare.com\\\/fr\\\/nos-formules\\\/\"]}]},{\"@type\":\"WebSite\",\"@id\":\"https:\\\/\\\/bacanaskincare.com\\\/fr\\\/#website\",\"url\":\"https:\\\/\\\/bacanaskincare.com\\\/fr\\\/\",\"name\":\"Bacana Skincare\",\"description\":\"Natural skincare powered by tropical superfruits\",\"publisher\":{\"@id\":\"https:\\\/\\\/bacanaskincare.com\\\/fr\\\/#organization\"},\"potentialAction\":[{\"@type\":\"SearchAction\",\"target\":{\"@type\":\"EntryPoint\",\"urlTemplate\":\"https:\\\/\\\/bacanaskincare.com\\\/fr\\\/?s={search_term_string}\"},\"query-input\":{\"@type\":\"PropertyValueSpecification\",\"valueRequired\":true,\"valueName\":\"search_term_string\"}}],\"inLanguage\":\"fr-FR\"},{\"@type\":\"Organization\",\"@id\":\"https:\\\/\\\/bacanaskincare.com\\\/fr\\\/#organization\",\"name\":\"Bacana Skincare\",\"url\":\"https:\\\/\\\/bacanaskincare.com\\\/fr\\\/\",\"logo\":{\"@type\":\"ImageObject\",\"inLanguage\":\"fr-FR\",\"@id\":\"https:\\\/\\\/bacanaskincare.com\\\/fr\\\/#\\\/schema\\\/logo\\\/image\\\/\",\"url\":\"https:\\\/\\\/bacanaskincare.com\\\/wp-content\\\/uploads\\\/2019\\\/09\\\/u.png\",\"contentUrl\":\"https:\\\/\\\/bacanaskincare.com\\\/wp-content\\\/uploads\\\/2019\\\/09\\\/u.png\",\"width\":834,\"height\":226,\"caption\":\"Bacana Skincare\"},\"image\":{\"@id\":\"https:\\\/\\\/bacanaskincare.com\\\/fr\\\/#\\\/schema\\\/logo\\\/image\\\/\"},\"sameAs\":[\"https:\\\/\\\/www.facebook.com\\\/bacanaskincare-106988470647315\\\/\",\"https:\\\/\\\/www.instagram.com\\\/bacanaskincare\\\/?hl=en\",\"https:\\\/\\\/br.pinterest.com\\\/d0fd9db15f94c64465fab43d03b69a\\\/\"]}]}<\/script>\n<!-- \/ Yoast SEO plugin. -->","yoast_head_json":{"title":"Nos Formules - Bacana Skincare","robots":{"index":"index","follow":"follow","max-snippet":"max-snippet:-1","max-image-preview":"max-image-preview:large","max-video-preview":"max-video-preview:-1"},"canonical":"https:\/\/bacanaskincare.com\/fr\/nos-formules\/","og_locale":"fr_FR","og_type":"article","og_title":"Nos Formules - Bacana Skincare","og_description":"[vc_row css=\u00a0\u00bb.vc_custom_1695237995921{margin-top: 75px !important;}\u00a0\u00bb][vc_column][vc_column_text] Nos Formules [\/vc_column_text][\/vc_column][\/vc_row][vc_row css=\u00a0\u00bb.vc_custom_1695239142028{margin-top: 40px !important;}\u00a0\u00bb][vc_column width=\u00a0\u00bb1\/2&Prime;][vc_single_image image=\u00a0\u00bb24111&Prime; img_size=\u00a0\u00bbfull\u00a0\u00bb][\/vc_column][vc_column width=\u00a0\u00bb1\/2&Prime;][vc_column_text] Produits Frais Nous produisons nos produits en petites quantit\u00e9s, ce qui garantit qu&rsquo;ils vous parviennent frais, tout en conservant tous les bienfaits des ingr\u00e9dients naturels. De la cr\u00e9ation \u00e0 la production, nous fabriquons tous les produits de Bacana nous-m\u00eames. En nous [&hellip;]","og_url":"https:\/\/bacanaskincare.com\/fr\/nos-formules\/","og_site_name":"Bacana Skincare","article_publisher":"https:\/\/www.facebook.com\/bacanaskincare-106988470647315\/","article_modified_time":"2023-10-07T21:11:49+00:00","twitter_card":"summary_large_image","twitter_misc":{"Dur\u00e9e de lecture estim\u00e9e":"2 minutes"},"schema":{"@context":"https:\/\/schema.org","@graph":[{"@type":"WebPage","@id":"https:\/\/bacanaskincare.com\/fr\/nos-formules\/","url":"https:\/\/bacanaskincare.com\/fr\/nos-formules\/","name":"Nos Formules - Bacana Skincare","isPartOf":{"@id":"https:\/\/bacanaskincare.com\/fr\/#website"},"datePublished":"2023-10-07T21:11:39+00:00","dateModified":"2023-10-07T21:11:49+00:00","inLanguage":"fr-FR","potentialAction":[{"@type":"ReadAction","target":["https:\/\/bacanaskincare.com\/fr\/nos-formules\/"]}]},{"@type":"WebSite","@id":"https:\/\/bacanaskincare.com\/fr\/#website","url":"https:\/\/bacanaskincare.com\/fr\/","name":"Bacana Skincare","description":"Natural skincare powered by tropical superfruits","publisher":{"@id":"https:\/\/bacanaskincare.com\/fr\/#organization"},"potentialAction":[{"@type":"SearchAction","target":{"@type":"EntryPoint","urlTemplate":"https:\/\/bacanaskincare.com\/fr\/?s={search_term_string}"},"query-input":{"@type":"PropertyValueSpecification","valueRequired":true,"valueName":"search_term_string"}}],"inLanguage":"fr-FR"},{"@type":"Organization","@id":"https:\/\/bacanaskincare.com\/fr\/#organization","name":"Bacana Skincare","url":"https:\/\/bacanaskincare.com\/fr\/","logo":{"@type":"ImageObject","inLanguage":"fr-FR","@id":"https:\/\/bacanaskincare.com\/fr\/#\/schema\/logo\/image\/","url":"https:\/\/bacanaskincare.com\/wp-content\/uploads\/2019\/09\/u.png","contentUrl":"https:\/\/bacanaskincare.com\/wp-content\/uploads\/2019\/09\/u.png","width":834,"height":226,"caption":"Bacana Skincare"},"image":{"@id":"https:\/\/bacanaskincare.com\/fr\/#\/schema\/logo\/image\/"},"sameAs":["https:\/\/www.facebook.com\/bacanaskincare-106988470647315\/","https:\/\/www.instagram.com\/bacanaskincare\/?hl=en","https:\/\/br.pinterest.com\/d0fd9db15f94c64465fab43d03b69a\/"]}]}},"_links":{"self":[{"href":"https:\/\/bacanaskincare.com\/fr\/wp-json\/wp\/v2\/pages\/24141","targetHints":{"allow":["GET"]}}],"collection":[{"href":"https:\/\/bacanaskincare.com\/fr\/wp-json\/wp\/v2\/pages"}],"about":[{"href":"https:\/\/bacanaskincare.com\/fr\/wp-json\/wp\/v2\/types\/page"}],"author":[{"embeddable":true,"href":"https:\/\/bacanaskincare.com\/fr\/wp-json\/wp\/v2\/users\/1"}],"replies":[{"embeddable":true,"href":"https:\/\/bacanaskincare.com\/fr\/wp-json\/wp\/v2\/comments?post=24141"}],"version-history":[{"count":0,"href":"https:\/\/bacanaskincare.com\/fr\/wp-json\/wp\/v2\/pages\/24141\/revisions"}],"wp:attachment":[{"href":"https:\/\/bacanaskincare.com\/fr\/wp-json\/wp\/v2\/media?parent=24141"}],"curies":[{"name":"wp","href":"https:\/\/api.w.org\/{rel}","templated":true}]}}