{"id":24137,"date":"2023-10-07T22:50:59","date_gmt":"2023-10-07T20:50:59","guid":{"rendered":"https:\/\/bacanaskincare.com\/notre-histoire\/"},"modified":"2023-10-07T22:51:09","modified_gmt":"2023-10-07T20:51:09","slug":"notre-histoire","status":"publish","type":"page","link":"https:\/\/bacanaskincare.com\/fr\/notre-histoire\/","title":{"rendered":"Notre Histoire"},"content":{"rendered":"<div class=\"wpb-content-wrapper\"><p>[vc_row css=\u00a0\u00bb.vc_custom_1695213479803{margin-top: 75px !important;}\u00a0\u00bb][vc_column][vc_column_text]<\/p>\n<h1 style=\"text-align: center;\"><span style=\"font-size: 48px;\">Une histoire Bacana!<\/span><\/h1>\n<p>[\/vc_column_text][\/vc_column][\/vc_row][vc_row content_placement=\u00a0\u00bbmiddle\u00a0\u00bb css=\u00a0\u00bb.vc_custom_1695212733339{margin-top: 20px !important;margin-bottom: 20px !important;}\u00a0\u00bb][vc_column width=\u00a0\u00bb1\/2&Prime;][vc_single_image image=\u00a0\u00bb24116&Prime; img_size=\u00a0\u00bbfull\u00a0\u00bb alignment=\u00a0\u00bbcenter\u00a0\u00bb][\/vc_column][vc_column width=\u00a0\u00bb1\/2&Prime;][vc_column_text]<\/p>\n<h4>De la passion pour les cosm\u00e9tiques \u00e0 la cr\u00e9ation de notre marque : Un parcours inspirant de r\u00e9alisations<\/h4>\n<p>&nbsp;<\/p>\n<p class=\"p1\">Bacana est n\u00e9e de la passion et de la d\u00e9termination de Fernanda, une pharmacienne br\u00e9silienne qui a commenc\u00e9 son parcours en d\u00e9veloppant des produits exclusifs pour prendre soin de sa peau sensible et s\u00e8che.<\/p>\n<p>&nbsp;<\/p>\n<blockquote>\n<h1 class=\"p2\"><b>\u00ab\u00a0J&rsquo;ai toujours travaill\u00e9 dans le domaine des cosm\u00e9tiques, cr\u00e9ant des produits pour diff\u00e9rentes marques. Mais il est arriv\u00e9 un moment o\u00f9 j&rsquo;ai eu besoin de trouver des solutions sp\u00e9cifiques pour ma propre peau\u00a0\u00bb.<\/b><\/h1>\n<\/blockquote>\n<p>&nbsp;<\/p>\n<p class=\"p1\" style=\"text-align: left;\">En 2013, elle s&rsquo;est install\u00e9e en France pour suivre un master en chimie cosm\u00e9tique. Elle y a pass\u00e9 trois ans, non seulement \u00e0 \u00e9tudier, mais aussi \u00e0 explorer en d\u00e9tail le monde de la production et du d\u00e9veloppement de nouveaux produits.<\/p>\n<p>&nbsp;<\/p>\n<p class=\"p1\" style=\"text-align: left;\">En 2016, Fernanda a franchi une nouvelle \u00e9tape et s&rsquo;est install\u00e9e \u00e0 Berlin, en Allemagne. Cependant, la transition vers un climat plus froid a entra\u00een\u00e9 des d\u00e9fis inattendus.<\/p>\n<p>[\/vc_column_text][\/vc_column][\/vc_row][vc_row content_placement=\u00a0\u00bbmiddle\u00a0\u00bb css=\u00a0\u00bb.vc_custom_1695212740223{margin-top: 20px !important;margin-bottom: 20px !important;}\u00a0\u00bb][vc_column width=\u00a0\u00bb1\/2&Prime; offset=\u00a0\u00bbvc_hidden-md vc_hidden-sm vc_hidden-xs\u00a0\u00bb][vc_column_text]<\/p>\n<blockquote>\n<h1 class=\"p1\"><b>\u00ab\u00a0Ma peau, auparavant saine, est devenue sensible et extr\u00eamement s\u00e8che. En outre, la rosac\u00e9e, une maladie \u00e0 laquelle je n&rsquo;avais jamais \u00e9t\u00e9 confront\u00e9e auparavant, a profond\u00e9ment affect\u00e9 mon estime de soi\u00a0\u00bb.<\/b><\/h1>\n<\/blockquote>\n<p>&nbsp;<\/p>\n<p class=\"p2\">Avec sa passion pour la chimie et son engagement pour la qualit\u00e9, Fernanda a commenc\u00e9 \u00e0 cr\u00e9er des formules uniques. Elle s&rsquo;est inspir\u00e9e des ingr\u00e9dients actifs de la for\u00eat amazonienne et du Br\u00e9sil, dont les effets positifs sur la peau ont \u00e9t\u00e9 scientifiquement prouv\u00e9s.<\/p>\n<p>&nbsp;<\/p>\n<blockquote>\n<h1 class=\"p3\"><b>\u00ab\u00a0Mon objectif \u00e9tait clair : fabriquer des cosm\u00e9tiques naturels contenant des ingr\u00e9dients doux pour ma peau, mais aussi efficaces pour am\u00e9liorer la texture, l&rsquo;hydratation et les imperfections.<\/b><\/h1>\n<\/blockquote>\n<p>&nbsp;<\/p>\n<p>Au fil du temps, ses produits ont commenc\u00e9 \u00e0 donner des r\u00e9sultats int\u00e9ressants. Petit \u00e0 petit, elle s&rsquo;est engag\u00e9e sur la voie de la d\u00e9couverte et a d\u00e9velopp\u00e9 une gamme vari\u00e9e de produits. Fernanda les a test\u00e9s sur des amis et des membres de sa famille, en observant attentivement et en interrogeant chaque type de peau. Le r\u00e9sultat est toujours le m\u00eame : ils sont impressionn\u00e9s par la simplicit\u00e9 et l&rsquo;efficacit\u00e9 de ses produits.[\/vc_column_text][\/vc_column][vc_column width=\u00a0\u00bb1\/2&Prime; offset=\u00a0\u00bbvc_hidden-md vc_hidden-sm vc_hidden-xs\u00a0\u00bb][vc_single_image image=\u00a0\u00bb23545&Prime; img_size=\u00a0\u00bbfull\u00a0\u00bb alignment=\u00a0\u00bbcenter\u00a0\u00bb][\/vc_column][\/vc_row][vc_row content_placement=\u00a0\u00bbmiddle\u00a0\u00bb css=\u00a0\u00bb.vc_custom_1695212740223{margin-top: 20px !important;margin-bottom: 20px !important;}\u00a0\u00bb][vc_column width=\u00a0\u00bb1\/2&Prime; offset=\u00a0\u00bbvc_hidden-lg\u00a0\u00bb][vc_single_image image=\u00a0\u00bb23545&Prime; img_size=\u00a0\u00bbfull\u00a0\u00bb alignment=\u00a0\u00bbcenter\u00a0\u00bb][\/vc_column][vc_column width=\u00a0\u00bb1\/2&Prime; offset=\u00a0\u00bbvc_hidden-lg\u00a0\u00bb][vc_column_text]<\/p>\n<blockquote>\n<h1 class=\"p1\"><b>\u00ab\u00a0Ma peau, auparavant saine, est devenue sensible et extr\u00eamement s\u00e8che. En outre, la rosac\u00e9e, une maladie \u00e0 laquelle je n&rsquo;avais jamais \u00e9t\u00e9 confront\u00e9e auparavant, a profond\u00e9ment affect\u00e9 mon estime de soi\u00a0\u00bb.<\/b><\/h1>\n<\/blockquote>\n<p>&nbsp;<\/p>\n<p class=\"p2\">Avec sa passion pour la chimie et son engagement pour la qualit\u00e9, Fernanda a commenc\u00e9 \u00e0 cr\u00e9er des formules uniques. Elle s&rsquo;est inspir\u00e9e des ingr\u00e9dients actifs de la for\u00eat amazonienne et du Br\u00e9sil, dont les effets positifs sur la peau ont \u00e9t\u00e9 scientifiquement prouv\u00e9s.<\/p>\n<p>&nbsp;<\/p>\n<blockquote>\n<h1 class=\"p3\"><b>\u00ab\u00a0Mon objectif \u00e9tait clair : fabriquer des cosm\u00e9tiques naturels contenant des ingr\u00e9dients doux pour ma peau, mais aussi efficaces pour am\u00e9liorer la texture, l&rsquo;hydratation et les imperfections.<\/b><\/h1>\n<\/blockquote>\n<p>&nbsp;<\/p>\n<p>Au fil du temps, ses produits ont commenc\u00e9 \u00e0 donner des r\u00e9sultats int\u00e9ressants. Petit \u00e0 petit, elle s&rsquo;est engag\u00e9e sur la voie de la d\u00e9couverte et a d\u00e9velopp\u00e9 une gamme vari\u00e9e de produits. Fernanda les a test\u00e9s sur des amis et des membres de sa famille, en observant attentivement et en interrogeant chaque type de peau. Le r\u00e9sultat est toujours le m\u00eame : ils sont impressionn\u00e9s par la simplicit\u00e9 et l&rsquo;efficacit\u00e9 de ses produits.[\/vc_column_text][\/vc_column][\/vc_row][vc_row content_placement=\u00a0\u00bbmiddle\u00a0\u00bb css=\u00a0\u00bb.vc_custom_1695212746199{margin-top: 20px !important;margin-bottom: 20px !important;}\u00a0\u00bb][vc_column width=\u00a0\u00bb1\/2&Prime; offset=\u00a0\u00bbvc_hidden-md vc_hidden-sm vc_hidden-xs\u00a0\u00bb][vc_single_image image=\u00a0\u00bb24120&Prime; img_size=\u00a0\u00bbfull\u00a0\u00bb alignment=\u00a0\u00bbcenter\u00a0\u00bb][\/vc_column][vc_column width=\u00a0\u00bb1\/2&Prime; offset=\u00a0\u00bbvc_hidden-md vc_hidden-sm vc_hidden-xs\u00a0\u00bb][vc_column_text]<\/p>\n<section class=\"elementor-section elementor-top-section elementor-element elementor-element-d0997ab elementor-section-boxed elementor-section-gap-beside-yes elementor-section-height-default elementor-section-height-default elementor-section-column-vertical-align-stretch\" data-id=\"d0997ab\" data-element_type=\"section\" data-settings=\"{\"background_background\":\"classic\"}\">\n<div class=\"elementor-container elementor-column-gap-extended\">\n<div class=\"elementor-row\">\n<div class=\"elementor-column elementor-col-50 elementor-top-column elementor-element elementor-element-7603607\" data-id=\"7603607\" data-element_type=\"column\" data-settings=\"{\"background_background\":\"classic\"}\">\n<div class=\"elementor-column-wrap elementor-element-populated\">\n<div class=\"elementor-widget-wrap\">\n<div class=\"elementor-element elementor-element-55345a7 elementor-widget elementor-widget-text-editor animated tmFadeInUp\" data-id=\"55345a7\" data-element_type=\"widget\" data-settings=\"{\"_animation\":\"tmFadeInUp\"}\" data-widget_type=\"text-editor.default\">\n<div class=\"elementor-widget-container\">\n<div class=\"elementor-text-editor elementor-clearfix\">\n<blockquote>\n<h1><strong>\u00ab\u00a0C&rsquo;est \u00e0 ce moment-l\u00e0 que j&rsquo;ai compris que j&rsquo;avais quelque chose de sp\u00e9cial entre les mains. C&rsquo;est ainsi que j&rsquo;ai d\u00e9cid\u00e9 de passer \u00e0 l&rsquo;\u00e9tape suivante et de commencer \u00e0 vendre mes produits\u00a0\u00bb.<\/strong><\/h1>\n<\/blockquote>\n<\/div>\n<\/div>\n<\/div>\n<\/div>\n<\/div>\n<\/div>\n<\/div>\n<\/div>\n<\/section>\n<section class=\"elementor-section elementor-top-section elementor-element elementor-element-8377021 elementor-section-boxed elementor-section-gap-beside-yes elementor-section-height-default elementor-section-height-default elementor-section-column-vertical-align-stretch\" data-id=\"8377021\" data-element_type=\"section\">\n<div class=\"elementor-container elementor-column-gap-extended\">\n<div class=\"elementor-row\">\n<div class=\"elementor-column elementor-col-100 elementor-top-column elementor-element elementor-element-d1a5a32\" data-id=\"d1a5a32\" data-element_type=\"column\">\n<div class=\"elementor-column-wrap elementor-element-populated\">\n<div class=\"elementor-widget-wrap\">\n<div class=\"elementor-element elementor-element-5311514 elementor-widget__width-initial elementor-widget elementor-widget-text-editor\" data-id=\"5311514\" data-element_type=\"widget\" data-widget_type=\"text-editor.default\">\n<div class=\"elementor-widget-container\">\n<div class=\"elementor-text-editor elementor-clearfix\">\n<p>&nbsp;<\/p>\n<p>Aujourd&rsquo;hui, Bacana est bien plus qu&rsquo;un simple produit de soin. C&rsquo;est une histoire de confiance, de qualit\u00e9 et d&rsquo;attention, qui se refl\u00e8te dans chaque article qu&rsquo;elle cr\u00e9e. Son objectif est de continuer \u00e0 surprendre et \u00e0 satisfaire nos clients en leur proposant des produits de haute qualit\u00e9 qui font vraiment la diff\u00e9rence pour la sant\u00e9 de la peau.<\/p>\n<\/div>\n<\/div>\n<\/div>\n<\/div>\n<\/div>\n<\/div>\n<\/div>\n<\/div>\n<\/section>\n<p>[\/vc_column_text][\/vc_column][\/vc_row]<\/p>\n<\/div>","protected":false},"excerpt":{"rendered":"<p>[vc_row css=\u00a0\u00bb.vc_custom_1695213479803{margin-top: 75px !important;}\u00a0\u00bb][vc_column][vc_column_text] Une histoire Bacana! [\/vc_column_text][\/vc_column][\/vc_row][vc_row content_placement=\u00a0\u00bbmiddle\u00a0\u00bb css=\u00a0\u00bb.vc_custom_1695212733339{margin-top: 20px !important;margin-bottom: 20px !important;}\u00a0\u00bb][vc_column width=\u00a0\u00bb1\/2&Prime;][vc_single_image image=\u00a0\u00bb24116&Prime; img_size=\u00a0\u00bbfull\u00a0\u00bb alignment=\u00a0\u00bbcenter\u00a0\u00bb][\/vc_column][vc_column width=\u00a0\u00bb1\/2&Prime;][vc_column_text] De la passion pour les cosm\u00e9tiques \u00e0 la cr\u00e9ation de notre marque : Un parcours inspirant de r\u00e9alisations &nbsp; Bacana est n\u00e9e de la passion et de la d\u00e9termination de Fernanda, une pharmacienne br\u00e9silienne qui a [&hellip;]<\/p>\n","protected":false},"author":1,"featured_media":0,"parent":0,"menu_order":0,"comment_status":"closed","ping_status":"closed","template":"","meta":{"ocean_post_layout":"","ocean_both_sidebars_style":"","ocean_both_sidebars_content_width":0,"ocean_both_sidebars_sidebars_width":0,"ocean_sidebar":"0","ocean_second_sidebar":"0","ocean_disable_margins":"enable","ocean_add_body_class":"","ocean_shortcode_before_top_bar":"","ocean_shortcode_after_top_bar":"","ocean_shortcode_before_header":"","ocean_shortcode_after_header":"","ocean_has_shortcode":"","ocean_shortcode_after_title":"","ocean_shortcode_before_footer_widgets":"","ocean_shortcode_after_footer_widgets":"","ocean_shortcode_before_footer_bottom":"","ocean_shortcode_after_footer_bottom":"","ocean_display_top_bar":"default","ocean_display_header":"default","ocean_header_style":"","ocean_center_header_left_menu":"0","ocean_custom_header_template":"0","ocean_custom_logo":0,"ocean_custom_retina_logo":0,"ocean_custom_logo_max_width":0,"ocean_custom_logo_tablet_max_width":0,"ocean_custom_logo_mobile_max_width":0,"ocean_custom_logo_max_height":0,"ocean_custom_logo_tablet_max_height":0,"ocean_custom_logo_mobile_max_height":0,"ocean_header_custom_menu":"0","ocean_menu_typo_font_family":"0","ocean_menu_typo_font_subset":"","ocean_menu_typo_font_size":0,"ocean_menu_typo_font_size_tablet":0,"ocean_menu_typo_font_size_mobile":0,"ocean_menu_typo_font_size_unit":"px","ocean_menu_typo_font_weight":"","ocean_menu_typo_font_weight_tablet":"","ocean_menu_typo_font_weight_mobile":"","ocean_menu_typo_transform":"","ocean_menu_typo_transform_tablet":"","ocean_menu_typo_transform_mobile":"","ocean_menu_typo_line_height":0,"ocean_menu_typo_line_height_tablet":0,"ocean_menu_typo_line_height_mobile":0,"ocean_menu_typo_line_height_unit":"","ocean_menu_typo_spacing":0,"ocean_menu_typo_spacing_tablet":0,"ocean_menu_typo_spacing_mobile":0,"ocean_menu_typo_spacing_unit":"","ocean_menu_link_color":"","ocean_menu_link_color_hover":"","ocean_menu_link_color_active":"","ocean_menu_link_background":"","ocean_menu_link_hover_background":"","ocean_menu_link_active_background":"","ocean_menu_social_links_bg":"","ocean_menu_social_hover_links_bg":"","ocean_menu_social_links_color":"","ocean_menu_social_hover_links_color":"","ocean_disable_title":"default","ocean_disable_heading":"default","ocean_post_title":"","ocean_post_subheading":"","ocean_post_title_style":"","ocean_post_title_background_color":"","ocean_post_title_background":0,"ocean_post_title_bg_image_position":"","ocean_post_title_bg_image_attachment":"","ocean_post_title_bg_image_repeat":"","ocean_post_title_bg_image_size":"","ocean_post_title_height":0,"ocean_post_title_bg_overlay":0.5,"ocean_post_title_bg_overlay_color":"","ocean_disable_breadcrumbs":"default","ocean_breadcrumbs_color":"","ocean_breadcrumbs_separator_color":"","ocean_breadcrumbs_links_color":"","ocean_breadcrumbs_links_hover_color":"","ocean_display_footer_widgets":"default","ocean_display_footer_bottom":"default","ocean_custom_footer_template":"0","iawp_total_views":63,"footnotes":""},"class_list":["post-24137","page","type-page","status-publish","hentry","entry","owp-thumbs-layout-horizontal","owp-btn-normal","owp-tabs-layout-horizontal","has-no-thumbnails","has-product-nav","circle-sale"],"yoast_head":"<!-- This site is optimized with the Yoast SEO plugin v27.2 - https:\/\/yoast.com\/product\/yoast-seo-wordpress\/ -->\n<title>Notre Histoire - Bacana Skincare<\/title>\n<meta name=\"robots\" content=\"index, follow, max-snippet:-1, max-image-preview:large, max-video-preview:-1\" \/>\n<link rel=\"canonical\" href=\"https:\/\/bacanaskincare.com\/fr\/notre-histoire\/\" \/>\n<meta property=\"og:locale\" content=\"fr_FR\" \/>\n<meta property=\"og:type\" content=\"article\" \/>\n<meta property=\"og:title\" content=\"Notre Histoire - Bacana Skincare\" \/>\n<meta property=\"og:description\" content=\"[vc_row css=\u00a0\u00bb.vc_custom_1695213479803{margin-top: 75px !important;}\u00a0\u00bb][vc_column][vc_column_text] Une histoire Bacana! [\/vc_column_text][\/vc_column][\/vc_row][vc_row content_placement=\u00a0\u00bbmiddle\u00a0\u00bb css=\u00a0\u00bb.vc_custom_1695212733339{margin-top: 20px !important;margin-bottom: 20px !important;}\u00a0\u00bb][vc_column width=\u00a0\u00bb1\/2&Prime;][vc_single_image image=\u00a0\u00bb24116&Prime; img_size=\u00a0\u00bbfull\u00a0\u00bb alignment=\u00a0\u00bbcenter\u00a0\u00bb][\/vc_column][vc_column width=\u00a0\u00bb1\/2&Prime;][vc_column_text] De la passion pour les cosm\u00e9tiques \u00e0 la cr\u00e9ation de notre marque : Un parcours inspirant de r\u00e9alisations &nbsp; Bacana est n\u00e9e de la passion et de la d\u00e9termination de Fernanda, une pharmacienne br\u00e9silienne qui a [&hellip;]\" \/>\n<meta property=\"og:url\" content=\"https:\/\/bacanaskincare.com\/fr\/notre-histoire\/\" \/>\n<meta property=\"og:site_name\" content=\"Bacana Skincare\" \/>\n<meta property=\"article:publisher\" content=\"https:\/\/www.facebook.com\/bacanaskincare-106988470647315\/\" \/>\n<meta property=\"article:modified_time\" content=\"2023-10-07T20:51:09+00:00\" \/>\n<meta name=\"twitter:card\" content=\"summary_large_image\" \/>\n<meta name=\"twitter:label1\" content=\"Dur\u00e9e de lecture estim\u00e9e\" \/>\n\t<meta name=\"twitter:data1\" content=\"4 minutes\" \/>\n<script type=\"application\/ld+json\" class=\"yoast-schema-graph\">{\"@context\":\"https:\/\/schema.org\",\"@graph\":[{\"@type\":\"WebPage\",\"@id\":\"https:\/\/bacanaskincare.com\/fr\/notre-histoire\/\",\"url\":\"https:\/\/bacanaskincare.com\/fr\/notre-histoire\/\",\"name\":\"Notre Histoire - Bacana Skincare\",\"isPartOf\":{\"@id\":\"https:\/\/bacanaskincare.com\/fr\/#website\"},\"datePublished\":\"2023-10-07T20:50:59+00:00\",\"dateModified\":\"2023-10-07T20:51:09+00:00\",\"inLanguage\":\"fr-FR\",\"potentialAction\":[{\"@type\":\"ReadAction\",\"target\":[\"https:\/\/bacanaskincare.com\/fr\/notre-histoire\/\"]}]},{\"@type\":\"WebSite\",\"@id\":\"https:\/\/bacanaskincare.com\/fr\/#website\",\"url\":\"https:\/\/bacanaskincare.com\/fr\/\",\"name\":\"Bacana Skincare\",\"description\":\"Natural skincare powered by tropical superfruits\",\"publisher\":{\"@id\":\"https:\/\/bacanaskincare.com\/fr\/#organization\"},\"potentialAction\":[{\"@type\":\"SearchAction\",\"target\":{\"@type\":\"EntryPoint\",\"urlTemplate\":\"https:\/\/bacanaskincare.com\/fr\/?s={search_term_string}\"},\"query-input\":{\"@type\":\"PropertyValueSpecification\",\"valueRequired\":true,\"valueName\":\"search_term_string\"}}],\"inLanguage\":\"fr-FR\"},{\"@type\":\"Organization\",\"@id\":\"https:\/\/bacanaskincare.com\/fr\/#organization\",\"name\":\"Bacana Skincare\",\"url\":\"https:\/\/bacanaskincare.com\/fr\/\",\"logo\":{\"@type\":\"ImageObject\",\"inLanguage\":\"fr-FR\",\"@id\":\"https:\/\/bacanaskincare.com\/fr\/#\/schema\/logo\/image\/\",\"url\":\"https:\/\/bacanaskincare.com\/wp-content\/uploads\/2019\/09\/u.png\",\"contentUrl\":\"https:\/\/bacanaskincare.com\/wp-content\/uploads\/2019\/09\/u.png\",\"width\":834,\"height\":226,\"caption\":\"Bacana Skincare\"},\"image\":{\"@id\":\"https:\/\/bacanaskincare.com\/fr\/#\/schema\/logo\/image\/\"},\"sameAs\":[\"https:\/\/www.facebook.com\/bacanaskincare-106988470647315\/\",\"https:\/\/www.instagram.com\/bacanaskincare\/?hl=en\",\"https:\/\/br.pinterest.com\/d0fd9db15f94c64465fab43d03b69a\/\"]}]}<\/script>\n<!-- \/ Yoast SEO plugin. -->","yoast_head_json":{"title":"Notre Histoire - Bacana Skincare","robots":{"index":"index","follow":"follow","max-snippet":"max-snippet:-1","max-image-preview":"max-image-preview:large","max-video-preview":"max-video-preview:-1"},"canonical":"https:\/\/bacanaskincare.com\/fr\/notre-histoire\/","og_locale":"fr_FR","og_type":"article","og_title":"Notre Histoire - Bacana Skincare","og_description":"[vc_row css=\u00a0\u00bb.vc_custom_1695213479803{margin-top: 75px !important;}\u00a0\u00bb][vc_column][vc_column_text] Une histoire Bacana! [\/vc_column_text][\/vc_column][\/vc_row][vc_row content_placement=\u00a0\u00bbmiddle\u00a0\u00bb css=\u00a0\u00bb.vc_custom_1695212733339{margin-top: 20px !important;margin-bottom: 20px !important;}\u00a0\u00bb][vc_column width=\u00a0\u00bb1\/2&Prime;][vc_single_image image=\u00a0\u00bb24116&Prime; img_size=\u00a0\u00bbfull\u00a0\u00bb alignment=\u00a0\u00bbcenter\u00a0\u00bb][\/vc_column][vc_column width=\u00a0\u00bb1\/2&Prime;][vc_column_text] De la passion pour les cosm\u00e9tiques \u00e0 la cr\u00e9ation de notre marque : Un parcours inspirant de r\u00e9alisations &nbsp; Bacana est n\u00e9e de la passion et de la d\u00e9termination de Fernanda, une pharmacienne br\u00e9silienne qui a [&hellip;]","og_url":"https:\/\/bacanaskincare.com\/fr\/notre-histoire\/","og_site_name":"Bacana Skincare","article_publisher":"https:\/\/www.facebook.com\/bacanaskincare-106988470647315\/","article_modified_time":"2023-10-07T20:51:09+00:00","twitter_card":"summary_large_image","twitter_misc":{"Dur\u00e9e de lecture estim\u00e9e":"4 minutes"},"schema":{"@context":"https:\/\/schema.org","@graph":[{"@type":"WebPage","@id":"https:\/\/bacanaskincare.com\/fr\/notre-histoire\/","url":"https:\/\/bacanaskincare.com\/fr\/notre-histoire\/","name":"Notre Histoire - Bacana Skincare","isPartOf":{"@id":"https:\/\/bacanaskincare.com\/fr\/#website"},"datePublished":"2023-10-07T20:50:59+00:00","dateModified":"2023-10-07T20:51:09+00:00","inLanguage":"fr-FR","potentialAction":[{"@type":"ReadAction","target":["https:\/\/bacanaskincare.com\/fr\/notre-histoire\/"]}]},{"@type":"WebSite","@id":"https:\/\/bacanaskincare.com\/fr\/#website","url":"https:\/\/bacanaskincare.com\/fr\/","name":"Bacana Skincare","description":"Natural skincare powered by tropical superfruits","publisher":{"@id":"https:\/\/bacanaskincare.com\/fr\/#organization"},"potentialAction":[{"@type":"SearchAction","target":{"@type":"EntryPoint","urlTemplate":"https:\/\/bacanaskincare.com\/fr\/?s={search_term_string}"},"query-input":{"@type":"PropertyValueSpecification","valueRequired":true,"valueName":"search_term_string"}}],"inLanguage":"fr-FR"},{"@type":"Organization","@id":"https:\/\/bacanaskincare.com\/fr\/#organization","name":"Bacana Skincare","url":"https:\/\/bacanaskincare.com\/fr\/","logo":{"@type":"ImageObject","inLanguage":"fr-FR","@id":"https:\/\/bacanaskincare.com\/fr\/#\/schema\/logo\/image\/","url":"https:\/\/bacanaskincare.com\/wp-content\/uploads\/2019\/09\/u.png","contentUrl":"https:\/\/bacanaskincare.com\/wp-content\/uploads\/2019\/09\/u.png","width":834,"height":226,"caption":"Bacana Skincare"},"image":{"@id":"https:\/\/bacanaskincare.com\/fr\/#\/schema\/logo\/image\/"},"sameAs":["https:\/\/www.facebook.com\/bacanaskincare-106988470647315\/","https:\/\/www.instagram.com\/bacanaskincare\/?hl=en","https:\/\/br.pinterest.com\/d0fd9db15f94c64465fab43d03b69a\/"]}]}},"_links":{"self":[{"href":"https:\/\/bacanaskincare.com\/fr\/wp-json\/wp\/v2\/pages\/24137","targetHints":{"allow":["GET"]}}],"collection":[{"href":"https:\/\/bacanaskincare.com\/fr\/wp-json\/wp\/v2\/pages"}],"about":[{"href":"https:\/\/bacanaskincare.com\/fr\/wp-json\/wp\/v2\/types\/page"}],"author":[{"embeddable":true,"href":"https:\/\/bacanaskincare.com\/fr\/wp-json\/wp\/v2\/users\/1"}],"replies":[{"embeddable":true,"href":"https:\/\/bacanaskincare.com\/fr\/wp-json\/wp\/v2\/comments?post=24137"}],"version-history":[{"count":0,"href":"https:\/\/bacanaskincare.com\/fr\/wp-json\/wp\/v2\/pages\/24137\/revisions"}],"wp:attachment":[{"href":"https:\/\/bacanaskincare.com\/fr\/wp-json\/wp\/v2\/media?parent=24137"}],"curies":[{"name":"wp","href":"https:\/\/api.w.org\/{rel}","templated":true}]}}