{"id":23475,"date":"2023-08-30T11:51:08","date_gmt":"2023-08-30T09:51:08","guid":{"rendered":"https:\/\/bacanaskincare.com\/cgv\/"},"modified":"2023-08-30T11:51:08","modified_gmt":"2023-08-30T09:51:08","slug":"cgv","status":"publish","type":"page","link":"https:\/\/bacanaskincare.com\/fr\/cgv\/","title":{"rendered":"CGV"},"content":{"rendered":"<p><strong>Conditions G\u00e9n\u00e9rales de Vente (CGV)<\/strong><\/p>\n<p><strong>\u00a7 1 Utilisateur<\/strong><br \/>Est consid\u00e9r\u00e9 comme utilisateur de ces CGV :<\/p>\n<p>Bacana Skincare<br \/>Wildmeisterdamm 259,<br \/>12353 Berlin<br \/>Allemagne<\/p>\n<p><strong>\u00a7 2 Domaine d&rsquo;application<\/strong><br \/>Les pr\u00e9sentes conditions g\u00e9n\u00e9rales de vente s&rsquo;appliquent \u00e0 toutes les transactions juridiques entre l&rsquo;utilisateur et un consommateur (conform\u00e9ment au \u00a7 13 du Code civil allemand, une \u00a0\u00bb personne physique qui conclut une transaction juridique \u00e0 des fins qui ne peuvent \u00eatre principalement imput\u00e9es ni \u00e0 son activit\u00e9 commerciale ni \u00e0 son activit\u00e9 professionnelle ind\u00e9pendante \u00ab\u00a0).<\/p>\n<p><strong>\u00a7 3 Conclusion du contrat et enregistrement du texte du contrat<\/strong><br \/>Les dispositions des pr\u00e9sentes CGV s&rsquo;appliquent aux commandes que les consommateurs concluent sur le site bacanaskincare.com de Bacana Skincare.<\/p>\n<p>Le contrat est conclu avec l&rsquo;utilisateur (voir \u00a7 1).<\/p>\n<p>La pr\u00e9sentation et la description des marchandises sur le site Internet de Bacana Skincare bacanskincare.com ne constituent pas une offre de contrat.<\/p>\n<p>En commandant une marchandise par un clic sur le bouton \u00ab\u00a0commande payante\u00a0\u00bb \u00e0 la fin du processus de commande, un consommateur fait une offre ferme pour la conclusion d&rsquo;un contrat de vente. Ce n&rsquo;est qu&rsquo;avec l&rsquo;envoi d&rsquo;une confirmation de commande par e-mail par l&rsquo;utilisateur que la conclusion du contrat est effective. <\/p>\n<p>Le texte du contrat est enregistr\u00e9 lors des commandes. Les consommateurs re\u00e7oivent un e-mail contenant les donn\u00e9es de la commande et les conditions g\u00e9n\u00e9rales de vente applicables. Apr\u00e8s la conclusion du contrat, les donn\u00e9es de la commande ne sont plus consultables en ligne.  <\/p>\n<p><strong>\u00a7 4 Paiement<\/strong><br \/>La taxe sur la valeur ajout\u00e9e l\u00e9gale ainsi que les autres \u00e9l\u00e9ments du prix sont inclus dans les prix indiqu\u00e9s. Les frais d&rsquo;exp\u00e9dition ne sont pas inclus dans le prix affich\u00e9 et peuvent \u00eatre factur\u00e9s en sus le cas \u00e9ch\u00e9ant. <br \/>Les options de paiement suivantes sont \u00e0 la disposition des consommateurs :<\/p>\n<ul>\n<li>Paypal<\/li>\n<li>Virement bancaire<\/li>\n<li>Carte de Cr\u00e9dit<\/li>\n<\/ul>\n<p><strong><br \/>\u00a7 5 Livraison, restrictions de livraison<\/strong><br \/>Sauf mention contraire explicite dans la description d&rsquo;un produit choisi, la livraison s&rsquo;effectue dans un d\u00e9lai de 7 jours ouvrables.<br \/>En cas de paiement par virement ou Paypal, ce d\u00e9lai commence \u00e0 courir le jour suivant la passation de l&rsquo;ordre de paiement.<\/p>\n<p><strong>\u00a7 6 Transfert des risques<\/strong><br \/>Le risque d&rsquo;une d\u00e9t\u00e9rioration ou d&rsquo;une perte accidentelle de la marchandise incombe \u00e0 l&rsquo;utilisateur jusqu&rsquo;\u00e0 la remise de la marchandise et est transf\u00e9r\u00e9 au consommateur au moment de la remise.<\/p>\n<p><strong>\u00a7 7 R\u00e9serve de propri\u00e9t\u00e9<\/strong><br \/>L&rsquo;utilisateur se r\u00e9serve la propri\u00e9t\u00e9 de la marchandise jusqu&rsquo;\u00e0 la r\u00e9ception compl\u00e8te du prix d&rsquo;achat.<\/p>\n<p><strong>\u00a7 8 Garantie<\/strong><br \/>Les dispositions l\u00e9gales en mati\u00e8re de garantie s&rsquo;appliquent.<\/p>\n<p><strong>\u00a7 9 Retour et remboursement<br \/><\/strong>Les conditions de retour et de remboursement sont indiqu\u00e9es sur la page <a href=\"https:\/\/bacanaskincare.com\/de\/rueckgaberichtlinien\/\">Retour et remboursement.<\/a><\/p>\n","protected":false},"excerpt":{"rendered":"<p>Conditions G\u00e9n\u00e9rales de Vente (CGV) \u00a7 1 UtilisateurEst consid\u00e9r\u00e9 comme utilisateur de ces CGV : Bacana SkincareWildmeisterdamm 259,12353 BerlinAllemagne \u00a7 2 Domaine d&rsquo;applicationLes pr\u00e9sentes conditions g\u00e9n\u00e9rales de vente s&rsquo;appliquent \u00e0 toutes les transactions juridiques entre l&rsquo;utilisateur et un consommateur (conform\u00e9ment au \u00a7 13 du Code civil allemand, une \u00a0\u00bb personne physique qui conclut une transaction [&hellip;]<\/p>\n","protected":false},"author":1,"featured_media":0,"parent":0,"menu_order":0,"comment_status":"closed","ping_status":"closed","template":"","meta":{"ocean_post_layout":"","ocean_both_sidebars_style":"","ocean_both_sidebars_content_width":0,"ocean_both_sidebars_sidebars_width":0,"ocean_sidebar":"0","ocean_second_sidebar":"0","ocean_disable_margins":"enable","ocean_add_body_class":"","ocean_shortcode_before_top_bar":"","ocean_shortcode_after_top_bar":"","ocean_shortcode_before_header":"","ocean_shortcode_after_header":"","ocean_has_shortcode":"","ocean_shortcode_after_title":"","ocean_shortcode_before_footer_widgets":"","ocean_shortcode_after_footer_widgets":"","ocean_shortcode_before_footer_bottom":"","ocean_shortcode_after_footer_bottom":"","ocean_display_top_bar":"default","ocean_display_header":"default","ocean_header_style":"","ocean_center_header_left_menu":"0","ocean_custom_header_template":"0","ocean_custom_logo":0,"ocean_custom_retina_logo":0,"ocean_custom_logo_max_width":0,"ocean_custom_logo_tablet_max_width":0,"ocean_custom_logo_mobile_max_width":0,"ocean_custom_logo_max_height":0,"ocean_custom_logo_tablet_max_height":0,"ocean_custom_logo_mobile_max_height":0,"ocean_header_custom_menu":"0","ocean_menu_typo_font_family":"0","ocean_menu_typo_font_subset":"","ocean_menu_typo_font_size":0,"ocean_menu_typo_font_size_tablet":0,"ocean_menu_typo_font_size_mobile":0,"ocean_menu_typo_font_size_unit":"px","ocean_menu_typo_font_weight":"","ocean_menu_typo_font_weight_tablet":"","ocean_menu_typo_font_weight_mobile":"","ocean_menu_typo_transform":"","ocean_menu_typo_transform_tablet":"","ocean_menu_typo_transform_mobile":"","ocean_menu_typo_line_height":0,"ocean_menu_typo_line_height_tablet":0,"ocean_menu_typo_line_height_mobile":0,"ocean_menu_typo_line_height_unit":"","ocean_menu_typo_spacing":0,"ocean_menu_typo_spacing_tablet":0,"ocean_menu_typo_spacing_mobile":0,"ocean_menu_typo_spacing_unit":"","ocean_menu_link_color":"","ocean_menu_link_color_hover":"","ocean_menu_link_color_active":"","ocean_menu_link_background":"","ocean_menu_link_hover_background":"","ocean_menu_link_active_background":"","ocean_menu_social_links_bg":"","ocean_menu_social_hover_links_bg":"","ocean_menu_social_links_color":"","ocean_menu_social_hover_links_color":"","ocean_disable_title":"default","ocean_disable_heading":"default","ocean_post_title":"","ocean_post_subheading":"","ocean_post_title_style":"","ocean_post_title_background_color":"","ocean_post_title_background":0,"ocean_post_title_bg_image_position":"","ocean_post_title_bg_image_attachment":"","ocean_post_title_bg_image_repeat":"","ocean_post_title_bg_image_size":"","ocean_post_title_height":0,"ocean_post_title_bg_overlay":0.5,"ocean_post_title_bg_overlay_color":"","ocean_disable_breadcrumbs":"default","ocean_breadcrumbs_color":"","ocean_breadcrumbs_separator_color":"","ocean_breadcrumbs_links_color":"","ocean_breadcrumbs_links_hover_color":"","ocean_display_footer_widgets":"default","ocean_display_footer_bottom":"default","ocean_custom_footer_template":"0","iawp_total_views":9,"footnotes":""},"class_list":["post-23475","page","type-page","status-publish","hentry","entry","owp-thumbs-layout-horizontal","owp-btn-normal","owp-tabs-layout-horizontal","has-no-thumbnails","has-product-nav","circle-sale"],"yoast_head":"<!-- This site is optimized with the Yoast SEO plugin v27.3 - https:\/\/yoast.com\/product\/yoast-seo-wordpress\/ -->\n<title>CGV - Bacana Skincare<\/title>\n<meta name=\"robots\" content=\"index, follow, max-snippet:-1, max-image-preview:large, max-video-preview:-1\" \/>\n<link rel=\"canonical\" href=\"https:\/\/bacanaskincare.com\/fr\/cgv\/\" \/>\n<meta property=\"og:locale\" content=\"fr_FR\" \/>\n<meta property=\"og:type\" content=\"article\" \/>\n<meta property=\"og:title\" content=\"CGV - Bacana Skincare\" \/>\n<meta property=\"og:description\" content=\"Conditions G\u00e9n\u00e9rales de Vente (CGV) \u00a7 1 UtilisateurEst consid\u00e9r\u00e9 comme utilisateur de ces CGV : Bacana SkincareWildmeisterdamm 259,12353 BerlinAllemagne \u00a7 2 Domaine d&rsquo;applicationLes pr\u00e9sentes conditions g\u00e9n\u00e9rales de vente s&rsquo;appliquent \u00e0 toutes les transactions juridiques entre l&rsquo;utilisateur et un consommateur (conform\u00e9ment au \u00a7 13 du Code civil allemand, une \u00a0\u00bb personne physique qui conclut une transaction [&hellip;]\" \/>\n<meta property=\"og:url\" content=\"https:\/\/bacanaskincare.com\/fr\/cgv\/\" \/>\n<meta property=\"og:site_name\" content=\"Bacana Skincare\" \/>\n<meta property=\"article:publisher\" content=\"https:\/\/www.facebook.com\/bacanaskincare-106988470647315\/\" \/>\n<meta name=\"twitter:card\" content=\"summary_large_image\" \/>\n<meta name=\"twitter:label1\" content=\"Dur\u00e9e de lecture estim\u00e9e\" \/>\n\t<meta name=\"twitter:data1\" content=\"2 minutes\" \/>\n<script type=\"application\/ld+json\" class=\"yoast-schema-graph\">{\"@context\":\"https:\\\/\\\/schema.org\",\"@graph\":[{\"@type\":\"WebPage\",\"@id\":\"https:\\\/\\\/bacanaskincare.com\\\/fr\\\/cgv\\\/\",\"url\":\"https:\\\/\\\/bacanaskincare.com\\\/fr\\\/cgv\\\/\",\"name\":\"CGV - Bacana Skincare\",\"isPartOf\":{\"@id\":\"https:\\\/\\\/bacanaskincare.com\\\/fr\\\/#website\"},\"datePublished\":\"2023-08-30T09:51:08+00:00\",\"inLanguage\":\"fr-FR\",\"potentialAction\":[{\"@type\":\"ReadAction\",\"target\":[\"https:\\\/\\\/bacanaskincare.com\\\/fr\\\/cgv\\\/\"]}]},{\"@type\":\"WebSite\",\"@id\":\"https:\\\/\\\/bacanaskincare.com\\\/fr\\\/#website\",\"url\":\"https:\\\/\\\/bacanaskincare.com\\\/fr\\\/\",\"name\":\"Bacana Skincare\",\"description\":\"Natural skincare powered by tropical superfruits\",\"publisher\":{\"@id\":\"https:\\\/\\\/bacanaskincare.com\\\/fr\\\/#organization\"},\"potentialAction\":[{\"@type\":\"SearchAction\",\"target\":{\"@type\":\"EntryPoint\",\"urlTemplate\":\"https:\\\/\\\/bacanaskincare.com\\\/fr\\\/?s={search_term_string}\"},\"query-input\":{\"@type\":\"PropertyValueSpecification\",\"valueRequired\":true,\"valueName\":\"search_term_string\"}}],\"inLanguage\":\"fr-FR\"},{\"@type\":\"Organization\",\"@id\":\"https:\\\/\\\/bacanaskincare.com\\\/fr\\\/#organization\",\"name\":\"Bacana Skincare\",\"url\":\"https:\\\/\\\/bacanaskincare.com\\\/fr\\\/\",\"logo\":{\"@type\":\"ImageObject\",\"inLanguage\":\"fr-FR\",\"@id\":\"https:\\\/\\\/bacanaskincare.com\\\/fr\\\/#\\\/schema\\\/logo\\\/image\\\/\",\"url\":\"https:\\\/\\\/bacanaskincare.com\\\/wp-content\\\/uploads\\\/2019\\\/09\\\/u.png\",\"contentUrl\":\"https:\\\/\\\/bacanaskincare.com\\\/wp-content\\\/uploads\\\/2019\\\/09\\\/u.png\",\"width\":834,\"height\":226,\"caption\":\"Bacana Skincare\"},\"image\":{\"@id\":\"https:\\\/\\\/bacanaskincare.com\\\/fr\\\/#\\\/schema\\\/logo\\\/image\\\/\"},\"sameAs\":[\"https:\\\/\\\/www.facebook.com\\\/bacanaskincare-106988470647315\\\/\",\"https:\\\/\\\/www.instagram.com\\\/bacanaskincare\\\/?hl=en\",\"https:\\\/\\\/br.pinterest.com\\\/d0fd9db15f94c64465fab43d03b69a\\\/\"]}]}<\/script>\n<!-- \/ Yoast SEO plugin. -->","yoast_head_json":{"title":"CGV - Bacana Skincare","robots":{"index":"index","follow":"follow","max-snippet":"max-snippet:-1","max-image-preview":"max-image-preview:large","max-video-preview":"max-video-preview:-1"},"canonical":"https:\/\/bacanaskincare.com\/fr\/cgv\/","og_locale":"fr_FR","og_type":"article","og_title":"CGV - Bacana Skincare","og_description":"Conditions G\u00e9n\u00e9rales de Vente (CGV) \u00a7 1 UtilisateurEst consid\u00e9r\u00e9 comme utilisateur de ces CGV : Bacana SkincareWildmeisterdamm 259,12353 BerlinAllemagne \u00a7 2 Domaine d&rsquo;applicationLes pr\u00e9sentes conditions g\u00e9n\u00e9rales de vente s&rsquo;appliquent \u00e0 toutes les transactions juridiques entre l&rsquo;utilisateur et un consommateur (conform\u00e9ment au \u00a7 13 du Code civil allemand, une \u00a0\u00bb personne physique qui conclut une transaction [&hellip;]","og_url":"https:\/\/bacanaskincare.com\/fr\/cgv\/","og_site_name":"Bacana Skincare","article_publisher":"https:\/\/www.facebook.com\/bacanaskincare-106988470647315\/","twitter_card":"summary_large_image","twitter_misc":{"Dur\u00e9e de lecture estim\u00e9e":"2 minutes"},"schema":{"@context":"https:\/\/schema.org","@graph":[{"@type":"WebPage","@id":"https:\/\/bacanaskincare.com\/fr\/cgv\/","url":"https:\/\/bacanaskincare.com\/fr\/cgv\/","name":"CGV - Bacana Skincare","isPartOf":{"@id":"https:\/\/bacanaskincare.com\/fr\/#website"},"datePublished":"2023-08-30T09:51:08+00:00","inLanguage":"fr-FR","potentialAction":[{"@type":"ReadAction","target":["https:\/\/bacanaskincare.com\/fr\/cgv\/"]}]},{"@type":"WebSite","@id":"https:\/\/bacanaskincare.com\/fr\/#website","url":"https:\/\/bacanaskincare.com\/fr\/","name":"Bacana Skincare","description":"Natural skincare powered by tropical superfruits","publisher":{"@id":"https:\/\/bacanaskincare.com\/fr\/#organization"},"potentialAction":[{"@type":"SearchAction","target":{"@type":"EntryPoint","urlTemplate":"https:\/\/bacanaskincare.com\/fr\/?s={search_term_string}"},"query-input":{"@type":"PropertyValueSpecification","valueRequired":true,"valueName":"search_term_string"}}],"inLanguage":"fr-FR"},{"@type":"Organization","@id":"https:\/\/bacanaskincare.com\/fr\/#organization","name":"Bacana Skincare","url":"https:\/\/bacanaskincare.com\/fr\/","logo":{"@type":"ImageObject","inLanguage":"fr-FR","@id":"https:\/\/bacanaskincare.com\/fr\/#\/schema\/logo\/image\/","url":"https:\/\/bacanaskincare.com\/wp-content\/uploads\/2019\/09\/u.png","contentUrl":"https:\/\/bacanaskincare.com\/wp-content\/uploads\/2019\/09\/u.png","width":834,"height":226,"caption":"Bacana Skincare"},"image":{"@id":"https:\/\/bacanaskincare.com\/fr\/#\/schema\/logo\/image\/"},"sameAs":["https:\/\/www.facebook.com\/bacanaskincare-106988470647315\/","https:\/\/www.instagram.com\/bacanaskincare\/?hl=en","https:\/\/br.pinterest.com\/d0fd9db15f94c64465fab43d03b69a\/"]}]}},"_links":{"self":[{"href":"https:\/\/bacanaskincare.com\/fr\/wp-json\/wp\/v2\/pages\/23475","targetHints":{"allow":["GET"]}}],"collection":[{"href":"https:\/\/bacanaskincare.com\/fr\/wp-json\/wp\/v2\/pages"}],"about":[{"href":"https:\/\/bacanaskincare.com\/fr\/wp-json\/wp\/v2\/types\/page"}],"author":[{"embeddable":true,"href":"https:\/\/bacanaskincare.com\/fr\/wp-json\/wp\/v2\/users\/1"}],"replies":[{"embeddable":true,"href":"https:\/\/bacanaskincare.com\/fr\/wp-json\/wp\/v2\/comments?post=23475"}],"version-history":[{"count":0,"href":"https:\/\/bacanaskincare.com\/fr\/wp-json\/wp\/v2\/pages\/23475\/revisions"}],"wp:attachment":[{"href":"https:\/\/bacanaskincare.com\/fr\/wp-json\/wp\/v2\/media?parent=23475"}],"curies":[{"name":"wp","href":"https:\/\/api.w.org\/{rel}","templated":true}]}}