{"id":22371,"date":"2023-04-25T23:04:06","date_gmt":"2023-04-25T21:04:06","guid":{"rendered":"https:\/\/bacanaskincare.com\/qui-sommes-nous\/"},"modified":"2023-04-25T23:04:21","modified_gmt":"2023-04-25T21:04:21","slug":"qui-sommes-nous","status":"publish","type":"page","link":"https:\/\/bacanaskincare.com\/fr\/qui-sommes-nous\/","title":{"rendered":"Qui sommes nous?"},"content":{"rendered":"<div class=\"wpb-content-wrapper\"><p>[vc_row css=\u00a0\u00bb.vc_custom_1599377500635{margin-top: 50px !important;}\u00a0\u00bb][vc_column][vc_custom_heading text=\u00a0\u00bbUn c\u0153ur tropical bas\u00e9 \u00e0 Berlin\u00a0\u00bb font_container=\u00a0\u00bbtag:h2|font_size:48|text_align:center|color:%23000000&Prime; google_fonts=\u00a0\u00bbfont_family:Architects%20Daughter%3Aregular|font_style:400%20regular%3A400%3Anormal\u00a0\u00bb][\/vc_column][\/vc_row][vc_row content_placement=\u00a0\u00bbmiddle\u00a0\u00bb][vc_column width=\u00a0\u00bb1\/2&Prime;][vc_column_text css=\u00a0\u00bb.vc_custom_1657918809445{padding-top: 0px !important;}\u00a0\u00bb]Bacana Skincare est une marque de cosm\u00e9tiques 100 % naturels bas\u00e9e \u00e0 Berlin. Bacana est n\u00e9e du d\u00e9sir de partager les secrets et la beaut\u00e9 de l&rsquo;Amazonie, une r\u00e9gion o\u00f9 l&rsquo;on trouve une grande vari\u00e9t\u00e9 d&rsquo;ingr\u00e9dients naturels et efficaces. Nos formules uniques combinent les connaissances ancestrales des tribus de la for\u00eat amazonienne avec les avanc\u00e9es scientifiques modernes en mati\u00e8re de technologie de beaut\u00e9 naturelle.<\/p>\n<h3>Bacana signifie \u00ab\u00a0beau\u00a0\u00bb, \u00ab\u00a0g\u00e9nial\u00a0\u00bb, \u00ab\u00a0surprenant\u00a0\u00bb<\/h3>\n<p>En portugais br\u00e9silien, le mot Bacana d\u00e9signe une s\u00e9rie d&rsquo;adjectifs positifs tels que \u00ab\u00a0agr\u00e9able\u00a0\u00bb, \u00ab\u00a0bon\u00a0\u00bb, \u00ab\u00a0g\u00e9nial\u00a0\u00bb, \u00ab\u00a0surprenant\u00a0\u00bb et \u00ab\u00a0amusant\u00a0\u00bb. Nous pensons que nous devrions tous nous sentir ainsi ! Notre mission est de cr\u00e9er des produits naturels hautement efficaces, sans toxines, vegan et fabriqu\u00e9s \u00e0 petite \u00e9chelle. Pour vos soins quotidiens, nous s\u00e9lectionnons avec soin les meilleurs ingr\u00e9dients de la for\u00eat tropicale pour leur puret\u00e9, leur durabilit\u00e9 et leurs bienfaits pour la peau et les cheveux.<\/p>\n<h3>Cosm\u00e9tiques 100% naturels fabriqu\u00e9s \u00e0 Berlin<\/h3>\n<p>Nous sommes une marque de soins de la peau qui allie l&rsquo;efficacit\u00e9 allemande \u00e0 la diversit\u00e9 tropicale pour cr\u00e9er des produits de beaut\u00e9 uniques.<\/p>\n<p>Gr\u00e2ce \u00e0 un code d&rsquo;\u00e9thique strict, nous achetons \u00e9galement nos ingr\u00e9dients naturels et non toxiques aupr\u00e8s de fournisseurs qui partagent les m\u00eames principes que nous.<\/p>\n<p>Bacana est une invitation \u00e0 d\u00e9couvrir une mani\u00e8re naturelle de prendre soin de soi.[\/vc_column_text][\/vc_column][vc_column width=\u00a0\u00bb1\/2&Prime;][vc_single_image image=\u00a0\u00bb21606&Prime; img_size=\u00a0\u00bb416&#215;520&Prime; alignment=\u00a0\u00bbcenter\u00a0\u00bb][\/vc_column][\/vc_row][vc_row css=\u00a0\u00bb.vc_custom_1599374497940{margin-top: 100px !important;}\u00a0\u00bb][vc_column width=\u00a0\u00bb1\/2&Prime;][vc_single_image image=\u00a0\u00bb22039&Prime; img_size=\u00a0\u00bblarge\u00a0\u00bb][\/vc_column][vc_column width=\u00a0\u00bb1\/2&Prime;][vc_column_text css=\u00a0\u00bb.vc_custom_1656944355547{margin-top: 40px !important;}\u00a0\u00bb]<\/p>\n<blockquote><p><span style=\"color: #8e8e8e; font-size: 16pt;\">De la cr\u00e9ation \u00e0 la production, nous faisons tout nous-m\u00eames. Gr\u00e2ce \u00e0 une implication totale \u00e0 chaque \u00e9tape du processus et une production \u00e0 petite \u00e9chelle, nous garantissons la meilleure qualit\u00e9 de nos cosm\u00e9tiques. <\/span><\/p><\/blockquote>\n<p>[\/vc_column_text][vc_column_text css=\u00a0\u00bb.vc_custom_1657921409671{margin-top: 75px !important;}\u00a0\u00bb]<\/p>\n<h3>Une approche scientifique pour faire de bons produits<\/h3>\n<p>Toutes nos formules sont \u00e9labor\u00e9es \u00e0 partir de recherches scientifique sur des actifs naturels et sur leurs combinaisons entre eux. De nombreux essais sont r\u00e9alis\u00e9s jusqu&rsquo;\u00e0 l&rsquo;obtention du r\u00e9sultat parfait: texture, parfum, stabilit\u00e9 et efficacit\u00e9.<\/p>\n<p>Ils sont ensuite soumis \u00e0 des tests microbiologiques et dermatologiques dans des laboratoires sp\u00e9cialis\u00e9s, ce qui garantit la qualit\u00e9 des produits.[\/vc_column_text][\/vc_column][\/vc_row][vc_row css=\u00a0\u00bb.vc_custom_1599374483306{margin-top: 100px !important;}\u00a0\u00bb][vc_column width=\u00a0\u00bb1\/2&Prime;][vc_column_text]<\/p>\n<blockquote><p><span style=\"color: #8e8e8e;\"><span style=\"font-size: 16pt;\">Nous savons qu&rsquo;il existe des moyens de restaurer la for\u00eat tropicale tout en am\u00e9liorant les conditions de vie des populations.<br \/>\n<\/span><span style=\"font-size: 16pt;\">Ces m\u00e9thodes \u00e9cologiques sont plus que durables, elles sont r\u00e9g\u00e9n\u00e9ratrices.<\/span><\/span><\/p><\/blockquote>\n<p>[\/vc_column_text][vc_column_text css=\u00a0\u00bb.vc_custom_1657920000488{margin-top: 50px !important;}\u00a0\u00bb]<\/p>\n<h3>Nous respectons la nature<\/h3>\n<p>Pour lutter contre le changement climatique, nous avons d\u00e9cid\u00e9 d&rsquo;agir et de soutenir ceux qui d\u00e9fendent la for\u00eat amazonienne. C&rsquo;est pourquoi nous reversons 2 % de nos revenus \u00e0 <a href=\"https:\/\/www.caminoverde.org\/\">Camino Verde<\/a>, une ONG qui restaure la for\u00eat tropicale tout en am\u00e9liorant les conditions de vie des habitants de l&rsquo;Amazonie.<\/p>\n<p>Les r\u00e9sultats de Camino Verde sont tr\u00e8s \u00ab\u00a0Bacana\u00a0\u00bb : plus de 200 000 arbres plant\u00e9s de plus de 400 esp\u00e8ces d&rsquo;arbres ; 50 000 semis par an, repr\u00e9sentant plus de 100 esp\u00e8ces indig\u00e8nes chaque ann\u00e9e ; 106 familles amazoniennes de 5 communaut\u00e9s indig\u00e8nes participant \u00e0 ce projet ; 118 hectares (294 acres) rebois\u00e9s ; 305 hectares (759 acres) de zone d&rsquo;impact direct.[\/vc_column_text][\/vc_column][vc_column width=\u00a0\u00bb1\/2&Prime;][vc_single_image image=\u00a0\u00bb21564&Prime; img_size=\u00a0\u00bblarge\u00a0\u00bb css=\u00a0\u00bb.vc_custom_1599374377968{margin-top: 0px !important;}\u00a0\u00bb][\/vc_column][\/vc_row][vc_row content_placement=\u00a0\u00bbtop\u00a0\u00bb css=\u00a0\u00bb.vc_custom_1601049202131{padding-top: 100px !important;}\u00a0\u00bb][vc_column width=\u00a0\u00bb1\/2&Prime;][vc_single_image image=\u00a0\u00bb21525&Prime; img_size=\u00a0\u00bbfull\u00a0\u00bb css=\u00a0\u00bb.vc_custom_1601049415467{margin-top: 25px !important;}\u00a0\u00bb][\/vc_column][vc_column width=\u00a0\u00bb1\/2&Prime;][vc_column_text]<\/p>\n<blockquote><p><span style=\"color: #808080; font-size: 16pt;\">\u00ab\u00a0Je veux inspirer les gens et leur faire d\u00e9couvrir une fa\u00e7on naturelle de prendre soin d&rsquo;eux-m\u00eames.\u00a0\u00bb<\/span><\/p><\/blockquote>\n<p>Gr\u00e2ce aux cosm\u00e9tiques, j&rsquo;ai trouv\u00e9 une autre fa\u00e7on de partager l&rsquo;amour et l&rsquo;admiration de la biodiversit\u00e9 de mon pays d&rsquo;origine, le Br\u00e9sil.<\/p>\n<p>Un jour, j&rsquo;ai d\u00e9cid\u00e9 de quitter mon pays o\u00f9 j&rsquo;\u00e9tais pharmacienne. En 2013, j&rsquo;ai d\u00e9m\u00e9nag\u00e9 en France pour y apprendre \u00e0 d\u00e9velopper des produits cosm\u00e9tiques. Depuis, j&rsquo;ai obtenu un Master en chimie cosm\u00e9tique et j&rsquo;ai travaill\u00e9 dans diff\u00e9rentes entreprises en France et en Allemagne.<\/p>\n<p>Vivre en Europe m&rsquo;a permis de d\u00e9couvrir d&rsquo;autres cultures et de renouer avec mes racines. C&rsquo;est ainsi qu&rsquo;est n\u00e9 en 2019 Bacana Skincare.<\/p>\n<p>Avec Bacana, je veux partager avec vous la richesse de la for\u00eat amazonienne. J&rsquo;esp\u00e8re que vous sentirez le savoir-faire et la tradition qui ont conduit \u00e0 la cr\u00e9ation de Bacana et que vous prendrez autant de plaisir \u00e0 utiliser nos produits de soins tropicaux que j&rsquo;en ai pris \u00e0 les d\u00e9velopper !<\/p>\n<p><strong>Fernanda<\/strong>[\/vc_column_text][\/vc_column][\/vc_row]<\/p>\n<\/div>","protected":false},"excerpt":{"rendered":"<p>[vc_row css=\u00a0\u00bb.vc_custom_1599377500635{margin-top: 50px !important;}\u00a0\u00bb][vc_column][vc_custom_heading text=\u00a0\u00bbUn c\u0153ur tropical bas\u00e9 \u00e0 Berlin\u00a0\u00bb font_container=\u00a0\u00bbtag:h2|font_size:48|text_align:center|color:%23000000&Prime; google_fonts=\u00a0\u00bbfont_family:Architects%20Daughter%3Aregular|font_style:400%20regular%3A400%3Anormal\u00a0\u00bb][\/vc_column][\/vc_row][vc_row content_placement=\u00a0\u00bbmiddle\u00a0\u00bb][vc_column width=\u00a0\u00bb1\/2&Prime;][vc_column_text css=\u00a0\u00bb.vc_custom_1657918809445{padding-top: 0px !important;}\u00a0\u00bb]Bacana Skincare est une marque de cosm\u00e9tiques 100 % naturels bas\u00e9e \u00e0 Berlin. Bacana est n\u00e9e du d\u00e9sir de partager les secrets et la beaut\u00e9 de l&rsquo;Amazonie, une r\u00e9gion o\u00f9 l&rsquo;on trouve une grande vari\u00e9t\u00e9 d&rsquo;ingr\u00e9dients naturels et efficaces. [&hellip;]<\/p>\n","protected":false},"author":1,"featured_media":0,"parent":0,"menu_order":0,"comment_status":"closed","ping_status":"closed","template":"","meta":{"ocean_post_layout":"","ocean_both_sidebars_style":"","ocean_both_sidebars_content_width":0,"ocean_both_sidebars_sidebars_width":0,"ocean_sidebar":"0","ocean_second_sidebar":"0","ocean_disable_margins":"enable","ocean_add_body_class":"","ocean_shortcode_before_top_bar":"","ocean_shortcode_after_top_bar":"","ocean_shortcode_before_header":"","ocean_shortcode_after_header":"","ocean_has_shortcode":"","ocean_shortcode_after_title":"","ocean_shortcode_before_footer_widgets":"","ocean_shortcode_after_footer_widgets":"","ocean_shortcode_before_footer_bottom":"","ocean_shortcode_after_footer_bottom":"","ocean_display_top_bar":"default","ocean_display_header":"default","ocean_header_style":"","ocean_center_header_left_menu":"0","ocean_custom_header_template":"0","ocean_custom_logo":0,"ocean_custom_retina_logo":0,"ocean_custom_logo_max_width":0,"ocean_custom_logo_tablet_max_width":0,"ocean_custom_logo_mobile_max_width":0,"ocean_custom_logo_max_height":0,"ocean_custom_logo_tablet_max_height":0,"ocean_custom_logo_mobile_max_height":0,"ocean_header_custom_menu":"0","ocean_menu_typo_font_family":"0","ocean_menu_typo_font_subset":"","ocean_menu_typo_font_size":0,"ocean_menu_typo_font_size_tablet":0,"ocean_menu_typo_font_size_mobile":0,"ocean_menu_typo_font_size_unit":"px","ocean_menu_typo_font_weight":"","ocean_menu_typo_font_weight_tablet":"","ocean_menu_typo_font_weight_mobile":"","ocean_menu_typo_transform":"","ocean_menu_typo_transform_tablet":"","ocean_menu_typo_transform_mobile":"","ocean_menu_typo_line_height":0,"ocean_menu_typo_line_height_tablet":0,"ocean_menu_typo_line_height_mobile":0,"ocean_menu_typo_line_height_unit":"","ocean_menu_typo_spacing":0,"ocean_menu_typo_spacing_tablet":0,"ocean_menu_typo_spacing_mobile":0,"ocean_menu_typo_spacing_unit":"","ocean_menu_link_color":"","ocean_menu_link_color_hover":"","ocean_menu_link_color_active":"","ocean_menu_link_background":"","ocean_menu_link_hover_background":"","ocean_menu_link_active_background":"","ocean_menu_social_links_bg":"","ocean_menu_social_hover_links_bg":"","ocean_menu_social_links_color":"","ocean_menu_social_hover_links_color":"","ocean_disable_title":"default","ocean_disable_heading":"default","ocean_post_title":"","ocean_post_subheading":"","ocean_post_title_style":"","ocean_post_title_background_color":"","ocean_post_title_background":0,"ocean_post_title_bg_image_position":"","ocean_post_title_bg_image_attachment":"","ocean_post_title_bg_image_repeat":"","ocean_post_title_bg_image_size":"","ocean_post_title_height":0,"ocean_post_title_bg_overlay":0.5,"ocean_post_title_bg_overlay_color":"","ocean_disable_breadcrumbs":"default","ocean_breadcrumbs_color":"","ocean_breadcrumbs_separator_color":"","ocean_breadcrumbs_links_color":"","ocean_breadcrumbs_links_hover_color":"","ocean_display_footer_widgets":"default","ocean_display_footer_bottom":"default","ocean_custom_footer_template":"0","iawp_total_views":20,"footnotes":""},"class_list":["post-22371","page","type-page","status-publish","hentry","entry","owp-thumbs-layout-horizontal","owp-btn-normal","owp-tabs-layout-horizontal","has-no-thumbnails","has-product-nav","circle-sale"],"yoast_head":"<!-- This site is optimized with the Yoast SEO plugin v27.3 - https:\/\/yoast.com\/product\/yoast-seo-wordpress\/ -->\n<title>Bacana Skincare | Cosm\u00e9tiques naturels Made in Berlin<\/title>\n<meta name=\"description\" content=\"Cosm\u00e9tiques naturels made in Berlin | Cruelty free &amp; Vegan | Nos produits sont 100% naturels et en l&#039;honneur de la foret Amazonienne.\" \/>\n<meta name=\"robots\" content=\"index, follow, max-snippet:-1, max-image-preview:large, max-video-preview:-1\" \/>\n<link rel=\"canonical\" href=\"https:\/\/bacanaskincare.com\/fr\/qui-sommes-nous\/\" \/>\n<meta property=\"og:locale\" content=\"fr_FR\" \/>\n<meta property=\"og:type\" content=\"article\" \/>\n<meta property=\"og:title\" content=\"Bacana Skincare | Cosm\u00e9tiques naturels Made in Berlin\" \/>\n<meta property=\"og:description\" content=\"Cosm\u00e9tiques naturels made in Berlin | Cruelty free &amp; Vegan | Nos produits sont 100% naturels et en l&#039;honneur de la foret Amazonienne.\" \/>\n<meta property=\"og:url\" content=\"https:\/\/bacanaskincare.com\/fr\/qui-sommes-nous\/\" \/>\n<meta property=\"og:site_name\" content=\"Bacana Skincare\" \/>\n<meta property=\"article:publisher\" content=\"https:\/\/www.facebook.com\/bacanaskincare-106988470647315\/\" \/>\n<meta property=\"article:modified_time\" content=\"2023-04-25T21:04:21+00:00\" \/>\n<meta name=\"twitter:card\" content=\"summary_large_image\" \/>\n<meta name=\"twitter:label1\" content=\"Dur\u00e9e de lecture estim\u00e9e\" \/>\n\t<meta name=\"twitter:data1\" content=\"4 minutes\" \/>\n<script type=\"application\/ld+json\" class=\"yoast-schema-graph\">{\"@context\":\"https:\\\/\\\/schema.org\",\"@graph\":[{\"@type\":\"WebPage\",\"@id\":\"https:\\\/\\\/bacanaskincare.com\\\/fr\\\/qui-sommes-nous\\\/\",\"url\":\"https:\\\/\\\/bacanaskincare.com\\\/fr\\\/qui-sommes-nous\\\/\",\"name\":\"Bacana Skincare | Cosm\u00e9tiques naturels Made in Berlin\",\"isPartOf\":{\"@id\":\"https:\\\/\\\/bacanaskincare.com\\\/fr\\\/#website\"},\"datePublished\":\"2023-04-25T21:04:06+00:00\",\"dateModified\":\"2023-04-25T21:04:21+00:00\",\"description\":\"Cosm\u00e9tiques naturels made in Berlin | Cruelty free & Vegan | Nos produits sont 100% naturels et en l'honneur de la foret Amazonienne.\",\"inLanguage\":\"fr-FR\",\"potentialAction\":[{\"@type\":\"ReadAction\",\"target\":[\"https:\\\/\\\/bacanaskincare.com\\\/fr\\\/qui-sommes-nous\\\/\"]}]},{\"@type\":\"WebSite\",\"@id\":\"https:\\\/\\\/bacanaskincare.com\\\/fr\\\/#website\",\"url\":\"https:\\\/\\\/bacanaskincare.com\\\/fr\\\/\",\"name\":\"Bacana Skincare\",\"description\":\"Natural skincare powered by tropical superfruits\",\"publisher\":{\"@id\":\"https:\\\/\\\/bacanaskincare.com\\\/fr\\\/#organization\"},\"potentialAction\":[{\"@type\":\"SearchAction\",\"target\":{\"@type\":\"EntryPoint\",\"urlTemplate\":\"https:\\\/\\\/bacanaskincare.com\\\/fr\\\/?s={search_term_string}\"},\"query-input\":{\"@type\":\"PropertyValueSpecification\",\"valueRequired\":true,\"valueName\":\"search_term_string\"}}],\"inLanguage\":\"fr-FR\"},{\"@type\":\"Organization\",\"@id\":\"https:\\\/\\\/bacanaskincare.com\\\/fr\\\/#organization\",\"name\":\"Bacana Skincare\",\"url\":\"https:\\\/\\\/bacanaskincare.com\\\/fr\\\/\",\"logo\":{\"@type\":\"ImageObject\",\"inLanguage\":\"fr-FR\",\"@id\":\"https:\\\/\\\/bacanaskincare.com\\\/fr\\\/#\\\/schema\\\/logo\\\/image\\\/\",\"url\":\"https:\\\/\\\/bacanaskincare.com\\\/wp-content\\\/uploads\\\/2019\\\/09\\\/u.png\",\"contentUrl\":\"https:\\\/\\\/bacanaskincare.com\\\/wp-content\\\/uploads\\\/2019\\\/09\\\/u.png\",\"width\":834,\"height\":226,\"caption\":\"Bacana Skincare\"},\"image\":{\"@id\":\"https:\\\/\\\/bacanaskincare.com\\\/fr\\\/#\\\/schema\\\/logo\\\/image\\\/\"},\"sameAs\":[\"https:\\\/\\\/www.facebook.com\\\/bacanaskincare-106988470647315\\\/\",\"https:\\\/\\\/www.instagram.com\\\/bacanaskincare\\\/?hl=en\",\"https:\\\/\\\/br.pinterest.com\\\/d0fd9db15f94c64465fab43d03b69a\\\/\"]}]}<\/script>\n<!-- \/ Yoast SEO plugin. -->","yoast_head_json":{"title":"Bacana Skincare | Cosm\u00e9tiques naturels Made in Berlin","description":"Cosm\u00e9tiques naturels made in Berlin | Cruelty free & Vegan | Nos produits sont 100% naturels et en l'honneur de la foret Amazonienne.","robots":{"index":"index","follow":"follow","max-snippet":"max-snippet:-1","max-image-preview":"max-image-preview:large","max-video-preview":"max-video-preview:-1"},"canonical":"https:\/\/bacanaskincare.com\/fr\/qui-sommes-nous\/","og_locale":"fr_FR","og_type":"article","og_title":"Bacana Skincare | Cosm\u00e9tiques naturels Made in Berlin","og_description":"Cosm\u00e9tiques naturels made in Berlin | Cruelty free & Vegan | Nos produits sont 100% naturels et en l'honneur de la foret Amazonienne.","og_url":"https:\/\/bacanaskincare.com\/fr\/qui-sommes-nous\/","og_site_name":"Bacana Skincare","article_publisher":"https:\/\/www.facebook.com\/bacanaskincare-106988470647315\/","article_modified_time":"2023-04-25T21:04:21+00:00","twitter_card":"summary_large_image","twitter_misc":{"Dur\u00e9e de lecture estim\u00e9e":"4 minutes"},"schema":{"@context":"https:\/\/schema.org","@graph":[{"@type":"WebPage","@id":"https:\/\/bacanaskincare.com\/fr\/qui-sommes-nous\/","url":"https:\/\/bacanaskincare.com\/fr\/qui-sommes-nous\/","name":"Bacana Skincare | Cosm\u00e9tiques naturels Made in Berlin","isPartOf":{"@id":"https:\/\/bacanaskincare.com\/fr\/#website"},"datePublished":"2023-04-25T21:04:06+00:00","dateModified":"2023-04-25T21:04:21+00:00","description":"Cosm\u00e9tiques naturels made in Berlin | Cruelty free & Vegan | Nos produits sont 100% naturels et en l'honneur de la foret Amazonienne.","inLanguage":"fr-FR","potentialAction":[{"@type":"ReadAction","target":["https:\/\/bacanaskincare.com\/fr\/qui-sommes-nous\/"]}]},{"@type":"WebSite","@id":"https:\/\/bacanaskincare.com\/fr\/#website","url":"https:\/\/bacanaskincare.com\/fr\/","name":"Bacana Skincare","description":"Natural skincare powered by tropical superfruits","publisher":{"@id":"https:\/\/bacanaskincare.com\/fr\/#organization"},"potentialAction":[{"@type":"SearchAction","target":{"@type":"EntryPoint","urlTemplate":"https:\/\/bacanaskincare.com\/fr\/?s={search_term_string}"},"query-input":{"@type":"PropertyValueSpecification","valueRequired":true,"valueName":"search_term_string"}}],"inLanguage":"fr-FR"},{"@type":"Organization","@id":"https:\/\/bacanaskincare.com\/fr\/#organization","name":"Bacana Skincare","url":"https:\/\/bacanaskincare.com\/fr\/","logo":{"@type":"ImageObject","inLanguage":"fr-FR","@id":"https:\/\/bacanaskincare.com\/fr\/#\/schema\/logo\/image\/","url":"https:\/\/bacanaskincare.com\/wp-content\/uploads\/2019\/09\/u.png","contentUrl":"https:\/\/bacanaskincare.com\/wp-content\/uploads\/2019\/09\/u.png","width":834,"height":226,"caption":"Bacana Skincare"},"image":{"@id":"https:\/\/bacanaskincare.com\/fr\/#\/schema\/logo\/image\/"},"sameAs":["https:\/\/www.facebook.com\/bacanaskincare-106988470647315\/","https:\/\/www.instagram.com\/bacanaskincare\/?hl=en","https:\/\/br.pinterest.com\/d0fd9db15f94c64465fab43d03b69a\/"]}]}},"_links":{"self":[{"href":"https:\/\/bacanaskincare.com\/fr\/wp-json\/wp\/v2\/pages\/22371","targetHints":{"allow":["GET"]}}],"collection":[{"href":"https:\/\/bacanaskincare.com\/fr\/wp-json\/wp\/v2\/pages"}],"about":[{"href":"https:\/\/bacanaskincare.com\/fr\/wp-json\/wp\/v2\/types\/page"}],"author":[{"embeddable":true,"href":"https:\/\/bacanaskincare.com\/fr\/wp-json\/wp\/v2\/users\/1"}],"replies":[{"embeddable":true,"href":"https:\/\/bacanaskincare.com\/fr\/wp-json\/wp\/v2\/comments?post=22371"}],"version-history":[{"count":0,"href":"https:\/\/bacanaskincare.com\/fr\/wp-json\/wp\/v2\/pages\/22371\/revisions"}],"wp:attachment":[{"href":"https:\/\/bacanaskincare.com\/fr\/wp-json\/wp\/v2\/media?parent=22371"}],"curies":[{"name":"wp","href":"https:\/\/api.w.org\/{rel}","templated":true}]}}