{"id":25682,"date":"2025-01-24T20:08:46","date_gmt":"2025-01-24T19:08:46","guid":{"rendered":"https:\/\/bacanaskincare.com\/?post_type=product&#038;p=25682"},"modified":"2026-02-25T18:27:12","modified_gmt":"2026-02-25T17:27:12","slug":"serum-vitamin-c-10","status":"publish","type":"product","link":"https:\/\/bacanaskincare.com\/de\/product\/serum-vitamin-c-10\/","title":{"rendered":"Serum Vitamin C 10%"},"content":{"rendered":"<h3 class=\"p1\"><strong>WICHTIGE INHALTSSTOFFE UND WARUM SIE WIRKEN<\/strong><\/h3>\n<p><strong>VITAMIN C TETRA (10%):<\/strong> Ein hochstabiles Inhaltsstoff, das tief in die Haut eindringt, um vor Sonnensch\u00e4den zu sch\u00fctzen, die Kollagenproduktion anzuregen und feine Linien und Flecken sanft und effektiv zu reduzieren.<\/p>\n<p><strong>GUARAN\u00c1- UND BRASILIANISCHE GINSENG-EXTRAKTE: <\/strong>Kraftvolle Adaptogene, die die Haut erneuern, die zellul\u00e4re Energie stimulieren, gegen Alterung k\u00e4mpfen und vor Umweltstress sch\u00fctzen, einschlie\u00dflich der Abschirmung der Haut vor UV-bedingten Sch\u00e4den, und dabei Leuchtkraft und Vitalit\u00e4t der Haut verleihen.<\/p>\n<p><strong>A\u00c7A\u00cd-\u00d6L:<\/strong> Die antioxidative Kraft des A\u00e7a\u00ed-\u00d6ls bek\u00e4mpft wirksam freie Radikale und hilft, vorzeitiger Hautalterung vorzubeugen.<\/p>\n<p><strong>OLIVEN-SQUALAN<\/strong><strong>: <\/strong>Ein nat\u00fcrlich vorkommendes Lipid in der menschlichen Haut, das tiefe Feuchtigkeit spendet, die Hautbarriere st\u00e4rkt, die \u00d6lproduktion ausgleicht und Anti-Aging-Vorteile bietet, indem es die eigenen Feuchtigkeitsmechanismen des K\u00f6rpers nachahmt.<\/p>\n<p><strong>ABESSINIEN-PHYTOSTEROL:<\/strong> Pflanzliche Lipide, die die Haut hydratisieren, sch\u00fctzen und verj\u00fcngen und einen nat\u00fcrlichen Schutz gegen Alterung und Umweltstress bieten.<\/p>\n","protected":false},"excerpt":{"rendered":"<blockquote><p><strong>10% Vitamin C, Adaptogene (Guarana und Ginseng) und Phytosterole. Entwickelt, um die Haut intensiv zu n\u00e4hren, zu straffen und zum Strahlen zu bringen. <\/strong><\/p><\/blockquote>\n<p>[vc_row][vc_column][vc_toggle title=&#8220;WAS IST DAS?&#8220; style=&#8220;arrow&#8220; custom_font_container=&#8220;tag:h3|text_align:left&#8220; custom_use_theme_fonts=&#8220;yes&#8220;] Leistungsstarkes, 100% nat\u00fcrliches \u00d6lserum, angereichert mit 10% Vitamin C, Phytosterol und bioaktiven Adaptogenen, um einen strahlenden, gleichm\u00e4\u00dfigen Teint zu f\u00f6rdern.[\/vc_toggle][vc_toggle title=&#8220;WAS MACHT SIE?&#8220; style=&#8220;arrow&#8220; custom_font_container=&#8220;tag:h3|text_align:left&#8220; custom_use_theme_fonts=&#8220;yes&#8220;] Unser Vitamin-C-Serum, angereichert mit adaptogenem Guaran\u00e1 und Ginseng, verwandelt Ihre Haut. Es gleicht den Teint aus, mildert dunkle Flecken und verleiht einen sofortigen Glanz. Diese innovative Formel nutzt die energetisierenden Eigenschaften von Guaran\u00e1 und die revitalisierenden Effekte von Ginseng, um vor blauem Licht zu sch\u00fctzen, die Kollagenproduktion zu steigern und die Dermis zu beruhigen. Angereichert mit A\u00e7a\u00ed-\u00d6l, nat\u00fcrlichem Squalan und Phytosterolen n\u00e4hrt dieses Elixier tiefgehend, was zu einem strahlenden und revitalisierten Teint f\u00fchrt.    [\/vc_toggle][vc_toggle title=&#8220;F\u00dcR WEN?&#8220; style=&#8220;arrow&#8220; custom_font_container=&#8220;tag:h3|text_align:left&#8220; custom_use_theme_fonts=&#8220;yes&#8220;] Geeignet f\u00fcr alle Hauttypen, die einen strahlenderen und gleichm\u00e4\u00dfigeren Teint erreichen m\u00f6chten.[\/vc_toggle][vc_toggle title=&#8220;WIE BENUTZEN?&#8220; style=&#8220;arrow&#8220; custom_font_container=&#8220;tag:h3|text_align:left&#8220; custom_use_theme_fonts=&#8220;yes&#8220;] Tragen Sie 3 bis 4 Tropfen auf die gereinigte Haut am Morgen und\/oder am Abend nach der Anwendung Ihrer Feuchtigkeitscreme auf. Die leichte Konsistenz wird schnell von der Haut aufgenommen. Wenn Sie das Bakuchiol- oder Maracuja-Serum verwenden, tragen Sie Vitamin C am Morgen und das Bakuchiol- oder Maracuja-Serum am Abend auf, um den Hautton auszugleichen, dunkle Flecken zu reduzieren und die Anti-Aging-Vorteile zu maximieren.   [\/vc_toggle][vc_toggle title=&#8220;WIE SIND SEINE TEXTUR UND DUFT?&#8220; style=&#8220;arrow&#8220; custom_font_container=&#8220;tag:h3|text_align:left&#8220; custom_use_theme_fonts=&#8220;yes&#8220;]Das Vitamin-C-Serum ist ein \u00d6l, das schnell von der Haut aufgenommen wird und einen leichten, nat\u00fcrlichen Zitrusduft hat.[\/vc_toggle][vc_toggle title=&#8220;ANMERKUNG DER GR\u00dcNDERIN: \u00dcBER DIE FORMULIERUNG&#8220; style=&#8220;arrow&#8220; custom_font_container=&#8220;tag:h3|text_align:left&#8220; custom_use_theme_fonts=&#8220;yes&#8220;]<\/p>\n<blockquote><p><img loading=\"lazy\" decoding=\"async\" class=\"wp-image-25867 alignleft\" src=\"https:\/\/bacanaskincare.com\/wp-content\/uploads\/2025\/01\/Lab-Fernanda-600x600.jpg\" alt=\"\" width=\"149\" height=\"149\" srcset=\"https:\/\/bacanaskincare.com\/wp-content\/uploads\/2025\/01\/Lab-Fernanda-600x600.jpg 600w, https:\/\/bacanaskincare.com\/wp-content\/uploads\/2025\/01\/Lab-Fernanda-300x300.jpg 300w, https:\/\/bacanaskincare.com\/wp-content\/uploads\/2025\/01\/Lab-Fernanda-768x768.jpg 768w, https:\/\/bacanaskincare.com\/wp-content\/uploads\/2025\/01\/Lab-Fernanda-120x120.jpg 120w, https:\/\/bacanaskincare.com\/wp-content\/uploads\/2025\/01\/Lab-Fernanda-100x100.jpg 100w, https:\/\/bacanaskincare.com\/wp-content\/uploads\/2025\/01\/Lab-Fernanda.jpg 1000w\" sizes=\"auto, (max-width: 149px) 100vw, 149px\" \/>Als ich \u00fcber das n\u00e4chste Produkt nachdachte, war Vitamin C sofort meine Wahl, da es unglaublich effektiv und \u00e4u\u00dferst multifunktional ist. Ich entwickelte die Formel mit Ascorbyl Tetraisopalmitat, einer der stabilsten Formen von Vitamin C auf dem Markt. Um seine Wirkung zu verst\u00e4rken, f\u00fcgte ich A\u00e7a\u00ed-\u00d6l hinzu, ein kraftvolles Antioxidans, das sich mit Vitamin C verbindet und dessen Vorteile verst\u00e4rkt. Adaptogene und Phytosterole wurden sorgf\u00e4ltig ausgew\u00e4hlt, um die Dermalbarriere zu st\u00e4rken, die Widerstandsf\u00e4higkeit gegen Umweltstressoren zu erh\u00f6hen und das nat\u00fcrliche Gleichgewicht des Teints wiederherzustellen. Unser Serum ist eine wahre Verteidigung f\u00fcr Ihre Haut, es transformiert und sch\u00fctzt in einer einzigen Anwendung. Das Ergebnis? Ein leichtes Serum mit einem zarten und nat\u00fcrlichen Zitrus-Vanille-Aroma, das die Haut strahlend und gegen \u00e4u\u00dfere Angreifer und Umweltsch\u00e4den gesch\u00fctzt hinterl\u00e4sst.     <\/p>\n<p>Probieren Sie es aus und sp\u00fcren Sie den Unterschied.<\/p>\n<p>With love, Fernanda Leitao[\/vc_toggle][\/vc_column][\/vc_row]<\/p><\/blockquote>\n<p>&nbsp;<\/p>\n<p>Size: 30ml<\/p>\n","protected":false},"featured_media":26061,"comment_status":"open","ping_status":"closed","template":"","meta":{"ocean_post_layout":"","ocean_both_sidebars_style":"","ocean_both_sidebars_content_width":0,"ocean_both_sidebars_sidebars_width":0,"ocean_sidebar":"0","ocean_second_sidebar":"0","ocean_disable_margins":"enable","ocean_add_body_class":"","ocean_shortcode_before_top_bar":"","ocean_shortcode_after_top_bar":"","ocean_shortcode_before_header":"","ocean_shortcode_after_header":"","ocean_has_shortcode":"","ocean_shortcode_after_title":"","ocean_shortcode_before_footer_widgets":"","ocean_shortcode_after_footer_widgets":"","ocean_shortcode_before_footer_bottom":"","ocean_shortcode_after_footer_bottom":"","ocean_display_top_bar":"default","ocean_display_header":"default","ocean_header_style":"","ocean_center_header_left_menu":"0","ocean_custom_header_template":"0","ocean_custom_logo":0,"ocean_custom_retina_logo":0,"ocean_custom_logo_max_width":0,"ocean_custom_logo_tablet_max_width":0,"ocean_custom_logo_mobile_max_width":0,"ocean_custom_logo_max_height":0,"ocean_custom_logo_tablet_max_height":0,"ocean_custom_logo_mobile_max_height":0,"ocean_header_custom_menu":"0","ocean_menu_typo_font_family":"0","ocean_menu_typo_font_subset":"","ocean_menu_typo_font_size":0,"ocean_menu_typo_font_size_tablet":0,"ocean_menu_typo_font_size_mobile":0,"ocean_menu_typo_font_size_unit":"px","ocean_menu_typo_font_weight":"","ocean_menu_typo_font_weight_tablet":"","ocean_menu_typo_font_weight_mobile":"","ocean_menu_typo_transform":"","ocean_menu_typo_transform_tablet":"","ocean_menu_typo_transform_mobile":"","ocean_menu_typo_line_height":0,"ocean_menu_typo_line_height_tablet":0,"ocean_menu_typo_line_height_mobile":0,"ocean_menu_typo_line_height_unit":"","ocean_menu_typo_spacing":0,"ocean_menu_typo_spacing_tablet":0,"ocean_menu_typo_spacing_mobile":0,"ocean_menu_typo_spacing_unit":"","ocean_menu_link_color":"","ocean_menu_link_color_hover":"","ocean_menu_link_color_active":"","ocean_menu_link_background":"","ocean_menu_link_hover_background":"","ocean_menu_link_active_background":"","ocean_menu_social_links_bg":"","ocean_menu_social_hover_links_bg":"","ocean_menu_social_links_color":"","ocean_menu_social_hover_links_color":"","ocean_disable_title":"default","ocean_disable_heading":"default","ocean_post_title":"","ocean_post_subheading":"","ocean_post_title_style":"","ocean_post_title_background_color":"","ocean_post_title_background":0,"ocean_post_title_bg_image_position":"","ocean_post_title_bg_image_attachment":"","ocean_post_title_bg_image_repeat":"","ocean_post_title_bg_image_size":"","ocean_post_title_height":0,"ocean_post_title_bg_overlay":0.5,"ocean_post_title_bg_overlay_color":"","ocean_disable_breadcrumbs":"default","ocean_breadcrumbs_color":"","ocean_breadcrumbs_separator_color":"","ocean_breadcrumbs_links_color":"","ocean_breadcrumbs_links_hover_color":"","ocean_display_footer_widgets":"default","ocean_display_footer_bottom":"default","ocean_custom_footer_template":"0","iawp_total_views":91},"product_brand":[],"product_cat":[404],"product_tag":[],"class_list":{"0":"post-25682","1":"product","2":"type-product","3":"status-publish","4":"has-post-thumbnail","6":"product_cat-hautpflege","8":"entry","9":"has-media","11":"first","12":"instock","13":"shipping-taxable","14":"purchasable","15":"product-type-simple","16":"has-rating","17":"has-product-nav","18":"col","19":"span_1_of_3","20":"owp-content-center","21":"item-entry","22":"owp-thumbs-layout-horizontal","23":"owp-btn-normal","24":"owp-tabs-layout-horizontal","26":"circle-sale"},"yoast_head":"<!-- This site is optimized with the Yoast SEO plugin v27.2 - https:\/\/yoast.com\/product\/yoast-seo-wordpress\/ -->\n<title>Serum Vitamin C 10% | Bacana Skincare | Vitamin C<\/title>\n<meta name=\"description\" content=\"Unser Vitamin-C-Serum zielt auf einen ungleichm\u00e4\u00dfigen Hautton ab, reduziert dunkle Flecken und bietet einen starken Schutz vor UV-Strahlen und blauem Licht.\" \/>\n<meta name=\"robots\" content=\"index, follow, max-snippet:-1, max-image-preview:large, max-video-preview:-1\" \/>\n<link rel=\"canonical\" href=\"https:\/\/bacanaskincare.com\/de\/product\/serum-vitamin-c-10\/\" \/>\n<meta property=\"og:locale\" content=\"de_DE\" \/>\n<meta property=\"og:type\" content=\"article\" \/>\n<meta property=\"og:title\" content=\"Serum Vitamin C 10% | Bacana Skincare | Vitamin C\" \/>\n<meta property=\"og:description\" content=\"Unser Vitamin-C-Serum zielt auf einen ungleichm\u00e4\u00dfigen Hautton ab, reduziert dunkle Flecken und bietet einen starken Schutz vor UV-Strahlen und blauem Licht.\" \/>\n<meta property=\"og:url\" content=\"https:\/\/bacanaskincare.com\/de\/product\/serum-vitamin-c-10\/\" \/>\n<meta property=\"og:site_name\" content=\"Bacana Skincare\" \/>\n<meta property=\"article:publisher\" content=\"https:\/\/www.facebook.com\/bacanaskincare-106988470647315\/\" \/>\n<meta property=\"article:modified_time\" content=\"2026-02-25T17:27:12+00:00\" \/>\n<meta property=\"og:image\" content=\"https:\/\/bacanaskincare.com\/wp-content\/uploads\/2025\/01\/Vitamine-C-2.jpg\" \/>\n\t<meta property=\"og:image:width\" content=\"1050\" \/>\n\t<meta property=\"og:image:height\" content=\"1050\" \/>\n\t<meta property=\"og:image:type\" content=\"image\/jpeg\" \/>\n<meta name=\"twitter:card\" content=\"summary_large_image\" \/>\n<meta name=\"twitter:label1\" content=\"Gesch\u00e4tzte Lesezeit\" \/>\n\t<meta name=\"twitter:data1\" content=\"1\u00a0Minute\" \/>\n<script type=\"application\/ld+json\" class=\"yoast-schema-graph\">{\"@context\":\"https:\/\/schema.org\",\"@graph\":[{\"@type\":[\"WebPage\",\"ItemPage\"],\"@id\":\"https:\/\/bacanaskincare.com\/de\/product\/serum-vitamin-c-10\/\",\"url\":\"https:\/\/bacanaskincare.com\/de\/product\/serum-vitamin-c-10\/\",\"name\":\"Serum Vitamin C 10% | Bacana Skincare | Vitamin C\",\"isPartOf\":{\"@id\":\"https:\/\/bacanaskincare.com\/de\/#website\"},\"primaryImageOfPage\":{\"@id\":\"https:\/\/bacanaskincare.com\/de\/product\/serum-vitamin-c-10\/#primaryimage\"},\"image\":{\"@id\":\"https:\/\/bacanaskincare.com\/de\/product\/serum-vitamin-c-10\/#primaryimage\"},\"thumbnailUrl\":\"https:\/\/bacanaskincare.com\/wp-content\/uploads\/2025\/01\/Vitamine-C-2.jpg\",\"datePublished\":\"2025-01-24T19:08:46+00:00\",\"dateModified\":\"2026-02-25T17:27:12+00:00\",\"description\":\"Unser Vitamin-C-Serum zielt auf einen ungleichm\u00e4\u00dfigen Hautton ab, reduziert dunkle Flecken und bietet einen starken Schutz vor UV-Strahlen und blauem Licht.\",\"breadcrumb\":{\"@id\":\"https:\/\/bacanaskincare.com\/de\/product\/serum-vitamin-c-10\/#breadcrumb\"},\"inLanguage\":\"de\",\"potentialAction\":[{\"@type\":\"ReadAction\",\"target\":[\"https:\/\/bacanaskincare.com\/de\/product\/serum-vitamin-c-10\/\"]}]},{\"@type\":\"ImageObject\",\"inLanguage\":\"de\",\"@id\":\"https:\/\/bacanaskincare.com\/de\/product\/serum-vitamin-c-10\/#primaryimage\",\"url\":\"https:\/\/bacanaskincare.com\/wp-content\/uploads\/2025\/01\/Vitamine-C-2.jpg\",\"contentUrl\":\"https:\/\/bacanaskincare.com\/wp-content\/uploads\/2025\/01\/Vitamine-C-2.jpg\",\"width\":1050,\"height\":1050},{\"@type\":\"BreadcrumbList\",\"@id\":\"https:\/\/bacanaskincare.com\/de\/product\/serum-vitamin-c-10\/#breadcrumb\",\"itemListElement\":[{\"@type\":\"ListItem\",\"position\":1,\"name\":\"Shop\",\"item\":\"https:\/\/bacanaskincare.com\/de\/shop\/\"},{\"@type\":\"ListItem\",\"position\":2,\"name\":\"Hautpflege\",\"item\":\"https:\/\/bacanaskincare.com\/de\/produkt-kategorie\/hautpflege\/\"},{\"@type\":\"ListItem\",\"position\":3,\"name\":\"Serum Vitamin C 10%\"}]},{\"@type\":\"WebSite\",\"@id\":\"https:\/\/bacanaskincare.com\/de\/#website\",\"url\":\"https:\/\/bacanaskincare.com\/de\/\",\"name\":\"Bacana Skincare\",\"description\":\"Nat\u00fcrliche Hautpflege mit tropischen Superfr\u00fcchten\",\"publisher\":{\"@id\":\"https:\/\/bacanaskincare.com\/de\/#organization\"},\"potentialAction\":[{\"@type\":\"SearchAction\",\"target\":{\"@type\":\"EntryPoint\",\"urlTemplate\":\"https:\/\/bacanaskincare.com\/de\/?s={search_term_string}\"},\"query-input\":{\"@type\":\"PropertyValueSpecification\",\"valueRequired\":true,\"valueName\":\"search_term_string\"}}],\"inLanguage\":\"de\"},{\"@type\":\"Organization\",\"@id\":\"https:\/\/bacanaskincare.com\/de\/#organization\",\"name\":\"Bacana Skincare\",\"url\":\"https:\/\/bacanaskincare.com\/de\/\",\"logo\":{\"@type\":\"ImageObject\",\"inLanguage\":\"de\",\"@id\":\"https:\/\/bacanaskincare.com\/de\/#\/schema\/logo\/image\/\",\"url\":\"https:\/\/bacanaskincare.com\/wp-content\/uploads\/2019\/09\/u.png\",\"contentUrl\":\"https:\/\/bacanaskincare.com\/wp-content\/uploads\/2019\/09\/u.png\",\"width\":834,\"height\":226,\"caption\":\"Bacana Skincare\"},\"image\":{\"@id\":\"https:\/\/bacanaskincare.com\/de\/#\/schema\/logo\/image\/\"},\"sameAs\":[\"https:\/\/www.facebook.com\/bacanaskincare-106988470647315\/\",\"https:\/\/www.instagram.com\/bacanaskincare\/?hl=en\",\"https:\/\/br.pinterest.com\/d0fd9db15f94c64465fab43d03b69a\/\"]}]}<\/script>\n<!-- \/ Yoast SEO plugin. -->","yoast_head_json":{"title":"Serum Vitamin C 10% | Bacana Skincare | Vitamin C","description":"Unser Vitamin-C-Serum zielt auf einen ungleichm\u00e4\u00dfigen Hautton ab, reduziert dunkle Flecken und bietet einen starken Schutz vor UV-Strahlen und blauem Licht.","robots":{"index":"index","follow":"follow","max-snippet":"max-snippet:-1","max-image-preview":"max-image-preview:large","max-video-preview":"max-video-preview:-1"},"canonical":"https:\/\/bacanaskincare.com\/de\/product\/serum-vitamin-c-10\/","og_locale":"de_DE","og_type":"article","og_title":"Serum Vitamin C 10% | Bacana Skincare | Vitamin C","og_description":"Unser Vitamin-C-Serum zielt auf einen ungleichm\u00e4\u00dfigen Hautton ab, reduziert dunkle Flecken und bietet einen starken Schutz vor UV-Strahlen und blauem Licht.","og_url":"https:\/\/bacanaskincare.com\/de\/product\/serum-vitamin-c-10\/","og_site_name":"Bacana Skincare","article_publisher":"https:\/\/www.facebook.com\/bacanaskincare-106988470647315\/","article_modified_time":"2026-02-25T17:27:12+00:00","og_image":[{"width":1050,"height":1050,"url":"https:\/\/bacanaskincare.com\/wp-content\/uploads\/2025\/01\/Vitamine-C-2.jpg","type":"image\/jpeg"}],"twitter_card":"summary_large_image","twitter_misc":{"Gesch\u00e4tzte Lesezeit":"1\u00a0Minute"},"schema":{"@context":"https:\/\/schema.org","@graph":[{"@type":["WebPage","ItemPage"],"@id":"https:\/\/bacanaskincare.com\/de\/product\/serum-vitamin-c-10\/","url":"https:\/\/bacanaskincare.com\/de\/product\/serum-vitamin-c-10\/","name":"Serum Vitamin C 10% | Bacana Skincare | Vitamin C","isPartOf":{"@id":"https:\/\/bacanaskincare.com\/de\/#website"},"primaryImageOfPage":{"@id":"https:\/\/bacanaskincare.com\/de\/product\/serum-vitamin-c-10\/#primaryimage"},"image":{"@id":"https:\/\/bacanaskincare.com\/de\/product\/serum-vitamin-c-10\/#primaryimage"},"thumbnailUrl":"https:\/\/bacanaskincare.com\/wp-content\/uploads\/2025\/01\/Vitamine-C-2.jpg","datePublished":"2025-01-24T19:08:46+00:00","dateModified":"2026-02-25T17:27:12+00:00","description":"Unser Vitamin-C-Serum zielt auf einen ungleichm\u00e4\u00dfigen Hautton ab, reduziert dunkle Flecken und bietet einen starken Schutz vor UV-Strahlen und blauem Licht.","breadcrumb":{"@id":"https:\/\/bacanaskincare.com\/de\/product\/serum-vitamin-c-10\/#breadcrumb"},"inLanguage":"de","potentialAction":[{"@type":"ReadAction","target":["https:\/\/bacanaskincare.com\/de\/product\/serum-vitamin-c-10\/"]}]},{"@type":"ImageObject","inLanguage":"de","@id":"https:\/\/bacanaskincare.com\/de\/product\/serum-vitamin-c-10\/#primaryimage","url":"https:\/\/bacanaskincare.com\/wp-content\/uploads\/2025\/01\/Vitamine-C-2.jpg","contentUrl":"https:\/\/bacanaskincare.com\/wp-content\/uploads\/2025\/01\/Vitamine-C-2.jpg","width":1050,"height":1050},{"@type":"BreadcrumbList","@id":"https:\/\/bacanaskincare.com\/de\/product\/serum-vitamin-c-10\/#breadcrumb","itemListElement":[{"@type":"ListItem","position":1,"name":"Shop","item":"https:\/\/bacanaskincare.com\/de\/shop\/"},{"@type":"ListItem","position":2,"name":"Hautpflege","item":"https:\/\/bacanaskincare.com\/de\/produkt-kategorie\/hautpflege\/"},{"@type":"ListItem","position":3,"name":"Serum Vitamin C 10%"}]},{"@type":"WebSite","@id":"https:\/\/bacanaskincare.com\/de\/#website","url":"https:\/\/bacanaskincare.com\/de\/","name":"Bacana Skincare","description":"Nat\u00fcrliche Hautpflege mit tropischen Superfr\u00fcchten","publisher":{"@id":"https:\/\/bacanaskincare.com\/de\/#organization"},"potentialAction":[{"@type":"SearchAction","target":{"@type":"EntryPoint","urlTemplate":"https:\/\/bacanaskincare.com\/de\/?s={search_term_string}"},"query-input":{"@type":"PropertyValueSpecification","valueRequired":true,"valueName":"search_term_string"}}],"inLanguage":"de"},{"@type":"Organization","@id":"https:\/\/bacanaskincare.com\/de\/#organization","name":"Bacana Skincare","url":"https:\/\/bacanaskincare.com\/de\/","logo":{"@type":"ImageObject","inLanguage":"de","@id":"https:\/\/bacanaskincare.com\/de\/#\/schema\/logo\/image\/","url":"https:\/\/bacanaskincare.com\/wp-content\/uploads\/2019\/09\/u.png","contentUrl":"https:\/\/bacanaskincare.com\/wp-content\/uploads\/2019\/09\/u.png","width":834,"height":226,"caption":"Bacana Skincare"},"image":{"@id":"https:\/\/bacanaskincare.com\/de\/#\/schema\/logo\/image\/"},"sameAs":["https:\/\/www.facebook.com\/bacanaskincare-106988470647315\/","https:\/\/www.instagram.com\/bacanaskincare\/?hl=en","https:\/\/br.pinterest.com\/d0fd9db15f94c64465fab43d03b69a\/"]}]}},"_links":{"self":[{"href":"https:\/\/bacanaskincare.com\/de\/wp-json\/wp\/v2\/product\/25682","targetHints":{"allow":["GET"]}}],"collection":[{"href":"https:\/\/bacanaskincare.com\/de\/wp-json\/wp\/v2\/product"}],"about":[{"href":"https:\/\/bacanaskincare.com\/de\/wp-json\/wp\/v2\/types\/product"}],"replies":[{"embeddable":true,"href":"https:\/\/bacanaskincare.com\/de\/wp-json\/wp\/v2\/comments?post=25682"}],"wp:featuredmedia":[{"embeddable":true,"href":"https:\/\/bacanaskincare.com\/de\/wp-json\/wp\/v2\/media\/26061"}],"wp:attachment":[{"href":"https:\/\/bacanaskincare.com\/de\/wp-json\/wp\/v2\/media?parent=25682"}],"wp:term":[{"taxonomy":"product_brand","embeddable":true,"href":"https:\/\/bacanaskincare.com\/de\/wp-json\/wp\/v2\/product_brand?post=25682"},{"taxonomy":"product_cat","embeddable":true,"href":"https:\/\/bacanaskincare.com\/de\/wp-json\/wp\/v2\/product_cat?post=25682"},{"taxonomy":"product_tag","embeddable":true,"href":"https:\/\/bacanaskincare.com\/de\/wp-json\/wp\/v2\/product_tag?post=25682"}],"curies":[{"name":"wp","href":"https:\/\/api.w.org\/{rel}","templated":true}]}}