{"id":22606,"date":"2023-05-17T20:13:52","date_gmt":"2023-05-17T18:13:52","guid":{"rendered":"https:\/\/bacanaskincare.com\/shop\/unkategorisiert\/natural-glow-routine-skincare\/"},"modified":"2025-12-02T00:11:49","modified_gmt":"2025-12-01T23:11:49","slug":"natural-glow-routine-skincare","status":"publish","type":"product","link":"https:\/\/bacanaskincare.com\/de\/product\/natural-glow-routine-skincare\/","title":{"rendered":"Glow Set"},"content":{"rendered":"<p>Es enth\u00e4lt:<\/p>\n<p>1x<a href=\"https:\/\/bacanaskincare.com\/product\/bakuchiol-oil-serum\/\"> Bakuchiol-Serum (Bio-Retinol):<\/a> Eine innovative Formel mit Bakuchiol, angereichert mit einem Cocktail aus kraftvollen Antioxidantien. Diese exklusive Formel hilft nicht nur bei der Zellregeneration, sondern stimuliert auch die Kollagenproduktion und reduziert Hautunreinheiten.<\/p>\n<p>1x <a href=\"https:\/\/bacanaskincare.com\/product\/cleansing-cream-face-wash\/\">Sanfte Gesichtsreinigung<\/a>: Entfernt oberfl\u00e4chliche Unreinheiten und leichtes Make-up, hinterl\u00e4sst die Haut weich und geschmeidig.<\/p>\n<p>1x <a href=\"https:\/\/bacanaskincare.com\/product\/serenity-vitamin-mist-toner\/\">Gesichtstoner-Spray:<\/a> Ein pH-ausgeglichener Toner in Spr\u00fchform f\u00fcr strahlende und gesunde Haut. Belebt und beruhigt die Haut, strafft die Poren und spendet der Haut Feuchtigkeit.<\/p>\n<p><span style=\"color: #155212;\">1x <a href=\"https:\/\/bacanaskincare.com\/product\/multi-action-face-cream\/\">Feuchtigkeitsspendende Gesichtscreme (Blooming Nature Face Cream): <\/a><\/span>Eine t\u00e4gliche Gesichtscreme, die dunkle Flecken reduziert und die Hautelastizit\u00e4t verbessert.<\/p>\n<p>&nbsp;<\/p>\n<p>Wenn Sie mehr \u00fcber diese Produkte erfahren m\u00f6chten, klicken Sie bitte oben auf das jeweilige Produkt.<\/p>\n<p>&nbsp;<\/p>\n","protected":false},"excerpt":{"rendered":"<blockquote>\n<h3>Wir haben f\u00fcr dich die wichtigsten Produkte f\u00fcr eine minimalistische Hautpflegeroutine ausgew\u00e4hlt.<\/h3>\n<\/blockquote>\n<p>&nbsp;<\/p>\n<p><strong>WAS IST DARIN?<\/strong><\/p>\n<ul>\n<li>1x Sanfte Gesichtsreinigung:\u2013 150 ml<\/li>\n<li>1x Gesichtstoner-Spray\u2013 100 ml<\/li>\n<li>1x Feuchtigkeitsspendende Gesichtscreme (Blooming Nature Face Cream): &#8211; 50ml<\/li>\n<li>1x Bakuchiol Serum (Bio-Retinol) \u2013 30ml<\/li>\n<\/ul>\n<p>&nbsp;<\/p>\n<p><strong>ANWENDUNG:<br \/>\n<\/strong>1. Sanfte Gesichtsreinigung: Sanft auf die feuchte Haut einmassieren und anschlie\u00dfend absp\u00fclen. Morgens und abends verwenden.<\/p>\n<p>2. Gesichtstoner-Spray: Zuerst die Flasche kurz sch\u00fctteln und nach der Gesichtsreinigung auf Gesicht und Hals spr\u00fchen. Morgens und abends verwenden.<\/p>\n<p>3. Feuchtigkeitsspendende Gesichtscreme: Tragen Sie eine kleine Menge der multifunktionalen Gesichtscreme auf und massieren Sie die Creme sanft in die Haut ein. Morgens und abends verwenden.<\/p>\n<p>4. Bakuchiol-Serum: Tragen Sie 2 bis 4 Tropfen auf Ihr Gesicht zweimal t\u00e4glich auf.<\/p>\n<p>Dieses Set bietet die Option f\u00fcr Bakuchiol-Serum mit oder ohne Duft. Unser Bakuchiol Serum ohne Duft enth\u00e4lt keine zugesetzten \u00e4therischen \u00d6le; stattdessen hat das Serum einen nat\u00fcrlichen Duft, der aus seinen Inhaltsstoffen stammt. <\/p>\n","protected":false},"featured_media":26138,"comment_status":"open","ping_status":"closed","template":"","meta":{"ocean_post_layout":"","ocean_both_sidebars_style":"","ocean_both_sidebars_content_width":0,"ocean_both_sidebars_sidebars_width":0,"ocean_sidebar":"0","ocean_second_sidebar":"0","ocean_disable_margins":"enable","ocean_add_body_class":"","ocean_shortcode_before_top_bar":"","ocean_shortcode_after_top_bar":"","ocean_shortcode_before_header":"","ocean_shortcode_after_header":"","ocean_has_shortcode":"","ocean_shortcode_after_title":"","ocean_shortcode_before_footer_widgets":"","ocean_shortcode_after_footer_widgets":"","ocean_shortcode_before_footer_bottom":"","ocean_shortcode_after_footer_bottom":"","ocean_display_top_bar":"default","ocean_display_header":"default","ocean_header_style":"","ocean_center_header_left_menu":"0","ocean_custom_header_template":"0","ocean_custom_logo":0,"ocean_custom_retina_logo":0,"ocean_custom_logo_max_width":0,"ocean_custom_logo_tablet_max_width":0,"ocean_custom_logo_mobile_max_width":0,"ocean_custom_logo_max_height":0,"ocean_custom_logo_tablet_max_height":0,"ocean_custom_logo_mobile_max_height":0,"ocean_header_custom_menu":"0","ocean_menu_typo_font_family":"0","ocean_menu_typo_font_subset":"","ocean_menu_typo_font_size":0,"ocean_menu_typo_font_size_tablet":0,"ocean_menu_typo_font_size_mobile":0,"ocean_menu_typo_font_size_unit":"px","ocean_menu_typo_font_weight":"","ocean_menu_typo_font_weight_tablet":"","ocean_menu_typo_font_weight_mobile":"","ocean_menu_typo_transform":"","ocean_menu_typo_transform_tablet":"","ocean_menu_typo_transform_mobile":"","ocean_menu_typo_line_height":0,"ocean_menu_typo_line_height_tablet":0,"ocean_menu_typo_line_height_mobile":0,"ocean_menu_typo_line_height_unit":"","ocean_menu_typo_spacing":0,"ocean_menu_typo_spacing_tablet":0,"ocean_menu_typo_spacing_mobile":0,"ocean_menu_typo_spacing_unit":"","ocean_menu_link_color":"","ocean_menu_link_color_hover":"","ocean_menu_link_color_active":"","ocean_menu_link_background":"","ocean_menu_link_hover_background":"","ocean_menu_link_active_background":"","ocean_menu_social_links_bg":"","ocean_menu_social_hover_links_bg":"","ocean_menu_social_links_color":"","ocean_menu_social_hover_links_color":"","ocean_disable_title":"default","ocean_disable_heading":"default","ocean_post_title":"","ocean_post_subheading":"","ocean_post_title_style":"","ocean_post_title_background_color":"","ocean_post_title_background":0,"ocean_post_title_bg_image_position":"","ocean_post_title_bg_image_attachment":"","ocean_post_title_bg_image_repeat":"","ocean_post_title_bg_image_size":"","ocean_post_title_height":0,"ocean_post_title_bg_overlay":0.5,"ocean_post_title_bg_overlay_color":"","ocean_disable_breadcrumbs":"default","ocean_breadcrumbs_color":"","ocean_breadcrumbs_separator_color":"","ocean_breadcrumbs_links_color":"","ocean_breadcrumbs_links_hover_color":"","ocean_display_footer_widgets":"default","ocean_display_footer_bottom":"default","ocean_custom_footer_template":"0","iawp_total_views":30},"product_brand":[],"product_cat":[404],"product_tag":[],"class_list":{"0":"post-22606","1":"product","2":"type-product","3":"status-publish","4":"has-post-thumbnail","6":"product_cat-hautpflege","8":"entry","9":"has-media","11":"first","12":"instock","13":"shipping-taxable","14":"purchasable","15":"product-type-variable","16":"has-default-attributes","17":"has-product-nav","18":"col","19":"span_1_of_3","20":"owp-content-center","21":"item-entry","22":"owp-thumbs-layout-horizontal","23":"owp-btn-normal","24":"owp-tabs-layout-horizontal","25":"has-no-thumbnails","27":"circle-sale"},"yoast_head":"<!-- This site is optimized with the Yoast SEO plugin v27.3 - https:\/\/yoast.com\/product\/yoast-seo-wordpress\/ -->\n<title>Glow Set - Bacana Skincare<\/title>\n<meta name=\"robots\" content=\"index, follow, max-snippet:-1, max-image-preview:large, max-video-preview:-1\" \/>\n<link rel=\"canonical\" href=\"https:\/\/bacanaskincare.com\/de\/product\/natural-glow-routine-skincare\/\" \/>\n<meta property=\"og:locale\" content=\"de_DE\" \/>\n<meta property=\"og:type\" content=\"article\" \/>\n<meta property=\"og:title\" content=\"Glow Set - Bacana Skincare\" \/>\n<meta property=\"og:description\" content=\"Wir haben f\u00fcr dich die wichtigsten Produkte f\u00fcr eine minimalistische Hautpflegeroutine ausgew\u00e4hlt. &nbsp; WAS IST DARIN?  1x Sanfte Gesichtsreinigung:\u2013 150 ml  1x Gesichtstoner-Spray\u2013 100 ml  1x Feuchtigkeitsspendende Gesichtscreme (Blooming Nature Face Cream): - 50ml  1x Bakuchiol Serum (Bio-Retinol) \u2013 30ml &nbsp; ANWENDUNG: 1. Sanfte Gesichtsreinigung: Sanft auf die feuchte Haut einmassieren und anschlie\u00dfend absp\u00fclen. Morgens und abends verwenden. 2. Gesichtstoner-Spray: Zuerst die Flasche kurz sch\u00fctteln und nach der Gesichtsreinigung auf Gesicht und Hals spr\u00fchen. Morgens und abends verwenden. 3. Feuchtigkeitsspendende Gesichtscreme: Tragen Sie eine kleine Menge der multifunktionalen Gesichtscreme auf und massieren Sie die Creme sanft in die Haut ein. Morgens und abends verwenden. 4. Bakuchiol-Serum: Tragen Sie 2 bis 4 Tropfen auf Ihr Gesicht zweimal t\u00e4glich auf. Dieses Set bietet die Option f\u00fcr Bakuchiol-Serum mit oder ohne Duft. Unser Bakuchiol Serum ohne Duft enth\u00e4lt keine zugesetzten \u00e4therischen \u00d6le; stattdessen hat das Serum einen nat\u00fcrlichen Duft, der aus seinen Inhaltsstoffen stammt.\" \/>\n<meta property=\"og:url\" content=\"https:\/\/bacanaskincare.com\/de\/product\/natural-glow-routine-skincare\/\" \/>\n<meta property=\"og:site_name\" content=\"Bacana Skincare\" \/>\n<meta property=\"article:publisher\" content=\"https:\/\/www.facebook.com\/bacanaskincare-106988470647315\/\" \/>\n<meta property=\"article:modified_time\" content=\"2025-12-01T23:11:49+00:00\" \/>\n<meta property=\"og:image\" content=\"https:\/\/bacanaskincare.com\/wp-content\/uploads\/2023\/05\/Daily-Glow-Set.jpg\" \/>\n\t<meta property=\"og:image:width\" content=\"1050\" \/>\n\t<meta property=\"og:image:height\" content=\"1050\" \/>\n\t<meta property=\"og:image:type\" content=\"image\/jpeg\" \/>\n<meta name=\"twitter:card\" content=\"summary_large_image\" \/>\n<meta name=\"twitter:label1\" content=\"Gesch\u00e4tzte Lesezeit\" \/>\n\t<meta name=\"twitter:data1\" content=\"1\u00a0Minute\" \/>\n<script type=\"application\/ld+json\" class=\"yoast-schema-graph\">{\"@context\":\"https:\\\/\\\/schema.org\",\"@graph\":[{\"@type\":[\"WebPage\",\"ItemPage\"],\"@id\":\"https:\\\/\\\/bacanaskincare.com\\\/de\\\/product\\\/natural-glow-routine-skincare\\\/\",\"url\":\"https:\\\/\\\/bacanaskincare.com\\\/de\\\/product\\\/natural-glow-routine-skincare\\\/\",\"name\":\"Glow Set - Bacana Skincare\",\"isPartOf\":{\"@id\":\"https:\\\/\\\/bacanaskincare.com\\\/de\\\/#website\"},\"primaryImageOfPage\":{\"@id\":\"https:\\\/\\\/bacanaskincare.com\\\/de\\\/product\\\/natural-glow-routine-skincare\\\/#primaryimage\"},\"image\":{\"@id\":\"https:\\\/\\\/bacanaskincare.com\\\/de\\\/product\\\/natural-glow-routine-skincare\\\/#primaryimage\"},\"thumbnailUrl\":\"https:\\\/\\\/bacanaskincare.com\\\/wp-content\\\/uploads\\\/2023\\\/05\\\/Daily-Glow-Set.jpg\",\"datePublished\":\"2023-05-17T18:13:52+00:00\",\"dateModified\":\"2025-12-01T23:11:49+00:00\",\"breadcrumb\":{\"@id\":\"https:\\\/\\\/bacanaskincare.com\\\/de\\\/product\\\/natural-glow-routine-skincare\\\/#breadcrumb\"},\"inLanguage\":\"de\",\"potentialAction\":[{\"@type\":\"ReadAction\",\"target\":[\"https:\\\/\\\/bacanaskincare.com\\\/de\\\/product\\\/natural-glow-routine-skincare\\\/\"]}]},{\"@type\":\"ImageObject\",\"inLanguage\":\"de\",\"@id\":\"https:\\\/\\\/bacanaskincare.com\\\/de\\\/product\\\/natural-glow-routine-skincare\\\/#primaryimage\",\"url\":\"https:\\\/\\\/bacanaskincare.com\\\/wp-content\\\/uploads\\\/2023\\\/05\\\/Daily-Glow-Set.jpg\",\"contentUrl\":\"https:\\\/\\\/bacanaskincare.com\\\/wp-content\\\/uploads\\\/2023\\\/05\\\/Daily-Glow-Set.jpg\",\"width\":1050,\"height\":1050},{\"@type\":\"BreadcrumbList\",\"@id\":\"https:\\\/\\\/bacanaskincare.com\\\/de\\\/product\\\/natural-glow-routine-skincare\\\/#breadcrumb\",\"itemListElement\":[{\"@type\":\"ListItem\",\"position\":1,\"name\":\"Shop\",\"item\":\"https:\\\/\\\/bacanaskincare.com\\\/de\\\/shop\\\/\"},{\"@type\":\"ListItem\",\"position\":2,\"name\":\"Hautpflege\",\"item\":\"https:\\\/\\\/bacanaskincare.com\\\/de\\\/produkt-kategorie\\\/hautpflege\\\/\"},{\"@type\":\"ListItem\",\"position\":3,\"name\":\"Glow Set\"}]},{\"@type\":\"WebSite\",\"@id\":\"https:\\\/\\\/bacanaskincare.com\\\/de\\\/#website\",\"url\":\"https:\\\/\\\/bacanaskincare.com\\\/de\\\/\",\"name\":\"Bacana Skincare\",\"description\":\"Nat\u00fcrliche Hautpflege mit tropischen Superfr\u00fcchten\",\"publisher\":{\"@id\":\"https:\\\/\\\/bacanaskincare.com\\\/de\\\/#organization\"},\"potentialAction\":[{\"@type\":\"SearchAction\",\"target\":{\"@type\":\"EntryPoint\",\"urlTemplate\":\"https:\\\/\\\/bacanaskincare.com\\\/de\\\/?s={search_term_string}\"},\"query-input\":{\"@type\":\"PropertyValueSpecification\",\"valueRequired\":true,\"valueName\":\"search_term_string\"}}],\"inLanguage\":\"de\"},{\"@type\":\"Organization\",\"@id\":\"https:\\\/\\\/bacanaskincare.com\\\/de\\\/#organization\",\"name\":\"Bacana Skincare\",\"url\":\"https:\\\/\\\/bacanaskincare.com\\\/de\\\/\",\"logo\":{\"@type\":\"ImageObject\",\"inLanguage\":\"de\",\"@id\":\"https:\\\/\\\/bacanaskincare.com\\\/de\\\/#\\\/schema\\\/logo\\\/image\\\/\",\"url\":\"https:\\\/\\\/bacanaskincare.com\\\/wp-content\\\/uploads\\\/2019\\\/09\\\/u.png\",\"contentUrl\":\"https:\\\/\\\/bacanaskincare.com\\\/wp-content\\\/uploads\\\/2019\\\/09\\\/u.png\",\"width\":834,\"height\":226,\"caption\":\"Bacana Skincare\"},\"image\":{\"@id\":\"https:\\\/\\\/bacanaskincare.com\\\/de\\\/#\\\/schema\\\/logo\\\/image\\\/\"},\"sameAs\":[\"https:\\\/\\\/www.facebook.com\\\/bacanaskincare-106988470647315\\\/\",\"https:\\\/\\\/www.instagram.com\\\/bacanaskincare\\\/?hl=en\",\"https:\\\/\\\/br.pinterest.com\\\/d0fd9db15f94c64465fab43d03b69a\\\/\"]}]}<\/script>\n<!-- \/ Yoast SEO plugin. -->","yoast_head_json":{"title":"Glow Set - Bacana Skincare","robots":{"index":"index","follow":"follow","max-snippet":"max-snippet:-1","max-image-preview":"max-image-preview:large","max-video-preview":"max-video-preview:-1"},"canonical":"https:\/\/bacanaskincare.com\/de\/product\/natural-glow-routine-skincare\/","og_locale":"de_DE","og_type":"article","og_title":"Glow Set - Bacana Skincare","og_description":"Wir haben f\u00fcr dich die wichtigsten Produkte f\u00fcr eine minimalistische Hautpflegeroutine ausgew\u00e4hlt. &nbsp; WAS IST DARIN?  1x Sanfte Gesichtsreinigung:\u2013 150 ml  1x Gesichtstoner-Spray\u2013 100 ml  1x Feuchtigkeitsspendende Gesichtscreme (Blooming Nature Face Cream): - 50ml  1x Bakuchiol Serum (Bio-Retinol) \u2013 30ml &nbsp; ANWENDUNG: 1. Sanfte Gesichtsreinigung: Sanft auf die feuchte Haut einmassieren und anschlie\u00dfend absp\u00fclen. Morgens und abends verwenden. 2. Gesichtstoner-Spray: Zuerst die Flasche kurz sch\u00fctteln und nach der Gesichtsreinigung auf Gesicht und Hals spr\u00fchen. Morgens und abends verwenden. 3. Feuchtigkeitsspendende Gesichtscreme: Tragen Sie eine kleine Menge der multifunktionalen Gesichtscreme auf und massieren Sie die Creme sanft in die Haut ein. Morgens und abends verwenden. 4. Bakuchiol-Serum: Tragen Sie 2 bis 4 Tropfen auf Ihr Gesicht zweimal t\u00e4glich auf. Dieses Set bietet die Option f\u00fcr Bakuchiol-Serum mit oder ohne Duft. Unser Bakuchiol Serum ohne Duft enth\u00e4lt keine zugesetzten \u00e4therischen \u00d6le; stattdessen hat das Serum einen nat\u00fcrlichen Duft, der aus seinen Inhaltsstoffen stammt.","og_url":"https:\/\/bacanaskincare.com\/de\/product\/natural-glow-routine-skincare\/","og_site_name":"Bacana Skincare","article_publisher":"https:\/\/www.facebook.com\/bacanaskincare-106988470647315\/","article_modified_time":"2025-12-01T23:11:49+00:00","og_image":[{"width":1050,"height":1050,"url":"https:\/\/bacanaskincare.com\/wp-content\/uploads\/2023\/05\/Daily-Glow-Set.jpg","type":"image\/jpeg"}],"twitter_card":"summary_large_image","twitter_misc":{"Gesch\u00e4tzte Lesezeit":"1\u00a0Minute"},"schema":{"@context":"https:\/\/schema.org","@graph":[{"@type":["WebPage","ItemPage"],"@id":"https:\/\/bacanaskincare.com\/de\/product\/natural-glow-routine-skincare\/","url":"https:\/\/bacanaskincare.com\/de\/product\/natural-glow-routine-skincare\/","name":"Glow Set - Bacana Skincare","isPartOf":{"@id":"https:\/\/bacanaskincare.com\/de\/#website"},"primaryImageOfPage":{"@id":"https:\/\/bacanaskincare.com\/de\/product\/natural-glow-routine-skincare\/#primaryimage"},"image":{"@id":"https:\/\/bacanaskincare.com\/de\/product\/natural-glow-routine-skincare\/#primaryimage"},"thumbnailUrl":"https:\/\/bacanaskincare.com\/wp-content\/uploads\/2023\/05\/Daily-Glow-Set.jpg","datePublished":"2023-05-17T18:13:52+00:00","dateModified":"2025-12-01T23:11:49+00:00","breadcrumb":{"@id":"https:\/\/bacanaskincare.com\/de\/product\/natural-glow-routine-skincare\/#breadcrumb"},"inLanguage":"de","potentialAction":[{"@type":"ReadAction","target":["https:\/\/bacanaskincare.com\/de\/product\/natural-glow-routine-skincare\/"]}]},{"@type":"ImageObject","inLanguage":"de","@id":"https:\/\/bacanaskincare.com\/de\/product\/natural-glow-routine-skincare\/#primaryimage","url":"https:\/\/bacanaskincare.com\/wp-content\/uploads\/2023\/05\/Daily-Glow-Set.jpg","contentUrl":"https:\/\/bacanaskincare.com\/wp-content\/uploads\/2023\/05\/Daily-Glow-Set.jpg","width":1050,"height":1050},{"@type":"BreadcrumbList","@id":"https:\/\/bacanaskincare.com\/de\/product\/natural-glow-routine-skincare\/#breadcrumb","itemListElement":[{"@type":"ListItem","position":1,"name":"Shop","item":"https:\/\/bacanaskincare.com\/de\/shop\/"},{"@type":"ListItem","position":2,"name":"Hautpflege","item":"https:\/\/bacanaskincare.com\/de\/produkt-kategorie\/hautpflege\/"},{"@type":"ListItem","position":3,"name":"Glow Set"}]},{"@type":"WebSite","@id":"https:\/\/bacanaskincare.com\/de\/#website","url":"https:\/\/bacanaskincare.com\/de\/","name":"Bacana Skincare","description":"Nat\u00fcrliche Hautpflege mit tropischen Superfr\u00fcchten","publisher":{"@id":"https:\/\/bacanaskincare.com\/de\/#organization"},"potentialAction":[{"@type":"SearchAction","target":{"@type":"EntryPoint","urlTemplate":"https:\/\/bacanaskincare.com\/de\/?s={search_term_string}"},"query-input":{"@type":"PropertyValueSpecification","valueRequired":true,"valueName":"search_term_string"}}],"inLanguage":"de"},{"@type":"Organization","@id":"https:\/\/bacanaskincare.com\/de\/#organization","name":"Bacana Skincare","url":"https:\/\/bacanaskincare.com\/de\/","logo":{"@type":"ImageObject","inLanguage":"de","@id":"https:\/\/bacanaskincare.com\/de\/#\/schema\/logo\/image\/","url":"https:\/\/bacanaskincare.com\/wp-content\/uploads\/2019\/09\/u.png","contentUrl":"https:\/\/bacanaskincare.com\/wp-content\/uploads\/2019\/09\/u.png","width":834,"height":226,"caption":"Bacana Skincare"},"image":{"@id":"https:\/\/bacanaskincare.com\/de\/#\/schema\/logo\/image\/"},"sameAs":["https:\/\/www.facebook.com\/bacanaskincare-106988470647315\/","https:\/\/www.instagram.com\/bacanaskincare\/?hl=en","https:\/\/br.pinterest.com\/d0fd9db15f94c64465fab43d03b69a\/"]}]}},"_links":{"self":[{"href":"https:\/\/bacanaskincare.com\/de\/wp-json\/wp\/v2\/product\/22606","targetHints":{"allow":["GET"]}}],"collection":[{"href":"https:\/\/bacanaskincare.com\/de\/wp-json\/wp\/v2\/product"}],"about":[{"href":"https:\/\/bacanaskincare.com\/de\/wp-json\/wp\/v2\/types\/product"}],"replies":[{"embeddable":true,"href":"https:\/\/bacanaskincare.com\/de\/wp-json\/wp\/v2\/comments?post=22606"}],"wp:featuredmedia":[{"embeddable":true,"href":"https:\/\/bacanaskincare.com\/de\/wp-json\/wp\/v2\/media\/26138"}],"wp:attachment":[{"href":"https:\/\/bacanaskincare.com\/de\/wp-json\/wp\/v2\/media?parent=22606"}],"wp:term":[{"taxonomy":"product_brand","embeddable":true,"href":"https:\/\/bacanaskincare.com\/de\/wp-json\/wp\/v2\/product_brand?post=22606"},{"taxonomy":"product_cat","embeddable":true,"href":"https:\/\/bacanaskincare.com\/de\/wp-json\/wp\/v2\/product_cat?post=22606"},{"taxonomy":"product_tag","embeddable":true,"href":"https:\/\/bacanaskincare.com\/de\/wp-json\/wp\/v2\/product_tag?post=22606"}],"curies":[{"name":"wp","href":"https:\/\/api.w.org\/{rel}","templated":true}]}}