{"id":21378,"date":"2023-04-25T08:00:58","date_gmt":"2023-04-25T06:00:58","guid":{"rendered":"https:\/\/bacanaskincare.com\/?post_type=product&#038;p=21378"},"modified":"2026-02-25T18:27:09","modified_gmt":"2026-02-25T17:27:09","slug":"straffende-augencreme","status":"publish","type":"product","link":"https:\/\/bacanaskincare.com\/de\/product\/straffende-augencreme\/","title":{"rendered":"Straffende Augencreme"},"content":{"rendered":"<h3 class=\"p1\"><strong>WICHTIGE INHALTSSTOFFE UND WARUM SIE WIRKEN<\/strong><\/h3>\n<p><strong>JAMB\u00da EXTRACT:<\/strong> Hochkonzentriert in Spilanthol hemmt dieser Extrakt die Muskelkontraktionen und mildert so Mimikfalten und F\u00e4ltchen nach der Anwendung deutlich.<\/p>\n<p><strong>KAFFEEBAHNEN UND KAFFEINEXTRAKT:<\/strong> F\u00fcr die Herstellung unseres eigenen Kaffeeextrakts verwenden wir die brasilianischen Kaffeebohnen von IsaBee Coffees, die auf einer Familienfarm im S\u00fcden von Minas Gerais nachhaltig angebaut werden. Das in den Kaffeebohnen enthaltene Koffein hat eine gef\u00e4\u00dfverengende Wirkung, das hei\u00dft, es verengt die Blutgef\u00e4\u00dfe. Es hilft, das Erscheinungsbild von Schwellungen und dunklen Augenringen zu reduzieren.<\/p>\n<p><strong>HYALURONS\u00c4URE:<\/strong> Bewahrt den Feuchtigkeitsgehalt der Haut und f\u00fcllt feine Linien und Falten auf.<\/p>\n<p><strong>BIO-PRACAXI-\u00d6L:<\/strong> Klinischen Studien zufolge reduziert dieser Supersamen aus dem Amazonasgebiet Melaninflecken und verleiht Ihnen einen gleichm\u00e4\u00dfigeren und strahlenderen Hautton. Au\u00dferdem steigert es die Produktion von Hyalurons\u00e4ure und Kollagen in der Haut. Das \u00d6l hilft, die Zeichen der Hautalterung zu bek\u00e4mpfen und die Haut zu n\u00e4hren und mit Feuchtigkeit zu versorgen. Unser Pracaxi-\u00d6l ist biologisch und stammt aus Brasilien. Unser Lieferant arbeitet mit den \u00f6rtlichen Gemeinden zusammen, um den Sammlern von Pracaxi-Samen ein zus\u00e4tzliches Einkommen zu verschaffen, die Erhaltung der Art zu f\u00f6rdern und die Artenvielfalt in einer \u00f6kologisch sehr wichtigen Region zu erhalten.<\/p>\n","protected":false},"excerpt":{"rendered":"<blockquote><p><strong>Superinnovative Augencreme, die speziell entwickelt wurde, um die Augenpartie zu straffen.<\/strong><\/p><\/blockquote>\n<p>[vc_row][vc_column][vc_toggle title=&#8220;WAS IST DAS?&#8220; style=&#8220;arrow&#8220; custom_font_container=&#8220;tag:h3|text_align:left&#8220; custom_use_theme_fonts=&#8220;yes&#8220;]Eine Creme, die speziell f\u00fcr die empfindliche Augenpartie entwickelt wurde und m\u00fcde Augen aufhellt, verj\u00fcngt und revitalisiert.[\/vc_toggle][vc_toggle title=&#8220;WAS MACHT SIE?&#8220; style=&#8220;arrow&#8220; custom_font_container=&#8220;tag:h3|text_align:left&#8220; custom_use_theme_fonts=&#8220;yes&#8220;]Unsere Augencreme mit Hyalurons\u00e4ure, Koffein, Jamb\u00fa-Extrakt und Pracaxi-\u00d6l verbessert m\u00fcde Augen, spendet Feuchtigkeit und strafft die Haut. Es hat eine schnell einziehende, cremige Textur. 100% nat\u00fcrlich, vegan, parf\u00fcmfrei und frei von giftigen Inhaltsstoffen.[\/vc_toggle][vc_toggle title=&#8220;F\u00dcR WEN?&#8220; style=&#8220;arrow&#8220; custom_font_container=&#8220;tag:h3|text_align:left&#8220; custom_use_theme_fonts=&#8220;yes&#8220;]F\u00fcr alle Hauttypen, auch f\u00fcr empfindliche Haut.[\/vc_toggle][vc_toggle title=&#8220;WIE BENUTZEN?&#8220; style=&#8220;arrow&#8220; custom_font_container=&#8220;tag:h3|text_align:left&#8220; custom_use_theme_fonts=&#8220;yes&#8220;]Morgens und abends nach der Gesichtsreinigung auftragen. Massieren Sie die Haut um Ihre Augen sanft, um die Durchblutung zu verbessern und Schwellungen zu reduzieren.[\/vc_toggle][\/vc_column][\/vc_row]<\/p>\n<p>Gr\u00f6\u00dfe: 15ml<\/p>\n","protected":false},"featured_media":26130,"comment_status":"open","ping_status":"closed","template":"","meta":{"ocean_post_layout":"","ocean_both_sidebars_style":"","ocean_both_sidebars_content_width":0,"ocean_both_sidebars_sidebars_width":0,"ocean_sidebar":"0","ocean_second_sidebar":"0","ocean_disable_margins":"enable","ocean_add_body_class":"","ocean_shortcode_before_top_bar":"","ocean_shortcode_after_top_bar":"","ocean_shortcode_before_header":"","ocean_shortcode_after_header":"","ocean_has_shortcode":"","ocean_shortcode_after_title":"","ocean_shortcode_before_footer_widgets":"","ocean_shortcode_after_footer_widgets":"","ocean_shortcode_before_footer_bottom":"","ocean_shortcode_after_footer_bottom":"","ocean_display_top_bar":"default","ocean_display_header":"default","ocean_header_style":"","ocean_center_header_left_menu":"0","ocean_custom_header_template":"0","ocean_custom_logo":0,"ocean_custom_retina_logo":0,"ocean_custom_logo_max_width":0,"ocean_custom_logo_tablet_max_width":0,"ocean_custom_logo_mobile_max_width":0,"ocean_custom_logo_max_height":0,"ocean_custom_logo_tablet_max_height":0,"ocean_custom_logo_mobile_max_height":0,"ocean_header_custom_menu":"0","ocean_menu_typo_font_family":"0","ocean_menu_typo_font_subset":"","ocean_menu_typo_font_size":0,"ocean_menu_typo_font_size_tablet":0,"ocean_menu_typo_font_size_mobile":0,"ocean_menu_typo_font_size_unit":"px","ocean_menu_typo_font_weight":"","ocean_menu_typo_font_weight_tablet":"","ocean_menu_typo_font_weight_mobile":"","ocean_menu_typo_transform":"","ocean_menu_typo_transform_tablet":"","ocean_menu_typo_transform_mobile":"","ocean_menu_typo_line_height":0,"ocean_menu_typo_line_height_tablet":0,"ocean_menu_typo_line_height_mobile":0,"ocean_menu_typo_line_height_unit":"","ocean_menu_typo_spacing":0,"ocean_menu_typo_spacing_tablet":0,"ocean_menu_typo_spacing_mobile":0,"ocean_menu_typo_spacing_unit":"","ocean_menu_link_color":"","ocean_menu_link_color_hover":"","ocean_menu_link_color_active":"","ocean_menu_link_background":"","ocean_menu_link_hover_background":"","ocean_menu_link_active_background":"","ocean_menu_social_links_bg":"","ocean_menu_social_hover_links_bg":"","ocean_menu_social_links_color":"","ocean_menu_social_hover_links_color":"","ocean_disable_title":"default","ocean_disable_heading":"default","ocean_post_title":"","ocean_post_subheading":"","ocean_post_title_style":"","ocean_post_title_background_color":"","ocean_post_title_background":0,"ocean_post_title_bg_image_position":"","ocean_post_title_bg_image_attachment":"","ocean_post_title_bg_image_repeat":"","ocean_post_title_bg_image_size":"","ocean_post_title_height":0,"ocean_post_title_bg_overlay":0.5,"ocean_post_title_bg_overlay_color":"","ocean_disable_breadcrumbs":"default","ocean_breadcrumbs_color":"","ocean_breadcrumbs_separator_color":"","ocean_breadcrumbs_links_color":"","ocean_breadcrumbs_links_hover_color":"","ocean_display_footer_widgets":"default","ocean_display_footer_bottom":"default","ocean_custom_footer_template":"0","iawp_total_views":51},"product_brand":[],"product_cat":[404],"product_tag":[],"class_list":{"0":"post-21378","1":"product","2":"type-product","3":"status-publish","4":"has-post-thumbnail","6":"product_cat-hautpflege","8":"entry","9":"has-media","11":"first","12":"instock","13":"shipping-taxable","14":"purchasable","15":"product-type-simple","16":"has-rating","17":"has-product-nav","18":"col","19":"span_1_of_3","20":"owp-content-center","21":"item-entry","22":"owp-thumbs-layout-horizontal","23":"owp-btn-normal","24":"owp-tabs-layout-horizontal","26":"circle-sale"},"yoast_head":"<!-- This site is optimized with the Yoast SEO plugin v27.3 - https:\/\/yoast.com\/product\/yoast-seo-wordpress\/ -->\n<title>Straffende Augencreme | Bacana Skincare | Cruelty free &amp; Vegan<\/title>\n<meta name=\"description\" content=\"Die Bacana Augencreme wurde speziell f\u00fcr die empfindliche Augenpartie entwickelt, um m\u00fcde Augen aufzuhellen, zu verj\u00fcngen und zu revitalisieren.\" \/>\n<meta name=\"robots\" content=\"index, follow, max-snippet:-1, max-image-preview:large, max-video-preview:-1\" \/>\n<link rel=\"canonical\" href=\"https:\/\/bacanaskincare.com\/de\/product\/straffende-augencreme\/\" \/>\n<meta property=\"og:locale\" content=\"de_DE\" \/>\n<meta property=\"og:type\" content=\"article\" \/>\n<meta property=\"og:title\" content=\"Straffende Augencreme | Bacana Skincare | Cruelty free &amp; Vegan\" \/>\n<meta property=\"og:description\" content=\"Die Bacana Augencreme wurde speziell f\u00fcr die empfindliche Augenpartie entwickelt, um m\u00fcde Augen aufzuhellen, zu verj\u00fcngen und zu revitalisieren.\" \/>\n<meta property=\"og:url\" content=\"https:\/\/bacanaskincare.com\/de\/product\/straffende-augencreme\/\" \/>\n<meta property=\"og:site_name\" content=\"Bacana Skincare\" \/>\n<meta property=\"article:publisher\" content=\"https:\/\/www.facebook.com\/bacanaskincare-106988470647315\/\" \/>\n<meta property=\"article:modified_time\" content=\"2026-02-25T17:27:09+00:00\" \/>\n<meta property=\"og:image\" content=\"https:\/\/bacanaskincare.com\/wp-content\/uploads\/2023\/04\/26.jpg\" \/>\n\t<meta property=\"og:image:width\" content=\"1050\" \/>\n\t<meta property=\"og:image:height\" content=\"1050\" \/>\n\t<meta property=\"og:image:type\" content=\"image\/jpeg\" \/>\n<meta name=\"twitter:card\" content=\"summary_large_image\" \/>\n<meta name=\"twitter:label1\" content=\"Gesch\u00e4tzte Lesezeit\" \/>\n\t<meta name=\"twitter:data1\" content=\"1\u00a0Minute\" \/>\n<script type=\"application\/ld+json\" class=\"yoast-schema-graph\">{\"@context\":\"https:\\\/\\\/schema.org\",\"@graph\":[{\"@type\":[\"WebPage\",\"ItemPage\"],\"@id\":\"https:\\\/\\\/bacanaskincare.com\\\/de\\\/product\\\/straffende-augencreme\\\/\",\"url\":\"https:\\\/\\\/bacanaskincare.com\\\/de\\\/product\\\/straffende-augencreme\\\/\",\"name\":\"Straffende Augencreme | Bacana Skincare | Cruelty free & Vegan\",\"isPartOf\":{\"@id\":\"https:\\\/\\\/bacanaskincare.com\\\/de\\\/#website\"},\"primaryImageOfPage\":{\"@id\":\"https:\\\/\\\/bacanaskincare.com\\\/de\\\/product\\\/straffende-augencreme\\\/#primaryimage\"},\"image\":{\"@id\":\"https:\\\/\\\/bacanaskincare.com\\\/de\\\/product\\\/straffende-augencreme\\\/#primaryimage\"},\"thumbnailUrl\":\"https:\\\/\\\/bacanaskincare.com\\\/wp-content\\\/uploads\\\/2023\\\/04\\\/26.jpg\",\"datePublished\":\"2023-04-25T06:00:58+00:00\",\"dateModified\":\"2026-02-25T17:27:09+00:00\",\"description\":\"Die Bacana Augencreme wurde speziell f\u00fcr die empfindliche Augenpartie entwickelt, um m\u00fcde Augen aufzuhellen, zu verj\u00fcngen und zu revitalisieren.\",\"breadcrumb\":{\"@id\":\"https:\\\/\\\/bacanaskincare.com\\\/de\\\/product\\\/straffende-augencreme\\\/#breadcrumb\"},\"inLanguage\":\"de\",\"potentialAction\":[{\"@type\":\"ReadAction\",\"target\":[\"https:\\\/\\\/bacanaskincare.com\\\/de\\\/product\\\/straffende-augencreme\\\/\"]}]},{\"@type\":\"ImageObject\",\"inLanguage\":\"de\",\"@id\":\"https:\\\/\\\/bacanaskincare.com\\\/de\\\/product\\\/straffende-augencreme\\\/#primaryimage\",\"url\":\"https:\\\/\\\/bacanaskincare.com\\\/wp-content\\\/uploads\\\/2023\\\/04\\\/26.jpg\",\"contentUrl\":\"https:\\\/\\\/bacanaskincare.com\\\/wp-content\\\/uploads\\\/2023\\\/04\\\/26.jpg\",\"width\":1050,\"height\":1050},{\"@type\":\"BreadcrumbList\",\"@id\":\"https:\\\/\\\/bacanaskincare.com\\\/de\\\/product\\\/straffende-augencreme\\\/#breadcrumb\",\"itemListElement\":[{\"@type\":\"ListItem\",\"position\":1,\"name\":\"Shop\",\"item\":\"https:\\\/\\\/bacanaskincare.com\\\/de\\\/shop\\\/\"},{\"@type\":\"ListItem\",\"position\":2,\"name\":\"Hautpflege\",\"item\":\"https:\\\/\\\/bacanaskincare.com\\\/de\\\/produkt-kategorie\\\/hautpflege\\\/\"},{\"@type\":\"ListItem\",\"position\":3,\"name\":\"Straffende Augencreme\"}]},{\"@type\":\"WebSite\",\"@id\":\"https:\\\/\\\/bacanaskincare.com\\\/de\\\/#website\",\"url\":\"https:\\\/\\\/bacanaskincare.com\\\/de\\\/\",\"name\":\"Bacana Skincare\",\"description\":\"Nat\u00fcrliche Hautpflege mit tropischen Superfr\u00fcchten\",\"publisher\":{\"@id\":\"https:\\\/\\\/bacanaskincare.com\\\/de\\\/#organization\"},\"potentialAction\":[{\"@type\":\"SearchAction\",\"target\":{\"@type\":\"EntryPoint\",\"urlTemplate\":\"https:\\\/\\\/bacanaskincare.com\\\/de\\\/?s={search_term_string}\"},\"query-input\":{\"@type\":\"PropertyValueSpecification\",\"valueRequired\":true,\"valueName\":\"search_term_string\"}}],\"inLanguage\":\"de\"},{\"@type\":\"Organization\",\"@id\":\"https:\\\/\\\/bacanaskincare.com\\\/de\\\/#organization\",\"name\":\"Bacana Skincare\",\"url\":\"https:\\\/\\\/bacanaskincare.com\\\/de\\\/\",\"logo\":{\"@type\":\"ImageObject\",\"inLanguage\":\"de\",\"@id\":\"https:\\\/\\\/bacanaskincare.com\\\/de\\\/#\\\/schema\\\/logo\\\/image\\\/\",\"url\":\"https:\\\/\\\/bacanaskincare.com\\\/wp-content\\\/uploads\\\/2019\\\/09\\\/u.png\",\"contentUrl\":\"https:\\\/\\\/bacanaskincare.com\\\/wp-content\\\/uploads\\\/2019\\\/09\\\/u.png\",\"width\":834,\"height\":226,\"caption\":\"Bacana Skincare\"},\"image\":{\"@id\":\"https:\\\/\\\/bacanaskincare.com\\\/de\\\/#\\\/schema\\\/logo\\\/image\\\/\"},\"sameAs\":[\"https:\\\/\\\/www.facebook.com\\\/bacanaskincare-106988470647315\\\/\",\"https:\\\/\\\/www.instagram.com\\\/bacanaskincare\\\/?hl=en\",\"https:\\\/\\\/br.pinterest.com\\\/d0fd9db15f94c64465fab43d03b69a\\\/\"]}]}<\/script>\n<!-- \/ Yoast SEO plugin. -->","yoast_head_json":{"title":"Straffende Augencreme | Bacana Skincare | Cruelty free & Vegan","description":"Die Bacana Augencreme wurde speziell f\u00fcr die empfindliche Augenpartie entwickelt, um m\u00fcde Augen aufzuhellen, zu verj\u00fcngen und zu revitalisieren.","robots":{"index":"index","follow":"follow","max-snippet":"max-snippet:-1","max-image-preview":"max-image-preview:large","max-video-preview":"max-video-preview:-1"},"canonical":"https:\/\/bacanaskincare.com\/de\/product\/straffende-augencreme\/","og_locale":"de_DE","og_type":"article","og_title":"Straffende Augencreme | Bacana Skincare | Cruelty free & Vegan","og_description":"Die Bacana Augencreme wurde speziell f\u00fcr die empfindliche Augenpartie entwickelt, um m\u00fcde Augen aufzuhellen, zu verj\u00fcngen und zu revitalisieren.","og_url":"https:\/\/bacanaskincare.com\/de\/product\/straffende-augencreme\/","og_site_name":"Bacana Skincare","article_publisher":"https:\/\/www.facebook.com\/bacanaskincare-106988470647315\/","article_modified_time":"2026-02-25T17:27:09+00:00","og_image":[{"width":1050,"height":1050,"url":"https:\/\/bacanaskincare.com\/wp-content\/uploads\/2023\/04\/26.jpg","type":"image\/jpeg"}],"twitter_card":"summary_large_image","twitter_misc":{"Gesch\u00e4tzte Lesezeit":"1\u00a0Minute"},"schema":{"@context":"https:\/\/schema.org","@graph":[{"@type":["WebPage","ItemPage"],"@id":"https:\/\/bacanaskincare.com\/de\/product\/straffende-augencreme\/","url":"https:\/\/bacanaskincare.com\/de\/product\/straffende-augencreme\/","name":"Straffende Augencreme | Bacana Skincare | Cruelty free & Vegan","isPartOf":{"@id":"https:\/\/bacanaskincare.com\/de\/#website"},"primaryImageOfPage":{"@id":"https:\/\/bacanaskincare.com\/de\/product\/straffende-augencreme\/#primaryimage"},"image":{"@id":"https:\/\/bacanaskincare.com\/de\/product\/straffende-augencreme\/#primaryimage"},"thumbnailUrl":"https:\/\/bacanaskincare.com\/wp-content\/uploads\/2023\/04\/26.jpg","datePublished":"2023-04-25T06:00:58+00:00","dateModified":"2026-02-25T17:27:09+00:00","description":"Die Bacana Augencreme wurde speziell f\u00fcr die empfindliche Augenpartie entwickelt, um m\u00fcde Augen aufzuhellen, zu verj\u00fcngen und zu revitalisieren.","breadcrumb":{"@id":"https:\/\/bacanaskincare.com\/de\/product\/straffende-augencreme\/#breadcrumb"},"inLanguage":"de","potentialAction":[{"@type":"ReadAction","target":["https:\/\/bacanaskincare.com\/de\/product\/straffende-augencreme\/"]}]},{"@type":"ImageObject","inLanguage":"de","@id":"https:\/\/bacanaskincare.com\/de\/product\/straffende-augencreme\/#primaryimage","url":"https:\/\/bacanaskincare.com\/wp-content\/uploads\/2023\/04\/26.jpg","contentUrl":"https:\/\/bacanaskincare.com\/wp-content\/uploads\/2023\/04\/26.jpg","width":1050,"height":1050},{"@type":"BreadcrumbList","@id":"https:\/\/bacanaskincare.com\/de\/product\/straffende-augencreme\/#breadcrumb","itemListElement":[{"@type":"ListItem","position":1,"name":"Shop","item":"https:\/\/bacanaskincare.com\/de\/shop\/"},{"@type":"ListItem","position":2,"name":"Hautpflege","item":"https:\/\/bacanaskincare.com\/de\/produkt-kategorie\/hautpflege\/"},{"@type":"ListItem","position":3,"name":"Straffende Augencreme"}]},{"@type":"WebSite","@id":"https:\/\/bacanaskincare.com\/de\/#website","url":"https:\/\/bacanaskincare.com\/de\/","name":"Bacana Skincare","description":"Nat\u00fcrliche Hautpflege mit tropischen Superfr\u00fcchten","publisher":{"@id":"https:\/\/bacanaskincare.com\/de\/#organization"},"potentialAction":[{"@type":"SearchAction","target":{"@type":"EntryPoint","urlTemplate":"https:\/\/bacanaskincare.com\/de\/?s={search_term_string}"},"query-input":{"@type":"PropertyValueSpecification","valueRequired":true,"valueName":"search_term_string"}}],"inLanguage":"de"},{"@type":"Organization","@id":"https:\/\/bacanaskincare.com\/de\/#organization","name":"Bacana Skincare","url":"https:\/\/bacanaskincare.com\/de\/","logo":{"@type":"ImageObject","inLanguage":"de","@id":"https:\/\/bacanaskincare.com\/de\/#\/schema\/logo\/image\/","url":"https:\/\/bacanaskincare.com\/wp-content\/uploads\/2019\/09\/u.png","contentUrl":"https:\/\/bacanaskincare.com\/wp-content\/uploads\/2019\/09\/u.png","width":834,"height":226,"caption":"Bacana Skincare"},"image":{"@id":"https:\/\/bacanaskincare.com\/de\/#\/schema\/logo\/image\/"},"sameAs":["https:\/\/www.facebook.com\/bacanaskincare-106988470647315\/","https:\/\/www.instagram.com\/bacanaskincare\/?hl=en","https:\/\/br.pinterest.com\/d0fd9db15f94c64465fab43d03b69a\/"]}]}},"_links":{"self":[{"href":"https:\/\/bacanaskincare.com\/de\/wp-json\/wp\/v2\/product\/21378","targetHints":{"allow":["GET"]}}],"collection":[{"href":"https:\/\/bacanaskincare.com\/de\/wp-json\/wp\/v2\/product"}],"about":[{"href":"https:\/\/bacanaskincare.com\/de\/wp-json\/wp\/v2\/types\/product"}],"replies":[{"embeddable":true,"href":"https:\/\/bacanaskincare.com\/de\/wp-json\/wp\/v2\/comments?post=21378"}],"wp:featuredmedia":[{"embeddable":true,"href":"https:\/\/bacanaskincare.com\/de\/wp-json\/wp\/v2\/media\/26130"}],"wp:attachment":[{"href":"https:\/\/bacanaskincare.com\/de\/wp-json\/wp\/v2\/media?parent=21378"}],"wp:term":[{"taxonomy":"product_brand","embeddable":true,"href":"https:\/\/bacanaskincare.com\/de\/wp-json\/wp\/v2\/product_brand?post=21378"},{"taxonomy":"product_cat","embeddable":true,"href":"https:\/\/bacanaskincare.com\/de\/wp-json\/wp\/v2\/product_cat?post=21378"},{"taxonomy":"product_tag","embeddable":true,"href":"https:\/\/bacanaskincare.com\/de\/wp-json\/wp\/v2\/product_tag?post=21378"}],"curies":[{"name":"wp","href":"https:\/\/api.w.org\/{rel}","templated":true}]}}