{"id":21067,"date":"2022-03-29T21:42:56","date_gmt":"2022-03-29T19:42:56","guid":{"rendered":"https:\/\/bacanaskincare.com\/shop\/unkategorisiert\/shampoo-bar-wheat-protein-d-pantenol-for-frizzy-curly-hair\/"},"modified":"2025-10-08T22:35:53","modified_gmt":"2025-10-08T20:35:53","slug":"shampoo-bar-wheat-protein-d-pantenol-for-frizzy-curly-hair","status":"publish","type":"product","link":"https:\/\/bacanaskincare.com\/de\/product\/shampoo-bar-wheat-protein-d-pantenol-for-frizzy-curly-hair\/","title":{"rendered":"Shampoo Bar \u2013 Weizenprotein &amp; D-Panthenol \u2013 f\u00fcr krauses &amp; lockiges Haar"},"content":{"rendered":"<p><strong>Wirkstoffe: <\/strong><\/p>\n<p><span style=\"text-decoration: underline;\">WEIZENPROTEIN:<\/span> St\u00e4rkt das Haar und hilft, seine Elastizit\u00e4t zu erhalten und Haarbruch zu verhindern. <a href=\"https:\/\/www.ncbi.nlm.nih.gov\/pmc\/articles\/PMC5830729\/\" target=\"_blank\" rel=\"noopener\" data-component=\"link\" data-source=\"inlineLink\" data-type=\"externalLink\" data-ordinal=\"1\">Eine Studie<\/a> aus dem Jahr 2018 hat gezeigt, dass Shampoo mit Weizenprotein hervorragende Eigenschaften bei der Wiederherstellung von gesch\u00e4digtem Haar hat.<\/p>\n<p><span style=\"text-decoration: underline;\">D-PANTENOL:<\/span> ein Provitamin B5, das Feuchtigkeit spendet und dem Haar Glanz und Geschmeidigkeit verleiht.<\/p>\n<p><span style=\"text-decoration: underline;\">BRASILIANISCHE VIOLETTE TONERDE:<\/span> eine mineralienreiche brasilianische violette Tonerde, die \u00fcbersch\u00fcssiges \u00d6l absorbiert und f\u00fcr volumin\u00f6se Locken sorgt.<\/p>\n<p><strong>Vorteile von festem Shampoo &amp; Conditioner<\/strong><\/p>\n<ul>\n<li>Nachhaltige Produkte: sparen Wasser und kommen ohne Plastikverpackung aus.<\/li>\n<li>Enthalten keine scharfen Tenside wie Sulfate oder Chemikalien wie Parabene.<\/li>\n<li>Langlebig: Durchschnittlich 50 Haarw\u00e4schen \u2013 nach Gebrauch an einem trockenen Ort aufbewahren.<\/li>\n<li>\u2022 Kompakt: ideal f\u00fcr Reisen, da sie im Handgep\u00e4ck transportiert werden kann.<\/li>\n<\/ul>\n<p>&nbsp;<\/p>\n<p><strong>Anwendung des Shampoos:<\/strong><\/p>\n<ul>\n<li>Befeuchte das feste Shampoo und lass es direkt \u00fcber dein nasses Haar gleiten, um es aufzusch\u00e4umen. Dann massiere das Shampoo in die Kopfhaut ein.<\/li>\n<li>Bewahre das feste Shampoo zwischen den Anwendungen an einem trockenen Ort auf, um seine Lebensdauer zu maximieren.<\/li>\n<\/ul>\n<p>&nbsp;<\/p>\n","protected":false},"excerpt":{"rendered":"<p><strong>100 % nat\u00fcrliches, sanftes Shampoo \u2013 <span style=\"text-decoration: underline;\">DURCHSCHNITTLICH 50 HAARW\u00c4SCHEN<\/span> \u2013 Vegan, sulfat- und silikonfrei und ohne Parabene.<\/strong><\/p>\n<p><strong><span style=\"text-decoration: underline;\"><img loading=\"lazy\" decoding=\"async\" class=\"aligncenter wp-image-20212 size-full\" src=\"http:\/\/bacanaskincare.com\/wp-content\/uploads\/2019\/10\/logo-grouped-payment-secured-quality-e1641931727841.png\" alt=\"\" width=\"450\" height=\"146\"><\/span><\/strong><\/p>\n<ul>\n<li>Reduziert Frizz und pflegt dein Haar<\/li>\n<li>Das Shampoo hilft, die Widerstandskraft der Haarfasern zu verbessern und gesch\u00e4digtes Haar wiederherzustellen<\/li>\n<li>Schon nach der ersten Anwendung sind dein Locken weich, gl\u00e4nzend und voller Leben<\/li>\n<li>Sulfat- und silikonfrei \u2013 keine R\u00fcckst\u00e4nde, die dein Haar beschweren<\/li>\n<\/ul>\n<p>&nbsp;<\/p>\n<p>Zarter Duft nach Lavendel \u2013 geeignet f\u00fcr krauses und lockiges Haar<\/p>\n<p>0 % Mikroplastik.<\/p>\n<p>Inhalt: 75 g<\/p>\n","protected":false},"featured_media":23856,"comment_status":"open","ping_status":"closed","template":"","meta":{"ocean_post_layout":"","ocean_both_sidebars_style":"","ocean_both_sidebars_content_width":0,"ocean_both_sidebars_sidebars_width":0,"ocean_sidebar":"0","ocean_second_sidebar":"0","ocean_disable_margins":"enable","ocean_add_body_class":"","ocean_shortcode_before_top_bar":"","ocean_shortcode_after_top_bar":"","ocean_shortcode_before_header":"","ocean_shortcode_after_header":"","ocean_has_shortcode":"","ocean_shortcode_after_title":"","ocean_shortcode_before_footer_widgets":"","ocean_shortcode_after_footer_widgets":"","ocean_shortcode_before_footer_bottom":"","ocean_shortcode_after_footer_bottom":"","ocean_display_top_bar":"default","ocean_display_header":"default","ocean_header_style":"","ocean_center_header_left_menu":"0","ocean_custom_header_template":"0","ocean_custom_logo":0,"ocean_custom_retina_logo":0,"ocean_custom_logo_max_width":0,"ocean_custom_logo_tablet_max_width":0,"ocean_custom_logo_mobile_max_width":0,"ocean_custom_logo_max_height":0,"ocean_custom_logo_tablet_max_height":0,"ocean_custom_logo_mobile_max_height":0,"ocean_header_custom_menu":"0","ocean_menu_typo_font_family":"0","ocean_menu_typo_font_subset":"","ocean_menu_typo_font_size":0,"ocean_menu_typo_font_size_tablet":0,"ocean_menu_typo_font_size_mobile":0,"ocean_menu_typo_font_size_unit":"px","ocean_menu_typo_font_weight":"","ocean_menu_typo_font_weight_tablet":"","ocean_menu_typo_font_weight_mobile":"","ocean_menu_typo_transform":"","ocean_menu_typo_transform_tablet":"","ocean_menu_typo_transform_mobile":"","ocean_menu_typo_line_height":0,"ocean_menu_typo_line_height_tablet":0,"ocean_menu_typo_line_height_mobile":0,"ocean_menu_typo_line_height_unit":"","ocean_menu_typo_spacing":0,"ocean_menu_typo_spacing_tablet":0,"ocean_menu_typo_spacing_mobile":0,"ocean_menu_typo_spacing_unit":"","ocean_menu_link_color":"","ocean_menu_link_color_hover":"","ocean_menu_link_color_active":"","ocean_menu_link_background":"","ocean_menu_link_hover_background":"","ocean_menu_link_active_background":"","ocean_menu_social_links_bg":"","ocean_menu_social_hover_links_bg":"","ocean_menu_social_links_color":"","ocean_menu_social_hover_links_color":"","ocean_disable_title":"default","ocean_disable_heading":"default","ocean_post_title":"","ocean_post_subheading":"","ocean_post_title_style":"","ocean_post_title_background_color":"","ocean_post_title_background":0,"ocean_post_title_bg_image_position":"","ocean_post_title_bg_image_attachment":"","ocean_post_title_bg_image_repeat":"","ocean_post_title_bg_image_size":"","ocean_post_title_height":0,"ocean_post_title_bg_overlay":0.5,"ocean_post_title_bg_overlay_color":"","ocean_disable_breadcrumbs":"default","ocean_breadcrumbs_color":"","ocean_breadcrumbs_separator_color":"","ocean_breadcrumbs_links_color":"","ocean_breadcrumbs_links_hover_color":"","ocean_display_footer_widgets":"default","ocean_display_footer_bottom":"default","ocean_custom_footer_template":"0","iawp_total_views":4},"product_brand":[],"product_cat":[268],"product_tag":[],"class_list":{"0":"post-21067","1":"product","2":"type-product","3":"status-publish","4":"has-post-thumbnail","6":"product_cat-haarpflege","8":"entry","9":"has-media","11":"first","12":"onbackorder","13":"sale","14":"shipping-taxable","15":"purchasable","16":"product-type-simple","17":"has-rating","18":"has-product-nav","19":"col","20":"span_1_of_3","21":"owp-content-center","22":"item-entry","23":"owp-thumbs-layout-horizontal","24":"owp-btn-normal","25":"owp-tabs-layout-horizontal","27":"circle-sale"},"yoast_head":"<!-- This site is optimized with the Yoast SEO plugin v27.3 - https:\/\/yoast.com\/product\/yoast-seo-wordpress\/ -->\n<title>Shampoo Bar \u2013 Weizenprotein &amp; D-Panthenol \u2013 f\u00fcr krauses &amp; lockiges Haar - Bacana Skincare<\/title>\n<meta name=\"robots\" content=\"index, follow, max-snippet:-1, max-image-preview:large, max-video-preview:-1\" \/>\n<link rel=\"canonical\" href=\"https:\/\/bacanaskincare.com\/de\/product\/shampoo-bar-wheat-protein-d-pantenol-for-frizzy-curly-hair\/\" \/>\n<meta property=\"og:locale\" content=\"de_DE\" \/>\n<meta property=\"og:type\" content=\"article\" \/>\n<meta property=\"og:title\" content=\"Shampoo Bar \u2013 Weizenprotein &amp; D-Panthenol \u2013 f\u00fcr krauses &amp; lockiges Haar - Bacana Skincare\" \/>\n<meta property=\"og:description\" content=\"100 % nat\u00fcrliches, sanftes Shampoo \u2013 DURCHSCHNITTLICH 50 HAARW\u00c4SCHEN \u2013 Vegan, sulfat- und silikonfrei und ohne Parabene.   Reduziert Frizz und pflegt dein Haar  Das Shampoo hilft, die Widerstandskraft der Haarfasern zu verbessern und gesch\u00e4digtes Haar wiederherzustellen  Schon nach der ersten Anwendung sind dein Locken weich, gl\u00e4nzend und voller Leben  Sulfat- und silikonfrei \u2013 keine R\u00fcckst\u00e4nde, die dein Haar beschweren &nbsp; Zarter Duft nach Lavendel \u2013 geeignet f\u00fcr krauses und lockiges Haar 0 % Mikroplastik. Inhalt: 75 g\" \/>\n<meta property=\"og:url\" content=\"https:\/\/bacanaskincare.com\/de\/product\/shampoo-bar-wheat-protein-d-pantenol-for-frizzy-curly-hair\/\" \/>\n<meta property=\"og:site_name\" content=\"Bacana Skincare\" \/>\n<meta property=\"article:publisher\" content=\"https:\/\/www.facebook.com\/bacanaskincare-106988470647315\/\" \/>\n<meta property=\"article:modified_time\" content=\"2025-10-08T20:35:53+00:00\" \/>\n<meta property=\"og:image\" content=\"https:\/\/bacanaskincare.com\/wp-content\/uploads\/2022\/03\/Shampoo-frizzy.webp\" \/>\n\t<meta property=\"og:image:width\" content=\"1024\" \/>\n\t<meta property=\"og:image:height\" content=\"1024\" \/>\n\t<meta property=\"og:image:type\" content=\"image\/webp\" \/>\n<meta name=\"twitter:card\" content=\"summary_large_image\" \/>\n<meta name=\"twitter:label1\" content=\"Gesch\u00e4tzte Lesezeit\" \/>\n\t<meta name=\"twitter:data1\" content=\"1\u00a0Minute\" \/>\n<script type=\"application\/ld+json\" class=\"yoast-schema-graph\">{\"@context\":\"https:\\\/\\\/schema.org\",\"@graph\":[{\"@type\":[\"WebPage\",\"ItemPage\"],\"@id\":\"https:\\\/\\\/bacanaskincare.com\\\/de\\\/product\\\/shampoo-bar-wheat-protein-d-pantenol-for-frizzy-curly-hair\\\/\",\"url\":\"https:\\\/\\\/bacanaskincare.com\\\/de\\\/product\\\/shampoo-bar-wheat-protein-d-pantenol-for-frizzy-curly-hair\\\/\",\"name\":\"Shampoo Bar \u2013 Weizenprotein &amp; D-Panthenol \u2013 f\u00fcr krauses &amp; lockiges Haar - Bacana Skincare\",\"isPartOf\":{\"@id\":\"https:\\\/\\\/bacanaskincare.com\\\/de\\\/#website\"},\"primaryImageOfPage\":{\"@id\":\"https:\\\/\\\/bacanaskincare.com\\\/de\\\/product\\\/shampoo-bar-wheat-protein-d-pantenol-for-frizzy-curly-hair\\\/#primaryimage\"},\"image\":{\"@id\":\"https:\\\/\\\/bacanaskincare.com\\\/de\\\/product\\\/shampoo-bar-wheat-protein-d-pantenol-for-frizzy-curly-hair\\\/#primaryimage\"},\"thumbnailUrl\":\"https:\\\/\\\/bacanaskincare.com\\\/wp-content\\\/uploads\\\/2022\\\/03\\\/Shampoo-frizzy.webp\",\"datePublished\":\"2022-03-29T19:42:56+00:00\",\"dateModified\":\"2025-10-08T20:35:53+00:00\",\"breadcrumb\":{\"@id\":\"https:\\\/\\\/bacanaskincare.com\\\/de\\\/product\\\/shampoo-bar-wheat-protein-d-pantenol-for-frizzy-curly-hair\\\/#breadcrumb\"},\"inLanguage\":\"de\",\"potentialAction\":[{\"@type\":\"ReadAction\",\"target\":[\"https:\\\/\\\/bacanaskincare.com\\\/de\\\/product\\\/shampoo-bar-wheat-protein-d-pantenol-for-frizzy-curly-hair\\\/\"]}]},{\"@type\":\"ImageObject\",\"inLanguage\":\"de\",\"@id\":\"https:\\\/\\\/bacanaskincare.com\\\/de\\\/product\\\/shampoo-bar-wheat-protein-d-pantenol-for-frizzy-curly-hair\\\/#primaryimage\",\"url\":\"https:\\\/\\\/bacanaskincare.com\\\/wp-content\\\/uploads\\\/2022\\\/03\\\/Shampoo-frizzy.webp\",\"contentUrl\":\"https:\\\/\\\/bacanaskincare.com\\\/wp-content\\\/uploads\\\/2022\\\/03\\\/Shampoo-frizzy.webp\",\"width\":1024,\"height\":1024},{\"@type\":\"BreadcrumbList\",\"@id\":\"https:\\\/\\\/bacanaskincare.com\\\/de\\\/product\\\/shampoo-bar-wheat-protein-d-pantenol-for-frizzy-curly-hair\\\/#breadcrumb\",\"itemListElement\":[{\"@type\":\"ListItem\",\"position\":1,\"name\":\"Shop\",\"item\":\"https:\\\/\\\/bacanaskincare.com\\\/de\\\/shop\\\/\"},{\"@type\":\"ListItem\",\"position\":2,\"name\":\"Haarpflege\",\"item\":\"https:\\\/\\\/bacanaskincare.com\\\/de\\\/produkt-kategorie\\\/haarpflege\\\/\"},{\"@type\":\"ListItem\",\"position\":3,\"name\":\"Shampoo Bar \u2013 Weizenprotein &amp; D-Panthenol \u2013 f\u00fcr krauses &amp; lockiges Haar\"}]},{\"@type\":\"WebSite\",\"@id\":\"https:\\\/\\\/bacanaskincare.com\\\/de\\\/#website\",\"url\":\"https:\\\/\\\/bacanaskincare.com\\\/de\\\/\",\"name\":\"Bacana Skincare\",\"description\":\"Nat\u00fcrliche Hautpflege mit tropischen Superfr\u00fcchten\",\"publisher\":{\"@id\":\"https:\\\/\\\/bacanaskincare.com\\\/de\\\/#organization\"},\"potentialAction\":[{\"@type\":\"SearchAction\",\"target\":{\"@type\":\"EntryPoint\",\"urlTemplate\":\"https:\\\/\\\/bacanaskincare.com\\\/de\\\/?s={search_term_string}\"},\"query-input\":{\"@type\":\"PropertyValueSpecification\",\"valueRequired\":true,\"valueName\":\"search_term_string\"}}],\"inLanguage\":\"de\"},{\"@type\":\"Organization\",\"@id\":\"https:\\\/\\\/bacanaskincare.com\\\/de\\\/#organization\",\"name\":\"Bacana Skincare\",\"url\":\"https:\\\/\\\/bacanaskincare.com\\\/de\\\/\",\"logo\":{\"@type\":\"ImageObject\",\"inLanguage\":\"de\",\"@id\":\"https:\\\/\\\/bacanaskincare.com\\\/de\\\/#\\\/schema\\\/logo\\\/image\\\/\",\"url\":\"https:\\\/\\\/bacanaskincare.com\\\/wp-content\\\/uploads\\\/2019\\\/09\\\/u.png\",\"contentUrl\":\"https:\\\/\\\/bacanaskincare.com\\\/wp-content\\\/uploads\\\/2019\\\/09\\\/u.png\",\"width\":834,\"height\":226,\"caption\":\"Bacana Skincare\"},\"image\":{\"@id\":\"https:\\\/\\\/bacanaskincare.com\\\/de\\\/#\\\/schema\\\/logo\\\/image\\\/\"},\"sameAs\":[\"https:\\\/\\\/www.facebook.com\\\/bacanaskincare-106988470647315\\\/\",\"https:\\\/\\\/www.instagram.com\\\/bacanaskincare\\\/?hl=en\",\"https:\\\/\\\/br.pinterest.com\\\/d0fd9db15f94c64465fab43d03b69a\\\/\"]}]}<\/script>\n<!-- \/ Yoast SEO plugin. -->","yoast_head_json":{"title":"Shampoo Bar \u2013 Weizenprotein &amp; D-Panthenol \u2013 f\u00fcr krauses &amp; lockiges Haar - Bacana Skincare","robots":{"index":"index","follow":"follow","max-snippet":"max-snippet:-1","max-image-preview":"max-image-preview:large","max-video-preview":"max-video-preview:-1"},"canonical":"https:\/\/bacanaskincare.com\/de\/product\/shampoo-bar-wheat-protein-d-pantenol-for-frizzy-curly-hair\/","og_locale":"de_DE","og_type":"article","og_title":"Shampoo Bar \u2013 Weizenprotein &amp; D-Panthenol \u2013 f\u00fcr krauses &amp; lockiges Haar - Bacana Skincare","og_description":"100 % nat\u00fcrliches, sanftes Shampoo \u2013 DURCHSCHNITTLICH 50 HAARW\u00c4SCHEN \u2013 Vegan, sulfat- und silikonfrei und ohne Parabene.   Reduziert Frizz und pflegt dein Haar  Das Shampoo hilft, die Widerstandskraft der Haarfasern zu verbessern und gesch\u00e4digtes Haar wiederherzustellen  Schon nach der ersten Anwendung sind dein Locken weich, gl\u00e4nzend und voller Leben  Sulfat- und silikonfrei \u2013 keine R\u00fcckst\u00e4nde, die dein Haar beschweren &nbsp; Zarter Duft nach Lavendel \u2013 geeignet f\u00fcr krauses und lockiges Haar 0 % Mikroplastik. Inhalt: 75 g","og_url":"https:\/\/bacanaskincare.com\/de\/product\/shampoo-bar-wheat-protein-d-pantenol-for-frizzy-curly-hair\/","og_site_name":"Bacana Skincare","article_publisher":"https:\/\/www.facebook.com\/bacanaskincare-106988470647315\/","article_modified_time":"2025-10-08T20:35:53+00:00","og_image":[{"width":1024,"height":1024,"url":"https:\/\/bacanaskincare.com\/wp-content\/uploads\/2022\/03\/Shampoo-frizzy.webp","type":"image\/webp"}],"twitter_card":"summary_large_image","twitter_misc":{"Gesch\u00e4tzte Lesezeit":"1\u00a0Minute"},"schema":{"@context":"https:\/\/schema.org","@graph":[{"@type":["WebPage","ItemPage"],"@id":"https:\/\/bacanaskincare.com\/de\/product\/shampoo-bar-wheat-protein-d-pantenol-for-frizzy-curly-hair\/","url":"https:\/\/bacanaskincare.com\/de\/product\/shampoo-bar-wheat-protein-d-pantenol-for-frizzy-curly-hair\/","name":"Shampoo Bar \u2013 Weizenprotein &amp; D-Panthenol \u2013 f\u00fcr krauses &amp; lockiges Haar - Bacana Skincare","isPartOf":{"@id":"https:\/\/bacanaskincare.com\/de\/#website"},"primaryImageOfPage":{"@id":"https:\/\/bacanaskincare.com\/de\/product\/shampoo-bar-wheat-protein-d-pantenol-for-frizzy-curly-hair\/#primaryimage"},"image":{"@id":"https:\/\/bacanaskincare.com\/de\/product\/shampoo-bar-wheat-protein-d-pantenol-for-frizzy-curly-hair\/#primaryimage"},"thumbnailUrl":"https:\/\/bacanaskincare.com\/wp-content\/uploads\/2022\/03\/Shampoo-frizzy.webp","datePublished":"2022-03-29T19:42:56+00:00","dateModified":"2025-10-08T20:35:53+00:00","breadcrumb":{"@id":"https:\/\/bacanaskincare.com\/de\/product\/shampoo-bar-wheat-protein-d-pantenol-for-frizzy-curly-hair\/#breadcrumb"},"inLanguage":"de","potentialAction":[{"@type":"ReadAction","target":["https:\/\/bacanaskincare.com\/de\/product\/shampoo-bar-wheat-protein-d-pantenol-for-frizzy-curly-hair\/"]}]},{"@type":"ImageObject","inLanguage":"de","@id":"https:\/\/bacanaskincare.com\/de\/product\/shampoo-bar-wheat-protein-d-pantenol-for-frizzy-curly-hair\/#primaryimage","url":"https:\/\/bacanaskincare.com\/wp-content\/uploads\/2022\/03\/Shampoo-frizzy.webp","contentUrl":"https:\/\/bacanaskincare.com\/wp-content\/uploads\/2022\/03\/Shampoo-frizzy.webp","width":1024,"height":1024},{"@type":"BreadcrumbList","@id":"https:\/\/bacanaskincare.com\/de\/product\/shampoo-bar-wheat-protein-d-pantenol-for-frizzy-curly-hair\/#breadcrumb","itemListElement":[{"@type":"ListItem","position":1,"name":"Shop","item":"https:\/\/bacanaskincare.com\/de\/shop\/"},{"@type":"ListItem","position":2,"name":"Haarpflege","item":"https:\/\/bacanaskincare.com\/de\/produkt-kategorie\/haarpflege\/"},{"@type":"ListItem","position":3,"name":"Shampoo Bar \u2013 Weizenprotein &amp; D-Panthenol \u2013 f\u00fcr krauses &amp; lockiges Haar"}]},{"@type":"WebSite","@id":"https:\/\/bacanaskincare.com\/de\/#website","url":"https:\/\/bacanaskincare.com\/de\/","name":"Bacana Skincare","description":"Nat\u00fcrliche Hautpflege mit tropischen Superfr\u00fcchten","publisher":{"@id":"https:\/\/bacanaskincare.com\/de\/#organization"},"potentialAction":[{"@type":"SearchAction","target":{"@type":"EntryPoint","urlTemplate":"https:\/\/bacanaskincare.com\/de\/?s={search_term_string}"},"query-input":{"@type":"PropertyValueSpecification","valueRequired":true,"valueName":"search_term_string"}}],"inLanguage":"de"},{"@type":"Organization","@id":"https:\/\/bacanaskincare.com\/de\/#organization","name":"Bacana Skincare","url":"https:\/\/bacanaskincare.com\/de\/","logo":{"@type":"ImageObject","inLanguage":"de","@id":"https:\/\/bacanaskincare.com\/de\/#\/schema\/logo\/image\/","url":"https:\/\/bacanaskincare.com\/wp-content\/uploads\/2019\/09\/u.png","contentUrl":"https:\/\/bacanaskincare.com\/wp-content\/uploads\/2019\/09\/u.png","width":834,"height":226,"caption":"Bacana Skincare"},"image":{"@id":"https:\/\/bacanaskincare.com\/de\/#\/schema\/logo\/image\/"},"sameAs":["https:\/\/www.facebook.com\/bacanaskincare-106988470647315\/","https:\/\/www.instagram.com\/bacanaskincare\/?hl=en","https:\/\/br.pinterest.com\/d0fd9db15f94c64465fab43d03b69a\/"]}]}},"_links":{"self":[{"href":"https:\/\/bacanaskincare.com\/de\/wp-json\/wp\/v2\/product\/21067","targetHints":{"allow":["GET"]}}],"collection":[{"href":"https:\/\/bacanaskincare.com\/de\/wp-json\/wp\/v2\/product"}],"about":[{"href":"https:\/\/bacanaskincare.com\/de\/wp-json\/wp\/v2\/types\/product"}],"replies":[{"embeddable":true,"href":"https:\/\/bacanaskincare.com\/de\/wp-json\/wp\/v2\/comments?post=21067"}],"wp:featuredmedia":[{"embeddable":true,"href":"https:\/\/bacanaskincare.com\/de\/wp-json\/wp\/v2\/media\/23856"}],"wp:attachment":[{"href":"https:\/\/bacanaskincare.com\/de\/wp-json\/wp\/v2\/media?parent=21067"}],"wp:term":[{"taxonomy":"product_brand","embeddable":true,"href":"https:\/\/bacanaskincare.com\/de\/wp-json\/wp\/v2\/product_brand?post=21067"},{"taxonomy":"product_cat","embeddable":true,"href":"https:\/\/bacanaskincare.com\/de\/wp-json\/wp\/v2\/product_cat?post=21067"},{"taxonomy":"product_tag","embeddable":true,"href":"https:\/\/bacanaskincare.com\/de\/wp-json\/wp\/v2\/product_tag?post=21067"}],"curies":[{"name":"wp","href":"https:\/\/api.w.org\/{rel}","templated":true}]}}