{"id":20183,"date":"2021-05-28T13:23:39","date_gmt":"2021-05-28T11:23:39","guid":{"rendered":"https:\/\/bacanaskincare.com\/shop\/unkategorisiert\/natural-routine-set\/"},"modified":"2025-12-02T00:11:48","modified_gmt":"2025-12-01T23:11:48","slug":"natural-routine-set","status":"publish","type":"product","link":"https:\/\/bacanaskincare.com\/de\/product\/natural-routine-set\/","title":{"rendered":"Natural Routine Set"},"content":{"rendered":"<p>Es enth\u00e4lt:<\/p>\n<p>1x <a href=\"https:\/\/bacanaskincare.com\/product\/bakuchiol-oil-serum\/\">Bio-Retinol Oil Serum<\/a>: Enth\u00e4lt Bakuchiol (pflanzliche Alternative zu Retinol), ein Inhaltsstoff, der wissenschaftlich nachgewiesen Falten, Hyperpigmentierung und Akne reduziert. Diese exklusive Formel hilft nicht nur bei der Zellregeneration, sondern stimuliert auch die Kollagenproduktion und reduziert Hautunreinheiten.<\/p>\n<p>1x <a href=\"https:\/\/bacanaskincare.com\/product\/cleansing-cream-face-wash\/\">Gesichtsreinigungscreme:<\/a> Entfernt Oberfl\u00e4chenverunreinigungen und leichtes Make-up und macht die Haut weich und glatt.<\/p>\n<p>1x <a href=\"https:\/\/bacanaskincare.com\/product\/serenity-vitamin-mist-toner\/\">Serenity Vitamin Mist Toner:<\/a> Ein Mist-Toner mit ausgewogenem pH-Wert f\u00fcr strahlende und gesunde Haut. Belebt und beruhigt die Haut, strafft die Poren und spendet der Haut Feuchtigkeit.<\/p>\n<p>Wenn Sie mehr \u00fcber diese Produkte erfahren m\u00f6chten, klicken Sie bitte oben auf das jeweilige Produkt.<\/p>\n<p>&nbsp;<\/p>\n","protected":false},"excerpt":{"rendered":"<blockquote><p><strong>Halte deine Haut jung und strahlend mit einer einfachen Hautpflege-Routine.<\/strong><\/p><\/blockquote>\n<p>&nbsp;<\/p>\n<p><strong>WAS IST INNEN?<\/strong><\/p>\n<ul>\n<li>1x Reinigungscreme Gesichtswasser \u2013 100 ml<\/li>\n<li>1x Serenity Vitamin Nebel Toner &#8211; 100 ml<\/li>\n<li>1x Bio-Retinol \u00d6l-Serum \u2013 30ml<\/li>\n<\/ul>\n<h3><strong>WIE BENUTZEN?<\/strong><\/h3>\n<ul>\n<li>Schritt 1 &#8211; Cleansing Cream Face Wash: Sanft in die feuchte Haut einmassieren und absp\u00fclen.<\/li>\n<li>Schritt 2 &#8211; Serenity Vitamin Mist Toner: Sch\u00fctteln Sie die Flasche kurz und spr\u00fchen Sie sie nach der Gesichtsreinigung auf Gesicht und Hals. F\u00fcr zus\u00e4tzliche Feuchtigkeitszufuhr einwirken lassen, ansonsten mit einem Wattepad abwischen.<\/li>\n<li>Schritt 3- Bio-Retinol Oil Serum: Zweimal t\u00e4glich 2-4 Tropfen auf das Gesicht auftragen. Sie k\u00f6nnen das Bio-Retinol allein oder nach Ihrer Feuchtigkeitscreme auftragen.<\/li>\n<\/ul>\n<p>Dieses Set bietet die M\u00f6glichkeit, Bio-Retinol mit oder ohne Duftstoffe zu verwenden. Unser parf\u00fcmfreies Bio-Retinol enth\u00e4lt keine zugesetzten \u00e4therischen \u00d6le; stattdessen hat das Serum einen nat\u00fcrlichen Duft, der aus seinen Inhaltsstoffen stammt.<\/p>\n","protected":false},"featured_media":26089,"comment_status":"open","ping_status":"closed","template":"","meta":{"ocean_post_layout":"","ocean_both_sidebars_style":"","ocean_both_sidebars_content_width":0,"ocean_both_sidebars_sidebars_width":0,"ocean_sidebar":"0","ocean_second_sidebar":"0","ocean_disable_margins":"enable","ocean_add_body_class":"","ocean_shortcode_before_top_bar":"","ocean_shortcode_after_top_bar":"","ocean_shortcode_before_header":"","ocean_shortcode_after_header":"","ocean_has_shortcode":"","ocean_shortcode_after_title":"","ocean_shortcode_before_footer_widgets":"","ocean_shortcode_after_footer_widgets":"","ocean_shortcode_before_footer_bottom":"","ocean_shortcode_after_footer_bottom":"","ocean_display_top_bar":"default","ocean_display_header":"default","ocean_header_style":"","ocean_center_header_left_menu":"0","ocean_custom_header_template":"0","ocean_custom_logo":0,"ocean_custom_retina_logo":0,"ocean_custom_logo_max_width":0,"ocean_custom_logo_tablet_max_width":0,"ocean_custom_logo_mobile_max_width":0,"ocean_custom_logo_max_height":0,"ocean_custom_logo_tablet_max_height":0,"ocean_custom_logo_mobile_max_height":0,"ocean_header_custom_menu":"0","ocean_menu_typo_font_family":"0","ocean_menu_typo_font_subset":"","ocean_menu_typo_font_size":0,"ocean_menu_typo_font_size_tablet":0,"ocean_menu_typo_font_size_mobile":0,"ocean_menu_typo_font_size_unit":"px","ocean_menu_typo_font_weight":"","ocean_menu_typo_font_weight_tablet":"","ocean_menu_typo_font_weight_mobile":"","ocean_menu_typo_transform":"","ocean_menu_typo_transform_tablet":"","ocean_menu_typo_transform_mobile":"","ocean_menu_typo_line_height":0,"ocean_menu_typo_line_height_tablet":0,"ocean_menu_typo_line_height_mobile":0,"ocean_menu_typo_line_height_unit":"","ocean_menu_typo_spacing":0,"ocean_menu_typo_spacing_tablet":0,"ocean_menu_typo_spacing_mobile":0,"ocean_menu_typo_spacing_unit":"","ocean_menu_link_color":"","ocean_menu_link_color_hover":"","ocean_menu_link_color_active":"","ocean_menu_link_background":"","ocean_menu_link_hover_background":"","ocean_menu_link_active_background":"","ocean_menu_social_links_bg":"","ocean_menu_social_hover_links_bg":"","ocean_menu_social_links_color":"","ocean_menu_social_hover_links_color":"","ocean_disable_title":"default","ocean_disable_heading":"default","ocean_post_title":"","ocean_post_subheading":"","ocean_post_title_style":"","ocean_post_title_background_color":"","ocean_post_title_background":0,"ocean_post_title_bg_image_position":"","ocean_post_title_bg_image_attachment":"","ocean_post_title_bg_image_repeat":"","ocean_post_title_bg_image_size":"","ocean_post_title_height":0,"ocean_post_title_bg_overlay":0.5,"ocean_post_title_bg_overlay_color":"","ocean_disable_breadcrumbs":"default","ocean_breadcrumbs_color":"","ocean_breadcrumbs_separator_color":"","ocean_breadcrumbs_links_color":"","ocean_breadcrumbs_links_hover_color":"","ocean_display_footer_widgets":"default","ocean_display_footer_bottom":"default","ocean_custom_footer_template":"0","iawp_total_views":10},"product_brand":[],"product_cat":[404],"product_tag":[],"class_list":{"0":"post-20183","1":"product","2":"type-product","3":"status-publish","4":"has-post-thumbnail","6":"product_cat-hautpflege","8":"entry","9":"has-media","11":"first","12":"instock","13":"shipping-taxable","14":"purchasable","15":"product-type-simple","16":"has-rating","17":"has-product-nav","18":"col","19":"span_1_of_3","20":"owp-content-center","21":"item-entry","22":"owp-thumbs-layout-horizontal","23":"owp-btn-normal","24":"owp-tabs-layout-horizontal","25":"has-no-thumbnails","27":"circle-sale"},"yoast_head":"<!-- This site is optimized with the Yoast SEO plugin v27.3 - https:\/\/yoast.com\/product\/yoast-seo-wordpress\/ -->\n<title>Natural Routine Set - Bacana Skincare<\/title>\n<meta name=\"robots\" content=\"index, follow, max-snippet:-1, max-image-preview:large, max-video-preview:-1\" \/>\n<link rel=\"canonical\" href=\"https:\/\/bacanaskincare.com\/de\/product\/natural-routine-set\/\" \/>\n<meta property=\"og:locale\" content=\"de_DE\" \/>\n<meta property=\"og:type\" content=\"article\" \/>\n<meta property=\"og:title\" content=\"Natural Routine Set - Bacana Skincare\" \/>\n<meta property=\"og:description\" content=\"Halte deine Haut jung und strahlend mit einer einfachen Hautpflege-Routine. &nbsp; WAS IST INNEN?  1x Reinigungscreme Gesichtswasser \u2013 100 ml  1x Serenity Vitamin Nebel Toner - 100 ml  1x Bio-Retinol \u00d6l-Serum \u2013 30ml WIE BENUTZEN?  Schritt 1 - Cleansing Cream Face Wash: Sanft in die feuchte Haut einmassieren und absp\u00fclen.  Schritt 2 - Serenity Vitamin Mist Toner: Sch\u00fctteln Sie die Flasche kurz und spr\u00fchen Sie sie nach der Gesichtsreinigung auf Gesicht und Hals. F\u00fcr zus\u00e4tzliche Feuchtigkeitszufuhr einwirken lassen, ansonsten mit einem Wattepad abwischen.  Schritt 3- Bio-Retinol Oil Serum: Zweimal t\u00e4glich 2-4 Tropfen auf das Gesicht auftragen. Sie k\u00f6nnen das Bio-Retinol allein oder nach Ihrer Feuchtigkeitscreme auftragen. Dieses Set bietet die M\u00f6glichkeit, Bio-Retinol mit oder ohne Duftstoffe zu verwenden. Unser parf\u00fcmfreies Bio-Retinol enth\u00e4lt keine zugesetzten \u00e4therischen \u00d6le; stattdessen hat das Serum einen nat\u00fcrlichen Duft, der aus seinen Inhaltsstoffen stammt.\" \/>\n<meta property=\"og:url\" content=\"https:\/\/bacanaskincare.com\/de\/product\/natural-routine-set\/\" \/>\n<meta property=\"og:site_name\" content=\"Bacana Skincare\" \/>\n<meta property=\"article:publisher\" content=\"https:\/\/www.facebook.com\/bacanaskincare-106988470647315\/\" \/>\n<meta property=\"article:modified_time\" content=\"2025-12-01T23:11:48+00:00\" \/>\n<meta property=\"og:image\" content=\"https:\/\/bacanaskincare.com\/wp-content\/uploads\/2021\/05\/Natural-Routine-Set.jpg\" \/>\n\t<meta property=\"og:image:width\" content=\"1050\" \/>\n\t<meta property=\"og:image:height\" content=\"1050\" \/>\n\t<meta property=\"og:image:type\" content=\"image\/jpeg\" \/>\n<meta name=\"twitter:card\" content=\"summary_large_image\" \/>\n<meta name=\"twitter:label1\" content=\"Gesch\u00e4tzte Lesezeit\" \/>\n\t<meta name=\"twitter:data1\" content=\"1\u00a0Minute\" \/>\n<script type=\"application\/ld+json\" class=\"yoast-schema-graph\">{\"@context\":\"https:\\\/\\\/schema.org\",\"@graph\":[{\"@type\":[\"WebPage\",\"ItemPage\"],\"@id\":\"https:\\\/\\\/bacanaskincare.com\\\/de\\\/product\\\/natural-routine-set\\\/\",\"url\":\"https:\\\/\\\/bacanaskincare.com\\\/de\\\/product\\\/natural-routine-set\\\/\",\"name\":\"Natural Routine Set - Bacana Skincare\",\"isPartOf\":{\"@id\":\"https:\\\/\\\/bacanaskincare.com\\\/de\\\/#website\"},\"primaryImageOfPage\":{\"@id\":\"https:\\\/\\\/bacanaskincare.com\\\/de\\\/product\\\/natural-routine-set\\\/#primaryimage\"},\"image\":{\"@id\":\"https:\\\/\\\/bacanaskincare.com\\\/de\\\/product\\\/natural-routine-set\\\/#primaryimage\"},\"thumbnailUrl\":\"https:\\\/\\\/bacanaskincare.com\\\/wp-content\\\/uploads\\\/2021\\\/05\\\/Natural-Routine-Set.jpg\",\"datePublished\":\"2021-05-28T11:23:39+00:00\",\"dateModified\":\"2025-12-01T23:11:48+00:00\",\"breadcrumb\":{\"@id\":\"https:\\\/\\\/bacanaskincare.com\\\/de\\\/product\\\/natural-routine-set\\\/#breadcrumb\"},\"inLanguage\":\"de\",\"potentialAction\":[{\"@type\":\"ReadAction\",\"target\":[\"https:\\\/\\\/bacanaskincare.com\\\/de\\\/product\\\/natural-routine-set\\\/\"]}]},{\"@type\":\"ImageObject\",\"inLanguage\":\"de\",\"@id\":\"https:\\\/\\\/bacanaskincare.com\\\/de\\\/product\\\/natural-routine-set\\\/#primaryimage\",\"url\":\"https:\\\/\\\/bacanaskincare.com\\\/wp-content\\\/uploads\\\/2021\\\/05\\\/Natural-Routine-Set.jpg\",\"contentUrl\":\"https:\\\/\\\/bacanaskincare.com\\\/wp-content\\\/uploads\\\/2021\\\/05\\\/Natural-Routine-Set.jpg\",\"width\":1050,\"height\":1050},{\"@type\":\"BreadcrumbList\",\"@id\":\"https:\\\/\\\/bacanaskincare.com\\\/de\\\/product\\\/natural-routine-set\\\/#breadcrumb\",\"itemListElement\":[{\"@type\":\"ListItem\",\"position\":1,\"name\":\"Shop\",\"item\":\"https:\\\/\\\/bacanaskincare.com\\\/de\\\/shop\\\/\"},{\"@type\":\"ListItem\",\"position\":2,\"name\":\"Hautpflege\",\"item\":\"https:\\\/\\\/bacanaskincare.com\\\/de\\\/produkt-kategorie\\\/hautpflege\\\/\"},{\"@type\":\"ListItem\",\"position\":3,\"name\":\"Natural Routine Set\"}]},{\"@type\":\"WebSite\",\"@id\":\"https:\\\/\\\/bacanaskincare.com\\\/de\\\/#website\",\"url\":\"https:\\\/\\\/bacanaskincare.com\\\/de\\\/\",\"name\":\"Bacana Skincare\",\"description\":\"Nat\u00fcrliche Hautpflege mit tropischen Superfr\u00fcchten\",\"publisher\":{\"@id\":\"https:\\\/\\\/bacanaskincare.com\\\/de\\\/#organization\"},\"potentialAction\":[{\"@type\":\"SearchAction\",\"target\":{\"@type\":\"EntryPoint\",\"urlTemplate\":\"https:\\\/\\\/bacanaskincare.com\\\/de\\\/?s={search_term_string}\"},\"query-input\":{\"@type\":\"PropertyValueSpecification\",\"valueRequired\":true,\"valueName\":\"search_term_string\"}}],\"inLanguage\":\"de\"},{\"@type\":\"Organization\",\"@id\":\"https:\\\/\\\/bacanaskincare.com\\\/de\\\/#organization\",\"name\":\"Bacana Skincare\",\"url\":\"https:\\\/\\\/bacanaskincare.com\\\/de\\\/\",\"logo\":{\"@type\":\"ImageObject\",\"inLanguage\":\"de\",\"@id\":\"https:\\\/\\\/bacanaskincare.com\\\/de\\\/#\\\/schema\\\/logo\\\/image\\\/\",\"url\":\"https:\\\/\\\/bacanaskincare.com\\\/wp-content\\\/uploads\\\/2019\\\/09\\\/u.png\",\"contentUrl\":\"https:\\\/\\\/bacanaskincare.com\\\/wp-content\\\/uploads\\\/2019\\\/09\\\/u.png\",\"width\":834,\"height\":226,\"caption\":\"Bacana Skincare\"},\"image\":{\"@id\":\"https:\\\/\\\/bacanaskincare.com\\\/de\\\/#\\\/schema\\\/logo\\\/image\\\/\"},\"sameAs\":[\"https:\\\/\\\/www.facebook.com\\\/bacanaskincare-106988470647315\\\/\",\"https:\\\/\\\/www.instagram.com\\\/bacanaskincare\\\/?hl=en\",\"https:\\\/\\\/br.pinterest.com\\\/d0fd9db15f94c64465fab43d03b69a\\\/\"]}]}<\/script>\n<!-- \/ Yoast SEO plugin. -->","yoast_head_json":{"title":"Natural Routine Set - Bacana Skincare","robots":{"index":"index","follow":"follow","max-snippet":"max-snippet:-1","max-image-preview":"max-image-preview:large","max-video-preview":"max-video-preview:-1"},"canonical":"https:\/\/bacanaskincare.com\/de\/product\/natural-routine-set\/","og_locale":"de_DE","og_type":"article","og_title":"Natural Routine Set - Bacana Skincare","og_description":"Halte deine Haut jung und strahlend mit einer einfachen Hautpflege-Routine. &nbsp; WAS IST INNEN?  1x Reinigungscreme Gesichtswasser \u2013 100 ml  1x Serenity Vitamin Nebel Toner - 100 ml  1x Bio-Retinol \u00d6l-Serum \u2013 30ml WIE BENUTZEN?  Schritt 1 - Cleansing Cream Face Wash: Sanft in die feuchte Haut einmassieren und absp\u00fclen.  Schritt 2 - Serenity Vitamin Mist Toner: Sch\u00fctteln Sie die Flasche kurz und spr\u00fchen Sie sie nach der Gesichtsreinigung auf Gesicht und Hals. F\u00fcr zus\u00e4tzliche Feuchtigkeitszufuhr einwirken lassen, ansonsten mit einem Wattepad abwischen.  Schritt 3- Bio-Retinol Oil Serum: Zweimal t\u00e4glich 2-4 Tropfen auf das Gesicht auftragen. Sie k\u00f6nnen das Bio-Retinol allein oder nach Ihrer Feuchtigkeitscreme auftragen. Dieses Set bietet die M\u00f6glichkeit, Bio-Retinol mit oder ohne Duftstoffe zu verwenden. Unser parf\u00fcmfreies Bio-Retinol enth\u00e4lt keine zugesetzten \u00e4therischen \u00d6le; stattdessen hat das Serum einen nat\u00fcrlichen Duft, der aus seinen Inhaltsstoffen stammt.","og_url":"https:\/\/bacanaskincare.com\/de\/product\/natural-routine-set\/","og_site_name":"Bacana Skincare","article_publisher":"https:\/\/www.facebook.com\/bacanaskincare-106988470647315\/","article_modified_time":"2025-12-01T23:11:48+00:00","og_image":[{"width":1050,"height":1050,"url":"https:\/\/bacanaskincare.com\/wp-content\/uploads\/2021\/05\/Natural-Routine-Set.jpg","type":"image\/jpeg"}],"twitter_card":"summary_large_image","twitter_misc":{"Gesch\u00e4tzte Lesezeit":"1\u00a0Minute"},"schema":{"@context":"https:\/\/schema.org","@graph":[{"@type":["WebPage","ItemPage"],"@id":"https:\/\/bacanaskincare.com\/de\/product\/natural-routine-set\/","url":"https:\/\/bacanaskincare.com\/de\/product\/natural-routine-set\/","name":"Natural Routine Set - Bacana Skincare","isPartOf":{"@id":"https:\/\/bacanaskincare.com\/de\/#website"},"primaryImageOfPage":{"@id":"https:\/\/bacanaskincare.com\/de\/product\/natural-routine-set\/#primaryimage"},"image":{"@id":"https:\/\/bacanaskincare.com\/de\/product\/natural-routine-set\/#primaryimage"},"thumbnailUrl":"https:\/\/bacanaskincare.com\/wp-content\/uploads\/2021\/05\/Natural-Routine-Set.jpg","datePublished":"2021-05-28T11:23:39+00:00","dateModified":"2025-12-01T23:11:48+00:00","breadcrumb":{"@id":"https:\/\/bacanaskincare.com\/de\/product\/natural-routine-set\/#breadcrumb"},"inLanguage":"de","potentialAction":[{"@type":"ReadAction","target":["https:\/\/bacanaskincare.com\/de\/product\/natural-routine-set\/"]}]},{"@type":"ImageObject","inLanguage":"de","@id":"https:\/\/bacanaskincare.com\/de\/product\/natural-routine-set\/#primaryimage","url":"https:\/\/bacanaskincare.com\/wp-content\/uploads\/2021\/05\/Natural-Routine-Set.jpg","contentUrl":"https:\/\/bacanaskincare.com\/wp-content\/uploads\/2021\/05\/Natural-Routine-Set.jpg","width":1050,"height":1050},{"@type":"BreadcrumbList","@id":"https:\/\/bacanaskincare.com\/de\/product\/natural-routine-set\/#breadcrumb","itemListElement":[{"@type":"ListItem","position":1,"name":"Shop","item":"https:\/\/bacanaskincare.com\/de\/shop\/"},{"@type":"ListItem","position":2,"name":"Hautpflege","item":"https:\/\/bacanaskincare.com\/de\/produkt-kategorie\/hautpflege\/"},{"@type":"ListItem","position":3,"name":"Natural Routine Set"}]},{"@type":"WebSite","@id":"https:\/\/bacanaskincare.com\/de\/#website","url":"https:\/\/bacanaskincare.com\/de\/","name":"Bacana Skincare","description":"Nat\u00fcrliche Hautpflege mit tropischen Superfr\u00fcchten","publisher":{"@id":"https:\/\/bacanaskincare.com\/de\/#organization"},"potentialAction":[{"@type":"SearchAction","target":{"@type":"EntryPoint","urlTemplate":"https:\/\/bacanaskincare.com\/de\/?s={search_term_string}"},"query-input":{"@type":"PropertyValueSpecification","valueRequired":true,"valueName":"search_term_string"}}],"inLanguage":"de"},{"@type":"Organization","@id":"https:\/\/bacanaskincare.com\/de\/#organization","name":"Bacana Skincare","url":"https:\/\/bacanaskincare.com\/de\/","logo":{"@type":"ImageObject","inLanguage":"de","@id":"https:\/\/bacanaskincare.com\/de\/#\/schema\/logo\/image\/","url":"https:\/\/bacanaskincare.com\/wp-content\/uploads\/2019\/09\/u.png","contentUrl":"https:\/\/bacanaskincare.com\/wp-content\/uploads\/2019\/09\/u.png","width":834,"height":226,"caption":"Bacana Skincare"},"image":{"@id":"https:\/\/bacanaskincare.com\/de\/#\/schema\/logo\/image\/"},"sameAs":["https:\/\/www.facebook.com\/bacanaskincare-106988470647315\/","https:\/\/www.instagram.com\/bacanaskincare\/?hl=en","https:\/\/br.pinterest.com\/d0fd9db15f94c64465fab43d03b69a\/"]}]}},"_links":{"self":[{"href":"https:\/\/bacanaskincare.com\/de\/wp-json\/wp\/v2\/product\/20183","targetHints":{"allow":["GET"]}}],"collection":[{"href":"https:\/\/bacanaskincare.com\/de\/wp-json\/wp\/v2\/product"}],"about":[{"href":"https:\/\/bacanaskincare.com\/de\/wp-json\/wp\/v2\/types\/product"}],"replies":[{"embeddable":true,"href":"https:\/\/bacanaskincare.com\/de\/wp-json\/wp\/v2\/comments?post=20183"}],"wp:featuredmedia":[{"embeddable":true,"href":"https:\/\/bacanaskincare.com\/de\/wp-json\/wp\/v2\/media\/26089"}],"wp:attachment":[{"href":"https:\/\/bacanaskincare.com\/de\/wp-json\/wp\/v2\/media?parent=20183"}],"wp:term":[{"taxonomy":"product_brand","embeddable":true,"href":"https:\/\/bacanaskincare.com\/de\/wp-json\/wp\/v2\/product_brand?post=20183"},{"taxonomy":"product_cat","embeddable":true,"href":"https:\/\/bacanaskincare.com\/de\/wp-json\/wp\/v2\/product_cat?post=20183"},{"taxonomy":"product_tag","embeddable":true,"href":"https:\/\/bacanaskincare.com\/de\/wp-json\/wp\/v2\/product_tag?post=20183"}],"curies":[{"name":"wp","href":"https:\/\/api.w.org\/{rel}","templated":true}]}}