{"id":20119,"date":"2021-12-02T22:10:37","date_gmt":"2021-12-02T21:10:37","guid":{"rendered":"https:\/\/bacanaskincare.com\/shop\/unkategorisiert\/bacaninhas\/"},"modified":"2026-03-16T10:39:08","modified_gmt":"2026-03-16T09:39:08","slug":"mini-set-bacana","status":"publish","type":"product","link":"https:\/\/bacanaskincare.com\/de\/product\/mini-set-bacana\/","title":{"rendered":"Mini Set Bacana"},"content":{"rendered":"<h3>Dieses Set enth\u00e4lt folgende Produkte:<\/h3>\n<p>1x Beauty Bag aus Baumwolle.<\/p>\n<p>1x <a href=\"https:\/\/bacanaskincare.com\/shop\/natural-skincare-face-cleanser\/cleansing-cream-face-wash\/\">Gesichtsreinigungscreme<\/a> (10 ml): Entfernt Oberfl\u00e4chenverunreinigungen und leichtes Make-up und macht die Haut weich und glatt.<\/p>\n<p>1x <a href=\"https:\/\/bacanaskincare.com\/shop\/skincare-mist-toner\/serenity-vitamin-mist-toner\/\">Serenity Vitamin Mist Toner<\/a> 10 ml : Ein ausgeglichener pH-Wert Mist-Toner f\u00fcr strahlende und gesunde Haut. Belebt und beruhigt die Haut, strafft die Poren und spendet der Haut Feuchtigkeit.<\/p>\n<p>1x <a href=\"https:\/\/bacanaskincare.com\/shop\/serum\/bio-retinol-oil-serum\/\">Bio-Retinol Oil Serum<\/a> 10 ml : Eine innovative Formel mit Bakuchiol (Bio-Retinol), angereichert mit einem Cocktail aus starken Antioxidantien. Diese exklusive Formel hilft nicht nur bei der Zellregeneration, sondern stimuliert auch die Kollagenproduktion und reduziert Hautunreinheiten.<\/p>\n<p>1x <a href=\"https:\/\/bacanaskincare.com\/shop\/natural-skincare-face-cream\/multi-action-face-cream\/\">Blooming Nature Face Cream<\/a> 7 ml : Eine t\u00e4gliche Feuchtigkeitscreme, die hilft, dunkle Flecken zu reduzieren und die Hautelastizit\u00e4t zu steigern.<\/p>\n<p>1x <a href=\"https:\/\/bacanaskincare.com\/shop\/eye-cream-face-cream\/firming-eye-cream\/\">Straffende Augencreme<\/a> 5ml: Super innovative Augencreme, die speziell entwickelt wurde, um die Augenpartie zu straffen.<\/p>\n<p>Wenn Sie mehr \u00fcber diese Produkte erfahren m\u00f6chten, klicken Sie bitte oben auf das jeweilige Produkt.<\/p>\n<h3><strong>ANWENDUNG:<\/strong><\/h3>\n<ul>\n<li>Step 1 &#8211; Cleansing Cream Face Wash: Sanft in die Haut einmassieren und dann absp\u00fclen.<\/li>\n<li>Step 2 &#8211; Serenity Vitamin Mist Toner: Die Flasche kurz sch\u00fctteln und dann auf Gesicht und Hals aufspr\u00fchen. F\u00fcr zus\u00e4tzliche Feuchtigkeitszufuhr einwirken lassen, ansonsten mit einem Wattepad abwischen.<\/li>\n<li>Step 3 &#8211; Straffende Augencreme : Morgens und abends.<\/li>\n<li>Step 4- Blooming Nature Face Cream: Trage dann eine kleine Menge der Multi-Action-Gesichtscreme (2 oder 3 Pumpst\u00f6\u00dfe) auf und massiere die Creme sanft in deine Haut ein.<\/li>\n<li>Step 5- Bio-Retinol Oil Serum : Zweimal t\u00e4glich 2-4 Tropfen auf dein Gesicht auftragen.<\/li>\n<\/ul>\n","protected":false},"excerpt":{"rendered":"<blockquote><p><strong>Unsere Mini-Hautpflegekollektion kommt in einem Kosmetikt\u00e4schchen und eignet sich perfekt als Set zum Entdecken, als Geschenk oder f\u00fcr deine n\u00e4chste Reise.<\/strong><\/p><\/blockquote>\n<p>Wir haben f\u00fcr dich die wichtigsten Produkte f\u00fcr eine minimalistische Hautpflegeroutine ausgew\u00e4hlt.<\/p>\n<p>Dieses Set ist f\u00fcr alle Hauttypen geeignet und enth\u00e4lt 5 Produkte, die eine reinigende, erfrischende und pflegende Wirkung haben.<\/p>\n<p><strong>Nachhaltige Verpackungen, die man nicht wegwirft!<\/strong> Unsere Mini-Verpackungen sind aus Glas und k\u00f6nnen problemlos wiederverwendet werden. F\u00fcllen Sie sie einfach nach und nehmen Sie sie auf Ihre n\u00e4chste Reise mit.<\/p>\n","protected":false},"featured_media":26197,"comment_status":"open","ping_status":"closed","template":"","meta":{"ocean_post_layout":"","ocean_both_sidebars_style":"","ocean_both_sidebars_content_width":0,"ocean_both_sidebars_sidebars_width":0,"ocean_sidebar":"0","ocean_second_sidebar":"0","ocean_disable_margins":"enable","ocean_add_body_class":"","ocean_shortcode_before_top_bar":"","ocean_shortcode_after_top_bar":"","ocean_shortcode_before_header":"","ocean_shortcode_after_header":"","ocean_has_shortcode":"","ocean_shortcode_after_title":"","ocean_shortcode_before_footer_widgets":"","ocean_shortcode_after_footer_widgets":"","ocean_shortcode_before_footer_bottom":"","ocean_shortcode_after_footer_bottom":"","ocean_display_top_bar":"default","ocean_display_header":"default","ocean_header_style":"","ocean_center_header_left_menu":"0","ocean_custom_header_template":"0","ocean_custom_logo":0,"ocean_custom_retina_logo":0,"ocean_custom_logo_max_width":0,"ocean_custom_logo_tablet_max_width":0,"ocean_custom_logo_mobile_max_width":0,"ocean_custom_logo_max_height":0,"ocean_custom_logo_tablet_max_height":0,"ocean_custom_logo_mobile_max_height":0,"ocean_header_custom_menu":"0","ocean_menu_typo_font_family":"0","ocean_menu_typo_font_subset":"","ocean_menu_typo_font_size":0,"ocean_menu_typo_font_size_tablet":0,"ocean_menu_typo_font_size_mobile":0,"ocean_menu_typo_font_size_unit":"px","ocean_menu_typo_font_weight":"","ocean_menu_typo_font_weight_tablet":"","ocean_menu_typo_font_weight_mobile":"","ocean_menu_typo_transform":"","ocean_menu_typo_transform_tablet":"","ocean_menu_typo_transform_mobile":"","ocean_menu_typo_line_height":0,"ocean_menu_typo_line_height_tablet":0,"ocean_menu_typo_line_height_mobile":0,"ocean_menu_typo_line_height_unit":"","ocean_menu_typo_spacing":0,"ocean_menu_typo_spacing_tablet":0,"ocean_menu_typo_spacing_mobile":0,"ocean_menu_typo_spacing_unit":"","ocean_menu_link_color":"","ocean_menu_link_color_hover":"","ocean_menu_link_color_active":"","ocean_menu_link_background":"","ocean_menu_link_hover_background":"","ocean_menu_link_active_background":"","ocean_menu_social_links_bg":"","ocean_menu_social_hover_links_bg":"","ocean_menu_social_links_color":"","ocean_menu_social_hover_links_color":"","ocean_disable_title":"default","ocean_disable_heading":"default","ocean_post_title":"","ocean_post_subheading":"","ocean_post_title_style":"","ocean_post_title_background_color":"","ocean_post_title_background":0,"ocean_post_title_bg_image_position":"","ocean_post_title_bg_image_attachment":"","ocean_post_title_bg_image_repeat":"","ocean_post_title_bg_image_size":"","ocean_post_title_height":0,"ocean_post_title_bg_overlay":0.5,"ocean_post_title_bg_overlay_color":"","ocean_disable_breadcrumbs":"default","ocean_breadcrumbs_color":"","ocean_breadcrumbs_separator_color":"","ocean_breadcrumbs_links_color":"","ocean_breadcrumbs_links_hover_color":"","ocean_display_footer_widgets":"default","ocean_display_footer_bottom":"default","ocean_custom_footer_template":"0","iawp_total_views":48},"product_brand":[],"product_cat":[404],"product_tag":[],"class_list":{"0":"post-20119","1":"product","2":"type-product","3":"status-publish","4":"has-post-thumbnail","6":"product_cat-hautpflege","8":"entry","9":"has-media","11":"first","12":"outofstock","13":"sale","14":"shipping-taxable","15":"purchasable","16":"product-type-simple","17":"has-rating","18":"has-product-nav","19":"col","20":"span_1_of_3","21":"owp-content-center","22":"item-entry","23":"owp-thumbs-layout-horizontal","24":"owp-btn-normal","25":"owp-tabs-layout-horizontal","26":"has-no-thumbnails","28":"circle-sale"},"yoast_head":"<!-- This site is optimized with the Yoast SEO plugin v27.3 - https:\/\/yoast.com\/product\/yoast-seo-wordpress\/ -->\n<title>Mini Set Bacana - Bacana Skincare<\/title>\n<meta name=\"robots\" content=\"index, follow, max-snippet:-1, max-image-preview:large, max-video-preview:-1\" \/>\n<link rel=\"canonical\" href=\"https:\/\/bacanaskincare.com\/de\/product\/mini-set-bacana\/\" \/>\n<meta property=\"og:locale\" content=\"de_DE\" \/>\n<meta property=\"og:type\" content=\"article\" \/>\n<meta property=\"og:title\" content=\"Mini Set Bacana - Bacana Skincare\" \/>\n<meta property=\"og:description\" content=\"Unsere Mini-Hautpflegekollektion kommt in einem Kosmetikt\u00e4schchen und eignet sich perfekt als Set zum Entdecken, als Geschenk oder f\u00fcr deine n\u00e4chste Reise.  Wir haben f\u00fcr dich die wichtigsten Produkte f\u00fcr eine minimalistische Hautpflegeroutine ausgew\u00e4hlt. Dieses Set ist f\u00fcr alle Hauttypen geeignet und enth\u00e4lt 5 Produkte, die eine reinigende, erfrischende und pflegende Wirkung haben. Nachhaltige Verpackungen, die man nicht wegwirft! Unsere Mini-Verpackungen sind aus Glas und k\u00f6nnen problemlos wiederverwendet werden. F\u00fcllen Sie sie einfach nach und nehmen Sie sie auf Ihre n\u00e4chste Reise mit.\" \/>\n<meta property=\"og:url\" content=\"https:\/\/bacanaskincare.com\/de\/product\/mini-set-bacana\/\" \/>\n<meta property=\"og:site_name\" content=\"Bacana Skincare\" \/>\n<meta property=\"article:publisher\" content=\"https:\/\/www.facebook.com\/bacanaskincare-106988470647315\/\" \/>\n<meta property=\"article:modified_time\" content=\"2026-03-16T09:39:08+00:00\" \/>\n<meta property=\"og:image\" content=\"https:\/\/bacanaskincare.com\/wp-content\/uploads\/2021\/12\/Mini-Kit-2-1.jpg\" \/>\n\t<meta property=\"og:image:width\" content=\"1050\" \/>\n\t<meta property=\"og:image:height\" content=\"1050\" \/>\n\t<meta property=\"og:image:type\" content=\"image\/jpeg\" \/>\n<meta name=\"twitter:card\" content=\"summary_large_image\" \/>\n<meta name=\"twitter:label1\" content=\"Gesch\u00e4tzte Lesezeit\" \/>\n\t<meta name=\"twitter:data1\" content=\"1\u00a0Minute\" \/>\n<script type=\"application\/ld+json\" class=\"yoast-schema-graph\">{\"@context\":\"https:\\\/\\\/schema.org\",\"@graph\":[{\"@type\":[\"WebPage\",\"ItemPage\"],\"@id\":\"https:\\\/\\\/bacanaskincare.com\\\/de\\\/product\\\/mini-set-bacana\\\/\",\"url\":\"https:\\\/\\\/bacanaskincare.com\\\/de\\\/product\\\/mini-set-bacana\\\/\",\"name\":\"Mini Set Bacana - Bacana Skincare\",\"isPartOf\":{\"@id\":\"https:\\\/\\\/bacanaskincare.com\\\/de\\\/#website\"},\"primaryImageOfPage\":{\"@id\":\"https:\\\/\\\/bacanaskincare.com\\\/de\\\/product\\\/mini-set-bacana\\\/#primaryimage\"},\"image\":{\"@id\":\"https:\\\/\\\/bacanaskincare.com\\\/de\\\/product\\\/mini-set-bacana\\\/#primaryimage\"},\"thumbnailUrl\":\"https:\\\/\\\/bacanaskincare.com\\\/wp-content\\\/uploads\\\/2021\\\/12\\\/Mini-Kit-2-1.jpg\",\"datePublished\":\"2021-12-02T21:10:37+00:00\",\"dateModified\":\"2026-03-16T09:39:08+00:00\",\"breadcrumb\":{\"@id\":\"https:\\\/\\\/bacanaskincare.com\\\/de\\\/product\\\/mini-set-bacana\\\/#breadcrumb\"},\"inLanguage\":\"de\",\"potentialAction\":[{\"@type\":\"ReadAction\",\"target\":[\"https:\\\/\\\/bacanaskincare.com\\\/de\\\/product\\\/mini-set-bacana\\\/\"]}]},{\"@type\":\"ImageObject\",\"inLanguage\":\"de\",\"@id\":\"https:\\\/\\\/bacanaskincare.com\\\/de\\\/product\\\/mini-set-bacana\\\/#primaryimage\",\"url\":\"https:\\\/\\\/bacanaskincare.com\\\/wp-content\\\/uploads\\\/2021\\\/12\\\/Mini-Kit-2-1.jpg\",\"contentUrl\":\"https:\\\/\\\/bacanaskincare.com\\\/wp-content\\\/uploads\\\/2021\\\/12\\\/Mini-Kit-2-1.jpg\",\"width\":1050,\"height\":1050},{\"@type\":\"BreadcrumbList\",\"@id\":\"https:\\\/\\\/bacanaskincare.com\\\/de\\\/product\\\/mini-set-bacana\\\/#breadcrumb\",\"itemListElement\":[{\"@type\":\"ListItem\",\"position\":1,\"name\":\"Shop\",\"item\":\"https:\\\/\\\/bacanaskincare.com\\\/de\\\/shop\\\/\"},{\"@type\":\"ListItem\",\"position\":2,\"name\":\"Hautpflege\",\"item\":\"https:\\\/\\\/bacanaskincare.com\\\/de\\\/produkt-kategorie\\\/hautpflege\\\/\"},{\"@type\":\"ListItem\",\"position\":3,\"name\":\"Mini Set Bacana\"}]},{\"@type\":\"WebSite\",\"@id\":\"https:\\\/\\\/bacanaskincare.com\\\/de\\\/#website\",\"url\":\"https:\\\/\\\/bacanaskincare.com\\\/de\\\/\",\"name\":\"Bacana Skincare\",\"description\":\"Nat\u00fcrliche Hautpflege mit tropischen Superfr\u00fcchten\",\"publisher\":{\"@id\":\"https:\\\/\\\/bacanaskincare.com\\\/de\\\/#organization\"},\"potentialAction\":[{\"@type\":\"SearchAction\",\"target\":{\"@type\":\"EntryPoint\",\"urlTemplate\":\"https:\\\/\\\/bacanaskincare.com\\\/de\\\/?s={search_term_string}\"},\"query-input\":{\"@type\":\"PropertyValueSpecification\",\"valueRequired\":true,\"valueName\":\"search_term_string\"}}],\"inLanguage\":\"de\"},{\"@type\":\"Organization\",\"@id\":\"https:\\\/\\\/bacanaskincare.com\\\/de\\\/#organization\",\"name\":\"Bacana Skincare\",\"url\":\"https:\\\/\\\/bacanaskincare.com\\\/de\\\/\",\"logo\":{\"@type\":\"ImageObject\",\"inLanguage\":\"de\",\"@id\":\"https:\\\/\\\/bacanaskincare.com\\\/de\\\/#\\\/schema\\\/logo\\\/image\\\/\",\"url\":\"https:\\\/\\\/bacanaskincare.com\\\/wp-content\\\/uploads\\\/2019\\\/09\\\/u.png\",\"contentUrl\":\"https:\\\/\\\/bacanaskincare.com\\\/wp-content\\\/uploads\\\/2019\\\/09\\\/u.png\",\"width\":834,\"height\":226,\"caption\":\"Bacana Skincare\"},\"image\":{\"@id\":\"https:\\\/\\\/bacanaskincare.com\\\/de\\\/#\\\/schema\\\/logo\\\/image\\\/\"},\"sameAs\":[\"https:\\\/\\\/www.facebook.com\\\/bacanaskincare-106988470647315\\\/\",\"https:\\\/\\\/www.instagram.com\\\/bacanaskincare\\\/?hl=en\",\"https:\\\/\\\/br.pinterest.com\\\/d0fd9db15f94c64465fab43d03b69a\\\/\"]}]}<\/script>\n<!-- \/ Yoast SEO plugin. -->","yoast_head_json":{"title":"Mini Set Bacana - Bacana Skincare","robots":{"index":"index","follow":"follow","max-snippet":"max-snippet:-1","max-image-preview":"max-image-preview:large","max-video-preview":"max-video-preview:-1"},"canonical":"https:\/\/bacanaskincare.com\/de\/product\/mini-set-bacana\/","og_locale":"de_DE","og_type":"article","og_title":"Mini Set Bacana - Bacana Skincare","og_description":"Unsere Mini-Hautpflegekollektion kommt in einem Kosmetikt\u00e4schchen und eignet sich perfekt als Set zum Entdecken, als Geschenk oder f\u00fcr deine n\u00e4chste Reise.  Wir haben f\u00fcr dich die wichtigsten Produkte f\u00fcr eine minimalistische Hautpflegeroutine ausgew\u00e4hlt. Dieses Set ist f\u00fcr alle Hauttypen geeignet und enth\u00e4lt 5 Produkte, die eine reinigende, erfrischende und pflegende Wirkung haben. Nachhaltige Verpackungen, die man nicht wegwirft! Unsere Mini-Verpackungen sind aus Glas und k\u00f6nnen problemlos wiederverwendet werden. F\u00fcllen Sie sie einfach nach und nehmen Sie sie auf Ihre n\u00e4chste Reise mit.","og_url":"https:\/\/bacanaskincare.com\/de\/product\/mini-set-bacana\/","og_site_name":"Bacana Skincare","article_publisher":"https:\/\/www.facebook.com\/bacanaskincare-106988470647315\/","article_modified_time":"2026-03-16T09:39:08+00:00","og_image":[{"width":1050,"height":1050,"url":"https:\/\/bacanaskincare.com\/wp-content\/uploads\/2021\/12\/Mini-Kit-2-1.jpg","type":"image\/jpeg"}],"twitter_card":"summary_large_image","twitter_misc":{"Gesch\u00e4tzte Lesezeit":"1\u00a0Minute"},"schema":{"@context":"https:\/\/schema.org","@graph":[{"@type":["WebPage","ItemPage"],"@id":"https:\/\/bacanaskincare.com\/de\/product\/mini-set-bacana\/","url":"https:\/\/bacanaskincare.com\/de\/product\/mini-set-bacana\/","name":"Mini Set Bacana - Bacana Skincare","isPartOf":{"@id":"https:\/\/bacanaskincare.com\/de\/#website"},"primaryImageOfPage":{"@id":"https:\/\/bacanaskincare.com\/de\/product\/mini-set-bacana\/#primaryimage"},"image":{"@id":"https:\/\/bacanaskincare.com\/de\/product\/mini-set-bacana\/#primaryimage"},"thumbnailUrl":"https:\/\/bacanaskincare.com\/wp-content\/uploads\/2021\/12\/Mini-Kit-2-1.jpg","datePublished":"2021-12-02T21:10:37+00:00","dateModified":"2026-03-16T09:39:08+00:00","breadcrumb":{"@id":"https:\/\/bacanaskincare.com\/de\/product\/mini-set-bacana\/#breadcrumb"},"inLanguage":"de","potentialAction":[{"@type":"ReadAction","target":["https:\/\/bacanaskincare.com\/de\/product\/mini-set-bacana\/"]}]},{"@type":"ImageObject","inLanguage":"de","@id":"https:\/\/bacanaskincare.com\/de\/product\/mini-set-bacana\/#primaryimage","url":"https:\/\/bacanaskincare.com\/wp-content\/uploads\/2021\/12\/Mini-Kit-2-1.jpg","contentUrl":"https:\/\/bacanaskincare.com\/wp-content\/uploads\/2021\/12\/Mini-Kit-2-1.jpg","width":1050,"height":1050},{"@type":"BreadcrumbList","@id":"https:\/\/bacanaskincare.com\/de\/product\/mini-set-bacana\/#breadcrumb","itemListElement":[{"@type":"ListItem","position":1,"name":"Shop","item":"https:\/\/bacanaskincare.com\/de\/shop\/"},{"@type":"ListItem","position":2,"name":"Hautpflege","item":"https:\/\/bacanaskincare.com\/de\/produkt-kategorie\/hautpflege\/"},{"@type":"ListItem","position":3,"name":"Mini Set Bacana"}]},{"@type":"WebSite","@id":"https:\/\/bacanaskincare.com\/de\/#website","url":"https:\/\/bacanaskincare.com\/de\/","name":"Bacana Skincare","description":"Nat\u00fcrliche Hautpflege mit tropischen Superfr\u00fcchten","publisher":{"@id":"https:\/\/bacanaskincare.com\/de\/#organization"},"potentialAction":[{"@type":"SearchAction","target":{"@type":"EntryPoint","urlTemplate":"https:\/\/bacanaskincare.com\/de\/?s={search_term_string}"},"query-input":{"@type":"PropertyValueSpecification","valueRequired":true,"valueName":"search_term_string"}}],"inLanguage":"de"},{"@type":"Organization","@id":"https:\/\/bacanaskincare.com\/de\/#organization","name":"Bacana Skincare","url":"https:\/\/bacanaskincare.com\/de\/","logo":{"@type":"ImageObject","inLanguage":"de","@id":"https:\/\/bacanaskincare.com\/de\/#\/schema\/logo\/image\/","url":"https:\/\/bacanaskincare.com\/wp-content\/uploads\/2019\/09\/u.png","contentUrl":"https:\/\/bacanaskincare.com\/wp-content\/uploads\/2019\/09\/u.png","width":834,"height":226,"caption":"Bacana Skincare"},"image":{"@id":"https:\/\/bacanaskincare.com\/de\/#\/schema\/logo\/image\/"},"sameAs":["https:\/\/www.facebook.com\/bacanaskincare-106988470647315\/","https:\/\/www.instagram.com\/bacanaskincare\/?hl=en","https:\/\/br.pinterest.com\/d0fd9db15f94c64465fab43d03b69a\/"]}]}},"_links":{"self":[{"href":"https:\/\/bacanaskincare.com\/de\/wp-json\/wp\/v2\/product\/20119","targetHints":{"allow":["GET"]}}],"collection":[{"href":"https:\/\/bacanaskincare.com\/de\/wp-json\/wp\/v2\/product"}],"about":[{"href":"https:\/\/bacanaskincare.com\/de\/wp-json\/wp\/v2\/types\/product"}],"replies":[{"embeddable":true,"href":"https:\/\/bacanaskincare.com\/de\/wp-json\/wp\/v2\/comments?post=20119"}],"wp:featuredmedia":[{"embeddable":true,"href":"https:\/\/bacanaskincare.com\/de\/wp-json\/wp\/v2\/media\/26197"}],"wp:attachment":[{"href":"https:\/\/bacanaskincare.com\/de\/wp-json\/wp\/v2\/media?parent=20119"}],"wp:term":[{"taxonomy":"product_brand","embeddable":true,"href":"https:\/\/bacanaskincare.com\/de\/wp-json\/wp\/v2\/product_brand?post=20119"},{"taxonomy":"product_cat","embeddable":true,"href":"https:\/\/bacanaskincare.com\/de\/wp-json\/wp\/v2\/product_cat?post=20119"},{"taxonomy":"product_tag","embeddable":true,"href":"https:\/\/bacanaskincare.com\/de\/wp-json\/wp\/v2\/product_tag?post=20119"}],"curies":[{"name":"wp","href":"https:\/\/api.w.org\/{rel}","templated":true}]}}