{"id":19645,"date":"2021-05-15T12:10:07","date_gmt":"2021-05-15T10:10:07","guid":{"rendered":"http:\/\/bacanaskincare.com\/?post_type=product&#038;p=19645"},"modified":"2025-12-02T00:11:48","modified_gmt":"2025-12-01T23:11:48","slug":"multi-masking-set","status":"publish","type":"product","link":"https:\/\/bacanaskincare.com\/de\/product\/multi-masking-set\/","title":{"rendered":"Multi-Masking Set"},"content":{"rendered":"<p>Dieses Set enth\u00e4lt:<\/p>\n<div class=\"woocommerce-product-details__short-description\">\n<ul>\n<li>1x Green Clay Purifying Face Mask: Entfernt Verunreinigungen, \u00fcbersch\u00fcssiges \u00d6l und entstaut die Poren.<\/li>\n<li>1x Red Clay Exfoliating &amp; Retexturizing Face Mask: Macht deine Haut geschmeidig, spendet ihr Feuchtigkeit und entfernt Toxine, ohne sie auszutrocknen. Peelt sanft und macht deine Haut geschmeidig<\/li>\n<li>1x Pinsel f\u00fcr Gesichtsmasken \u2013 Mit unserem speziell angefertigten Pinsel k\u00f6nnen unsere Masken pr\u00e4zise aufgetragen werden. genau das richtige f\u00fcr einen echten Bacana-Moment.<\/li>\n<\/ul>\n<p>&nbsp;<\/p>\n<\/div>\n<p><strong>Was ist Multi-Masking?<\/strong><\/p>\n<p>Multi-Masking ist, wenn Sie mehrere Gesichtsmasken gleichzeitig auf verschiedene Teile Ihres Gesichts auftragen, um verschiedene Hautprobleme zu behandeln.<\/p>\n<p><strong>Wie macht man Multi-Masking?<\/strong><\/p>\n<ul>\n<li>Tragen Sie nach der Gesichtsreinigung die Gesichtsmasken mit dem Pinsel auf verschiedene Bereiche Ihres Gesichts auf. Sie k\u00f6nnen zum Beispiel die Green Clay Face Mask in der T-Zone auftragen, um Pickel und \u00fcbersch\u00fcssigen Talg zu behandeln, und die Red Clay Face Mask auf die Wangen auftragen, um die Poren zu verfeinern und gleichzeitig die Haut mit Feuchtigkeit zu versorgen.<\/li>\n<li>Warte 15 bis 20 Minuten und entferne die Maske dann in kreisenden Bewegungen mit Wasser. Dadurch wird das Peeling noch effizienter.<\/li>\n<li>F\u00fcr beste Ergebnisse verwenden Sie sie 2-3 Mal pro Woche.<\/li>\n<\/ul>\n","protected":false},"excerpt":{"rendered":"<div class=\"woocommerce-product-details__short-description\">\n<p><strong>Eine ma\u00dfgeschneiderte L\u00f6sung f\u00fcr jeden Hautbedarf!<\/strong><\/p>\n<p>Ein Multi-Masking-Set bestehend aus 2 Bacana-Masken, die auf die Behandlung abzielen, die du ben\u00f6tigst: Feuchtigkeit, Anti-Falten, empfindliche Haut, Detox.<\/p>\n<p><img loading=\"lazy\" decoding=\"async\" class=\"aligncenter wp-image-20212 size-full\" src=\"http:\/\/bacanaskincare.com\/wp-content\/uploads\/2019\/10\/logo-grouped-payment-secured-quality-e1641931727841.png\" alt=\"\" width=\"450\" height=\"146\"><\/p>\n<\/div>\n<form class=\"cart\" action=\"http:\/\/bacanaskincare.com\/shop\/uncategorized\/green-spa-set\/\" enctype=\"multipart\/form-data\" method=\"post\"><\/form>\n","protected":false},"featured_media":23888,"comment_status":"open","ping_status":"closed","template":"","meta":{"ocean_post_layout":"","ocean_both_sidebars_style":"","ocean_both_sidebars_content_width":0,"ocean_both_sidebars_sidebars_width":0,"ocean_sidebar":"0","ocean_second_sidebar":"0","ocean_disable_margins":"enable","ocean_add_body_class":"","ocean_shortcode_before_top_bar":"","ocean_shortcode_after_top_bar":"","ocean_shortcode_before_header":"","ocean_shortcode_after_header":"","ocean_has_shortcode":"","ocean_shortcode_after_title":"","ocean_shortcode_before_footer_widgets":"","ocean_shortcode_after_footer_widgets":"","ocean_shortcode_before_footer_bottom":"","ocean_shortcode_after_footer_bottom":"","ocean_display_top_bar":"default","ocean_display_header":"default","ocean_header_style":"","ocean_center_header_left_menu":"0","ocean_custom_header_template":"0","ocean_custom_logo":0,"ocean_custom_retina_logo":0,"ocean_custom_logo_max_width":0,"ocean_custom_logo_tablet_max_width":0,"ocean_custom_logo_mobile_max_width":0,"ocean_custom_logo_max_height":0,"ocean_custom_logo_tablet_max_height":0,"ocean_custom_logo_mobile_max_height":0,"ocean_header_custom_menu":"0","ocean_menu_typo_font_family":"0","ocean_menu_typo_font_subset":"","ocean_menu_typo_font_size":0,"ocean_menu_typo_font_size_tablet":0,"ocean_menu_typo_font_size_mobile":0,"ocean_menu_typo_font_size_unit":"px","ocean_menu_typo_font_weight":"","ocean_menu_typo_font_weight_tablet":"","ocean_menu_typo_font_weight_mobile":"","ocean_menu_typo_transform":"","ocean_menu_typo_transform_tablet":"","ocean_menu_typo_transform_mobile":"","ocean_menu_typo_line_height":0,"ocean_menu_typo_line_height_tablet":0,"ocean_menu_typo_line_height_mobile":0,"ocean_menu_typo_line_height_unit":"","ocean_menu_typo_spacing":0,"ocean_menu_typo_spacing_tablet":0,"ocean_menu_typo_spacing_mobile":0,"ocean_menu_typo_spacing_unit":"","ocean_menu_link_color":"","ocean_menu_link_color_hover":"","ocean_menu_link_color_active":"","ocean_menu_link_background":"","ocean_menu_link_hover_background":"","ocean_menu_link_active_background":"","ocean_menu_social_links_bg":"","ocean_menu_social_hover_links_bg":"","ocean_menu_social_links_color":"","ocean_menu_social_hover_links_color":"","ocean_disable_title":"default","ocean_disable_heading":"default","ocean_post_title":"","ocean_post_subheading":"","ocean_post_title_style":"","ocean_post_title_background_color":"","ocean_post_title_background":0,"ocean_post_title_bg_image_position":"","ocean_post_title_bg_image_attachment":"","ocean_post_title_bg_image_repeat":"","ocean_post_title_bg_image_size":"","ocean_post_title_height":0,"ocean_post_title_bg_overlay":0.5,"ocean_post_title_bg_overlay_color":"","ocean_disable_breadcrumbs":"default","ocean_breadcrumbs_color":"","ocean_breadcrumbs_separator_color":"","ocean_breadcrumbs_links_color":"","ocean_breadcrumbs_links_hover_color":"","ocean_display_footer_widgets":"default","ocean_display_footer_bottom":"default","ocean_custom_footer_template":"0","iawp_total_views":3},"product_brand":[],"product_cat":[404],"product_tag":[],"class_list":{"0":"post-19645","1":"product","2":"type-product","3":"status-publish","4":"has-post-thumbnail","6":"product_cat-hautpflege","8":"entry","9":"has-media","11":"first","12":"instock","13":"shipping-taxable","14":"purchasable","15":"product-type-simple","16":"has-rating","17":"has-product-nav","18":"col","19":"span_1_of_3","20":"owp-content-center","21":"item-entry","22":"owp-thumbs-layout-horizontal","23":"owp-btn-normal","24":"owp-tabs-layout-horizontal","26":"circle-sale"},"yoast_head":"<!-- This site is optimized with the Yoast SEO plugin v27.5 - https:\/\/yoast.com\/product\/yoast-seo-wordpress\/ -->\n<title>Multi-Masking Set - Bacana Skincare<\/title>\n<meta name=\"robots\" content=\"index, follow, max-snippet:-1, max-image-preview:large, max-video-preview:-1\" \/>\n<link rel=\"canonical\" href=\"https:\/\/bacanaskincare.com\/de\/product\/multi-masking-set\/\" \/>\n<meta property=\"og:locale\" content=\"de_DE\" \/>\n<meta property=\"og:type\" content=\"article\" \/>\n<meta property=\"og:title\" content=\"Multi-Masking Set - Bacana Skincare\" \/>\n<meta property=\"og:description\" content=\"Eine ma\u00dfgeschneiderte L\u00f6sung f\u00fcr jeden Hautbedarf! Ein Multi-Masking-Set bestehend aus 2 Bacana-Masken, die auf die Behandlung abzielen, die du ben\u00f6tigst: Feuchtigkeit, Anti-Falten, empfindliche Haut, Detox.\" \/>\n<meta property=\"og:url\" content=\"https:\/\/bacanaskincare.com\/de\/product\/multi-masking-set\/\" \/>\n<meta property=\"og:site_name\" content=\"Bacana Skincare\" \/>\n<meta property=\"article:publisher\" content=\"https:\/\/www.facebook.com\/bacanaskincare-106988470647315\/\" \/>\n<meta property=\"article:modified_time\" content=\"2025-12-01T23:11:48+00:00\" \/>\n<meta property=\"og:image\" content=\"https:\/\/bacanaskincare.com\/wp-content\/uploads\/2021\/05\/Multi-masking-and-brush.webp\" \/>\n\t<meta property=\"og:image:width\" content=\"1024\" \/>\n\t<meta property=\"og:image:height\" content=\"1024\" \/>\n\t<meta property=\"og:image:type\" content=\"image\/webp\" \/>\n<meta name=\"twitter:card\" content=\"summary_large_image\" \/>\n<meta name=\"twitter:label1\" content=\"Gesch\u00e4tzte Lesezeit\" \/>\n\t<meta name=\"twitter:data1\" content=\"1\u00a0Minute\" \/>\n<script type=\"application\/ld+json\" class=\"yoast-schema-graph\">{\"@context\":\"https:\\\/\\\/schema.org\",\"@graph\":[{\"@type\":[\"WebPage\",\"ItemPage\"],\"@id\":\"https:\\\/\\\/bacanaskincare.com\\\/de\\\/product\\\/multi-masking-set\\\/\",\"url\":\"https:\\\/\\\/bacanaskincare.com\\\/de\\\/product\\\/multi-masking-set\\\/\",\"name\":\"Multi-Masking Set - Bacana Skincare\",\"isPartOf\":{\"@id\":\"https:\\\/\\\/bacanaskincare.com\\\/de\\\/#website\"},\"primaryImageOfPage\":{\"@id\":\"https:\\\/\\\/bacanaskincare.com\\\/de\\\/product\\\/multi-masking-set\\\/#primaryimage\"},\"image\":{\"@id\":\"https:\\\/\\\/bacanaskincare.com\\\/de\\\/product\\\/multi-masking-set\\\/#primaryimage\"},\"thumbnailUrl\":\"https:\\\/\\\/bacanaskincare.com\\\/wp-content\\\/uploads\\\/2021\\\/05\\\/Multi-masking-and-brush.webp\",\"datePublished\":\"2021-05-15T10:10:07+00:00\",\"dateModified\":\"2025-12-01T23:11:48+00:00\",\"breadcrumb\":{\"@id\":\"https:\\\/\\\/bacanaskincare.com\\\/de\\\/product\\\/multi-masking-set\\\/#breadcrumb\"},\"inLanguage\":\"de\",\"potentialAction\":[{\"@type\":\"ReadAction\",\"target\":[\"https:\\\/\\\/bacanaskincare.com\\\/de\\\/product\\\/multi-masking-set\\\/\"]}]},{\"@type\":\"ImageObject\",\"inLanguage\":\"de\",\"@id\":\"https:\\\/\\\/bacanaskincare.com\\\/de\\\/product\\\/multi-masking-set\\\/#primaryimage\",\"url\":\"https:\\\/\\\/bacanaskincare.com\\\/wp-content\\\/uploads\\\/2021\\\/05\\\/Multi-masking-and-brush.webp\",\"contentUrl\":\"https:\\\/\\\/bacanaskincare.com\\\/wp-content\\\/uploads\\\/2021\\\/05\\\/Multi-masking-and-brush.webp\",\"width\":1024,\"height\":1024},{\"@type\":\"BreadcrumbList\",\"@id\":\"https:\\\/\\\/bacanaskincare.com\\\/de\\\/product\\\/multi-masking-set\\\/#breadcrumb\",\"itemListElement\":[{\"@type\":\"ListItem\",\"position\":1,\"name\":\"Shop\",\"item\":\"https:\\\/\\\/bacanaskincare.com\\\/de\\\/shop\\\/\"},{\"@type\":\"ListItem\",\"position\":2,\"name\":\"Hautpflege\",\"item\":\"https:\\\/\\\/bacanaskincare.com\\\/de\\\/produkt-kategorie\\\/hautpflege\\\/\"},{\"@type\":\"ListItem\",\"position\":3,\"name\":\"Multi-Masking Set\"}]},{\"@type\":\"WebSite\",\"@id\":\"https:\\\/\\\/bacanaskincare.com\\\/de\\\/#website\",\"url\":\"https:\\\/\\\/bacanaskincare.com\\\/de\\\/\",\"name\":\"Bacana Skincare\",\"description\":\"Nat\u00fcrliche Hautpflege mit tropischen Superfr\u00fcchten\",\"publisher\":{\"@id\":\"https:\\\/\\\/bacanaskincare.com\\\/de\\\/#organization\"},\"potentialAction\":[{\"@type\":\"SearchAction\",\"target\":{\"@type\":\"EntryPoint\",\"urlTemplate\":\"https:\\\/\\\/bacanaskincare.com\\\/de\\\/?s={search_term_string}\"},\"query-input\":{\"@type\":\"PropertyValueSpecification\",\"valueRequired\":true,\"valueName\":\"search_term_string\"}}],\"inLanguage\":\"de\"},{\"@type\":\"Organization\",\"@id\":\"https:\\\/\\\/bacanaskincare.com\\\/de\\\/#organization\",\"name\":\"Bacana Skincare\",\"url\":\"https:\\\/\\\/bacanaskincare.com\\\/de\\\/\",\"logo\":{\"@type\":\"ImageObject\",\"inLanguage\":\"de\",\"@id\":\"https:\\\/\\\/bacanaskincare.com\\\/de\\\/#\\\/schema\\\/logo\\\/image\\\/\",\"url\":\"https:\\\/\\\/bacanaskincare.com\\\/wp-content\\\/uploads\\\/2019\\\/09\\\/u.png\",\"contentUrl\":\"https:\\\/\\\/bacanaskincare.com\\\/wp-content\\\/uploads\\\/2019\\\/09\\\/u.png\",\"width\":834,\"height\":226,\"caption\":\"Bacana Skincare\"},\"image\":{\"@id\":\"https:\\\/\\\/bacanaskincare.com\\\/de\\\/#\\\/schema\\\/logo\\\/image\\\/\"},\"sameAs\":[\"https:\\\/\\\/www.facebook.com\\\/bacanaskincare-106988470647315\\\/\",\"https:\\\/\\\/www.instagram.com\\\/bacanaskincare\\\/?hl=en\",\"https:\\\/\\\/br.pinterest.com\\\/d0fd9db15f94c64465fab43d03b69a\\\/\"]}]}<\/script>\n<!-- \/ Yoast SEO plugin. -->","yoast_head_json":{"title":"Multi-Masking Set - Bacana Skincare","robots":{"index":"index","follow":"follow","max-snippet":"max-snippet:-1","max-image-preview":"max-image-preview:large","max-video-preview":"max-video-preview:-1"},"canonical":"https:\/\/bacanaskincare.com\/de\/product\/multi-masking-set\/","og_locale":"de_DE","og_type":"article","og_title":"Multi-Masking Set - Bacana Skincare","og_description":"Eine ma\u00dfgeschneiderte L\u00f6sung f\u00fcr jeden Hautbedarf! Ein Multi-Masking-Set bestehend aus 2 Bacana-Masken, die auf die Behandlung abzielen, die du ben\u00f6tigst: Feuchtigkeit, Anti-Falten, empfindliche Haut, Detox.","og_url":"https:\/\/bacanaskincare.com\/de\/product\/multi-masking-set\/","og_site_name":"Bacana Skincare","article_publisher":"https:\/\/www.facebook.com\/bacanaskincare-106988470647315\/","article_modified_time":"2025-12-01T23:11:48+00:00","og_image":[{"width":1024,"height":1024,"url":"https:\/\/bacanaskincare.com\/wp-content\/uploads\/2021\/05\/Multi-masking-and-brush.webp","type":"image\/webp"}],"twitter_card":"summary_large_image","twitter_misc":{"Gesch\u00e4tzte Lesezeit":"1\u00a0Minute"},"schema":{"@context":"https:\/\/schema.org","@graph":[{"@type":["WebPage","ItemPage"],"@id":"https:\/\/bacanaskincare.com\/de\/product\/multi-masking-set\/","url":"https:\/\/bacanaskincare.com\/de\/product\/multi-masking-set\/","name":"Multi-Masking Set - Bacana Skincare","isPartOf":{"@id":"https:\/\/bacanaskincare.com\/de\/#website"},"primaryImageOfPage":{"@id":"https:\/\/bacanaskincare.com\/de\/product\/multi-masking-set\/#primaryimage"},"image":{"@id":"https:\/\/bacanaskincare.com\/de\/product\/multi-masking-set\/#primaryimage"},"thumbnailUrl":"https:\/\/bacanaskincare.com\/wp-content\/uploads\/2021\/05\/Multi-masking-and-brush.webp","datePublished":"2021-05-15T10:10:07+00:00","dateModified":"2025-12-01T23:11:48+00:00","breadcrumb":{"@id":"https:\/\/bacanaskincare.com\/de\/product\/multi-masking-set\/#breadcrumb"},"inLanguage":"de","potentialAction":[{"@type":"ReadAction","target":["https:\/\/bacanaskincare.com\/de\/product\/multi-masking-set\/"]}]},{"@type":"ImageObject","inLanguage":"de","@id":"https:\/\/bacanaskincare.com\/de\/product\/multi-masking-set\/#primaryimage","url":"https:\/\/bacanaskincare.com\/wp-content\/uploads\/2021\/05\/Multi-masking-and-brush.webp","contentUrl":"https:\/\/bacanaskincare.com\/wp-content\/uploads\/2021\/05\/Multi-masking-and-brush.webp","width":1024,"height":1024},{"@type":"BreadcrumbList","@id":"https:\/\/bacanaskincare.com\/de\/product\/multi-masking-set\/#breadcrumb","itemListElement":[{"@type":"ListItem","position":1,"name":"Shop","item":"https:\/\/bacanaskincare.com\/de\/shop\/"},{"@type":"ListItem","position":2,"name":"Hautpflege","item":"https:\/\/bacanaskincare.com\/de\/produkt-kategorie\/hautpflege\/"},{"@type":"ListItem","position":3,"name":"Multi-Masking Set"}]},{"@type":"WebSite","@id":"https:\/\/bacanaskincare.com\/de\/#website","url":"https:\/\/bacanaskincare.com\/de\/","name":"Bacana Skincare","description":"Nat\u00fcrliche Hautpflege mit tropischen Superfr\u00fcchten","publisher":{"@id":"https:\/\/bacanaskincare.com\/de\/#organization"},"potentialAction":[{"@type":"SearchAction","target":{"@type":"EntryPoint","urlTemplate":"https:\/\/bacanaskincare.com\/de\/?s={search_term_string}"},"query-input":{"@type":"PropertyValueSpecification","valueRequired":true,"valueName":"search_term_string"}}],"inLanguage":"de"},{"@type":"Organization","@id":"https:\/\/bacanaskincare.com\/de\/#organization","name":"Bacana Skincare","url":"https:\/\/bacanaskincare.com\/de\/","logo":{"@type":"ImageObject","inLanguage":"de","@id":"https:\/\/bacanaskincare.com\/de\/#\/schema\/logo\/image\/","url":"https:\/\/bacanaskincare.com\/wp-content\/uploads\/2019\/09\/u.png","contentUrl":"https:\/\/bacanaskincare.com\/wp-content\/uploads\/2019\/09\/u.png","width":834,"height":226,"caption":"Bacana Skincare"},"image":{"@id":"https:\/\/bacanaskincare.com\/de\/#\/schema\/logo\/image\/"},"sameAs":["https:\/\/www.facebook.com\/bacanaskincare-106988470647315\/","https:\/\/www.instagram.com\/bacanaskincare\/?hl=en","https:\/\/br.pinterest.com\/d0fd9db15f94c64465fab43d03b69a\/"]}]}},"_links":{"self":[{"href":"https:\/\/bacanaskincare.com\/de\/wp-json\/wp\/v2\/product\/19645","targetHints":{"allow":["GET"]}}],"collection":[{"href":"https:\/\/bacanaskincare.com\/de\/wp-json\/wp\/v2\/product"}],"about":[{"href":"https:\/\/bacanaskincare.com\/de\/wp-json\/wp\/v2\/types\/product"}],"replies":[{"embeddable":true,"href":"https:\/\/bacanaskincare.com\/de\/wp-json\/wp\/v2\/comments?post=19645"}],"wp:featuredmedia":[{"embeddable":true,"href":"https:\/\/bacanaskincare.com\/de\/wp-json\/wp\/v2\/media\/23888"}],"wp:attachment":[{"href":"https:\/\/bacanaskincare.com\/de\/wp-json\/wp\/v2\/media?parent=19645"}],"wp:term":[{"taxonomy":"product_brand","embeddable":true,"href":"https:\/\/bacanaskincare.com\/de\/wp-json\/wp\/v2\/product_brand?post=19645"},{"taxonomy":"product_cat","embeddable":true,"href":"https:\/\/bacanaskincare.com\/de\/wp-json\/wp\/v2\/product_cat?post=19645"},{"taxonomy":"product_tag","embeddable":true,"href":"https:\/\/bacanaskincare.com\/de\/wp-json\/wp\/v2\/product_tag?post=19645"}],"curies":[{"name":"wp","href":"https:\/\/api.w.org\/{rel}","templated":true}]}}