{"id":19453,"date":"2021-04-21T22:35:02","date_gmt":"2021-04-21T20:35:02","guid":{"rendered":"http:\/\/bacanaskincare.com\/?post_type=product&#038;p=19453"},"modified":"2025-12-22T20:13:42","modified_gmt":"2025-12-22T19:13:42","slug":"bakuchiol-oel-serum","status":"publish","type":"product","link":"https:\/\/bacanaskincare.com\/de\/product\/bakuchiol-oel-serum\/","title":{"rendered":"Bio-Retinol Oil Serum (Bakuchiol)"},"content":{"rendered":"<h3 class=\"p1\"><strong>WICHTIGE INHALTSSTOFFE UND WARUM SIE WIRKEN<\/strong><\/h3>\n<p><strong>BAKUCHIOL:<\/strong> Bakuchiol, eine nat\u00fcrliche Retinol-Alternative, wurde eingehend untersucht. Die Forschung* zeigt, dass es Falten reduziert, den Hautton verbessert, die Elastizit\u00e4t erh\u00f6ht und die Haut strafft. Bakuchiol ist auch bei Akne wirksam.<\/p>\n<p><strong>BIO-SACHA-INCHI-\u00d6L:<\/strong> Dieses \u00d6l stammt aus dem Amazonas-Regenwald und ist au\u00dferordentlich reich an Vitamin E und Omega 3 und 6. Es sch\u00fctzt vor freien Radikalen, die ein bekannter Risikofaktor f\u00fcr den Zellabbau und die vorzeitige Alterung sind. Au\u00dferdem n\u00e4hrt und f\u00f6rdert es die Zellregeneration. Unser Sacha Inchi \u00d6l ist biologisch und Fairtrade zertifiziert und kommt aus Peru. Unser Lieferant hat sich zu nachhaltigen Praktiken verpflichtet, die das Amazonasgebiet und seine biologische Vielfalt erhalten und zur Entwicklung der lokalen Gemeinschaften beitragen.<\/p>\n<p><strong>ASTAXANTHIN:<\/strong> Astaxanthin, ein nat\u00fcrliches orangefarbenes Pigment, das in Mikroalgen vorkommt, verf\u00fcgt \u00fcber eine 60-mal st\u00e4rkere antioxidative Wirkung als Vitamin C und bietet eine solide Unterst\u00fctzung des Kollagens sowie einen Schutz vor Lichtalterung der Haut.<\/p>\n<p><strong>BIO-MORINGA-\u00d6L:<\/strong> Moringa-Samen\u00f6l mit seinem hohen Gehalt an \u00d6ls\u00e4ure n\u00e4hrt die Haut und stellt ihre Barrierefunktion wieder her. Au\u00dferdem ist er reich an Cytokininen wie Zeatin, die das Zellwachstum f\u00f6rdern und der Alterung entgegenwirken.<\/p>\n<p><strong>BIO-GRANATAPFELKERNEXTRAKT, HAGEBUTTEN\u00d6L UND BIO-TRAUBENKERN\u00d6L:<\/strong> Vollgepackt mit nat\u00fcrlichen Vitaminen, Antioxidantien und essentiellen Fetts\u00e4uren repariert es die Haut, macht sie weich und straff und verleiht ihr ein strahlendes, gesundes Aussehen.<\/p>\n<p class=\"p1\"><span style=\"font-size: 14px;\">*Studie aus dem British Journal of Dermatology von 2018: Assessment of Topical Bakuchiol and Retinol for Facial Photoageing.<\/span><\/p>\n","protected":false},"excerpt":{"rendered":"<blockquote>\n<h2>Ein exklusives Gesichts\u00f6l mit 6 pflanzlichen Wirkstoffen, die reich an Antioxidantien, Vitaminen und Omegas sind.<\/h2>\n<\/blockquote>\n<div class=\"flex max-w-full flex-col flex-grow\">\n<div class=\"min-h-8 text-message relative flex w-full flex-col items-end gap-2 whitespace-normal break-words text-start [.text-message+&amp;]:mt-5\" dir=\"auto\" data-message-author-role=\"assistant\" data-message-id=\"c528521c-e104-4d8c-b113-ad7395a7d268\" data-message-model-slug=\"gpt-4o\">\n<div class=\"flex w-full flex-col gap-1 empty:hidden first:pt-[3px]\">\n<div class=\"markdown prose w-full break-words dark:prose-invert light\">\n<p data-start=\"0\" data-end=\"145\" data-is-last-node=\"\" data-is-only-node=\"\"><span style=\"color: #ff0000;\">Wir haben unsere Verpackung aktualisiert und den Produktnamen ge\u00e4ndert, aber keine Sorge \u2013 die Formel bleibt dieselbe! Unser Serum hei\u00dft jetzt <strong data-start=\"125\" data-end=\"144\">Serum Bakuchiol.<\/strong> <\/span><\/p>\n<\/div>\n<\/div>\n<\/div>\n<\/div>\n<p>[vc_row][vc_column][vc_toggle title=&#8220;WAS MACHT SIE?&#8220; style=&#8220;arrow&#8220; custom_font_container=&#8220;tag:h3|text_align:left&#8220; custom_use_theme_fonts=&#8220;yes&#8220;]Unser Serum enth\u00e4lt Bakuchiol, eine nat\u00fcrliche Alternative zu synthetischem Retinol, und ist mit sechs nat\u00fcrlichen Inhaltsstoffen angereichert, die reich an Antioxidantien, Vitaminen, Omegas und Carotinoiden sind: Sacha Inchi-\u00d6l, Hagebutten\u00f6l, Traubenkern\u00f6l, Moringa\u00f6l, Granatapfelextrakt und Astaxanthin.[\/vc_toggle] [vc_toggle title=&#8220;WAS IST DAS?&#8220; style=&#8220;arrow&#8220; custom_font_container=&#8220;tag:h3|text_align:left&#8220; custom_use_theme_fonts=&#8220;yes&#8220;]Diese exklusive Formel unterst\u00fctzt nicht nur die Zellregeneration, stimuliert die Kollagenproduktion und reduziert Hautflecken, sondern hilft dank ihrer nat\u00fcrlichen entz\u00fcndungshemmenden Eigenschaften auch bei der Bek\u00e4mpfung von Akne.[\/vc_toggle][vc_toggle title=&#8220;F\u00dcR WEN?&#8220; style=&#8220;arrow&#8220; custom_font_container=&#8220;tag:h3|text_align:left&#8220; custom_use_theme_fonts=&#8220;yes&#8220;]Geeignet f\u00fcr alle Hauttypen. F\u00fcr die empfindlichsten unter ihnen bieten wir eine parf\u00fcmfreie Version an.[\/vc_toggle][vc_toggle title=&#8220;WIE BENUTZEN?&#8220; style=&#8220;arrow&#8220; custom_font_container=&#8220;tag:h3|text_align:left&#8220; custom_use_theme_fonts=&#8220;yes&#8220;]Nach der Reinigung, Tonisierung und Feuchtigkeitspflege 3 bis 6 Tropfen in kreisenden Aufw\u00e4rtsbewegungen auf Gesicht und Hals einmassieren. Morgens und abends verwenden.[\/vc_toggle][\/vc_column][\/vc_row]<\/p>\n","protected":false},"featured_media":26065,"comment_status":"open","ping_status":"closed","template":"","meta":{"ocean_post_layout":"","ocean_both_sidebars_style":"","ocean_both_sidebars_content_width":0,"ocean_both_sidebars_sidebars_width":0,"ocean_sidebar":"0","ocean_second_sidebar":"0","ocean_disable_margins":"enable","ocean_add_body_class":"","ocean_shortcode_before_top_bar":"","ocean_shortcode_after_top_bar":"","ocean_shortcode_before_header":"","ocean_shortcode_after_header":"","ocean_has_shortcode":"","ocean_shortcode_after_title":"","ocean_shortcode_before_footer_widgets":"","ocean_shortcode_after_footer_widgets":"","ocean_shortcode_before_footer_bottom":"","ocean_shortcode_after_footer_bottom":"","ocean_display_top_bar":"default","ocean_display_header":"default","ocean_header_style":"","ocean_center_header_left_menu":"0","ocean_custom_header_template":"0","ocean_custom_logo":0,"ocean_custom_retina_logo":0,"ocean_custom_logo_max_width":0,"ocean_custom_logo_tablet_max_width":0,"ocean_custom_logo_mobile_max_width":0,"ocean_custom_logo_max_height":0,"ocean_custom_logo_tablet_max_height":0,"ocean_custom_logo_mobile_max_height":0,"ocean_header_custom_menu":"0","ocean_menu_typo_font_family":"0","ocean_menu_typo_font_subset":"","ocean_menu_typo_font_size":0,"ocean_menu_typo_font_size_tablet":0,"ocean_menu_typo_font_size_mobile":0,"ocean_menu_typo_font_size_unit":"px","ocean_menu_typo_font_weight":"","ocean_menu_typo_font_weight_tablet":"","ocean_menu_typo_font_weight_mobile":"","ocean_menu_typo_transform":"","ocean_menu_typo_transform_tablet":"","ocean_menu_typo_transform_mobile":"","ocean_menu_typo_line_height":0,"ocean_menu_typo_line_height_tablet":0,"ocean_menu_typo_line_height_mobile":0,"ocean_menu_typo_line_height_unit":"","ocean_menu_typo_spacing":0,"ocean_menu_typo_spacing_tablet":0,"ocean_menu_typo_spacing_mobile":0,"ocean_menu_typo_spacing_unit":"","ocean_menu_link_color":"","ocean_menu_link_color_hover":"","ocean_menu_link_color_active":"","ocean_menu_link_background":"","ocean_menu_link_hover_background":"","ocean_menu_link_active_background":"","ocean_menu_social_links_bg":"","ocean_menu_social_hover_links_bg":"","ocean_menu_social_links_color":"","ocean_menu_social_hover_links_color":"","ocean_disable_title":"default","ocean_disable_heading":"default","ocean_post_title":"","ocean_post_subheading":"","ocean_post_title_style":"","ocean_post_title_background_color":"","ocean_post_title_background":0,"ocean_post_title_bg_image_position":"","ocean_post_title_bg_image_attachment":"","ocean_post_title_bg_image_repeat":"","ocean_post_title_bg_image_size":"","ocean_post_title_height":0,"ocean_post_title_bg_overlay":0.5,"ocean_post_title_bg_overlay_color":"","ocean_disable_breadcrumbs":"default","ocean_breadcrumbs_color":"","ocean_breadcrumbs_separator_color":"","ocean_breadcrumbs_links_color":"","ocean_breadcrumbs_links_hover_color":"","ocean_display_footer_widgets":"default","ocean_display_footer_bottom":"default","ocean_custom_footer_template":"0","iawp_total_views":120},"product_brand":[],"product_cat":[404],"product_tag":[],"class_list":{"0":"post-19453","1":"product","2":"type-product","3":"status-publish","4":"has-post-thumbnail","6":"product_cat-hautpflege","8":"entry","9":"has-media","11":"first","12":"instock","13":"shipping-taxable","14":"purchasable","15":"product-type-variable","16":"has-default-attributes","17":"has-rating","18":"has-product-nav","19":"col","20":"span_1_of_3","21":"owp-content-center","22":"item-entry","23":"owp-thumbs-layout-horizontal","24":"owp-btn-normal","25":"owp-tabs-layout-horizontal","27":"circle-sale"},"yoast_head":"<!-- This site is optimized with the Yoast SEO plugin v27.3 - https:\/\/yoast.com\/product\/yoast-seo-wordpress\/ -->\n<title>Bio-Retinol Oil Serum (Bakuchiol) - Bacana Skincare<\/title>\n<meta name=\"description\" content=\"Eine innovative Formel mit Bakuchiol (Bio-Retinol), angereichert mit einem Cocktail aus starken Antioxidantien. \u20ac36\" \/>\n<meta name=\"robots\" content=\"index, follow, max-snippet:-1, max-image-preview:large, max-video-preview:-1\" \/>\n<link rel=\"canonical\" href=\"https:\/\/bacanaskincare.com\/de\/product\/bakuchiol-oel-serum\/\" \/>\n<meta property=\"og:locale\" content=\"de_DE\" \/>\n<meta property=\"og:type\" content=\"article\" \/>\n<meta property=\"og:title\" content=\"Bio-Retinol Oil Serum (Bakuchiol) - Bacana Skincare\" \/>\n<meta property=\"og:description\" content=\"Eine innovative Formel mit Bakuchiol (Bio-Retinol), angereichert mit einem Cocktail aus starken Antioxidantien. \u20ac36\" \/>\n<meta property=\"og:url\" content=\"https:\/\/bacanaskincare.com\/de\/product\/bakuchiol-oel-serum\/\" \/>\n<meta property=\"og:site_name\" content=\"Bacana Skincare\" \/>\n<meta property=\"article:publisher\" content=\"https:\/\/www.facebook.com\/bacanaskincare-106988470647315\/\" \/>\n<meta property=\"article:modified_time\" content=\"2025-12-22T19:13:42+00:00\" \/>\n<meta property=\"og:image\" content=\"https:\/\/bacanaskincare.com\/wp-content\/uploads\/2021\/04\/Serum-Bakuchiol-4.jpg\" \/>\n\t<meta property=\"og:image:width\" content=\"1050\" \/>\n\t<meta property=\"og:image:height\" content=\"1050\" \/>\n\t<meta property=\"og:image:type\" content=\"image\/jpeg\" \/>\n<meta name=\"twitter:card\" content=\"summary_large_image\" \/>\n<meta name=\"twitter:label1\" content=\"Gesch\u00e4tzte Lesezeit\" \/>\n\t<meta name=\"twitter:data1\" content=\"1\u00a0Minute\" \/>\n<script type=\"application\/ld+json\" class=\"yoast-schema-graph\">{\"@context\":\"https:\\\/\\\/schema.org\",\"@graph\":[{\"@type\":[\"WebPage\",\"ItemPage\"],\"@id\":\"https:\\\/\\\/bacanaskincare.com\\\/de\\\/product\\\/bakuchiol-oel-serum\\\/\",\"url\":\"https:\\\/\\\/bacanaskincare.com\\\/de\\\/product\\\/bakuchiol-oel-serum\\\/\",\"name\":\"Bio-Retinol Oil Serum (Bakuchiol) - Bacana Skincare\",\"isPartOf\":{\"@id\":\"https:\\\/\\\/bacanaskincare.com\\\/de\\\/#website\"},\"primaryImageOfPage\":{\"@id\":\"https:\\\/\\\/bacanaskincare.com\\\/de\\\/product\\\/bakuchiol-oel-serum\\\/#primaryimage\"},\"image\":{\"@id\":\"https:\\\/\\\/bacanaskincare.com\\\/de\\\/product\\\/bakuchiol-oel-serum\\\/#primaryimage\"},\"thumbnailUrl\":\"https:\\\/\\\/bacanaskincare.com\\\/wp-content\\\/uploads\\\/2021\\\/04\\\/Serum-Bakuchiol-4.jpg\",\"datePublished\":\"2021-04-21T20:35:02+00:00\",\"dateModified\":\"2025-12-22T19:13:42+00:00\",\"description\":\"Eine innovative Formel mit Bakuchiol (Bio-Retinol), angereichert mit einem Cocktail aus starken Antioxidantien. \u20ac36\",\"breadcrumb\":{\"@id\":\"https:\\\/\\\/bacanaskincare.com\\\/de\\\/product\\\/bakuchiol-oel-serum\\\/#breadcrumb\"},\"inLanguage\":\"de\",\"potentialAction\":[{\"@type\":\"ReadAction\",\"target\":[\"https:\\\/\\\/bacanaskincare.com\\\/de\\\/product\\\/bakuchiol-oel-serum\\\/\"]}]},{\"@type\":\"ImageObject\",\"inLanguage\":\"de\",\"@id\":\"https:\\\/\\\/bacanaskincare.com\\\/de\\\/product\\\/bakuchiol-oel-serum\\\/#primaryimage\",\"url\":\"https:\\\/\\\/bacanaskincare.com\\\/wp-content\\\/uploads\\\/2021\\\/04\\\/Serum-Bakuchiol-4.jpg\",\"contentUrl\":\"https:\\\/\\\/bacanaskincare.com\\\/wp-content\\\/uploads\\\/2021\\\/04\\\/Serum-Bakuchiol-4.jpg\",\"width\":1050,\"height\":1050},{\"@type\":\"BreadcrumbList\",\"@id\":\"https:\\\/\\\/bacanaskincare.com\\\/de\\\/product\\\/bakuchiol-oel-serum\\\/#breadcrumb\",\"itemListElement\":[{\"@type\":\"ListItem\",\"position\":1,\"name\":\"Shop\",\"item\":\"https:\\\/\\\/bacanaskincare.com\\\/de\\\/shop\\\/\"},{\"@type\":\"ListItem\",\"position\":2,\"name\":\"Hautpflege\",\"item\":\"https:\\\/\\\/bacanaskincare.com\\\/de\\\/produkt-kategorie\\\/hautpflege\\\/\"},{\"@type\":\"ListItem\",\"position\":3,\"name\":\"Bio-Retinol Oil Serum (Bakuchiol)\"}]},{\"@type\":\"WebSite\",\"@id\":\"https:\\\/\\\/bacanaskincare.com\\\/de\\\/#website\",\"url\":\"https:\\\/\\\/bacanaskincare.com\\\/de\\\/\",\"name\":\"Bacana Skincare\",\"description\":\"Nat\u00fcrliche Hautpflege mit tropischen Superfr\u00fcchten\",\"publisher\":{\"@id\":\"https:\\\/\\\/bacanaskincare.com\\\/de\\\/#organization\"},\"potentialAction\":[{\"@type\":\"SearchAction\",\"target\":{\"@type\":\"EntryPoint\",\"urlTemplate\":\"https:\\\/\\\/bacanaskincare.com\\\/de\\\/?s={search_term_string}\"},\"query-input\":{\"@type\":\"PropertyValueSpecification\",\"valueRequired\":true,\"valueName\":\"search_term_string\"}}],\"inLanguage\":\"de\"},{\"@type\":\"Organization\",\"@id\":\"https:\\\/\\\/bacanaskincare.com\\\/de\\\/#organization\",\"name\":\"Bacana Skincare\",\"url\":\"https:\\\/\\\/bacanaskincare.com\\\/de\\\/\",\"logo\":{\"@type\":\"ImageObject\",\"inLanguage\":\"de\",\"@id\":\"https:\\\/\\\/bacanaskincare.com\\\/de\\\/#\\\/schema\\\/logo\\\/image\\\/\",\"url\":\"https:\\\/\\\/bacanaskincare.com\\\/wp-content\\\/uploads\\\/2019\\\/09\\\/u.png\",\"contentUrl\":\"https:\\\/\\\/bacanaskincare.com\\\/wp-content\\\/uploads\\\/2019\\\/09\\\/u.png\",\"width\":834,\"height\":226,\"caption\":\"Bacana Skincare\"},\"image\":{\"@id\":\"https:\\\/\\\/bacanaskincare.com\\\/de\\\/#\\\/schema\\\/logo\\\/image\\\/\"},\"sameAs\":[\"https:\\\/\\\/www.facebook.com\\\/bacanaskincare-106988470647315\\\/\",\"https:\\\/\\\/www.instagram.com\\\/bacanaskincare\\\/?hl=en\",\"https:\\\/\\\/br.pinterest.com\\\/d0fd9db15f94c64465fab43d03b69a\\\/\"]}]}<\/script>\n<!-- \/ Yoast SEO plugin. -->","yoast_head_json":{"title":"Bio-Retinol Oil Serum (Bakuchiol) - Bacana Skincare","description":"Eine innovative Formel mit Bakuchiol (Bio-Retinol), angereichert mit einem Cocktail aus starken Antioxidantien. \u20ac36","robots":{"index":"index","follow":"follow","max-snippet":"max-snippet:-1","max-image-preview":"max-image-preview:large","max-video-preview":"max-video-preview:-1"},"canonical":"https:\/\/bacanaskincare.com\/de\/product\/bakuchiol-oel-serum\/","og_locale":"de_DE","og_type":"article","og_title":"Bio-Retinol Oil Serum (Bakuchiol) - Bacana Skincare","og_description":"Eine innovative Formel mit Bakuchiol (Bio-Retinol), angereichert mit einem Cocktail aus starken Antioxidantien. \u20ac36","og_url":"https:\/\/bacanaskincare.com\/de\/product\/bakuchiol-oel-serum\/","og_site_name":"Bacana Skincare","article_publisher":"https:\/\/www.facebook.com\/bacanaskincare-106988470647315\/","article_modified_time":"2025-12-22T19:13:42+00:00","og_image":[{"width":1050,"height":1050,"url":"https:\/\/bacanaskincare.com\/wp-content\/uploads\/2021\/04\/Serum-Bakuchiol-4.jpg","type":"image\/jpeg"}],"twitter_card":"summary_large_image","twitter_misc":{"Gesch\u00e4tzte Lesezeit":"1\u00a0Minute"},"schema":{"@context":"https:\/\/schema.org","@graph":[{"@type":["WebPage","ItemPage"],"@id":"https:\/\/bacanaskincare.com\/de\/product\/bakuchiol-oel-serum\/","url":"https:\/\/bacanaskincare.com\/de\/product\/bakuchiol-oel-serum\/","name":"Bio-Retinol Oil Serum (Bakuchiol) - Bacana Skincare","isPartOf":{"@id":"https:\/\/bacanaskincare.com\/de\/#website"},"primaryImageOfPage":{"@id":"https:\/\/bacanaskincare.com\/de\/product\/bakuchiol-oel-serum\/#primaryimage"},"image":{"@id":"https:\/\/bacanaskincare.com\/de\/product\/bakuchiol-oel-serum\/#primaryimage"},"thumbnailUrl":"https:\/\/bacanaskincare.com\/wp-content\/uploads\/2021\/04\/Serum-Bakuchiol-4.jpg","datePublished":"2021-04-21T20:35:02+00:00","dateModified":"2025-12-22T19:13:42+00:00","description":"Eine innovative Formel mit Bakuchiol (Bio-Retinol), angereichert mit einem Cocktail aus starken Antioxidantien. \u20ac36","breadcrumb":{"@id":"https:\/\/bacanaskincare.com\/de\/product\/bakuchiol-oel-serum\/#breadcrumb"},"inLanguage":"de","potentialAction":[{"@type":"ReadAction","target":["https:\/\/bacanaskincare.com\/de\/product\/bakuchiol-oel-serum\/"]}]},{"@type":"ImageObject","inLanguage":"de","@id":"https:\/\/bacanaskincare.com\/de\/product\/bakuchiol-oel-serum\/#primaryimage","url":"https:\/\/bacanaskincare.com\/wp-content\/uploads\/2021\/04\/Serum-Bakuchiol-4.jpg","contentUrl":"https:\/\/bacanaskincare.com\/wp-content\/uploads\/2021\/04\/Serum-Bakuchiol-4.jpg","width":1050,"height":1050},{"@type":"BreadcrumbList","@id":"https:\/\/bacanaskincare.com\/de\/product\/bakuchiol-oel-serum\/#breadcrumb","itemListElement":[{"@type":"ListItem","position":1,"name":"Shop","item":"https:\/\/bacanaskincare.com\/de\/shop\/"},{"@type":"ListItem","position":2,"name":"Hautpflege","item":"https:\/\/bacanaskincare.com\/de\/produkt-kategorie\/hautpflege\/"},{"@type":"ListItem","position":3,"name":"Bio-Retinol Oil Serum (Bakuchiol)"}]},{"@type":"WebSite","@id":"https:\/\/bacanaskincare.com\/de\/#website","url":"https:\/\/bacanaskincare.com\/de\/","name":"Bacana Skincare","description":"Nat\u00fcrliche Hautpflege mit tropischen Superfr\u00fcchten","publisher":{"@id":"https:\/\/bacanaskincare.com\/de\/#organization"},"potentialAction":[{"@type":"SearchAction","target":{"@type":"EntryPoint","urlTemplate":"https:\/\/bacanaskincare.com\/de\/?s={search_term_string}"},"query-input":{"@type":"PropertyValueSpecification","valueRequired":true,"valueName":"search_term_string"}}],"inLanguage":"de"},{"@type":"Organization","@id":"https:\/\/bacanaskincare.com\/de\/#organization","name":"Bacana Skincare","url":"https:\/\/bacanaskincare.com\/de\/","logo":{"@type":"ImageObject","inLanguage":"de","@id":"https:\/\/bacanaskincare.com\/de\/#\/schema\/logo\/image\/","url":"https:\/\/bacanaskincare.com\/wp-content\/uploads\/2019\/09\/u.png","contentUrl":"https:\/\/bacanaskincare.com\/wp-content\/uploads\/2019\/09\/u.png","width":834,"height":226,"caption":"Bacana Skincare"},"image":{"@id":"https:\/\/bacanaskincare.com\/de\/#\/schema\/logo\/image\/"},"sameAs":["https:\/\/www.facebook.com\/bacanaskincare-106988470647315\/","https:\/\/www.instagram.com\/bacanaskincare\/?hl=en","https:\/\/br.pinterest.com\/d0fd9db15f94c64465fab43d03b69a\/"]}]}},"_links":{"self":[{"href":"https:\/\/bacanaskincare.com\/de\/wp-json\/wp\/v2\/product\/19453","targetHints":{"allow":["GET"]}}],"collection":[{"href":"https:\/\/bacanaskincare.com\/de\/wp-json\/wp\/v2\/product"}],"about":[{"href":"https:\/\/bacanaskincare.com\/de\/wp-json\/wp\/v2\/types\/product"}],"replies":[{"embeddable":true,"href":"https:\/\/bacanaskincare.com\/de\/wp-json\/wp\/v2\/comments?post=19453"}],"wp:featuredmedia":[{"embeddable":true,"href":"https:\/\/bacanaskincare.com\/de\/wp-json\/wp\/v2\/media\/26065"}],"wp:attachment":[{"href":"https:\/\/bacanaskincare.com\/de\/wp-json\/wp\/v2\/media?parent=19453"}],"wp:term":[{"taxonomy":"product_brand","embeddable":true,"href":"https:\/\/bacanaskincare.com\/de\/wp-json\/wp\/v2\/product_brand?post=19453"},{"taxonomy":"product_cat","embeddable":true,"href":"https:\/\/bacanaskincare.com\/de\/wp-json\/wp\/v2\/product_cat?post=19453"},{"taxonomy":"product_tag","embeddable":true,"href":"https:\/\/bacanaskincare.com\/de\/wp-json\/wp\/v2\/product_tag?post=19453"}],"curies":[{"name":"wp","href":"https:\/\/api.w.org\/{rel}","templated":true}]}}