{"id":19184,"date":"2020-11-26T10:52:31","date_gmt":"2020-11-26T09:52:31","guid":{"rendered":"http:\/\/bacanaskincare.com\/shop\/unkategorisiert\/spa-time-geschenkset\/"},"modified":"2025-12-22T20:13:45","modified_gmt":"2025-12-22T19:13:45","slug":"spa-time-gift-set","status":"publish","type":"product","link":"https:\/\/bacanaskincare.com\/de\/product\/spa-time-gift-set\/","title":{"rendered":"SPA Zeit Set &#8211; Red Clay"},"content":{"rendered":"<p>50 ml Rote Tonerde Exfoliating &amp; Retexturizing Face Mask<\/p>\n<p>Applikator Gesichtsmaskenb\u00fcrste &#8211; Der Griff ist aus Holz und die Borsten sind aus Kunststoff.<\/p>\n","protected":false},"excerpt":{"rendered":"<blockquote><p><strong>Dies ist ein einfaches, aber sch\u00f6nes Set. Es bringt dir das echte \u201eSpa\u201c-Gef\u00fchl nach Hause und l\u00e4sst dich einen Moment im Paradies verweilen.<\/strong><\/p><\/blockquote>\n<p>&nbsp;<\/p>\n<p><strong>WAS IST INNEN?<\/strong><\/p>\n<p><span style=\"color: #155212;\">1x <a href=\"https:\/\/bacanaskincare.com\/shop\/face-mask\/red-clay-face-mask\/\">Rote Tonerde Exfoliating &amp; Retexturizing Face Mask (50ml)<\/a>:<\/span> Reinigt sanft und verfeinert die Hautstruktur. Peelt sanft und macht deine Haut geschmeidig<\/p>\n<p>1x Pinsel f\u00fcr Gesichtsmasken. Mit unserem speziell angefertigten Pinsel k\u00f6nnen unsere Masken pr\u00e4zise aufgetragen werden. genau das richtige f\u00fcr einen echten Bacana-Moment.<\/p>\n<p><strong>WIE SIE ZU VERWENDEN SIND?<\/strong><\/p>\n<p>Nachdem du dein Gesicht gereinigt hast, trage die Maske mit dem Bacana-Pinsel auf. Warten Sie 15 bis 20 Minuten und sp\u00fclen Sie es dann mit Wasser ab, w\u00e4hrend Sie sanft kreisende Bewegungen zum Peeling machen. 1-3 Mal pro Woche anwenden. Wenn Sie empfindliche Haut haben oder ein Peeling vermeiden m\u00f6chten, tragen Sie die Maske auf Ihr Gesicht auf und warten Sie 15 bis 20 Minuten, bevor Sie sie absp\u00fclen, ohne zu reiben. Augenpartie aussparen.<\/p>\n","protected":false},"featured_media":23925,"comment_status":"open","ping_status":"closed","template":"","meta":{"ocean_post_layout":"","ocean_both_sidebars_style":"","ocean_both_sidebars_content_width":0,"ocean_both_sidebars_sidebars_width":0,"ocean_sidebar":"0","ocean_second_sidebar":"0","ocean_disable_margins":"enable","ocean_add_body_class":"","ocean_shortcode_before_top_bar":"","ocean_shortcode_after_top_bar":"","ocean_shortcode_before_header":"","ocean_shortcode_after_header":"","ocean_has_shortcode":"","ocean_shortcode_after_title":"","ocean_shortcode_before_footer_widgets":"","ocean_shortcode_after_footer_widgets":"","ocean_shortcode_before_footer_bottom":"","ocean_shortcode_after_footer_bottom":"","ocean_display_top_bar":"default","ocean_display_header":"default","ocean_header_style":"","ocean_center_header_left_menu":"0","ocean_custom_header_template":"0","ocean_custom_logo":0,"ocean_custom_retina_logo":0,"ocean_custom_logo_max_width":0,"ocean_custom_logo_tablet_max_width":0,"ocean_custom_logo_mobile_max_width":0,"ocean_custom_logo_max_height":0,"ocean_custom_logo_tablet_max_height":0,"ocean_custom_logo_mobile_max_height":0,"ocean_header_custom_menu":"0","ocean_menu_typo_font_family":"0","ocean_menu_typo_font_subset":"","ocean_menu_typo_font_size":0,"ocean_menu_typo_font_size_tablet":0,"ocean_menu_typo_font_size_mobile":0,"ocean_menu_typo_font_size_unit":"px","ocean_menu_typo_font_weight":"","ocean_menu_typo_font_weight_tablet":"","ocean_menu_typo_font_weight_mobile":"","ocean_menu_typo_transform":"","ocean_menu_typo_transform_tablet":"","ocean_menu_typo_transform_mobile":"","ocean_menu_typo_line_height":0,"ocean_menu_typo_line_height_tablet":0,"ocean_menu_typo_line_height_mobile":0,"ocean_menu_typo_line_height_unit":"","ocean_menu_typo_spacing":0,"ocean_menu_typo_spacing_tablet":0,"ocean_menu_typo_spacing_mobile":0,"ocean_menu_typo_spacing_unit":"","ocean_menu_link_color":"","ocean_menu_link_color_hover":"","ocean_menu_link_color_active":"","ocean_menu_link_background":"","ocean_menu_link_hover_background":"","ocean_menu_link_active_background":"","ocean_menu_social_links_bg":"","ocean_menu_social_hover_links_bg":"","ocean_menu_social_links_color":"","ocean_menu_social_hover_links_color":"","ocean_disable_title":"default","ocean_disable_heading":"default","ocean_post_title":"","ocean_post_subheading":"","ocean_post_title_style":"","ocean_post_title_background_color":"","ocean_post_title_background":0,"ocean_post_title_bg_image_position":"","ocean_post_title_bg_image_attachment":"","ocean_post_title_bg_image_repeat":"","ocean_post_title_bg_image_size":"","ocean_post_title_height":0,"ocean_post_title_bg_overlay":0.5,"ocean_post_title_bg_overlay_color":"","ocean_disable_breadcrumbs":"default","ocean_breadcrumbs_color":"","ocean_breadcrumbs_separator_color":"","ocean_breadcrumbs_links_color":"","ocean_breadcrumbs_links_hover_color":"","ocean_display_footer_widgets":"default","ocean_display_footer_bottom":"default","ocean_custom_footer_template":"0","iawp_total_views":5},"product_brand":[],"product_cat":[404],"product_tag":[],"class_list":{"0":"post-19184","1":"product","2":"type-product","3":"status-publish","4":"has-post-thumbnail","6":"product_cat-hautpflege","8":"entry","9":"has-media","11":"first","12":"instock","13":"shipping-taxable","14":"purchasable","15":"product-type-simple","16":"has-rating","17":"has-product-nav","18":"col","19":"span_1_of_3","20":"owp-content-center","21":"item-entry","22":"owp-thumbs-layout-horizontal","23":"owp-btn-normal","24":"owp-tabs-layout-horizontal","26":"circle-sale"},"yoast_head":"<!-- This site is optimized with the Yoast SEO plugin v27.3 - https:\/\/yoast.com\/product\/yoast-seo-wordpress\/ -->\n<title>SPA Zeit Set - Red Clay - Bacana Skincare<\/title>\n<meta name=\"robots\" content=\"index, follow, max-snippet:-1, max-image-preview:large, max-video-preview:-1\" \/>\n<link rel=\"canonical\" href=\"https:\/\/bacanaskincare.com\/de\/product\/spa-time-gift-set\/\" \/>\n<meta property=\"og:locale\" content=\"de_DE\" \/>\n<meta property=\"og:type\" content=\"article\" \/>\n<meta property=\"og:title\" content=\"SPA Zeit Set - Red Clay - Bacana Skincare\" \/>\n<meta property=\"og:description\" content=\"Dies ist ein einfaches, aber sch\u00f6nes Set. Es bringt dir das echte \u201eSpa\u201c-Gef\u00fchl nach Hause und l\u00e4sst dich einen Moment im Paradies verweilen. &nbsp; WAS IST INNEN? 1x Rote Tonerde Exfoliating &amp; Retexturizing Face Mask (50ml): Reinigt sanft und verfeinert die Hautstruktur. Peelt sanft und macht deine Haut geschmeidig 1x Pinsel f\u00fcr Gesichtsmasken. Mit unserem speziell angefertigten Pinsel k\u00f6nnen unsere Masken pr\u00e4zise aufgetragen werden. genau das richtige f\u00fcr einen echten Bacana-Moment. WIE SIE ZU VERWENDEN SIND? Nachdem du dein Gesicht gereinigt hast, trage die Maske mit dem Bacana-Pinsel auf. Warten Sie 15 bis 20 Minuten und sp\u00fclen Sie es dann mit Wasser ab, w\u00e4hrend Sie sanft kreisende Bewegungen zum Peeling machen. 1-3 Mal pro Woche anwenden. Wenn Sie empfindliche Haut haben oder ein Peeling vermeiden m\u00f6chten, tragen Sie die Maske auf Ihr Gesicht auf und warten Sie 15 bis 20 Minuten, bevor Sie sie absp\u00fclen, ohne zu reiben. Augenpartie aussparen.\" \/>\n<meta property=\"og:url\" content=\"https:\/\/bacanaskincare.com\/de\/product\/spa-time-gift-set\/\" \/>\n<meta property=\"og:site_name\" content=\"Bacana Skincare\" \/>\n<meta property=\"article:publisher\" content=\"https:\/\/www.facebook.com\/bacanaskincare-106988470647315\/\" \/>\n<meta property=\"article:modified_time\" content=\"2025-12-22T19:13:45+00:00\" \/>\n<meta property=\"og:image\" content=\"https:\/\/bacanaskincare.com\/wp-content\/uploads\/2020\/11\/spa-time-red-clay.webp\" \/>\n\t<meta property=\"og:image:width\" content=\"1024\" \/>\n\t<meta property=\"og:image:height\" content=\"1024\" \/>\n\t<meta property=\"og:image:type\" content=\"image\/webp\" \/>\n<meta name=\"twitter:card\" content=\"summary_large_image\" \/>\n<script type=\"application\/ld+json\" class=\"yoast-schema-graph\">{\"@context\":\"https:\\\/\\\/schema.org\",\"@graph\":[{\"@type\":[\"WebPage\",\"ItemPage\"],\"@id\":\"https:\\\/\\\/bacanaskincare.com\\\/de\\\/product\\\/spa-time-gift-set\\\/\",\"url\":\"https:\\\/\\\/bacanaskincare.com\\\/de\\\/product\\\/spa-time-gift-set\\\/\",\"name\":\"SPA Zeit Set - Red Clay - Bacana Skincare\",\"isPartOf\":{\"@id\":\"https:\\\/\\\/bacanaskincare.com\\\/de\\\/#website\"},\"primaryImageOfPage\":{\"@id\":\"https:\\\/\\\/bacanaskincare.com\\\/de\\\/product\\\/spa-time-gift-set\\\/#primaryimage\"},\"image\":{\"@id\":\"https:\\\/\\\/bacanaskincare.com\\\/de\\\/product\\\/spa-time-gift-set\\\/#primaryimage\"},\"thumbnailUrl\":\"https:\\\/\\\/bacanaskincare.com\\\/wp-content\\\/uploads\\\/2020\\\/11\\\/spa-time-red-clay.webp\",\"datePublished\":\"2020-11-26T09:52:31+00:00\",\"dateModified\":\"2025-12-22T19:13:45+00:00\",\"breadcrumb\":{\"@id\":\"https:\\\/\\\/bacanaskincare.com\\\/de\\\/product\\\/spa-time-gift-set\\\/#breadcrumb\"},\"inLanguage\":\"de\",\"potentialAction\":[{\"@type\":\"ReadAction\",\"target\":[\"https:\\\/\\\/bacanaskincare.com\\\/de\\\/product\\\/spa-time-gift-set\\\/\"]}]},{\"@type\":\"ImageObject\",\"inLanguage\":\"de\",\"@id\":\"https:\\\/\\\/bacanaskincare.com\\\/de\\\/product\\\/spa-time-gift-set\\\/#primaryimage\",\"url\":\"https:\\\/\\\/bacanaskincare.com\\\/wp-content\\\/uploads\\\/2020\\\/11\\\/spa-time-red-clay.webp\",\"contentUrl\":\"https:\\\/\\\/bacanaskincare.com\\\/wp-content\\\/uploads\\\/2020\\\/11\\\/spa-time-red-clay.webp\",\"width\":1024,\"height\":1024},{\"@type\":\"BreadcrumbList\",\"@id\":\"https:\\\/\\\/bacanaskincare.com\\\/de\\\/product\\\/spa-time-gift-set\\\/#breadcrumb\",\"itemListElement\":[{\"@type\":\"ListItem\",\"position\":1,\"name\":\"Shop\",\"item\":\"https:\\\/\\\/bacanaskincare.com\\\/de\\\/shop\\\/\"},{\"@type\":\"ListItem\",\"position\":2,\"name\":\"Hautpflege\",\"item\":\"https:\\\/\\\/bacanaskincare.com\\\/de\\\/produkt-kategorie\\\/hautpflege\\\/\"},{\"@type\":\"ListItem\",\"position\":3,\"name\":\"SPA Zeit Set &#8211; Red Clay\"}]},{\"@type\":\"WebSite\",\"@id\":\"https:\\\/\\\/bacanaskincare.com\\\/de\\\/#website\",\"url\":\"https:\\\/\\\/bacanaskincare.com\\\/de\\\/\",\"name\":\"Bacana Skincare\",\"description\":\"Nat\u00fcrliche Hautpflege mit tropischen Superfr\u00fcchten\",\"publisher\":{\"@id\":\"https:\\\/\\\/bacanaskincare.com\\\/de\\\/#organization\"},\"potentialAction\":[{\"@type\":\"SearchAction\",\"target\":{\"@type\":\"EntryPoint\",\"urlTemplate\":\"https:\\\/\\\/bacanaskincare.com\\\/de\\\/?s={search_term_string}\"},\"query-input\":{\"@type\":\"PropertyValueSpecification\",\"valueRequired\":true,\"valueName\":\"search_term_string\"}}],\"inLanguage\":\"de\"},{\"@type\":\"Organization\",\"@id\":\"https:\\\/\\\/bacanaskincare.com\\\/de\\\/#organization\",\"name\":\"Bacana Skincare\",\"url\":\"https:\\\/\\\/bacanaskincare.com\\\/de\\\/\",\"logo\":{\"@type\":\"ImageObject\",\"inLanguage\":\"de\",\"@id\":\"https:\\\/\\\/bacanaskincare.com\\\/de\\\/#\\\/schema\\\/logo\\\/image\\\/\",\"url\":\"https:\\\/\\\/bacanaskincare.com\\\/wp-content\\\/uploads\\\/2019\\\/09\\\/u.png\",\"contentUrl\":\"https:\\\/\\\/bacanaskincare.com\\\/wp-content\\\/uploads\\\/2019\\\/09\\\/u.png\",\"width\":834,\"height\":226,\"caption\":\"Bacana Skincare\"},\"image\":{\"@id\":\"https:\\\/\\\/bacanaskincare.com\\\/de\\\/#\\\/schema\\\/logo\\\/image\\\/\"},\"sameAs\":[\"https:\\\/\\\/www.facebook.com\\\/bacanaskincare-106988470647315\\\/\",\"https:\\\/\\\/www.instagram.com\\\/bacanaskincare\\\/?hl=en\",\"https:\\\/\\\/br.pinterest.com\\\/d0fd9db15f94c64465fab43d03b69a\\\/\"]}]}<\/script>\n<!-- \/ Yoast SEO plugin. -->","yoast_head_json":{"title":"SPA Zeit Set - Red Clay - Bacana Skincare","robots":{"index":"index","follow":"follow","max-snippet":"max-snippet:-1","max-image-preview":"max-image-preview:large","max-video-preview":"max-video-preview:-1"},"canonical":"https:\/\/bacanaskincare.com\/de\/product\/spa-time-gift-set\/","og_locale":"de_DE","og_type":"article","og_title":"SPA Zeit Set - Red Clay - Bacana Skincare","og_description":"Dies ist ein einfaches, aber sch\u00f6nes Set. Es bringt dir das echte \u201eSpa\u201c-Gef\u00fchl nach Hause und l\u00e4sst dich einen Moment im Paradies verweilen. &nbsp; WAS IST INNEN? 1x Rote Tonerde Exfoliating &amp; Retexturizing Face Mask (50ml): Reinigt sanft und verfeinert die Hautstruktur. Peelt sanft und macht deine Haut geschmeidig 1x Pinsel f\u00fcr Gesichtsmasken. Mit unserem speziell angefertigten Pinsel k\u00f6nnen unsere Masken pr\u00e4zise aufgetragen werden. genau das richtige f\u00fcr einen echten Bacana-Moment. WIE SIE ZU VERWENDEN SIND? Nachdem du dein Gesicht gereinigt hast, trage die Maske mit dem Bacana-Pinsel auf. Warten Sie 15 bis 20 Minuten und sp\u00fclen Sie es dann mit Wasser ab, w\u00e4hrend Sie sanft kreisende Bewegungen zum Peeling machen. 1-3 Mal pro Woche anwenden. Wenn Sie empfindliche Haut haben oder ein Peeling vermeiden m\u00f6chten, tragen Sie die Maske auf Ihr Gesicht auf und warten Sie 15 bis 20 Minuten, bevor Sie sie absp\u00fclen, ohne zu reiben. Augenpartie aussparen.","og_url":"https:\/\/bacanaskincare.com\/de\/product\/spa-time-gift-set\/","og_site_name":"Bacana Skincare","article_publisher":"https:\/\/www.facebook.com\/bacanaskincare-106988470647315\/","article_modified_time":"2025-12-22T19:13:45+00:00","og_image":[{"width":1024,"height":1024,"url":"https:\/\/bacanaskincare.com\/wp-content\/uploads\/2020\/11\/spa-time-red-clay.webp","type":"image\/webp"}],"twitter_card":"summary_large_image","schema":{"@context":"https:\/\/schema.org","@graph":[{"@type":["WebPage","ItemPage"],"@id":"https:\/\/bacanaskincare.com\/de\/product\/spa-time-gift-set\/","url":"https:\/\/bacanaskincare.com\/de\/product\/spa-time-gift-set\/","name":"SPA Zeit Set - Red Clay - Bacana Skincare","isPartOf":{"@id":"https:\/\/bacanaskincare.com\/de\/#website"},"primaryImageOfPage":{"@id":"https:\/\/bacanaskincare.com\/de\/product\/spa-time-gift-set\/#primaryimage"},"image":{"@id":"https:\/\/bacanaskincare.com\/de\/product\/spa-time-gift-set\/#primaryimage"},"thumbnailUrl":"https:\/\/bacanaskincare.com\/wp-content\/uploads\/2020\/11\/spa-time-red-clay.webp","datePublished":"2020-11-26T09:52:31+00:00","dateModified":"2025-12-22T19:13:45+00:00","breadcrumb":{"@id":"https:\/\/bacanaskincare.com\/de\/product\/spa-time-gift-set\/#breadcrumb"},"inLanguage":"de","potentialAction":[{"@type":"ReadAction","target":["https:\/\/bacanaskincare.com\/de\/product\/spa-time-gift-set\/"]}]},{"@type":"ImageObject","inLanguage":"de","@id":"https:\/\/bacanaskincare.com\/de\/product\/spa-time-gift-set\/#primaryimage","url":"https:\/\/bacanaskincare.com\/wp-content\/uploads\/2020\/11\/spa-time-red-clay.webp","contentUrl":"https:\/\/bacanaskincare.com\/wp-content\/uploads\/2020\/11\/spa-time-red-clay.webp","width":1024,"height":1024},{"@type":"BreadcrumbList","@id":"https:\/\/bacanaskincare.com\/de\/product\/spa-time-gift-set\/#breadcrumb","itemListElement":[{"@type":"ListItem","position":1,"name":"Shop","item":"https:\/\/bacanaskincare.com\/de\/shop\/"},{"@type":"ListItem","position":2,"name":"Hautpflege","item":"https:\/\/bacanaskincare.com\/de\/produkt-kategorie\/hautpflege\/"},{"@type":"ListItem","position":3,"name":"SPA Zeit Set &#8211; Red Clay"}]},{"@type":"WebSite","@id":"https:\/\/bacanaskincare.com\/de\/#website","url":"https:\/\/bacanaskincare.com\/de\/","name":"Bacana Skincare","description":"Nat\u00fcrliche Hautpflege mit tropischen Superfr\u00fcchten","publisher":{"@id":"https:\/\/bacanaskincare.com\/de\/#organization"},"potentialAction":[{"@type":"SearchAction","target":{"@type":"EntryPoint","urlTemplate":"https:\/\/bacanaskincare.com\/de\/?s={search_term_string}"},"query-input":{"@type":"PropertyValueSpecification","valueRequired":true,"valueName":"search_term_string"}}],"inLanguage":"de"},{"@type":"Organization","@id":"https:\/\/bacanaskincare.com\/de\/#organization","name":"Bacana Skincare","url":"https:\/\/bacanaskincare.com\/de\/","logo":{"@type":"ImageObject","inLanguage":"de","@id":"https:\/\/bacanaskincare.com\/de\/#\/schema\/logo\/image\/","url":"https:\/\/bacanaskincare.com\/wp-content\/uploads\/2019\/09\/u.png","contentUrl":"https:\/\/bacanaskincare.com\/wp-content\/uploads\/2019\/09\/u.png","width":834,"height":226,"caption":"Bacana Skincare"},"image":{"@id":"https:\/\/bacanaskincare.com\/de\/#\/schema\/logo\/image\/"},"sameAs":["https:\/\/www.facebook.com\/bacanaskincare-106988470647315\/","https:\/\/www.instagram.com\/bacanaskincare\/?hl=en","https:\/\/br.pinterest.com\/d0fd9db15f94c64465fab43d03b69a\/"]}]}},"_links":{"self":[{"href":"https:\/\/bacanaskincare.com\/de\/wp-json\/wp\/v2\/product\/19184","targetHints":{"allow":["GET"]}}],"collection":[{"href":"https:\/\/bacanaskincare.com\/de\/wp-json\/wp\/v2\/product"}],"about":[{"href":"https:\/\/bacanaskincare.com\/de\/wp-json\/wp\/v2\/types\/product"}],"replies":[{"embeddable":true,"href":"https:\/\/bacanaskincare.com\/de\/wp-json\/wp\/v2\/comments?post=19184"}],"wp:featuredmedia":[{"embeddable":true,"href":"https:\/\/bacanaskincare.com\/de\/wp-json\/wp\/v2\/media\/23925"}],"wp:attachment":[{"href":"https:\/\/bacanaskincare.com\/de\/wp-json\/wp\/v2\/media?parent=19184"}],"wp:term":[{"taxonomy":"product_brand","embeddable":true,"href":"https:\/\/bacanaskincare.com\/de\/wp-json\/wp\/v2\/product_brand?post=19184"},{"taxonomy":"product_cat","embeddable":true,"href":"https:\/\/bacanaskincare.com\/de\/wp-json\/wp\/v2\/product_cat?post=19184"},{"taxonomy":"product_tag","embeddable":true,"href":"https:\/\/bacanaskincare.com\/de\/wp-json\/wp\/v2\/product_tag?post=19184"}],"curies":[{"name":"wp","href":"https:\/\/api.w.org\/{rel}","templated":true}]}}