{"id":19174,"date":"2020-11-11T23:22:02","date_gmt":"2020-11-11T22:22:02","guid":{"rendered":"http:\/\/bacanaskincare.com\/shop\/unkategorisiert\/serenity-vitamin-gesichtswasser\/"},"modified":"2026-02-25T18:27:05","modified_gmt":"2026-02-25T17:27:05","slug":"gelassenheit-vitamin-nebel-toner","status":"publish","type":"product","link":"https:\/\/bacanaskincare.com\/de\/product\/gelassenheit-vitamin-nebel-toner\/","title":{"rendered":"Serenity Vitamin Gesichtswasser"},"content":{"rendered":"<ul>\n<li>Revitalisiert und beruhigt die Haut und entfernt Unreinheiten<\/li>\n<li>Enth\u00e4lt Kokoswasser und Vitamin B5, um die Haut sofort mit Feuchtigkeit zu versorgen<\/li>\n<li>Enth\u00e4lt Vitamin B3 (Niacinamid), das die Haut beruhigt, ihr Glanz verleiht und die Poren strafft<\/li>\n<li>Super vielseitig und multifunktional, kann es als Grundierung f\u00fcr einen zus\u00e4tzlichen Feuchtigkeitsschub verwendet werden.<\/li>\n<li>DUFT: Zarte Blumennote aus Neroli- und Melissen-Hydrolat<\/li>\n<\/ul>\n<p>Alle unsere Produkte werden in einem recycelbaren Glasbeh\u00e4lter verkauft.<\/p>\n<p>&nbsp;<\/p>\n<p>Unser alkoholfreier Gesichtswasser kombiniert Kokoswasser, Panthenol (Vitamin B5) und Niacinamid (Vitamin B3), um die Haut zu beruhigen, zu reinigen und mit Feuchtigkeit zu versorgen.<\/p>\n<p>&nbsp;<\/p>\n<h3>Wirkstoffe:<\/h3>\n<ul>\n<li><span style=\"text-decoration: underline;\"><strong>KOKOSWASSER<\/strong>:<\/span><br \/>\nSein hoher N\u00e4hrstoff-, Mineralstoff- und Feuchtigkeitsgehalt macht es perfekt, um die Haut zu rehydrieren.<\/li>\n<li><strong><span style=\"text-decoration: underline;\">VITAMIN B3:<\/span><\/strong><br \/>\nTut der Haut viel Gutes Es hilft bei der Reduzierung vergr\u00f6\u00dferter Poren und dunkler Flecken, der Regulation der Talgproduktion und der Reinigung verstopfter Haut.<\/li>\n<li><strong><span style=\"text-decoration: underline;\">VITAMIN B5 (Panthenol):<br \/>\n<\/span><\/strong>Hilft, den Verlust und die Aufnahme von Feuchtigkeit auszugleichen<\/li>\n<li><strong><span style=\"text-decoration: underline;\">NEROLI- &amp; MELISSEN-HYDROLAT:<br \/>\n<\/span><\/strong>Spenden Feuchtigkeit und erfrischen deine Haut zwischen Reinigung und Anwendung deiner Gesichtscreme.<\/li>\n<\/ul>\n<p>Wenn du mehr \u00fcber unsere Schl\u00fcsselinhaltsstoffe erfahren m\u00f6chtest und dar\u00fcber, warum deine <em>Hautpflege Superfr\u00fcchte<\/em> enthalten sollte, kannst du <a href=\"https:\/\/bacanaskincare.com\/why-should-your-skin-care-include-superfruits\/\" target=\"_blank\" rel=\"noopener\">hier<\/a> unseren Blog-Artikel dazu lesen.<\/p>\n<p>&nbsp;<\/p>\n<h3>Anwendung des Serenity Vitamin Gesichtswassers:<\/h3>\n<ul>\n<li>Die Flasche kurz sch\u00fctteln und dann auf Gesicht und Hals aufspr\u00fchen<\/li>\n<li>F\u00fcr zus\u00e4tzliche Feuchtigkeitszufuhr einwirken lassen, ansonsten mit einem Wattepad abwischen.<\/li>\n<li>Morgens und abends nach der Reinigung anwenden<\/li>\n<\/ul>\n","protected":false},"excerpt":{"rendered":"<p><span style=\"font-size: 14pt;\"><strong>Erwecke m\u00fcde Haut nach der Gesichtsreinigung wieder zum Leben.<\/strong><\/span><\/p>\n<p>Inhalt: 100 ml<\/p>\n<p><img loading=\"lazy\" decoding=\"async\" class=\"aligncenter wp-image-20212 size-full\" src=\"http:\/\/bacanaskincare.com\/wp-content\/uploads\/2019\/10\/logo-grouped-payment-secured-quality-e1641931727841.png\" alt=\"\" width=\"450\" height=\"146\"><\/p>\n","protected":false},"featured_media":26008,"comment_status":"open","ping_status":"closed","template":"","meta":{"ocean_post_layout":"","ocean_both_sidebars_style":"","ocean_both_sidebars_content_width":0,"ocean_both_sidebars_sidebars_width":0,"ocean_sidebar":"0","ocean_second_sidebar":"0","ocean_disable_margins":"enable","ocean_add_body_class":"","ocean_shortcode_before_top_bar":"","ocean_shortcode_after_top_bar":"","ocean_shortcode_before_header":"","ocean_shortcode_after_header":"","ocean_has_shortcode":"","ocean_shortcode_after_title":"","ocean_shortcode_before_footer_widgets":"","ocean_shortcode_after_footer_widgets":"","ocean_shortcode_before_footer_bottom":"","ocean_shortcode_after_footer_bottom":"","ocean_display_top_bar":"default","ocean_display_header":"default","ocean_header_style":"","ocean_center_header_left_menu":"0","ocean_custom_header_template":"0","ocean_custom_logo":0,"ocean_custom_retina_logo":0,"ocean_custom_logo_max_width":0,"ocean_custom_logo_tablet_max_width":0,"ocean_custom_logo_mobile_max_width":0,"ocean_custom_logo_max_height":0,"ocean_custom_logo_tablet_max_height":0,"ocean_custom_logo_mobile_max_height":0,"ocean_header_custom_menu":"0","ocean_menu_typo_font_family":"0","ocean_menu_typo_font_subset":"","ocean_menu_typo_font_size":0,"ocean_menu_typo_font_size_tablet":0,"ocean_menu_typo_font_size_mobile":0,"ocean_menu_typo_font_size_unit":"px","ocean_menu_typo_font_weight":"","ocean_menu_typo_font_weight_tablet":"","ocean_menu_typo_font_weight_mobile":"","ocean_menu_typo_transform":"","ocean_menu_typo_transform_tablet":"","ocean_menu_typo_transform_mobile":"","ocean_menu_typo_line_height":0,"ocean_menu_typo_line_height_tablet":0,"ocean_menu_typo_line_height_mobile":0,"ocean_menu_typo_line_height_unit":"","ocean_menu_typo_spacing":0,"ocean_menu_typo_spacing_tablet":0,"ocean_menu_typo_spacing_mobile":0,"ocean_menu_typo_spacing_unit":"","ocean_menu_link_color":"","ocean_menu_link_color_hover":"","ocean_menu_link_color_active":"","ocean_menu_link_background":"","ocean_menu_link_hover_background":"","ocean_menu_link_active_background":"","ocean_menu_social_links_bg":"","ocean_menu_social_hover_links_bg":"","ocean_menu_social_links_color":"","ocean_menu_social_hover_links_color":"","ocean_disable_title":"default","ocean_disable_heading":"default","ocean_post_title":"","ocean_post_subheading":"","ocean_post_title_style":"","ocean_post_title_background_color":"","ocean_post_title_background":0,"ocean_post_title_bg_image_position":"","ocean_post_title_bg_image_attachment":"","ocean_post_title_bg_image_repeat":"","ocean_post_title_bg_image_size":"","ocean_post_title_height":0,"ocean_post_title_bg_overlay":0.5,"ocean_post_title_bg_overlay_color":"","ocean_disable_breadcrumbs":"default","ocean_breadcrumbs_color":"","ocean_breadcrumbs_separator_color":"","ocean_breadcrumbs_links_color":"","ocean_breadcrumbs_links_hover_color":"","ocean_display_footer_widgets":"default","ocean_display_footer_bottom":"default","ocean_custom_footer_template":"0","iawp_total_views":28},"product_brand":[],"product_cat":[404],"product_tag":[],"class_list":{"0":"post-19174","1":"product","2":"type-product","3":"status-publish","4":"has-post-thumbnail","6":"product_cat-hautpflege","8":"entry","9":"has-media","11":"first","12":"instock","13":"shipping-taxable","14":"purchasable","15":"product-type-simple","16":"has-rating","17":"has-product-nav","18":"col","19":"span_1_of_3","20":"owp-content-center","21":"item-entry","22":"owp-thumbs-layout-horizontal","23":"owp-btn-normal","24":"owp-tabs-layout-horizontal","25":"has-no-thumbnails","27":"circle-sale"},"yoast_head":"<!-- This site is optimized with the Yoast SEO plugin v27.3 - https:\/\/yoast.com\/product\/yoast-seo-wordpress\/ -->\n<title>Serenity Vitamin Gesichtswasser | Bacana Skincare | Cruelty free &amp; Vegan<\/title>\n<meta name=\"description\" content=\"Erwecke m\u00fcde Haut nach der Gesichtsreinigung wieder zum Leben! Unser Mist Toner revitalisiert und beruhigt die Haut und entfernt \u00fcbersch\u00fcssige Unreinheiten\" \/>\n<meta name=\"robots\" content=\"index, follow, max-snippet:-1, max-image-preview:large, max-video-preview:-1\" \/>\n<link rel=\"canonical\" href=\"https:\/\/bacanaskincare.com\/de\/product\/gelassenheit-vitamin-nebel-toner\/\" \/>\n<meta property=\"og:locale\" content=\"de_DE\" \/>\n<meta property=\"og:type\" content=\"article\" \/>\n<meta property=\"og:title\" content=\"Serenity Vitamin Gesichtswasser | Bacana Skincare | Cruelty free &amp; Vegan\" \/>\n<meta property=\"og:description\" content=\"Erwecke m\u00fcde Haut nach der Gesichtsreinigung wieder zum Leben! Unser Mist Toner revitalisiert und beruhigt die Haut und entfernt \u00fcbersch\u00fcssige Unreinheiten\" \/>\n<meta property=\"og:url\" content=\"https:\/\/bacanaskincare.com\/de\/product\/gelassenheit-vitamin-nebel-toner\/\" \/>\n<meta property=\"og:site_name\" content=\"Bacana Skincare\" \/>\n<meta property=\"article:publisher\" content=\"https:\/\/www.facebook.com\/bacanaskincare-106988470647315\/\" \/>\n<meta property=\"article:modified_time\" content=\"2026-02-25T17:27:05+00:00\" \/>\n<meta property=\"og:image\" content=\"https:\/\/bacanaskincare.com\/wp-content\/uploads\/2020\/11\/Mist-Toner-1.jpg\" \/>\n\t<meta property=\"og:image:width\" content=\"1050\" \/>\n\t<meta property=\"og:image:height\" content=\"1050\" \/>\n\t<meta property=\"og:image:type\" content=\"image\/jpeg\" \/>\n<meta name=\"twitter:card\" content=\"summary_large_image\" \/>\n<meta name=\"twitter:label1\" content=\"Gesch\u00e4tzte Lesezeit\" \/>\n\t<meta name=\"twitter:data1\" content=\"1\u00a0Minute\" \/>\n<script type=\"application\/ld+json\" class=\"yoast-schema-graph\">{\"@context\":\"https:\\\/\\\/schema.org\",\"@graph\":[{\"@type\":[\"WebPage\",\"ItemPage\"],\"@id\":\"https:\\\/\\\/bacanaskincare.com\\\/de\\\/product\\\/gelassenheit-vitamin-nebel-toner\\\/\",\"url\":\"https:\\\/\\\/bacanaskincare.com\\\/de\\\/product\\\/gelassenheit-vitamin-nebel-toner\\\/\",\"name\":\"Serenity Vitamin Gesichtswasser | Bacana Skincare | Cruelty free & Vegan\",\"isPartOf\":{\"@id\":\"https:\\\/\\\/bacanaskincare.com\\\/de\\\/#website\"},\"primaryImageOfPage\":{\"@id\":\"https:\\\/\\\/bacanaskincare.com\\\/de\\\/product\\\/gelassenheit-vitamin-nebel-toner\\\/#primaryimage\"},\"image\":{\"@id\":\"https:\\\/\\\/bacanaskincare.com\\\/de\\\/product\\\/gelassenheit-vitamin-nebel-toner\\\/#primaryimage\"},\"thumbnailUrl\":\"https:\\\/\\\/bacanaskincare.com\\\/wp-content\\\/uploads\\\/2020\\\/11\\\/Mist-Toner-1.jpg\",\"datePublished\":\"2020-11-11T22:22:02+00:00\",\"dateModified\":\"2026-02-25T17:27:05+00:00\",\"description\":\"Erwecke m\u00fcde Haut nach der Gesichtsreinigung wieder zum Leben! Unser Mist Toner revitalisiert und beruhigt die Haut und entfernt \u00fcbersch\u00fcssige Unreinheiten\",\"breadcrumb\":{\"@id\":\"https:\\\/\\\/bacanaskincare.com\\\/de\\\/product\\\/gelassenheit-vitamin-nebel-toner\\\/#breadcrumb\"},\"inLanguage\":\"de\",\"potentialAction\":[{\"@type\":\"ReadAction\",\"target\":[\"https:\\\/\\\/bacanaskincare.com\\\/de\\\/product\\\/gelassenheit-vitamin-nebel-toner\\\/\"]}]},{\"@type\":\"ImageObject\",\"inLanguage\":\"de\",\"@id\":\"https:\\\/\\\/bacanaskincare.com\\\/de\\\/product\\\/gelassenheit-vitamin-nebel-toner\\\/#primaryimage\",\"url\":\"https:\\\/\\\/bacanaskincare.com\\\/wp-content\\\/uploads\\\/2020\\\/11\\\/Mist-Toner-1.jpg\",\"contentUrl\":\"https:\\\/\\\/bacanaskincare.com\\\/wp-content\\\/uploads\\\/2020\\\/11\\\/Mist-Toner-1.jpg\",\"width\":1050,\"height\":1050},{\"@type\":\"BreadcrumbList\",\"@id\":\"https:\\\/\\\/bacanaskincare.com\\\/de\\\/product\\\/gelassenheit-vitamin-nebel-toner\\\/#breadcrumb\",\"itemListElement\":[{\"@type\":\"ListItem\",\"position\":1,\"name\":\"Shop\",\"item\":\"https:\\\/\\\/bacanaskincare.com\\\/de\\\/shop\\\/\"},{\"@type\":\"ListItem\",\"position\":2,\"name\":\"Hautpflege\",\"item\":\"https:\\\/\\\/bacanaskincare.com\\\/de\\\/produkt-kategorie\\\/hautpflege\\\/\"},{\"@type\":\"ListItem\",\"position\":3,\"name\":\"Serenity Vitamin Gesichtswasser\"}]},{\"@type\":\"WebSite\",\"@id\":\"https:\\\/\\\/bacanaskincare.com\\\/de\\\/#website\",\"url\":\"https:\\\/\\\/bacanaskincare.com\\\/de\\\/\",\"name\":\"Bacana Skincare\",\"description\":\"Nat\u00fcrliche Hautpflege mit tropischen Superfr\u00fcchten\",\"publisher\":{\"@id\":\"https:\\\/\\\/bacanaskincare.com\\\/de\\\/#organization\"},\"potentialAction\":[{\"@type\":\"SearchAction\",\"target\":{\"@type\":\"EntryPoint\",\"urlTemplate\":\"https:\\\/\\\/bacanaskincare.com\\\/de\\\/?s={search_term_string}\"},\"query-input\":{\"@type\":\"PropertyValueSpecification\",\"valueRequired\":true,\"valueName\":\"search_term_string\"}}],\"inLanguage\":\"de\"},{\"@type\":\"Organization\",\"@id\":\"https:\\\/\\\/bacanaskincare.com\\\/de\\\/#organization\",\"name\":\"Bacana Skincare\",\"url\":\"https:\\\/\\\/bacanaskincare.com\\\/de\\\/\",\"logo\":{\"@type\":\"ImageObject\",\"inLanguage\":\"de\",\"@id\":\"https:\\\/\\\/bacanaskincare.com\\\/de\\\/#\\\/schema\\\/logo\\\/image\\\/\",\"url\":\"https:\\\/\\\/bacanaskincare.com\\\/wp-content\\\/uploads\\\/2019\\\/09\\\/u.png\",\"contentUrl\":\"https:\\\/\\\/bacanaskincare.com\\\/wp-content\\\/uploads\\\/2019\\\/09\\\/u.png\",\"width\":834,\"height\":226,\"caption\":\"Bacana Skincare\"},\"image\":{\"@id\":\"https:\\\/\\\/bacanaskincare.com\\\/de\\\/#\\\/schema\\\/logo\\\/image\\\/\"},\"sameAs\":[\"https:\\\/\\\/www.facebook.com\\\/bacanaskincare-106988470647315\\\/\",\"https:\\\/\\\/www.instagram.com\\\/bacanaskincare\\\/?hl=en\",\"https:\\\/\\\/br.pinterest.com\\\/d0fd9db15f94c64465fab43d03b69a\\\/\"]}]}<\/script>\n<!-- \/ Yoast SEO plugin. -->","yoast_head_json":{"title":"Serenity Vitamin Gesichtswasser | Bacana Skincare | Cruelty free & Vegan","description":"Erwecke m\u00fcde Haut nach der Gesichtsreinigung wieder zum Leben! Unser Mist Toner revitalisiert und beruhigt die Haut und entfernt \u00fcbersch\u00fcssige Unreinheiten","robots":{"index":"index","follow":"follow","max-snippet":"max-snippet:-1","max-image-preview":"max-image-preview:large","max-video-preview":"max-video-preview:-1"},"canonical":"https:\/\/bacanaskincare.com\/de\/product\/gelassenheit-vitamin-nebel-toner\/","og_locale":"de_DE","og_type":"article","og_title":"Serenity Vitamin Gesichtswasser | Bacana Skincare | Cruelty free & Vegan","og_description":"Erwecke m\u00fcde Haut nach der Gesichtsreinigung wieder zum Leben! Unser Mist Toner revitalisiert und beruhigt die Haut und entfernt \u00fcbersch\u00fcssige Unreinheiten","og_url":"https:\/\/bacanaskincare.com\/de\/product\/gelassenheit-vitamin-nebel-toner\/","og_site_name":"Bacana Skincare","article_publisher":"https:\/\/www.facebook.com\/bacanaskincare-106988470647315\/","article_modified_time":"2026-02-25T17:27:05+00:00","og_image":[{"width":1050,"height":1050,"url":"https:\/\/bacanaskincare.com\/wp-content\/uploads\/2020\/11\/Mist-Toner-1.jpg","type":"image\/jpeg"}],"twitter_card":"summary_large_image","twitter_misc":{"Gesch\u00e4tzte Lesezeit":"1\u00a0Minute"},"schema":{"@context":"https:\/\/schema.org","@graph":[{"@type":["WebPage","ItemPage"],"@id":"https:\/\/bacanaskincare.com\/de\/product\/gelassenheit-vitamin-nebel-toner\/","url":"https:\/\/bacanaskincare.com\/de\/product\/gelassenheit-vitamin-nebel-toner\/","name":"Serenity Vitamin Gesichtswasser | Bacana Skincare | Cruelty free & Vegan","isPartOf":{"@id":"https:\/\/bacanaskincare.com\/de\/#website"},"primaryImageOfPage":{"@id":"https:\/\/bacanaskincare.com\/de\/product\/gelassenheit-vitamin-nebel-toner\/#primaryimage"},"image":{"@id":"https:\/\/bacanaskincare.com\/de\/product\/gelassenheit-vitamin-nebel-toner\/#primaryimage"},"thumbnailUrl":"https:\/\/bacanaskincare.com\/wp-content\/uploads\/2020\/11\/Mist-Toner-1.jpg","datePublished":"2020-11-11T22:22:02+00:00","dateModified":"2026-02-25T17:27:05+00:00","description":"Erwecke m\u00fcde Haut nach der Gesichtsreinigung wieder zum Leben! Unser Mist Toner revitalisiert und beruhigt die Haut und entfernt \u00fcbersch\u00fcssige Unreinheiten","breadcrumb":{"@id":"https:\/\/bacanaskincare.com\/de\/product\/gelassenheit-vitamin-nebel-toner\/#breadcrumb"},"inLanguage":"de","potentialAction":[{"@type":"ReadAction","target":["https:\/\/bacanaskincare.com\/de\/product\/gelassenheit-vitamin-nebel-toner\/"]}]},{"@type":"ImageObject","inLanguage":"de","@id":"https:\/\/bacanaskincare.com\/de\/product\/gelassenheit-vitamin-nebel-toner\/#primaryimage","url":"https:\/\/bacanaskincare.com\/wp-content\/uploads\/2020\/11\/Mist-Toner-1.jpg","contentUrl":"https:\/\/bacanaskincare.com\/wp-content\/uploads\/2020\/11\/Mist-Toner-1.jpg","width":1050,"height":1050},{"@type":"BreadcrumbList","@id":"https:\/\/bacanaskincare.com\/de\/product\/gelassenheit-vitamin-nebel-toner\/#breadcrumb","itemListElement":[{"@type":"ListItem","position":1,"name":"Shop","item":"https:\/\/bacanaskincare.com\/de\/shop\/"},{"@type":"ListItem","position":2,"name":"Hautpflege","item":"https:\/\/bacanaskincare.com\/de\/produkt-kategorie\/hautpflege\/"},{"@type":"ListItem","position":3,"name":"Serenity Vitamin Gesichtswasser"}]},{"@type":"WebSite","@id":"https:\/\/bacanaskincare.com\/de\/#website","url":"https:\/\/bacanaskincare.com\/de\/","name":"Bacana Skincare","description":"Nat\u00fcrliche Hautpflege mit tropischen Superfr\u00fcchten","publisher":{"@id":"https:\/\/bacanaskincare.com\/de\/#organization"},"potentialAction":[{"@type":"SearchAction","target":{"@type":"EntryPoint","urlTemplate":"https:\/\/bacanaskincare.com\/de\/?s={search_term_string}"},"query-input":{"@type":"PropertyValueSpecification","valueRequired":true,"valueName":"search_term_string"}}],"inLanguage":"de"},{"@type":"Organization","@id":"https:\/\/bacanaskincare.com\/de\/#organization","name":"Bacana Skincare","url":"https:\/\/bacanaskincare.com\/de\/","logo":{"@type":"ImageObject","inLanguage":"de","@id":"https:\/\/bacanaskincare.com\/de\/#\/schema\/logo\/image\/","url":"https:\/\/bacanaskincare.com\/wp-content\/uploads\/2019\/09\/u.png","contentUrl":"https:\/\/bacanaskincare.com\/wp-content\/uploads\/2019\/09\/u.png","width":834,"height":226,"caption":"Bacana Skincare"},"image":{"@id":"https:\/\/bacanaskincare.com\/de\/#\/schema\/logo\/image\/"},"sameAs":["https:\/\/www.facebook.com\/bacanaskincare-106988470647315\/","https:\/\/www.instagram.com\/bacanaskincare\/?hl=en","https:\/\/br.pinterest.com\/d0fd9db15f94c64465fab43d03b69a\/"]}]}},"_links":{"self":[{"href":"https:\/\/bacanaskincare.com\/de\/wp-json\/wp\/v2\/product\/19174","targetHints":{"allow":["GET"]}}],"collection":[{"href":"https:\/\/bacanaskincare.com\/de\/wp-json\/wp\/v2\/product"}],"about":[{"href":"https:\/\/bacanaskincare.com\/de\/wp-json\/wp\/v2\/types\/product"}],"replies":[{"embeddable":true,"href":"https:\/\/bacanaskincare.com\/de\/wp-json\/wp\/v2\/comments?post=19174"}],"wp:featuredmedia":[{"embeddable":true,"href":"https:\/\/bacanaskincare.com\/de\/wp-json\/wp\/v2\/media\/26008"}],"wp:attachment":[{"href":"https:\/\/bacanaskincare.com\/de\/wp-json\/wp\/v2\/media?parent=19174"}],"wp:term":[{"taxonomy":"product_brand","embeddable":true,"href":"https:\/\/bacanaskincare.com\/de\/wp-json\/wp\/v2\/product_brand?post=19174"},{"taxonomy":"product_cat","embeddable":true,"href":"https:\/\/bacanaskincare.com\/de\/wp-json\/wp\/v2\/product_cat?post=19174"},{"taxonomy":"product_tag","embeddable":true,"href":"https:\/\/bacanaskincare.com\/de\/wp-json\/wp\/v2\/product_tag?post=19174"}],"curies":[{"name":"wp","href":"https:\/\/api.w.org\/{rel}","templated":true}]}}