{"id":19171,"date":"2020-06-08T22:32:44","date_gmt":"2020-06-08T20:32:44","guid":{"rendered":"http:\/\/bacanaskincare.com\/shop\/unkategorisiert\/red-clay-gesichtsmaske\/"},"modified":"2026-02-25T18:27:11","modified_gmt":"2026-02-25T17:27:11","slug":"red-clay-face-mask","status":"publish","type":"product","link":"https:\/\/bacanaskincare.com\/de\/product\/red-clay-face-mask\/","title":{"rendered":"Red Clay Face Mask"},"content":{"rendered":"<h3 class=\"p1\"><strong>DIE WICHTIGSTEN INHALTSSTOFFE UND WARUM SIE WIRKEN:<\/strong><\/h3>\n<h3><strong>Wirkstoffe:<\/strong><\/h3>\n<p><strong>BRAZILIAN RED CLAY:<\/strong> Klinisch erwiesenerma\u00dfen verbessert diese rote Tonerde die Durchblutung der Haut, entfernt Unreinheiten, mildert das Faltenvolumen und erh\u00f6ht die Elastizit\u00e4t der Haut.<\/p>\n<p><strong>GRANATAPFELKERNEXTRAKT UND TRAUBENKERN\u00d6L:<\/strong> Reich an Omega-5-Fetts\u00e4uren und Antioxidantien, beseitigt es freie Radikale, die ein bekannter Risikofaktor f\u00fcr den Zellabbau und die vorzeitige Alterung sind. Sie pflegen, f\u00f6rdern die Heilung der Haut und Zellregeneration.<\/p>\n<p><strong>PASSIONSFRUCHT\u00d6L:<\/strong> Seine Vitamine und Fetts\u00e4uren sch\u00fctzen vor Sonnensch\u00e4den, spenden Feuchtigkeit und beruhigen die Haut. Unser Passionsfrucht\u00f6l ist kaltgepresst und stammt aus Brasilien. Unser Lieferant unterst\u00fctzt die lokalen Gemeinden, erh\u00e4lt die Artenvielfalt und bewahrt die Biodiversit\u00e4t in einer \u00f6kologisch bedeutenden Region.<\/p>\n<p><strong>JOJOBA-PERLEN:<\/strong> 100% nat\u00fcrlich und biologisch abbaubar, sie peelen sanft die Haut, gl\u00e4tten oberfl\u00e4chliche Unebenheiten ohne Reizungen zu verursachen.<\/p>\n","protected":false},"excerpt":{"rendered":"<blockquote>\n<h3>Sanftes Peeling f\u00fcr eine glattere, strahlende und revitalisierte Haut.<\/h3>\n<\/blockquote>\n<p>[vc_row][vc_column][vc_toggle title=&#8220;WAS IST DAS?&#8220; style=&#8220;arrow&#8220; custom_font_container=&#8220;tag:h3|text_align:left&#8220; custom_use_theme_fonts=&#8220;yes&#8220;]Diese Gesichtsmaske aus roter Tonerde mit cremiger Textur und frischem Zitrusduft peelt die Haut sanft, spendet ihr viel Feuchtigkeit und entfernt Giftstoffe, ohne sie auszutrocknen.[\/vc_toggle][vc_toggle title=&#8220;WAS MACHT SIE?&#8220; style=&#8220;arrow&#8220; custom_font_container=&#8220;tag:h3|text_align:left&#8220; custom_use_theme_fonts=&#8220;yes&#8220;]Die Mischung aus hautstraffender brasilianischer Montmorillonit-Tonerde, antioxidativem Granatapfel-Extrakt und peelenden Jojoba-Perlen sorgt f\u00fcr ein sanftes Peeling, verfeinert und regeneriert die Haut und verleiht ihr ein strahlendes Aussehen und neue Vitalit\u00e4t. Ein regelm\u00e4\u00dfiges Peeling ist ein wichtiger Bestandteil Ihrer t\u00e4glichen Hautpflege. Es hilft der Epidermis, der obersten Schicht Ihrer Haut, sich zu erneuern und die Aufnahme anderer Produkte zu verbessern.[\/vc_toggle][vc_toggle title=&#8220;F\u00dcR WEN?&#8220; style=&#8220;arrow&#8220; custom_font_container=&#8220;tag:h3|text_align:left&#8220; custom_use_theme_fonts=&#8220;yes&#8220;]Geeignet f\u00fcr normale, empfindliche, trockene und Mischhauttypen.[\/vc_toggle][vc_toggle title=&#8220;WIE BENUTZEN?&#8220; style=&#8220;arrow&#8220; custom_font_container=&#8220;tag:h3|text_align:left&#8220; custom_use_theme_fonts=&#8220;yes&#8220;]<\/p>\n<p>Reinige zun\u00e4chst dein Gesicht und trage dann die Maske gleichm\u00e4\u00dfig auf. Warten Sie 15 bis 20 Minuten und sp\u00fclen Sie es dann mit Wasser ab, w\u00e4hrend Sie sanft kreisende Bewegungen zum Peeling machen. 1-3 Mal pro Woche anwenden. Wenn Sie empfindliche Haut haben oder ein Peeling vermeiden m\u00f6chten, tragen Sie die Maske auf Ihr Gesicht auf und warten Sie 15 bis 20 Minuten, bevor Sie sie absp\u00fclen, ohne zu reiben.<br \/>\nAugenpartie aussparen.<\/p>\n<p>Genie\u00dfe die Anwendung der Maske noch mehr mit unserem speziellen <a href=\"https:\/\/bacanaskincare.com\/shop\/accessories\/face-mask-brush\/\">Pinsel f\u00fcr Gesichtsmasken<\/a>. Erh\u00e4ltlich einzeln oder im Kit. Einzeln oder im Set mit 5% Rabatt erh\u00e4ltlich (<a href=\"https:\/\/bacanaskincare.com\/shop\/set\/spa-time-gift-set\/\">SPA TIME Red Clay + Gesichtsmaske Pinsel<\/a>).<\/p>\n<p>Entdecken Sie den Unterschied mit unserer Spezialmaske. Im Gegensatz zu herk\u00f6mmlichen Masken trocknet unsere Gesichtsmaske nicht auf der Haut aus und beh\u00e4lt ihre cremige Textur bei, solange Sie sie verwenden. Nach dem Waschen genie\u00dfen Sie ein Gef\u00fchl von Weichheit und Geschmeidigkeit, das Ihre Haut einzigartig pflegt.<\/p>\n<p>[\/vc_toggle][\/vc_column][\/vc_row]<\/p>\n<p>Gr\u00f6\u00dfe: 50 ml<\/p>\n<p>Saubere Formel und nat\u00fcrliche Inhaltsstoffe. Nachhaltig beschafft. Umweltfreundlich. Dermatologisch getestet. Vegan. Keine Tierversuche.<\/p>\n","protected":false},"featured_media":23960,"comment_status":"open","ping_status":"closed","template":"","meta":{"ocean_post_layout":"","ocean_both_sidebars_style":"","ocean_both_sidebars_content_width":0,"ocean_both_sidebars_sidebars_width":0,"ocean_sidebar":"0","ocean_second_sidebar":"0","ocean_disable_margins":"enable","ocean_add_body_class":"","ocean_shortcode_before_top_bar":"","ocean_shortcode_after_top_bar":"","ocean_shortcode_before_header":"","ocean_shortcode_after_header":"","ocean_has_shortcode":"","ocean_shortcode_after_title":"","ocean_shortcode_before_footer_widgets":"","ocean_shortcode_after_footer_widgets":"","ocean_shortcode_before_footer_bottom":"","ocean_shortcode_after_footer_bottom":"","ocean_display_top_bar":"default","ocean_display_header":"default","ocean_header_style":"","ocean_center_header_left_menu":"0","ocean_custom_header_template":"0","ocean_custom_logo":0,"ocean_custom_retina_logo":0,"ocean_custom_logo_max_width":0,"ocean_custom_logo_tablet_max_width":0,"ocean_custom_logo_mobile_max_width":0,"ocean_custom_logo_max_height":0,"ocean_custom_logo_tablet_max_height":0,"ocean_custom_logo_mobile_max_height":0,"ocean_header_custom_menu":"0","ocean_menu_typo_font_family":"0","ocean_menu_typo_font_subset":"","ocean_menu_typo_font_size":0,"ocean_menu_typo_font_size_tablet":0,"ocean_menu_typo_font_size_mobile":0,"ocean_menu_typo_font_size_unit":"px","ocean_menu_typo_font_weight":"","ocean_menu_typo_font_weight_tablet":"","ocean_menu_typo_font_weight_mobile":"","ocean_menu_typo_transform":"","ocean_menu_typo_transform_tablet":"","ocean_menu_typo_transform_mobile":"","ocean_menu_typo_line_height":0,"ocean_menu_typo_line_height_tablet":0,"ocean_menu_typo_line_height_mobile":0,"ocean_menu_typo_line_height_unit":"","ocean_menu_typo_spacing":0,"ocean_menu_typo_spacing_tablet":0,"ocean_menu_typo_spacing_mobile":0,"ocean_menu_typo_spacing_unit":"","ocean_menu_link_color":"","ocean_menu_link_color_hover":"","ocean_menu_link_color_active":"","ocean_menu_link_background":"","ocean_menu_link_hover_background":"","ocean_menu_link_active_background":"","ocean_menu_social_links_bg":"","ocean_menu_social_hover_links_bg":"","ocean_menu_social_links_color":"","ocean_menu_social_hover_links_color":"","ocean_disable_title":"default","ocean_disable_heading":"default","ocean_post_title":"","ocean_post_subheading":"","ocean_post_title_style":"","ocean_post_title_background_color":"","ocean_post_title_background":0,"ocean_post_title_bg_image_position":"","ocean_post_title_bg_image_attachment":"","ocean_post_title_bg_image_repeat":"","ocean_post_title_bg_image_size":"","ocean_post_title_height":0,"ocean_post_title_bg_overlay":0.5,"ocean_post_title_bg_overlay_color":"","ocean_disable_breadcrumbs":"default","ocean_breadcrumbs_color":"","ocean_breadcrumbs_separator_color":"","ocean_breadcrumbs_links_color":"","ocean_breadcrumbs_links_hover_color":"","ocean_display_footer_widgets":"default","ocean_display_footer_bottom":"default","ocean_custom_footer_template":"0","iawp_total_views":18},"product_brand":[],"product_cat":[404],"product_tag":[],"class_list":{"0":"post-19171","1":"product","2":"type-product","3":"status-publish","4":"has-post-thumbnail","6":"product_cat-hautpflege","8":"entry","9":"has-media","11":"first","12":"instock","13":"shipping-taxable","14":"purchasable","15":"product-type-simple","16":"has-rating","17":"has-product-nav","18":"col","19":"span_1_of_3","20":"owp-content-center","21":"item-entry","22":"owp-thumbs-layout-horizontal","23":"owp-btn-normal","24":"owp-tabs-layout-horizontal","26":"circle-sale"},"yoast_head":"<!-- This site is optimized with the Yoast SEO plugin v27.3 - https:\/\/yoast.com\/product\/yoast-seo-wordpress\/ -->\n<title>Red Clay Face Mask | Exfoliating &amp; Texturizing | Bacana Skincare<\/title>\n<meta name=\"description\" content=\"Die Red Clay Gesichtsmaske macht deine Haut geschmeidig, spendet ihr Feuchtigkeit und entfernt Toxine, ohne sie auszutrocknen. Red Clay Face Mask gently exfoliates, refines and regenerates all skin types.\" \/>\n<meta name=\"robots\" content=\"index, follow, max-snippet:-1, max-image-preview:large, max-video-preview:-1\" \/>\n<link rel=\"canonical\" href=\"https:\/\/bacanaskincare.com\/de\/product\/red-clay-face-mask\/\" \/>\n<meta property=\"og:locale\" content=\"de_DE\" \/>\n<meta property=\"og:type\" content=\"article\" \/>\n<meta property=\"og:title\" content=\"Red Clay Face Mask by Bacana\" \/>\n<meta property=\"og:description\" content=\"Smooth, hydrate and remove toxins without drying out your skin? Yes, it&#039;s possible!\" \/>\n<meta property=\"og:url\" content=\"https:\/\/bacanaskincare.com\/de\/product\/red-clay-face-mask\/\" \/>\n<meta property=\"og:site_name\" content=\"Bacana Skincare\" \/>\n<meta property=\"article:publisher\" content=\"https:\/\/www.facebook.com\/bacanaskincare-106988470647315\/\" \/>\n<meta property=\"article:modified_time\" content=\"2026-02-25T17:27:11+00:00\" \/>\n<meta property=\"og:image\" content=\"http:\/\/bacanaskincare.com\/wp-content\/uploads\/2020\/06\/A7308361-3.jpg\" \/>\n<meta name=\"twitter:card\" content=\"summary_large_image\" \/>\n<meta name=\"twitter:label1\" content=\"Gesch\u00e4tzte Lesezeit\" \/>\n\t<meta name=\"twitter:data1\" content=\"1\u00a0Minute\" \/>\n<script type=\"application\/ld+json\" class=\"yoast-schema-graph\">{\"@context\":\"https:\\\/\\\/schema.org\",\"@graph\":[{\"@type\":[\"WebPage\",\"ItemPage\"],\"@id\":\"https:\\\/\\\/bacanaskincare.com\\\/de\\\/product\\\/red-clay-face-mask\\\/\",\"url\":\"https:\\\/\\\/bacanaskincare.com\\\/de\\\/product\\\/red-clay-face-mask\\\/\",\"name\":\"Red Clay Face Mask | Exfoliating & Texturizing | Bacana Skincare\",\"isPartOf\":{\"@id\":\"https:\\\/\\\/bacanaskincare.com\\\/de\\\/#website\"},\"primaryImageOfPage\":{\"@id\":\"https:\\\/\\\/bacanaskincare.com\\\/de\\\/product\\\/red-clay-face-mask\\\/#primaryimage\"},\"image\":{\"@id\":\"https:\\\/\\\/bacanaskincare.com\\\/de\\\/product\\\/red-clay-face-mask\\\/#primaryimage\"},\"thumbnailUrl\":\"https:\\\/\\\/bacanaskincare.com\\\/wp-content\\\/uploads\\\/2020\\\/06\\\/red-clay.webp\",\"datePublished\":\"2020-06-08T20:32:44+00:00\",\"dateModified\":\"2026-02-25T17:27:11+00:00\",\"description\":\"Die Red Clay Gesichtsmaske macht deine Haut geschmeidig, spendet ihr Feuchtigkeit und entfernt Toxine, ohne sie auszutrocknen. Red Clay Face Mask gently exfoliates, refines and regenerates all skin types.\",\"breadcrumb\":{\"@id\":\"https:\\\/\\\/bacanaskincare.com\\\/de\\\/product\\\/red-clay-face-mask\\\/#breadcrumb\"},\"inLanguage\":\"de\",\"potentialAction\":[{\"@type\":\"ReadAction\",\"target\":[\"https:\\\/\\\/bacanaskincare.com\\\/de\\\/product\\\/red-clay-face-mask\\\/\"]}]},{\"@type\":\"ImageObject\",\"inLanguage\":\"de\",\"@id\":\"https:\\\/\\\/bacanaskincare.com\\\/de\\\/product\\\/red-clay-face-mask\\\/#primaryimage\",\"url\":\"https:\\\/\\\/bacanaskincare.com\\\/wp-content\\\/uploads\\\/2020\\\/06\\\/red-clay.webp\",\"contentUrl\":\"https:\\\/\\\/bacanaskincare.com\\\/wp-content\\\/uploads\\\/2020\\\/06\\\/red-clay.webp\",\"width\":1024,\"height\":1024},{\"@type\":\"BreadcrumbList\",\"@id\":\"https:\\\/\\\/bacanaskincare.com\\\/de\\\/product\\\/red-clay-face-mask\\\/#breadcrumb\",\"itemListElement\":[{\"@type\":\"ListItem\",\"position\":1,\"name\":\"Shop\",\"item\":\"https:\\\/\\\/bacanaskincare.com\\\/de\\\/shop\\\/\"},{\"@type\":\"ListItem\",\"position\":2,\"name\":\"Hautpflege\",\"item\":\"https:\\\/\\\/bacanaskincare.com\\\/de\\\/produkt-kategorie\\\/hautpflege\\\/\"},{\"@type\":\"ListItem\",\"position\":3,\"name\":\"Red Clay Face Mask\"}]},{\"@type\":\"WebSite\",\"@id\":\"https:\\\/\\\/bacanaskincare.com\\\/de\\\/#website\",\"url\":\"https:\\\/\\\/bacanaskincare.com\\\/de\\\/\",\"name\":\"Bacana Skincare\",\"description\":\"Nat\u00fcrliche Hautpflege mit tropischen Superfr\u00fcchten\",\"publisher\":{\"@id\":\"https:\\\/\\\/bacanaskincare.com\\\/de\\\/#organization\"},\"potentialAction\":[{\"@type\":\"SearchAction\",\"target\":{\"@type\":\"EntryPoint\",\"urlTemplate\":\"https:\\\/\\\/bacanaskincare.com\\\/de\\\/?s={search_term_string}\"},\"query-input\":{\"@type\":\"PropertyValueSpecification\",\"valueRequired\":true,\"valueName\":\"search_term_string\"}}],\"inLanguage\":\"de\"},{\"@type\":\"Organization\",\"@id\":\"https:\\\/\\\/bacanaskincare.com\\\/de\\\/#organization\",\"name\":\"Bacana Skincare\",\"url\":\"https:\\\/\\\/bacanaskincare.com\\\/de\\\/\",\"logo\":{\"@type\":\"ImageObject\",\"inLanguage\":\"de\",\"@id\":\"https:\\\/\\\/bacanaskincare.com\\\/de\\\/#\\\/schema\\\/logo\\\/image\\\/\",\"url\":\"https:\\\/\\\/bacanaskincare.com\\\/wp-content\\\/uploads\\\/2019\\\/09\\\/u.png\",\"contentUrl\":\"https:\\\/\\\/bacanaskincare.com\\\/wp-content\\\/uploads\\\/2019\\\/09\\\/u.png\",\"width\":834,\"height\":226,\"caption\":\"Bacana Skincare\"},\"image\":{\"@id\":\"https:\\\/\\\/bacanaskincare.com\\\/de\\\/#\\\/schema\\\/logo\\\/image\\\/\"},\"sameAs\":[\"https:\\\/\\\/www.facebook.com\\\/bacanaskincare-106988470647315\\\/\",\"https:\\\/\\\/www.instagram.com\\\/bacanaskincare\\\/?hl=en\",\"https:\\\/\\\/br.pinterest.com\\\/d0fd9db15f94c64465fab43d03b69a\\\/\"]}]}<\/script>\n<!-- \/ Yoast SEO plugin. -->","yoast_head_json":{"title":"Red Clay Face Mask | Exfoliating & Texturizing | Bacana Skincare","description":"Die Red Clay Gesichtsmaske macht deine Haut geschmeidig, spendet ihr Feuchtigkeit und entfernt Toxine, ohne sie auszutrocknen. Red Clay Face Mask gently exfoliates, refines and regenerates all skin types.","robots":{"index":"index","follow":"follow","max-snippet":"max-snippet:-1","max-image-preview":"max-image-preview:large","max-video-preview":"max-video-preview:-1"},"canonical":"https:\/\/bacanaskincare.com\/de\/product\/red-clay-face-mask\/","og_locale":"de_DE","og_type":"article","og_title":"Red Clay Face Mask by Bacana","og_description":"Smooth, hydrate and remove toxins without drying out your skin? Yes, it's possible!","og_url":"https:\/\/bacanaskincare.com\/de\/product\/red-clay-face-mask\/","og_site_name":"Bacana Skincare","article_publisher":"https:\/\/www.facebook.com\/bacanaskincare-106988470647315\/","article_modified_time":"2026-02-25T17:27:11+00:00","og_image":[{"url":"http:\/\/bacanaskincare.com\/wp-content\/uploads\/2020\/06\/A7308361-3.jpg","type":"","width":"","height":""}],"twitter_card":"summary_large_image","twitter_misc":{"Gesch\u00e4tzte Lesezeit":"1\u00a0Minute"},"schema":{"@context":"https:\/\/schema.org","@graph":[{"@type":["WebPage","ItemPage"],"@id":"https:\/\/bacanaskincare.com\/de\/product\/red-clay-face-mask\/","url":"https:\/\/bacanaskincare.com\/de\/product\/red-clay-face-mask\/","name":"Red Clay Face Mask | Exfoliating & Texturizing | Bacana Skincare","isPartOf":{"@id":"https:\/\/bacanaskincare.com\/de\/#website"},"primaryImageOfPage":{"@id":"https:\/\/bacanaskincare.com\/de\/product\/red-clay-face-mask\/#primaryimage"},"image":{"@id":"https:\/\/bacanaskincare.com\/de\/product\/red-clay-face-mask\/#primaryimage"},"thumbnailUrl":"https:\/\/bacanaskincare.com\/wp-content\/uploads\/2020\/06\/red-clay.webp","datePublished":"2020-06-08T20:32:44+00:00","dateModified":"2026-02-25T17:27:11+00:00","description":"Die Red Clay Gesichtsmaske macht deine Haut geschmeidig, spendet ihr Feuchtigkeit und entfernt Toxine, ohne sie auszutrocknen. Red Clay Face Mask gently exfoliates, refines and regenerates all skin types.","breadcrumb":{"@id":"https:\/\/bacanaskincare.com\/de\/product\/red-clay-face-mask\/#breadcrumb"},"inLanguage":"de","potentialAction":[{"@type":"ReadAction","target":["https:\/\/bacanaskincare.com\/de\/product\/red-clay-face-mask\/"]}]},{"@type":"ImageObject","inLanguage":"de","@id":"https:\/\/bacanaskincare.com\/de\/product\/red-clay-face-mask\/#primaryimage","url":"https:\/\/bacanaskincare.com\/wp-content\/uploads\/2020\/06\/red-clay.webp","contentUrl":"https:\/\/bacanaskincare.com\/wp-content\/uploads\/2020\/06\/red-clay.webp","width":1024,"height":1024},{"@type":"BreadcrumbList","@id":"https:\/\/bacanaskincare.com\/de\/product\/red-clay-face-mask\/#breadcrumb","itemListElement":[{"@type":"ListItem","position":1,"name":"Shop","item":"https:\/\/bacanaskincare.com\/de\/shop\/"},{"@type":"ListItem","position":2,"name":"Hautpflege","item":"https:\/\/bacanaskincare.com\/de\/produkt-kategorie\/hautpflege\/"},{"@type":"ListItem","position":3,"name":"Red Clay Face Mask"}]},{"@type":"WebSite","@id":"https:\/\/bacanaskincare.com\/de\/#website","url":"https:\/\/bacanaskincare.com\/de\/","name":"Bacana Skincare","description":"Nat\u00fcrliche Hautpflege mit tropischen Superfr\u00fcchten","publisher":{"@id":"https:\/\/bacanaskincare.com\/de\/#organization"},"potentialAction":[{"@type":"SearchAction","target":{"@type":"EntryPoint","urlTemplate":"https:\/\/bacanaskincare.com\/de\/?s={search_term_string}"},"query-input":{"@type":"PropertyValueSpecification","valueRequired":true,"valueName":"search_term_string"}}],"inLanguage":"de"},{"@type":"Organization","@id":"https:\/\/bacanaskincare.com\/de\/#organization","name":"Bacana Skincare","url":"https:\/\/bacanaskincare.com\/de\/","logo":{"@type":"ImageObject","inLanguage":"de","@id":"https:\/\/bacanaskincare.com\/de\/#\/schema\/logo\/image\/","url":"https:\/\/bacanaskincare.com\/wp-content\/uploads\/2019\/09\/u.png","contentUrl":"https:\/\/bacanaskincare.com\/wp-content\/uploads\/2019\/09\/u.png","width":834,"height":226,"caption":"Bacana Skincare"},"image":{"@id":"https:\/\/bacanaskincare.com\/de\/#\/schema\/logo\/image\/"},"sameAs":["https:\/\/www.facebook.com\/bacanaskincare-106988470647315\/","https:\/\/www.instagram.com\/bacanaskincare\/?hl=en","https:\/\/br.pinterest.com\/d0fd9db15f94c64465fab43d03b69a\/"]}]}},"_links":{"self":[{"href":"https:\/\/bacanaskincare.com\/de\/wp-json\/wp\/v2\/product\/19171","targetHints":{"allow":["GET"]}}],"collection":[{"href":"https:\/\/bacanaskincare.com\/de\/wp-json\/wp\/v2\/product"}],"about":[{"href":"https:\/\/bacanaskincare.com\/de\/wp-json\/wp\/v2\/types\/product"}],"replies":[{"embeddable":true,"href":"https:\/\/bacanaskincare.com\/de\/wp-json\/wp\/v2\/comments?post=19171"}],"wp:featuredmedia":[{"embeddable":true,"href":"https:\/\/bacanaskincare.com\/de\/wp-json\/wp\/v2\/media\/23960"}],"wp:attachment":[{"href":"https:\/\/bacanaskincare.com\/de\/wp-json\/wp\/v2\/media?parent=19171"}],"wp:term":[{"taxonomy":"product_brand","embeddable":true,"href":"https:\/\/bacanaskincare.com\/de\/wp-json\/wp\/v2\/product_brand?post=19171"},{"taxonomy":"product_cat","embeddable":true,"href":"https:\/\/bacanaskincare.com\/de\/wp-json\/wp\/v2\/product_cat?post=19171"},{"taxonomy":"product_tag","embeddable":true,"href":"https:\/\/bacanaskincare.com\/de\/wp-json\/wp\/v2\/product_tag?post=19171"}],"curies":[{"name":"wp","href":"https:\/\/api.w.org\/{rel}","templated":true}]}}