{"id":19168,"date":"2020-10-08T17:32:15","date_gmt":"2020-10-08T15:32:15","guid":{"rendered":"http:\/\/bacanaskincare.com\/shop\/unkategorisiert\/green-clay-gesichtsmaske\/"},"modified":"2025-12-02T00:11:48","modified_gmt":"2025-12-01T23:11:48","slug":"green-clay-face-mask","status":"publish","type":"product","link":"https:\/\/bacanaskincare.com\/de\/product\/green-clay-face-mask\/","title":{"rendered":"Green Clay Face Mask"},"content":{"rendered":"<h3 class=\"p1\"><strong>DIE WICHTIGSTEN INHALTSSTOFFE UND WARUM SIE WIRKEN:<\/strong><\/h3>\n<p><strong>BRAZILIAN GREEN CLAY:<\/strong> Reguliert die Fettigkeit, reinigt und entgiftet die Haut. Die Gr\u00fcne Tonerde aus Brasilien ist ein wichtiges Tonmineral, das bei der Bek\u00e4mpfung von Fettigkeit \u00e4u\u00dferst wirksam ist. Wirksamkeitsstudien haben gezeigt, dass die Fettigkeit der Haut nach der Anwendung um bis zu 29 % reduziert werden kann.<\/p>\n<p><strong>COPAIBA-\u00d6L:<\/strong> Hilft bei der Vorbeugung und Behandlung von Hautunreinheiten und reduziert Akner\u00f6tungen mit nat\u00fcrlichen entz\u00fcndungshemmenden und antiseptischen Eigenschaften. Copaiba-\u00d6l wird aus dem Harz eines im Amazonasgebiet beheimateten Baumes gewonnen. Anders als bei der \u00fcblichen Gewinnung von \u00d6l aus Samen werden die B\u00e4ume angekratzt, und das Copaiba-\u00d6l wird in freier Wildbahn gesammelt, so dass die B\u00e4ume unversehrt bleiben.<\/p>\n<p><strong>BIO-MORINGA-\u00d6L:<\/strong> Angereichert mit Vitaminen und Omega-Fetts\u00e4uren, stellt es die nat\u00fcrlichen Hautfette wieder her und st\u00e4rkt die Hautbarriere.<\/p>\n<p><strong>BIO-TEEBAUM\u00d6L:<\/strong> Das \u00d6l aus Melaleuca Alternifolia ist daf\u00fcr bekannt, die Haut zu reinigen und zu beruhigen sowie Aknenarben zu reduzieren. Es hat eine antibakterielle Wirkung und hilft daher effektiv gegen Akne-Symptome.<\/p>\n","protected":false},"excerpt":{"rendered":"<blockquote>\n<h3>Gesichtsentgiftung f\u00fcr eine erneuerte und gereinigte Haut.<\/h3>\n<\/blockquote>\n<p>&nbsp;<\/p>\n<p>[vc_row][vc_column][vc_toggle title=&#8220;WAS IST DAS?&#8220; style=&#8220;arrow&#8220; custom_font_container=&#8220;tag:h3|text_align:left&#8220; custom_use_theme_fonts=&#8220;yes&#8220;]Diese Gesichtsmaske aus gr\u00fcner Tonerde mit cremiger Textur und frischem Minzduft hat eine nat\u00fcrliche Tiefenreinigungsformel. Therefore it purifies the skin without drying it out.[\/vc_toggle][vc_toggle title=&#8220;WAS MACHT SIE?&#8220; style=&#8220;arrow&#8220; custom_font_container=&#8220;tag:h3|text_align:left&#8220; custom_use_theme_fonts=&#8220;yes&#8220;]Unser Produkt mit brasilianischer gr\u00fcner Tonerde, Copaiba-, Moringa- und Teebaum\u00f6l reinigt effektiv Unreinheiten und \u00fcbersch\u00fcssiges \u00d6l, befreit die Poren und revitalisiert die Haut.[\/vc_toggle] [vc_toggle title=&#8220;F\u00dcR WEN?&#8220; style=&#8220;arrow&#8220; custom_font_container=&#8220;tag:h3|text_align:left&#8220; custom_use_theme_fonts=&#8220;yes&#8220;]Geeignet f\u00fcr unreine, gro\u00dfporige, fettige und zu Akne neigende Haut.[\/vc_toggle][vc_toggle title=&#8220;WIE BENUTZEN?&#8220; style=&#8220;arrow&#8220; custom_font_container=&#8220;tag:h3|text_align:left&#8220; custom_use_theme_fonts=&#8220;yes&#8220;]<\/p>\n<p>Reinige zun\u00e4chst dein Gesicht und trage dann die Maske gleichm\u00e4\u00dfig auf. Warten Sie 15 bis 20 Minuten und entfernen Sie es anschlie\u00dfend mit Wasser.<br \/>\n2-3 Mal pro Woche anwenden. Augenpartie aussparen.<\/p>\n<p>Genie\u00dfe die Anwendung der Maske noch mehr mit unserem speziellen <a href=\"https:\/\/bacanaskincare.com\/shop\/accessories\/face-mask-brush\/\">Pinsel f\u00fcr Gesichtsmasken<\/a>. Erh\u00e4ltlich einzeln oder im Kit. Einzeln oder im Set mit 5% Rabatt erh\u00e4ltlich (<a href=\"https:\/\/bacanaskincare.com\/shop\/set\/green-spa-set\/\">SPA TIME Green Clay + Face Mask Brush<\/a>).<\/p>\n<p>Entdecken Sie den Unterschied mit unserer Spezialmaske. Im Gegensatz zu herk\u00f6mmlichen Masken trocknet unsere Gesichtsmaske nicht auf der Haut aus und beh\u00e4lt ihre cremige Textur bei, solange Sie sie verwenden. Nach dem Waschen genie\u00dfen Sie ein Gef\u00fchl von Weichheit und Geschmeidigkeit, das Ihre Haut einzigartig pflegt.<\/p>\n<p>[\/vc_toggle][\/vc_column][\/vc_row]<\/p>\n<p>&nbsp;<\/p>\n<p>Gr\u00f6\u00dfe: 50 ml<\/p>\n<p>Saubere Formel und nat\u00fcrliche Inhaltsstoffe. Nachhaltig beschafft. Umweltfreundlich. Dermatologisch getestet. Vegan. Keine Tierversuche.<\/p>\n<p>&nbsp;<\/p>\n","protected":false},"featured_media":19285,"comment_status":"open","ping_status":"closed","template":"","meta":{"ocean_post_layout":"","ocean_both_sidebars_style":"","ocean_both_sidebars_content_width":0,"ocean_both_sidebars_sidebars_width":0,"ocean_sidebar":"0","ocean_second_sidebar":"0","ocean_disable_margins":"enable","ocean_add_body_class":"","ocean_shortcode_before_top_bar":"","ocean_shortcode_after_top_bar":"","ocean_shortcode_before_header":"","ocean_shortcode_after_header":"","ocean_has_shortcode":"","ocean_shortcode_after_title":"","ocean_shortcode_before_footer_widgets":"","ocean_shortcode_after_footer_widgets":"","ocean_shortcode_before_footer_bottom":"","ocean_shortcode_after_footer_bottom":"","ocean_display_top_bar":"default","ocean_display_header":"default","ocean_header_style":"","ocean_center_header_left_menu":"0","ocean_custom_header_template":"0","ocean_custom_logo":0,"ocean_custom_retina_logo":0,"ocean_custom_logo_max_width":0,"ocean_custom_logo_tablet_max_width":0,"ocean_custom_logo_mobile_max_width":0,"ocean_custom_logo_max_height":0,"ocean_custom_logo_tablet_max_height":0,"ocean_custom_logo_mobile_max_height":0,"ocean_header_custom_menu":"0","ocean_menu_typo_font_family":"0","ocean_menu_typo_font_subset":"","ocean_menu_typo_font_size":0,"ocean_menu_typo_font_size_tablet":0,"ocean_menu_typo_font_size_mobile":0,"ocean_menu_typo_font_size_unit":"px","ocean_menu_typo_font_weight":"","ocean_menu_typo_font_weight_tablet":"","ocean_menu_typo_font_weight_mobile":"","ocean_menu_typo_transform":"","ocean_menu_typo_transform_tablet":"","ocean_menu_typo_transform_mobile":"","ocean_menu_typo_line_height":0,"ocean_menu_typo_line_height_tablet":0,"ocean_menu_typo_line_height_mobile":0,"ocean_menu_typo_line_height_unit":"","ocean_menu_typo_spacing":0,"ocean_menu_typo_spacing_tablet":0,"ocean_menu_typo_spacing_mobile":0,"ocean_menu_typo_spacing_unit":"","ocean_menu_link_color":"","ocean_menu_link_color_hover":"","ocean_menu_link_color_active":"","ocean_menu_link_background":"","ocean_menu_link_hover_background":"","ocean_menu_link_active_background":"","ocean_menu_social_links_bg":"","ocean_menu_social_hover_links_bg":"","ocean_menu_social_links_color":"","ocean_menu_social_hover_links_color":"","ocean_disable_title":"default","ocean_disable_heading":"default","ocean_post_title":"","ocean_post_subheading":"","ocean_post_title_style":"","ocean_post_title_background_color":"","ocean_post_title_background":0,"ocean_post_title_bg_image_position":"","ocean_post_title_bg_image_attachment":"","ocean_post_title_bg_image_repeat":"","ocean_post_title_bg_image_size":"","ocean_post_title_height":0,"ocean_post_title_bg_overlay":0.5,"ocean_post_title_bg_overlay_color":"","ocean_disable_breadcrumbs":"default","ocean_breadcrumbs_color":"","ocean_breadcrumbs_separator_color":"","ocean_breadcrumbs_links_color":"","ocean_breadcrumbs_links_hover_color":"","ocean_display_footer_widgets":"default","ocean_display_footer_bottom":"default","ocean_custom_footer_template":"0","iawp_total_views":16},"product_brand":[],"product_cat":[404],"product_tag":[],"class_list":{"0":"post-19168","1":"product","2":"type-product","3":"status-publish","4":"has-post-thumbnail","6":"product_cat-hautpflege","8":"entry","9":"has-media","11":"first","12":"instock","13":"shipping-taxable","14":"purchasable","15":"product-type-simple","16":"has-rating","17":"has-product-nav","18":"col","19":"span_1_of_3","20":"owp-content-center","21":"item-entry","22":"owp-thumbs-layout-horizontal","23":"owp-btn-normal","24":"owp-tabs-layout-horizontal","26":"circle-sale"},"yoast_head":"<!-- This site is optimized with the Yoast SEO plugin v27.5 - https:\/\/yoast.com\/product\/yoast-seo-wordpress\/ -->\n<title>Green Clay Face Mask | Bacana Skincare | Cruelty free &amp; Vegan<\/title>\n<meta name=\"description\" content=\"Green Clay Face Mask has a natural deep-cleansing formula. Therefore it purifies the skin without drying it out. Herbal, Mint, fresh scent.\" \/>\n<meta name=\"robots\" content=\"index, follow, max-snippet:-1, max-image-preview:large, max-video-preview:-1\" \/>\n<link rel=\"canonical\" href=\"https:\/\/bacanaskincare.com\/de\/product\/green-clay-face-mask\/\" \/>\n<meta property=\"og:locale\" content=\"de_DE\" \/>\n<meta property=\"og:type\" content=\"article\" \/>\n<meta property=\"og:title\" content=\"Green Clay Face Mask | Bacana Skincare | Cruelty free &amp; Vegan\" \/>\n<meta property=\"og:description\" content=\"Green Clay Face Mask has a natural deep-cleansing formula. Therefore it purifies the skin without drying it out. Herbal, Mint, fresh scent.\" \/>\n<meta property=\"og:url\" content=\"https:\/\/bacanaskincare.com\/de\/product\/green-clay-face-mask\/\" \/>\n<meta property=\"og:site_name\" content=\"Bacana Skincare\" \/>\n<meta property=\"article:publisher\" content=\"https:\/\/www.facebook.com\/bacanaskincare-106988470647315\/\" \/>\n<meta property=\"article:modified_time\" content=\"2025-12-01T23:11:48+00:00\" \/>\n<meta property=\"og:image\" content=\"https:\/\/bacanaskincare.com\/wp-content\/uploads\/2020\/10\/green-clay-face-mask.jpg\" \/>\n\t<meta property=\"og:image:width\" content=\"1150\" \/>\n\t<meta property=\"og:image:height\" content=\"1150\" \/>\n\t<meta property=\"og:image:type\" content=\"image\/jpeg\" \/>\n<meta name=\"twitter:card\" content=\"summary_large_image\" \/>\n<meta name=\"twitter:label1\" content=\"Gesch\u00e4tzte Lesezeit\" \/>\n\t<meta name=\"twitter:data1\" content=\"1\u00a0Minute\" \/>\n<script type=\"application\/ld+json\" class=\"yoast-schema-graph\">{\"@context\":\"https:\\\/\\\/schema.org\",\"@graph\":[{\"@type\":[\"WebPage\",\"ItemPage\"],\"@id\":\"https:\\\/\\\/bacanaskincare.com\\\/de\\\/product\\\/green-clay-face-mask\\\/\",\"url\":\"https:\\\/\\\/bacanaskincare.com\\\/de\\\/product\\\/green-clay-face-mask\\\/\",\"name\":\"Green Clay Face Mask | Bacana Skincare | Cruelty free & Vegan\",\"isPartOf\":{\"@id\":\"https:\\\/\\\/bacanaskincare.com\\\/de\\\/#website\"},\"primaryImageOfPage\":{\"@id\":\"https:\\\/\\\/bacanaskincare.com\\\/de\\\/product\\\/green-clay-face-mask\\\/#primaryimage\"},\"image\":{\"@id\":\"https:\\\/\\\/bacanaskincare.com\\\/de\\\/product\\\/green-clay-face-mask\\\/#primaryimage\"},\"thumbnailUrl\":\"https:\\\/\\\/bacanaskincare.com\\\/wp-content\\\/uploads\\\/2020\\\/10\\\/green-clay-face-mask.jpg\",\"datePublished\":\"2020-10-08T15:32:15+00:00\",\"dateModified\":\"2025-12-01T23:11:48+00:00\",\"description\":\"Green Clay Face Mask has a natural deep-cleansing formula. Therefore it purifies the skin without drying it out. Herbal, Mint, fresh scent.\",\"breadcrumb\":{\"@id\":\"https:\\\/\\\/bacanaskincare.com\\\/de\\\/product\\\/green-clay-face-mask\\\/#breadcrumb\"},\"inLanguage\":\"de\",\"potentialAction\":[{\"@type\":\"ReadAction\",\"target\":[\"https:\\\/\\\/bacanaskincare.com\\\/de\\\/product\\\/green-clay-face-mask\\\/\"]}]},{\"@type\":\"ImageObject\",\"inLanguage\":\"de\",\"@id\":\"https:\\\/\\\/bacanaskincare.com\\\/de\\\/product\\\/green-clay-face-mask\\\/#primaryimage\",\"url\":\"https:\\\/\\\/bacanaskincare.com\\\/wp-content\\\/uploads\\\/2020\\\/10\\\/green-clay-face-mask.jpg\",\"contentUrl\":\"https:\\\/\\\/bacanaskincare.com\\\/wp-content\\\/uploads\\\/2020\\\/10\\\/green-clay-face-mask.jpg\",\"width\":1150,\"height\":1150},{\"@type\":\"BreadcrumbList\",\"@id\":\"https:\\\/\\\/bacanaskincare.com\\\/de\\\/product\\\/green-clay-face-mask\\\/#breadcrumb\",\"itemListElement\":[{\"@type\":\"ListItem\",\"position\":1,\"name\":\"Shop\",\"item\":\"https:\\\/\\\/bacanaskincare.com\\\/de\\\/shop\\\/\"},{\"@type\":\"ListItem\",\"position\":2,\"name\":\"Hautpflege\",\"item\":\"https:\\\/\\\/bacanaskincare.com\\\/de\\\/produkt-kategorie\\\/hautpflege\\\/\"},{\"@type\":\"ListItem\",\"position\":3,\"name\":\"Green Clay Face Mask\"}]},{\"@type\":\"WebSite\",\"@id\":\"https:\\\/\\\/bacanaskincare.com\\\/de\\\/#website\",\"url\":\"https:\\\/\\\/bacanaskincare.com\\\/de\\\/\",\"name\":\"Bacana Skincare\",\"description\":\"Nat\u00fcrliche Hautpflege mit tropischen Superfr\u00fcchten\",\"publisher\":{\"@id\":\"https:\\\/\\\/bacanaskincare.com\\\/de\\\/#organization\"},\"potentialAction\":[{\"@type\":\"SearchAction\",\"target\":{\"@type\":\"EntryPoint\",\"urlTemplate\":\"https:\\\/\\\/bacanaskincare.com\\\/de\\\/?s={search_term_string}\"},\"query-input\":{\"@type\":\"PropertyValueSpecification\",\"valueRequired\":true,\"valueName\":\"search_term_string\"}}],\"inLanguage\":\"de\"},{\"@type\":\"Organization\",\"@id\":\"https:\\\/\\\/bacanaskincare.com\\\/de\\\/#organization\",\"name\":\"Bacana Skincare\",\"url\":\"https:\\\/\\\/bacanaskincare.com\\\/de\\\/\",\"logo\":{\"@type\":\"ImageObject\",\"inLanguage\":\"de\",\"@id\":\"https:\\\/\\\/bacanaskincare.com\\\/de\\\/#\\\/schema\\\/logo\\\/image\\\/\",\"url\":\"https:\\\/\\\/bacanaskincare.com\\\/wp-content\\\/uploads\\\/2019\\\/09\\\/u.png\",\"contentUrl\":\"https:\\\/\\\/bacanaskincare.com\\\/wp-content\\\/uploads\\\/2019\\\/09\\\/u.png\",\"width\":834,\"height\":226,\"caption\":\"Bacana Skincare\"},\"image\":{\"@id\":\"https:\\\/\\\/bacanaskincare.com\\\/de\\\/#\\\/schema\\\/logo\\\/image\\\/\"},\"sameAs\":[\"https:\\\/\\\/www.facebook.com\\\/bacanaskincare-106988470647315\\\/\",\"https:\\\/\\\/www.instagram.com\\\/bacanaskincare\\\/?hl=en\",\"https:\\\/\\\/br.pinterest.com\\\/d0fd9db15f94c64465fab43d03b69a\\\/\"]}]}<\/script>\n<!-- \/ Yoast SEO plugin. -->","yoast_head_json":{"title":"Green Clay Face Mask | Bacana Skincare | Cruelty free & Vegan","description":"Green Clay Face Mask has a natural deep-cleansing formula. Therefore it purifies the skin without drying it out. Herbal, Mint, fresh scent.","robots":{"index":"index","follow":"follow","max-snippet":"max-snippet:-1","max-image-preview":"max-image-preview:large","max-video-preview":"max-video-preview:-1"},"canonical":"https:\/\/bacanaskincare.com\/de\/product\/green-clay-face-mask\/","og_locale":"de_DE","og_type":"article","og_title":"Green Clay Face Mask | Bacana Skincare | Cruelty free & Vegan","og_description":"Green Clay Face Mask has a natural deep-cleansing formula. Therefore it purifies the skin without drying it out. Herbal, Mint, fresh scent.","og_url":"https:\/\/bacanaskincare.com\/de\/product\/green-clay-face-mask\/","og_site_name":"Bacana Skincare","article_publisher":"https:\/\/www.facebook.com\/bacanaskincare-106988470647315\/","article_modified_time":"2025-12-01T23:11:48+00:00","og_image":[{"width":1150,"height":1150,"url":"https:\/\/bacanaskincare.com\/wp-content\/uploads\/2020\/10\/green-clay-face-mask.jpg","type":"image\/jpeg"}],"twitter_card":"summary_large_image","twitter_misc":{"Gesch\u00e4tzte Lesezeit":"1\u00a0Minute"},"schema":{"@context":"https:\/\/schema.org","@graph":[{"@type":["WebPage","ItemPage"],"@id":"https:\/\/bacanaskincare.com\/de\/product\/green-clay-face-mask\/","url":"https:\/\/bacanaskincare.com\/de\/product\/green-clay-face-mask\/","name":"Green Clay Face Mask | Bacana Skincare | Cruelty free & Vegan","isPartOf":{"@id":"https:\/\/bacanaskincare.com\/de\/#website"},"primaryImageOfPage":{"@id":"https:\/\/bacanaskincare.com\/de\/product\/green-clay-face-mask\/#primaryimage"},"image":{"@id":"https:\/\/bacanaskincare.com\/de\/product\/green-clay-face-mask\/#primaryimage"},"thumbnailUrl":"https:\/\/bacanaskincare.com\/wp-content\/uploads\/2020\/10\/green-clay-face-mask.jpg","datePublished":"2020-10-08T15:32:15+00:00","dateModified":"2025-12-01T23:11:48+00:00","description":"Green Clay Face Mask has a natural deep-cleansing formula. Therefore it purifies the skin without drying it out. Herbal, Mint, fresh scent.","breadcrumb":{"@id":"https:\/\/bacanaskincare.com\/de\/product\/green-clay-face-mask\/#breadcrumb"},"inLanguage":"de","potentialAction":[{"@type":"ReadAction","target":["https:\/\/bacanaskincare.com\/de\/product\/green-clay-face-mask\/"]}]},{"@type":"ImageObject","inLanguage":"de","@id":"https:\/\/bacanaskincare.com\/de\/product\/green-clay-face-mask\/#primaryimage","url":"https:\/\/bacanaskincare.com\/wp-content\/uploads\/2020\/10\/green-clay-face-mask.jpg","contentUrl":"https:\/\/bacanaskincare.com\/wp-content\/uploads\/2020\/10\/green-clay-face-mask.jpg","width":1150,"height":1150},{"@type":"BreadcrumbList","@id":"https:\/\/bacanaskincare.com\/de\/product\/green-clay-face-mask\/#breadcrumb","itemListElement":[{"@type":"ListItem","position":1,"name":"Shop","item":"https:\/\/bacanaskincare.com\/de\/shop\/"},{"@type":"ListItem","position":2,"name":"Hautpflege","item":"https:\/\/bacanaskincare.com\/de\/produkt-kategorie\/hautpflege\/"},{"@type":"ListItem","position":3,"name":"Green Clay Face Mask"}]},{"@type":"WebSite","@id":"https:\/\/bacanaskincare.com\/de\/#website","url":"https:\/\/bacanaskincare.com\/de\/","name":"Bacana Skincare","description":"Nat\u00fcrliche Hautpflege mit tropischen Superfr\u00fcchten","publisher":{"@id":"https:\/\/bacanaskincare.com\/de\/#organization"},"potentialAction":[{"@type":"SearchAction","target":{"@type":"EntryPoint","urlTemplate":"https:\/\/bacanaskincare.com\/de\/?s={search_term_string}"},"query-input":{"@type":"PropertyValueSpecification","valueRequired":true,"valueName":"search_term_string"}}],"inLanguage":"de"},{"@type":"Organization","@id":"https:\/\/bacanaskincare.com\/de\/#organization","name":"Bacana Skincare","url":"https:\/\/bacanaskincare.com\/de\/","logo":{"@type":"ImageObject","inLanguage":"de","@id":"https:\/\/bacanaskincare.com\/de\/#\/schema\/logo\/image\/","url":"https:\/\/bacanaskincare.com\/wp-content\/uploads\/2019\/09\/u.png","contentUrl":"https:\/\/bacanaskincare.com\/wp-content\/uploads\/2019\/09\/u.png","width":834,"height":226,"caption":"Bacana Skincare"},"image":{"@id":"https:\/\/bacanaskincare.com\/de\/#\/schema\/logo\/image\/"},"sameAs":["https:\/\/www.facebook.com\/bacanaskincare-106988470647315\/","https:\/\/www.instagram.com\/bacanaskincare\/?hl=en","https:\/\/br.pinterest.com\/d0fd9db15f94c64465fab43d03b69a\/"]}]}},"_links":{"self":[{"href":"https:\/\/bacanaskincare.com\/de\/wp-json\/wp\/v2\/product\/19168","targetHints":{"allow":["GET"]}}],"collection":[{"href":"https:\/\/bacanaskincare.com\/de\/wp-json\/wp\/v2\/product"}],"about":[{"href":"https:\/\/bacanaskincare.com\/de\/wp-json\/wp\/v2\/types\/product"}],"replies":[{"embeddable":true,"href":"https:\/\/bacanaskincare.com\/de\/wp-json\/wp\/v2\/comments?post=19168"}],"wp:featuredmedia":[{"embeddable":true,"href":"https:\/\/bacanaskincare.com\/de\/wp-json\/wp\/v2\/media\/19285"}],"wp:attachment":[{"href":"https:\/\/bacanaskincare.com\/de\/wp-json\/wp\/v2\/media?parent=19168"}],"wp:term":[{"taxonomy":"product_brand","embeddable":true,"href":"https:\/\/bacanaskincare.com\/de\/wp-json\/wp\/v2\/product_brand?post=19168"},{"taxonomy":"product_cat","embeddable":true,"href":"https:\/\/bacanaskincare.com\/de\/wp-json\/wp\/v2\/product_cat?post=19168"},{"taxonomy":"product_tag","embeddable":true,"href":"https:\/\/bacanaskincare.com\/de\/wp-json\/wp\/v2\/product_tag?post=19168"}],"curies":[{"name":"wp","href":"https:\/\/api.w.org\/{rel}","templated":true}]}}