{"id":19155,"date":"2020-02-13T23:53:31","date_gmt":"2020-02-13T22:53:31","guid":{"rendered":"http:\/\/bacanaskincare.com\/shop\/unkategorisiert\/acai-cupuacu-butter-lip-balm\/"},"modified":"2026-03-12T13:31:15","modified_gmt":"2026-03-12T12:31:15","slug":"cupuacu-butter-lip-balm","status":"publish","type":"product","link":"https:\/\/bacanaskincare.com\/de\/product\/cupuacu-butter-lip-balm\/","title":{"rendered":"Acai &#038; Cupuacu Lip &#038; Skin Balm"},"content":{"rendered":"<div class=\"wpb-content-wrapper\"><h3 class=\"p1\"><strong>DIE WICHTIGSTEN INHALTSSTOFFE UND WARUM SIE WIRKEN:<\/strong><\/h3>\n<p><strong>ORGANIC CUPUACU BUTTER:<\/strong> Eine amazonische Butter mit unglaublicher feuchtigkeitsspendender Wirkung. Es f\u00f6rdert die Elastizit\u00e4t und Geschmeidigkeit der Haut und f\u00f6rdert die Wiederherstellung ihrer nat\u00fcrlichen Feuchtigkeit und Feuchtigkeit. Unser Lieferant arbeitet mit nordbrasilianischen Gemeinden zusammen, in denen die Herstellung dieser Butter eine wichtige Rolle bei der Sicherung des Familieneinkommens spielt. Cupua\u00e7u-B\u00e4ume werden im Rahmen von Agroforstsystemen angebaut, und was fr\u00fcher als Abfall betrachtet wurde, n\u00e4mlich Cupua\u00e7u-Samen, wird heute zu wertvoller Butter verarbeitet.<\/p>\n<p><strong>ACAI-EXTRAKT UND BIO-\u00d6L:<\/strong> Diese in Brasilien beheimatete Superfrucht hat entz\u00fcndungshemmende Eigenschaften und ist reich an Antioxidantien. Es bek\u00e4mpft freie Radikale, mindert die Zeichen der Hautalterung und hilft, gesch\u00e4digte Zellen zu heilen und Feuchtigkeit wiederherzustellen. Unser Acai-\u00d6l ist biologisch und wird in Zusammenarbeit mit einem Lieferanten, der sich dem fairen Handel und dem Erhalt des Amazonas-Regenwaldes verschrieben hat, durch Upcycling nachhaltig gewonnen.<\/p>\n<p><strong>PASSIONSFRUCHT\u00d6L:<\/strong> Seine Vitamine und Fetts\u00e4uren sch\u00fctzen vor Sonnensch\u00e4den, spenden Feuchtigkeit und beruhigen die Haut. Unser Passionsfrucht\u00f6l ist kaltgepresst und stammt aus Brasilien. Unser Lieferant unterst\u00fctzt die lokalen Gemeinden, erh\u00e4lt die Artenvielfalt und bewahrt die Biodiversit\u00e4t in einer \u00f6kologisch bedeutenden Region.<\/p>\n<p><strong>BISABOLOL:<\/strong> Der Hauptbestandteil des aus der Kamille gewonnenen \u00e4therischen \u00d6ls. Es hat starke entz\u00fcndungshemmende Eigenschaften und hilft, die Haut zu beruhigen und zu erweichen.<\/p>\n<p>[vc_separator border_width=&#8220;2&#8243; css=&#8220;.vc_custom_1599302829238{margin-top: 50px !important;margin-bottom: 50px !important;}&#8220;][vc_row_inner][vc_column_inner width=&#8220;2\/3&#8243;][vc_single_image image=&#8220;18953&#8243; img_size=&#8220;420*420&#8243; alignment=&#8220;center&#8220;][\/vc_column_inner][vc_column_inner width=&#8220;1\/3&#8243;][vc_column_text css=&#8220;.vc_custom_1599379056833{margin-top: 20px !important;}&#8220;]Erfahrungen unserer Kunden[\/vc_column_text][vc_column_text]<\/p>\n<blockquote><p>\n            <span style=\"font-size: 14pt;\">Ich hatte lange trockene Ellbogen und begann, den Acai &amp; Cupuacu Lip Balm zu verwenden. Nach 1 Woche Anwendung konnte ich bereits die Ergebnisse sehen. Ich liebe es!<\/span>\n          <\/p><\/blockquote>\n<p>[\/vc_column_text][vc_column_text]<\/p>\n<p style=\"text-align: right;\">Cecilia, aus Amsterdam<\/p>\n<p>[\/vc_column_text][\/vc_column_inner][\/vc_row_inner]<\/p>\n<\/div>","protected":false},"excerpt":{"rendered":"<blockquote>\n<h4><span style=\"font-size: 12pt; font-family: verdana, geneva, sans-serif;\">A Balm to nourish dry lips and more.<\/span><\/h4>\n<\/blockquote>\n<p>&nbsp;<\/p>\n<p>[vc_row][vc_column][vc_toggle title=&#8220;WHAT IS IT?&#8220; style=&#8220;arrow&#8220; custom_font_container=&#8220;tag:h3|text_align:left&#8220; custom_use_theme_fonts=&#8220;yes&#8220;]This multi-purpose balm not only moisturizes, repairs, and regenerates chapped lips but is also suitable for nourishing your elbows, cuticles, and feet.[\/vc_toggle][vc_toggle title=&#8220;WHAT DOES IT DO?&#8220; style=&#8220;arrow&#8220; custom_font_container=&#8220;tag:h3|text_align:left&#8220; custom_use_theme_fonts=&#8220;yes&#8220;]It contains a precious blend of Cupuacu Butter, Acai, and Passion fruit oils, and Bisabolol. It provides a rich and nourishing treatment for the skin, in addition to having an efficient anti-inflammatory and antioxidant action, as well as helping in the healing and protection of the skin.[\/vc_toggle][vc_toggle title=&#8220;FOR WHOM?&#8220; style=&#8220;arrow&#8220; custom_font_container=&#8220;tag:h3|text_align:left&#8220; custom_use_theme_fonts=&#8220;yes&#8220;]For all skin types. It can also be used anywhere to soften dry, rough areas of skin.[\/vc_toggle][vc_toggle title=&#8220;HOW TO USE?&#8220; style=&#8220;arrow&#8220; custom_font_container=&#8220;tag:h3|text_align:left&#8220; custom_use_theme_fonts=&#8220;yes&#8220;]Use this versatile product as needed for all-over nourishment and care.[\/vc_toggle][\/vc_column][\/vc_row]<strong><br \/>\n<\/strong><\/p>\n<p>Size: 15 ml<\/p>\n<p><span style=\"font-family: verdana, geneva, sans-serif;\">\u00a0<\/span><\/p>\n","protected":false},"featured_media":19307,"comment_status":"open","ping_status":"closed","template":"","meta":{"ocean_post_layout":"","ocean_both_sidebars_style":"","ocean_both_sidebars_content_width":0,"ocean_both_sidebars_sidebars_width":0,"ocean_sidebar":"0","ocean_second_sidebar":"0","ocean_disable_margins":"enable","ocean_add_body_class":"","ocean_shortcode_before_top_bar":"","ocean_shortcode_after_top_bar":"","ocean_shortcode_before_header":"","ocean_shortcode_after_header":"","ocean_has_shortcode":"","ocean_shortcode_after_title":"","ocean_shortcode_before_footer_widgets":"","ocean_shortcode_after_footer_widgets":"","ocean_shortcode_before_footer_bottom":"","ocean_shortcode_after_footer_bottom":"","ocean_display_top_bar":"default","ocean_display_header":"default","ocean_header_style":"","ocean_center_header_left_menu":"0","ocean_custom_header_template":"0","ocean_custom_logo":0,"ocean_custom_retina_logo":0,"ocean_custom_logo_max_width":0,"ocean_custom_logo_tablet_max_width":0,"ocean_custom_logo_mobile_max_width":0,"ocean_custom_logo_max_height":0,"ocean_custom_logo_tablet_max_height":0,"ocean_custom_logo_mobile_max_height":0,"ocean_header_custom_menu":"0","ocean_menu_typo_font_family":"0","ocean_menu_typo_font_subset":"","ocean_menu_typo_font_size":0,"ocean_menu_typo_font_size_tablet":0,"ocean_menu_typo_font_size_mobile":0,"ocean_menu_typo_font_size_unit":"px","ocean_menu_typo_font_weight":"","ocean_menu_typo_font_weight_tablet":"","ocean_menu_typo_font_weight_mobile":"","ocean_menu_typo_transform":"","ocean_menu_typo_transform_tablet":"","ocean_menu_typo_transform_mobile":"","ocean_menu_typo_line_height":0,"ocean_menu_typo_line_height_tablet":0,"ocean_menu_typo_line_height_mobile":0,"ocean_menu_typo_line_height_unit":"","ocean_menu_typo_spacing":0,"ocean_menu_typo_spacing_tablet":0,"ocean_menu_typo_spacing_mobile":0,"ocean_menu_typo_spacing_unit":"","ocean_menu_link_color":"","ocean_menu_link_color_hover":"","ocean_menu_link_color_active":"","ocean_menu_link_background":"","ocean_menu_link_hover_background":"","ocean_menu_link_active_background":"","ocean_menu_social_links_bg":"","ocean_menu_social_hover_links_bg":"","ocean_menu_social_links_color":"","ocean_menu_social_hover_links_color":"","ocean_disable_title":"default","ocean_disable_heading":"default","ocean_post_title":"","ocean_post_subheading":"","ocean_post_title_style":"","ocean_post_title_background_color":"","ocean_post_title_background":0,"ocean_post_title_bg_image_position":"","ocean_post_title_bg_image_attachment":"","ocean_post_title_bg_image_repeat":"","ocean_post_title_bg_image_size":"","ocean_post_title_height":0,"ocean_post_title_bg_overlay":0.5,"ocean_post_title_bg_overlay_color":"","ocean_disable_breadcrumbs":"default","ocean_breadcrumbs_color":"","ocean_breadcrumbs_separator_color":"","ocean_breadcrumbs_links_color":"","ocean_breadcrumbs_links_hover_color":"","ocean_display_footer_widgets":"default","ocean_display_footer_bottom":"default","ocean_custom_footer_template":"0","iawp_total_views":30},"product_brand":[],"product_cat":[404],"product_tag":[],"class_list":{"0":"post-19155","1":"product","2":"type-product","3":"status-publish","4":"has-post-thumbnail","6":"product_cat-hautpflege","8":"entry","9":"has-media","11":"first","12":"instock","13":"shipping-taxable","14":"purchasable","15":"product-type-simple","16":"has-rating","17":"has-product-nav","18":"col","19":"span_1_of_3","20":"owp-content-center","21":"item-entry","22":"owp-thumbs-layout-horizontal","23":"owp-btn-normal","24":"owp-tabs-layout-horizontal","26":"circle-sale"},"yoast_head":"<!-- This site is optimized with the Yoast SEO plugin v27.3 - https:\/\/yoast.com\/product\/yoast-seo-wordpress\/ -->\n<title>Cupuacu butter Lip Balm | Vegan &amp; Cruelty Free | Bacana Skincare<\/title>\n<meta name=\"description\" content=\"The Acai &amp; Cupuacu butter Lip Balm to nourish dry lips and more. It moisturizes, repairs and regenerates chapped lips. Suitable for lips, elbows and feet\" \/>\n<meta name=\"robots\" content=\"index, follow, max-snippet:-1, max-image-preview:large, max-video-preview:-1\" \/>\n<link rel=\"canonical\" href=\"https:\/\/bacanaskincare.com\/de\/product\/cupuacu-butter-lip-balm\/\" \/>\n<meta property=\"og:locale\" content=\"de_DE\" \/>\n<meta property=\"og:type\" content=\"article\" \/>\n<meta property=\"og:title\" content=\"Cupuacu butter Lip Balm | Vegan &amp; Cruelty Free | Bacana Skincare\" \/>\n<meta property=\"og:description\" content=\"The Acai &amp; Cupuacu butter Lip Balm to nourish dry lips and more. It moisturizes, repairs and regenerates chapped lips. Suitable for lips, elbows and feet\" \/>\n<meta property=\"og:url\" content=\"https:\/\/bacanaskincare.com\/de\/product\/cupuacu-butter-lip-balm\/\" \/>\n<meta property=\"og:site_name\" content=\"Bacana Skincare\" \/>\n<meta property=\"article:publisher\" content=\"https:\/\/www.facebook.com\/bacanaskincare-106988470647315\/\" \/>\n<meta property=\"article:modified_time\" content=\"2026-03-12T12:31:15+00:00\" \/>\n<meta property=\"og:image\" content=\"https:\/\/bacanaskincare.com\/wp-content\/uploads\/2020\/02\/LB-acai-cupuacu-acai.jpg\" \/>\n\t<meta property=\"og:image:width\" content=\"1365\" \/>\n\t<meta property=\"og:image:height\" content=\"1365\" \/>\n\t<meta property=\"og:image:type\" content=\"image\/jpeg\" \/>\n<meta name=\"twitter:card\" content=\"summary_large_image\" \/>\n<meta name=\"twitter:label1\" content=\"Gesch\u00e4tzte Lesezeit\" \/>\n\t<meta name=\"twitter:data1\" content=\"1\u00a0Minute\" \/>\n<script type=\"application\/ld+json\" class=\"yoast-schema-graph\">{\"@context\":\"https:\\\/\\\/schema.org\",\"@graph\":[{\"@type\":[\"WebPage\",\"ItemPage\"],\"@id\":\"https:\\\/\\\/bacanaskincare.com\\\/de\\\/product\\\/cupuacu-butter-lip-balm\\\/\",\"url\":\"https:\\\/\\\/bacanaskincare.com\\\/de\\\/product\\\/cupuacu-butter-lip-balm\\\/\",\"name\":\"Cupuacu butter Lip Balm | Vegan & Cruelty Free | Bacana Skincare\",\"isPartOf\":{\"@id\":\"https:\\\/\\\/bacanaskincare.com\\\/de\\\/#website\"},\"primaryImageOfPage\":{\"@id\":\"https:\\\/\\\/bacanaskincare.com\\\/de\\\/product\\\/cupuacu-butter-lip-balm\\\/#primaryimage\"},\"image\":{\"@id\":\"https:\\\/\\\/bacanaskincare.com\\\/de\\\/product\\\/cupuacu-butter-lip-balm\\\/#primaryimage\"},\"thumbnailUrl\":\"https:\\\/\\\/bacanaskincare.com\\\/wp-content\\\/uploads\\\/2020\\\/02\\\/LB-acai-cupuacu-acai.jpg\",\"datePublished\":\"2020-02-13T22:53:31+00:00\",\"dateModified\":\"2026-03-12T12:31:15+00:00\",\"description\":\"The Acai & Cupuacu butter Lip Balm to nourish dry lips and more. It moisturizes, repairs and regenerates chapped lips. Suitable for lips, elbows and feet\",\"breadcrumb\":{\"@id\":\"https:\\\/\\\/bacanaskincare.com\\\/de\\\/product\\\/cupuacu-butter-lip-balm\\\/#breadcrumb\"},\"inLanguage\":\"de\",\"potentialAction\":[{\"@type\":\"ReadAction\",\"target\":[\"https:\\\/\\\/bacanaskincare.com\\\/de\\\/product\\\/cupuacu-butter-lip-balm\\\/\"]}]},{\"@type\":\"ImageObject\",\"inLanguage\":\"de\",\"@id\":\"https:\\\/\\\/bacanaskincare.com\\\/de\\\/product\\\/cupuacu-butter-lip-balm\\\/#primaryimage\",\"url\":\"https:\\\/\\\/bacanaskincare.com\\\/wp-content\\\/uploads\\\/2020\\\/02\\\/LB-acai-cupuacu-acai.jpg\",\"contentUrl\":\"https:\\\/\\\/bacanaskincare.com\\\/wp-content\\\/uploads\\\/2020\\\/02\\\/LB-acai-cupuacu-acai.jpg\",\"width\":1365,\"height\":1365},{\"@type\":\"BreadcrumbList\",\"@id\":\"https:\\\/\\\/bacanaskincare.com\\\/de\\\/product\\\/cupuacu-butter-lip-balm\\\/#breadcrumb\",\"itemListElement\":[{\"@type\":\"ListItem\",\"position\":1,\"name\":\"Shop\",\"item\":\"https:\\\/\\\/bacanaskincare.com\\\/de\\\/shop\\\/\"},{\"@type\":\"ListItem\",\"position\":2,\"name\":\"Hautpflege\",\"item\":\"https:\\\/\\\/bacanaskincare.com\\\/de\\\/produkt-kategorie\\\/hautpflege\\\/\"},{\"@type\":\"ListItem\",\"position\":3,\"name\":\"Acai &#038; Cupuacu Lip &#038; Skin Balm\"}]},{\"@type\":\"WebSite\",\"@id\":\"https:\\\/\\\/bacanaskincare.com\\\/de\\\/#website\",\"url\":\"https:\\\/\\\/bacanaskincare.com\\\/de\\\/\",\"name\":\"Bacana Skincare\",\"description\":\"Nat\u00fcrliche Hautpflege mit tropischen Superfr\u00fcchten\",\"publisher\":{\"@id\":\"https:\\\/\\\/bacanaskincare.com\\\/de\\\/#organization\"},\"potentialAction\":[{\"@type\":\"SearchAction\",\"target\":{\"@type\":\"EntryPoint\",\"urlTemplate\":\"https:\\\/\\\/bacanaskincare.com\\\/de\\\/?s={search_term_string}\"},\"query-input\":{\"@type\":\"PropertyValueSpecification\",\"valueRequired\":true,\"valueName\":\"search_term_string\"}}],\"inLanguage\":\"de\"},{\"@type\":\"Organization\",\"@id\":\"https:\\\/\\\/bacanaskincare.com\\\/de\\\/#organization\",\"name\":\"Bacana Skincare\",\"url\":\"https:\\\/\\\/bacanaskincare.com\\\/de\\\/\",\"logo\":{\"@type\":\"ImageObject\",\"inLanguage\":\"de\",\"@id\":\"https:\\\/\\\/bacanaskincare.com\\\/de\\\/#\\\/schema\\\/logo\\\/image\\\/\",\"url\":\"https:\\\/\\\/bacanaskincare.com\\\/wp-content\\\/uploads\\\/2019\\\/09\\\/u.png\",\"contentUrl\":\"https:\\\/\\\/bacanaskincare.com\\\/wp-content\\\/uploads\\\/2019\\\/09\\\/u.png\",\"width\":834,\"height\":226,\"caption\":\"Bacana Skincare\"},\"image\":{\"@id\":\"https:\\\/\\\/bacanaskincare.com\\\/de\\\/#\\\/schema\\\/logo\\\/image\\\/\"},\"sameAs\":[\"https:\\\/\\\/www.facebook.com\\\/bacanaskincare-106988470647315\\\/\",\"https:\\\/\\\/www.instagram.com\\\/bacanaskincare\\\/?hl=en\",\"https:\\\/\\\/br.pinterest.com\\\/d0fd9db15f94c64465fab43d03b69a\\\/\"]}]}<\/script>\n<!-- \/ Yoast SEO plugin. -->","yoast_head_json":{"title":"Cupuacu butter Lip Balm | Vegan & Cruelty Free | Bacana Skincare","description":"The Acai & Cupuacu butter Lip Balm to nourish dry lips and more. It moisturizes, repairs and regenerates chapped lips. Suitable for lips, elbows and feet","robots":{"index":"index","follow":"follow","max-snippet":"max-snippet:-1","max-image-preview":"max-image-preview:large","max-video-preview":"max-video-preview:-1"},"canonical":"https:\/\/bacanaskincare.com\/de\/product\/cupuacu-butter-lip-balm\/","og_locale":"de_DE","og_type":"article","og_title":"Cupuacu butter Lip Balm | Vegan & Cruelty Free | Bacana Skincare","og_description":"The Acai & Cupuacu butter Lip Balm to nourish dry lips and more. It moisturizes, repairs and regenerates chapped lips. Suitable for lips, elbows and feet","og_url":"https:\/\/bacanaskincare.com\/de\/product\/cupuacu-butter-lip-balm\/","og_site_name":"Bacana Skincare","article_publisher":"https:\/\/www.facebook.com\/bacanaskincare-106988470647315\/","article_modified_time":"2026-03-12T12:31:15+00:00","og_image":[{"width":1365,"height":1365,"url":"https:\/\/bacanaskincare.com\/wp-content\/uploads\/2020\/02\/LB-acai-cupuacu-acai.jpg","type":"image\/jpeg"}],"twitter_card":"summary_large_image","twitter_misc":{"Gesch\u00e4tzte Lesezeit":"1\u00a0Minute"},"schema":{"@context":"https:\/\/schema.org","@graph":[{"@type":["WebPage","ItemPage"],"@id":"https:\/\/bacanaskincare.com\/de\/product\/cupuacu-butter-lip-balm\/","url":"https:\/\/bacanaskincare.com\/de\/product\/cupuacu-butter-lip-balm\/","name":"Cupuacu butter Lip Balm | Vegan & Cruelty Free | Bacana Skincare","isPartOf":{"@id":"https:\/\/bacanaskincare.com\/de\/#website"},"primaryImageOfPage":{"@id":"https:\/\/bacanaskincare.com\/de\/product\/cupuacu-butter-lip-balm\/#primaryimage"},"image":{"@id":"https:\/\/bacanaskincare.com\/de\/product\/cupuacu-butter-lip-balm\/#primaryimage"},"thumbnailUrl":"https:\/\/bacanaskincare.com\/wp-content\/uploads\/2020\/02\/LB-acai-cupuacu-acai.jpg","datePublished":"2020-02-13T22:53:31+00:00","dateModified":"2026-03-12T12:31:15+00:00","description":"The Acai & Cupuacu butter Lip Balm to nourish dry lips and more. It moisturizes, repairs and regenerates chapped lips. Suitable for lips, elbows and feet","breadcrumb":{"@id":"https:\/\/bacanaskincare.com\/de\/product\/cupuacu-butter-lip-balm\/#breadcrumb"},"inLanguage":"de","potentialAction":[{"@type":"ReadAction","target":["https:\/\/bacanaskincare.com\/de\/product\/cupuacu-butter-lip-balm\/"]}]},{"@type":"ImageObject","inLanguage":"de","@id":"https:\/\/bacanaskincare.com\/de\/product\/cupuacu-butter-lip-balm\/#primaryimage","url":"https:\/\/bacanaskincare.com\/wp-content\/uploads\/2020\/02\/LB-acai-cupuacu-acai.jpg","contentUrl":"https:\/\/bacanaskincare.com\/wp-content\/uploads\/2020\/02\/LB-acai-cupuacu-acai.jpg","width":1365,"height":1365},{"@type":"BreadcrumbList","@id":"https:\/\/bacanaskincare.com\/de\/product\/cupuacu-butter-lip-balm\/#breadcrumb","itemListElement":[{"@type":"ListItem","position":1,"name":"Shop","item":"https:\/\/bacanaskincare.com\/de\/shop\/"},{"@type":"ListItem","position":2,"name":"Hautpflege","item":"https:\/\/bacanaskincare.com\/de\/produkt-kategorie\/hautpflege\/"},{"@type":"ListItem","position":3,"name":"Acai &#038; Cupuacu Lip &#038; Skin Balm"}]},{"@type":"WebSite","@id":"https:\/\/bacanaskincare.com\/de\/#website","url":"https:\/\/bacanaskincare.com\/de\/","name":"Bacana Skincare","description":"Nat\u00fcrliche Hautpflege mit tropischen Superfr\u00fcchten","publisher":{"@id":"https:\/\/bacanaskincare.com\/de\/#organization"},"potentialAction":[{"@type":"SearchAction","target":{"@type":"EntryPoint","urlTemplate":"https:\/\/bacanaskincare.com\/de\/?s={search_term_string}"},"query-input":{"@type":"PropertyValueSpecification","valueRequired":true,"valueName":"search_term_string"}}],"inLanguage":"de"},{"@type":"Organization","@id":"https:\/\/bacanaskincare.com\/de\/#organization","name":"Bacana Skincare","url":"https:\/\/bacanaskincare.com\/de\/","logo":{"@type":"ImageObject","inLanguage":"de","@id":"https:\/\/bacanaskincare.com\/de\/#\/schema\/logo\/image\/","url":"https:\/\/bacanaskincare.com\/wp-content\/uploads\/2019\/09\/u.png","contentUrl":"https:\/\/bacanaskincare.com\/wp-content\/uploads\/2019\/09\/u.png","width":834,"height":226,"caption":"Bacana Skincare"},"image":{"@id":"https:\/\/bacanaskincare.com\/de\/#\/schema\/logo\/image\/"},"sameAs":["https:\/\/www.facebook.com\/bacanaskincare-106988470647315\/","https:\/\/www.instagram.com\/bacanaskincare\/?hl=en","https:\/\/br.pinterest.com\/d0fd9db15f94c64465fab43d03b69a\/"]}]}},"_links":{"self":[{"href":"https:\/\/bacanaskincare.com\/de\/wp-json\/wp\/v2\/product\/19155","targetHints":{"allow":["GET"]}}],"collection":[{"href":"https:\/\/bacanaskincare.com\/de\/wp-json\/wp\/v2\/product"}],"about":[{"href":"https:\/\/bacanaskincare.com\/de\/wp-json\/wp\/v2\/types\/product"}],"replies":[{"embeddable":true,"href":"https:\/\/bacanaskincare.com\/de\/wp-json\/wp\/v2\/comments?post=19155"}],"wp:featuredmedia":[{"embeddable":true,"href":"https:\/\/bacanaskincare.com\/de\/wp-json\/wp\/v2\/media\/19307"}],"wp:attachment":[{"href":"https:\/\/bacanaskincare.com\/de\/wp-json\/wp\/v2\/media?parent=19155"}],"wp:term":[{"taxonomy":"product_brand","embeddable":true,"href":"https:\/\/bacanaskincare.com\/de\/wp-json\/wp\/v2\/product_brand?post=19155"},{"taxonomy":"product_cat","embeddable":true,"href":"https:\/\/bacanaskincare.com\/de\/wp-json\/wp\/v2\/product_cat?post=19155"},{"taxonomy":"product_tag","embeddable":true,"href":"https:\/\/bacanaskincare.com\/de\/wp-json\/wp\/v2\/product_tag?post=19155"}],"curies":[{"name":"wp","href":"https:\/\/api.w.org\/{rel}","templated":true}]}}