{"id":19152,"date":"2020-02-09T21:50:31","date_gmt":"2020-02-09T20:50:31","guid":{"rendered":"http:\/\/bacanaskincare.com\/shop\/unkategorisiert\/tropical-shine-oel-serum\/"},"modified":"2026-02-25T18:27:08","modified_gmt":"2026-02-25T17:27:08","slug":"tropical-shine-oel-serum","status":"publish","type":"product","link":"https:\/\/bacanaskincare.com\/de\/product\/tropical-shine-oel-serum\/","title":{"rendered":"Maracuja Serum Gesicht &amp; Haar (Tropical Shine)"},"content":{"rendered":"<h3 class=\"p1\"><strong> DIE WICHTIGSTEN INHALTSSTOFFE UND WARUM SIE WIRKEN:<\/strong><\/h3>\n<p><strong>PASSIONSFRUCHT\u00d6L:<\/strong> Seine Vitamine und Fetts\u00e4uren (Omega 3 und 6) sch\u00fctzen vor Sonnensch\u00e4den, spenden Feuchtigkeit und beruhigen die Haut. Unser Passionsfrucht\u00f6l ist kaltgepresst und stammt aus Brasilien. Unser Lieferant unterst\u00fctzt die lokalen Gemeinden, erh\u00e4lt die Artenvielfalt und bewahrt die Biodiversit\u00e4t in einer \u00f6kologisch bedeutenden Region.<\/p>\n<p><strong>BIO-PRACAXI-\u00d6L:<\/strong> Klinische Studien best\u00e4tigen, dass das Pracaxi-\u00d6l Melaninflecken reduziert und einen gleichm\u00e4\u00dfigen, strahlenden Hautton f\u00f6rdert. Es f\u00f6rdert die Hyalurons\u00e4ure- und Kollagenproduktion, bek\u00e4mpft die Zeichen der Hautalterung und versorgt die Haut mit N\u00e4hrstoffen und Feuchtigkeit. Dar\u00fcber hinaus verleiht es dem Haar Glanz und macht es leichter zu k\u00e4mmen. Unser Pracaxi-\u00d6l ist biologisch und stammt aus Brasilien. Unser Lieferant unterst\u00fctzt die lokalen Gemeinden, indem er den Sammlern von Pracaxi-Samen ein zus\u00e4tzliches Einkommen bietet, und f\u00f6rdert gleichzeitig den Artenschutz und die Erhaltung der biologischen Vielfalt in einer \u00f6kologisch bedeutenden Region.<\/p>\n<p><strong>BIO-ROSEN\u00d6L:<\/strong> ein nat\u00fcrlicher Entz\u00fcndungshemmer mit hohen Konzentrationen an Omega 3, 6, 7 und 9 sowie antioxidativen Carotinoiden. Es hilft, die Haut zu reparieren, zu gl\u00e4tten und zu straffen.<\/p>\n<p><strong>OLIVENSQUALANE:<\/strong> ein 100%iges Oliven\u00f6l, das die Haut intensiv mit Feuchtigkeit und essentiellen Fetts\u00e4uren versorgt und sie au\u00dfergew\u00f6hnlich weich macht. Auf die Haare aufgetragen, macht es das Haar weich, verleiht ihm Glanz und st\u00e4rkt die Haarspitzen.<\/p>\n<p><strong>BISABOLOL:<\/strong> ein nat\u00fcrlicher Inhaltsstoff mit starken entz\u00fcndungshemmenden Eigenschaften, der die Haut beruhigt und entspannt.<\/p>\n<p><strong>NAT\u00dcRLICHES VITAMIN E:<\/strong> Dank seiner antioxidativen Eigenschaften tr\u00e4gt Vitamin E in Kosmetika dazu bei, die Formel vor Oxidation zu sch\u00fctzen. Auf der Haut minimiert es die Auswirkungen von freien Radikalen, die durch Sonnenstrahlen und Umweltschadstoffe verursacht werden, und wirkt so der vorzeitigen Hautalterung entgegen.<\/p>\n","protected":false},"excerpt":{"rendered":"<blockquote>\n<h4>Ein Serum mit n\u00e4hrenden Omega-\u00d6len und Vitamin E f\u00fcr eine leuchtende und gesunde Ausstrahlung von Haut und Haar.<\/h4>\n<\/blockquote>\n<p>&nbsp;<\/p>\n<p>[vc_row][vc_column][vc_toggle title=&#8220;WAS IST DAS?&#8220; style=&#8220;arrow&#8220; custom_font_container=&#8220;tag:h3|text_align:left&#8220; custom_use_theme_fonts=&#8220;yes&#8220;]Es ist ein leichtes, vielseitiges \u00d6lserum, das sowohl f\u00fcr das Haar als auch f\u00fcr das Gesicht verwendet werden kann. Dieses n\u00e4hrstoffreiche Serum ist mit Omega-Fetts\u00e4uren und Vitamin E angereichert und bietet verj\u00fcngende, n\u00e4hrende und beruhigende Eigenschaften. Es zieht schnell ein und hinterl\u00e4sst kein fettiges Gef\u00fchl. Wenn es auf das Haar aufgetragen wird, macht es die Haarkutikula weich und beschichtet sie, wodurch das Haar gl\u00e4nzender wird.[\/vc_toggle][vc_toggle title=&#8220;WAS MACHT SIE?&#8220; style=&#8220;arrow&#8220; custom_font_container=&#8220;tag:h3|text_align:left&#8220; custom_use_theme_fonts=&#8220;yes&#8220;]Die Formel versorgt die Haut mit essenziellen Fetts\u00e4uren und Squalan, die mit zunehmendem Alter abnehmen und zu trockener, glanzloser Haut f\u00fchren. Unser Tropical Oil Serum hilft, den nat\u00fcrlichen Feuchtigkeitsverlust zu reduzieren, die Haut mit Feuchtigkeit zu versorgen und sie mit einem nat\u00fcrlichen, gesunden Glanz zu verj\u00fcngen.[\/vc_toggle][vc_toggle title=&#8220;F\u00dcR WEN?&#8220; style=&#8220;arrow&#8220; custom_font_container=&#8220;tag:h3|text_align:left&#8220; custom_use_theme_fonts=&#8220;yes&#8220;]F\u00fcr alle Hauttypen geeignet, auch f\u00fcr die empfindlichste.[\/vc_toggle][vc_toggle title=&#8220;WIE BENUTZEN?&#8220; style=&#8220;arrow&#8220; custom_font_container=&#8220;tag:h3|text_align:left&#8220; custom_use_theme_fonts=&#8220;yes&#8220;]Tragen Sie 2-4 Tropfen ein- bis zweimal t\u00e4glich auf Ihr Gesicht auf. Allein oder nach der <a href=\"http:\/\/bacanaskincare.com\/shop\/natural-skincare-face-cream\/multi-action-face-cream\/\">t\u00e4glichen Feuchtigkeitscreme<\/a> verwenden. Es kann abwechselnd mit unserem Bio-Retinol Oil Serum verwendet werden. Verwenden Sie morgens das Tropical Shine Oil Serum und abends Bio-Retinol.<\/p>\n<p>Haar: 2 Tropfen in das feuchte oder trockene Haar von der Mitte bis zu den Spitzen einmassieren. Au\u00dferdem kann es vor und nach der Rasur verwendet werden, um das Haar zu n\u00e4hren und die Haut zu beruhigen.<br \/>\nNicht aussp\u00fclen, denn es hinterl\u00e4sst kein fettiges Gef\u00fchl.[\/vc_toggle][\/vc_column][\/vc_row]<\/p>\n<p>Gr\u00f6\u00dfe: 30 ml.<\/p>\n<p>Parf\u00fcmfrei.<\/p>\n<p>Saubere Formel und nat\u00fcrliche Inhaltsstoffe. Nachhaltig beschafft. Umweltfreundlich. Dermatologisch getestet. Vegan. Keine Tierversuche.     <\/p>\n","protected":false},"featured_media":26177,"comment_status":"open","ping_status":"closed","template":"","meta":{"ocean_post_layout":"","ocean_both_sidebars_style":"","ocean_both_sidebars_content_width":0,"ocean_both_sidebars_sidebars_width":0,"ocean_sidebar":"0","ocean_second_sidebar":"0","ocean_disable_margins":"enable","ocean_add_body_class":"","ocean_shortcode_before_top_bar":"","ocean_shortcode_after_top_bar":"","ocean_shortcode_before_header":"","ocean_shortcode_after_header":"","ocean_has_shortcode":"","ocean_shortcode_after_title":"","ocean_shortcode_before_footer_widgets":"","ocean_shortcode_after_footer_widgets":"","ocean_shortcode_before_footer_bottom":"","ocean_shortcode_after_footer_bottom":"","ocean_display_top_bar":"default","ocean_display_header":"default","ocean_header_style":"","ocean_center_header_left_menu":"0","ocean_custom_header_template":"0","ocean_custom_logo":0,"ocean_custom_retina_logo":0,"ocean_custom_logo_max_width":0,"ocean_custom_logo_tablet_max_width":0,"ocean_custom_logo_mobile_max_width":0,"ocean_custom_logo_max_height":0,"ocean_custom_logo_tablet_max_height":0,"ocean_custom_logo_mobile_max_height":0,"ocean_header_custom_menu":"0","ocean_menu_typo_font_family":"0","ocean_menu_typo_font_subset":"","ocean_menu_typo_font_size":0,"ocean_menu_typo_font_size_tablet":0,"ocean_menu_typo_font_size_mobile":0,"ocean_menu_typo_font_size_unit":"px","ocean_menu_typo_font_weight":"","ocean_menu_typo_font_weight_tablet":"","ocean_menu_typo_font_weight_mobile":"","ocean_menu_typo_transform":"","ocean_menu_typo_transform_tablet":"","ocean_menu_typo_transform_mobile":"","ocean_menu_typo_line_height":0,"ocean_menu_typo_line_height_tablet":0,"ocean_menu_typo_line_height_mobile":0,"ocean_menu_typo_line_height_unit":"","ocean_menu_typo_spacing":0,"ocean_menu_typo_spacing_tablet":0,"ocean_menu_typo_spacing_mobile":0,"ocean_menu_typo_spacing_unit":"","ocean_menu_link_color":"","ocean_menu_link_color_hover":"","ocean_menu_link_color_active":"","ocean_menu_link_background":"","ocean_menu_link_hover_background":"","ocean_menu_link_active_background":"","ocean_menu_social_links_bg":"","ocean_menu_social_hover_links_bg":"","ocean_menu_social_links_color":"","ocean_menu_social_hover_links_color":"","ocean_disable_title":"default","ocean_disable_heading":"default","ocean_post_title":"","ocean_post_subheading":"","ocean_post_title_style":"","ocean_post_title_background_color":"","ocean_post_title_background":0,"ocean_post_title_bg_image_position":"","ocean_post_title_bg_image_attachment":"","ocean_post_title_bg_image_repeat":"","ocean_post_title_bg_image_size":"","ocean_post_title_height":0,"ocean_post_title_bg_overlay":0.5,"ocean_post_title_bg_overlay_color":"","ocean_disable_breadcrumbs":"default","ocean_breadcrumbs_color":"","ocean_breadcrumbs_separator_color":"","ocean_breadcrumbs_links_color":"","ocean_breadcrumbs_links_hover_color":"","ocean_display_footer_widgets":"default","ocean_display_footer_bottom":"default","ocean_custom_footer_template":"0","iawp_total_views":33},"product_brand":[],"product_cat":[404],"product_tag":[],"class_list":{"0":"post-19152","1":"product","2":"type-product","3":"status-publish","4":"has-post-thumbnail","6":"product_cat-hautpflege","8":"entry","9":"has-media","11":"first","12":"instock","13":"shipping-taxable","14":"purchasable","15":"product-type-simple","16":"has-rating","17":"has-product-nav","18":"col","19":"span_1_of_3","20":"owp-content-center","21":"item-entry","22":"owp-thumbs-layout-horizontal","23":"owp-btn-normal","24":"owp-tabs-layout-horizontal","26":"circle-sale"},"yoast_head":"<!-- This site is optimized with the Yoast SEO plugin v27.3 - https:\/\/yoast.com\/product\/yoast-seo-wordpress\/ -->\n<title>\u00d6lserum Gesicht &amp; Haar von Bacana Skincare | Vegan &amp; Cruelty free<\/title>\n<meta name=\"description\" content=\"Wertvolles Multitasking-\u00d6lserum, das Gesicht und Haar sofort mit Feuchtigkeit versorgt, sch\u00fctzt und repariert, ohne sich fettig anzuf\u00fchlen. F\u00fcr alle Hauttypen.\" \/>\n<meta name=\"robots\" content=\"index, follow, max-snippet:-1, max-image-preview:large, max-video-preview:-1\" \/>\n<link rel=\"canonical\" href=\"https:\/\/bacanaskincare.com\/de\/product\/tropical-shine-oel-serum\/\" \/>\n<meta property=\"og:locale\" content=\"de_DE\" \/>\n<meta property=\"og:type\" content=\"article\" \/>\n<meta property=\"og:title\" content=\"\u00d6lserum Gesicht &amp; Haar von Bacana Skincare | Vegan &amp; Cruelty free\" \/>\n<meta property=\"og:description\" content=\"Wertvolles Multitasking-\u00d6lserum, das Gesicht und Haar sofort mit Feuchtigkeit versorgt, sch\u00fctzt und repariert, ohne sich fettig anzuf\u00fchlen. F\u00fcr alle Hauttypen.\" \/>\n<meta property=\"og:url\" content=\"https:\/\/bacanaskincare.com\/de\/product\/tropical-shine-oel-serum\/\" \/>\n<meta property=\"og:site_name\" content=\"Bacana Skincare\" \/>\n<meta property=\"article:publisher\" content=\"https:\/\/www.facebook.com\/bacanaskincare-106988470647315\/\" \/>\n<meta property=\"article:modified_time\" content=\"2026-02-25T17:27:08+00:00\" \/>\n<meta property=\"og:image\" content=\"https:\/\/bacanaskincare.com\/wp-content\/uploads\/2020\/02\/Serum-Maracuja-5-2.jpg\" \/>\n\t<meta property=\"og:image:width\" content=\"1050\" \/>\n\t<meta property=\"og:image:height\" content=\"1050\" \/>\n\t<meta property=\"og:image:type\" content=\"image\/jpeg\" \/>\n<meta name=\"twitter:card\" content=\"summary_large_image\" \/>\n<meta name=\"twitter:label1\" content=\"Gesch\u00e4tzte Lesezeit\" \/>\n\t<meta name=\"twitter:data1\" content=\"1\u00a0Minute\" \/>\n<script type=\"application\/ld+json\" class=\"yoast-schema-graph\">{\"@context\":\"https:\\\/\\\/schema.org\",\"@graph\":[{\"@type\":[\"WebPage\",\"ItemPage\"],\"@id\":\"https:\\\/\\\/bacanaskincare.com\\\/de\\\/product\\\/tropical-shine-oel-serum\\\/\",\"url\":\"https:\\\/\\\/bacanaskincare.com\\\/de\\\/product\\\/tropical-shine-oel-serum\\\/\",\"name\":\"\u00d6lserum Gesicht & Haar von Bacana Skincare | Vegan & Cruelty free\",\"isPartOf\":{\"@id\":\"https:\\\/\\\/bacanaskincare.com\\\/de\\\/#website\"},\"primaryImageOfPage\":{\"@id\":\"https:\\\/\\\/bacanaskincare.com\\\/de\\\/product\\\/tropical-shine-oel-serum\\\/#primaryimage\"},\"image\":{\"@id\":\"https:\\\/\\\/bacanaskincare.com\\\/de\\\/product\\\/tropical-shine-oel-serum\\\/#primaryimage\"},\"thumbnailUrl\":\"https:\\\/\\\/bacanaskincare.com\\\/wp-content\\\/uploads\\\/2020\\\/02\\\/Serum-Maracuja-5-2.jpg\",\"datePublished\":\"2020-02-09T20:50:31+00:00\",\"dateModified\":\"2026-02-25T17:27:08+00:00\",\"description\":\"Wertvolles Multitasking-\u00d6lserum, das Gesicht und Haar sofort mit Feuchtigkeit versorgt, sch\u00fctzt und repariert, ohne sich fettig anzuf\u00fchlen. F\u00fcr alle Hauttypen.\",\"breadcrumb\":{\"@id\":\"https:\\\/\\\/bacanaskincare.com\\\/de\\\/product\\\/tropical-shine-oel-serum\\\/#breadcrumb\"},\"inLanguage\":\"de\",\"potentialAction\":[{\"@type\":\"ReadAction\",\"target\":[\"https:\\\/\\\/bacanaskincare.com\\\/de\\\/product\\\/tropical-shine-oel-serum\\\/\"]}]},{\"@type\":\"ImageObject\",\"inLanguage\":\"de\",\"@id\":\"https:\\\/\\\/bacanaskincare.com\\\/de\\\/product\\\/tropical-shine-oel-serum\\\/#primaryimage\",\"url\":\"https:\\\/\\\/bacanaskincare.com\\\/wp-content\\\/uploads\\\/2020\\\/02\\\/Serum-Maracuja-5-2.jpg\",\"contentUrl\":\"https:\\\/\\\/bacanaskincare.com\\\/wp-content\\\/uploads\\\/2020\\\/02\\\/Serum-Maracuja-5-2.jpg\",\"width\":1050,\"height\":1050},{\"@type\":\"BreadcrumbList\",\"@id\":\"https:\\\/\\\/bacanaskincare.com\\\/de\\\/product\\\/tropical-shine-oel-serum\\\/#breadcrumb\",\"itemListElement\":[{\"@type\":\"ListItem\",\"position\":1,\"name\":\"Shop\",\"item\":\"https:\\\/\\\/bacanaskincare.com\\\/de\\\/shop\\\/\"},{\"@type\":\"ListItem\",\"position\":2,\"name\":\"Hautpflege\",\"item\":\"https:\\\/\\\/bacanaskincare.com\\\/de\\\/produkt-kategorie\\\/hautpflege\\\/\"},{\"@type\":\"ListItem\",\"position\":3,\"name\":\"Maracuja Serum Gesicht &amp; Haar (Tropical Shine)\"}]},{\"@type\":\"WebSite\",\"@id\":\"https:\\\/\\\/bacanaskincare.com\\\/de\\\/#website\",\"url\":\"https:\\\/\\\/bacanaskincare.com\\\/de\\\/\",\"name\":\"Bacana Skincare\",\"description\":\"Nat\u00fcrliche Hautpflege mit tropischen Superfr\u00fcchten\",\"publisher\":{\"@id\":\"https:\\\/\\\/bacanaskincare.com\\\/de\\\/#organization\"},\"potentialAction\":[{\"@type\":\"SearchAction\",\"target\":{\"@type\":\"EntryPoint\",\"urlTemplate\":\"https:\\\/\\\/bacanaskincare.com\\\/de\\\/?s={search_term_string}\"},\"query-input\":{\"@type\":\"PropertyValueSpecification\",\"valueRequired\":true,\"valueName\":\"search_term_string\"}}],\"inLanguage\":\"de\"},{\"@type\":\"Organization\",\"@id\":\"https:\\\/\\\/bacanaskincare.com\\\/de\\\/#organization\",\"name\":\"Bacana Skincare\",\"url\":\"https:\\\/\\\/bacanaskincare.com\\\/de\\\/\",\"logo\":{\"@type\":\"ImageObject\",\"inLanguage\":\"de\",\"@id\":\"https:\\\/\\\/bacanaskincare.com\\\/de\\\/#\\\/schema\\\/logo\\\/image\\\/\",\"url\":\"https:\\\/\\\/bacanaskincare.com\\\/wp-content\\\/uploads\\\/2019\\\/09\\\/u.png\",\"contentUrl\":\"https:\\\/\\\/bacanaskincare.com\\\/wp-content\\\/uploads\\\/2019\\\/09\\\/u.png\",\"width\":834,\"height\":226,\"caption\":\"Bacana Skincare\"},\"image\":{\"@id\":\"https:\\\/\\\/bacanaskincare.com\\\/de\\\/#\\\/schema\\\/logo\\\/image\\\/\"},\"sameAs\":[\"https:\\\/\\\/www.facebook.com\\\/bacanaskincare-106988470647315\\\/\",\"https:\\\/\\\/www.instagram.com\\\/bacanaskincare\\\/?hl=en\",\"https:\\\/\\\/br.pinterest.com\\\/d0fd9db15f94c64465fab43d03b69a\\\/\"]}]}<\/script>\n<!-- \/ Yoast SEO plugin. -->","yoast_head_json":{"title":"\u00d6lserum Gesicht & Haar von Bacana Skincare | Vegan & Cruelty free","description":"Wertvolles Multitasking-\u00d6lserum, das Gesicht und Haar sofort mit Feuchtigkeit versorgt, sch\u00fctzt und repariert, ohne sich fettig anzuf\u00fchlen. F\u00fcr alle Hauttypen.","robots":{"index":"index","follow":"follow","max-snippet":"max-snippet:-1","max-image-preview":"max-image-preview:large","max-video-preview":"max-video-preview:-1"},"canonical":"https:\/\/bacanaskincare.com\/de\/product\/tropical-shine-oel-serum\/","og_locale":"de_DE","og_type":"article","og_title":"\u00d6lserum Gesicht & Haar von Bacana Skincare | Vegan & Cruelty free","og_description":"Wertvolles Multitasking-\u00d6lserum, das Gesicht und Haar sofort mit Feuchtigkeit versorgt, sch\u00fctzt und repariert, ohne sich fettig anzuf\u00fchlen. F\u00fcr alle Hauttypen.","og_url":"https:\/\/bacanaskincare.com\/de\/product\/tropical-shine-oel-serum\/","og_site_name":"Bacana Skincare","article_publisher":"https:\/\/www.facebook.com\/bacanaskincare-106988470647315\/","article_modified_time":"2026-02-25T17:27:08+00:00","og_image":[{"width":1050,"height":1050,"url":"https:\/\/bacanaskincare.com\/wp-content\/uploads\/2020\/02\/Serum-Maracuja-5-2.jpg","type":"image\/jpeg"}],"twitter_card":"summary_large_image","twitter_misc":{"Gesch\u00e4tzte Lesezeit":"1\u00a0Minute"},"schema":{"@context":"https:\/\/schema.org","@graph":[{"@type":["WebPage","ItemPage"],"@id":"https:\/\/bacanaskincare.com\/de\/product\/tropical-shine-oel-serum\/","url":"https:\/\/bacanaskincare.com\/de\/product\/tropical-shine-oel-serum\/","name":"\u00d6lserum Gesicht & Haar von Bacana Skincare | Vegan & Cruelty free","isPartOf":{"@id":"https:\/\/bacanaskincare.com\/de\/#website"},"primaryImageOfPage":{"@id":"https:\/\/bacanaskincare.com\/de\/product\/tropical-shine-oel-serum\/#primaryimage"},"image":{"@id":"https:\/\/bacanaskincare.com\/de\/product\/tropical-shine-oel-serum\/#primaryimage"},"thumbnailUrl":"https:\/\/bacanaskincare.com\/wp-content\/uploads\/2020\/02\/Serum-Maracuja-5-2.jpg","datePublished":"2020-02-09T20:50:31+00:00","dateModified":"2026-02-25T17:27:08+00:00","description":"Wertvolles Multitasking-\u00d6lserum, das Gesicht und Haar sofort mit Feuchtigkeit versorgt, sch\u00fctzt und repariert, ohne sich fettig anzuf\u00fchlen. F\u00fcr alle Hauttypen.","breadcrumb":{"@id":"https:\/\/bacanaskincare.com\/de\/product\/tropical-shine-oel-serum\/#breadcrumb"},"inLanguage":"de","potentialAction":[{"@type":"ReadAction","target":["https:\/\/bacanaskincare.com\/de\/product\/tropical-shine-oel-serum\/"]}]},{"@type":"ImageObject","inLanguage":"de","@id":"https:\/\/bacanaskincare.com\/de\/product\/tropical-shine-oel-serum\/#primaryimage","url":"https:\/\/bacanaskincare.com\/wp-content\/uploads\/2020\/02\/Serum-Maracuja-5-2.jpg","contentUrl":"https:\/\/bacanaskincare.com\/wp-content\/uploads\/2020\/02\/Serum-Maracuja-5-2.jpg","width":1050,"height":1050},{"@type":"BreadcrumbList","@id":"https:\/\/bacanaskincare.com\/de\/product\/tropical-shine-oel-serum\/#breadcrumb","itemListElement":[{"@type":"ListItem","position":1,"name":"Shop","item":"https:\/\/bacanaskincare.com\/de\/shop\/"},{"@type":"ListItem","position":2,"name":"Hautpflege","item":"https:\/\/bacanaskincare.com\/de\/produkt-kategorie\/hautpflege\/"},{"@type":"ListItem","position":3,"name":"Maracuja Serum Gesicht &amp; Haar (Tropical Shine)"}]},{"@type":"WebSite","@id":"https:\/\/bacanaskincare.com\/de\/#website","url":"https:\/\/bacanaskincare.com\/de\/","name":"Bacana Skincare","description":"Nat\u00fcrliche Hautpflege mit tropischen Superfr\u00fcchten","publisher":{"@id":"https:\/\/bacanaskincare.com\/de\/#organization"},"potentialAction":[{"@type":"SearchAction","target":{"@type":"EntryPoint","urlTemplate":"https:\/\/bacanaskincare.com\/de\/?s={search_term_string}"},"query-input":{"@type":"PropertyValueSpecification","valueRequired":true,"valueName":"search_term_string"}}],"inLanguage":"de"},{"@type":"Organization","@id":"https:\/\/bacanaskincare.com\/de\/#organization","name":"Bacana Skincare","url":"https:\/\/bacanaskincare.com\/de\/","logo":{"@type":"ImageObject","inLanguage":"de","@id":"https:\/\/bacanaskincare.com\/de\/#\/schema\/logo\/image\/","url":"https:\/\/bacanaskincare.com\/wp-content\/uploads\/2019\/09\/u.png","contentUrl":"https:\/\/bacanaskincare.com\/wp-content\/uploads\/2019\/09\/u.png","width":834,"height":226,"caption":"Bacana Skincare"},"image":{"@id":"https:\/\/bacanaskincare.com\/de\/#\/schema\/logo\/image\/"},"sameAs":["https:\/\/www.facebook.com\/bacanaskincare-106988470647315\/","https:\/\/www.instagram.com\/bacanaskincare\/?hl=en","https:\/\/br.pinterest.com\/d0fd9db15f94c64465fab43d03b69a\/"]}]}},"_links":{"self":[{"href":"https:\/\/bacanaskincare.com\/de\/wp-json\/wp\/v2\/product\/19152","targetHints":{"allow":["GET"]}}],"collection":[{"href":"https:\/\/bacanaskincare.com\/de\/wp-json\/wp\/v2\/product"}],"about":[{"href":"https:\/\/bacanaskincare.com\/de\/wp-json\/wp\/v2\/types\/product"}],"replies":[{"embeddable":true,"href":"https:\/\/bacanaskincare.com\/de\/wp-json\/wp\/v2\/comments?post=19152"}],"wp:featuredmedia":[{"embeddable":true,"href":"https:\/\/bacanaskincare.com\/de\/wp-json\/wp\/v2\/media\/26177"}],"wp:attachment":[{"href":"https:\/\/bacanaskincare.com\/de\/wp-json\/wp\/v2\/media?parent=19152"}],"wp:term":[{"taxonomy":"product_brand","embeddable":true,"href":"https:\/\/bacanaskincare.com\/de\/wp-json\/wp\/v2\/product_brand?post=19152"},{"taxonomy":"product_cat","embeddable":true,"href":"https:\/\/bacanaskincare.com\/de\/wp-json\/wp\/v2\/product_cat?post=19152"},{"taxonomy":"product_tag","embeddable":true,"href":"https:\/\/bacanaskincare.com\/de\/wp-json\/wp\/v2\/product_tag?post=19152"}],"curies":[{"name":"wp","href":"https:\/\/api.w.org\/{rel}","templated":true}]}}