{"id":19149,"date":"2019-10-30T21:56:25","date_gmt":"2019-10-30T20:56:25","guid":{"rendered":"http:\/\/bacanaskincare.com\/shop\/unkategorisiert\/blooming-nature-creme\/"},"modified":"2026-02-25T18:27:07","modified_gmt":"2026-02-25T17:27:07","slug":"multi-action-gesichtscreme","status":"publish","type":"product","link":"https:\/\/bacanaskincare.com\/de\/product\/multi-action-gesichtscreme\/","title":{"rendered":"Feuchtigkeitsspendende Gesichtscreme (Blooming Nature Cream)"},"content":{"rendered":"<h3 class=\"p1\"><strong>WICHTIGE INHALTSSTOFFE UND WARUM SIE WIRKEN<\/strong><\/h3>\n<p><strong>BIO-PRACAXI-\u00d6L:<\/strong> Klinische Studien best\u00e4tigen, dass das Pracaxi-\u00d6l Melaninflecken reduziert und einen gleichm\u00e4\u00dfigen, strahlenden Hautton f\u00f6rdert. Es f\u00f6rdert die Hyalurons\u00e4ure- und Kollagenproduktion, bek\u00e4mpft die Zeichen der Hautalterung und versorgt die Haut mit N\u00e4hrstoffen und Feuchtigkeit. Unser Pracaxi-\u00d6l ist biologisch und stammt aus Brasilien. Unser Lieferant arbeitet mit den \u00f6rtlichen Gemeinden zusammen, um den Sammlern von Pracaxi-Samen ein zus\u00e4tzliches Einkommen zu verschaffen, die Erhaltung der Art zu f\u00f6rdern und die Artenvielfalt in einer \u00f6kologisch sehr wichtigen Region zu erhalten.<\/p>\n<p><strong>ACEROLA EXTRACT:<\/strong> Der Acerola-Extrakt ist hochkonzentriert an Vitamin C (65-mal mehr als in Orangen) und verleiht unserer Daily Moisturiser Cream antioxidative Eigenschaften, die Ihre Haut vor Lichtalterung sch\u00fctzen.<\/p>\n<p><strong>HYALURONS\u00c4URE:<\/strong> Diese nat\u00fcrlich im menschlichen K\u00f6rper vorkommende Substanz ist f\u00fcr ihre beeindruckende F\u00e4higkeit bekannt, das 1000-fache ihres Gewichts an Wasser anzuziehen und zu binden. Die Molek\u00fclgr\u00f6\u00dfe der Hyalurons\u00e4ure bestimmt die Tiefe ihrer Freisetzung in der Haut. Daher haben wir in dieser Formel ein niedriges und ein hohes Molekulargewicht kombiniert, um eine intensive Feuchtigkeitszufuhr und eine gr\u00f6\u00dfere Elastizit\u00e4t der Haut zu erreichen.<\/p>\n<p><strong>BIO-TUCUMA-BUTTER:<\/strong> Tucum\u00e3, eine brasilianische Superfrucht aus dem Amazonasgebiet, liefert Butter, die reich an Omega 3, 6 und 9 ist und f\u00fcr ihre feuchtigkeitsspendenden Eigenschaften bekannt ist. Unsere Tucum\u00e3-Butter ist biologisch. Unser Lieferant arbeitet mit Gemeinden im Norden Brasiliens zusammen, um Saatgut f\u00fcr die Herstellung von Tucum\u00e3-Butter zu sammeln. Die Saatgutsammlung tr\u00e4gt zur Verringerung der f\u00fcr Maniokanbau vorgesehenen Fl\u00e4chen bei und bringt den Gemeinden ein zus\u00e4tzliches Einkommen, und die Produktion erfolgt auf der Grundlage \u00f6kologischer Anbaumethoden.<\/p>\n","protected":false},"excerpt":{"rendered":"<blockquote><p><strong>Die t\u00e4gliche Multi-Action-Gesichtscreme bietet umfassende Pflege in einem einzigen Produkt und versorgt die Haut intensiv mit Feuchtigkeit.<\/strong><\/p><\/blockquote>\n<p><span style=\"color: #ff0000;\">Wir haben die Verpackung der Blooming Nature Cream aktualisiert, aber keine Sorge \u2013 das Produkt im Inneren bleibt genau dasselbe! Sie k\u00f6nnen weiterhin die gleiche hochwertige Formel genie\u00dfen, die Sie kennen und lieben. <\/span><\/p>\n<p>[vc_row][vc_column][vc_toggle title=&#8220;WAS IST DAS?&#8220; style=&#8220;arrow&#8220; custom_font_container=&#8220;tag:h3|text_align:left&#8220; custom_use_theme_fonts=&#8220;yes&#8220;]Unsere seidige Gesichtscreme enth\u00e4lt mehr als 10 pflanzliche Wirkstoffe, die harmonisch zusammenwirken, um Ihre Haut zu n\u00e4hren und ihre Gesundheit und Vitalit\u00e4t wiederherzustellen, und wurde entwickelt, um Ihre Haut umfassend zu pflegen. [\/vc_toggle][vc_toggle title=&#8220;WAS MACHT SIE?&#8220; style=&#8220;arrow&#8220; custom_font_container=&#8220;tag:h3|text_align:left&#8220; custom_use_theme_fonts=&#8220;yes&#8220;]Die Formel ist reich an Hyalurons\u00e4ure, die der Haut intensive Feuchtigkeit spendet, sowie an Acerola-Extrakt, der als Antioxidans gegen die durch den t\u00e4glichen Stress verursachten Sch\u00e4den wirkt, und Pracaxi-\u00d6l, das hilft, Hautunreinheiten zu verbessern und die Kollagenproduktion anzuregen.[\/vc_toggle][vc_toggle title=&#8220;F\u00dcR WEN?&#8220; style=&#8220;arrow&#8220; custom_font_container=&#8220;tag:h3|text_align:left&#8220; custom_use_theme_fonts=&#8220;yes&#8220;] F\u00fcr alle Hauttypen, auch f\u00fcr empfindliche Haut.[\/vc_toggle][vc_toggle title=&#8220;WIE BENUTZEN?&#8220; style=&#8220;arrow&#8220; custom_font_container=&#8220;tag:h3|text_align:left&#8220; custom_use_theme_fonts=&#8220;yes&#8220;]Tragen Sie nach der Reinigung und Tonisierung eine kleine Menge der Multi-Action-Gesichtscreme auf (2 bis 3 Pumph\u00fcbe) und massieren Sie die Creme sanft in Ihre Haut ein. Verteile die Creme durch kleine Aufw\u00e4rts- und Kreisbewegungen auf deinem ganzen Gesicht.[\/vc_toggle][\/vc_column][\/vc_row]<\/p>\n<p>&nbsp;<\/p>\n<p>Gr\u00f6\u00dfe: 50ml<\/p>\n<p>&nbsp;<\/p>\n","protected":false},"featured_media":26016,"comment_status":"open","ping_status":"closed","template":"","meta":{"ocean_post_layout":"","ocean_both_sidebars_style":"","ocean_both_sidebars_content_width":0,"ocean_both_sidebars_sidebars_width":0,"ocean_sidebar":"0","ocean_second_sidebar":"0","ocean_disable_margins":"enable","ocean_add_body_class":"","ocean_shortcode_before_top_bar":"","ocean_shortcode_after_top_bar":"","ocean_shortcode_before_header":"","ocean_shortcode_after_header":"","ocean_has_shortcode":"","ocean_shortcode_after_title":"","ocean_shortcode_before_footer_widgets":"","ocean_shortcode_after_footer_widgets":"","ocean_shortcode_before_footer_bottom":"","ocean_shortcode_after_footer_bottom":"","ocean_display_top_bar":"default","ocean_display_header":"default","ocean_header_style":"","ocean_center_header_left_menu":"0","ocean_custom_header_template":"0","ocean_custom_logo":0,"ocean_custom_retina_logo":0,"ocean_custom_logo_max_width":0,"ocean_custom_logo_tablet_max_width":0,"ocean_custom_logo_mobile_max_width":0,"ocean_custom_logo_max_height":0,"ocean_custom_logo_tablet_max_height":0,"ocean_custom_logo_mobile_max_height":0,"ocean_header_custom_menu":"0","ocean_menu_typo_font_family":"0","ocean_menu_typo_font_subset":"","ocean_menu_typo_font_size":0,"ocean_menu_typo_font_size_tablet":0,"ocean_menu_typo_font_size_mobile":0,"ocean_menu_typo_font_size_unit":"px","ocean_menu_typo_font_weight":"","ocean_menu_typo_font_weight_tablet":"","ocean_menu_typo_font_weight_mobile":"","ocean_menu_typo_transform":"","ocean_menu_typo_transform_tablet":"","ocean_menu_typo_transform_mobile":"","ocean_menu_typo_line_height":0,"ocean_menu_typo_line_height_tablet":0,"ocean_menu_typo_line_height_mobile":0,"ocean_menu_typo_line_height_unit":"","ocean_menu_typo_spacing":0,"ocean_menu_typo_spacing_tablet":0,"ocean_menu_typo_spacing_mobile":0,"ocean_menu_typo_spacing_unit":"","ocean_menu_link_color":"","ocean_menu_link_color_hover":"","ocean_menu_link_color_active":"","ocean_menu_link_background":"","ocean_menu_link_hover_background":"","ocean_menu_link_active_background":"","ocean_menu_social_links_bg":"","ocean_menu_social_hover_links_bg":"","ocean_menu_social_links_color":"","ocean_menu_social_hover_links_color":"","ocean_disable_title":"default","ocean_disable_heading":"default","ocean_post_title":"","ocean_post_subheading":"","ocean_post_title_style":"","ocean_post_title_background_color":"","ocean_post_title_background":0,"ocean_post_title_bg_image_position":"","ocean_post_title_bg_image_attachment":"","ocean_post_title_bg_image_repeat":"","ocean_post_title_bg_image_size":"","ocean_post_title_height":0,"ocean_post_title_bg_overlay":0.5,"ocean_post_title_bg_overlay_color":"","ocean_disable_breadcrumbs":"default","ocean_breadcrumbs_color":"","ocean_breadcrumbs_separator_color":"","ocean_breadcrumbs_links_color":"","ocean_breadcrumbs_links_hover_color":"","ocean_display_footer_widgets":"default","ocean_display_footer_bottom":"default","ocean_custom_footer_template":"0","iawp_total_views":79},"product_brand":[],"product_cat":[404],"product_tag":[],"class_list":{"0":"post-19149","1":"product","2":"type-product","3":"status-publish","4":"has-post-thumbnail","6":"product_cat-hautpflege","8":"entry","9":"has-media","11":"first","12":"instock","13":"shipping-taxable","14":"purchasable","15":"product-type-simple","16":"has-rating","17":"has-product-nav","18":"col","19":"span_1_of_3","20":"owp-content-center","21":"item-entry","22":"owp-thumbs-layout-horizontal","23":"owp-btn-normal","24":"owp-tabs-layout-horizontal","26":"circle-sale"},"yoast_head":"<!-- This site is optimized with the Yoast SEO plugin v27.3 - https:\/\/yoast.com\/product\/yoast-seo-wordpress\/ -->\n<title>Multi-Action-Gesichtscreme von Bacana Skincare | die Kraft der Superfr\u00fcchte<\/title>\n<meta name=\"description\" content=\"Die Blooming Nature Cream ist eine Multi-Action-Gesichtscreme, die entwickelt wurde, um eine umfassende Pflege zu bieten und Ihnen zu helfen, ein ausgeglichenes Hautbild zu erhalten.\" \/>\n<meta name=\"robots\" content=\"index, follow, max-snippet:-1, max-image-preview:large, max-video-preview:-1\" \/>\n<link rel=\"canonical\" href=\"https:\/\/bacanaskincare.com\/de\/product\/multi-action-gesichtscreme\/\" \/>\n<meta property=\"og:locale\" content=\"de_DE\" \/>\n<meta property=\"og:type\" content=\"article\" \/>\n<meta property=\"og:title\" content=\"Multi-Action-Gesichtscreme von Bacana Skincare | die Kraft der Superfr\u00fcchte\" \/>\n<meta property=\"og:description\" content=\"Die Blooming Nature Cream ist eine Multi-Action-Gesichtscreme, die entwickelt wurde, um eine umfassende Pflege zu bieten und Ihnen zu helfen, ein ausgeglichenes Hautbild zu erhalten.\" \/>\n<meta property=\"og:url\" content=\"https:\/\/bacanaskincare.com\/de\/product\/multi-action-gesichtscreme\/\" \/>\n<meta property=\"og:site_name\" content=\"Bacana Skincare\" \/>\n<meta property=\"article:publisher\" content=\"https:\/\/www.facebook.com\/bacanaskincare-106988470647315\/\" \/>\n<meta property=\"article:modified_time\" content=\"2026-02-25T17:27:07+00:00\" \/>\n<meta property=\"og:image\" content=\"https:\/\/bacanaskincare.com\/wp-content\/uploads\/2019\/10\/Moisturizing-Cream.jpg\" \/>\n\t<meta property=\"og:image:width\" content=\"1050\" \/>\n\t<meta property=\"og:image:height\" content=\"1050\" \/>\n\t<meta property=\"og:image:type\" content=\"image\/jpeg\" \/>\n<meta name=\"twitter:card\" content=\"summary_large_image\" \/>\n<meta name=\"twitter:label1\" content=\"Gesch\u00e4tzte Lesezeit\" \/>\n\t<meta name=\"twitter:data1\" content=\"2\u00a0Minuten\" \/>\n<script type=\"application\/ld+json\" class=\"yoast-schema-graph\">{\"@context\":\"https:\\\/\\\/schema.org\",\"@graph\":[{\"@type\":[\"WebPage\",\"ItemPage\"],\"@id\":\"https:\\\/\\\/bacanaskincare.com\\\/de\\\/product\\\/multi-action-gesichtscreme\\\/\",\"url\":\"https:\\\/\\\/bacanaskincare.com\\\/de\\\/product\\\/multi-action-gesichtscreme\\\/\",\"name\":\"Multi-Action-Gesichtscreme von Bacana Skincare | die Kraft der Superfr\u00fcchte\",\"isPartOf\":{\"@id\":\"https:\\\/\\\/bacanaskincare.com\\\/de\\\/#website\"},\"primaryImageOfPage\":{\"@id\":\"https:\\\/\\\/bacanaskincare.com\\\/de\\\/product\\\/multi-action-gesichtscreme\\\/#primaryimage\"},\"image\":{\"@id\":\"https:\\\/\\\/bacanaskincare.com\\\/de\\\/product\\\/multi-action-gesichtscreme\\\/#primaryimage\"},\"thumbnailUrl\":\"https:\\\/\\\/bacanaskincare.com\\\/wp-content\\\/uploads\\\/2019\\\/10\\\/Moisturizing-Cream.jpg\",\"datePublished\":\"2019-10-30T20:56:25+00:00\",\"dateModified\":\"2026-02-25T17:27:07+00:00\",\"description\":\"Die Blooming Nature Cream ist eine Multi-Action-Gesichtscreme, die entwickelt wurde, um eine umfassende Pflege zu bieten und Ihnen zu helfen, ein ausgeglichenes Hautbild zu erhalten.\",\"breadcrumb\":{\"@id\":\"https:\\\/\\\/bacanaskincare.com\\\/de\\\/product\\\/multi-action-gesichtscreme\\\/#breadcrumb\"},\"inLanguage\":\"de\",\"potentialAction\":[{\"@type\":\"ReadAction\",\"target\":[\"https:\\\/\\\/bacanaskincare.com\\\/de\\\/product\\\/multi-action-gesichtscreme\\\/\"]}]},{\"@type\":\"ImageObject\",\"inLanguage\":\"de\",\"@id\":\"https:\\\/\\\/bacanaskincare.com\\\/de\\\/product\\\/multi-action-gesichtscreme\\\/#primaryimage\",\"url\":\"https:\\\/\\\/bacanaskincare.com\\\/wp-content\\\/uploads\\\/2019\\\/10\\\/Moisturizing-Cream.jpg\",\"contentUrl\":\"https:\\\/\\\/bacanaskincare.com\\\/wp-content\\\/uploads\\\/2019\\\/10\\\/Moisturizing-Cream.jpg\",\"width\":1050,\"height\":1050},{\"@type\":\"BreadcrumbList\",\"@id\":\"https:\\\/\\\/bacanaskincare.com\\\/de\\\/product\\\/multi-action-gesichtscreme\\\/#breadcrumb\",\"itemListElement\":[{\"@type\":\"ListItem\",\"position\":1,\"name\":\"Shop\",\"item\":\"https:\\\/\\\/bacanaskincare.com\\\/de\\\/shop\\\/\"},{\"@type\":\"ListItem\",\"position\":2,\"name\":\"Hautpflege\",\"item\":\"https:\\\/\\\/bacanaskincare.com\\\/de\\\/produkt-kategorie\\\/hautpflege\\\/\"},{\"@type\":\"ListItem\",\"position\":3,\"name\":\"Feuchtigkeitsspendende Gesichtscreme (Blooming Nature Cream)\"}]},{\"@type\":\"WebSite\",\"@id\":\"https:\\\/\\\/bacanaskincare.com\\\/de\\\/#website\",\"url\":\"https:\\\/\\\/bacanaskincare.com\\\/de\\\/\",\"name\":\"Bacana Skincare\",\"description\":\"Nat\u00fcrliche Hautpflege mit tropischen Superfr\u00fcchten\",\"publisher\":{\"@id\":\"https:\\\/\\\/bacanaskincare.com\\\/de\\\/#organization\"},\"potentialAction\":[{\"@type\":\"SearchAction\",\"target\":{\"@type\":\"EntryPoint\",\"urlTemplate\":\"https:\\\/\\\/bacanaskincare.com\\\/de\\\/?s={search_term_string}\"},\"query-input\":{\"@type\":\"PropertyValueSpecification\",\"valueRequired\":true,\"valueName\":\"search_term_string\"}}],\"inLanguage\":\"de\"},{\"@type\":\"Organization\",\"@id\":\"https:\\\/\\\/bacanaskincare.com\\\/de\\\/#organization\",\"name\":\"Bacana Skincare\",\"url\":\"https:\\\/\\\/bacanaskincare.com\\\/de\\\/\",\"logo\":{\"@type\":\"ImageObject\",\"inLanguage\":\"de\",\"@id\":\"https:\\\/\\\/bacanaskincare.com\\\/de\\\/#\\\/schema\\\/logo\\\/image\\\/\",\"url\":\"https:\\\/\\\/bacanaskincare.com\\\/wp-content\\\/uploads\\\/2019\\\/09\\\/u.png\",\"contentUrl\":\"https:\\\/\\\/bacanaskincare.com\\\/wp-content\\\/uploads\\\/2019\\\/09\\\/u.png\",\"width\":834,\"height\":226,\"caption\":\"Bacana Skincare\"},\"image\":{\"@id\":\"https:\\\/\\\/bacanaskincare.com\\\/de\\\/#\\\/schema\\\/logo\\\/image\\\/\"},\"sameAs\":[\"https:\\\/\\\/www.facebook.com\\\/bacanaskincare-106988470647315\\\/\",\"https:\\\/\\\/www.instagram.com\\\/bacanaskincare\\\/?hl=en\",\"https:\\\/\\\/br.pinterest.com\\\/d0fd9db15f94c64465fab43d03b69a\\\/\"]}]}<\/script>\n<!-- \/ Yoast SEO plugin. -->","yoast_head_json":{"title":"Multi-Action-Gesichtscreme von Bacana Skincare | die Kraft der Superfr\u00fcchte","description":"Die Blooming Nature Cream ist eine Multi-Action-Gesichtscreme, die entwickelt wurde, um eine umfassende Pflege zu bieten und Ihnen zu helfen, ein ausgeglichenes Hautbild zu erhalten.","robots":{"index":"index","follow":"follow","max-snippet":"max-snippet:-1","max-image-preview":"max-image-preview:large","max-video-preview":"max-video-preview:-1"},"canonical":"https:\/\/bacanaskincare.com\/de\/product\/multi-action-gesichtscreme\/","og_locale":"de_DE","og_type":"article","og_title":"Multi-Action-Gesichtscreme von Bacana Skincare | die Kraft der Superfr\u00fcchte","og_description":"Die Blooming Nature Cream ist eine Multi-Action-Gesichtscreme, die entwickelt wurde, um eine umfassende Pflege zu bieten und Ihnen zu helfen, ein ausgeglichenes Hautbild zu erhalten.","og_url":"https:\/\/bacanaskincare.com\/de\/product\/multi-action-gesichtscreme\/","og_site_name":"Bacana Skincare","article_publisher":"https:\/\/www.facebook.com\/bacanaskincare-106988470647315\/","article_modified_time":"2026-02-25T17:27:07+00:00","og_image":[{"width":1050,"height":1050,"url":"https:\/\/bacanaskincare.com\/wp-content\/uploads\/2019\/10\/Moisturizing-Cream.jpg","type":"image\/jpeg"}],"twitter_card":"summary_large_image","twitter_misc":{"Gesch\u00e4tzte Lesezeit":"2\u00a0Minuten"},"schema":{"@context":"https:\/\/schema.org","@graph":[{"@type":["WebPage","ItemPage"],"@id":"https:\/\/bacanaskincare.com\/de\/product\/multi-action-gesichtscreme\/","url":"https:\/\/bacanaskincare.com\/de\/product\/multi-action-gesichtscreme\/","name":"Multi-Action-Gesichtscreme von Bacana Skincare | die Kraft der Superfr\u00fcchte","isPartOf":{"@id":"https:\/\/bacanaskincare.com\/de\/#website"},"primaryImageOfPage":{"@id":"https:\/\/bacanaskincare.com\/de\/product\/multi-action-gesichtscreme\/#primaryimage"},"image":{"@id":"https:\/\/bacanaskincare.com\/de\/product\/multi-action-gesichtscreme\/#primaryimage"},"thumbnailUrl":"https:\/\/bacanaskincare.com\/wp-content\/uploads\/2019\/10\/Moisturizing-Cream.jpg","datePublished":"2019-10-30T20:56:25+00:00","dateModified":"2026-02-25T17:27:07+00:00","description":"Die Blooming Nature Cream ist eine Multi-Action-Gesichtscreme, die entwickelt wurde, um eine umfassende Pflege zu bieten und Ihnen zu helfen, ein ausgeglichenes Hautbild zu erhalten.","breadcrumb":{"@id":"https:\/\/bacanaskincare.com\/de\/product\/multi-action-gesichtscreme\/#breadcrumb"},"inLanguage":"de","potentialAction":[{"@type":"ReadAction","target":["https:\/\/bacanaskincare.com\/de\/product\/multi-action-gesichtscreme\/"]}]},{"@type":"ImageObject","inLanguage":"de","@id":"https:\/\/bacanaskincare.com\/de\/product\/multi-action-gesichtscreme\/#primaryimage","url":"https:\/\/bacanaskincare.com\/wp-content\/uploads\/2019\/10\/Moisturizing-Cream.jpg","contentUrl":"https:\/\/bacanaskincare.com\/wp-content\/uploads\/2019\/10\/Moisturizing-Cream.jpg","width":1050,"height":1050},{"@type":"BreadcrumbList","@id":"https:\/\/bacanaskincare.com\/de\/product\/multi-action-gesichtscreme\/#breadcrumb","itemListElement":[{"@type":"ListItem","position":1,"name":"Shop","item":"https:\/\/bacanaskincare.com\/de\/shop\/"},{"@type":"ListItem","position":2,"name":"Hautpflege","item":"https:\/\/bacanaskincare.com\/de\/produkt-kategorie\/hautpflege\/"},{"@type":"ListItem","position":3,"name":"Feuchtigkeitsspendende Gesichtscreme (Blooming Nature Cream)"}]},{"@type":"WebSite","@id":"https:\/\/bacanaskincare.com\/de\/#website","url":"https:\/\/bacanaskincare.com\/de\/","name":"Bacana Skincare","description":"Nat\u00fcrliche Hautpflege mit tropischen Superfr\u00fcchten","publisher":{"@id":"https:\/\/bacanaskincare.com\/de\/#organization"},"potentialAction":[{"@type":"SearchAction","target":{"@type":"EntryPoint","urlTemplate":"https:\/\/bacanaskincare.com\/de\/?s={search_term_string}"},"query-input":{"@type":"PropertyValueSpecification","valueRequired":true,"valueName":"search_term_string"}}],"inLanguage":"de"},{"@type":"Organization","@id":"https:\/\/bacanaskincare.com\/de\/#organization","name":"Bacana Skincare","url":"https:\/\/bacanaskincare.com\/de\/","logo":{"@type":"ImageObject","inLanguage":"de","@id":"https:\/\/bacanaskincare.com\/de\/#\/schema\/logo\/image\/","url":"https:\/\/bacanaskincare.com\/wp-content\/uploads\/2019\/09\/u.png","contentUrl":"https:\/\/bacanaskincare.com\/wp-content\/uploads\/2019\/09\/u.png","width":834,"height":226,"caption":"Bacana Skincare"},"image":{"@id":"https:\/\/bacanaskincare.com\/de\/#\/schema\/logo\/image\/"},"sameAs":["https:\/\/www.facebook.com\/bacanaskincare-106988470647315\/","https:\/\/www.instagram.com\/bacanaskincare\/?hl=en","https:\/\/br.pinterest.com\/d0fd9db15f94c64465fab43d03b69a\/"]}]}},"_links":{"self":[{"href":"https:\/\/bacanaskincare.com\/de\/wp-json\/wp\/v2\/product\/19149","targetHints":{"allow":["GET"]}}],"collection":[{"href":"https:\/\/bacanaskincare.com\/de\/wp-json\/wp\/v2\/product"}],"about":[{"href":"https:\/\/bacanaskincare.com\/de\/wp-json\/wp\/v2\/types\/product"}],"replies":[{"embeddable":true,"href":"https:\/\/bacanaskincare.com\/de\/wp-json\/wp\/v2\/comments?post=19149"}],"wp:featuredmedia":[{"embeddable":true,"href":"https:\/\/bacanaskincare.com\/de\/wp-json\/wp\/v2\/media\/26016"}],"wp:attachment":[{"href":"https:\/\/bacanaskincare.com\/de\/wp-json\/wp\/v2\/media?parent=19149"}],"wp:term":[{"taxonomy":"product_brand","embeddable":true,"href":"https:\/\/bacanaskincare.com\/de\/wp-json\/wp\/v2\/product_brand?post=19149"},{"taxonomy":"product_cat","embeddable":true,"href":"https:\/\/bacanaskincare.com\/de\/wp-json\/wp\/v2\/product_cat?post=19149"},{"taxonomy":"product_tag","embeddable":true,"href":"https:\/\/bacanaskincare.com\/de\/wp-json\/wp\/v2\/product_tag?post=19149"}],"curies":[{"name":"wp","href":"https:\/\/api.w.org\/{rel}","templated":true}]}}