{"id":25223,"date":"2025-01-27T21:02:43","date_gmt":"2025-01-27T20:02:43","guid":{"rendered":"https:\/\/bacanaskincare.com\/?page_id=25223"},"modified":"2025-03-15T22:23:59","modified_gmt":"2025-03-15T21:23:59","slug":"bacana-skincare","status":"publish","type":"page","link":"https:\/\/bacanaskincare.com\/de\/","title":{"rendered":"Bacana Skincare"},"content":{"rendered":"<div class=\"wpb-content-wrapper\"><p>[vc_row][vc_column offset=&#8220;vc_hidden-xs&#8220;][vc_single_image image=&#8220;25921&#8243; img_size=&#8220;full&#8220; alignment=&#8220;center&#8220; onclick=&#8220;custom_link&#8220; css=&#8220;&#8220; link=&#8220;https:\/\/bacanaskincare.com\/fr\/product\/serum-vitamin-c-10\/&#8220;][\/vc_column][\/vc_row][vc_row][vc_column offset=&#8220;vc_hidden-lg vc_hidden-md vc_hidden-sm&#8220;][vc_single_image image=&#8220;25926&#8243; img_size=&#8220;full&#8220; alignment=&#8220;center&#8220; onclick=&#8220;custom_link&#8220; css=&#8220;&#8220; link=&#8220;https:\/\/bacanaskincare.com\/fr\/product\/serum-vitamin-c-10\/&#8220;][vc_btn title=&#8220;Shop&#8220; color=&#8220;info&#8220; align=&#8220;center&#8220; i_icon_fontawesome=&#8220;fas fa-shopping-bag&#8220; css=&#8220;&#8220; button_block=&#8220;true&#8220; add_icon=&#8220;true&#8220; link=&#8220;url:https%3A%2F%2Fbacanaskincare.com%2Fshop%2F|&#8220;][\/vc_column][\/vc_row][vc_row css=&#8220;.vc_custom_1737894548772{margin-top: 50px !important;}&#8220;][vc_column width=&#8220;1\/6&#8243; css=&#8220;.vc_custom_1737890487226{margin-bottom: 50px !important;}&#8220; offset=&#8220;vc_hidden-xs&#8220;][vc_single_image image=&#8220;24352&#8243; img_size=&#8220;100&#215;100&#8243; add_caption=&#8220;yes&#8220; alignment=&#8220;center&#8220;][\/vc_column][vc_column width=&#8220;1\/6&#8243; offset=&#8220;vc_hidden-xs&#8220;][vc_single_image image=&#8220;24340&#8243; img_size=&#8220;100&#215;100&#8243; add_caption=&#8220;yes&#8220; alignment=&#8220;center&#8220;][\/vc_column][vc_column width=&#8220;1\/6&#8243; offset=&#8220;vc_hidden-xs&#8220;][vc_single_image image=&#8220;24356&#8243; img_size=&#8220;100&#215;100&#8243; add_caption=&#8220;yes&#8220; alignment=&#8220;center&#8220;][\/vc_column][vc_column width=&#8220;1\/6&#8243; offset=&#8220;vc_hidden-xs&#8220;][vc_single_image image=&#8220;25563&#8243; img_size=&#8220;100&#215;100&#8243; add_caption=&#8220;yes&#8220; alignment=&#8220;center&#8220; css=&#8220;&#8220;][\/vc_column][vc_column width=&#8220;1\/6&#8243; offset=&#8220;vc_hidden-xs&#8220;][vc_single_image image=&#8220;24360&#8243; img_size=&#8220;100&#215;100&#8243; add_caption=&#8220;yes&#8220; alignment=&#8220;center&#8220;][\/vc_column][vc_column width=&#8220;1\/6&#8243; offset=&#8220;vc_hidden-xs&#8220;][vc_single_image image=&#8220;24344&#8243; img_size=&#8220;100&#215;100&#8243; add_caption=&#8220;yes&#8220; alignment=&#8220;center&#8220;][\/vc_column][\/vc_row][vc_row el_class=&#8220;center-content&#8220;][vc_column width=&#8220;1\/3&#8243; css=&#8220;.vc_custom_1737890664284{margin-bottom: 50px !important;}&#8220; offset=&#8220;vc_hidden-lg vc_hidden-md vc_hidden-sm vc_col-xs-3&#8243;][vc_single_image image=&#8220;24352&#8243; img_size=&#8220;100&#215;100&#8243; add_caption=&#8220;yes&#8220; alignment=&#8220;center&#8220;][\/vc_column][vc_column width=&#8220;1\/3&#8243; offset=&#8220;vc_hidden-lg vc_hidden-md vc_hidden-sm vc_col-xs-3&#8243;][vc_single_image image=&#8220;24340&#8243; img_size=&#8220;100&#215;100&#8243; add_caption=&#8220;yes&#8220; alignment=&#8220;center&#8220;][\/vc_column][vc_column width=&#8220;1\/3&#8243; offset=&#8220;vc_hidden-lg vc_hidden-md vc_hidden-sm vc_col-xs-3&#8243;][vc_single_image image=&#8220;24356&#8243; img_size=&#8220;100&#215;100&#8243; add_caption=&#8220;yes&#8220; alignment=&#8220;center&#8220;][\/vc_column][\/vc_row][vc_row el_class=&#8220;center-content&#8220;][vc_column width=&#8220;1\/3&#8243; offset=&#8220;vc_hidden-lg vc_hidden-md vc_hidden-sm vc_col-xs-3&#8243;][vc_single_image image=&#8220;25563&#8243; img_size=&#8220;100&#215;100&#8243; add_caption=&#8220;yes&#8220; alignment=&#8220;center&#8220; css=&#8220;&#8220;][\/vc_column][vc_column width=&#8220;1\/3&#8243; offset=&#8220;vc_hidden-lg vc_hidden-md vc_hidden-sm vc_col-xs-3&#8243;][vc_single_image image=&#8220;24360&#8243; img_size=&#8220;100&#215;100&#8243; add_caption=&#8220;yes&#8220; alignment=&#8220;center&#8220;][\/vc_column][vc_column width=&#8220;1\/3&#8243; offset=&#8220;vc_hidden-lg vc_hidden-md vc_hidden-sm vc_col-xs-3&#8243;][vc_single_image image=&#8220;24344&#8243; img_size=&#8220;100&#215;100&#8243; add_caption=&#8220;yes&#8220; alignment=&#8220;center&#8220;][\/vc_column][\/vc_row][vc_row][vc_column width=&#8220;1\/2&#8243;][vc_single_image image=&#8220;25272&#8243; img_size=&#8220;full&#8220; alignment=&#8220;center&#8220; onclick=&#8220;custom_link&#8220; css=&#8220;&#8220; link=&#8220;https:\/\/bacanaskincare.com\/our-story\/&#8220;][\/vc_column][vc_column width=&#8220;1\/2&#8243;][vc_column_text css=&#8220;&#8220;]<\/p>\n<h2><\/h2>\n<h1><\/h1>\n<h1><\/h1>\n<h1><\/h1>\n<h1><\/h1>\n<h1><strong><span class=\"OYPEnA font-feature-liga-off font-feature-clig-off font-feature-calt-off text-decoration-none text-strikethrough-none\"><br \/>\nUnsere Geschichte<\/span><\/strong><\/h1>\n<blockquote>\n<p class=\"cvGsUA direction-ltr align-start para-style-body\"><span class=\"OYPEnA font-feature-liga-off font-feature-clig-off font-feature-calt-off text-decoration-none text-strikethrough-none\">Heute ist meine Marke viel mehr als nur Hautpflegeprodukte. Es ist eine Geschichte des Vertrauens, der Qualit\u00e4t und der Sorgfalt, die sich in jedem von mir geschaffenen Produkt widerspiegelt. <\/span><\/p>\n<p class=\"cvGsUA direction-ltr align-start para-style-body\"><span class=\"OYPEnA font-feature-liga-off font-feature-clig-off font-feature-calt-off text-decoration-none text-strikethrough-none\">Mein Ziel ist es, unsere Kunden weiterhin zu \u00fcberraschen und zu begeistern, indem ich hochwertige Produkte anbiete, die wirklich einen Unterschied f\u00fcr die Hautgesundheit machen.<\/span><\/p>\n<\/blockquote>\n<p>[\/vc_column_text][vc_btn title=&#8220;LIES UNSERE GESCHICHTE&#8220; align=&#8220;center&#8220; css=&#8220;.vc_custom_1727684624572{background-color: #FFFFFF !important;border-color: #FFFFFF !important;}&#8220; link=&#8220;url:https%3A%2F%2Fbacanaskincare.com%2Four-story%2F|&#8220;][\/vc_column][\/vc_row][vc_row][vc_column width=&#8220;1\/6&#8243; css=&#8220;.vc_custom_1695367039669{margin-bottom: 50px !important;}&#8220; offset=&#8220;vc_hidden-sm vc_hidden-xs&#8220;][\/vc_column][vc_column width=&#8220;2\/3&#8243;][vc_column_text]<\/p>\n<h2 style=\"text-align: center;\"><span style=\"font-size: 32px;\">Referenzen von Fachleuten<\/span><\/h2>\n<p>[\/vc_column_text][vc_column_text]<\/p>\n<p style=\"text-align: center;\"><style id=\"sp_testimonial_dynamic_css23784\">#sp-testimonial-free-wrapper-23784 .sp-testimonial-free-section .testimonial-nav-arrow{background: transparent;border: 2px solid #777777;color: #777777;}#sp-testimonial-free-wrapper-23784 .sp-testimonial-free-section .testimonial-nav-arrow:hover {background: #1595ce;border-color: #1595ce;color: #ffffff;}#sp-testimonial-free-wrapper-23784 .sp-testimonial-free-section{margin: 0 50px;}#sp-testimonial-free-wrapper-23784 .sp-testimonial-free-section .sp-testimonial-client-image img {background: #ffffff;border: 0px solid #dddddd;padding: 0px;}#sp-testimonial-free-wrapper-23784 .sp-testimonial-free-section .sp-testimonial-client-image {text-align: center;}#sp-testimonial-free-wrapper-23784 .sp-testimonial-free-section .sp-testimonial-client-rating{ display: inline-flex; gap: 2px;}#sp-testimonial-free-wrapper-23784 .sp-testimonial-free-section .sp-testimonial-client-rating i.fa{ color: #ffb900; font-size: 19px;}#sp-testimonial-free-wrapper-23784 .sp-testimonial-free-section .sp-testimonial-client-rating i.fa-star{color: #ffb900;}#sp-testimonial-free-wrapper-23784 .sp-testimonial-free-section .sp-testimonial-client-designation{color: #444444;}#sp-testimonial-free-wrapper-23784 .sp-testimonial-free-section .sp-testimonial-client-name{color: #333333;}#sp-testimonial-free-wrapper-23784 .sp-testimonial-free-section .sp-testimonial-client-testimonial{color: #333333;}#sp-testimonial-free-wrapper-23784 .sp-testimonial-free-section .sp-testimonial-title .sp-testimonial-post-title{color: #333333;}#sp-testimonial-free-wrapper-23784 .sp-testimonial-free {background : transparent;border: 0px solid #99b094;border-radius: 5px;}<\/style><div id=\"sp-testimonial-free-wrapper-23784\" class=\"sp-testimonial-free-wrapper\"><div id=\"sp-testimonial-free-23784\" class=\"sp-testimonial-free-section tfree-style-theme-one\" dir=\"ltr\" data-preloader=\"\" data-swiper='{&quot;dots&quot;: 0,&quot;pagination_type&quot;: &quot;dots&quot;, &quot;spaceBetween&quot;: 20, &quot;adaptiveHeight&quot;: false, &quot;pauseOnHover&quot;: true, &quot;slidesToShow&quot;: 2, &quot;speed&quot;: 600, &quot;arrows&quot;: &quot;1&quot;, &quot;autoplay&quot;: true, &quot;autoplaySpeed&quot;: 3000, &quot;swipe&quot;: true, &quot;swipeToSlide&quot;: false, &quot;draggable&quot;: true, &quot;freeMode&quot;: false, &quot;rtl&quot;: false, &quot;infinite&quot;: true,&quot;slidesPerView&quot;: {&quot;lg_desktop&quot;:2 , &quot;desktop&quot;: 2, &quot;laptop&quot;:2 , &quot;tablet&quot;: 1, &quot;mobile&quot;: 1},&quot;navigation_mobile&quot;: true, &quot;pagination_mobile&quot;:true, &quot;autoplay_mobile&quot;:true}' ><div class=\"swiper-wrapper\"><div class=\"sp-testimonial-item swiper-slide\"><div class=\"sp-testimonial-free\"><div class=\"sp-testimonial-client-image\"><img loading=\"lazy\" decoding=\"async\" width=\"120\" height=\"120\" src=\"https:\/\/bacanaskincare.com\/wp-content\/uploads\/2023\/09\/Vanessa-Gomes-120x120.webp\" class=\"tfree-client-image wp-post-image\" alt=\"\" \/><\/div><div class=\"sp-testimonial-title\"><h3 class=\"sp-testimonial-post-title\">Vanessa Gomes<\/h3><\/div><div class=\"sp-testimonial-client-testimonial\"><div class=\"sp-testimonial-content\"><p>Ich benutze Bacana jetzt seit \u00fcber einem Jahr und bin sehr zufrieden mit den Ergebnissen. Als Therapeutin f\u00fcr nat\u00fcrliche Hautpflege kam Bacana in mein Hautpflege-Leben, genau zum Zeitpunkt meines \u00dcbergangs. Die Marke ist genau das, wonach ich gesucht habe, um sie nicht nur f\u00fcr meine Haut, sondern auch f\u00fcr meine Kunden zu verwenden: saubere, reine und nat\u00fcrliche Inhaltsstoffe.<\/p><\/div><\/div><h4 class=\"sp-testimonial-client-name\">Vanessa Gomes<\/h4><div class=\"sp-testimonial-client-rating\"><i class=\"fa fa-star\" aria-hidden=\"true\"><\/i><i class=\"fa fa-star\" aria-hidden=\"true\"><\/i><i class=\"fa fa-star\" aria-hidden=\"true\"><\/i><i class=\"fa fa-star\" aria-hidden=\"true\"><\/i><i class=\"fa fa-star\" aria-hidden=\"true\"><\/i><\/div> <div class=\"sp-testimonial-client-designation\">Kosmetikerin<\/div><\/div> <\/div> <div class=\"sp-testimonial-item swiper-slide\"><div class=\"sp-testimonial-free\"><div class=\"sp-testimonial-client-image\"><img loading=\"lazy\" decoding=\"async\" width=\"120\" height=\"120\" src=\"https:\/\/bacanaskincare.com\/wp-content\/uploads\/2023\/09\/Bruna-Andrade-120x120.webp\" class=\"tfree-client-image wp-post-image\" alt=\"\" \/><\/div><div class=\"sp-testimonial-title\"><h3 class=\"sp-testimonial-post-title\">Bruna Andrade<\/h3><\/div><div class=\"sp-testimonial-client-testimonial\"><div class=\"sp-testimonial-content\"><p>Die Kosmetika von Bacana sind wirksam, mit sauberen, bewussten und gesunden Inhaltsstoffen f\u00fcr die menschliche Haut und die Umwelt. Ich empfehle es allen meinen Patienten in Europa, und wir erhalten gro\u00dfartige Ergebnisse in Bezug auf Geruch, Textur, Gef\u00fchl und Reduzierung von Unannehmlichkeiten wie Hautunreinheiten, Rosazea, empfindliche Haut, Austrocknung, trockenes Haar und Frizz. Danke, dass Sie hier sind, Bacana!<\/p><\/div><\/div><h4 class=\"sp-testimonial-client-name\">Bruna Andrade<\/h4><div class=\"sp-testimonial-client-rating\"><i class=\"fa fa-star\" aria-hidden=\"true\"><\/i><i class=\"fa fa-star\" aria-hidden=\"true\"><\/i><i class=\"fa fa-star\" aria-hidden=\"true\"><\/i><i class=\"fa fa-star\" aria-hidden=\"true\"><\/i><i class=\"fa fa-star\" aria-hidden=\"true\"><\/i><\/div> <div class=\"sp-testimonial-client-designation\">Kosmetikerin<\/div><\/div> <\/div> <div class=\"sp-testimonial-item swiper-slide\"><div class=\"sp-testimonial-free\"><div class=\"sp-testimonial-client-image\"><img loading=\"lazy\" decoding=\"async\" width=\"120\" height=\"120\" src=\"https:\/\/bacanaskincare.com\/wp-content\/uploads\/2023\/09\/dr-lidia-poppe-120x120.webp\" class=\"tfree-client-image wp-post-image\" alt=\"\" \/><\/div><div class=\"sp-testimonial-title\"><h3 class=\"sp-testimonial-post-title\">Dr. Lidia Poppe<\/h3><\/div><div class=\"sp-testimonial-client-testimonial\"><div class=\"sp-testimonial-content\"><p>Bacana Skincare bietet wissenschaftlich fundierte, nachhaltige Produkte mit einer sehr angenehmen Galenik! Sie geh\u00f6ren zu meinem t\u00e4glichen Empfehlungsarsenal, sowohl f\u00fcr Patienten als auch f\u00fcr Freunde! Sorgfalt und Liebe zum Detail sind hier oberstes Gebot! Definitiv eine meiner liebsten Hautpflegemarken!<\/p><\/div><\/div><h4 class=\"sp-testimonial-client-name\">Dr. Lidia Poppe<\/h4><div class=\"sp-testimonial-client-rating\"><i class=\"fa fa-star\" aria-hidden=\"true\"><\/i><i class=\"fa fa-star\" aria-hidden=\"true\"><\/i><i class=\"fa fa-star\" aria-hidden=\"true\"><\/i><i class=\"fa fa-star\" aria-hidden=\"true\"><\/i><i class=\"fa fa-star\" aria-hidden=\"true\"><\/i><\/div> <div class=\"sp-testimonial-client-designation\">Dermatologe in der Hautarztpraxis<\/div><\/div> <\/div> <\/div><div class=\"swiper-button-prev testimonial-nav-arrow vertical_outer\"><i class=\"fa fa-angle-left\"><\/i><\/div><div class=\"swiper-button-next testimonial-nav-arrow vertical_outer\"><i class=\"fa fa-angle-right\"><\/i><\/div><\/div><\/div>\n<p>[\/vc_column_text][\/vc_column][vc_column width=&#8220;1\/6&#8243; offset=&#8220;vc_hidden-sm vc_hidden-xs&#8220;][\/vc_column][\/vc_row]<\/p>\n<\/div>","protected":false},"excerpt":{"rendered":"<p>[vc_row][vc_column offset=&#8220;vc_hidden-xs&#8220;][vc_single_image image=&#8220;25921&#8243; img_size=&#8220;full&#8220; alignment=&#8220;center&#8220; onclick=&#8220;custom_link&#8220; css=&#8220;&#8220; link=&#8220;https:\/\/bacanaskincare.com\/fr\/product\/serum-vitamin-c-10\/&#8220;][\/vc_column][\/vc_row][vc_row][vc_column offset=&#8220;vc_hidden-lg vc_hidden-md vc_hidden-sm&#8220;][vc_single_image image=&#8220;25926&#8243; img_size=&#8220;full&#8220; alignment=&#8220;center&#8220; onclick=&#8220;custom_link&#8220; css=&#8220;&#8220; link=&#8220;https:\/\/bacanaskincare.com\/fr\/product\/serum-vitamin-c-10\/&#8220;][vc_btn title=&#8220;Shop&#8220; color=&#8220;info&#8220; align=&#8220;center&#8220; i_icon_fontawesome=&#8220;fas fa-shopping-bag&#8220; css=&#8220;&#8220; button_block=&#8220;true&#8220; add_icon=&#8220;true&#8220; link=&#8220;url:https%3A%2F%2Fbacanaskincare.com%2Fshop%2F|&#8220;][\/vc_column][\/vc_row][vc_row css=&#8220;.vc_custom_1737894548772{margin-top: 50px !important;}&#8220;][vc_column width=&#8220;1\/6&#8243; css=&#8220;.vc_custom_1737890487226{margin-bottom: 50px !important;}&#8220; offset=&#8220;vc_hidden-xs&#8220;][vc_single_image image=&#8220;24352&#8243; img_size=&#8220;100&#215;100&#8243; add_caption=&#8220;yes&#8220; alignment=&#8220;center&#8220;][\/vc_column][vc_column width=&#8220;1\/6&#8243; offset=&#8220;vc_hidden-xs&#8220;][vc_single_image image=&#8220;24340&#8243; img_size=&#8220;100&#215;100&#8243; add_caption=&#8220;yes&#8220; alignment=&#8220;center&#8220;][\/vc_column][vc_column width=&#8220;1\/6&#8243; offset=&#8220;vc_hidden-xs&#8220;][vc_single_image image=&#8220;24356&#8243; img_size=&#8220;100&#215;100&#8243; add_caption=&#8220;yes&#8220; alignment=&#8220;center&#8220;][\/vc_column][vc_column width=&#8220;1\/6&#8243; offset=&#8220;vc_hidden-xs&#8220;][vc_single_image image=&#8220;25563&#8243; img_size=&#8220;100&#215;100&#8243; add_caption=&#8220;yes&#8220; [&hellip;]<\/p>\n","protected":false},"author":1,"featured_media":0,"parent":0,"menu_order":0,"comment_status":"closed","ping_status":"closed","template":"","meta":{"ocean_post_layout":"","ocean_both_sidebars_style":"","ocean_both_sidebars_content_width":0,"ocean_both_sidebars_sidebars_width":0,"ocean_sidebar":"0","ocean_second_sidebar":"0","ocean_disable_margins":"enable","ocean_add_body_class":"","ocean_shortcode_before_top_bar":"","ocean_shortcode_after_top_bar":"","ocean_shortcode_before_header":"","ocean_shortcode_after_header":"","ocean_has_shortcode":"","ocean_shortcode_after_title":"","ocean_shortcode_before_footer_widgets":"","ocean_shortcode_after_footer_widgets":"","ocean_shortcode_before_footer_bottom":"","ocean_shortcode_after_footer_bottom":"","ocean_display_top_bar":"default","ocean_display_header":"default","ocean_header_style":"","ocean_center_header_left_menu":"0","ocean_custom_header_template":"0","ocean_custom_logo":0,"ocean_custom_retina_logo":0,"ocean_custom_logo_max_width":0,"ocean_custom_logo_tablet_max_width":0,"ocean_custom_logo_mobile_max_width":0,"ocean_custom_logo_max_height":0,"ocean_custom_logo_tablet_max_height":0,"ocean_custom_logo_mobile_max_height":0,"ocean_header_custom_menu":"0","ocean_menu_typo_font_family":"0","ocean_menu_typo_font_subset":"","ocean_menu_typo_font_size":0,"ocean_menu_typo_font_size_tablet":0,"ocean_menu_typo_font_size_mobile":0,"ocean_menu_typo_font_size_unit":"px","ocean_menu_typo_font_weight":"","ocean_menu_typo_font_weight_tablet":"","ocean_menu_typo_font_weight_mobile":"","ocean_menu_typo_transform":"","ocean_menu_typo_transform_tablet":"","ocean_menu_typo_transform_mobile":"","ocean_menu_typo_line_height":0,"ocean_menu_typo_line_height_tablet":0,"ocean_menu_typo_line_height_mobile":0,"ocean_menu_typo_line_height_unit":"","ocean_menu_typo_spacing":0,"ocean_menu_typo_spacing_tablet":0,"ocean_menu_typo_spacing_mobile":0,"ocean_menu_typo_spacing_unit":"","ocean_menu_link_color":"","ocean_menu_link_color_hover":"","ocean_menu_link_color_active":"","ocean_menu_link_background":"","ocean_menu_link_hover_background":"","ocean_menu_link_active_background":"","ocean_menu_social_links_bg":"","ocean_menu_social_hover_links_bg":"","ocean_menu_social_links_color":"","ocean_menu_social_hover_links_color":"","ocean_disable_title":"default","ocean_disable_heading":"default","ocean_post_title":"","ocean_post_subheading":"","ocean_post_title_style":"","ocean_post_title_background_color":"","ocean_post_title_background":0,"ocean_post_title_bg_image_position":"","ocean_post_title_bg_image_attachment":"","ocean_post_title_bg_image_repeat":"","ocean_post_title_bg_image_size":"","ocean_post_title_height":0,"ocean_post_title_bg_overlay":0.5,"ocean_post_title_bg_overlay_color":"","ocean_disable_breadcrumbs":"default","ocean_breadcrumbs_color":"","ocean_breadcrumbs_separator_color":"","ocean_breadcrumbs_links_color":"","ocean_breadcrumbs_links_hover_color":"","ocean_display_footer_widgets":"default","ocean_display_footer_bottom":"default","ocean_custom_footer_template":"0","iawp_total_views":307,"footnotes":""},"class_list":["post-25223","page","type-page","status-publish","hentry","entry","has-media","owp-thumbs-layout-horizontal","owp-btn-normal","owp-tabs-layout-horizontal","has-no-thumbnails","has-product-nav","circle-sale"],"yoast_head":"<!-- This site is optimized with the Yoast SEO plugin v27.3 - https:\/\/yoast.com\/product\/yoast-seo-wordpress\/ -->\n<title>Bacana Skincare<\/title>\n<meta name=\"description\" content=\"Nat\u00fcrliche und wirksame Kosmetik f\u00fcr alle Hauttypen. Handgemacht in Frankreich mit hochwertigen Inhaltsstoffen.\" \/>\n<meta name=\"robots\" content=\"index, follow, max-snippet:-1, max-image-preview:large, max-video-preview:-1\" \/>\n<link rel=\"canonical\" href=\"https:\/\/bacanaskincare.com\/de\/\" \/>\n<meta property=\"og:locale\" content=\"de_DE\" \/>\n<meta property=\"og:type\" content=\"article\" \/>\n<meta property=\"og:title\" content=\"Bacana Skincare\" \/>\n<meta property=\"og:description\" content=\"Nat\u00fcrliche und wirksame Kosmetik f\u00fcr alle Hauttypen. Handgemacht in Frankreich mit hochwertigen Inhaltsstoffen.\" \/>\n<meta property=\"og:url\" content=\"https:\/\/bacanaskincare.com\/de\/\" \/>\n<meta property=\"og:site_name\" content=\"Bacana Skincare\" \/>\n<meta property=\"article:publisher\" content=\"https:\/\/www.facebook.com\/bacanaskincare-106988470647315\/\" \/>\n<meta property=\"article:modified_time\" content=\"2025-03-15T21:23:59+00:00\" \/>\n<meta name=\"twitter:card\" content=\"summary_large_image\" \/>\n<meta name=\"twitter:label1\" content=\"Gesch\u00e4tzte Lesezeit\" \/>\n\t<meta name=\"twitter:data1\" content=\"3\u00a0Minuten\" \/>\n<script type=\"application\/ld+json\" class=\"yoast-schema-graph\">{\"@context\":\"https:\\\/\\\/schema.org\",\"@graph\":[{\"@type\":\"WebPage\",\"@id\":\"https:\\\/\\\/bacanaskincare.com\\\/de\\\/\",\"url\":\"https:\\\/\\\/bacanaskincare.com\\\/de\\\/\",\"name\":\"Bacana Skincare\",\"isPartOf\":{\"@id\":\"https:\\\/\\\/bacanaskincare.com\\\/de\\\/#website\"},\"datePublished\":\"2025-01-27T20:02:43+00:00\",\"dateModified\":\"2025-03-15T21:23:59+00:00\",\"description\":\"Nat\u00fcrliche und wirksame Kosmetik f\u00fcr alle Hauttypen. Handgemacht in Frankreich mit hochwertigen Inhaltsstoffen.\",\"inLanguage\":\"de\",\"potentialAction\":[{\"@type\":\"ReadAction\",\"target\":[\"https:\\\/\\\/bacanaskincare.com\\\/de\\\/\"]}]},{\"@type\":\"WebSite\",\"@id\":\"https:\\\/\\\/bacanaskincare.com\\\/de\\\/#website\",\"url\":\"https:\\\/\\\/bacanaskincare.com\\\/de\\\/\",\"name\":\"Bacana Skincare\",\"description\":\"Nat\u00fcrliche Hautpflege mit tropischen Superfr\u00fcchten\",\"publisher\":{\"@id\":\"https:\\\/\\\/bacanaskincare.com\\\/de\\\/#organization\"},\"potentialAction\":[{\"@type\":\"SearchAction\",\"target\":{\"@type\":\"EntryPoint\",\"urlTemplate\":\"https:\\\/\\\/bacanaskincare.com\\\/de\\\/?s={search_term_string}\"},\"query-input\":{\"@type\":\"PropertyValueSpecification\",\"valueRequired\":true,\"valueName\":\"search_term_string\"}}],\"inLanguage\":\"de\"},{\"@type\":\"Organization\",\"@id\":\"https:\\\/\\\/bacanaskincare.com\\\/de\\\/#organization\",\"name\":\"Bacana Skincare\",\"url\":\"https:\\\/\\\/bacanaskincare.com\\\/de\\\/\",\"logo\":{\"@type\":\"ImageObject\",\"inLanguage\":\"de\",\"@id\":\"https:\\\/\\\/bacanaskincare.com\\\/de\\\/#\\\/schema\\\/logo\\\/image\\\/\",\"url\":\"https:\\\/\\\/bacanaskincare.com\\\/wp-content\\\/uploads\\\/2019\\\/09\\\/u.png\",\"contentUrl\":\"https:\\\/\\\/bacanaskincare.com\\\/wp-content\\\/uploads\\\/2019\\\/09\\\/u.png\",\"width\":834,\"height\":226,\"caption\":\"Bacana Skincare\"},\"image\":{\"@id\":\"https:\\\/\\\/bacanaskincare.com\\\/de\\\/#\\\/schema\\\/logo\\\/image\\\/\"},\"sameAs\":[\"https:\\\/\\\/www.facebook.com\\\/bacanaskincare-106988470647315\\\/\",\"https:\\\/\\\/www.instagram.com\\\/bacanaskincare\\\/?hl=en\",\"https:\\\/\\\/br.pinterest.com\\\/d0fd9db15f94c64465fab43d03b69a\\\/\"]}]}<\/script>\n<!-- \/ Yoast SEO plugin. -->","yoast_head_json":{"title":"Bacana Skincare","description":"Nat\u00fcrliche und wirksame Kosmetik f\u00fcr alle Hauttypen. Handgemacht in Frankreich mit hochwertigen Inhaltsstoffen.","robots":{"index":"index","follow":"follow","max-snippet":"max-snippet:-1","max-image-preview":"max-image-preview:large","max-video-preview":"max-video-preview:-1"},"canonical":"https:\/\/bacanaskincare.com\/de\/","og_locale":"de_DE","og_type":"article","og_title":"Bacana Skincare","og_description":"Nat\u00fcrliche und wirksame Kosmetik f\u00fcr alle Hauttypen. Handgemacht in Frankreich mit hochwertigen Inhaltsstoffen.","og_url":"https:\/\/bacanaskincare.com\/de\/","og_site_name":"Bacana Skincare","article_publisher":"https:\/\/www.facebook.com\/bacanaskincare-106988470647315\/","article_modified_time":"2025-03-15T21:23:59+00:00","twitter_card":"summary_large_image","twitter_misc":{"Gesch\u00e4tzte Lesezeit":"3\u00a0Minuten"},"schema":{"@context":"https:\/\/schema.org","@graph":[{"@type":"WebPage","@id":"https:\/\/bacanaskincare.com\/de\/","url":"https:\/\/bacanaskincare.com\/de\/","name":"Bacana Skincare","isPartOf":{"@id":"https:\/\/bacanaskincare.com\/de\/#website"},"datePublished":"2025-01-27T20:02:43+00:00","dateModified":"2025-03-15T21:23:59+00:00","description":"Nat\u00fcrliche und wirksame Kosmetik f\u00fcr alle Hauttypen. Handgemacht in Frankreich mit hochwertigen Inhaltsstoffen.","inLanguage":"de","potentialAction":[{"@type":"ReadAction","target":["https:\/\/bacanaskincare.com\/de\/"]}]},{"@type":"WebSite","@id":"https:\/\/bacanaskincare.com\/de\/#website","url":"https:\/\/bacanaskincare.com\/de\/","name":"Bacana Skincare","description":"Nat\u00fcrliche Hautpflege mit tropischen Superfr\u00fcchten","publisher":{"@id":"https:\/\/bacanaskincare.com\/de\/#organization"},"potentialAction":[{"@type":"SearchAction","target":{"@type":"EntryPoint","urlTemplate":"https:\/\/bacanaskincare.com\/de\/?s={search_term_string}"},"query-input":{"@type":"PropertyValueSpecification","valueRequired":true,"valueName":"search_term_string"}}],"inLanguage":"de"},{"@type":"Organization","@id":"https:\/\/bacanaskincare.com\/de\/#organization","name":"Bacana Skincare","url":"https:\/\/bacanaskincare.com\/de\/","logo":{"@type":"ImageObject","inLanguage":"de","@id":"https:\/\/bacanaskincare.com\/de\/#\/schema\/logo\/image\/","url":"https:\/\/bacanaskincare.com\/wp-content\/uploads\/2019\/09\/u.png","contentUrl":"https:\/\/bacanaskincare.com\/wp-content\/uploads\/2019\/09\/u.png","width":834,"height":226,"caption":"Bacana Skincare"},"image":{"@id":"https:\/\/bacanaskincare.com\/de\/#\/schema\/logo\/image\/"},"sameAs":["https:\/\/www.facebook.com\/bacanaskincare-106988470647315\/","https:\/\/www.instagram.com\/bacanaskincare\/?hl=en","https:\/\/br.pinterest.com\/d0fd9db15f94c64465fab43d03b69a\/"]}]}},"_links":{"self":[{"href":"https:\/\/bacanaskincare.com\/de\/wp-json\/wp\/v2\/pages\/25223","targetHints":{"allow":["GET"]}}],"collection":[{"href":"https:\/\/bacanaskincare.com\/de\/wp-json\/wp\/v2\/pages"}],"about":[{"href":"https:\/\/bacanaskincare.com\/de\/wp-json\/wp\/v2\/types\/page"}],"author":[{"embeddable":true,"href":"https:\/\/bacanaskincare.com\/de\/wp-json\/wp\/v2\/users\/1"}],"replies":[{"embeddable":true,"href":"https:\/\/bacanaskincare.com\/de\/wp-json\/wp\/v2\/comments?post=25223"}],"version-history":[{"count":0,"href":"https:\/\/bacanaskincare.com\/de\/wp-json\/wp\/v2\/pages\/25223\/revisions"}],"wp:attachment":[{"href":"https:\/\/bacanaskincare.com\/de\/wp-json\/wp\/v2\/media?parent=25223"}],"curies":[{"name":"wp","href":"https:\/\/api.w.org\/{rel}","templated":true}]}}